{"id":89666,"date":"2026-02-26T09:26:41","date_gmt":"2026-02-26T07:26:41","guid":{"rendered":"https:\/\/kidsplay.lt\/produktas\/viga-medinis-delione-pamaitink-gyvuna-ka-eda-gyvunai\/"},"modified":"2026-03-23T08:53:24","modified_gmt":"2026-03-23T06:53:24","slug":"viga-medinis-delione-pamaitink-gyvuna-ka-eda-gyvunai","status":"publish","type":"product","link":"https:\/\/kidsplay.lt\/lv\/products\/viga-medinis-delione-pamaitink-gyvuna-ka-eda-gyvunai\/","title":{"rendered":"VIGA medinis d\u0117lion\u0117 \u201ePamaitink gyv\u016bn\u0105\u201c: k\u0105 \u0117da gyv\u016bnai"},"content":{"rendered":"<p>D\u0117lion\u0117s, arba \u012fvairi\u0173 tip\u0173 d\u0117lion\u0117s, yra vieni m\u0117gstamiausi\u0173 vaik\u0173 ir t\u0117v\u0173 \u017eaisl\u0173. Vaikai ne tik smagiai d\u0117lioja paveiksl\u0117lius, bet ir su\u017eino pagrindin\u0119 informacij\u0105 apie gyv\u016bnus ir maist\u0105. Jie taip pat su\u017eino, kaip veikia gamtin\u0117 aplinka.<\/p>\n<p>Rakstur\u012bgs:<\/p>\n<p> \t&#8211; rinkin\u012f sudaro\u00a0\u00a024 mediniai elementai\u00a0\u00a0su \u012fvairi\u0173 gyv\u016bn\u0173 ir maisto atvaizdais,<br \/>\n \t&#8211; vaiko u\u017eduotis \u2013 susieti gyv\u016bnus su tuo, k\u0105 jie m\u0117gsta valgyti,<br \/>\n \t&#8211; T\u0117vai gali \u017eaisti su savo vaiku u\u017eduodami klausimus: K\u0105 m\u0117gsta \u0117sti arklys? K\u0105 m\u0117gsta \u0117sti pel\u0117?<br \/>\n \t&#8211; visas daiktas pagamintas i\u0161 med\u017eio, da\u017eytas netoksi\u0161kais, ry\u0161ki\u0173 spalv\u0173 da\u017eais, kurie pritrauks vaiko d\u0117mes\u012f ir skatins j\u012f \u017eaisti.<\/p>\n<p>Rota\u013clieta att\u012bst\u0101s:\u00a0<\/p>\n<p> \t&#8211; geb\u0117jimas logi\u0161kai m\u0105styti,<br \/>\n \t&#8211; vaizduot\u0117,<br \/>\n \t&#8211; aki\u0173 ir rank\u0173 koordinacija,<br \/>\n \t&#8211; motoriniai \u012fg\u016bd\u017eiai.<\/p>\n<p>\u201eViga\u201c\u00a0\u00a0\u2013 tai prek\u0117s \u017eenklas, \u012fregistruotas 2003 m. ir jau atstovaujamas daugiau nei 60 pasaulio \u0161ali\u0173. J\u0173 novatori\u0161kos id\u0117jos peln\u0117 pripa\u017einim\u0105 Europoje, JAV, Australijoje, Japonijoje ir kitose \u0161alyse. \u012emon\u0117s \u012fk\u016br\u0117jai atkreip\u0117 d\u0117mes\u012f \u012f tyrim\u0173 rezultatus, \u012frodan\u010dius ry\u0161\u012f tarp \u017eaidimo ir mokymosi ankstyvaisiais vaik\u0173 raidos metais. Siekdamas pad\u0117ti t\u0117vams ir \u0161vietimo \u012fstaigoms auginti vaikus ir apsaugoti juos nuo virtualaus pasaulio, kuris gali gerokai i\u0161kreipti realyb\u0119, gamintojas si\u016blo novatori\u0161k\u0105 gamini\u0173 asortiment\u0105, pagamint\u0105 i\u0161 nat\u016brali\u0173 med\u017eiag\u0173, gaut\u0173 taikant ekologi\u0161kus gamybos procesus. Medini\u0173 gamini\u0173 saugumas ir kokyb\u0117 yra \u201eViga\u201c prioritetas, tod\u0117l gamintojas u\u017etikrina, kad j\u0173 \u017eaislams da\u017eyti naudojami da\u017eai atitikt\u0173 EN71 ir ASTM saugos standartus.<\/p>","protected":false},"excerpt":{"rendered":"<p>D\u0117lion\u0117s, arba \u012fvairi\u0173 tip\u0173 d\u0117lion\u0117s, yra vieni m\u0117gstamiausi\u0173 vaik\u0173 ir t\u0117v\u0173 \u017eaisl\u0173. Vaikai ne tik smagiai d\u0117lioja paveiksl\u0117lius, bet ir<\/p>","protected":false},"featured_media":82168,"template":"","meta":{"_acf_changed":false,"_glsr_average":0,"_glsr_ranking":0,"_glsr_reviews":0},"product_brand":[],"product_cat":[397,883],"product_tag":[],"class_list":{"0":"post-89666","1":"product","2":"type-product","3":"status-publish","4":"has-post-thumbnail","6":"product_cat-medines-deliones-mediniai-zaislai","7":"product_cat-mediniai-zaislai-2","8":"\"style=\"background-color: #2ecc711c;\"","10":"first","11":"outofstock","12":"purchasable","13":"product-type-simple"},"acf":[],"yoast_head":"<!-- This site is optimized with the Yoast SEO plugin v27.3 - https:\/\/yoast.com\/product\/yoast-seo-wordpress\/ -->\n<title>VIGA medinis d\u0117lion\u0117 \u201ePamaitink gyv\u016bn\u0105\u201c: k\u0105 \u0117da gyv\u016bnai<\/title>\n<meta name=\"description\" content=\"VIGA medinis d\u0117lion\u0117 \u201ePamaitink gyv\u016bn\u0105\u201c: k\u0105 \u0117da gyv\u016bnai - KidsPlay. Did\u017eiausias vaik\u0173 \u017eaisl\u0173 pasirinkimas.\" \/>\n<meta name=\"robots\" content=\"index, follow, max-snippet:-1, max-image-preview:large, max-video-preview:-1\" \/>\n<link rel=\"canonical\" href=\"https:\/\/kidsplay.lt\/lv\/products\/viga-medinis-delione-pamaitink-gyvuna-ka-eda-gyvunai\/\" \/>\n<meta property=\"og:locale\" content=\"lv_LV\" \/>\n<meta property=\"og:type\" content=\"article\" \/>\n<meta property=\"og:title\" content=\"VIGA medinis d\u0117lion\u0117 \u201ePamaitink gyv\u016bn\u0105\u201c: k\u0105 \u0117da gyv\u016bnai\" \/>\n<meta property=\"og:description\" content=\"VIGA medinis d\u0117lion\u0117 \u201ePamaitink gyv\u016bn\u0105\u201c: k\u0105 \u0117da gyv\u016bnai - KidsPlay. Did\u017eiausias vaik\u0173 \u017eaisl\u0173 pasirinkimas.\" \/>\n<meta property=\"og:url\" content=\"https:\/\/kidsplay.lt\/lv\/products\/viga-medinis-delione-pamaitink-gyvuna-ka-eda-gyvunai\/\" \/>\n<meta property=\"og:site_name\" content=\"KidsPlay\" \/>\n<meta property=\"article:publisher\" content=\"https:\/\/www.facebook.com\/www.kidsplay.lt\" \/>\n<meta property=\"article:modified_time\" content=\"2026-03-23T06:53:24+00:00\" \/>\n<meta property=\"og:image\" content=\"https:\/\/kidsplay.lt\/wp-content\/uploads\/2025\/12\/VIGA-medinis-delione-\u201ePamaitink-gyvuna-ka-eda-gyvunai.jpg\" \/>\n\t<meta property=\"og:image:width\" content=\"2560\" \/>\n\t<meta property=\"og:image:height\" content=\"2560\" \/>\n\t<meta property=\"og:image:type\" content=\"image\/jpeg\" \/>\n<meta name=\"twitter:card\" content=\"summary_large_image\" \/>\n<meta name=\"twitter:label1\" content=\"Est. reading time\" \/>\n\t<meta name=\"twitter:data1\" content=\"1 min\u016bte\" \/>\n<script type=\"application\/ld+json\" class=\"yoast-schema-graph\">{\"@context\":\"https:\\\/\\\/schema.org\",\"@graph\":[{\"@type\":\"WebPage\",\"@id\":\"https:\\\/\\\/kidsplay.lt\\\/produktas\\\/viga-medinis-delione-pamaitink-gyvuna-ka-eda-gyvunai\\\/\",\"url\":\"https:\\\/\\\/kidsplay.lt\\\/produktas\\\/viga-medinis-delione-pamaitink-gyvuna-ka-eda-gyvunai\\\/\",\"name\":\"VIGA medinis d\u0117lion\u0117 \u201ePamaitink gyv\u016bn\u0105\u201c: k\u0105 \u0117da gyv\u016bnai\",\"isPartOf\":{\"@id\":\"https:\\\/\\\/kidsplay.lt\\\/#website\"},\"primaryImageOfPage\":{\"@id\":\"https:\\\/\\\/kidsplay.lt\\\/produktas\\\/viga-medinis-delione-pamaitink-gyvuna-ka-eda-gyvunai\\\/#primaryimage\"},\"image\":{\"@id\":\"https:\\\/\\\/kidsplay.lt\\\/produktas\\\/viga-medinis-delione-pamaitink-gyvuna-ka-eda-gyvunai\\\/#primaryimage\"},\"thumbnailUrl\":\"https:\\\/\\\/kidsplay.lt\\\/wp-content\\\/uploads\\\/2025\\\/12\\\/VIGA-medinis-delione-\u201ePamaitink-gyvuna-ka-eda-gyvunai.jpg\",\"datePublished\":\"2026-02-26T07:26:41+00:00\",\"dateModified\":\"2026-03-23T06:53:24+00:00\",\"description\":\"VIGA medinis d\u0117lion\u0117 \u201ePamaitink gyv\u016bn\u0105\u201c: k\u0105 \u0117da gyv\u016bnai - KidsPlay. Did\u017eiausias vaik\u0173 \u017eaisl\u0173 pasirinkimas.\",\"breadcrumb\":{\"@id\":\"https:\\\/\\\/kidsplay.lt\\\/produktas\\\/viga-medinis-delione-pamaitink-gyvuna-ka-eda-gyvunai\\\/#breadcrumb\"},\"inLanguage\":\"lv-LV\",\"potentialAction\":[{\"@type\":\"ReadAction\",\"target\":[\"https:\\\/\\\/kidsplay.lt\\\/produktas\\\/viga-medinis-delione-pamaitink-gyvuna-ka-eda-gyvunai\\\/\"]}]},{\"@type\":\"ImageObject\",\"inLanguage\":\"lv-LV\",\"@id\":\"https:\\\/\\\/kidsplay.lt\\\/produktas\\\/viga-medinis-delione-pamaitink-gyvuna-ka-eda-gyvunai\\\/#primaryimage\",\"url\":\"https:\\\/\\\/kidsplay.lt\\\/wp-content\\\/uploads\\\/2025\\\/12\\\/VIGA-medinis-delione-\u201ePamaitink-gyvuna-ka-eda-gyvunai.jpg\",\"contentUrl\":\"https:\\\/\\\/kidsplay.lt\\\/wp-content\\\/uploads\\\/2025\\\/12\\\/VIGA-medinis-delione-\u201ePamaitink-gyvuna-ka-eda-gyvunai.jpg\",\"width\":2560,\"height\":2560,\"caption\":\"VIGA medinis d\u0117lion\u0117 \u201ePamaitink gyv\u016bn\u0105\u201c: k\u0105 \u0117da gyv\u016bnai\"},{\"@type\":\"BreadcrumbList\",\"@id\":\"https:\\\/\\\/kidsplay.lt\\\/produktas\\\/viga-medinis-delione-pamaitink-gyvuna-ka-eda-gyvunai\\\/#breadcrumb\",\"itemListElement\":[{\"@type\":\"ListItem\",\"position\":1,\"name\":\"Pagrindinis\",\"item\":\"https:\\\/\\\/kidsplay.lt\\\/\"},{\"@type\":\"ListItem\",\"position\":2,\"name\":\"Parduotuv\u0117\",\"item\":\"https:\\\/\\\/kidsplay.lt\\\/parduotuve\\\/\"},{\"@type\":\"ListItem\",\"position\":3,\"name\":\"VIGA medinis d\u0117lion\u0117 \u201ePamaitink gyv\u016bn\u0105\u201c: k\u0105 \u0117da gyv\u016bnai\"}]},{\"@type\":\"WebSite\",\"@id\":\"https:\\\/\\\/kidsplay.lt\\\/#website\",\"url\":\"https:\\\/\\\/kidsplay.lt\\\/\",\"name\":\"Kidsplay.lt\",\"description\":\"\u012evairios prek\u0117s vaikams\",\"publisher\":{\"@id\":\"https:\\\/\\\/kidsplay.lt\\\/#organization\"},\"alternateName\":\"Kidsplay\",\"potentialAction\":[{\"@type\":\"SearchAction\",\"target\":{\"@type\":\"EntryPoint\",\"urlTemplate\":\"https:\\\/\\\/kidsplay.lt\\\/?s={search_term_string}\"},\"query-input\":{\"@type\":\"PropertyValueSpecification\",\"valueRequired\":true,\"valueName\":\"search_term_string\"}}],\"inLanguage\":\"lv-LV\"},{\"@type\":\"Organization\",\"@id\":\"https:\\\/\\\/kidsplay.lt\\\/#organization\",\"name\":\"KidsPlay\",\"url\":\"https:\\\/\\\/kidsplay.lt\\\/\",\"logo\":{\"@type\":\"ImageObject\",\"inLanguage\":\"lv-LV\",\"@id\":\"https:\\\/\\\/kidsplay.lt\\\/#\\\/schema\\\/logo\\\/image\\\/\",\"url\":\"https:\\\/\\\/kidsplay.lt\\\/wp-content\\\/uploads\\\/2023\\\/07\\\/kidsplay-logo.png\",\"contentUrl\":\"https:\\\/\\\/kidsplay.lt\\\/wp-content\\\/uploads\\\/2023\\\/07\\\/kidsplay-logo.png\",\"width\":451,\"height\":98,\"caption\":\"KidsPlay\"},\"image\":{\"@id\":\"https:\\\/\\\/kidsplay.lt\\\/#\\\/schema\\\/logo\\\/image\\\/\"},\"sameAs\":[\"https:\\\/\\\/www.facebook.com\\\/www.kidsplay.lt\"]}]}<\/script>\n<!-- \/ Yoast SEO plugin. -->","yoast_head_json":{"title":"VIGA medinis d\u0117lion\u0117 \u201ePamaitink gyv\u016bn\u0105\u201c: k\u0105 \u0117da gyv\u016bnai","description":"VIGA medinis d\u0117lion\u0117 \u201ePamaitink gyv\u016bn\u0105\u201c: k\u0105 \u0117da gyv\u016bnai - KidsPlay. Did\u017eiausias vaik\u0173 \u017eaisl\u0173 pasirinkimas.","robots":{"index":"index","follow":"follow","max-snippet":"max-snippet:-1","max-image-preview":"max-image-preview:large","max-video-preview":"max-video-preview:-1"},"canonical":"https:\/\/kidsplay.lt\/lv\/products\/viga-medinis-delione-pamaitink-gyvuna-ka-eda-gyvunai\/","og_locale":"lv_LV","og_type":"article","og_title":"VIGA medinis d\u0117lion\u0117 \u201ePamaitink gyv\u016bn\u0105\u201c: k\u0105 \u0117da gyv\u016bnai","og_description":"VIGA medinis d\u0117lion\u0117 \u201ePamaitink gyv\u016bn\u0105\u201c: k\u0105 \u0117da gyv\u016bnai - KidsPlay. Did\u017eiausias vaik\u0173 \u017eaisl\u0173 pasirinkimas.","og_url":"https:\/\/kidsplay.lt\/lv\/products\/viga-medinis-delione-pamaitink-gyvuna-ka-eda-gyvunai\/","og_site_name":"KidsPlay","article_publisher":"https:\/\/www.facebook.com\/www.kidsplay.lt","article_modified_time":"2026-03-23T06:53:24+00:00","og_image":[{"width":2560,"height":2560,"url":"https:\/\/kidsplay.lt\/wp-content\/uploads\/2025\/12\/VIGA-medinis-delione-\u201ePamaitink-gyvuna-ka-eda-gyvunai.jpg","type":"image\/jpeg"}],"twitter_card":"summary_large_image","twitter_misc":{"Est. reading time":"1 min\u016bte"},"schema":{"@context":"https:\/\/schema.org","@graph":[{"@type":"WebPage","@id":"https:\/\/kidsplay.lt\/produktas\/viga-medinis-delione-pamaitink-gyvuna-ka-eda-gyvunai\/","url":"https:\/\/kidsplay.lt\/produktas\/viga-medinis-delione-pamaitink-gyvuna-ka-eda-gyvunai\/","name":"VIGA medinis d\u0117lion\u0117 \u201ePamaitink gyv\u016bn\u0105\u201c: k\u0105 \u0117da gyv\u016bnai","isPartOf":{"@id":"https:\/\/kidsplay.lt\/#website"},"primaryImageOfPage":{"@id":"https:\/\/kidsplay.lt\/produktas\/viga-medinis-delione-pamaitink-gyvuna-ka-eda-gyvunai\/#primaryimage"},"image":{"@id":"https:\/\/kidsplay.lt\/produktas\/viga-medinis-delione-pamaitink-gyvuna-ka-eda-gyvunai\/#primaryimage"},"thumbnailUrl":"https:\/\/kidsplay.lt\/wp-content\/uploads\/2025\/12\/VIGA-medinis-delione-\u201ePamaitink-gyvuna-ka-eda-gyvunai.jpg","datePublished":"2026-02-26T07:26:41+00:00","dateModified":"2026-03-23T06:53:24+00:00","description":"VIGA medinis d\u0117lion\u0117 \u201ePamaitink gyv\u016bn\u0105\u201c: k\u0105 \u0117da gyv\u016bnai - KidsPlay. Did\u017eiausias vaik\u0173 \u017eaisl\u0173 pasirinkimas.","breadcrumb":{"@id":"https:\/\/kidsplay.lt\/produktas\/viga-medinis-delione-pamaitink-gyvuna-ka-eda-gyvunai\/#breadcrumb"},"inLanguage":"lv-LV","potentialAction":[{"@type":"ReadAction","target":["https:\/\/kidsplay.lt\/produktas\/viga-medinis-delione-pamaitink-gyvuna-ka-eda-gyvunai\/"]}]},{"@type":"ImageObject","inLanguage":"lv-LV","@id":"https:\/\/kidsplay.lt\/produktas\/viga-medinis-delione-pamaitink-gyvuna-ka-eda-gyvunai\/#primaryimage","url":"https:\/\/kidsplay.lt\/wp-content\/uploads\/2025\/12\/VIGA-medinis-delione-\u201ePamaitink-gyvuna-ka-eda-gyvunai.jpg","contentUrl":"https:\/\/kidsplay.lt\/wp-content\/uploads\/2025\/12\/VIGA-medinis-delione-\u201ePamaitink-gyvuna-ka-eda-gyvunai.jpg","width":2560,"height":2560,"caption":"VIGA medinis d\u0117lion\u0117 \u201ePamaitink gyv\u016bn\u0105\u201c: k\u0105 \u0117da gyv\u016bnai"},{"@type":"BreadcrumbList","@id":"https:\/\/kidsplay.lt\/produktas\/viga-medinis-delione-pamaitink-gyvuna-ka-eda-gyvunai\/#breadcrumb","itemListElement":[{"@type":"ListItem","position":1,"name":"Pagrindinis","item":"https:\/\/kidsplay.lt\/"},{"@type":"ListItem","position":2,"name":"Parduotuv\u0117","item":"https:\/\/kidsplay.lt\/parduotuve\/"},{"@type":"ListItem","position":3,"name":"VIGA medinis d\u0117lion\u0117 \u201ePamaitink gyv\u016bn\u0105\u201c: k\u0105 \u0117da gyv\u016bnai"}]},{"@type":"WebSite","@id":"https:\/\/kidsplay.lt\/#website","url":"https:\/\/kidsplay.lt\/","name":"B\u0113rnu sp\u0113les.lv","description":"\u012evairios prek\u0117s vaikams","publisher":{"@id":"https:\/\/kidsplay.lt\/#organization"},"alternateName":"Kidsplay","potentialAction":[{"@type":"SearchAction","target":{"@type":"EntryPoint","urlTemplate":"https:\/\/kidsplay.lt\/?s={search_term_string}"},"query-input":{"@type":"PropertyValueSpecification","valueRequired":true,"valueName":"search_term_string"}}],"inLanguage":"lv-LV"},{"@type":"Organization","@id":"https:\/\/kidsplay.lt\/#organization","name":"B\u0113rnu sp\u0113le","url":"https:\/\/kidsplay.lt\/","logo":{"@type":"ImageObject","inLanguage":"lv-LV","@id":"https:\/\/kidsplay.lt\/#\/schema\/logo\/image\/","url":"https:\/\/kidsplay.lt\/wp-content\/uploads\/2023\/07\/kidsplay-logo.png","contentUrl":"https:\/\/kidsplay.lt\/wp-content\/uploads\/2023\/07\/kidsplay-logo.png","width":451,"height":98,"caption":"KidsPlay"},"image":{"@id":"https:\/\/kidsplay.lt\/#\/schema\/logo\/image\/"},"sameAs":["https:\/\/www.facebook.com\/www.kidsplay.lt"]}]}},"_links":{"self":[{"href":"https:\/\/kidsplay.lt\/lv\/wp-json\/wp\/v2\/product\/89666","targetHints":{"allow":["GET"]}}],"collection":[{"href":"https:\/\/kidsplay.lt\/lv\/wp-json\/wp\/v2\/product"}],"about":[{"href":"https:\/\/kidsplay.lt\/lv\/wp-json\/wp\/v2\/types\/product"}],"version-history":[{"count":1,"href":"https:\/\/kidsplay.lt\/lv\/wp-json\/wp\/v2\/product\/89666\/revisions"}],"predecessor-version":[{"id":89667,"href":"https:\/\/kidsplay.lt\/lv\/wp-json\/wp\/v2\/product\/89666\/revisions\/89667"}],"wp:featuredmedia":[{"embeddable":true,"href":"https:\/\/kidsplay.lt\/lv\/wp-json\/wp\/v2\/media\/82168"}],"wp:attachment":[{"href":"https:\/\/kidsplay.lt\/lv\/wp-json\/wp\/v2\/media?parent=89666"}],"wp:term":[{"taxonomy":"product_brand","embeddable":true,"href":"https:\/\/kidsplay.lt\/lv\/wp-json\/wp\/v2\/product_brand?post=89666"},{"taxonomy":"product_cat","embeddable":true,"href":"https:\/\/kidsplay.lt\/lv\/wp-json\/wp\/v2\/product_cat?post=89666"},{"taxonomy":"product_tag","embeddable":true,"href":"https:\/\/kidsplay.lt\/lv\/wp-json\/wp\/v2\/product_tag?post=89666"}],"curies":[{"name":"wp","href":"https:\/\/api.w.org\/{rel}","templated":true}]}}