{"id":89670,"date":"2026-02-26T09:26:46","date_gmt":"2026-02-26T07:26:46","guid":{"rendered":"https:\/\/kidsplay.lt\/produktas\/medines-kaladeles-vaikams-50-vnt\/"},"modified":"2026-04-13T15:03:48","modified_gmt":"2026-04-13T12:03:48","slug":"medines-kaladeles-vaikams-50-vnt","status":"publish","type":"product","link":"https:\/\/kidsplay.lt\/lv\/products\/medines-kaladeles-vaikams-50-vnt\/","title":{"rendered":"Koka kluc\u012b\u0161i b\u0113rniem 50 gab."},"content":{"rendered":"<p>CLASSIC WORLD Wooden Blocks for Children\u00a0\u00a0\u2013 tai rinkinys iki 50 kalad\u0117li\u0173. Rinkinys yra puiki dovanos id\u0117ja ma\u017eajam konstruktoriui. Blokai suteikia begal\u0119 pramog\u0173 ir mokymosi. Jie leid\u017eia lavinti\u00a0\u00a0rankinius \u012fg\u016bd\u017eius\u00a0,\u00a0 erdvin\u0119\u00a0vaizduot\u0119\u00a0\u00a0ir\u00a0\u00a0geb\u0117jim\u0105 kurti pirm\u0105sias strukt\u016bras.\u00a0\u00a0Puiki dovanos id\u0117ja ma\u017eam dizaineriui. Blokai buvo pagaminti galvojant apie ma\u017eas rankas.\u00a0\u00a0D\u0117l a\u0161tri\u0173 kra\u0161t\u0173 tr\u016bkumo\u00a0\u00a0jis yra saugus vaikams. Linksmyb\u0117ms nebus galo!<\/p>\n<p>Raksturojums:<\/p>\n<p> \t&#8211; 50 spalving\u0173 kalad\u0117li\u0173\u00a0rinkinys\u00a0\u00a0\u00a0linksmins vaikus ir suaugusius.<br \/>\n \t&#8211; Medin\u0117s kalad\u0117l\u0117s b\u016bna \u012fvairi\u0173 form\u0173 ir dyd\u017ei\u0173, toki\u0173 kaip trikampiai, sta\u010diakampiai, kubeliai, cilindrai, puslankiai, lankai ir kt.<br \/>\n \t&#8211; Vaikai gali kurti bet kokias konstrukcijas pasitelk\u0119 savo fantazij\u0105.<br \/>\n \t\u2013 \u017daidimas su kalad\u0117l\u0117mis\u00a0\u00a0moko grup\u0117s bendradarbiauti.<br \/>\n \t&#8211; Rinkinys pagamintas i\u0161 klevo medienos su netoksi\u0161kais da\u017eais, kurie yra patvar\u016bs daugel\u012f met\u0173.<\/p>\n<p>\u017daislas vysto:<\/p>\n<p> \t&#8211; geb\u0117jimas atpa\u017einti formas,<br \/>\n \t&#8211; geb\u0117jimas atpa\u017einti spalvas,<br \/>\n \t&#8211; vaizduot\u0117,<br \/>\n \t&#8211; motoriniai \u012fg\u016bd\u017eiai,<br \/>\n \t&#8211; problem\u0173 sprendimo \u012fg\u016bd\u017eiai;<br \/>\n \t&#8211; k\u016brybi\u0161kumas.<\/p>\n<p>Ekologi\u0161ki \u017eaislai\u00a0\u00a0 skirti patiems ma\u017eiausiems vaikams ir yra pagaminti i\u0161 visi\u0161kai nat\u016brali\u0173, biologi\u0161kai skaid\u017ei\u0173 ir hipoalergini\u0173 med\u017eiag\u0173, tod\u0117l yra 100% saug\u016bs ir nekenksmingi ne tik aplinkai, bet ir J\u016bs\u0173 vaikui.<\/p>","protected":false},"excerpt":{"rendered":"<p>CLASSIC WORLD Wooden Blocks for Children\u00a0\u00a0\u2013 tai rinkinys iki 50 kalad\u0117li\u0173. Rinkinys yra puiki dovanos id\u0117ja ma\u017eajam konstruktoriui. Blokai suteikia<\/p>","protected":false},"featured_media":55840,"template":"","meta":{"_acf_changed":false,"_glsr_average":0,"_glsr_ranking":0,"_glsr_reviews":0},"product_brand":[],"product_cat":[409,883],"product_tag":[],"class_list":{"0":"post-89670","1":"product","2":"type-product","3":"status-publish","4":"has-post-thumbnail","6":"product_cat-mediniai-konstruktoriai-mediniai-zaislai","7":"product_cat-mediniai-zaislai-2","8":"\"style=\"background-color: #2ecc711c;\"","10":"first","11":"instock","12":"purchasable","13":"product-type-simple"},"acf":[],"yoast_head":"<!-- This site is optimized with the Yoast SEO plugin v27.3 - https:\/\/yoast.com\/product\/yoast-seo-wordpress\/ -->\n<title>Medin\u0117s kalad\u0117l\u0117s vaikams 50 vnt.<\/title>\n<meta name=\"description\" content=\"Medin\u0117s kalad\u0117l\u0117s vaikams 50 vnt. - KidsPlay. Did\u017eiausias vaik\u0173 \u017eaisl\u0173 pasirinkimas.\" \/>\n<meta name=\"robots\" content=\"index, follow, max-snippet:-1, max-image-preview:large, max-video-preview:-1\" \/>\n<link rel=\"canonical\" href=\"https:\/\/kidsplay.lt\/lv\/products\/medines-kaladeles-vaikams-50-vnt\/\" \/>\n<meta property=\"og:locale\" content=\"lv_LV\" \/>\n<meta property=\"og:type\" content=\"article\" \/>\n<meta property=\"og:title\" content=\"Medin\u0117s kalad\u0117l\u0117s vaikams 50 vnt.\" \/>\n<meta property=\"og:description\" content=\"Medin\u0117s kalad\u0117l\u0117s vaikams 50 vnt. - KidsPlay. Did\u017eiausias vaik\u0173 \u017eaisl\u0173 pasirinkimas.\" \/>\n<meta property=\"og:url\" content=\"https:\/\/kidsplay.lt\/lv\/products\/medines-kaladeles-vaikams-50-vnt\/\" \/>\n<meta property=\"og:site_name\" content=\"KidsPlay\" \/>\n<meta property=\"article:publisher\" content=\"https:\/\/www.facebook.com\/www.kidsplay.lt\" \/>\n<meta property=\"article:modified_time\" content=\"2026-04-13T12:03:48+00:00\" \/>\n<meta property=\"og:image\" content=\"https:\/\/kidsplay.lt\/wp-content\/uploads\/2024\/09\/Medines-kaladeles-vaikams-50-vnt.jpg\" \/>\n\t<meta property=\"og:image:width\" content=\"1000\" \/>\n\t<meta property=\"og:image:height\" content=\"1000\" \/>\n\t<meta property=\"og:image:type\" content=\"image\/jpeg\" \/>\n<meta name=\"twitter:card\" content=\"summary_large_image\" \/>\n<meta name=\"twitter:label1\" content=\"Est. reading time\" \/>\n\t<meta name=\"twitter:data1\" content=\"1 min\u016bte\" \/>\n<script type=\"application\/ld+json\" class=\"yoast-schema-graph\">{\"@context\":\"https:\\\/\\\/schema.org\",\"@graph\":[{\"@type\":\"WebPage\",\"@id\":\"https:\\\/\\\/kidsplay.lt\\\/produktas\\\/medines-kaladeles-vaikams-50-vnt\\\/\",\"url\":\"https:\\\/\\\/kidsplay.lt\\\/produktas\\\/medines-kaladeles-vaikams-50-vnt\\\/\",\"name\":\"Medin\u0117s kalad\u0117l\u0117s vaikams 50 vnt.\",\"isPartOf\":{\"@id\":\"https:\\\/\\\/kidsplay.lt\\\/#website\"},\"primaryImageOfPage\":{\"@id\":\"https:\\\/\\\/kidsplay.lt\\\/produktas\\\/medines-kaladeles-vaikams-50-vnt\\\/#primaryimage\"},\"image\":{\"@id\":\"https:\\\/\\\/kidsplay.lt\\\/produktas\\\/medines-kaladeles-vaikams-50-vnt\\\/#primaryimage\"},\"thumbnailUrl\":\"https:\\\/\\\/kidsplay.lt\\\/wp-content\\\/uploads\\\/2024\\\/09\\\/Medines-kaladeles-vaikams-50-vnt.jpg\",\"datePublished\":\"2026-02-26T07:26:46+00:00\",\"dateModified\":\"2026-04-13T12:03:48+00:00\",\"description\":\"Medin\u0117s kalad\u0117l\u0117s vaikams 50 vnt. - KidsPlay. Did\u017eiausias vaik\u0173 \u017eaisl\u0173 pasirinkimas.\",\"breadcrumb\":{\"@id\":\"https:\\\/\\\/kidsplay.lt\\\/produktas\\\/medines-kaladeles-vaikams-50-vnt\\\/#breadcrumb\"},\"inLanguage\":\"lv-LV\",\"potentialAction\":[{\"@type\":\"ReadAction\",\"target\":[\"https:\\\/\\\/kidsplay.lt\\\/produktas\\\/medines-kaladeles-vaikams-50-vnt\\\/\"]}]},{\"@type\":\"ImageObject\",\"inLanguage\":\"lv-LV\",\"@id\":\"https:\\\/\\\/kidsplay.lt\\\/produktas\\\/medines-kaladeles-vaikams-50-vnt\\\/#primaryimage\",\"url\":\"https:\\\/\\\/kidsplay.lt\\\/wp-content\\\/uploads\\\/2024\\\/09\\\/Medines-kaladeles-vaikams-50-vnt.jpg\",\"contentUrl\":\"https:\\\/\\\/kidsplay.lt\\\/wp-content\\\/uploads\\\/2024\\\/09\\\/Medines-kaladeles-vaikams-50-vnt.jpg\",\"width\":1000,\"height\":1000,\"caption\":\"Medin\u0117s kalad\u0117l\u0117s vaikams 50 vnt.\"},{\"@type\":\"BreadcrumbList\",\"@id\":\"https:\\\/\\\/kidsplay.lt\\\/produktas\\\/medines-kaladeles-vaikams-50-vnt\\\/#breadcrumb\",\"itemListElement\":[{\"@type\":\"ListItem\",\"position\":1,\"name\":\"Pagrindinis\",\"item\":\"https:\\\/\\\/kidsplay.lt\\\/\"},{\"@type\":\"ListItem\",\"position\":2,\"name\":\"Parduotuv\u0117\",\"item\":\"https:\\\/\\\/kidsplay.lt\\\/parduotuve\\\/\"},{\"@type\":\"ListItem\",\"position\":3,\"name\":\"Medin\u0117s kalad\u0117l\u0117s vaikams 50 vnt.\"}]},{\"@type\":\"WebSite\",\"@id\":\"https:\\\/\\\/kidsplay.lt\\\/#website\",\"url\":\"https:\\\/\\\/kidsplay.lt\\\/\",\"name\":\"Kidsplay.lt\",\"description\":\"\u012evairios prek\u0117s vaikams\",\"publisher\":{\"@id\":\"https:\\\/\\\/kidsplay.lt\\\/#organization\"},\"alternateName\":\"Kidsplay\",\"potentialAction\":[{\"@type\":\"SearchAction\",\"target\":{\"@type\":\"EntryPoint\",\"urlTemplate\":\"https:\\\/\\\/kidsplay.lt\\\/?s={search_term_string}\"},\"query-input\":{\"@type\":\"PropertyValueSpecification\",\"valueRequired\":true,\"valueName\":\"search_term_string\"}}],\"inLanguage\":\"lv-LV\"},{\"@type\":\"Organization\",\"@id\":\"https:\\\/\\\/kidsplay.lt\\\/#organization\",\"name\":\"KidsPlay\",\"url\":\"https:\\\/\\\/kidsplay.lt\\\/\",\"logo\":{\"@type\":\"ImageObject\",\"inLanguage\":\"lv-LV\",\"@id\":\"https:\\\/\\\/kidsplay.lt\\\/#\\\/schema\\\/logo\\\/image\\\/\",\"url\":\"https:\\\/\\\/kidsplay.lt\\\/wp-content\\\/uploads\\\/2023\\\/07\\\/kidsplay-logo.png\",\"contentUrl\":\"https:\\\/\\\/kidsplay.lt\\\/wp-content\\\/uploads\\\/2023\\\/07\\\/kidsplay-logo.png\",\"width\":451,\"height\":98,\"caption\":\"KidsPlay\"},\"image\":{\"@id\":\"https:\\\/\\\/kidsplay.lt\\\/#\\\/schema\\\/logo\\\/image\\\/\"},\"sameAs\":[\"https:\\\/\\\/www.facebook.com\\\/www.kidsplay.lt\"]}]}<\/script>\n<!-- \/ Yoast SEO plugin. -->","yoast_head_json":{"title":"Koka kluc\u012b\u0161i b\u0113rniem 50 gab.","description":"Medin\u0117s kalad\u0117l\u0117s vaikams 50 vnt. - KidsPlay. Did\u017eiausias vaik\u0173 \u017eaisl\u0173 pasirinkimas.","robots":{"index":"index","follow":"follow","max-snippet":"max-snippet:-1","max-image-preview":"max-image-preview:large","max-video-preview":"max-video-preview:-1"},"canonical":"https:\/\/kidsplay.lt\/lv\/products\/medines-kaladeles-vaikams-50-vnt\/","og_locale":"lv_LV","og_type":"article","og_title":"Medin\u0117s kalad\u0117l\u0117s vaikams 50 vnt.","og_description":"Medin\u0117s kalad\u0117l\u0117s vaikams 50 vnt. - KidsPlay. Did\u017eiausias vaik\u0173 \u017eaisl\u0173 pasirinkimas.","og_url":"https:\/\/kidsplay.lt\/lv\/products\/medines-kaladeles-vaikams-50-vnt\/","og_site_name":"KidsPlay","article_publisher":"https:\/\/www.facebook.com\/www.kidsplay.lt","article_modified_time":"2026-04-13T12:03:48+00:00","og_image":[{"width":1000,"height":1000,"url":"https:\/\/kidsplay.lt\/wp-content\/uploads\/2024\/09\/Medines-kaladeles-vaikams-50-vnt.jpg","type":"image\/jpeg"}],"twitter_card":"summary_large_image","twitter_misc":{"Est. reading time":"1 min\u016bte"},"schema":{"@context":"https:\/\/schema.org","@graph":[{"@type":"WebPage","@id":"https:\/\/kidsplay.lt\/produktas\/medines-kaladeles-vaikams-50-vnt\/","url":"https:\/\/kidsplay.lt\/produktas\/medines-kaladeles-vaikams-50-vnt\/","name":"Koka kluc\u012b\u0161i b\u0113rniem 50 gab.","isPartOf":{"@id":"https:\/\/kidsplay.lt\/#website"},"primaryImageOfPage":{"@id":"https:\/\/kidsplay.lt\/produktas\/medines-kaladeles-vaikams-50-vnt\/#primaryimage"},"image":{"@id":"https:\/\/kidsplay.lt\/produktas\/medines-kaladeles-vaikams-50-vnt\/#primaryimage"},"thumbnailUrl":"https:\/\/kidsplay.lt\/wp-content\/uploads\/2024\/09\/Medines-kaladeles-vaikams-50-vnt.jpg","datePublished":"2026-02-26T07:26:46+00:00","dateModified":"2026-04-13T12:03:48+00:00","description":"Medin\u0117s kalad\u0117l\u0117s vaikams 50 vnt. - KidsPlay. Did\u017eiausias vaik\u0173 \u017eaisl\u0173 pasirinkimas.","breadcrumb":{"@id":"https:\/\/kidsplay.lt\/produktas\/medines-kaladeles-vaikams-50-vnt\/#breadcrumb"},"inLanguage":"lv-LV","potentialAction":[{"@type":"ReadAction","target":["https:\/\/kidsplay.lt\/produktas\/medines-kaladeles-vaikams-50-vnt\/"]}]},{"@type":"ImageObject","inLanguage":"lv-LV","@id":"https:\/\/kidsplay.lt\/produktas\/medines-kaladeles-vaikams-50-vnt\/#primaryimage","url":"https:\/\/kidsplay.lt\/wp-content\/uploads\/2024\/09\/Medines-kaladeles-vaikams-50-vnt.jpg","contentUrl":"https:\/\/kidsplay.lt\/wp-content\/uploads\/2024\/09\/Medines-kaladeles-vaikams-50-vnt.jpg","width":1000,"height":1000,"caption":"Medin\u0117s kalad\u0117l\u0117s vaikams 50 vnt."},{"@type":"BreadcrumbList","@id":"https:\/\/kidsplay.lt\/produktas\/medines-kaladeles-vaikams-50-vnt\/#breadcrumb","itemListElement":[{"@type":"ListItem","position":1,"name":"Pagrindinis","item":"https:\/\/kidsplay.lt\/"},{"@type":"ListItem","position":2,"name":"Parduotuv\u0117","item":"https:\/\/kidsplay.lt\/parduotuve\/"},{"@type":"ListItem","position":3,"name":"Medin\u0117s kalad\u0117l\u0117s vaikams 50 vnt."}]},{"@type":"WebSite","@id":"https:\/\/kidsplay.lt\/#website","url":"https:\/\/kidsplay.lt\/","name":"B\u0113rnu sp\u0113les.lv","description":"\u012evairios prek\u0117s vaikams","publisher":{"@id":"https:\/\/kidsplay.lt\/#organization"},"alternateName":"Kidsplay","potentialAction":[{"@type":"SearchAction","target":{"@type":"EntryPoint","urlTemplate":"https:\/\/kidsplay.lt\/?s={search_term_string}"},"query-input":{"@type":"PropertyValueSpecification","valueRequired":true,"valueName":"search_term_string"}}],"inLanguage":"lv-LV"},{"@type":"Organization","@id":"https:\/\/kidsplay.lt\/#organization","name":"B\u0113rnu sp\u0113le","url":"https:\/\/kidsplay.lt\/","logo":{"@type":"ImageObject","inLanguage":"lv-LV","@id":"https:\/\/kidsplay.lt\/#\/schema\/logo\/image\/","url":"https:\/\/kidsplay.lt\/wp-content\/uploads\/2023\/07\/kidsplay-logo.png","contentUrl":"https:\/\/kidsplay.lt\/wp-content\/uploads\/2023\/07\/kidsplay-logo.png","width":451,"height":98,"caption":"KidsPlay"},"image":{"@id":"https:\/\/kidsplay.lt\/#\/schema\/logo\/image\/"},"sameAs":["https:\/\/www.facebook.com\/www.kidsplay.lt"]}]}},"_links":{"self":[{"href":"https:\/\/kidsplay.lt\/lv\/wp-json\/wp\/v2\/product\/89670","targetHints":{"allow":["GET"]}}],"collection":[{"href":"https:\/\/kidsplay.lt\/lv\/wp-json\/wp\/v2\/product"}],"about":[{"href":"https:\/\/kidsplay.lt\/lv\/wp-json\/wp\/v2\/types\/product"}],"version-history":[{"count":1,"href":"https:\/\/kidsplay.lt\/lv\/wp-json\/wp\/v2\/product\/89670\/revisions"}],"predecessor-version":[{"id":89671,"href":"https:\/\/kidsplay.lt\/lv\/wp-json\/wp\/v2\/product\/89670\/revisions\/89671"}],"wp:featuredmedia":[{"embeddable":true,"href":"https:\/\/kidsplay.lt\/lv\/wp-json\/wp\/v2\/media\/55840"}],"wp:attachment":[{"href":"https:\/\/kidsplay.lt\/lv\/wp-json\/wp\/v2\/media?parent=89670"}],"wp:term":[{"taxonomy":"product_brand","embeddable":true,"href":"https:\/\/kidsplay.lt\/lv\/wp-json\/wp\/v2\/product_brand?post=89670"},{"taxonomy":"product_cat","embeddable":true,"href":"https:\/\/kidsplay.lt\/lv\/wp-json\/wp\/v2\/product_cat?post=89670"},{"taxonomy":"product_tag","embeddable":true,"href":"https:\/\/kidsplay.lt\/lv\/wp-json\/wp\/v2\/product_tag?post=89670"}],"curies":[{"name":"wp","href":"https:\/\/api.w.org\/{rel}","templated":true}]}}