{"id":89674,"date":"2026-02-26T09:27:00","date_gmt":"2026-02-26T07:27:00","guid":{"rendered":"https:\/\/kidsplay.lt\/produktas\/vintazinis-medinis-leliu-namelis\/"},"modified":"2026-04-13T15:03:58","modified_gmt":"2026-04-13T12:03:58","slug":"vintazinis-medinis-leliu-namelis","status":"publish","type":"product","link":"https:\/\/kidsplay.lt\/lv\/products\/vintazinis-medinis-leliu-namelis\/","title":{"rendered":"Vinta\u017einis medinis l\u0117li\u0173 namelis"},"content":{"rendered":"<p>\u017davus vinta\u017einis l\u0117li\u0173 namelis i\u0161 prek\u0117s \u017eenklo\u00a0CLASSIC WORLD\u00a0, kuris prad\u017eiugins kiekvien\u0105 vaik\u0105! \u0160is fantasti\u0161kas\u00a03 auk\u0161t\u0173\u00a0koted\u017eas yra\u00a0gra\u017eiai dekoruotas\u00a0\u012fvairiais baldais. Namas gali b\u016bti atidaromas per stog\u0105, tod\u0117l geriau patekti \u012f \u012fvairias patalpas. \u012erangoje yra priedai vidaus apdailai, tokie kaip\u00a0lova su lovatiese, vonia, sofa, \u0161viestuvas, stalas, dvi k\u0117d\u0117s, virtuv\u0117 ir \u0161aldytuvas.<br \/>\nRaksturojums:<\/p>\n<p> \t&#8211; \u017daislas skirtas vaikams\u00a0nuo 3 met\u0173 am\u017eiaus<br \/>\n \t&#8211; Rinkin\u012f sudaro\u00a036\u00a0elementai<br \/>\n \t&#8211; Baltasis namas<br \/>\n \t&#8211; Namas 2 auk\u0161t\u0173 + mansarda<br \/>\n \t&#8211; Lengvai ne\u0161iojamas, visus elementus galima laikyti namuose<\/p>\n<p>\u017daislas vysto:<\/p>\n<p> \t&#8211; Socialinis elgesys<br \/>\n \t\u2013 K\u016brybi\u0161kumas<\/p>","protected":false},"excerpt":{"rendered":"<p>\u017davus vinta\u017einis l\u0117li\u0173 namelis i\u0161 prek\u0117s \u017eenklo\u00a0CLASSIC WORLD\u00a0, kuris prad\u017eiugins kiekvien\u0105 vaik\u0105! \u0160is fantasti\u0161kas\u00a03 auk\u0161t\u0173\u00a0koted\u017eas yra\u00a0gra\u017eiai dekoruotas\u00a0\u012fvairiais baldais. Namas gali<\/p>","protected":false},"featured_media":55893,"template":"","meta":{"_acf_changed":false,"_glsr_average":0,"_glsr_ranking":0,"_glsr_reviews":0},"product_brand":[],"product_cat":[443,283],"product_tag":[],"class_list":{"0":"post-89674","1":"product","2":"type-product","3":"status-publish","4":"has-post-thumbnail","6":"product_cat-leles-ir-priedai","7":"product_cat-leliu-nameliai","8":"\"style=\"background-color: #2ecc711c;\"","10":"first","11":"instock","12":"purchasable","13":"product-type-simple"},"acf":[],"yoast_head":"<!-- This site is optimized with the Yoast SEO plugin v27.3 - https:\/\/yoast.com\/product\/yoast-seo-wordpress\/ -->\n<title>Vinta\u017einis medinis l\u0117li\u0173 namelis<\/title>\n<meta name=\"description\" content=\"Vinta\u017einis medinis l\u0117li\u0173 namelis - KidsPlay. Did\u017eiausias vaik\u0173 \u017eaisl\u0173 pasirinkimas.\" \/>\n<meta name=\"robots\" content=\"index, follow, max-snippet:-1, max-image-preview:large, max-video-preview:-1\" \/>\n<link rel=\"canonical\" href=\"https:\/\/kidsplay.lt\/lv\/products\/vintazinis-medinis-leliu-namelis\/\" \/>\n<meta property=\"og:locale\" content=\"lv_LV\" \/>\n<meta property=\"og:type\" content=\"article\" \/>\n<meta property=\"og:title\" content=\"Vinta\u017einis medinis l\u0117li\u0173 namelis\" \/>\n<meta property=\"og:description\" content=\"Vinta\u017einis medinis l\u0117li\u0173 namelis - KidsPlay. Did\u017eiausias vaik\u0173 \u017eaisl\u0173 pasirinkimas.\" \/>\n<meta property=\"og:url\" content=\"https:\/\/kidsplay.lt\/lv\/products\/vintazinis-medinis-leliu-namelis\/\" \/>\n<meta property=\"og:site_name\" content=\"KidsPlay\" \/>\n<meta property=\"article:publisher\" content=\"https:\/\/www.facebook.com\/www.kidsplay.lt\" \/>\n<meta property=\"article:modified_time\" content=\"2026-04-13T12:03:58+00:00\" \/>\n<meta property=\"og:image\" content=\"https:\/\/kidsplay.lt\/wp-content\/uploads\/2024\/09\/Vintazinis-medinis-leliu-namelis-800x800.jpg\" \/>\n\t<meta property=\"og:image:width\" content=\"800\" \/>\n\t<meta property=\"og:image:height\" content=\"800\" \/>\n\t<meta property=\"og:image:type\" content=\"image\/jpeg\" \/>\n<meta name=\"twitter:card\" content=\"summary_large_image\" \/>\n<meta name=\"twitter:label1\" content=\"Est. reading time\" \/>\n\t<meta name=\"twitter:data1\" content=\"1 min\u016bte\" \/>\n<script type=\"application\/ld+json\" class=\"yoast-schema-graph\">{\"@context\":\"https:\\\/\\\/schema.org\",\"@graph\":[{\"@type\":\"WebPage\",\"@id\":\"https:\\\/\\\/kidsplay.lt\\\/produktas\\\/vintazinis-medinis-leliu-namelis\\\/\",\"url\":\"https:\\\/\\\/kidsplay.lt\\\/produktas\\\/vintazinis-medinis-leliu-namelis\\\/\",\"name\":\"Vinta\u017einis medinis l\u0117li\u0173 namelis\",\"isPartOf\":{\"@id\":\"https:\\\/\\\/kidsplay.lt\\\/#website\"},\"primaryImageOfPage\":{\"@id\":\"https:\\\/\\\/kidsplay.lt\\\/produktas\\\/vintazinis-medinis-leliu-namelis\\\/#primaryimage\"},\"image\":{\"@id\":\"https:\\\/\\\/kidsplay.lt\\\/produktas\\\/vintazinis-medinis-leliu-namelis\\\/#primaryimage\"},\"thumbnailUrl\":\"https:\\\/\\\/kidsplay.lt\\\/wp-content\\\/uploads\\\/2024\\\/09\\\/Vintazinis-medinis-leliu-namelis.jpg\",\"datePublished\":\"2026-02-26T07:27:00+00:00\",\"dateModified\":\"2026-04-13T12:03:58+00:00\",\"description\":\"Vinta\u017einis medinis l\u0117li\u0173 namelis - KidsPlay. Did\u017eiausias vaik\u0173 \u017eaisl\u0173 pasirinkimas.\",\"breadcrumb\":{\"@id\":\"https:\\\/\\\/kidsplay.lt\\\/produktas\\\/vintazinis-medinis-leliu-namelis\\\/#breadcrumb\"},\"inLanguage\":\"lv-LV\",\"potentialAction\":[{\"@type\":\"ReadAction\",\"target\":[\"https:\\\/\\\/kidsplay.lt\\\/produktas\\\/vintazinis-medinis-leliu-namelis\\\/\"]}]},{\"@type\":\"ImageObject\",\"inLanguage\":\"lv-LV\",\"@id\":\"https:\\\/\\\/kidsplay.lt\\\/produktas\\\/vintazinis-medinis-leliu-namelis\\\/#primaryimage\",\"url\":\"https:\\\/\\\/kidsplay.lt\\\/wp-content\\\/uploads\\\/2024\\\/09\\\/Vintazinis-medinis-leliu-namelis.jpg\",\"contentUrl\":\"https:\\\/\\\/kidsplay.lt\\\/wp-content\\\/uploads\\\/2024\\\/09\\\/Vintazinis-medinis-leliu-namelis.jpg\",\"width\":2560,\"height\":2560,\"caption\":\"Vinta\u017einis medinis l\u0117li\u0173 namelis\"},{\"@type\":\"BreadcrumbList\",\"@id\":\"https:\\\/\\\/kidsplay.lt\\\/produktas\\\/vintazinis-medinis-leliu-namelis\\\/#breadcrumb\",\"itemListElement\":[{\"@type\":\"ListItem\",\"position\":1,\"name\":\"Pagrindinis\",\"item\":\"https:\\\/\\\/kidsplay.lt\\\/\"},{\"@type\":\"ListItem\",\"position\":2,\"name\":\"Parduotuv\u0117\",\"item\":\"https:\\\/\\\/kidsplay.lt\\\/parduotuve\\\/\"},{\"@type\":\"ListItem\",\"position\":3,\"name\":\"Vinta\u017einis medinis l\u0117li\u0173 namelis\"}]},{\"@type\":\"WebSite\",\"@id\":\"https:\\\/\\\/kidsplay.lt\\\/#website\",\"url\":\"https:\\\/\\\/kidsplay.lt\\\/\",\"name\":\"Kidsplay.lt\",\"description\":\"\u012evairios prek\u0117s vaikams\",\"publisher\":{\"@id\":\"https:\\\/\\\/kidsplay.lt\\\/#organization\"},\"alternateName\":\"Kidsplay\",\"potentialAction\":[{\"@type\":\"SearchAction\",\"target\":{\"@type\":\"EntryPoint\",\"urlTemplate\":\"https:\\\/\\\/kidsplay.lt\\\/?s={search_term_string}\"},\"query-input\":{\"@type\":\"PropertyValueSpecification\",\"valueRequired\":true,\"valueName\":\"search_term_string\"}}],\"inLanguage\":\"lv-LV\"},{\"@type\":\"Organization\",\"@id\":\"https:\\\/\\\/kidsplay.lt\\\/#organization\",\"name\":\"KidsPlay\",\"url\":\"https:\\\/\\\/kidsplay.lt\\\/\",\"logo\":{\"@type\":\"ImageObject\",\"inLanguage\":\"lv-LV\",\"@id\":\"https:\\\/\\\/kidsplay.lt\\\/#\\\/schema\\\/logo\\\/image\\\/\",\"url\":\"https:\\\/\\\/kidsplay.lt\\\/wp-content\\\/uploads\\\/2023\\\/07\\\/kidsplay-logo.png\",\"contentUrl\":\"https:\\\/\\\/kidsplay.lt\\\/wp-content\\\/uploads\\\/2023\\\/07\\\/kidsplay-logo.png\",\"width\":451,\"height\":98,\"caption\":\"KidsPlay\"},\"image\":{\"@id\":\"https:\\\/\\\/kidsplay.lt\\\/#\\\/schema\\\/logo\\\/image\\\/\"},\"sameAs\":[\"https:\\\/\\\/www.facebook.com\\\/www.kidsplay.lt\"]}]}<\/script>\n<!-- \/ Yoast SEO plugin. -->","yoast_head_json":{"title":"Vinta\u017einis medinis l\u0117li\u0173 namelis","description":"Vinta\u017einis medinis l\u0117li\u0173 namelis - KidsPlay. Did\u017eiausias vaik\u0173 \u017eaisl\u0173 pasirinkimas.","robots":{"index":"index","follow":"follow","max-snippet":"max-snippet:-1","max-image-preview":"max-image-preview:large","max-video-preview":"max-video-preview:-1"},"canonical":"https:\/\/kidsplay.lt\/lv\/products\/vintazinis-medinis-leliu-namelis\/","og_locale":"lv_LV","og_type":"article","og_title":"Vinta\u017einis medinis l\u0117li\u0173 namelis","og_description":"Vinta\u017einis medinis l\u0117li\u0173 namelis - KidsPlay. Did\u017eiausias vaik\u0173 \u017eaisl\u0173 pasirinkimas.","og_url":"https:\/\/kidsplay.lt\/lv\/products\/vintazinis-medinis-leliu-namelis\/","og_site_name":"KidsPlay","article_publisher":"https:\/\/www.facebook.com\/www.kidsplay.lt","article_modified_time":"2026-04-13T12:03:58+00:00","og_image":[{"width":800,"height":800,"url":"https:\/\/kidsplay.lt\/wp-content\/uploads\/2024\/09\/Vintazinis-medinis-leliu-namelis-800x800.jpg","type":"image\/jpeg"}],"twitter_card":"summary_large_image","twitter_misc":{"Est. reading time":"1 min\u016bte"},"schema":{"@context":"https:\/\/schema.org","@graph":[{"@type":"WebPage","@id":"https:\/\/kidsplay.lt\/produktas\/vintazinis-medinis-leliu-namelis\/","url":"https:\/\/kidsplay.lt\/produktas\/vintazinis-medinis-leliu-namelis\/","name":"Vinta\u017einis medinis l\u0117li\u0173 namelis","isPartOf":{"@id":"https:\/\/kidsplay.lt\/#website"},"primaryImageOfPage":{"@id":"https:\/\/kidsplay.lt\/produktas\/vintazinis-medinis-leliu-namelis\/#primaryimage"},"image":{"@id":"https:\/\/kidsplay.lt\/produktas\/vintazinis-medinis-leliu-namelis\/#primaryimage"},"thumbnailUrl":"https:\/\/kidsplay.lt\/wp-content\/uploads\/2024\/09\/Vintazinis-medinis-leliu-namelis.jpg","datePublished":"2026-02-26T07:27:00+00:00","dateModified":"2026-04-13T12:03:58+00:00","description":"Vinta\u017einis medinis l\u0117li\u0173 namelis - KidsPlay. Did\u017eiausias vaik\u0173 \u017eaisl\u0173 pasirinkimas.","breadcrumb":{"@id":"https:\/\/kidsplay.lt\/produktas\/vintazinis-medinis-leliu-namelis\/#breadcrumb"},"inLanguage":"lv-LV","potentialAction":[{"@type":"ReadAction","target":["https:\/\/kidsplay.lt\/produktas\/vintazinis-medinis-leliu-namelis\/"]}]},{"@type":"ImageObject","inLanguage":"lv-LV","@id":"https:\/\/kidsplay.lt\/produktas\/vintazinis-medinis-leliu-namelis\/#primaryimage","url":"https:\/\/kidsplay.lt\/wp-content\/uploads\/2024\/09\/Vintazinis-medinis-leliu-namelis.jpg","contentUrl":"https:\/\/kidsplay.lt\/wp-content\/uploads\/2024\/09\/Vintazinis-medinis-leliu-namelis.jpg","width":2560,"height":2560,"caption":"Vinta\u017einis medinis l\u0117li\u0173 namelis"},{"@type":"BreadcrumbList","@id":"https:\/\/kidsplay.lt\/produktas\/vintazinis-medinis-leliu-namelis\/#breadcrumb","itemListElement":[{"@type":"ListItem","position":1,"name":"Pagrindinis","item":"https:\/\/kidsplay.lt\/"},{"@type":"ListItem","position":2,"name":"Parduotuv\u0117","item":"https:\/\/kidsplay.lt\/parduotuve\/"},{"@type":"ListItem","position":3,"name":"Vinta\u017einis medinis l\u0117li\u0173 namelis"}]},{"@type":"WebSite","@id":"https:\/\/kidsplay.lt\/#website","url":"https:\/\/kidsplay.lt\/","name":"B\u0113rnu sp\u0113les.lv","description":"\u012evairios prek\u0117s vaikams","publisher":{"@id":"https:\/\/kidsplay.lt\/#organization"},"alternateName":"Kidsplay","potentialAction":[{"@type":"SearchAction","target":{"@type":"EntryPoint","urlTemplate":"https:\/\/kidsplay.lt\/?s={search_term_string}"},"query-input":{"@type":"PropertyValueSpecification","valueRequired":true,"valueName":"search_term_string"}}],"inLanguage":"lv-LV"},{"@type":"Organization","@id":"https:\/\/kidsplay.lt\/#organization","name":"B\u0113rnu sp\u0113le","url":"https:\/\/kidsplay.lt\/","logo":{"@type":"ImageObject","inLanguage":"lv-LV","@id":"https:\/\/kidsplay.lt\/#\/schema\/logo\/image\/","url":"https:\/\/kidsplay.lt\/wp-content\/uploads\/2023\/07\/kidsplay-logo.png","contentUrl":"https:\/\/kidsplay.lt\/wp-content\/uploads\/2023\/07\/kidsplay-logo.png","width":451,"height":98,"caption":"KidsPlay"},"image":{"@id":"https:\/\/kidsplay.lt\/#\/schema\/logo\/image\/"},"sameAs":["https:\/\/www.facebook.com\/www.kidsplay.lt"]}]}},"_links":{"self":[{"href":"https:\/\/kidsplay.lt\/lv\/wp-json\/wp\/v2\/product\/89674","targetHints":{"allow":["GET"]}}],"collection":[{"href":"https:\/\/kidsplay.lt\/lv\/wp-json\/wp\/v2\/product"}],"about":[{"href":"https:\/\/kidsplay.lt\/lv\/wp-json\/wp\/v2\/types\/product"}],"version-history":[{"count":1,"href":"https:\/\/kidsplay.lt\/lv\/wp-json\/wp\/v2\/product\/89674\/revisions"}],"predecessor-version":[{"id":89675,"href":"https:\/\/kidsplay.lt\/lv\/wp-json\/wp\/v2\/product\/89674\/revisions\/89675"}],"wp:featuredmedia":[{"embeddable":true,"href":"https:\/\/kidsplay.lt\/lv\/wp-json\/wp\/v2\/media\/55893"}],"wp:attachment":[{"href":"https:\/\/kidsplay.lt\/lv\/wp-json\/wp\/v2\/media?parent=89674"}],"wp:term":[{"taxonomy":"product_brand","embeddable":true,"href":"https:\/\/kidsplay.lt\/lv\/wp-json\/wp\/v2\/product_brand?post=89674"},{"taxonomy":"product_cat","embeddable":true,"href":"https:\/\/kidsplay.lt\/lv\/wp-json\/wp\/v2\/product_cat?post=89674"},{"taxonomy":"product_tag","embeddable":true,"href":"https:\/\/kidsplay.lt\/lv\/wp-json\/wp\/v2\/product_tag?post=89674"}],"curies":[{"name":"wp","href":"https:\/\/api.w.org\/{rel}","templated":true}]}}