{"id":89678,"date":"2026-02-26T09:27:08","date_gmt":"2026-02-26T07:27:08","guid":{"rendered":"https:\/\/kidsplay.lt\/produktas\/medinis-odontologo-rinkinio-krepsys\/"},"modified":"2026-04-07T10:42:34","modified_gmt":"2026-04-07T07:42:34","slug":"medinis-odontologo-rinkinio-krepsys","status":"publish","type":"product","link":"https:\/\/kidsplay.lt\/lv\/products\/medinis-odontologo-rinkinio-krepsys\/","title":{"rendered":"Medinis odontologo rinkinio krep\u0161ys"},"content":{"rendered":"<p>Medinis \u201e\u00a0Viga\u201c\u00a0\u00a0prek\u0117s \u017eenklo \u201e\u00a0PolarB\u00a0\u201c serijos odontologo rinkinys\u00a0yra vienas i\u0161 t\u0173 \u017eaisl\u0173, kurie, \u017eaid\u017eiant vaidmenis, pad\u0117s\u00a0vaikui atsikratyti baim\u0117s ir \u012fgyti pasitik\u0117jimo savimi\u00a0stresin\u0117se situacijose, kurios jo gali laukti ateityje. Apsilankymas pas odontolog\u0105 gali b\u016bti lengvesnis ir malonesnis, kai i\u0161nyks j\u016bs\u0173 baim\u0117 d\u0117l dant\u0173 \u012frangos. \u012e komplekt\u0105 \u012feina patogus krep\u0161ys su medini\u0173 \u017eaisl\u0173 rinkiniu, kur\u012f sudaro: dant\u0173 rinkinys (\u012fskaitant du papildomus), gr\u0105\u017etas, danties i\u0161traukimo repl\u0117s, dant\u0173 \u0161epet\u0117lis, dant\u0173 si\u016blas, pincetas, rentgeno nuotraukos, veidrodis, plaktukas ir dant\u0173 pastos t\u016bbel\u0117.<\/p>\n<p>Charakteristika:<\/p>\n<p> \t&#8211;\u00a0\u017eaislas\u00a0nuo 3 met\u0173<br \/>\n \t&#8211; komplekte yra\u00a0ne\u0161iojamas krep\u0161ys\u00a0su dant\u0173 komplektu ir \u012fvairiais odontologo \u012frangos elementais<br \/>\n \t&#8211;\u00a0galima i\u0161traukti dantis\u00a0ir \u012fstatyti naujus<br \/>\n \t&#8211; linksmyb\u0117s\u00a0suma\u017eins vizit\u0173 pas odontolog\u0105 baim\u0119<br \/>\n \t&#8211; \u017eaislai pagaminti\u00a0i\u0161 lakuotos medienos\u00a0, da\u017eytos\u00a0netoksi\u0161kais da\u017eais<\/p>\n<p>\u017daislas vysto:<\/p>\n<p> \t&#8211; pasitik\u0117jimas<br \/>\n \t&#8211; vaizduot\u0117 ir k\u016brybi\u0161kumas<br \/>\n \t&#8211; loginis m\u0105stymas<br \/>\n \t&#8211; motoriniai \u012fg\u016bd\u017eiai<\/p>","protected":false},"excerpt":{"rendered":"<p>Medinis \u201e\u00a0Viga\u201c\u00a0\u00a0prek\u0117s \u017eenklo \u201e\u00a0PolarB\u00a0\u201c serijos odontologo rinkinys\u00a0yra vienas i\u0161 t\u0173 \u017eaisl\u0173, kurie, \u017eaid\u017eiant vaidmenis, pad\u0117s\u00a0vaikui atsikratyti baim\u0117s ir \u012fgyti pasitik\u0117jimo<\/p>","protected":false},"featured_media":55909,"template":"","meta":{"_acf_changed":false,"_glsr_average":0,"_glsr_ranking":0,"_glsr_reviews":0},"product_brand":[],"product_cat":[904,399],"product_tag":[],"class_list":{"0":"post-89678","1":"product","2":"type-product","3":"status-publish","4":"has-post-thumbnail","6":"product_cat-gydytojai","7":"product_cat-vaidmenu-zaidimai-2","8":"\"style=\"background-color: #2ecc711c;\"","10":"first","11":"instock","12":"purchasable","13":"product-type-simple"},"acf":[],"yoast_head":"<!-- This site is optimized with the Yoast SEO plugin v27.3 - https:\/\/yoast.com\/product\/yoast-seo-wordpress\/ -->\n<title>Medinis odontologo rinkinio krep\u0161ys<\/title>\n<meta name=\"description\" content=\"Medinis odontologo rinkinio krep\u0161ys - KidsPlay. Did\u017eiausias vaik\u0173 \u017eaisl\u0173 pasirinkimas.\" \/>\n<meta name=\"robots\" content=\"index, follow, max-snippet:-1, max-image-preview:large, max-video-preview:-1\" \/>\n<link rel=\"canonical\" href=\"https:\/\/kidsplay.lt\/lv\/products\/medinis-odontologo-rinkinio-krepsys\/\" \/>\n<meta property=\"og:locale\" content=\"lv_LV\" \/>\n<meta property=\"og:type\" content=\"article\" \/>\n<meta property=\"og:title\" content=\"Medinis odontologo rinkinio krep\u0161ys\" \/>\n<meta property=\"og:description\" content=\"Medinis odontologo rinkinio krep\u0161ys - KidsPlay. Did\u017eiausias vaik\u0173 \u017eaisl\u0173 pasirinkimas.\" \/>\n<meta property=\"og:url\" content=\"https:\/\/kidsplay.lt\/lv\/products\/medinis-odontologo-rinkinio-krepsys\/\" \/>\n<meta property=\"og:site_name\" content=\"KidsPlay\" \/>\n<meta property=\"article:publisher\" content=\"https:\/\/www.facebook.com\/www.kidsplay.lt\" \/>\n<meta property=\"article:modified_time\" content=\"2026-04-07T07:42:34+00:00\" \/>\n<meta property=\"og:image\" content=\"https:\/\/kidsplay.lt\/wp-content\/uploads\/2024\/09\/Medinis-odontologo-rinkinio-krepsys.jpg\" \/>\n\t<meta property=\"og:image:width\" content=\"1600\" \/>\n\t<meta property=\"og:image:height\" content=\"1600\" \/>\n\t<meta property=\"og:image:type\" content=\"image\/jpeg\" \/>\n<meta name=\"twitter:card\" content=\"summary_large_image\" \/>\n<meta name=\"twitter:label1\" content=\"Est. reading time\" \/>\n\t<meta name=\"twitter:data1\" content=\"1 min\u016bte\" \/>\n<script type=\"application\/ld+json\" class=\"yoast-schema-graph\">{\"@context\":\"https:\\\/\\\/schema.org\",\"@graph\":[{\"@type\":\"WebPage\",\"@id\":\"https:\\\/\\\/kidsplay.lt\\\/produktas\\\/medinis-odontologo-rinkinio-krepsys\\\/\",\"url\":\"https:\\\/\\\/kidsplay.lt\\\/produktas\\\/medinis-odontologo-rinkinio-krepsys\\\/\",\"name\":\"Medinis odontologo rinkinio krep\u0161ys\",\"isPartOf\":{\"@id\":\"https:\\\/\\\/kidsplay.lt\\\/#website\"},\"primaryImageOfPage\":{\"@id\":\"https:\\\/\\\/kidsplay.lt\\\/produktas\\\/medinis-odontologo-rinkinio-krepsys\\\/#primaryimage\"},\"image\":{\"@id\":\"https:\\\/\\\/kidsplay.lt\\\/produktas\\\/medinis-odontologo-rinkinio-krepsys\\\/#primaryimage\"},\"thumbnailUrl\":\"https:\\\/\\\/kidsplay.lt\\\/wp-content\\\/uploads\\\/2024\\\/09\\\/Medinis-odontologo-rinkinio-krepsys.jpg\",\"datePublished\":\"2026-02-26T07:27:08+00:00\",\"dateModified\":\"2026-04-07T07:42:34+00:00\",\"description\":\"Medinis odontologo rinkinio krep\u0161ys - KidsPlay. Did\u017eiausias vaik\u0173 \u017eaisl\u0173 pasirinkimas.\",\"breadcrumb\":{\"@id\":\"https:\\\/\\\/kidsplay.lt\\\/produktas\\\/medinis-odontologo-rinkinio-krepsys\\\/#breadcrumb\"},\"inLanguage\":\"lv-LV\",\"potentialAction\":[{\"@type\":\"ReadAction\",\"target\":[\"https:\\\/\\\/kidsplay.lt\\\/produktas\\\/medinis-odontologo-rinkinio-krepsys\\\/\"]}]},{\"@type\":\"ImageObject\",\"inLanguage\":\"lv-LV\",\"@id\":\"https:\\\/\\\/kidsplay.lt\\\/produktas\\\/medinis-odontologo-rinkinio-krepsys\\\/#primaryimage\",\"url\":\"https:\\\/\\\/kidsplay.lt\\\/wp-content\\\/uploads\\\/2024\\\/09\\\/Medinis-odontologo-rinkinio-krepsys.jpg\",\"contentUrl\":\"https:\\\/\\\/kidsplay.lt\\\/wp-content\\\/uploads\\\/2024\\\/09\\\/Medinis-odontologo-rinkinio-krepsys.jpg\",\"width\":1600,\"height\":1600,\"caption\":\"Medinis odontologo rinkinio krep\u0161ys\"},{\"@type\":\"BreadcrumbList\",\"@id\":\"https:\\\/\\\/kidsplay.lt\\\/produktas\\\/medinis-odontologo-rinkinio-krepsys\\\/#breadcrumb\",\"itemListElement\":[{\"@type\":\"ListItem\",\"position\":1,\"name\":\"Pagrindinis\",\"item\":\"https:\\\/\\\/kidsplay.lt\\\/\"},{\"@type\":\"ListItem\",\"position\":2,\"name\":\"Parduotuv\u0117\",\"item\":\"https:\\\/\\\/kidsplay.lt\\\/parduotuve\\\/\"},{\"@type\":\"ListItem\",\"position\":3,\"name\":\"Medinis odontologo rinkinio krep\u0161ys\"}]},{\"@type\":\"WebSite\",\"@id\":\"https:\\\/\\\/kidsplay.lt\\\/#website\",\"url\":\"https:\\\/\\\/kidsplay.lt\\\/\",\"name\":\"Kidsplay.lt\",\"description\":\"\u012evairios prek\u0117s vaikams\",\"publisher\":{\"@id\":\"https:\\\/\\\/kidsplay.lt\\\/#organization\"},\"alternateName\":\"Kidsplay\",\"potentialAction\":[{\"@type\":\"SearchAction\",\"target\":{\"@type\":\"EntryPoint\",\"urlTemplate\":\"https:\\\/\\\/kidsplay.lt\\\/?s={search_term_string}\"},\"query-input\":{\"@type\":\"PropertyValueSpecification\",\"valueRequired\":true,\"valueName\":\"search_term_string\"}}],\"inLanguage\":\"lv-LV\"},{\"@type\":\"Organization\",\"@id\":\"https:\\\/\\\/kidsplay.lt\\\/#organization\",\"name\":\"KidsPlay\",\"url\":\"https:\\\/\\\/kidsplay.lt\\\/\",\"logo\":{\"@type\":\"ImageObject\",\"inLanguage\":\"lv-LV\",\"@id\":\"https:\\\/\\\/kidsplay.lt\\\/#\\\/schema\\\/logo\\\/image\\\/\",\"url\":\"https:\\\/\\\/kidsplay.lt\\\/wp-content\\\/uploads\\\/2023\\\/07\\\/kidsplay-logo.png\",\"contentUrl\":\"https:\\\/\\\/kidsplay.lt\\\/wp-content\\\/uploads\\\/2023\\\/07\\\/kidsplay-logo.png\",\"width\":451,\"height\":98,\"caption\":\"KidsPlay\"},\"image\":{\"@id\":\"https:\\\/\\\/kidsplay.lt\\\/#\\\/schema\\\/logo\\\/image\\\/\"},\"sameAs\":[\"https:\\\/\\\/www.facebook.com\\\/www.kidsplay.lt\"]}]}<\/script>\n<!-- \/ Yoast SEO plugin. -->","yoast_head_json":{"title":"Medinis odontologo rinkinio krep\u0161ys","description":"Medinis odontologo rinkinio krep\u0161ys - KidsPlay. Did\u017eiausias vaik\u0173 \u017eaisl\u0173 pasirinkimas.","robots":{"index":"index","follow":"follow","max-snippet":"max-snippet:-1","max-image-preview":"max-image-preview:large","max-video-preview":"max-video-preview:-1"},"canonical":"https:\/\/kidsplay.lt\/lv\/products\/medinis-odontologo-rinkinio-krepsys\/","og_locale":"lv_LV","og_type":"article","og_title":"Medinis odontologo rinkinio krep\u0161ys","og_description":"Medinis odontologo rinkinio krep\u0161ys - KidsPlay. Did\u017eiausias vaik\u0173 \u017eaisl\u0173 pasirinkimas.","og_url":"https:\/\/kidsplay.lt\/lv\/products\/medinis-odontologo-rinkinio-krepsys\/","og_site_name":"KidsPlay","article_publisher":"https:\/\/www.facebook.com\/www.kidsplay.lt","article_modified_time":"2026-04-07T07:42:34+00:00","og_image":[{"width":1600,"height":1600,"url":"https:\/\/kidsplay.lt\/wp-content\/uploads\/2024\/09\/Medinis-odontologo-rinkinio-krepsys.jpg","type":"image\/jpeg"}],"twitter_card":"summary_large_image","twitter_misc":{"Est. reading time":"1 min\u016bte"},"schema":{"@context":"https:\/\/schema.org","@graph":[{"@type":"WebPage","@id":"https:\/\/kidsplay.lt\/produktas\/medinis-odontologo-rinkinio-krepsys\/","url":"https:\/\/kidsplay.lt\/produktas\/medinis-odontologo-rinkinio-krepsys\/","name":"Medinis odontologo rinkinio krep\u0161ys","isPartOf":{"@id":"https:\/\/kidsplay.lt\/#website"},"primaryImageOfPage":{"@id":"https:\/\/kidsplay.lt\/produktas\/medinis-odontologo-rinkinio-krepsys\/#primaryimage"},"image":{"@id":"https:\/\/kidsplay.lt\/produktas\/medinis-odontologo-rinkinio-krepsys\/#primaryimage"},"thumbnailUrl":"https:\/\/kidsplay.lt\/wp-content\/uploads\/2024\/09\/Medinis-odontologo-rinkinio-krepsys.jpg","datePublished":"2026-02-26T07:27:08+00:00","dateModified":"2026-04-07T07:42:34+00:00","description":"Medinis odontologo rinkinio krep\u0161ys - KidsPlay. Did\u017eiausias vaik\u0173 \u017eaisl\u0173 pasirinkimas.","breadcrumb":{"@id":"https:\/\/kidsplay.lt\/produktas\/medinis-odontologo-rinkinio-krepsys\/#breadcrumb"},"inLanguage":"lv-LV","potentialAction":[{"@type":"ReadAction","target":["https:\/\/kidsplay.lt\/produktas\/medinis-odontologo-rinkinio-krepsys\/"]}]},{"@type":"ImageObject","inLanguage":"lv-LV","@id":"https:\/\/kidsplay.lt\/produktas\/medinis-odontologo-rinkinio-krepsys\/#primaryimage","url":"https:\/\/kidsplay.lt\/wp-content\/uploads\/2024\/09\/Medinis-odontologo-rinkinio-krepsys.jpg","contentUrl":"https:\/\/kidsplay.lt\/wp-content\/uploads\/2024\/09\/Medinis-odontologo-rinkinio-krepsys.jpg","width":1600,"height":1600,"caption":"Medinis odontologo rinkinio krep\u0161ys"},{"@type":"BreadcrumbList","@id":"https:\/\/kidsplay.lt\/produktas\/medinis-odontologo-rinkinio-krepsys\/#breadcrumb","itemListElement":[{"@type":"ListItem","position":1,"name":"Pagrindinis","item":"https:\/\/kidsplay.lt\/"},{"@type":"ListItem","position":2,"name":"Parduotuv\u0117","item":"https:\/\/kidsplay.lt\/parduotuve\/"},{"@type":"ListItem","position":3,"name":"Medinis odontologo rinkinio krep\u0161ys"}]},{"@type":"WebSite","@id":"https:\/\/kidsplay.lt\/#website","url":"https:\/\/kidsplay.lt\/","name":"B\u0113rnu sp\u0113les.lv","description":"\u012evairios prek\u0117s vaikams","publisher":{"@id":"https:\/\/kidsplay.lt\/#organization"},"alternateName":"Kidsplay","potentialAction":[{"@type":"SearchAction","target":{"@type":"EntryPoint","urlTemplate":"https:\/\/kidsplay.lt\/?s={search_term_string}"},"query-input":{"@type":"PropertyValueSpecification","valueRequired":true,"valueName":"search_term_string"}}],"inLanguage":"lv-LV"},{"@type":"Organization","@id":"https:\/\/kidsplay.lt\/#organization","name":"B\u0113rnu sp\u0113le","url":"https:\/\/kidsplay.lt\/","logo":{"@type":"ImageObject","inLanguage":"lv-LV","@id":"https:\/\/kidsplay.lt\/#\/schema\/logo\/image\/","url":"https:\/\/kidsplay.lt\/wp-content\/uploads\/2023\/07\/kidsplay-logo.png","contentUrl":"https:\/\/kidsplay.lt\/wp-content\/uploads\/2023\/07\/kidsplay-logo.png","width":451,"height":98,"caption":"KidsPlay"},"image":{"@id":"https:\/\/kidsplay.lt\/#\/schema\/logo\/image\/"},"sameAs":["https:\/\/www.facebook.com\/www.kidsplay.lt"]}]}},"_links":{"self":[{"href":"https:\/\/kidsplay.lt\/lv\/wp-json\/wp\/v2\/product\/89678","targetHints":{"allow":["GET"]}}],"collection":[{"href":"https:\/\/kidsplay.lt\/lv\/wp-json\/wp\/v2\/product"}],"about":[{"href":"https:\/\/kidsplay.lt\/lv\/wp-json\/wp\/v2\/types\/product"}],"version-history":[{"count":1,"href":"https:\/\/kidsplay.lt\/lv\/wp-json\/wp\/v2\/product\/89678\/revisions"}],"predecessor-version":[{"id":89679,"href":"https:\/\/kidsplay.lt\/lv\/wp-json\/wp\/v2\/product\/89678\/revisions\/89679"}],"wp:featuredmedia":[{"embeddable":true,"href":"https:\/\/kidsplay.lt\/lv\/wp-json\/wp\/v2\/media\/55909"}],"wp:attachment":[{"href":"https:\/\/kidsplay.lt\/lv\/wp-json\/wp\/v2\/media?parent=89678"}],"wp:term":[{"taxonomy":"product_brand","embeddable":true,"href":"https:\/\/kidsplay.lt\/lv\/wp-json\/wp\/v2\/product_brand?post=89678"},{"taxonomy":"product_cat","embeddable":true,"href":"https:\/\/kidsplay.lt\/lv\/wp-json\/wp\/v2\/product_cat?post=89678"},{"taxonomy":"product_tag","embeddable":true,"href":"https:\/\/kidsplay.lt\/lv\/wp-json\/wp\/v2\/product_tag?post=89678"}],"curies":[{"name":"wp","href":"https:\/\/api.w.org\/{rel}","templated":true}]}}