{"id":89680,"date":"2026-02-26T09:27:13","date_gmt":"2026-02-26T07:27:13","guid":{"rendered":"https:\/\/kidsplay.lt\/produktas\/didelis-medinis-leliu-namelis\/"},"modified":"2026-04-13T15:04:09","modified_gmt":"2026-04-13T12:04:09","slug":"didelis-medinis-leliu-namelis","status":"publish","type":"product","link":"https:\/\/kidsplay.lt\/lv\/products\/didelis-medinis-leliu-namelis\/","title":{"rendered":"Liela koka le\u013c\u013cu m\u0101ja"},"content":{"rendered":"<p>\u201e Tooky Toy\u201c\u00a0l\u0117li\u0173 namelis\u00a0i\u0161siskiria\u00a0\u0161iuolaiki\u0161ku\u00a0trij\u0173 auk\u0161t\u0173 dizainu\u00a0,\u00a0pagamintas tik i\u0161 med\u017eio. D\u0117l stiling\u0173 linij\u0173 ir \u0161iuolaikin\u0117s estetikos jis yra puikus pasirinkimas vaikams, vertinantiems moderni\u0105 architekt\u016br\u0105. Koted\u017eas si\u016blo\u00a0tris lygius, pilnus atrakcion\u0173\u00a0, kiekviename auk\u0161te \u012frengti unikal\u016bs kambariai ir funkcijos.<\/p>\n<p>Pirmame auk\u0161te yra virtuv\u0117 su valgomuoju, \u0161alia \u2013 vonios kambarys, \u012frengtas su visais reikalingais elementais, tokiais kaip vonia, du\u0161as ir tualetas. Pirmame auk\u0161te \u012frengta erdvi svetain\u0117 su jaukia sofa ir televizoriumi, kurioje l\u0117l\u0117s gali atsipalaiduoti ir kartu leisti laik\u0105. Mansardoje yra \u017eavus miegamasis su patogia lova, drabu\u017ei\u0173 spinta ir vaiki\u0161ka lovele. I\u0161 miegamojo galite i\u0161eiti \u012f balkon\u0105, kuris yra ideali vieta atsipalaiduoti ir gro\u017e\u0117tis vaizdais.<\/p>\n<p>L\u0117li\u0173 namelyje yra\u00a0\u0161e\u0161i\u0173 l\u0117li\u0173 \u0161eima\u00a0, kuri yra pasiruo\u0161usi \u012fsikelti. Kiekviena l\u0117l\u0117 turi unikal\u0173 stili\u0173 ir asmenyb\u0119, o su visi\u0161kai judan\u010diomis jungtimis k\u016brybinio \u017eaidimo galimyb\u0117s yra neribotos. \u012e komplekt\u0105 \u012feina ir\u00a0baldai bei dekoracijos\u00a0, kurios pagyvina kiekvien\u0105 kambar\u012f, sukuria nepakartojam\u0105 atmosfer\u0105.<\/p>\n<p>\u201eTooky Toy\u201c l\u0117li\u0173 namelis \u012fkvepia vaikus \u017eaisti k\u016brybi\u0161kai\u00a0, lavina j\u0173 vaizduot\u0119 ir socialinius \u012fg\u016bd\u017eius, moko apie \u0161eimos gyvenim\u0105. Tai puikus pasirinkimas kiekvienam vaikui, m\u0117gstan\u010diam \u0161iuolaiki\u0161k\u0105 dizain\u0105 ir k\u016brybi\u0161kus \u017eaidimus.<\/p>\n<p>Charakteristika:<\/p>\n<p> \t&#8211; \u017eaislas nuo\u00a03 met\u0173<br \/>\n \t&#8211; namas\u00a0nuda\u017eytas saugiais, netoksi\u0161kais pastelini\u0173 atspalvi\u0173 da\u017eais,<\/p>\n<p> \t&#8211; namas\u00a0\u00a02 auk\u0161t\u0173 + mansarda<br \/>\n \t&#8211; \u017eaislas pagamintas\u00a0\u00a0i\u0161 auk\u0161tos kokyb\u0117s med\u017eio\u00a0, tvirtas ir patvarus, sukurtas atlaikyti intensyv\u0173 \u017eaidim\u0105.<\/p>\n<p>\u017daislas vysto:<\/p>\n<p> \t&#8211; socialinis elgesys<br \/>\n \t&#8211; vaizduot\u0117<br \/>\n \t&#8211; k\u016brybi\u0161kumas<\/p>\n<p>[img-67344-left-thickbox_default]<\/p>\n<p>[img-67336-left-thickbox_default]<\/p>\n<p>[img-67342-left-thickbox_default]<\/p>\n","protected":false},"excerpt":{"rendered":"<p>\u201e Tooky Toy\u201c\u00a0l\u0117li\u0173 namelis\u00a0i\u0161siskiria\u00a0\u0161iuolaiki\u0161ku\u00a0trij\u0173 auk\u0161t\u0173 dizainu\u00a0,\u00a0pagamintas tik i\u0161 med\u017eio. D\u0117l stiling\u0173 linij\u0173 ir \u0161iuolaikin\u0117s estetikos jis yra puikus pasirinkimas vaikams,<\/p>","protected":false},"featured_media":69195,"template":"","meta":{"_acf_changed":false,"_glsr_average":0,"_glsr_ranking":0,"_glsr_reviews":0},"product_brand":[],"product_cat":[443,283],"product_tag":[],"class_list":{"0":"post-89680","1":"product","2":"type-product","3":"status-publish","4":"has-post-thumbnail","6":"product_cat-leles-ir-priedai","7":"product_cat-leliu-nameliai","8":"\"style=\"background-color: #2ecc711c;\"","10":"first","11":"instock","12":"purchasable","13":"product-type-simple"},"acf":[],"yoast_head":"<!-- This site is optimized with the Yoast SEO plugin v27.3 - https:\/\/yoast.com\/product\/yoast-seo-wordpress\/ -->\n<title>Didelis medinis l\u0117li\u0173 namelis<\/title>\n<meta name=\"description\" content=\"Didelis medinis l\u0117li\u0173 namelis - KidsPlay. Did\u017eiausias vaik\u0173 \u017eaisl\u0173 pasirinkimas.\" \/>\n<meta name=\"robots\" content=\"index, follow, max-snippet:-1, max-image-preview:large, max-video-preview:-1\" \/>\n<link rel=\"canonical\" href=\"https:\/\/kidsplay.lt\/lv\/products\/didelis-medinis-leliu-namelis\/\" \/>\n<meta property=\"og:locale\" content=\"lv_LV\" \/>\n<meta property=\"og:type\" content=\"article\" \/>\n<meta property=\"og:title\" content=\"Didelis medinis l\u0117li\u0173 namelis\" \/>\n<meta property=\"og:description\" content=\"Didelis medinis l\u0117li\u0173 namelis - KidsPlay. Did\u017eiausias vaik\u0173 \u017eaisl\u0173 pasirinkimas.\" \/>\n<meta property=\"og:url\" content=\"https:\/\/kidsplay.lt\/lv\/products\/didelis-medinis-leliu-namelis\/\" \/>\n<meta property=\"og:site_name\" content=\"KidsPlay\" \/>\n<meta property=\"article:publisher\" content=\"https:\/\/www.facebook.com\/www.kidsplay.lt\" \/>\n<meta property=\"article:modified_time\" content=\"2026-04-13T12:04:09+00:00\" \/>\n<meta property=\"og:image\" content=\"https:\/\/kidsplay.lt\/wp-content\/uploads\/2025\/10\/Didelis-medinis-leliu-namelis.jpg\" \/>\n\t<meta property=\"og:image:width\" content=\"1178\" \/>\n\t<meta property=\"og:image:height\" content=\"1178\" \/>\n\t<meta property=\"og:image:type\" content=\"image\/jpeg\" \/>\n<meta name=\"twitter:card\" content=\"summary_large_image\" \/>\n<meta name=\"twitter:label1\" content=\"Est. reading time\" \/>\n\t<meta name=\"twitter:data1\" content=\"1 min\u016bte\" \/>\n<script type=\"application\/ld+json\" class=\"yoast-schema-graph\">{\"@context\":\"https:\\\/\\\/schema.org\",\"@graph\":[{\"@type\":\"WebPage\",\"@id\":\"https:\\\/\\\/kidsplay.lt\\\/produktas\\\/didelis-medinis-leliu-namelis\\\/\",\"url\":\"https:\\\/\\\/kidsplay.lt\\\/produktas\\\/didelis-medinis-leliu-namelis\\\/\",\"name\":\"Didelis medinis l\u0117li\u0173 namelis\",\"isPartOf\":{\"@id\":\"https:\\\/\\\/kidsplay.lt\\\/#website\"},\"primaryImageOfPage\":{\"@id\":\"https:\\\/\\\/kidsplay.lt\\\/produktas\\\/didelis-medinis-leliu-namelis\\\/#primaryimage\"},\"image\":{\"@id\":\"https:\\\/\\\/kidsplay.lt\\\/produktas\\\/didelis-medinis-leliu-namelis\\\/#primaryimage\"},\"thumbnailUrl\":\"https:\\\/\\\/kidsplay.lt\\\/wp-content\\\/uploads\\\/2025\\\/10\\\/Didelis-medinis-leliu-namelis.jpg\",\"datePublished\":\"2026-02-26T07:27:13+00:00\",\"dateModified\":\"2026-04-13T12:04:09+00:00\",\"description\":\"Didelis medinis l\u0117li\u0173 namelis - KidsPlay. Did\u017eiausias vaik\u0173 \u017eaisl\u0173 pasirinkimas.\",\"breadcrumb\":{\"@id\":\"https:\\\/\\\/kidsplay.lt\\\/produktas\\\/didelis-medinis-leliu-namelis\\\/#breadcrumb\"},\"inLanguage\":\"lv-LV\",\"potentialAction\":[{\"@type\":\"ReadAction\",\"target\":[\"https:\\\/\\\/kidsplay.lt\\\/produktas\\\/didelis-medinis-leliu-namelis\\\/\"]}]},{\"@type\":\"ImageObject\",\"inLanguage\":\"lv-LV\",\"@id\":\"https:\\\/\\\/kidsplay.lt\\\/produktas\\\/didelis-medinis-leliu-namelis\\\/#primaryimage\",\"url\":\"https:\\\/\\\/kidsplay.lt\\\/wp-content\\\/uploads\\\/2025\\\/10\\\/Didelis-medinis-leliu-namelis.jpg\",\"contentUrl\":\"https:\\\/\\\/kidsplay.lt\\\/wp-content\\\/uploads\\\/2025\\\/10\\\/Didelis-medinis-leliu-namelis.jpg\",\"width\":1178,\"height\":1178,\"caption\":\"Didelis medinis l\u0117li\u0173 namelis\"},{\"@type\":\"BreadcrumbList\",\"@id\":\"https:\\\/\\\/kidsplay.lt\\\/produktas\\\/didelis-medinis-leliu-namelis\\\/#breadcrumb\",\"itemListElement\":[{\"@type\":\"ListItem\",\"position\":1,\"name\":\"Pagrindinis\",\"item\":\"https:\\\/\\\/kidsplay.lt\\\/\"},{\"@type\":\"ListItem\",\"position\":2,\"name\":\"Parduotuv\u0117\",\"item\":\"https:\\\/\\\/kidsplay.lt\\\/parduotuve\\\/\"},{\"@type\":\"ListItem\",\"position\":3,\"name\":\"Didelis medinis l\u0117li\u0173 namelis\"}]},{\"@type\":\"WebSite\",\"@id\":\"https:\\\/\\\/kidsplay.lt\\\/#website\",\"url\":\"https:\\\/\\\/kidsplay.lt\\\/\",\"name\":\"Kidsplay.lt\",\"description\":\"\u012evairios prek\u0117s vaikams\",\"publisher\":{\"@id\":\"https:\\\/\\\/kidsplay.lt\\\/#organization\"},\"alternateName\":\"Kidsplay\",\"potentialAction\":[{\"@type\":\"SearchAction\",\"target\":{\"@type\":\"EntryPoint\",\"urlTemplate\":\"https:\\\/\\\/kidsplay.lt\\\/?s={search_term_string}\"},\"query-input\":{\"@type\":\"PropertyValueSpecification\",\"valueRequired\":true,\"valueName\":\"search_term_string\"}}],\"inLanguage\":\"lv-LV\"},{\"@type\":\"Organization\",\"@id\":\"https:\\\/\\\/kidsplay.lt\\\/#organization\",\"name\":\"KidsPlay\",\"url\":\"https:\\\/\\\/kidsplay.lt\\\/\",\"logo\":{\"@type\":\"ImageObject\",\"inLanguage\":\"lv-LV\",\"@id\":\"https:\\\/\\\/kidsplay.lt\\\/#\\\/schema\\\/logo\\\/image\\\/\",\"url\":\"https:\\\/\\\/kidsplay.lt\\\/wp-content\\\/uploads\\\/2023\\\/07\\\/kidsplay-logo.png\",\"contentUrl\":\"https:\\\/\\\/kidsplay.lt\\\/wp-content\\\/uploads\\\/2023\\\/07\\\/kidsplay-logo.png\",\"width\":451,\"height\":98,\"caption\":\"KidsPlay\"},\"image\":{\"@id\":\"https:\\\/\\\/kidsplay.lt\\\/#\\\/schema\\\/logo\\\/image\\\/\"},\"sameAs\":[\"https:\\\/\\\/www.facebook.com\\\/www.kidsplay.lt\"]}]}<\/script>\n<!-- \/ Yoast SEO plugin. -->","yoast_head_json":{"title":"Liela koka le\u013c\u013cu m\u0101ja","description":"Didelis medinis l\u0117li\u0173 namelis - KidsPlay. Did\u017eiausias vaik\u0173 \u017eaisl\u0173 pasirinkimas.","robots":{"index":"index","follow":"follow","max-snippet":"max-snippet:-1","max-image-preview":"max-image-preview:large","max-video-preview":"max-video-preview:-1"},"canonical":"https:\/\/kidsplay.lt\/lv\/products\/didelis-medinis-leliu-namelis\/","og_locale":"lv_LV","og_type":"article","og_title":"Didelis medinis l\u0117li\u0173 namelis","og_description":"Didelis medinis l\u0117li\u0173 namelis - KidsPlay. Did\u017eiausias vaik\u0173 \u017eaisl\u0173 pasirinkimas.","og_url":"https:\/\/kidsplay.lt\/lv\/products\/didelis-medinis-leliu-namelis\/","og_site_name":"KidsPlay","article_publisher":"https:\/\/www.facebook.com\/www.kidsplay.lt","article_modified_time":"2026-04-13T12:04:09+00:00","og_image":[{"width":1178,"height":1178,"url":"https:\/\/kidsplay.lt\/wp-content\/uploads\/2025\/10\/Didelis-medinis-leliu-namelis.jpg","type":"image\/jpeg"}],"twitter_card":"summary_large_image","twitter_misc":{"Est. reading time":"1 min\u016bte"},"schema":{"@context":"https:\/\/schema.org","@graph":[{"@type":"WebPage","@id":"https:\/\/kidsplay.lt\/produktas\/didelis-medinis-leliu-namelis\/","url":"https:\/\/kidsplay.lt\/produktas\/didelis-medinis-leliu-namelis\/","name":"Liela koka le\u013c\u013cu m\u0101ja","isPartOf":{"@id":"https:\/\/kidsplay.lt\/#website"},"primaryImageOfPage":{"@id":"https:\/\/kidsplay.lt\/produktas\/didelis-medinis-leliu-namelis\/#primaryimage"},"image":{"@id":"https:\/\/kidsplay.lt\/produktas\/didelis-medinis-leliu-namelis\/#primaryimage"},"thumbnailUrl":"https:\/\/kidsplay.lt\/wp-content\/uploads\/2025\/10\/Didelis-medinis-leliu-namelis.jpg","datePublished":"2026-02-26T07:27:13+00:00","dateModified":"2026-04-13T12:04:09+00:00","description":"Didelis medinis l\u0117li\u0173 namelis - KidsPlay. Did\u017eiausias vaik\u0173 \u017eaisl\u0173 pasirinkimas.","breadcrumb":{"@id":"https:\/\/kidsplay.lt\/produktas\/didelis-medinis-leliu-namelis\/#breadcrumb"},"inLanguage":"lv-LV","potentialAction":[{"@type":"ReadAction","target":["https:\/\/kidsplay.lt\/produktas\/didelis-medinis-leliu-namelis\/"]}]},{"@type":"ImageObject","inLanguage":"lv-LV","@id":"https:\/\/kidsplay.lt\/produktas\/didelis-medinis-leliu-namelis\/#primaryimage","url":"https:\/\/kidsplay.lt\/wp-content\/uploads\/2025\/10\/Didelis-medinis-leliu-namelis.jpg","contentUrl":"https:\/\/kidsplay.lt\/wp-content\/uploads\/2025\/10\/Didelis-medinis-leliu-namelis.jpg","width":1178,"height":1178,"caption":"Didelis medinis l\u0117li\u0173 namelis"},{"@type":"BreadcrumbList","@id":"https:\/\/kidsplay.lt\/produktas\/didelis-medinis-leliu-namelis\/#breadcrumb","itemListElement":[{"@type":"ListItem","position":1,"name":"Pagrindinis","item":"https:\/\/kidsplay.lt\/"},{"@type":"ListItem","position":2,"name":"Parduotuv\u0117","item":"https:\/\/kidsplay.lt\/parduotuve\/"},{"@type":"ListItem","position":3,"name":"Didelis medinis l\u0117li\u0173 namelis"}]},{"@type":"WebSite","@id":"https:\/\/kidsplay.lt\/#website","url":"https:\/\/kidsplay.lt\/","name":"B\u0113rnu sp\u0113les.lv","description":"\u012evairios prek\u0117s vaikams","publisher":{"@id":"https:\/\/kidsplay.lt\/#organization"},"alternateName":"Kidsplay","potentialAction":[{"@type":"SearchAction","target":{"@type":"EntryPoint","urlTemplate":"https:\/\/kidsplay.lt\/?s={search_term_string}"},"query-input":{"@type":"PropertyValueSpecification","valueRequired":true,"valueName":"search_term_string"}}],"inLanguage":"lv-LV"},{"@type":"Organization","@id":"https:\/\/kidsplay.lt\/#organization","name":"B\u0113rnu sp\u0113le","url":"https:\/\/kidsplay.lt\/","logo":{"@type":"ImageObject","inLanguage":"lv-LV","@id":"https:\/\/kidsplay.lt\/#\/schema\/logo\/image\/","url":"https:\/\/kidsplay.lt\/wp-content\/uploads\/2023\/07\/kidsplay-logo.png","contentUrl":"https:\/\/kidsplay.lt\/wp-content\/uploads\/2023\/07\/kidsplay-logo.png","width":451,"height":98,"caption":"KidsPlay"},"image":{"@id":"https:\/\/kidsplay.lt\/#\/schema\/logo\/image\/"},"sameAs":["https:\/\/www.facebook.com\/www.kidsplay.lt"]}]}},"_links":{"self":[{"href":"https:\/\/kidsplay.lt\/lv\/wp-json\/wp\/v2\/product\/89680","targetHints":{"allow":["GET"]}}],"collection":[{"href":"https:\/\/kidsplay.lt\/lv\/wp-json\/wp\/v2\/product"}],"about":[{"href":"https:\/\/kidsplay.lt\/lv\/wp-json\/wp\/v2\/types\/product"}],"version-history":[{"count":1,"href":"https:\/\/kidsplay.lt\/lv\/wp-json\/wp\/v2\/product\/89680\/revisions"}],"predecessor-version":[{"id":89681,"href":"https:\/\/kidsplay.lt\/lv\/wp-json\/wp\/v2\/product\/89680\/revisions\/89681"}],"wp:featuredmedia":[{"embeddable":true,"href":"https:\/\/kidsplay.lt\/lv\/wp-json\/wp\/v2\/media\/69195"}],"wp:attachment":[{"href":"https:\/\/kidsplay.lt\/lv\/wp-json\/wp\/v2\/media?parent=89680"}],"wp:term":[{"taxonomy":"product_brand","embeddable":true,"href":"https:\/\/kidsplay.lt\/lv\/wp-json\/wp\/v2\/product_brand?post=89680"},{"taxonomy":"product_cat","embeddable":true,"href":"https:\/\/kidsplay.lt\/lv\/wp-json\/wp\/v2\/product_cat?post=89680"},{"taxonomy":"product_tag","embeddable":true,"href":"https:\/\/kidsplay.lt\/lv\/wp-json\/wp\/v2\/product_tag?post=89680"}],"curies":[{"name":"wp","href":"https:\/\/api.w.org\/{rel}","templated":true}]}}