{"id":89682,"date":"2026-02-26T09:27:16","date_gmt":"2026-02-26T07:27:16","guid":{"rendered":"https:\/\/kidsplay.lt\/produktas\/didelis-medinis-leliu-namelis-2\/"},"modified":"2026-04-07T10:42:42","modified_gmt":"2026-04-07T07:42:42","slug":"didelis-medinis-leliu-namelis-2","status":"publish","type":"product","link":"https:\/\/kidsplay.lt\/lv\/product\/didelis-medinis-leliu-namelis-2\/","title":{"rendered":"Liela koka le\u013c\u013cu m\u0101ja"},"content":{"rendered":"<p>Medinis l\u0117li\u0173 namelis yra puikus \u017eaislas mergait\u0117ms. Namuose yra daug kambari\u0173, tod\u0117l kiekviena mergina gali atlikti bet kok\u012f vaidmen\u012f su savo ma\u017eomis l\u0117lyt\u0117mis, fig\u016br\u0117l\u0117mis ar me\u0161kiukais.\u00a0<\/p>\n<p>Charakteristika:<\/p>\n<p> \t&#8211; didelis medinis namas &#8211; visi\u0161kai atviras i\u0161 vienos pus\u0117s,<br \/>\n \t&#8211; namas yra 3 auk\u0161t\u0173, kuriuose yra 5 skirtingi kambariai: virtuv\u0117, svetain\u0117, vonios kambarys, miegamasis ir balkonas,<br \/>\n \t&#8211; \u012f komplekt\u0105 \u012feina \u012fvair\u016bs baldai &#8211; \u017eaidimui reikalinga nam\u0173 \u012franga,<br \/>\n \t&#8211; M\u016bs\u0173 \u017eaislai gali patekti i\u0161 pirmo auk\u0161to \u012f pirm\u0105 auk\u0161t\u0105 liftu (de\u0161in\u0117je namo pus\u0117je yra balta ranken\u0117l\u0117 liftui perkelti),<br \/>\n \t&#8211; vir\u0161utiniame auk\u0161te, tiesiai i\u0161 miegamojo, m\u016bs\u0173 l\u0117l\u0117s gali eiti tiesiai \u012f teras\u0105,<br \/>\n \t&#8211; komplekte n\u0117ra l\u0117li\u0173\/fig\u016br\u0117li\u0173.<\/p>\n<p>\u017daislas vysto:<\/p>\n<p> \t&#8211; vaizduot\u0117,<br \/>\n \t&#8211; k\u016brybi\u0161kumas,<br \/>\n \t&#8211; loginis m\u0105stymas,<br \/>\n \t&#8211; bendradarbiavimas,<br \/>\n \t&#8211; dalintis,<br \/>\n \t&#8211; vaidmen\u0173 \u017eaidimas.<\/p>","protected":false},"excerpt":{"rendered":"<p>Medinis l\u0117li\u0173 namelis yra puikus \u017eaislas mergait\u0117ms. Namuose yra daug kambari\u0173, tod\u0117l kiekviena mergina gali atlikti bet kok\u012f vaidmen\u012f su<\/p>","protected":false},"featured_media":70454,"template":"","meta":{"_acf_changed":false,"_glsr_average":0,"_glsr_ranking":0,"_glsr_reviews":0},"product_brand":[],"product_cat":[443,283],"product_tag":[],"class_list":{"0":"post-89682","1":"product","2":"type-product","3":"status-publish","4":"has-post-thumbnail","6":"product_cat-leles-ir-priedai","7":"product_cat-leliu-nameliai","8":"\"style=\"background-color: #2ecc711c;\"","10":"first","11":"instock","12":"purchasable","13":"product-type-simple"},"acf":[],"yoast_head":"<!-- This site is optimized with the Yoast SEO plugin v27.3 - https:\/\/yoast.com\/product\/yoast-seo-wordpress\/ -->\n<title>Didelis medinis l\u0117li\u0173 namelis<\/title>\n<meta name=\"description\" content=\"Didelis medinis l\u0117li\u0173 namelis - KidsPlay. Did\u017eiausias vaik\u0173 \u017eaisl\u0173 pasirinkimas.\" \/>\n<meta name=\"robots\" content=\"index, follow, max-snippet:-1, max-image-preview:large, max-video-preview:-1\" \/>\n<link rel=\"canonical\" href=\"https:\/\/kidsplay.lt\/lv\/product\/didelis-medinis-leliu-namelis-2\/\" \/>\n<meta property=\"og:locale\" content=\"lv_LV\" \/>\n<meta property=\"og:type\" content=\"article\" \/>\n<meta property=\"og:title\" content=\"Didelis medinis l\u0117li\u0173 namelis\" \/>\n<meta property=\"og:description\" content=\"Didelis medinis l\u0117li\u0173 namelis - KidsPlay. Did\u017eiausias vaik\u0173 \u017eaisl\u0173 pasirinkimas.\" \/>\n<meta property=\"og:url\" content=\"https:\/\/kidsplay.lt\/lv\/product\/didelis-medinis-leliu-namelis-2\/\" \/>\n<meta property=\"og:site_name\" content=\"KidsPlay\" \/>\n<meta property=\"article:publisher\" content=\"https:\/\/www.facebook.com\/www.kidsplay.lt\" \/>\n<meta property=\"article:modified_time\" content=\"2026-04-07T07:42:42+00:00\" \/>\n<meta property=\"og:image\" content=\"https:\/\/kidsplay.lt\/wp-content\/uploads\/2025\/10\/Didelis-medinis-leliu-namelis-3.jpg\" \/>\n\t<meta property=\"og:image:width\" content=\"2560\" \/>\n\t<meta property=\"og:image:height\" content=\"2560\" \/>\n\t<meta property=\"og:image:type\" content=\"image\/jpeg\" \/>\n<meta name=\"twitter:card\" content=\"summary_large_image\" \/>\n<meta name=\"twitter:label1\" content=\"Est. reading time\" \/>\n\t<meta name=\"twitter:data1\" content=\"1 min\u016bte\" \/>\n<script type=\"application\/ld+json\" class=\"yoast-schema-graph\">{\"@context\":\"https:\\\/\\\/schema.org\",\"@graph\":[{\"@type\":\"WebPage\",\"@id\":\"https:\\\/\\\/kidsplay.lt\\\/produktas\\\/didelis-medinis-leliu-namelis-2\\\/\",\"url\":\"https:\\\/\\\/kidsplay.lt\\\/produktas\\\/didelis-medinis-leliu-namelis-2\\\/\",\"name\":\"Didelis medinis l\u0117li\u0173 namelis\",\"isPartOf\":{\"@id\":\"https:\\\/\\\/kidsplay.lt\\\/#website\"},\"primaryImageOfPage\":{\"@id\":\"https:\\\/\\\/kidsplay.lt\\\/produktas\\\/didelis-medinis-leliu-namelis-2\\\/#primaryimage\"},\"image\":{\"@id\":\"https:\\\/\\\/kidsplay.lt\\\/produktas\\\/didelis-medinis-leliu-namelis-2\\\/#primaryimage\"},\"thumbnailUrl\":\"https:\\\/\\\/kidsplay.lt\\\/wp-content\\\/uploads\\\/2025\\\/10\\\/Didelis-medinis-leliu-namelis-3.jpg\",\"datePublished\":\"2026-02-26T07:27:16+00:00\",\"dateModified\":\"2026-04-07T07:42:42+00:00\",\"description\":\"Didelis medinis l\u0117li\u0173 namelis - KidsPlay. Did\u017eiausias vaik\u0173 \u017eaisl\u0173 pasirinkimas.\",\"breadcrumb\":{\"@id\":\"https:\\\/\\\/kidsplay.lt\\\/produktas\\\/didelis-medinis-leliu-namelis-2\\\/#breadcrumb\"},\"inLanguage\":\"lv-LV\",\"potentialAction\":[{\"@type\":\"ReadAction\",\"target\":[\"https:\\\/\\\/kidsplay.lt\\\/produktas\\\/didelis-medinis-leliu-namelis-2\\\/\"]}]},{\"@type\":\"ImageObject\",\"inLanguage\":\"lv-LV\",\"@id\":\"https:\\\/\\\/kidsplay.lt\\\/produktas\\\/didelis-medinis-leliu-namelis-2\\\/#primaryimage\",\"url\":\"https:\\\/\\\/kidsplay.lt\\\/wp-content\\\/uploads\\\/2025\\\/10\\\/Didelis-medinis-leliu-namelis-3.jpg\",\"contentUrl\":\"https:\\\/\\\/kidsplay.lt\\\/wp-content\\\/uploads\\\/2025\\\/10\\\/Didelis-medinis-leliu-namelis-3.jpg\",\"width\":2560,\"height\":2560,\"caption\":\"Didelis medinis l\u0117li\u0173 namelis\"},{\"@type\":\"BreadcrumbList\",\"@id\":\"https:\\\/\\\/kidsplay.lt\\\/produktas\\\/didelis-medinis-leliu-namelis-2\\\/#breadcrumb\",\"itemListElement\":[{\"@type\":\"ListItem\",\"position\":1,\"name\":\"Pagrindinis\",\"item\":\"https:\\\/\\\/kidsplay.lt\\\/\"},{\"@type\":\"ListItem\",\"position\":2,\"name\":\"Parduotuv\u0117\",\"item\":\"https:\\\/\\\/kidsplay.lt\\\/parduotuve\\\/\"},{\"@type\":\"ListItem\",\"position\":3,\"name\":\"Didelis medinis l\u0117li\u0173 namelis\"}]},{\"@type\":\"WebSite\",\"@id\":\"https:\\\/\\\/kidsplay.lt\\\/#website\",\"url\":\"https:\\\/\\\/kidsplay.lt\\\/\",\"name\":\"Kidsplay.lt\",\"description\":\"\u012evairios prek\u0117s vaikams\",\"publisher\":{\"@id\":\"https:\\\/\\\/kidsplay.lt\\\/#organization\"},\"alternateName\":\"Kidsplay\",\"potentialAction\":[{\"@type\":\"SearchAction\",\"target\":{\"@type\":\"EntryPoint\",\"urlTemplate\":\"https:\\\/\\\/kidsplay.lt\\\/?s={search_term_string}\"},\"query-input\":{\"@type\":\"PropertyValueSpecification\",\"valueRequired\":true,\"valueName\":\"search_term_string\"}}],\"inLanguage\":\"lv-LV\"},{\"@type\":\"Organization\",\"@id\":\"https:\\\/\\\/kidsplay.lt\\\/#organization\",\"name\":\"KidsPlay\",\"url\":\"https:\\\/\\\/kidsplay.lt\\\/\",\"logo\":{\"@type\":\"ImageObject\",\"inLanguage\":\"lv-LV\",\"@id\":\"https:\\\/\\\/kidsplay.lt\\\/#\\\/schema\\\/logo\\\/image\\\/\",\"url\":\"https:\\\/\\\/kidsplay.lt\\\/wp-content\\\/uploads\\\/2023\\\/07\\\/kidsplay-logo.png\",\"contentUrl\":\"https:\\\/\\\/kidsplay.lt\\\/wp-content\\\/uploads\\\/2023\\\/07\\\/kidsplay-logo.png\",\"width\":451,\"height\":98,\"caption\":\"KidsPlay\"},\"image\":{\"@id\":\"https:\\\/\\\/kidsplay.lt\\\/#\\\/schema\\\/logo\\\/image\\\/\"},\"sameAs\":[\"https:\\\/\\\/www.facebook.com\\\/www.kidsplay.lt\"]}]}<\/script>\n<!-- \/ Yoast SEO plugin. -->","yoast_head_json":{"title":"Liela koka le\u013c\u013cu m\u0101ja","description":"Didelis medinis l\u0117li\u0173 namelis - KidsPlay. Did\u017eiausias vaik\u0173 \u017eaisl\u0173 pasirinkimas.","robots":{"index":"index","follow":"follow","max-snippet":"max-snippet:-1","max-image-preview":"max-image-preview:large","max-video-preview":"max-video-preview:-1"},"canonical":"https:\/\/kidsplay.lt\/lv\/product\/didelis-medinis-leliu-namelis-2\/","og_locale":"lv_LV","og_type":"article","og_title":"Didelis medinis l\u0117li\u0173 namelis","og_description":"Didelis medinis l\u0117li\u0173 namelis - KidsPlay. Did\u017eiausias vaik\u0173 \u017eaisl\u0173 pasirinkimas.","og_url":"https:\/\/kidsplay.lt\/lv\/product\/didelis-medinis-leliu-namelis-2\/","og_site_name":"KidsPlay","article_publisher":"https:\/\/www.facebook.com\/www.kidsplay.lt","article_modified_time":"2026-04-07T07:42:42+00:00","og_image":[{"width":2560,"height":2560,"url":"https:\/\/kidsplay.lt\/wp-content\/uploads\/2025\/10\/Didelis-medinis-leliu-namelis-3.jpg","type":"image\/jpeg"}],"twitter_card":"summary_large_image","twitter_misc":{"Est. reading time":"1 min\u016bte"},"schema":{"@context":"https:\/\/schema.org","@graph":[{"@type":"WebPage","@id":"https:\/\/kidsplay.lt\/produktas\/didelis-medinis-leliu-namelis-2\/","url":"https:\/\/kidsplay.lt\/produktas\/didelis-medinis-leliu-namelis-2\/","name":"Liela koka le\u013c\u013cu m\u0101ja","isPartOf":{"@id":"https:\/\/kidsplay.lt\/#website"},"primaryImageOfPage":{"@id":"https:\/\/kidsplay.lt\/produktas\/didelis-medinis-leliu-namelis-2\/#primaryimage"},"image":{"@id":"https:\/\/kidsplay.lt\/produktas\/didelis-medinis-leliu-namelis-2\/#primaryimage"},"thumbnailUrl":"https:\/\/kidsplay.lt\/wp-content\/uploads\/2025\/10\/Didelis-medinis-leliu-namelis-3.jpg","datePublished":"2026-02-26T07:27:16+00:00","dateModified":"2026-04-07T07:42:42+00:00","description":"Didelis medinis l\u0117li\u0173 namelis - KidsPlay. Did\u017eiausias vaik\u0173 \u017eaisl\u0173 pasirinkimas.","breadcrumb":{"@id":"https:\/\/kidsplay.lt\/produktas\/didelis-medinis-leliu-namelis-2\/#breadcrumb"},"inLanguage":"lv-LV","potentialAction":[{"@type":"ReadAction","target":["https:\/\/kidsplay.lt\/produktas\/didelis-medinis-leliu-namelis-2\/"]}]},{"@type":"ImageObject","inLanguage":"lv-LV","@id":"https:\/\/kidsplay.lt\/produktas\/didelis-medinis-leliu-namelis-2\/#primaryimage","url":"https:\/\/kidsplay.lt\/wp-content\/uploads\/2025\/10\/Didelis-medinis-leliu-namelis-3.jpg","contentUrl":"https:\/\/kidsplay.lt\/wp-content\/uploads\/2025\/10\/Didelis-medinis-leliu-namelis-3.jpg","width":2560,"height":2560,"caption":"Didelis medinis l\u0117li\u0173 namelis"},{"@type":"BreadcrumbList","@id":"https:\/\/kidsplay.lt\/produktas\/didelis-medinis-leliu-namelis-2\/#breadcrumb","itemListElement":[{"@type":"ListItem","position":1,"name":"Pagrindinis","item":"https:\/\/kidsplay.lt\/"},{"@type":"ListItem","position":2,"name":"Parduotuv\u0117","item":"https:\/\/kidsplay.lt\/parduotuve\/"},{"@type":"ListItem","position":3,"name":"Didelis medinis l\u0117li\u0173 namelis"}]},{"@type":"WebSite","@id":"https:\/\/kidsplay.lt\/#website","url":"https:\/\/kidsplay.lt\/","name":"B\u0113rnu sp\u0113les.lv","description":"\u012evairios prek\u0117s vaikams","publisher":{"@id":"https:\/\/kidsplay.lt\/#organization"},"alternateName":"Kidsplay","potentialAction":[{"@type":"SearchAction","target":{"@type":"EntryPoint","urlTemplate":"https:\/\/kidsplay.lt\/?s={search_term_string}"},"query-input":{"@type":"PropertyValueSpecification","valueRequired":true,"valueName":"search_term_string"}}],"inLanguage":"lv-LV"},{"@type":"Organization","@id":"https:\/\/kidsplay.lt\/#organization","name":"B\u0113rnu sp\u0113le","url":"https:\/\/kidsplay.lt\/","logo":{"@type":"ImageObject","inLanguage":"lv-LV","@id":"https:\/\/kidsplay.lt\/#\/schema\/logo\/image\/","url":"https:\/\/kidsplay.lt\/wp-content\/uploads\/2023\/07\/kidsplay-logo.png","contentUrl":"https:\/\/kidsplay.lt\/wp-content\/uploads\/2023\/07\/kidsplay-logo.png","width":451,"height":98,"caption":"KidsPlay"},"image":{"@id":"https:\/\/kidsplay.lt\/#\/schema\/logo\/image\/"},"sameAs":["https:\/\/www.facebook.com\/www.kidsplay.lt"]}]}},"_links":{"self":[{"href":"https:\/\/kidsplay.lt\/lv\/wp-json\/wp\/v2\/product\/89682","targetHints":{"allow":["GET"]}}],"collection":[{"href":"https:\/\/kidsplay.lt\/lv\/wp-json\/wp\/v2\/product"}],"about":[{"href":"https:\/\/kidsplay.lt\/lv\/wp-json\/wp\/v2\/types\/product"}],"version-history":[{"count":1,"href":"https:\/\/kidsplay.lt\/lv\/wp-json\/wp\/v2\/product\/89682\/revisions"}],"predecessor-version":[{"id":89683,"href":"https:\/\/kidsplay.lt\/lv\/wp-json\/wp\/v2\/product\/89682\/revisions\/89683"}],"wp:featuredmedia":[{"embeddable":true,"href":"https:\/\/kidsplay.lt\/lv\/wp-json\/wp\/v2\/media\/70454"}],"wp:attachment":[{"href":"https:\/\/kidsplay.lt\/lv\/wp-json\/wp\/v2\/media?parent=89682"}],"wp:term":[{"taxonomy":"product_brand","embeddable":true,"href":"https:\/\/kidsplay.lt\/lv\/wp-json\/wp\/v2\/product_brand?post=89682"},{"taxonomy":"product_cat","embeddable":true,"href":"https:\/\/kidsplay.lt\/lv\/wp-json\/wp\/v2\/product_cat?post=89682"},{"taxonomy":"product_tag","embeddable":true,"href":"https:\/\/kidsplay.lt\/lv\/wp-json\/wp\/v2\/product_tag?post=89682"}],"curies":[{"name":"wp","href":"https:\/\/api.w.org\/{rel}","templated":true}]}}