{"id":89684,"date":"2026-02-26T09:27:19","date_gmt":"2026-02-26T07:27:19","guid":{"rendered":"https:\/\/kidsplay.lt\/produktas\/drambliuku-arkadinis-zaidimas\/"},"modified":"2026-04-13T15:04:17","modified_gmt":"2026-04-13T12:04:17","slug":"drambliuku-arkadinis-zaidimas","status":"publish","type":"product","link":"https:\/\/kidsplay.lt\/lv\/products\/drambliuku-arkadinis-zaidimas\/","title":{"rendered":"Zilo\u0146u ark\u0101des sp\u0113le"},"content":{"rendered":"<p>\u201eWoopie\u201c\u00a0d\u0117lion\u0117 \u201eElephant on Elephant\u201c\u00a0yra \u017eavus \u017eaidimas, susidedantis i\u0161\u00a046 element\u0173\u00a0, \u012fskaitant spalvingus kauliukus ir \u017eaidimo kortas. Puikus b\u016bdas praleisti laik\u0105 kartu su \u0161eima.\u00a0D\u0117l i\u0161rai\u0161king\u0173 spalv\u0173 ir miel\u0173 drambli\u0173 form\u0173\u00a0\u0161is \u017eaislas neliks nepasteb\u0117tas. Elephant on Elephant si\u016blo\u00a0du \u017eavius \u200b\u200b\u017eaidimo b\u016bdus\u00a0\u2013 kaip dramblio galvos\u016bk\u012f ir kaip alternatyv\u0105 Jenga stiliaus \u017eaidimui.<\/p>\n<p>D\u0117lion\u0117, sukurta ma\u017eoms vaik\u0173 rankyt\u0117ms, neturi a\u0161tri\u0173 kra\u0161t\u0173, tod\u0117l yra 100% saugi j\u016bs\u0173 vaikui.<\/p>\n<p>Raksturojums:<\/p>\n<p> \t&#8211; \u017eaislas, skirtas\u00a03 met\u0173 ir vyresniems vaikams<br \/>\n \t&#8211; rinkin\u012f sudaro 46 elementai, \u012fskaitant kauliukus ir \u017eaidimo kortas,<br \/>\n \t&#8211; elementai buvo pagaminti i\u0161 med\u017eio,<br \/>\n \t&#8211; da\u017eymui buvo naudojami netoksi\u0161ki da\u017eai,<br \/>\n \t&#8211; vaikams saugus produktas,<br \/>\n \t&#8211; puiki id\u0117ja pramogauti visai \u0161eimai.<\/p>\n<p>Rota\u013clieta att\u012bst\u0101s:<\/p>\n<p> \t&#8211; motoriniai \u012fg\u016bd\u017eiai,<br \/>\n \t&#8211; tikslumas,<br \/>\n \t&#8211; kantryb\u0117s,<br \/>\n \t&#8211; vikrumas,<br \/>\n \t&#8211; koncentracija<br \/>\n \t&#8211; geb\u0117jimas m\u0105styti logi\u0161kai,<br \/>\n \t&#8211; geb\u0117jimas \u017eaisti su kitais.<\/p>\n<p>&lt;center&gt;&lt;iframe width=&quot;&rdquo;467&Prime;&quot; height=&quot;&rdquo;831&Prime;&quot; src=&quot;&rdquo;https:\/\/www.youtube.com\/embed\/Sgi_n-ZOlJs&rdquo;&quot; title=&quot;&rdquo;WOOPIE&quot; green s\u0142onik na s\u0142oniku gra zr\u0119czno\u015bciowa fsc&rdquo; frameborder=&quot;&rdquo;0&Prime;&quot; allow=&quot;&rdquo;accelerometer;&quot; autoplay; clipboard-write; encrypted-media; gyroscope; picture-in-picture; web-share&rdquo; referrerpolicy=&quot;&rdquo;strict-origin-when-cross-origin&rdquo;&quot; allowfullscreen&gt;&lt;\/iframe&gt;&lt;\/center&gt;<\/p>","protected":false},"excerpt":{"rendered":"<p>\u201eWoopie\u201c\u00a0d\u0117lion\u0117 \u201eElephant on Elephant\u201c\u00a0yra \u017eavus \u017eaidimas, susidedantis i\u0161\u00a046 element\u0173\u00a0, \u012fskaitant spalvingus kauliukus ir \u017eaidimo kortas. Puikus b\u016bdas praleisti laik\u0105 kartu<\/p>","protected":false},"featured_media":55945,"template":"","meta":{"_acf_changed":false,"_glsr_average":0,"_glsr_ranking":0,"_glsr_reviews":0},"product_brand":[],"product_cat":[883,229],"product_tag":[],"class_list":{"0":"post-89684","1":"product","2":"type-product","3":"status-publish","4":"has-post-thumbnail","6":"product_cat-mediniai-zaislai-2","7":"product_cat-zaislai-vaikams","8":"\"style=\"background-color: #2ecc711c;\"","10":"first","11":"instock","12":"purchasable","13":"product-type-simple"},"acf":[],"yoast_head":"<!-- This site is optimized with the Yoast SEO plugin v27.4 - https:\/\/yoast.com\/product\/yoast-seo-wordpress\/ -->\n<title>Drambliuk\u0173 arkadinis \u017eaidimas<\/title>\n<meta name=\"description\" content=\"Drambliuk\u0173 arkadinis \u017eaidimas - KidsPlay. Did\u017eiausias vaik\u0173 \u017eaisl\u0173 pasirinkimas.\" \/>\n<meta name=\"robots\" content=\"index, follow, max-snippet:-1, max-image-preview:large, max-video-preview:-1\" \/>\n<link rel=\"canonical\" href=\"https:\/\/kidsplay.lt\/lv\/products\/drambliuku-arkadinis-zaidimas\/\" \/>\n<meta property=\"og:locale\" content=\"lv_LV\" \/>\n<meta property=\"og:type\" content=\"article\" \/>\n<meta property=\"og:title\" content=\"Drambliuk\u0173 arkadinis \u017eaidimas\" \/>\n<meta property=\"og:description\" content=\"Drambliuk\u0173 arkadinis \u017eaidimas - KidsPlay. Did\u017eiausias vaik\u0173 \u017eaisl\u0173 pasirinkimas.\" \/>\n<meta property=\"og:url\" content=\"https:\/\/kidsplay.lt\/lv\/products\/drambliuku-arkadinis-zaidimas\/\" \/>\n<meta property=\"og:site_name\" content=\"KidsPlay\" \/>\n<meta property=\"article:publisher\" content=\"https:\/\/www.facebook.com\/www.kidsplay.lt\" \/>\n<meta property=\"article:modified_time\" content=\"2026-04-13T12:04:17+00:00\" \/>\n<meta property=\"og:image\" content=\"https:\/\/kidsplay.lt\/wp-content\/uploads\/2024\/09\/Drambliuku-arkadinis-zaidimas-800x800.jpg\" \/>\n\t<meta property=\"og:image:width\" content=\"800\" \/>\n\t<meta property=\"og:image:height\" content=\"800\" \/>\n\t<meta property=\"og:image:type\" content=\"image\/png\" \/>\n<meta name=\"twitter:card\" content=\"summary_large_image\" \/>\n<meta name=\"twitter:label1\" content=\"Est. reading time\" \/>\n\t<meta name=\"twitter:data1\" content=\"1 min\u016bte\" \/>\n<script type=\"application\/ld+json\" class=\"yoast-schema-graph\">{\"@context\":\"https:\\\/\\\/schema.org\",\"@graph\":[{\"@type\":\"WebPage\",\"@id\":\"https:\\\/\\\/kidsplay.lt\\\/produktas\\\/drambliuku-arkadinis-zaidimas\\\/\",\"url\":\"https:\\\/\\\/kidsplay.lt\\\/produktas\\\/drambliuku-arkadinis-zaidimas\\\/\",\"name\":\"Drambliuk\u0173 arkadinis \u017eaidimas\",\"isPartOf\":{\"@id\":\"https:\\\/\\\/kidsplay.lt\\\/#website\"},\"primaryImageOfPage\":{\"@id\":\"https:\\\/\\\/kidsplay.lt\\\/produktas\\\/drambliuku-arkadinis-zaidimas\\\/#primaryimage\"},\"image\":{\"@id\":\"https:\\\/\\\/kidsplay.lt\\\/produktas\\\/drambliuku-arkadinis-zaidimas\\\/#primaryimage\"},\"thumbnailUrl\":\"https:\\\/\\\/kidsplay.lt\\\/wp-content\\\/uploads\\\/2024\\\/09\\\/Drambliuku-arkadinis-zaidimas.jpg\",\"datePublished\":\"2026-02-26T07:27:19+00:00\",\"dateModified\":\"2026-04-13T12:04:17+00:00\",\"description\":\"Drambliuk\u0173 arkadinis \u017eaidimas - KidsPlay. Did\u017eiausias vaik\u0173 \u017eaisl\u0173 pasirinkimas.\",\"breadcrumb\":{\"@id\":\"https:\\\/\\\/kidsplay.lt\\\/produktas\\\/drambliuku-arkadinis-zaidimas\\\/#breadcrumb\"},\"inLanguage\":\"lv-LV\",\"potentialAction\":[{\"@type\":\"ReadAction\",\"target\":[\"https:\\\/\\\/kidsplay.lt\\\/produktas\\\/drambliuku-arkadinis-zaidimas\\\/\"]}]},{\"@type\":\"ImageObject\",\"inLanguage\":\"lv-LV\",\"@id\":\"https:\\\/\\\/kidsplay.lt\\\/produktas\\\/drambliuku-arkadinis-zaidimas\\\/#primaryimage\",\"url\":\"https:\\\/\\\/kidsplay.lt\\\/wp-content\\\/uploads\\\/2024\\\/09\\\/Drambliuku-arkadinis-zaidimas.jpg\",\"contentUrl\":\"https:\\\/\\\/kidsplay.lt\\\/wp-content\\\/uploads\\\/2024\\\/09\\\/Drambliuku-arkadinis-zaidimas.jpg\",\"width\":2560,\"height\":2560,\"caption\":\"Drambliuk\u0173 arkadinis \u017eaidimas\"},{\"@type\":\"BreadcrumbList\",\"@id\":\"https:\\\/\\\/kidsplay.lt\\\/produktas\\\/drambliuku-arkadinis-zaidimas\\\/#breadcrumb\",\"itemListElement\":[{\"@type\":\"ListItem\",\"position\":1,\"name\":\"Pagrindinis\",\"item\":\"https:\\\/\\\/kidsplay.lt\\\/\"},{\"@type\":\"ListItem\",\"position\":2,\"name\":\"Parduotuv\u0117\",\"item\":\"https:\\\/\\\/kidsplay.lt\\\/parduotuve\\\/\"},{\"@type\":\"ListItem\",\"position\":3,\"name\":\"Drambliuk\u0173 arkadinis \u017eaidimas\"}]},{\"@type\":\"WebSite\",\"@id\":\"https:\\\/\\\/kidsplay.lt\\\/#website\",\"url\":\"https:\\\/\\\/kidsplay.lt\\\/\",\"name\":\"Kidsplay.lt\",\"description\":\"\u012evairios prek\u0117s vaikams\",\"publisher\":{\"@id\":\"https:\\\/\\\/kidsplay.lt\\\/#organization\"},\"alternateName\":\"Kidsplay\",\"potentialAction\":[{\"@type\":\"SearchAction\",\"target\":{\"@type\":\"EntryPoint\",\"urlTemplate\":\"https:\\\/\\\/kidsplay.lt\\\/?s={search_term_string}\"},\"query-input\":{\"@type\":\"PropertyValueSpecification\",\"valueRequired\":true,\"valueName\":\"search_term_string\"}}],\"inLanguage\":\"lv-LV\"},{\"@type\":\"Organization\",\"@id\":\"https:\\\/\\\/kidsplay.lt\\\/#organization\",\"name\":\"KidsPlay\",\"url\":\"https:\\\/\\\/kidsplay.lt\\\/\",\"logo\":{\"@type\":\"ImageObject\",\"inLanguage\":\"lv-LV\",\"@id\":\"https:\\\/\\\/kidsplay.lt\\\/#\\\/schema\\\/logo\\\/image\\\/\",\"url\":\"https:\\\/\\\/kidsplay.lt\\\/wp-content\\\/uploads\\\/2023\\\/07\\\/kidsplay-logo.png\",\"contentUrl\":\"https:\\\/\\\/kidsplay.lt\\\/wp-content\\\/uploads\\\/2023\\\/07\\\/kidsplay-logo.png\",\"width\":451,\"height\":98,\"caption\":\"KidsPlay\"},\"image\":{\"@id\":\"https:\\\/\\\/kidsplay.lt\\\/#\\\/schema\\\/logo\\\/image\\\/\"},\"sameAs\":[\"https:\\\/\\\/www.facebook.com\\\/www.kidsplay.lt\"]}]}<\/script>\n<!-- \/ Yoast SEO plugin. -->","yoast_head_json":{"title":"Zilo\u0146u ark\u0101des sp\u0113le","description":"Drambliuk\u0173 arkadinis \u017eaidimas - KidsPlay. Did\u017eiausias vaik\u0173 \u017eaisl\u0173 pasirinkimas.","robots":{"index":"index","follow":"follow","max-snippet":"max-snippet:-1","max-image-preview":"max-image-preview:large","max-video-preview":"max-video-preview:-1"},"canonical":"https:\/\/kidsplay.lt\/lv\/products\/drambliuku-arkadinis-zaidimas\/","og_locale":"lv_LV","og_type":"article","og_title":"Drambliuk\u0173 arkadinis \u017eaidimas","og_description":"Drambliuk\u0173 arkadinis \u017eaidimas - KidsPlay. Did\u017eiausias vaik\u0173 \u017eaisl\u0173 pasirinkimas.","og_url":"https:\/\/kidsplay.lt\/lv\/products\/drambliuku-arkadinis-zaidimas\/","og_site_name":"KidsPlay","article_publisher":"https:\/\/www.facebook.com\/www.kidsplay.lt","article_modified_time":"2026-04-13T12:04:17+00:00","og_image":[{"width":800,"height":800,"url":"https:\/\/kidsplay.lt\/wp-content\/uploads\/2024\/09\/Drambliuku-arkadinis-zaidimas-800x800.jpg","type":"image\/png"}],"twitter_card":"summary_large_image","twitter_misc":{"Est. reading time":"1 min\u016bte"},"schema":{"@context":"https:\/\/schema.org","@graph":[{"@type":"WebPage","@id":"https:\/\/kidsplay.lt\/produktas\/drambliuku-arkadinis-zaidimas\/","url":"https:\/\/kidsplay.lt\/produktas\/drambliuku-arkadinis-zaidimas\/","name":"Zilo\u0146u ark\u0101des sp\u0113le","isPartOf":{"@id":"https:\/\/kidsplay.lt\/#website"},"primaryImageOfPage":{"@id":"https:\/\/kidsplay.lt\/produktas\/drambliuku-arkadinis-zaidimas\/#primaryimage"},"image":{"@id":"https:\/\/kidsplay.lt\/produktas\/drambliuku-arkadinis-zaidimas\/#primaryimage"},"thumbnailUrl":"https:\/\/kidsplay.lt\/wp-content\/uploads\/2024\/09\/Drambliuku-arkadinis-zaidimas.jpg","datePublished":"2026-02-26T07:27:19+00:00","dateModified":"2026-04-13T12:04:17+00:00","description":"Drambliuk\u0173 arkadinis \u017eaidimas - KidsPlay. Did\u017eiausias vaik\u0173 \u017eaisl\u0173 pasirinkimas.","breadcrumb":{"@id":"https:\/\/kidsplay.lt\/produktas\/drambliuku-arkadinis-zaidimas\/#breadcrumb"},"inLanguage":"lv-LV","potentialAction":[{"@type":"ReadAction","target":["https:\/\/kidsplay.lt\/produktas\/drambliuku-arkadinis-zaidimas\/"]}]},{"@type":"ImageObject","inLanguage":"lv-LV","@id":"https:\/\/kidsplay.lt\/produktas\/drambliuku-arkadinis-zaidimas\/#primaryimage","url":"https:\/\/kidsplay.lt\/wp-content\/uploads\/2024\/09\/Drambliuku-arkadinis-zaidimas.jpg","contentUrl":"https:\/\/kidsplay.lt\/wp-content\/uploads\/2024\/09\/Drambliuku-arkadinis-zaidimas.jpg","width":2560,"height":2560,"caption":"Drambliuk\u0173 arkadinis \u017eaidimas"},{"@type":"BreadcrumbList","@id":"https:\/\/kidsplay.lt\/produktas\/drambliuku-arkadinis-zaidimas\/#breadcrumb","itemListElement":[{"@type":"ListItem","position":1,"name":"Pagrindinis","item":"https:\/\/kidsplay.lt\/"},{"@type":"ListItem","position":2,"name":"Parduotuv\u0117","item":"https:\/\/kidsplay.lt\/parduotuve\/"},{"@type":"ListItem","position":3,"name":"Drambliuk\u0173 arkadinis \u017eaidimas"}]},{"@type":"WebSite","@id":"https:\/\/kidsplay.lt\/#website","url":"https:\/\/kidsplay.lt\/","name":"B\u0113rnu sp\u0113les.lv","description":"\u012evairios prek\u0117s vaikams","publisher":{"@id":"https:\/\/kidsplay.lt\/#organization"},"alternateName":"Kidsplay","potentialAction":[{"@type":"SearchAction","target":{"@type":"EntryPoint","urlTemplate":"https:\/\/kidsplay.lt\/?s={search_term_string}"},"query-input":{"@type":"PropertyValueSpecification","valueRequired":true,"valueName":"search_term_string"}}],"inLanguage":"lv-LV"},{"@type":"Organization","@id":"https:\/\/kidsplay.lt\/#organization","name":"B\u0113rnu sp\u0113le","url":"https:\/\/kidsplay.lt\/","logo":{"@type":"ImageObject","inLanguage":"lv-LV","@id":"https:\/\/kidsplay.lt\/#\/schema\/logo\/image\/","url":"https:\/\/kidsplay.lt\/wp-content\/uploads\/2023\/07\/kidsplay-logo.png","contentUrl":"https:\/\/kidsplay.lt\/wp-content\/uploads\/2023\/07\/kidsplay-logo.png","width":451,"height":98,"caption":"KidsPlay"},"image":{"@id":"https:\/\/kidsplay.lt\/#\/schema\/logo\/image\/"},"sameAs":["https:\/\/www.facebook.com\/www.kidsplay.lt"]}]}},"_links":{"self":[{"href":"https:\/\/kidsplay.lt\/lv\/wp-json\/wp\/v2\/product\/89684","targetHints":{"allow":["GET"]}}],"collection":[{"href":"https:\/\/kidsplay.lt\/lv\/wp-json\/wp\/v2\/product"}],"about":[{"href":"https:\/\/kidsplay.lt\/lv\/wp-json\/wp\/v2\/types\/product"}],"version-history":[{"count":1,"href":"https:\/\/kidsplay.lt\/lv\/wp-json\/wp\/v2\/product\/89684\/revisions"}],"predecessor-version":[{"id":89685,"href":"https:\/\/kidsplay.lt\/lv\/wp-json\/wp\/v2\/product\/89684\/revisions\/89685"}],"wp:featuredmedia":[{"embeddable":true,"href":"https:\/\/kidsplay.lt\/lv\/wp-json\/wp\/v2\/media\/55945"}],"wp:attachment":[{"href":"https:\/\/kidsplay.lt\/lv\/wp-json\/wp\/v2\/media?parent=89684"}],"wp:term":[{"taxonomy":"product_brand","embeddable":true,"href":"https:\/\/kidsplay.lt\/lv\/wp-json\/wp\/v2\/product_brand?post=89684"},{"taxonomy":"product_cat","embeddable":true,"href":"https:\/\/kidsplay.lt\/lv\/wp-json\/wp\/v2\/product_cat?post=89684"},{"taxonomy":"product_tag","embeddable":true,"href":"https:\/\/kidsplay.lt\/lv\/wp-json\/wp\/v2\/product_tag?post=89684"}],"curies":[{"name":"wp","href":"https:\/\/api.w.org\/{rel}","templated":true}]}}