{"id":89688,"date":"2026-02-26T09:27:24","date_gmt":"2026-02-26T07:27:24","guid":{"rendered":"https:\/\/kidsplay.lt\/produktas\/medinis-golfo-rinkinys-ivairiu-kliuciu\/"},"modified":"2026-04-07T10:42:54","modified_gmt":"2026-04-07T07:42:54","slug":"medinis-golfo-rinkinys-ivairiu-kliuciu","status":"publish","type":"product","link":"https:\/\/kidsplay.lt\/lv\/products\/medinis-golfo-rinkinys-ivairiu-kliuciu\/","title":{"rendered":"Medinis golfo rinkinys \u012fvairi\u0173 kli\u016b\u010di\u0173"},"content":{"rendered":"<p>Medinis golfo rinkinys\u00a0i\u0161 prek\u0117s \u017eenklo\u00a0CLASSIC WORLD\u00a0yra klasikinis \u017eaidimas. Idealus b\u016bdas aktyviai leisti laisvalaik\u012f, lavinant\u00a0susikaupim\u0105\u00a0,\u00a0refleksus\u00a0,\u00a0miklum\u0105\u00a0ir\u00a0tikslum\u0105\u00a0. \u017daidimas yra 100% pagamintas i\u0161 netoksi\u0161kos\u00a0ir\u00a0oro s\u0105lygoms atsparios\u00a0medienos\u00a0.\u00a0Puiki pramoga visai \u0161eimai\u00a0. Lengvai \u012frengiama skylut\u0117 leid\u017eia \u017eaisti tiek sode, tiek namuose. \u0160iame mini golfo rinkinyje yra\u00a0golfo lazdos\u00a0,\u00a0v\u0117liavos taur\u0117s\u00a0,\u00a0kamuoliukai\u00a0ir\u00a05 unikalios kli\u016btys\u00a0. Jame ma\u017ei vaikai gal\u0117s valand\u0173 valandas smagiai praleisti laik\u0105 ir jie gal\u0117s susikurti savo golfo \u017eaidimus. Puikiai tinka\u00a0rank\u0173 ir aki\u0173 koordinacijos\u00a0ir\u00a0koncentracijos pratimams.<\/p>\n<p>Charakteristika:<\/p>\n<p> \t&#8211; \u017eaislas\u00a0nuo 3 met\u0173<br \/>\n \t&#8211; sportinis\u00a0golfo \u017eaidimas\u00a02 asmenims<br \/>\n \t&#8211; viskas pagaminta i\u0161\u00a0auk\u0161tos kokyb\u0117s\u00a0,\u00a0netoksi\u0161kos\u00a0ir\u00a0oro s\u0105lygoms atsparios medienos<\/p>\n<p>Komplekt\u0101 ietilpst:<\/p>\n<p> \t&#8211; 2\u00a0golfo lazdos<br \/>\n \t&#8211; 2\u00a0kamuoliukai<br \/>\n \t&#8211; 2\u00a0puodeliai su v\u0117liav\u0117l\u0117mis<br \/>\n \t&#8211; 5\u00a0unikalios kli\u016btys<\/p>\n<p>\u017daislas vysto\u00a0:<\/p>\n<p> \t&#8211; geb\u0117jimas \u017eaisti grup\u0117je<br \/>\n \t&#8211;\u00a0koncentracija<br \/>\n \t&#8211;\u00a0refleksai<br \/>\n \t&#8211; vikrumas<br \/>\n \t&#8211;\u00a0tikslumas<br \/>\n \t&#8211;\u00a0skatina fizinius pratimus \u017eaid\u017eiant<\/p>","protected":false},"excerpt":{"rendered":"<p>Medinis golfo rinkinys\u00a0i\u0161 prek\u0117s \u017eenklo\u00a0CLASSIC WORLD\u00a0yra klasikinis \u017eaidimas. Idealus b\u016bdas aktyviai leisti laisvalaik\u012f, lavinant\u00a0susikaupim\u0105\u00a0,\u00a0refleksus\u00a0,\u00a0miklum\u0105\u00a0ir\u00a0tikslum\u0105\u00a0. \u017daidimas yra 100% pagamintas i\u0161 netoksi\u0161kos\u00a0ir\u00a0oro<\/p>","protected":false},"featured_media":55958,"template":"","meta":{"_acf_changed":false,"_glsr_average":0,"_glsr_ranking":0,"_glsr_reviews":0},"product_brand":[],"product_cat":[233,430],"product_tag":[],"class_list":{"0":"post-89688","1":"product","2":"type-product","3":"status-publish","4":"has-post-thumbnail","6":"product_cat-lauko-pramogos","7":"product_cat-zaidimai-ir-linksmybes","8":"\"style=\"background-color: #2ecc711c;\"","10":"first","11":"instock","12":"purchasable","13":"product-type-simple"},"acf":[],"yoast_head":"<!-- This site is optimized with the Yoast SEO plugin v27.3 - https:\/\/yoast.com\/product\/yoast-seo-wordpress\/ -->\n<title>Medinis golfo rinkinys \u012fvairi\u0173 kli\u016b\u010di\u0173<\/title>\n<meta name=\"description\" content=\"Medinis golfo rinkinys \u012fvairi\u0173 kli\u016b\u010di\u0173 - KidsPlay. Did\u017eiausias vaik\u0173 \u017eaisl\u0173 pasirinkimas.\" \/>\n<meta name=\"robots\" content=\"index, follow, max-snippet:-1, max-image-preview:large, max-video-preview:-1\" \/>\n<link rel=\"canonical\" href=\"https:\/\/kidsplay.lt\/lv\/products\/medinis-golfo-rinkinys-ivairiu-kliuciu\/\" \/>\n<meta property=\"og:locale\" content=\"lv_LV\" \/>\n<meta property=\"og:type\" content=\"article\" \/>\n<meta property=\"og:title\" content=\"Medinis golfo rinkinys \u012fvairi\u0173 kli\u016b\u010di\u0173\" \/>\n<meta property=\"og:description\" content=\"Medinis golfo rinkinys \u012fvairi\u0173 kli\u016b\u010di\u0173 - KidsPlay. Did\u017eiausias vaik\u0173 \u017eaisl\u0173 pasirinkimas.\" \/>\n<meta property=\"og:url\" content=\"https:\/\/kidsplay.lt\/lv\/products\/medinis-golfo-rinkinys-ivairiu-kliuciu\/\" \/>\n<meta property=\"og:site_name\" content=\"KidsPlay\" \/>\n<meta property=\"article:publisher\" content=\"https:\/\/www.facebook.com\/www.kidsplay.lt\" \/>\n<meta property=\"article:modified_time\" content=\"2026-04-07T07:42:54+00:00\" \/>\n<meta property=\"og:image\" content=\"https:\/\/kidsplay.lt\/wp-content\/uploads\/2024\/09\/Medinis-golfo-rinkinys-ivairiu-kliuciu-800x800.jpg\" \/>\n\t<meta property=\"og:image:width\" content=\"800\" \/>\n\t<meta property=\"og:image:height\" content=\"800\" \/>\n\t<meta property=\"og:image:type\" content=\"image\/png\" \/>\n<meta name=\"twitter:card\" content=\"summary_large_image\" \/>\n<meta name=\"twitter:label1\" content=\"Est. reading time\" \/>\n\t<meta name=\"twitter:data1\" content=\"1 min\u016bte\" \/>\n<script type=\"application\/ld+json\" class=\"yoast-schema-graph\">{\"@context\":\"https:\\\/\\\/schema.org\",\"@graph\":[{\"@type\":\"WebPage\",\"@id\":\"https:\\\/\\\/kidsplay.lt\\\/produktas\\\/medinis-golfo-rinkinys-ivairiu-kliuciu\\\/\",\"url\":\"https:\\\/\\\/kidsplay.lt\\\/produktas\\\/medinis-golfo-rinkinys-ivairiu-kliuciu\\\/\",\"name\":\"Medinis golfo rinkinys \u012fvairi\u0173 kli\u016b\u010di\u0173\",\"isPartOf\":{\"@id\":\"https:\\\/\\\/kidsplay.lt\\\/#website\"},\"primaryImageOfPage\":{\"@id\":\"https:\\\/\\\/kidsplay.lt\\\/produktas\\\/medinis-golfo-rinkinys-ivairiu-kliuciu\\\/#primaryimage\"},\"image\":{\"@id\":\"https:\\\/\\\/kidsplay.lt\\\/produktas\\\/medinis-golfo-rinkinys-ivairiu-kliuciu\\\/#primaryimage\"},\"thumbnailUrl\":\"https:\\\/\\\/kidsplay.lt\\\/wp-content\\\/uploads\\\/2024\\\/09\\\/Medinis-golfo-rinkinys-ivairiu-kliuciu.jpg\",\"datePublished\":\"2026-02-26T07:27:24+00:00\",\"dateModified\":\"2026-04-07T07:42:54+00:00\",\"description\":\"Medinis golfo rinkinys \u012fvairi\u0173 kli\u016b\u010di\u0173 - KidsPlay. Did\u017eiausias vaik\u0173 \u017eaisl\u0173 pasirinkimas.\",\"breadcrumb\":{\"@id\":\"https:\\\/\\\/kidsplay.lt\\\/produktas\\\/medinis-golfo-rinkinys-ivairiu-kliuciu\\\/#breadcrumb\"},\"inLanguage\":\"lv-LV\",\"potentialAction\":[{\"@type\":\"ReadAction\",\"target\":[\"https:\\\/\\\/kidsplay.lt\\\/produktas\\\/medinis-golfo-rinkinys-ivairiu-kliuciu\\\/\"]}]},{\"@type\":\"ImageObject\",\"inLanguage\":\"lv-LV\",\"@id\":\"https:\\\/\\\/kidsplay.lt\\\/produktas\\\/medinis-golfo-rinkinys-ivairiu-kliuciu\\\/#primaryimage\",\"url\":\"https:\\\/\\\/kidsplay.lt\\\/wp-content\\\/uploads\\\/2024\\\/09\\\/Medinis-golfo-rinkinys-ivairiu-kliuciu.jpg\",\"contentUrl\":\"https:\\\/\\\/kidsplay.lt\\\/wp-content\\\/uploads\\\/2024\\\/09\\\/Medinis-golfo-rinkinys-ivairiu-kliuciu.jpg\",\"width\":2560,\"height\":2560,\"caption\":\"Medinis golfo rinkinys \u012fvairi\u0173 kli\u016b\u010di\u0173\"},{\"@type\":\"BreadcrumbList\",\"@id\":\"https:\\\/\\\/kidsplay.lt\\\/produktas\\\/medinis-golfo-rinkinys-ivairiu-kliuciu\\\/#breadcrumb\",\"itemListElement\":[{\"@type\":\"ListItem\",\"position\":1,\"name\":\"Pagrindinis\",\"item\":\"https:\\\/\\\/kidsplay.lt\\\/\"},{\"@type\":\"ListItem\",\"position\":2,\"name\":\"Parduotuv\u0117\",\"item\":\"https:\\\/\\\/kidsplay.lt\\\/parduotuve\\\/\"},{\"@type\":\"ListItem\",\"position\":3,\"name\":\"Medinis golfo rinkinys \u012fvairi\u0173 kli\u016b\u010di\u0173\"}]},{\"@type\":\"WebSite\",\"@id\":\"https:\\\/\\\/kidsplay.lt\\\/#website\",\"url\":\"https:\\\/\\\/kidsplay.lt\\\/\",\"name\":\"Kidsplay.lt\",\"description\":\"\u012evairios prek\u0117s vaikams\",\"publisher\":{\"@id\":\"https:\\\/\\\/kidsplay.lt\\\/#organization\"},\"alternateName\":\"Kidsplay\",\"potentialAction\":[{\"@type\":\"SearchAction\",\"target\":{\"@type\":\"EntryPoint\",\"urlTemplate\":\"https:\\\/\\\/kidsplay.lt\\\/?s={search_term_string}\"},\"query-input\":{\"@type\":\"PropertyValueSpecification\",\"valueRequired\":true,\"valueName\":\"search_term_string\"}}],\"inLanguage\":\"lv-LV\"},{\"@type\":\"Organization\",\"@id\":\"https:\\\/\\\/kidsplay.lt\\\/#organization\",\"name\":\"KidsPlay\",\"url\":\"https:\\\/\\\/kidsplay.lt\\\/\",\"logo\":{\"@type\":\"ImageObject\",\"inLanguage\":\"lv-LV\",\"@id\":\"https:\\\/\\\/kidsplay.lt\\\/#\\\/schema\\\/logo\\\/image\\\/\",\"url\":\"https:\\\/\\\/kidsplay.lt\\\/wp-content\\\/uploads\\\/2023\\\/07\\\/kidsplay-logo.png\",\"contentUrl\":\"https:\\\/\\\/kidsplay.lt\\\/wp-content\\\/uploads\\\/2023\\\/07\\\/kidsplay-logo.png\",\"width\":451,\"height\":98,\"caption\":\"KidsPlay\"},\"image\":{\"@id\":\"https:\\\/\\\/kidsplay.lt\\\/#\\\/schema\\\/logo\\\/image\\\/\"},\"sameAs\":[\"https:\\\/\\\/www.facebook.com\\\/www.kidsplay.lt\"]}]}<\/script>\n<!-- \/ Yoast SEO plugin. -->","yoast_head_json":{"title":"Medinis golfo rinkinys \u012fvairi\u0173 kli\u016b\u010di\u0173","description":"Medinis golfo rinkinys \u012fvairi\u0173 kli\u016b\u010di\u0173 - KidsPlay. Did\u017eiausias vaik\u0173 \u017eaisl\u0173 pasirinkimas.","robots":{"index":"index","follow":"follow","max-snippet":"max-snippet:-1","max-image-preview":"max-image-preview:large","max-video-preview":"max-video-preview:-1"},"canonical":"https:\/\/kidsplay.lt\/lv\/products\/medinis-golfo-rinkinys-ivairiu-kliuciu\/","og_locale":"lv_LV","og_type":"article","og_title":"Medinis golfo rinkinys \u012fvairi\u0173 kli\u016b\u010di\u0173","og_description":"Medinis golfo rinkinys \u012fvairi\u0173 kli\u016b\u010di\u0173 - KidsPlay. Did\u017eiausias vaik\u0173 \u017eaisl\u0173 pasirinkimas.","og_url":"https:\/\/kidsplay.lt\/lv\/products\/medinis-golfo-rinkinys-ivairiu-kliuciu\/","og_site_name":"KidsPlay","article_publisher":"https:\/\/www.facebook.com\/www.kidsplay.lt","article_modified_time":"2026-04-07T07:42:54+00:00","og_image":[{"width":800,"height":800,"url":"https:\/\/kidsplay.lt\/wp-content\/uploads\/2024\/09\/Medinis-golfo-rinkinys-ivairiu-kliuciu-800x800.jpg","type":"image\/png"}],"twitter_card":"summary_large_image","twitter_misc":{"Est. reading time":"1 min\u016bte"},"schema":{"@context":"https:\/\/schema.org","@graph":[{"@type":"WebPage","@id":"https:\/\/kidsplay.lt\/produktas\/medinis-golfo-rinkinys-ivairiu-kliuciu\/","url":"https:\/\/kidsplay.lt\/produktas\/medinis-golfo-rinkinys-ivairiu-kliuciu\/","name":"Medinis golfo rinkinys \u012fvairi\u0173 kli\u016b\u010di\u0173","isPartOf":{"@id":"https:\/\/kidsplay.lt\/#website"},"primaryImageOfPage":{"@id":"https:\/\/kidsplay.lt\/produktas\/medinis-golfo-rinkinys-ivairiu-kliuciu\/#primaryimage"},"image":{"@id":"https:\/\/kidsplay.lt\/produktas\/medinis-golfo-rinkinys-ivairiu-kliuciu\/#primaryimage"},"thumbnailUrl":"https:\/\/kidsplay.lt\/wp-content\/uploads\/2024\/09\/Medinis-golfo-rinkinys-ivairiu-kliuciu.jpg","datePublished":"2026-02-26T07:27:24+00:00","dateModified":"2026-04-07T07:42:54+00:00","description":"Medinis golfo rinkinys \u012fvairi\u0173 kli\u016b\u010di\u0173 - KidsPlay. Did\u017eiausias vaik\u0173 \u017eaisl\u0173 pasirinkimas.","breadcrumb":{"@id":"https:\/\/kidsplay.lt\/produktas\/medinis-golfo-rinkinys-ivairiu-kliuciu\/#breadcrumb"},"inLanguage":"lv-LV","potentialAction":[{"@type":"ReadAction","target":["https:\/\/kidsplay.lt\/produktas\/medinis-golfo-rinkinys-ivairiu-kliuciu\/"]}]},{"@type":"ImageObject","inLanguage":"lv-LV","@id":"https:\/\/kidsplay.lt\/produktas\/medinis-golfo-rinkinys-ivairiu-kliuciu\/#primaryimage","url":"https:\/\/kidsplay.lt\/wp-content\/uploads\/2024\/09\/Medinis-golfo-rinkinys-ivairiu-kliuciu.jpg","contentUrl":"https:\/\/kidsplay.lt\/wp-content\/uploads\/2024\/09\/Medinis-golfo-rinkinys-ivairiu-kliuciu.jpg","width":2560,"height":2560,"caption":"Medinis golfo rinkinys \u012fvairi\u0173 kli\u016b\u010di\u0173"},{"@type":"BreadcrumbList","@id":"https:\/\/kidsplay.lt\/produktas\/medinis-golfo-rinkinys-ivairiu-kliuciu\/#breadcrumb","itemListElement":[{"@type":"ListItem","position":1,"name":"Pagrindinis","item":"https:\/\/kidsplay.lt\/"},{"@type":"ListItem","position":2,"name":"Parduotuv\u0117","item":"https:\/\/kidsplay.lt\/parduotuve\/"},{"@type":"ListItem","position":3,"name":"Medinis golfo rinkinys \u012fvairi\u0173 kli\u016b\u010di\u0173"}]},{"@type":"WebSite","@id":"https:\/\/kidsplay.lt\/#website","url":"https:\/\/kidsplay.lt\/","name":"B\u0113rnu sp\u0113les.lv","description":"\u012evairios prek\u0117s vaikams","publisher":{"@id":"https:\/\/kidsplay.lt\/#organization"},"alternateName":"Kidsplay","potentialAction":[{"@type":"SearchAction","target":{"@type":"EntryPoint","urlTemplate":"https:\/\/kidsplay.lt\/?s={search_term_string}"},"query-input":{"@type":"PropertyValueSpecification","valueRequired":true,"valueName":"search_term_string"}}],"inLanguage":"lv-LV"},{"@type":"Organization","@id":"https:\/\/kidsplay.lt\/#organization","name":"B\u0113rnu sp\u0113le","url":"https:\/\/kidsplay.lt\/","logo":{"@type":"ImageObject","inLanguage":"lv-LV","@id":"https:\/\/kidsplay.lt\/#\/schema\/logo\/image\/","url":"https:\/\/kidsplay.lt\/wp-content\/uploads\/2023\/07\/kidsplay-logo.png","contentUrl":"https:\/\/kidsplay.lt\/wp-content\/uploads\/2023\/07\/kidsplay-logo.png","width":451,"height":98,"caption":"KidsPlay"},"image":{"@id":"https:\/\/kidsplay.lt\/#\/schema\/logo\/image\/"},"sameAs":["https:\/\/www.facebook.com\/www.kidsplay.lt"]}]}},"_links":{"self":[{"href":"https:\/\/kidsplay.lt\/lv\/wp-json\/wp\/v2\/product\/89688","targetHints":{"allow":["GET"]}}],"collection":[{"href":"https:\/\/kidsplay.lt\/lv\/wp-json\/wp\/v2\/product"}],"about":[{"href":"https:\/\/kidsplay.lt\/lv\/wp-json\/wp\/v2\/types\/product"}],"version-history":[{"count":1,"href":"https:\/\/kidsplay.lt\/lv\/wp-json\/wp\/v2\/product\/89688\/revisions"}],"predecessor-version":[{"id":89689,"href":"https:\/\/kidsplay.lt\/lv\/wp-json\/wp\/v2\/product\/89688\/revisions\/89689"}],"wp:featuredmedia":[{"embeddable":true,"href":"https:\/\/kidsplay.lt\/lv\/wp-json\/wp\/v2\/media\/55958"}],"wp:attachment":[{"href":"https:\/\/kidsplay.lt\/lv\/wp-json\/wp\/v2\/media?parent=89688"}],"wp:term":[{"taxonomy":"product_brand","embeddable":true,"href":"https:\/\/kidsplay.lt\/lv\/wp-json\/wp\/v2\/product_brand?post=89688"},{"taxonomy":"product_cat","embeddable":true,"href":"https:\/\/kidsplay.lt\/lv\/wp-json\/wp\/v2\/product_cat?post=89688"},{"taxonomy":"product_tag","embeddable":true,"href":"https:\/\/kidsplay.lt\/lv\/wp-json\/wp\/v2\/product_tag?post=89688"}],"curies":[{"name":"wp","href":"https:\/\/api.w.org\/{rel}","templated":true}]}}