{"id":89692,"date":"2026-02-26T09:27:29","date_gmt":"2026-02-26T07:27:29","guid":{"rendered":"https:\/\/kidsplay.lt\/produktas\/viga-zaidimas-palyginkite-skirtumus-juros-gyvunai\/"},"modified":"2026-04-07T10:43:01","modified_gmt":"2026-04-07T07:43:01","slug":"viga-zaidimas-palyginkite-skirtumus-juros-gyvunai","status":"publish","type":"product","link":"https:\/\/kidsplay.lt\/lv\/product\/viga-zaidimas-palyginkite-skirtumus-juros-gyvunai\/","title":{"rendered":"VIGA sp\u0113le Atrodi at\u0161\u0137ir\u012bbas J\u016bras dz\u012bvnieki"},"content":{"rendered":"<p>\u201eViga\u201c\u00a0palyginimo\u00a0\u017eaidimas\u00a0\u00a0\u2013 puikus b\u016bdas praleisti laik\u0105 kartu. \u017daidimo metu vaikai\u00a0lavina atmint\u012f ir susikaupimo \u012fg\u016bd\u017eius\u00a0. Rinkin\u012f sudaro\u00a010 korteli\u0173 su 20 skirting\u0173 dizain\u0173\u00a0.\u00a0Produktas pagamintas i\u0161 auk\u0161\u010diausios kokyb\u0117s med\u017eiag\u0173,\u00a0saugus vaikams ir aplinkai\u00a0.<\/p>\n<p>Taisykl\u0117s\u00a0: \u012eki\u0161kite kortel\u0119 \u012f medin\u0119 lent\u0105, pakelkite apskritim\u0105 u\u017e rankenos, pa\u017ei\u016br\u0117kite \u012f ra\u0161to element\u0105 ir atsp\u0117kite, kuris i\u0161 keturi\u0173 paveiksl\u0117li\u0173 atitinka pasl\u0117pt\u0105 gyv\u016bn\u0105. Jei negalite atsp\u0117ti, pakelkite kit\u0105 apskritim\u0105, kad atskleistum\u0117te detales.<\/p>\n<p>Rakstur\u012bgs:<\/p>\n<p> \t&#8211; gaminys pagamintas\u00a0i\u0161 auk\u0161\u010diausios kokyb\u0117s med\u017eiag\u0173,<br \/>\n \t&#8211; da\u017eyta netoksi\u0161kais da\u017eais,\u00a0saugiais vaikams ir aplinkai,<br \/>\n \t&#8211;\u00a010 atviruk\u0173 su 20\u00a0skirting\u0173 dizain\u0173 ir motyv\u0173, i\u0161 kuri\u0173 galite rinktis,<br \/>\n \t&#8211; puikus \u017eaidimas visai \u0161eimai.<\/p>\n<p>\u017daidimas:<\/p>\n<p> \t&#8211; traukini\u0173 koncentracija,<br \/>\n \t&#8211; moko kantryb\u0117s,<br \/>\n \t&#8211; lavina atmint\u012f,<br \/>\n \t&#8211; lavina vaiko prot\u0105,<br \/>\n \t&#8211; palaiko d\u0117mes\u012f detal\u0117ms.<\/p>","protected":false},"excerpt":{"rendered":"<p>\u201eViga\u201c\u00a0palyginimo\u00a0\u017eaidimas\u00a0\u00a0\u2013 puikus b\u016bdas praleisti laik\u0105 kartu. \u017daidimo metu vaikai\u00a0lavina atmint\u012f ir susikaupimo \u012fg\u016bd\u017eius\u00a0. Rinkin\u012f sudaro\u00a010 korteli\u0173 su 20 skirting\u0173 dizain\u0173\u00a0.\u00a0Produktas<\/p>","protected":false},"featured_media":67710,"template":"","meta":{"_acf_changed":false,"_glsr_average":0,"_glsr_ranking":0,"_glsr_reviews":0},"product_brand":[],"product_cat":[884,883],"product_tag":[],"class_list":{"0":"post-89692","1":"product","2":"type-product","3":"status-publish","4":"has-post-thumbnail","6":"product_cat-edukaciniai-lavinamieji-mediniai-zaislai","7":"product_cat-mediniai-zaislai-2","8":"\"style=\"background-color: #2ecc711c;\"","10":"first","11":"instock","12":"purchasable","13":"product-type-simple"},"acf":[],"yoast_head":"<!-- This site is optimized with the Yoast SEO plugin v27.3 - https:\/\/yoast.com\/product\/yoast-seo-wordpress\/ -->\n<title>VIGA \u017eaidimas Palyginkite skirtumus J\u016bros gyv\u016bnai<\/title>\n<meta name=\"description\" content=\"VIGA \u017eaidimas Palyginkite skirtumus J\u016bros gyv\u016bnai - KidsPlay. Did\u017eiausias vaik\u0173 \u017eaisl\u0173 pasirinkimas.\" \/>\n<meta name=\"robots\" content=\"index, follow, max-snippet:-1, max-image-preview:large, max-video-preview:-1\" \/>\n<link rel=\"canonical\" href=\"https:\/\/kidsplay.lt\/lv\/product\/viga-zaidimas-palyginkite-skirtumus-juros-gyvunai\/\" \/>\n<meta property=\"og:locale\" content=\"lv_LV\" \/>\n<meta property=\"og:type\" content=\"article\" \/>\n<meta property=\"og:title\" content=\"VIGA \u017eaidimas Palyginkite skirtumus J\u016bros gyv\u016bnai\" \/>\n<meta property=\"og:description\" content=\"VIGA \u017eaidimas Palyginkite skirtumus J\u016bros gyv\u016bnai - KidsPlay. Did\u017eiausias vaik\u0173 \u017eaisl\u0173 pasirinkimas.\" \/>\n<meta property=\"og:url\" content=\"https:\/\/kidsplay.lt\/lv\/product\/viga-zaidimas-palyginkite-skirtumus-juros-gyvunai\/\" \/>\n<meta property=\"og:site_name\" content=\"KidsPlay\" \/>\n<meta property=\"article:publisher\" content=\"https:\/\/www.facebook.com\/www.kidsplay.lt\" \/>\n<meta property=\"article:modified_time\" content=\"2026-04-07T07:43:01+00:00\" \/>\n<meta property=\"og:image\" content=\"https:\/\/kidsplay.lt\/wp-content\/uploads\/2025\/09\/VIGA-zaidimas-Palyginkite-skirtumus-Juros-gyvunai.jpg\" \/>\n\t<meta property=\"og:image:width\" content=\"2560\" \/>\n\t<meta property=\"og:image:height\" content=\"2560\" \/>\n\t<meta property=\"og:image:type\" content=\"image\/jpeg\" \/>\n<meta name=\"twitter:card\" content=\"summary_large_image\" \/>\n<meta name=\"twitter:label1\" content=\"Est. reading time\" \/>\n\t<meta name=\"twitter:data1\" content=\"1 min\u016bte\" \/>\n<script type=\"application\/ld+json\" class=\"yoast-schema-graph\">{\"@context\":\"https:\\\/\\\/schema.org\",\"@graph\":[{\"@type\":\"WebPage\",\"@id\":\"https:\\\/\\\/kidsplay.lt\\\/produktas\\\/viga-zaidimas-palyginkite-skirtumus-juros-gyvunai\\\/\",\"url\":\"https:\\\/\\\/kidsplay.lt\\\/produktas\\\/viga-zaidimas-palyginkite-skirtumus-juros-gyvunai\\\/\",\"name\":\"VIGA \u017eaidimas Palyginkite skirtumus J\u016bros gyv\u016bnai\",\"isPartOf\":{\"@id\":\"https:\\\/\\\/kidsplay.lt\\\/#website\"},\"primaryImageOfPage\":{\"@id\":\"https:\\\/\\\/kidsplay.lt\\\/produktas\\\/viga-zaidimas-palyginkite-skirtumus-juros-gyvunai\\\/#primaryimage\"},\"image\":{\"@id\":\"https:\\\/\\\/kidsplay.lt\\\/produktas\\\/viga-zaidimas-palyginkite-skirtumus-juros-gyvunai\\\/#primaryimage\"},\"thumbnailUrl\":\"https:\\\/\\\/kidsplay.lt\\\/wp-content\\\/uploads\\\/2025\\\/09\\\/VIGA-zaidimas-Palyginkite-skirtumus-Juros-gyvunai.jpg\",\"datePublished\":\"2026-02-26T07:27:29+00:00\",\"dateModified\":\"2026-04-07T07:43:01+00:00\",\"description\":\"VIGA \u017eaidimas Palyginkite skirtumus J\u016bros gyv\u016bnai - KidsPlay. Did\u017eiausias vaik\u0173 \u017eaisl\u0173 pasirinkimas.\",\"breadcrumb\":{\"@id\":\"https:\\\/\\\/kidsplay.lt\\\/produktas\\\/viga-zaidimas-palyginkite-skirtumus-juros-gyvunai\\\/#breadcrumb\"},\"inLanguage\":\"lv-LV\",\"potentialAction\":[{\"@type\":\"ReadAction\",\"target\":[\"https:\\\/\\\/kidsplay.lt\\\/produktas\\\/viga-zaidimas-palyginkite-skirtumus-juros-gyvunai\\\/\"]}]},{\"@type\":\"ImageObject\",\"inLanguage\":\"lv-LV\",\"@id\":\"https:\\\/\\\/kidsplay.lt\\\/produktas\\\/viga-zaidimas-palyginkite-skirtumus-juros-gyvunai\\\/#primaryimage\",\"url\":\"https:\\\/\\\/kidsplay.lt\\\/wp-content\\\/uploads\\\/2025\\\/09\\\/VIGA-zaidimas-Palyginkite-skirtumus-Juros-gyvunai.jpg\",\"contentUrl\":\"https:\\\/\\\/kidsplay.lt\\\/wp-content\\\/uploads\\\/2025\\\/09\\\/VIGA-zaidimas-Palyginkite-skirtumus-Juros-gyvunai.jpg\",\"width\":2560,\"height\":2560,\"caption\":\"VIGA \u017eaidimas Palyginkite skirtumus J\u016bros gyv\u016bnai\"},{\"@type\":\"BreadcrumbList\",\"@id\":\"https:\\\/\\\/kidsplay.lt\\\/produktas\\\/viga-zaidimas-palyginkite-skirtumus-juros-gyvunai\\\/#breadcrumb\",\"itemListElement\":[{\"@type\":\"ListItem\",\"position\":1,\"name\":\"Pagrindinis\",\"item\":\"https:\\\/\\\/kidsplay.lt\\\/\"},{\"@type\":\"ListItem\",\"position\":2,\"name\":\"Parduotuv\u0117\",\"item\":\"https:\\\/\\\/kidsplay.lt\\\/parduotuve\\\/\"},{\"@type\":\"ListItem\",\"position\":3,\"name\":\"VIGA \u017eaidimas Palyginkite skirtumus J\u016bros gyv\u016bnai\"}]},{\"@type\":\"WebSite\",\"@id\":\"https:\\\/\\\/kidsplay.lt\\\/#website\",\"url\":\"https:\\\/\\\/kidsplay.lt\\\/\",\"name\":\"Kidsplay.lt\",\"description\":\"\u012evairios prek\u0117s vaikams\",\"publisher\":{\"@id\":\"https:\\\/\\\/kidsplay.lt\\\/#organization\"},\"alternateName\":\"Kidsplay\",\"potentialAction\":[{\"@type\":\"SearchAction\",\"target\":{\"@type\":\"EntryPoint\",\"urlTemplate\":\"https:\\\/\\\/kidsplay.lt\\\/?s={search_term_string}\"},\"query-input\":{\"@type\":\"PropertyValueSpecification\",\"valueRequired\":true,\"valueName\":\"search_term_string\"}}],\"inLanguage\":\"lv-LV\"},{\"@type\":\"Organization\",\"@id\":\"https:\\\/\\\/kidsplay.lt\\\/#organization\",\"name\":\"KidsPlay\",\"url\":\"https:\\\/\\\/kidsplay.lt\\\/\",\"logo\":{\"@type\":\"ImageObject\",\"inLanguage\":\"lv-LV\",\"@id\":\"https:\\\/\\\/kidsplay.lt\\\/#\\\/schema\\\/logo\\\/image\\\/\",\"url\":\"https:\\\/\\\/kidsplay.lt\\\/wp-content\\\/uploads\\\/2023\\\/07\\\/kidsplay-logo.png\",\"contentUrl\":\"https:\\\/\\\/kidsplay.lt\\\/wp-content\\\/uploads\\\/2023\\\/07\\\/kidsplay-logo.png\",\"width\":451,\"height\":98,\"caption\":\"KidsPlay\"},\"image\":{\"@id\":\"https:\\\/\\\/kidsplay.lt\\\/#\\\/schema\\\/logo\\\/image\\\/\"},\"sameAs\":[\"https:\\\/\\\/www.facebook.com\\\/www.kidsplay.lt\"]}]}<\/script>\n<!-- \/ Yoast SEO plugin. -->","yoast_head_json":{"title":"VIGA sp\u0113le Atrodi at\u0161\u0137ir\u012bbas J\u016bras dz\u012bvnieki","description":"VIGA \u017eaidimas Palyginkite skirtumus J\u016bros gyv\u016bnai - KidsPlay. Did\u017eiausias vaik\u0173 \u017eaisl\u0173 pasirinkimas.","robots":{"index":"index","follow":"follow","max-snippet":"max-snippet:-1","max-image-preview":"max-image-preview:large","max-video-preview":"max-video-preview:-1"},"canonical":"https:\/\/kidsplay.lt\/lv\/product\/viga-zaidimas-palyginkite-skirtumus-juros-gyvunai\/","og_locale":"lv_LV","og_type":"article","og_title":"VIGA \u017eaidimas Palyginkite skirtumus J\u016bros gyv\u016bnai","og_description":"VIGA \u017eaidimas Palyginkite skirtumus J\u016bros gyv\u016bnai - KidsPlay. Did\u017eiausias vaik\u0173 \u017eaisl\u0173 pasirinkimas.","og_url":"https:\/\/kidsplay.lt\/lv\/product\/viga-zaidimas-palyginkite-skirtumus-juros-gyvunai\/","og_site_name":"KidsPlay","article_publisher":"https:\/\/www.facebook.com\/www.kidsplay.lt","article_modified_time":"2026-04-07T07:43:01+00:00","og_image":[{"width":2560,"height":2560,"url":"https:\/\/kidsplay.lt\/wp-content\/uploads\/2025\/09\/VIGA-zaidimas-Palyginkite-skirtumus-Juros-gyvunai.jpg","type":"image\/jpeg"}],"twitter_card":"summary_large_image","twitter_misc":{"Est. reading time":"1 min\u016bte"},"schema":{"@context":"https:\/\/schema.org","@graph":[{"@type":"WebPage","@id":"https:\/\/kidsplay.lt\/produktas\/viga-zaidimas-palyginkite-skirtumus-juros-gyvunai\/","url":"https:\/\/kidsplay.lt\/produktas\/viga-zaidimas-palyginkite-skirtumus-juros-gyvunai\/","name":"VIGA sp\u0113le Atrodi at\u0161\u0137ir\u012bbas J\u016bras dz\u012bvnieki","isPartOf":{"@id":"https:\/\/kidsplay.lt\/#website"},"primaryImageOfPage":{"@id":"https:\/\/kidsplay.lt\/produktas\/viga-zaidimas-palyginkite-skirtumus-juros-gyvunai\/#primaryimage"},"image":{"@id":"https:\/\/kidsplay.lt\/produktas\/viga-zaidimas-palyginkite-skirtumus-juros-gyvunai\/#primaryimage"},"thumbnailUrl":"https:\/\/kidsplay.lt\/wp-content\/uploads\/2025\/09\/VIGA-zaidimas-Palyginkite-skirtumus-Juros-gyvunai.jpg","datePublished":"2026-02-26T07:27:29+00:00","dateModified":"2026-04-07T07:43:01+00:00","description":"VIGA \u017eaidimas Palyginkite skirtumus J\u016bros gyv\u016bnai - KidsPlay. Did\u017eiausias vaik\u0173 \u017eaisl\u0173 pasirinkimas.","breadcrumb":{"@id":"https:\/\/kidsplay.lt\/produktas\/viga-zaidimas-palyginkite-skirtumus-juros-gyvunai\/#breadcrumb"},"inLanguage":"lv-LV","potentialAction":[{"@type":"ReadAction","target":["https:\/\/kidsplay.lt\/produktas\/viga-zaidimas-palyginkite-skirtumus-juros-gyvunai\/"]}]},{"@type":"ImageObject","inLanguage":"lv-LV","@id":"https:\/\/kidsplay.lt\/produktas\/viga-zaidimas-palyginkite-skirtumus-juros-gyvunai\/#primaryimage","url":"https:\/\/kidsplay.lt\/wp-content\/uploads\/2025\/09\/VIGA-zaidimas-Palyginkite-skirtumus-Juros-gyvunai.jpg","contentUrl":"https:\/\/kidsplay.lt\/wp-content\/uploads\/2025\/09\/VIGA-zaidimas-Palyginkite-skirtumus-Juros-gyvunai.jpg","width":2560,"height":2560,"caption":"VIGA \u017eaidimas Palyginkite skirtumus J\u016bros gyv\u016bnai"},{"@type":"BreadcrumbList","@id":"https:\/\/kidsplay.lt\/produktas\/viga-zaidimas-palyginkite-skirtumus-juros-gyvunai\/#breadcrumb","itemListElement":[{"@type":"ListItem","position":1,"name":"Pagrindinis","item":"https:\/\/kidsplay.lt\/"},{"@type":"ListItem","position":2,"name":"Parduotuv\u0117","item":"https:\/\/kidsplay.lt\/parduotuve\/"},{"@type":"ListItem","position":3,"name":"VIGA \u017eaidimas Palyginkite skirtumus J\u016bros gyv\u016bnai"}]},{"@type":"WebSite","@id":"https:\/\/kidsplay.lt\/#website","url":"https:\/\/kidsplay.lt\/","name":"B\u0113rnu sp\u0113les.lv","description":"\u012evairios prek\u0117s vaikams","publisher":{"@id":"https:\/\/kidsplay.lt\/#organization"},"alternateName":"Kidsplay","potentialAction":[{"@type":"SearchAction","target":{"@type":"EntryPoint","urlTemplate":"https:\/\/kidsplay.lt\/?s={search_term_string}"},"query-input":{"@type":"PropertyValueSpecification","valueRequired":true,"valueName":"search_term_string"}}],"inLanguage":"lv-LV"},{"@type":"Organization","@id":"https:\/\/kidsplay.lt\/#organization","name":"B\u0113rnu sp\u0113le","url":"https:\/\/kidsplay.lt\/","logo":{"@type":"ImageObject","inLanguage":"lv-LV","@id":"https:\/\/kidsplay.lt\/#\/schema\/logo\/image\/","url":"https:\/\/kidsplay.lt\/wp-content\/uploads\/2023\/07\/kidsplay-logo.png","contentUrl":"https:\/\/kidsplay.lt\/wp-content\/uploads\/2023\/07\/kidsplay-logo.png","width":451,"height":98,"caption":"KidsPlay"},"image":{"@id":"https:\/\/kidsplay.lt\/#\/schema\/logo\/image\/"},"sameAs":["https:\/\/www.facebook.com\/www.kidsplay.lt"]}]}},"_links":{"self":[{"href":"https:\/\/kidsplay.lt\/lv\/wp-json\/wp\/v2\/product\/89692","targetHints":{"allow":["GET"]}}],"collection":[{"href":"https:\/\/kidsplay.lt\/lv\/wp-json\/wp\/v2\/product"}],"about":[{"href":"https:\/\/kidsplay.lt\/lv\/wp-json\/wp\/v2\/types\/product"}],"version-history":[{"count":1,"href":"https:\/\/kidsplay.lt\/lv\/wp-json\/wp\/v2\/product\/89692\/revisions"}],"predecessor-version":[{"id":89693,"href":"https:\/\/kidsplay.lt\/lv\/wp-json\/wp\/v2\/product\/89692\/revisions\/89693"}],"wp:featuredmedia":[{"embeddable":true,"href":"https:\/\/kidsplay.lt\/lv\/wp-json\/wp\/v2\/media\/67710"}],"wp:attachment":[{"href":"https:\/\/kidsplay.lt\/lv\/wp-json\/wp\/v2\/media?parent=89692"}],"wp:term":[{"taxonomy":"product_brand","embeddable":true,"href":"https:\/\/kidsplay.lt\/lv\/wp-json\/wp\/v2\/product_brand?post=89692"},{"taxonomy":"product_cat","embeddable":true,"href":"https:\/\/kidsplay.lt\/lv\/wp-json\/wp\/v2\/product_cat?post=89692"},{"taxonomy":"product_tag","embeddable":true,"href":"https:\/\/kidsplay.lt\/lv\/wp-json\/wp\/v2\/product_tag?post=89692"}],"curies":[{"name":"wp","href":"https:\/\/api.w.org\/{rel}","templated":true}]}}