{"id":89694,"date":"2026-02-26T09:27:32","date_gmt":"2026-02-26T07:27:32","guid":{"rendered":"https:\/\/kidsplay.lt\/produktas\/viga-sienine-lenta-circle-show-emotions-fsc-montessori-sertifikatas\/"},"modified":"2026-04-07T10:43:05","modified_gmt":"2026-04-07T07:43:05","slug":"viga-sienine-lenta-circle-show-emotions-fsc-montessori-sertifikatas","status":"publish","type":"product","link":"https:\/\/kidsplay.lt\/lv\/products\/viga-sienine-lenta-circle-show-emotions-fsc-montessori-sertifikatas\/","title":{"rendered":"VIGA sienin\u0117 lenta \u201eCircle Show Emotions\u201c FSC Montessori sertifikatas"},"content":{"rendered":"<p>\u0160is\u00a0interaktyvus medinis \u017eaislas\u00a0i\u0161\u00a0\u201eViga\u201c\u00a0turi\u00a012 vaik\u0173, turin\u010di\u0173 skirtingas veido i\u0161rai\u0161kas ir veiksmus. Pasukite rat\u0105 ir palaukite, kol jis sustos. Raudona rodykl\u0117 nurodys vaik\u0105, kur\u012f norite m\u0117gd\u017eioti. \u017daidimas padeda vaikams atrasti\u00a0skirtingas\u00a0emocijas\u00a0ir\u00a0k\u016bno\u00a0judesius\u00a0, lavinti steb\u0117jimo\u00a0ir\u00a0reakcijos\u00a0\u012fg\u016bd\u017eius\u00a0. Puikiai tinka naudoti mokyklose ir kitose vietose.<\/p>\n<p>Rakstur\u012bgs:<\/p>\n<p> \t&#8211; vaikams\u00a0nuo 18 m\u0117nesi\u0173 am\u017eiaus,<br \/>\n \t&#8211; pagaminta i\u0161 auk\u0161tos kokyb\u0117s\u00a0medienos,<br \/>\n \t&#8211; da\u017eyta\u00a0netoksi\u0161kais da\u017eais.<\/p>\n<p>Rota\u013clieta att\u012bst\u0101s:<\/p>\n<p> \t&#8211; loginis m\u0105stymas,<br \/>\n \t&#8211; vaizduot\u0117,<br \/>\n \t&#8211; aki\u0173 ir rank\u0173 koordinacija,<br \/>\n \t&#8211; rankiniai \u012fg\u016bd\u017eiai.<\/p>","protected":false},"excerpt":{"rendered":"<p>\u0160is\u00a0interaktyvus medinis \u017eaislas\u00a0i\u0161\u00a0\u201eViga\u201c\u00a0turi\u00a012 vaik\u0173, turin\u010di\u0173 skirtingas veido i\u0161rai\u0161kas ir veiksmus. Pasukite rat\u0105 ir palaukite, kol jis sustos. Raudona rodykl\u0117 nurodys<\/p>","protected":false},"featured_media":67715,"template":"","meta":{"_acf_changed":false,"_glsr_average":0,"_glsr_ranking":0,"_glsr_reviews":0},"product_brand":[],"product_cat":[673,229],"product_tag":[],"class_list":{"0":"post-89694","1":"product","2":"type-product","3":"status-publish","4":"has-post-thumbnail","6":"product_cat-ugdomosios-priemones","7":"product_cat-zaislai-vaikams","8":"\"style=\"background-color: #2ecc711c;\"","10":"first","11":"instock","12":"purchasable","13":"product-type-simple"},"acf":[],"yoast_head":"<!-- This site is optimized with the Yoast SEO plugin v27.3 - https:\/\/yoast.com\/product\/yoast-seo-wordpress\/ -->\n<title>VIGA sienin\u0117 lenta \u201eCircle Show Emotions\u201c FSC Montessori sertifikatas<\/title>\n<meta name=\"description\" content=\"VIGA sienin\u0117 lenta \u201eCircle Show Emotions\u201c FSC Montessori sertifikatas - KidsPlay. Did\u017eiausias vaik\u0173 \u017eaisl\u0173 pasirinkimas.\" \/>\n<meta name=\"robots\" content=\"index, follow, max-snippet:-1, max-image-preview:large, max-video-preview:-1\" \/>\n<link rel=\"canonical\" href=\"https:\/\/kidsplay.lt\/lv\/products\/viga-sienine-lenta-circle-show-emotions-fsc-montessori-sertifikatas\/\" \/>\n<meta property=\"og:locale\" content=\"lv_LV\" \/>\n<meta property=\"og:type\" content=\"article\" \/>\n<meta property=\"og:title\" content=\"VIGA sienin\u0117 lenta \u201eCircle Show Emotions\u201c FSC Montessori sertifikatas\" \/>\n<meta property=\"og:description\" content=\"VIGA sienin\u0117 lenta \u201eCircle Show Emotions\u201c FSC Montessori sertifikatas - KidsPlay. Did\u017eiausias vaik\u0173 \u017eaisl\u0173 pasirinkimas.\" \/>\n<meta property=\"og:url\" content=\"https:\/\/kidsplay.lt\/lv\/products\/viga-sienine-lenta-circle-show-emotions-fsc-montessori-sertifikatas\/\" \/>\n<meta property=\"og:site_name\" content=\"KidsPlay\" \/>\n<meta property=\"article:publisher\" content=\"https:\/\/www.facebook.com\/www.kidsplay.lt\" \/>\n<meta property=\"article:modified_time\" content=\"2026-04-07T07:43:05+00:00\" \/>\n<meta property=\"og:image\" content=\"https:\/\/kidsplay.lt\/wp-content\/uploads\/2025\/09\/VIGA-sienine-lenta-\u201eCircle-Show-Emotions-FSC-Montessori-sertifikatas.jpg\" \/>\n\t<meta property=\"og:image:width\" content=\"800\" \/>\n\t<meta property=\"og:image:height\" content=\"800\" \/>\n\t<meta property=\"og:image:type\" content=\"image\/png\" \/>\n<meta name=\"twitter:card\" content=\"summary_large_image\" \/>\n<meta name=\"twitter:label1\" content=\"Est. reading time\" \/>\n\t<meta name=\"twitter:data1\" content=\"1 min\u016bte\" \/>\n<script type=\"application\/ld+json\" class=\"yoast-schema-graph\">{\"@context\":\"https:\\\/\\\/schema.org\",\"@graph\":[{\"@type\":\"WebPage\",\"@id\":\"https:\\\/\\\/kidsplay.lt\\\/produktas\\\/viga-sienine-lenta-circle-show-emotions-fsc-montessori-sertifikatas\\\/\",\"url\":\"https:\\\/\\\/kidsplay.lt\\\/produktas\\\/viga-sienine-lenta-circle-show-emotions-fsc-montessori-sertifikatas\\\/\",\"name\":\"VIGA sienin\u0117 lenta \u201eCircle Show Emotions\u201c FSC Montessori sertifikatas\",\"isPartOf\":{\"@id\":\"https:\\\/\\\/kidsplay.lt\\\/#website\"},\"primaryImageOfPage\":{\"@id\":\"https:\\\/\\\/kidsplay.lt\\\/produktas\\\/viga-sienine-lenta-circle-show-emotions-fsc-montessori-sertifikatas\\\/#primaryimage\"},\"image\":{\"@id\":\"https:\\\/\\\/kidsplay.lt\\\/produktas\\\/viga-sienine-lenta-circle-show-emotions-fsc-montessori-sertifikatas\\\/#primaryimage\"},\"thumbnailUrl\":\"https:\\\/\\\/kidsplay.lt\\\/wp-content\\\/uploads\\\/2025\\\/09\\\/VIGA-sienine-lenta-\u201eCircle-Show-Emotions-FSC-Montessori-sertifikatas.jpg\",\"datePublished\":\"2026-02-26T07:27:32+00:00\",\"dateModified\":\"2026-04-07T07:43:05+00:00\",\"description\":\"VIGA sienin\u0117 lenta \u201eCircle Show Emotions\u201c FSC Montessori sertifikatas - KidsPlay. Did\u017eiausias vaik\u0173 \u017eaisl\u0173 pasirinkimas.\",\"breadcrumb\":{\"@id\":\"https:\\\/\\\/kidsplay.lt\\\/produktas\\\/viga-sienine-lenta-circle-show-emotions-fsc-montessori-sertifikatas\\\/#breadcrumb\"},\"inLanguage\":\"lv-LV\",\"potentialAction\":[{\"@type\":\"ReadAction\",\"target\":[\"https:\\\/\\\/kidsplay.lt\\\/produktas\\\/viga-sienine-lenta-circle-show-emotions-fsc-montessori-sertifikatas\\\/\"]}]},{\"@type\":\"ImageObject\",\"inLanguage\":\"lv-LV\",\"@id\":\"https:\\\/\\\/kidsplay.lt\\\/produktas\\\/viga-sienine-lenta-circle-show-emotions-fsc-montessori-sertifikatas\\\/#primaryimage\",\"url\":\"https:\\\/\\\/kidsplay.lt\\\/wp-content\\\/uploads\\\/2025\\\/09\\\/VIGA-sienine-lenta-\u201eCircle-Show-Emotions-FSC-Montessori-sertifikatas.jpg\",\"contentUrl\":\"https:\\\/\\\/kidsplay.lt\\\/wp-content\\\/uploads\\\/2025\\\/09\\\/VIGA-sienine-lenta-\u201eCircle-Show-Emotions-FSC-Montessori-sertifikatas.jpg\",\"width\":2560,\"height\":2560,\"caption\":\"VIGA sienin\u0117 lenta \u201eCircle Show Emotions\u201c FSC Montessori sertifikatas\"},{\"@type\":\"BreadcrumbList\",\"@id\":\"https:\\\/\\\/kidsplay.lt\\\/produktas\\\/viga-sienine-lenta-circle-show-emotions-fsc-montessori-sertifikatas\\\/#breadcrumb\",\"itemListElement\":[{\"@type\":\"ListItem\",\"position\":1,\"name\":\"Pagrindinis\",\"item\":\"https:\\\/\\\/kidsplay.lt\\\/\"},{\"@type\":\"ListItem\",\"position\":2,\"name\":\"Parduotuv\u0117\",\"item\":\"https:\\\/\\\/kidsplay.lt\\\/parduotuve\\\/\"},{\"@type\":\"ListItem\",\"position\":3,\"name\":\"VIGA sienin\u0117 lenta \u201eCircle Show Emotions\u201c FSC Montessori sertifikatas\"}]},{\"@type\":\"WebSite\",\"@id\":\"https:\\\/\\\/kidsplay.lt\\\/#website\",\"url\":\"https:\\\/\\\/kidsplay.lt\\\/\",\"name\":\"Kidsplay.lt\",\"description\":\"\u012evairios prek\u0117s vaikams\",\"publisher\":{\"@id\":\"https:\\\/\\\/kidsplay.lt\\\/#organization\"},\"alternateName\":\"Kidsplay\",\"potentialAction\":[{\"@type\":\"SearchAction\",\"target\":{\"@type\":\"EntryPoint\",\"urlTemplate\":\"https:\\\/\\\/kidsplay.lt\\\/?s={search_term_string}\"},\"query-input\":{\"@type\":\"PropertyValueSpecification\",\"valueRequired\":true,\"valueName\":\"search_term_string\"}}],\"inLanguage\":\"lv-LV\"},{\"@type\":\"Organization\",\"@id\":\"https:\\\/\\\/kidsplay.lt\\\/#organization\",\"name\":\"KidsPlay\",\"url\":\"https:\\\/\\\/kidsplay.lt\\\/\",\"logo\":{\"@type\":\"ImageObject\",\"inLanguage\":\"lv-LV\",\"@id\":\"https:\\\/\\\/kidsplay.lt\\\/#\\\/schema\\\/logo\\\/image\\\/\",\"url\":\"https:\\\/\\\/kidsplay.lt\\\/wp-content\\\/uploads\\\/2023\\\/07\\\/kidsplay-logo.png\",\"contentUrl\":\"https:\\\/\\\/kidsplay.lt\\\/wp-content\\\/uploads\\\/2023\\\/07\\\/kidsplay-logo.png\",\"width\":451,\"height\":98,\"caption\":\"KidsPlay\"},\"image\":{\"@id\":\"https:\\\/\\\/kidsplay.lt\\\/#\\\/schema\\\/logo\\\/image\\\/\"},\"sameAs\":[\"https:\\\/\\\/www.facebook.com\\\/www.kidsplay.lt\"]}]}<\/script>\n<!-- \/ Yoast SEO plugin. -->","yoast_head_json":{"title":"VIGA sienin\u0117 lenta \u201eCircle Show Emotions\u201c FSC Montessori sertifikatas","description":"VIGA sienin\u0117 lenta \u201eCircle Show Emotions\u201c FSC Montessori sertifikatas - KidsPlay. Did\u017eiausias vaik\u0173 \u017eaisl\u0173 pasirinkimas.","robots":{"index":"index","follow":"follow","max-snippet":"max-snippet:-1","max-image-preview":"max-image-preview:large","max-video-preview":"max-video-preview:-1"},"canonical":"https:\/\/kidsplay.lt\/lv\/products\/viga-sienine-lenta-circle-show-emotions-fsc-montessori-sertifikatas\/","og_locale":"lv_LV","og_type":"article","og_title":"VIGA sienin\u0117 lenta \u201eCircle Show Emotions\u201c FSC Montessori sertifikatas","og_description":"VIGA sienin\u0117 lenta \u201eCircle Show Emotions\u201c FSC Montessori sertifikatas - KidsPlay. Did\u017eiausias vaik\u0173 \u017eaisl\u0173 pasirinkimas.","og_url":"https:\/\/kidsplay.lt\/lv\/products\/viga-sienine-lenta-circle-show-emotions-fsc-montessori-sertifikatas\/","og_site_name":"KidsPlay","article_publisher":"https:\/\/www.facebook.com\/www.kidsplay.lt","article_modified_time":"2026-04-07T07:43:05+00:00","og_image":[{"url":"https:\/\/kidsplay.lt\/wp-content\/uploads\/2025\/09\/VIGA-sienine-lenta-\u201eCircle-Show-Emotions-FSC-Montessori-sertifikatas.jpg","width":800,"height":800,"type":"image\/png"}],"twitter_card":"summary_large_image","twitter_misc":{"Est. reading time":"1 min\u016bte"},"schema":{"@context":"https:\/\/schema.org","@graph":[{"@type":"WebPage","@id":"https:\/\/kidsplay.lt\/produktas\/viga-sienine-lenta-circle-show-emotions-fsc-montessori-sertifikatas\/","url":"https:\/\/kidsplay.lt\/produktas\/viga-sienine-lenta-circle-show-emotions-fsc-montessori-sertifikatas\/","name":"VIGA sienin\u0117 lenta \u201eCircle Show Emotions\u201c FSC Montessori sertifikatas","isPartOf":{"@id":"https:\/\/kidsplay.lt\/#website"},"primaryImageOfPage":{"@id":"https:\/\/kidsplay.lt\/produktas\/viga-sienine-lenta-circle-show-emotions-fsc-montessori-sertifikatas\/#primaryimage"},"image":{"@id":"https:\/\/kidsplay.lt\/produktas\/viga-sienine-lenta-circle-show-emotions-fsc-montessori-sertifikatas\/#primaryimage"},"thumbnailUrl":"https:\/\/kidsplay.lt\/wp-content\/uploads\/2025\/09\/VIGA-sienine-lenta-\u201eCircle-Show-Emotions-FSC-Montessori-sertifikatas.jpg","datePublished":"2026-02-26T07:27:32+00:00","dateModified":"2026-04-07T07:43:05+00:00","description":"VIGA sienin\u0117 lenta \u201eCircle Show Emotions\u201c FSC Montessori sertifikatas - KidsPlay. Did\u017eiausias vaik\u0173 \u017eaisl\u0173 pasirinkimas.","breadcrumb":{"@id":"https:\/\/kidsplay.lt\/produktas\/viga-sienine-lenta-circle-show-emotions-fsc-montessori-sertifikatas\/#breadcrumb"},"inLanguage":"lv-LV","potentialAction":[{"@type":"ReadAction","target":["https:\/\/kidsplay.lt\/produktas\/viga-sienine-lenta-circle-show-emotions-fsc-montessori-sertifikatas\/"]}]},{"@type":"ImageObject","inLanguage":"lv-LV","@id":"https:\/\/kidsplay.lt\/produktas\/viga-sienine-lenta-circle-show-emotions-fsc-montessori-sertifikatas\/#primaryimage","url":"https:\/\/kidsplay.lt\/wp-content\/uploads\/2025\/09\/VIGA-sienine-lenta-\u201eCircle-Show-Emotions-FSC-Montessori-sertifikatas.jpg","contentUrl":"https:\/\/kidsplay.lt\/wp-content\/uploads\/2025\/09\/VIGA-sienine-lenta-\u201eCircle-Show-Emotions-FSC-Montessori-sertifikatas.jpg","width":2560,"height":2560,"caption":"VIGA sienin\u0117 lenta \u201eCircle Show Emotions\u201c FSC Montessori sertifikatas"},{"@type":"BreadcrumbList","@id":"https:\/\/kidsplay.lt\/produktas\/viga-sienine-lenta-circle-show-emotions-fsc-montessori-sertifikatas\/#breadcrumb","itemListElement":[{"@type":"ListItem","position":1,"name":"Pagrindinis","item":"https:\/\/kidsplay.lt\/"},{"@type":"ListItem","position":2,"name":"Parduotuv\u0117","item":"https:\/\/kidsplay.lt\/parduotuve\/"},{"@type":"ListItem","position":3,"name":"VIGA sienin\u0117 lenta \u201eCircle Show Emotions\u201c FSC Montessori sertifikatas"}]},{"@type":"WebSite","@id":"https:\/\/kidsplay.lt\/#website","url":"https:\/\/kidsplay.lt\/","name":"B\u0113rnu sp\u0113les.lv","description":"\u012evairios prek\u0117s vaikams","publisher":{"@id":"https:\/\/kidsplay.lt\/#organization"},"alternateName":"Kidsplay","potentialAction":[{"@type":"SearchAction","target":{"@type":"EntryPoint","urlTemplate":"https:\/\/kidsplay.lt\/?s={search_term_string}"},"query-input":{"@type":"PropertyValueSpecification","valueRequired":true,"valueName":"search_term_string"}}],"inLanguage":"lv-LV"},{"@type":"Organization","@id":"https:\/\/kidsplay.lt\/#organization","name":"B\u0113rnu sp\u0113le","url":"https:\/\/kidsplay.lt\/","logo":{"@type":"ImageObject","inLanguage":"lv-LV","@id":"https:\/\/kidsplay.lt\/#\/schema\/logo\/image\/","url":"https:\/\/kidsplay.lt\/wp-content\/uploads\/2023\/07\/kidsplay-logo.png","contentUrl":"https:\/\/kidsplay.lt\/wp-content\/uploads\/2023\/07\/kidsplay-logo.png","width":451,"height":98,"caption":"KidsPlay"},"image":{"@id":"https:\/\/kidsplay.lt\/#\/schema\/logo\/image\/"},"sameAs":["https:\/\/www.facebook.com\/www.kidsplay.lt"]}]}},"_links":{"self":[{"href":"https:\/\/kidsplay.lt\/lv\/wp-json\/wp\/v2\/product\/89694","targetHints":{"allow":["GET"]}}],"collection":[{"href":"https:\/\/kidsplay.lt\/lv\/wp-json\/wp\/v2\/product"}],"about":[{"href":"https:\/\/kidsplay.lt\/lv\/wp-json\/wp\/v2\/types\/product"}],"version-history":[{"count":1,"href":"https:\/\/kidsplay.lt\/lv\/wp-json\/wp\/v2\/product\/89694\/revisions"}],"predecessor-version":[{"id":89695,"href":"https:\/\/kidsplay.lt\/lv\/wp-json\/wp\/v2\/product\/89694\/revisions\/89695"}],"wp:featuredmedia":[{"embeddable":true,"href":"https:\/\/kidsplay.lt\/lv\/wp-json\/wp\/v2\/media\/67715"}],"wp:attachment":[{"href":"https:\/\/kidsplay.lt\/lv\/wp-json\/wp\/v2\/media?parent=89694"}],"wp:term":[{"taxonomy":"product_brand","embeddable":true,"href":"https:\/\/kidsplay.lt\/lv\/wp-json\/wp\/v2\/product_brand?post=89694"},{"taxonomy":"product_cat","embeddable":true,"href":"https:\/\/kidsplay.lt\/lv\/wp-json\/wp\/v2\/product_cat?post=89694"},{"taxonomy":"product_tag","embeddable":true,"href":"https:\/\/kidsplay.lt\/lv\/wp-json\/wp\/v2\/product_tag?post=89694"}],"curies":[{"name":"wp","href":"https:\/\/api.w.org\/{rel}","templated":true}]}}