{"id":89698,"date":"2026-02-26T09:27:37","date_gmt":"2026-02-26T07:27:37","guid":{"rendered":"https:\/\/kidsplay.lt\/produktas\/woopie-green-medine-montessori-delione-40-rastu-atkurimui-55-detales-sertifikuota-fsc\/"},"modified":"2026-04-07T10:43:10","modified_gmt":"2026-04-07T07:43:10","slug":"woopie-green-medine-montessori-delione-40-rastu-atkurimui-55-detales-sertifikuota-fsc","status":"publish","type":"product","link":"https:\/\/kidsplay.lt\/lv\/product\/woopie-green-medine-montessori-delione-40-rastu-atkurimui-55-detales-sertifikuota-fsc\/","title":{"rendered":"WOOPIE GREEN medin\u0117 Montessori d\u0117lion\u0117, 40 ra\u0161t\u0173 atkurimui, 55 detal\u0117s, sertifikuota FSC"},"content":{"rendered":"<p>WOOPIE GREEN \u2013 medin\u0117 Montessori d\u0117lion\u0117<\/p>\n<p>Klasikin\u012f galvos\u016bk\u012f paverskite\u00a0sud\u0117tinga lavinam\u0105ja veikla\u00a0, kuri skatina\u00a0vaizduot\u0119 ir login\u012f m\u0105stym\u0105\u00a0!WOOPIE GREEN Montessori medinis galvos\u016bkis\u00a0yra puikus lavinamasis \u017eaislas ma\u017eiesiems tyrin\u0117tojams \u2013 spalving\u0173 kalad\u0117li\u0173 ir korteli\u0173 rinkinys su ra\u0161tais, kuriuos galima d\u0117lioti, \u012fsiminti ir net atkurti! Tai ne tik puiki priemon\u0117 mokantis form\u0173 ir spalv\u0173, bet ir nuostabi\u00a0priemon\u0117 lavinti\u00a0susikaupim\u0105, atmint\u012f ir k\u016brybi\u0161kum\u0105.<\/p>\n<p>Rakstur\u012bgs:<\/p>\n<p> \t\u2013 B\u0113rniem no 3 gadu vecuma<br \/>\n \t&#8211; Rinkin\u012f sudaro\u00a055 detal\u0117s<br \/>\n \t&#8211; Iki\u00a040 \u0161ablon\u0173, kuriuos reikia atlikti\u00a0\u2013 3 sud\u0117tingumo lygiai!<br \/>\n \t&#8211; 20 dvipusi\u0173\u00a0paveiksl\u0117li\u0173\u00a0korteli\u0173<br \/>\n \t&#8211; 35\u00a0skirting\u0173 form\u0173 ir spalv\u0173\u00a0mediniai kalad\u0117l\u0117s<br \/>\n \t&#8211; Montessori \u017eaislas \u2013 moko per patirt\u012f<br \/>\n \t&#8211; Kalad\u0117l\u0117s gali b\u016bti naudojamos formoms ir spalvoms mokytis<br \/>\n \t&#8211; Galimyb\u0117 kurti\u00a0savo kompozicijas\u00a0ir i\u0161d\u0117stymus<br \/>\n \t&#8211; Papildomas \u017eaidimo variantas &#8211;\u00a0\u012fsiminti ir atkurti modelius i\u0161 atminties<br \/>\n \t&#8211; Saug\u016bs, suapvalinti elementai<br \/>\n \t&#8211; Pagaminta i\u0161 med\u017eio \u2013 patvari, ekologi\u0161ka ir esteti\u0161ka<br \/>\n \t&#8211; Patogi pakuot\u0117 su rankena \u2013 puikiai tinka pasiimti su savimi \u012f kelion\u0119<\/p>\n<p>Komplekt\u0101 ietilpst:<\/p>\n<p> \t&#8211; 20 korteli\u0173 su 40 paveiksl\u0117li\u0173 (\u012fvair\u016bs sud\u0117tingumo lygiai)<br \/>\n \t&#8211; 35 spalvingi mediniai kalad\u0117l\u0117s<br \/>\n \t&#8211; Tvirta d\u0117\u017eut\u0117 su rankena laikymui ir ne\u0161iojimui<\/p>\n<p>Rota\u013clieta att\u012bst\u0101s:<\/p>\n<p> \t&#8211;\u00a0Rankiniai \u012fg\u016bd\u017eiai\u00a0\u2013 kalad\u0117li\u0173 d\u0117jimas reikalauja tikslumo, padeda lavinti ma\u017eas rankytes ir aki\u0173 bei rank\u0173 koordinacij\u0105<br \/>\n \t&#8211;\u00a0Vaizduot\u0117 ir k\u016brybi\u0161kumas\u00a0\u2013 geb\u0117jimas kurti savo modelius skatina k\u016brybin\u012f m\u0105stym\u0105 ir savaranki\u0161kus veiksmus<br \/>\n \t&#8211;\u00a0Loginis m\u0105stymas\u00a0\u2013 vaizd\u0173 atk\u016brimas pagal korteles yra puikus analiz\u0117s, planavimo ir steb\u0117jimo \u012fg\u016bd\u017ei\u0173 lavinimas<br \/>\n \t&#8211;\u00a0Susikaupimas\u00a0\u2013 \u017eaidimas reikalauja susikaupimo ir d\u0117mesio, padeda lavinti kantryb\u0119 ir sistemingum\u0105<br \/>\n \t&#8211;\u00a0Atmintis\u00a0\u2013 vaikai gali bandyti atkurti modelius i\u0161 atminties, o tai stiprina geb\u0117jim\u0105 prisiminti ir atgaminti<\/p>","protected":false},"excerpt":{"rendered":"<p>WOOPIE GREEN \u2013 medin\u0117 Montessori d\u0117lion\u0117 Klasikin\u012f galvos\u016bk\u012f paverskite\u00a0sud\u0117tinga lavinam\u0105ja veikla\u00a0, kuri skatina\u00a0vaizduot\u0119 ir login\u012f m\u0105stym\u0105\u00a0!WOOPIE GREEN Montessori medinis galvos\u016bkis\u00a0yra<\/p>","protected":false},"featured_media":67092,"template":"","meta":{"_acf_changed":false,"_glsr_average":0,"_glsr_ranking":0,"_glsr_reviews":0},"product_brand":[],"product_cat":[388,229],"product_tag":[],"class_list":{"0":"post-89698","1":"product","2":"type-product","3":"status-publish","4":"has-post-thumbnail","6":"product_cat-edukaciniai-lavinamieji-zaislai","7":"product_cat-zaislai-vaikams","8":"\"style=\"background-color: #2ecc711c;\"","10":"first","11":"instock","12":"purchasable","13":"product-type-simple"},"acf":[],"yoast_head":"<!-- This site is optimized with the Yoast SEO plugin v27.3 - https:\/\/yoast.com\/product\/yoast-seo-wordpress\/ -->\n<title>WOOPIE GREEN medin\u0117 Montessori d\u0117lion\u0117, 40 ra\u0161t\u0173 atkurimui, 55 detal\u0117s, sertifikuota FSC<\/title>\n<meta name=\"description\" content=\"WOOPIE GREEN medin\u0117 Montessori d\u0117lion\u0117, 40 ra\u0161t\u0173 atkurimui, 55 detal\u0117s, sertifikuota FSC - KidsPlay. Did\u017eiausias vaik\u0173 \u017eaisl\u0173 pasirinkimas.\" \/>\n<meta name=\"robots\" content=\"index, follow, max-snippet:-1, max-image-preview:large, max-video-preview:-1\" \/>\n<link rel=\"canonical\" href=\"https:\/\/kidsplay.lt\/lv\/product\/woopie-green-medine-montessori-delione-40-rastu-atkurimui-55-detales-sertifikuota-fsc\/\" \/>\n<meta property=\"og:locale\" content=\"lv_LV\" \/>\n<meta property=\"og:type\" content=\"article\" \/>\n<meta property=\"og:title\" content=\"WOOPIE GREEN medin\u0117 Montessori d\u0117lion\u0117, 40 ra\u0161t\u0173 atkurimui, 55 detal\u0117s, sertifikuota FSC\" \/>\n<meta property=\"og:description\" content=\"WOOPIE GREEN medin\u0117 Montessori d\u0117lion\u0117, 40 ra\u0161t\u0173 atkurimui, 55 detal\u0117s, sertifikuota FSC - KidsPlay. Did\u017eiausias vaik\u0173 \u017eaisl\u0173 pasirinkimas.\" \/>\n<meta property=\"og:url\" content=\"https:\/\/kidsplay.lt\/lv\/product\/woopie-green-medine-montessori-delione-40-rastu-atkurimui-55-detales-sertifikuota-fsc\/\" \/>\n<meta property=\"og:site_name\" content=\"KidsPlay\" \/>\n<meta property=\"article:publisher\" content=\"https:\/\/www.facebook.com\/www.kidsplay.lt\" \/>\n<meta property=\"article:modified_time\" content=\"2026-04-07T07:43:10+00:00\" \/>\n<meta property=\"og:image\" content=\"https:\/\/kidsplay.lt\/wp-content\/uploads\/2025\/09\/WOOPIE-GREEN-medine-Montessori-delione-40-rastu-atkurimui-55-detales-sertifikuota-FSC.jpg\" \/>\n\t<meta property=\"og:image:width\" content=\"1280\" \/>\n\t<meta property=\"og:image:height\" content=\"1280\" \/>\n\t<meta property=\"og:image:type\" content=\"image\/jpeg\" \/>\n<meta name=\"twitter:card\" content=\"summary_large_image\" \/>\n<meta name=\"twitter:label1\" content=\"Est. reading time\" \/>\n\t<meta name=\"twitter:data1\" content=\"1 min\u016bte\" \/>\n<script type=\"application\/ld+json\" class=\"yoast-schema-graph\">{\"@context\":\"https:\\\/\\\/schema.org\",\"@graph\":[{\"@type\":\"WebPage\",\"@id\":\"https:\\\/\\\/kidsplay.lt\\\/produktas\\\/woopie-green-medine-montessori-delione-40-rastu-atkurimui-55-detales-sertifikuota-fsc\\\/\",\"url\":\"https:\\\/\\\/kidsplay.lt\\\/produktas\\\/woopie-green-medine-montessori-delione-40-rastu-atkurimui-55-detales-sertifikuota-fsc\\\/\",\"name\":\"WOOPIE GREEN medin\u0117 Montessori d\u0117lion\u0117, 40 ra\u0161t\u0173 atkurimui, 55 detal\u0117s, sertifikuota FSC\",\"isPartOf\":{\"@id\":\"https:\\\/\\\/kidsplay.lt\\\/#website\"},\"primaryImageOfPage\":{\"@id\":\"https:\\\/\\\/kidsplay.lt\\\/produktas\\\/woopie-green-medine-montessori-delione-40-rastu-atkurimui-55-detales-sertifikuota-fsc\\\/#primaryimage\"},\"image\":{\"@id\":\"https:\\\/\\\/kidsplay.lt\\\/produktas\\\/woopie-green-medine-montessori-delione-40-rastu-atkurimui-55-detales-sertifikuota-fsc\\\/#primaryimage\"},\"thumbnailUrl\":\"https:\\\/\\\/kidsplay.lt\\\/wp-content\\\/uploads\\\/2025\\\/09\\\/WOOPIE-GREEN-medine-Montessori-delione-40-rastu-atkurimui-55-detales-sertifikuota-FSC.jpg\",\"datePublished\":\"2026-02-26T07:27:37+00:00\",\"dateModified\":\"2026-04-07T07:43:10+00:00\",\"description\":\"WOOPIE GREEN medin\u0117 Montessori d\u0117lion\u0117, 40 ra\u0161t\u0173 atkurimui, 55 detal\u0117s, sertifikuota FSC - KidsPlay. Did\u017eiausias vaik\u0173 \u017eaisl\u0173 pasirinkimas.\",\"breadcrumb\":{\"@id\":\"https:\\\/\\\/kidsplay.lt\\\/produktas\\\/woopie-green-medine-montessori-delione-40-rastu-atkurimui-55-detales-sertifikuota-fsc\\\/#breadcrumb\"},\"inLanguage\":\"lv-LV\",\"potentialAction\":[{\"@type\":\"ReadAction\",\"target\":[\"https:\\\/\\\/kidsplay.lt\\\/produktas\\\/woopie-green-medine-montessori-delione-40-rastu-atkurimui-55-detales-sertifikuota-fsc\\\/\"]}]},{\"@type\":\"ImageObject\",\"inLanguage\":\"lv-LV\",\"@id\":\"https:\\\/\\\/kidsplay.lt\\\/produktas\\\/woopie-green-medine-montessori-delione-40-rastu-atkurimui-55-detales-sertifikuota-fsc\\\/#primaryimage\",\"url\":\"https:\\\/\\\/kidsplay.lt\\\/wp-content\\\/uploads\\\/2025\\\/09\\\/WOOPIE-GREEN-medine-Montessori-delione-40-rastu-atkurimui-55-detales-sertifikuota-FSC.jpg\",\"contentUrl\":\"https:\\\/\\\/kidsplay.lt\\\/wp-content\\\/uploads\\\/2025\\\/09\\\/WOOPIE-GREEN-medine-Montessori-delione-40-rastu-atkurimui-55-detales-sertifikuota-FSC.jpg\",\"width\":1280,\"height\":1280,\"caption\":\"WOOPIE GREEN medin\u0117 Montessori d\u0117lion\u0117\"},{\"@type\":\"BreadcrumbList\",\"@id\":\"https:\\\/\\\/kidsplay.lt\\\/produktas\\\/woopie-green-medine-montessori-delione-40-rastu-atkurimui-55-detales-sertifikuota-fsc\\\/#breadcrumb\",\"itemListElement\":[{\"@type\":\"ListItem\",\"position\":1,\"name\":\"Pagrindinis\",\"item\":\"https:\\\/\\\/kidsplay.lt\\\/\"},{\"@type\":\"ListItem\",\"position\":2,\"name\":\"Parduotuv\u0117\",\"item\":\"https:\\\/\\\/kidsplay.lt\\\/parduotuve\\\/\"},{\"@type\":\"ListItem\",\"position\":3,\"name\":\"WOOPIE GREEN medin\u0117 Montessori d\u0117lion\u0117, 40 ra\u0161t\u0173 atkurimui, 55 detal\u0117s, sertifikuota FSC\"}]},{\"@type\":\"WebSite\",\"@id\":\"https:\\\/\\\/kidsplay.lt\\\/#website\",\"url\":\"https:\\\/\\\/kidsplay.lt\\\/\",\"name\":\"Kidsplay.lt\",\"description\":\"\u012evairios prek\u0117s vaikams\",\"publisher\":{\"@id\":\"https:\\\/\\\/kidsplay.lt\\\/#organization\"},\"alternateName\":\"Kidsplay\",\"potentialAction\":[{\"@type\":\"SearchAction\",\"target\":{\"@type\":\"EntryPoint\",\"urlTemplate\":\"https:\\\/\\\/kidsplay.lt\\\/?s={search_term_string}\"},\"query-input\":{\"@type\":\"PropertyValueSpecification\",\"valueRequired\":true,\"valueName\":\"search_term_string\"}}],\"inLanguage\":\"lv-LV\"},{\"@type\":\"Organization\",\"@id\":\"https:\\\/\\\/kidsplay.lt\\\/#organization\",\"name\":\"KidsPlay\",\"url\":\"https:\\\/\\\/kidsplay.lt\\\/\",\"logo\":{\"@type\":\"ImageObject\",\"inLanguage\":\"lv-LV\",\"@id\":\"https:\\\/\\\/kidsplay.lt\\\/#\\\/schema\\\/logo\\\/image\\\/\",\"url\":\"https:\\\/\\\/kidsplay.lt\\\/wp-content\\\/uploads\\\/2023\\\/07\\\/kidsplay-logo.png\",\"contentUrl\":\"https:\\\/\\\/kidsplay.lt\\\/wp-content\\\/uploads\\\/2023\\\/07\\\/kidsplay-logo.png\",\"width\":451,\"height\":98,\"caption\":\"KidsPlay\"},\"image\":{\"@id\":\"https:\\\/\\\/kidsplay.lt\\\/#\\\/schema\\\/logo\\\/image\\\/\"},\"sameAs\":[\"https:\\\/\\\/www.facebook.com\\\/www.kidsplay.lt\"]}]}<\/script>\n<!-- \/ Yoast SEO plugin. -->","yoast_head_json":{"title":"WOOPIE GREEN medin\u0117 Montessori d\u0117lion\u0117, 40 ra\u0161t\u0173 atkurimui, 55 detal\u0117s, sertifikuota FSC","description":"WOOPIE GREEN medin\u0117 Montessori d\u0117lion\u0117, 40 ra\u0161t\u0173 atkurimui, 55 detal\u0117s, sertifikuota FSC - KidsPlay. Did\u017eiausias vaik\u0173 \u017eaisl\u0173 pasirinkimas.","robots":{"index":"index","follow":"follow","max-snippet":"max-snippet:-1","max-image-preview":"max-image-preview:large","max-video-preview":"max-video-preview:-1"},"canonical":"https:\/\/kidsplay.lt\/lv\/product\/woopie-green-medine-montessori-delione-40-rastu-atkurimui-55-detales-sertifikuota-fsc\/","og_locale":"lv_LV","og_type":"article","og_title":"WOOPIE GREEN medin\u0117 Montessori d\u0117lion\u0117, 40 ra\u0161t\u0173 atkurimui, 55 detal\u0117s, sertifikuota FSC","og_description":"WOOPIE GREEN medin\u0117 Montessori d\u0117lion\u0117, 40 ra\u0161t\u0173 atkurimui, 55 detal\u0117s, sertifikuota FSC - KidsPlay. Did\u017eiausias vaik\u0173 \u017eaisl\u0173 pasirinkimas.","og_url":"https:\/\/kidsplay.lt\/lv\/product\/woopie-green-medine-montessori-delione-40-rastu-atkurimui-55-detales-sertifikuota-fsc\/","og_site_name":"KidsPlay","article_publisher":"https:\/\/www.facebook.com\/www.kidsplay.lt","article_modified_time":"2026-04-07T07:43:10+00:00","og_image":[{"width":1280,"height":1280,"url":"https:\/\/kidsplay.lt\/wp-content\/uploads\/2025\/09\/WOOPIE-GREEN-medine-Montessori-delione-40-rastu-atkurimui-55-detales-sertifikuota-FSC.jpg","type":"image\/jpeg"}],"twitter_card":"summary_large_image","twitter_misc":{"Est. reading time":"1 min\u016bte"},"schema":{"@context":"https:\/\/schema.org","@graph":[{"@type":"WebPage","@id":"https:\/\/kidsplay.lt\/produktas\/woopie-green-medine-montessori-delione-40-rastu-atkurimui-55-detales-sertifikuota-fsc\/","url":"https:\/\/kidsplay.lt\/produktas\/woopie-green-medine-montessori-delione-40-rastu-atkurimui-55-detales-sertifikuota-fsc\/","name":"WOOPIE GREEN medin\u0117 Montessori d\u0117lion\u0117, 40 ra\u0161t\u0173 atkurimui, 55 detal\u0117s, sertifikuota FSC","isPartOf":{"@id":"https:\/\/kidsplay.lt\/#website"},"primaryImageOfPage":{"@id":"https:\/\/kidsplay.lt\/produktas\/woopie-green-medine-montessori-delione-40-rastu-atkurimui-55-detales-sertifikuota-fsc\/#primaryimage"},"image":{"@id":"https:\/\/kidsplay.lt\/produktas\/woopie-green-medine-montessori-delione-40-rastu-atkurimui-55-detales-sertifikuota-fsc\/#primaryimage"},"thumbnailUrl":"https:\/\/kidsplay.lt\/wp-content\/uploads\/2025\/09\/WOOPIE-GREEN-medine-Montessori-delione-40-rastu-atkurimui-55-detales-sertifikuota-FSC.jpg","datePublished":"2026-02-26T07:27:37+00:00","dateModified":"2026-04-07T07:43:10+00:00","description":"WOOPIE GREEN medin\u0117 Montessori d\u0117lion\u0117, 40 ra\u0161t\u0173 atkurimui, 55 detal\u0117s, sertifikuota FSC - KidsPlay. Did\u017eiausias vaik\u0173 \u017eaisl\u0173 pasirinkimas.","breadcrumb":{"@id":"https:\/\/kidsplay.lt\/produktas\/woopie-green-medine-montessori-delione-40-rastu-atkurimui-55-detales-sertifikuota-fsc\/#breadcrumb"},"inLanguage":"lv-LV","potentialAction":[{"@type":"ReadAction","target":["https:\/\/kidsplay.lt\/produktas\/woopie-green-medine-montessori-delione-40-rastu-atkurimui-55-detales-sertifikuota-fsc\/"]}]},{"@type":"ImageObject","inLanguage":"lv-LV","@id":"https:\/\/kidsplay.lt\/produktas\/woopie-green-medine-montessori-delione-40-rastu-atkurimui-55-detales-sertifikuota-fsc\/#primaryimage","url":"https:\/\/kidsplay.lt\/wp-content\/uploads\/2025\/09\/WOOPIE-GREEN-medine-Montessori-delione-40-rastu-atkurimui-55-detales-sertifikuota-FSC.jpg","contentUrl":"https:\/\/kidsplay.lt\/wp-content\/uploads\/2025\/09\/WOOPIE-GREEN-medine-Montessori-delione-40-rastu-atkurimui-55-detales-sertifikuota-FSC.jpg","width":1280,"height":1280,"caption":"WOOPIE GREEN medin\u0117 Montessori d\u0117lion\u0117"},{"@type":"BreadcrumbList","@id":"https:\/\/kidsplay.lt\/produktas\/woopie-green-medine-montessori-delione-40-rastu-atkurimui-55-detales-sertifikuota-fsc\/#breadcrumb","itemListElement":[{"@type":"ListItem","position":1,"name":"Pagrindinis","item":"https:\/\/kidsplay.lt\/"},{"@type":"ListItem","position":2,"name":"Parduotuv\u0117","item":"https:\/\/kidsplay.lt\/parduotuve\/"},{"@type":"ListItem","position":3,"name":"WOOPIE GREEN medin\u0117 Montessori d\u0117lion\u0117, 40 ra\u0161t\u0173 atkurimui, 55 detal\u0117s, sertifikuota FSC"}]},{"@type":"WebSite","@id":"https:\/\/kidsplay.lt\/#website","url":"https:\/\/kidsplay.lt\/","name":"B\u0113rnu sp\u0113les.lv","description":"\u012evairios prek\u0117s vaikams","publisher":{"@id":"https:\/\/kidsplay.lt\/#organization"},"alternateName":"Kidsplay","potentialAction":[{"@type":"SearchAction","target":{"@type":"EntryPoint","urlTemplate":"https:\/\/kidsplay.lt\/?s={search_term_string}"},"query-input":{"@type":"PropertyValueSpecification","valueRequired":true,"valueName":"search_term_string"}}],"inLanguage":"lv-LV"},{"@type":"Organization","@id":"https:\/\/kidsplay.lt\/#organization","name":"B\u0113rnu sp\u0113le","url":"https:\/\/kidsplay.lt\/","logo":{"@type":"ImageObject","inLanguage":"lv-LV","@id":"https:\/\/kidsplay.lt\/#\/schema\/logo\/image\/","url":"https:\/\/kidsplay.lt\/wp-content\/uploads\/2023\/07\/kidsplay-logo.png","contentUrl":"https:\/\/kidsplay.lt\/wp-content\/uploads\/2023\/07\/kidsplay-logo.png","width":451,"height":98,"caption":"KidsPlay"},"image":{"@id":"https:\/\/kidsplay.lt\/#\/schema\/logo\/image\/"},"sameAs":["https:\/\/www.facebook.com\/www.kidsplay.lt"]}]}},"_links":{"self":[{"href":"https:\/\/kidsplay.lt\/lv\/wp-json\/wp\/v2\/product\/89698","targetHints":{"allow":["GET"]}}],"collection":[{"href":"https:\/\/kidsplay.lt\/lv\/wp-json\/wp\/v2\/product"}],"about":[{"href":"https:\/\/kidsplay.lt\/lv\/wp-json\/wp\/v2\/types\/product"}],"version-history":[{"count":1,"href":"https:\/\/kidsplay.lt\/lv\/wp-json\/wp\/v2\/product\/89698\/revisions"}],"predecessor-version":[{"id":89699,"href":"https:\/\/kidsplay.lt\/lv\/wp-json\/wp\/v2\/product\/89698\/revisions\/89699"}],"wp:featuredmedia":[{"embeddable":true,"href":"https:\/\/kidsplay.lt\/lv\/wp-json\/wp\/v2\/media\/67092"}],"wp:attachment":[{"href":"https:\/\/kidsplay.lt\/lv\/wp-json\/wp\/v2\/media?parent=89698"}],"wp:term":[{"taxonomy":"product_brand","embeddable":true,"href":"https:\/\/kidsplay.lt\/lv\/wp-json\/wp\/v2\/product_brand?post=89698"},{"taxonomy":"product_cat","embeddable":true,"href":"https:\/\/kidsplay.lt\/lv\/wp-json\/wp\/v2\/product_cat?post=89698"},{"taxonomy":"product_tag","embeddable":true,"href":"https:\/\/kidsplay.lt\/lv\/wp-json\/wp\/v2\/product_tag?post=89698"}],"curies":[{"name":"wp","href":"https:\/\/api.w.org\/{rel}","templated":true}]}}