{"id":89700,"date":"2026-02-26T09:27:40","date_gmt":"2026-02-26T07:27:40","guid":{"rendered":"https:\/\/kidsplay.lt\/produktas\/mini-futbolo-stalas\/"},"modified":"2026-03-23T08:54:15","modified_gmt":"2026-03-23T06:54:15","slug":"mini-futbolo-stalas","status":"publish","type":"product","link":"https:\/\/kidsplay.lt\/lv\/products\/mini-futbolo-stalas\/","title":{"rendered":"Mini futbolo stalas"},"content":{"rendered":"<p>Woopie\u00a0futbolo\u00a0stalas\u00a0leis\u00a0j\u016bs\u0173 ma\u017eyliui\u00a0u\u017eimti\u00a0valand\u0173 valandas\u00a0. \u017daidimas\u00a0dviems \u017emon\u0117ms\u00a0. Kiekviename vadove turime\u00a0po 3 \u017eaid\u0117jus\u00a0, kurie dr\u0105siai \u017eaid\u017eia aik\u0161tel\u0117je. Viskas supakuota labai\u00a0gra\u017eioje\u00a0ir\u00a0tvarkingoje\u00a0pakuot\u0117je\u00a0. Patogi\u00a0rankena\u00a0leid\u017eia patogiai ne\u0161ti d\u0117\u017eut\u0119 su jos turiniu.<\/p>\n<p>Charakteristika:<\/p>\n<p> \t&#8211; vaikams nuo 6 met\u0173,<\/p>\n<p> \t&#8211; keturi vadovai su patogiomis rankenomis i\u0161 viso\u00a012 \u017eaid\u0117j\u0173 &#8211; 6 i\u0161 kiekvienos komandos,<br \/>\n \t&#8211; ergonomi\u0161ka rankena ir vamzdeliai, ant kuri\u0173 dedami \u017eaid\u0117jai, papildomai abakas ta\u0161kams \u017eym\u0117ti, su kamuoliuku,<br \/>\n \t&#8211; Vienu metu \u017eaidime gali dalyvauti 2 \u017eaid\u0117jai,<br \/>\n \t&#8211; Stalas pagamintas i\u0161\u00a0auk\u0161tos kokyb\u0117s med\u017eiag\u0173\u00a0, yra\u00a0masyvus\u00a0ir\u00a0stabilus.<\/p>\n<p>&lt;center&gt;&lt;iframe width=&quot;&rdquo;465&Prime;&quot; height=&quot;&rdquo;827&Prime;&quot; src=&quot;&rdquo;https:\/\/www.youtube.com\/embed\/VjbT5gyYF64&Prime;&quot; title=&quot;&rdquo;WOOPIE&quot; st&oacute;\u0142 do gry w pi\u0142karzyki mini&rdquo; frameborder=&quot;&rdquo;0&Prime;&quot; allow=&quot;&rdquo;accelerometer;&quot; autoplay; clipboard-write; encrypted-media; gyroscope; picture-in-picture; web-share&rdquo; referrerpolicy=&quot;&rdquo;strict-origin-when-cross-origin&rdquo;&quot; allowfullscreen&gt;&lt;\/iframe&gt;&lt;\/center&gt;<\/p>","protected":false},"excerpt":{"rendered":"<p>Woopie\u00a0futbolo\u00a0stalas\u00a0leis\u00a0j\u016bs\u0173 ma\u017eyliui\u00a0u\u017eimti\u00a0valand\u0173 valandas\u00a0. \u017daidimas\u00a0dviems \u017emon\u0117ms\u00a0. Kiekviename vadove turime\u00a0po 3 \u017eaid\u0117jus\u00a0, kurie dr\u0105siai \u017eaid\u017eia aik\u0161tel\u0117je. Viskas supakuota labai\u00a0gra\u017eioje\u00a0ir\u00a0tvarkingoje\u00a0pakuot\u0117je\u00a0. Patogi\u00a0rankena\u00a0leid\u017eia patogiai ne\u0161ti<\/p>","protected":false},"featured_media":55966,"template":"","meta":{"_acf_changed":false,"_glsr_average":0,"_glsr_ranking":0,"_glsr_reviews":0},"product_brand":[],"product_cat":[445,229],"product_tag":[],"class_list":{"0":"post-89700","1":"product","2":"type-product","3":"status-publish","4":"has-post-thumbnail","6":"product_cat-stalo-zaidimai","7":"product_cat-zaislai-vaikams","8":"\"style=\"background-color: #2ecc711c;\"","10":"first","11":"outofstock","12":"purchasable","13":"product-type-simple"},"acf":[],"yoast_head":"<!-- This site is optimized with the Yoast SEO plugin v27.3 - https:\/\/yoast.com\/product\/yoast-seo-wordpress\/ -->\n<title>Mini futbolo stalas<\/title>\n<meta name=\"description\" content=\"Mini futbolo stalas - KidsPlay. Did\u017eiausias vaik\u0173 \u017eaisl\u0173 pasirinkimas.\" \/>\n<meta name=\"robots\" content=\"index, follow, max-snippet:-1, max-image-preview:large, max-video-preview:-1\" \/>\n<link rel=\"canonical\" href=\"https:\/\/kidsplay.lt\/lv\/products\/mini-futbolo-stalas\/\" \/>\n<meta property=\"og:locale\" content=\"lv_LV\" \/>\n<meta property=\"og:type\" content=\"article\" \/>\n<meta property=\"og:title\" content=\"Mini futbolo stalas\" \/>\n<meta property=\"og:description\" content=\"Mini futbolo stalas - KidsPlay. Did\u017eiausias vaik\u0173 \u017eaisl\u0173 pasirinkimas.\" \/>\n<meta property=\"og:url\" content=\"https:\/\/kidsplay.lt\/lv\/products\/mini-futbolo-stalas\/\" \/>\n<meta property=\"og:site_name\" content=\"KidsPlay\" \/>\n<meta property=\"article:publisher\" content=\"https:\/\/www.facebook.com\/www.kidsplay.lt\" \/>\n<meta property=\"article:modified_time\" content=\"2026-03-23T06:54:15+00:00\" \/>\n<meta property=\"og:image\" content=\"https:\/\/kidsplay.lt\/wp-content\/uploads\/2024\/09\/Mini-futbolo-stalas-800x800.jpg\" \/>\n\t<meta property=\"og:image:width\" content=\"800\" \/>\n\t<meta property=\"og:image:height\" content=\"800\" \/>\n\t<meta property=\"og:image:type\" content=\"image\/jpeg\" \/>\n<meta name=\"twitter:card\" content=\"summary_large_image\" \/>\n<meta name=\"twitter:label1\" content=\"Est. reading time\" \/>\n\t<meta name=\"twitter:data1\" content=\"1 min\u016bte\" \/>\n<script type=\"application\/ld+json\" class=\"yoast-schema-graph\">{\"@context\":\"https:\\\/\\\/schema.org\",\"@graph\":[{\"@type\":\"WebPage\",\"@id\":\"https:\\\/\\\/kidsplay.lt\\\/produktas\\\/mini-futbolo-stalas\\\/\",\"url\":\"https:\\\/\\\/kidsplay.lt\\\/produktas\\\/mini-futbolo-stalas\\\/\",\"name\":\"Mini futbolo stalas\",\"isPartOf\":{\"@id\":\"https:\\\/\\\/kidsplay.lt\\\/#website\"},\"primaryImageOfPage\":{\"@id\":\"https:\\\/\\\/kidsplay.lt\\\/produktas\\\/mini-futbolo-stalas\\\/#primaryimage\"},\"image\":{\"@id\":\"https:\\\/\\\/kidsplay.lt\\\/produktas\\\/mini-futbolo-stalas\\\/#primaryimage\"},\"thumbnailUrl\":\"https:\\\/\\\/kidsplay.lt\\\/wp-content\\\/uploads\\\/2024\\\/09\\\/Mini-futbolo-stalas.jpg\",\"datePublished\":\"2026-02-26T07:27:40+00:00\",\"dateModified\":\"2026-03-23T06:54:15+00:00\",\"description\":\"Mini futbolo stalas - KidsPlay. Did\u017eiausias vaik\u0173 \u017eaisl\u0173 pasirinkimas.\",\"breadcrumb\":{\"@id\":\"https:\\\/\\\/kidsplay.lt\\\/produktas\\\/mini-futbolo-stalas\\\/#breadcrumb\"},\"inLanguage\":\"lv-LV\",\"potentialAction\":[{\"@type\":\"ReadAction\",\"target\":[\"https:\\\/\\\/kidsplay.lt\\\/produktas\\\/mini-futbolo-stalas\\\/\"]}]},{\"@type\":\"ImageObject\",\"inLanguage\":\"lv-LV\",\"@id\":\"https:\\\/\\\/kidsplay.lt\\\/produktas\\\/mini-futbolo-stalas\\\/#primaryimage\",\"url\":\"https:\\\/\\\/kidsplay.lt\\\/wp-content\\\/uploads\\\/2024\\\/09\\\/Mini-futbolo-stalas.jpg\",\"contentUrl\":\"https:\\\/\\\/kidsplay.lt\\\/wp-content\\\/uploads\\\/2024\\\/09\\\/Mini-futbolo-stalas.jpg\",\"width\":2560,\"height\":2560,\"caption\":\"Mini futbolo stalas\"},{\"@type\":\"BreadcrumbList\",\"@id\":\"https:\\\/\\\/kidsplay.lt\\\/produktas\\\/mini-futbolo-stalas\\\/#breadcrumb\",\"itemListElement\":[{\"@type\":\"ListItem\",\"position\":1,\"name\":\"Pagrindinis\",\"item\":\"https:\\\/\\\/kidsplay.lt\\\/\"},{\"@type\":\"ListItem\",\"position\":2,\"name\":\"Parduotuv\u0117\",\"item\":\"https:\\\/\\\/kidsplay.lt\\\/parduotuve\\\/\"},{\"@type\":\"ListItem\",\"position\":3,\"name\":\"Mini futbolo stalas\"}]},{\"@type\":\"WebSite\",\"@id\":\"https:\\\/\\\/kidsplay.lt\\\/#website\",\"url\":\"https:\\\/\\\/kidsplay.lt\\\/\",\"name\":\"Kidsplay.lt\",\"description\":\"\u012evairios prek\u0117s vaikams\",\"publisher\":{\"@id\":\"https:\\\/\\\/kidsplay.lt\\\/#organization\"},\"alternateName\":\"Kidsplay\",\"potentialAction\":[{\"@type\":\"SearchAction\",\"target\":{\"@type\":\"EntryPoint\",\"urlTemplate\":\"https:\\\/\\\/kidsplay.lt\\\/?s={search_term_string}\"},\"query-input\":{\"@type\":\"PropertyValueSpecification\",\"valueRequired\":true,\"valueName\":\"search_term_string\"}}],\"inLanguage\":\"lv-LV\"},{\"@type\":\"Organization\",\"@id\":\"https:\\\/\\\/kidsplay.lt\\\/#organization\",\"name\":\"KidsPlay\",\"url\":\"https:\\\/\\\/kidsplay.lt\\\/\",\"logo\":{\"@type\":\"ImageObject\",\"inLanguage\":\"lv-LV\",\"@id\":\"https:\\\/\\\/kidsplay.lt\\\/#\\\/schema\\\/logo\\\/image\\\/\",\"url\":\"https:\\\/\\\/kidsplay.lt\\\/wp-content\\\/uploads\\\/2023\\\/07\\\/kidsplay-logo.png\",\"contentUrl\":\"https:\\\/\\\/kidsplay.lt\\\/wp-content\\\/uploads\\\/2023\\\/07\\\/kidsplay-logo.png\",\"width\":451,\"height\":98,\"caption\":\"KidsPlay\"},\"image\":{\"@id\":\"https:\\\/\\\/kidsplay.lt\\\/#\\\/schema\\\/logo\\\/image\\\/\"},\"sameAs\":[\"https:\\\/\\\/www.facebook.com\\\/www.kidsplay.lt\"]}]}<\/script>\n<!-- \/ Yoast SEO plugin. -->","yoast_head_json":{"title":"Mini futbolo stalas","description":"Mini futbolo stalas - KidsPlay. Did\u017eiausias vaik\u0173 \u017eaisl\u0173 pasirinkimas.","robots":{"index":"index","follow":"follow","max-snippet":"max-snippet:-1","max-image-preview":"max-image-preview:large","max-video-preview":"max-video-preview:-1"},"canonical":"https:\/\/kidsplay.lt\/lv\/products\/mini-futbolo-stalas\/","og_locale":"lv_LV","og_type":"article","og_title":"Mini futbolo stalas","og_description":"Mini futbolo stalas - KidsPlay. Did\u017eiausias vaik\u0173 \u017eaisl\u0173 pasirinkimas.","og_url":"https:\/\/kidsplay.lt\/lv\/products\/mini-futbolo-stalas\/","og_site_name":"KidsPlay","article_publisher":"https:\/\/www.facebook.com\/www.kidsplay.lt","article_modified_time":"2026-03-23T06:54:15+00:00","og_image":[{"width":800,"height":800,"url":"https:\/\/kidsplay.lt\/wp-content\/uploads\/2024\/09\/Mini-futbolo-stalas-800x800.jpg","type":"image\/jpeg"}],"twitter_card":"summary_large_image","twitter_misc":{"Est. reading time":"1 min\u016bte"},"schema":{"@context":"https:\/\/schema.org","@graph":[{"@type":"WebPage","@id":"https:\/\/kidsplay.lt\/produktas\/mini-futbolo-stalas\/","url":"https:\/\/kidsplay.lt\/produktas\/mini-futbolo-stalas\/","name":"Mini futbolo stalas","isPartOf":{"@id":"https:\/\/kidsplay.lt\/#website"},"primaryImageOfPage":{"@id":"https:\/\/kidsplay.lt\/produktas\/mini-futbolo-stalas\/#primaryimage"},"image":{"@id":"https:\/\/kidsplay.lt\/produktas\/mini-futbolo-stalas\/#primaryimage"},"thumbnailUrl":"https:\/\/kidsplay.lt\/wp-content\/uploads\/2024\/09\/Mini-futbolo-stalas.jpg","datePublished":"2026-02-26T07:27:40+00:00","dateModified":"2026-03-23T06:54:15+00:00","description":"Mini futbolo stalas - KidsPlay. Did\u017eiausias vaik\u0173 \u017eaisl\u0173 pasirinkimas.","breadcrumb":{"@id":"https:\/\/kidsplay.lt\/produktas\/mini-futbolo-stalas\/#breadcrumb"},"inLanguage":"lv-LV","potentialAction":[{"@type":"ReadAction","target":["https:\/\/kidsplay.lt\/produktas\/mini-futbolo-stalas\/"]}]},{"@type":"ImageObject","inLanguage":"lv-LV","@id":"https:\/\/kidsplay.lt\/produktas\/mini-futbolo-stalas\/#primaryimage","url":"https:\/\/kidsplay.lt\/wp-content\/uploads\/2024\/09\/Mini-futbolo-stalas.jpg","contentUrl":"https:\/\/kidsplay.lt\/wp-content\/uploads\/2024\/09\/Mini-futbolo-stalas.jpg","width":2560,"height":2560,"caption":"Mini futbolo stalas"},{"@type":"BreadcrumbList","@id":"https:\/\/kidsplay.lt\/produktas\/mini-futbolo-stalas\/#breadcrumb","itemListElement":[{"@type":"ListItem","position":1,"name":"Pagrindinis","item":"https:\/\/kidsplay.lt\/"},{"@type":"ListItem","position":2,"name":"Parduotuv\u0117","item":"https:\/\/kidsplay.lt\/parduotuve\/"},{"@type":"ListItem","position":3,"name":"Mini futbolo stalas"}]},{"@type":"WebSite","@id":"https:\/\/kidsplay.lt\/#website","url":"https:\/\/kidsplay.lt\/","name":"B\u0113rnu sp\u0113les.lv","description":"\u012evairios prek\u0117s vaikams","publisher":{"@id":"https:\/\/kidsplay.lt\/#organization"},"alternateName":"Kidsplay","potentialAction":[{"@type":"SearchAction","target":{"@type":"EntryPoint","urlTemplate":"https:\/\/kidsplay.lt\/?s={search_term_string}"},"query-input":{"@type":"PropertyValueSpecification","valueRequired":true,"valueName":"search_term_string"}}],"inLanguage":"lv-LV"},{"@type":"Organization","@id":"https:\/\/kidsplay.lt\/#organization","name":"B\u0113rnu sp\u0113le","url":"https:\/\/kidsplay.lt\/","logo":{"@type":"ImageObject","inLanguage":"lv-LV","@id":"https:\/\/kidsplay.lt\/#\/schema\/logo\/image\/","url":"https:\/\/kidsplay.lt\/wp-content\/uploads\/2023\/07\/kidsplay-logo.png","contentUrl":"https:\/\/kidsplay.lt\/wp-content\/uploads\/2023\/07\/kidsplay-logo.png","width":451,"height":98,"caption":"KidsPlay"},"image":{"@id":"https:\/\/kidsplay.lt\/#\/schema\/logo\/image\/"},"sameAs":["https:\/\/www.facebook.com\/www.kidsplay.lt"]}]}},"_links":{"self":[{"href":"https:\/\/kidsplay.lt\/lv\/wp-json\/wp\/v2\/product\/89700","targetHints":{"allow":["GET"]}}],"collection":[{"href":"https:\/\/kidsplay.lt\/lv\/wp-json\/wp\/v2\/product"}],"about":[{"href":"https:\/\/kidsplay.lt\/lv\/wp-json\/wp\/v2\/types\/product"}],"version-history":[{"count":1,"href":"https:\/\/kidsplay.lt\/lv\/wp-json\/wp\/v2\/product\/89700\/revisions"}],"predecessor-version":[{"id":89701,"href":"https:\/\/kidsplay.lt\/lv\/wp-json\/wp\/v2\/product\/89700\/revisions\/89701"}],"wp:featuredmedia":[{"embeddable":true,"href":"https:\/\/kidsplay.lt\/lv\/wp-json\/wp\/v2\/media\/55966"}],"wp:attachment":[{"href":"https:\/\/kidsplay.lt\/lv\/wp-json\/wp\/v2\/media?parent=89700"}],"wp:term":[{"taxonomy":"product_brand","embeddable":true,"href":"https:\/\/kidsplay.lt\/lv\/wp-json\/wp\/v2\/product_brand?post=89700"},{"taxonomy":"product_cat","embeddable":true,"href":"https:\/\/kidsplay.lt\/lv\/wp-json\/wp\/v2\/product_cat?post=89700"},{"taxonomy":"product_tag","embeddable":true,"href":"https:\/\/kidsplay.lt\/lv\/wp-json\/wp\/v2\/product_tag?post=89700"}],"curies":[{"name":"wp","href":"https:\/\/api.w.org\/{rel}","templated":true}]}}