{"id":89702,"date":"2026-02-26T09:27:42","date_gmt":"2026-02-26T07:27:42","guid":{"rendered":"https:\/\/kidsplay.lt\/produktas\/mokomasis-zaidimas-pauksciu-kaladeliu-krovimas-23-vnt\/"},"modified":"2026-04-20T08:33:51","modified_gmt":"2026-04-20T05:33:51","slug":"mokomasis-zaidimas-pauksciu-kaladeliu-krovimas-23-vnt","status":"publish","type":"product","link":"https:\/\/kidsplay.lt\/lv\/products\/mokomasis-zaidimas-pauksciu-kaladeliu-krovimas-23-vnt\/","title":{"rendered":"Izgl\u012btojo\u0161a sp\u0113le Putnu kluc\u012b\u0161u sakrau\u0161ana 23 gab."},"content":{"rendered":"<p>Prek\u0117s \u017eenklo\u00a0CLASSIC WORLD\u00a0edukacinis pauk\u0161\u010di\u0173 krovimo \u017eaidimas\u00a0leid\u017eia \u017eaisti daug unikali\u0173 \u017eaidim\u0173 \u2013 tik\u00a0j\u016bs\u0173 vaizduot\u0117\u00a0riboja! \u017daidime yra 20 kalad\u0117li\u0173, 2 pauk\u0161\u010diai ir kauliukas, visi pagaminti i\u0161 buko medienos. Smagaus krovimo ir pa\u017ei\u016br\u0117kite, kas gali skristi auk\u0161\u010diau! Tokie \u017eaidimai lavina\u00a0bendravimo\u00a0\u012fg\u016bd\u017eius , ugdo\u00a0vaik\u0173\u00a0dr\u0105s\u0105\u00a0ir\u00a0pasitik\u0117jim\u0105\u00a0savimi !<\/p>\n<p>Raksturojums:<\/p>\n<p> \t\u2013 rota\u013clieta no 3 gadu vecuma,<br \/>\n \t&#8211; \u017eaidimas yra apie\u00a0konkurencij\u0105\u00a0ir linksmyb\u0119,<br \/>\n \t&#8211; pagamintas i\u0161 auk\u0161\u010diausios kokyb\u0117s\u00a0nat\u016bralaus med\u017eio,<br \/>\n \t&#8211; sukurta\u00a0Pary\u017eiuje,<br \/>\n \t&#8211;\u00a0rinkin\u012f sudaro:\u00a020 kalad\u0117li\u0173, 2x pauk\u0161\u010diai ir kauliukas.<\/p>\n<p>Rota\u013clieta att\u012bst\u0101s:<\/p>\n<p> \t&#8211; bendravimo\u00a0\u012fg\u016bd\u017eiai ,<br \/>\n \t&#8211;\u00a0dr\u0105sa\u00a0ir\u00a0pasitik\u0117jimas\u00a0savimi .<\/p>\n<p>Ekologi\u0161ki \u017eaislai\u00a0\u00a0 skirti patiems ma\u017eiausiems vaikams ir yra pagaminti i\u0161 visi\u0161kai nat\u016brali\u0173, biologi\u0161kai skaid\u017ei\u0173 ir hipoalergini\u0173 med\u017eiag\u0173, tod\u0117l yra 100% saug\u016bs ir nekenksmingi ne tik aplinkai, bet ir J\u016bs\u0173 vaikui.<\/p>\n<p>\u201eClassic World\u201c\u00a0\u00a0yra garsi \u017eaisl\u0173 gamybos \u012fmon\u0117. Bendrov\u0117 nustato kartel\u0119 kitiems gamintojams, vis\u0173 pirma auk\u0161ta darb\u0173 kokybe. \u017dinome, kad vaikai nusipelno tik geriausi\u0173 \u017eaisl\u0173. \u201eClassic World\u201c tai u\u017etikrina grie\u017eta kokyb\u0117s kontrol\u0117 ir gamybos procesas. \u012emon\u0117 palaiko tarptautinius kokyb\u0117s standartus.<\/p>","protected":false},"excerpt":{"rendered":"<p>Prek\u0117s \u017eenklo\u00a0CLASSIC WORLD\u00a0edukacinis pauk\u0161\u010di\u0173 krovimo \u017eaidimas\u00a0leid\u017eia \u017eaisti daug unikali\u0173 \u017eaidim\u0173 \u2013 tik\u00a0j\u016bs\u0173 vaizduot\u0117\u00a0riboja! \u017daidime yra 20 kalad\u0117li\u0173, 2 pauk\u0161\u010diai ir<\/p>","protected":false},"featured_media":55971,"template":"","meta":{"_acf_changed":false,"_glsr_average":0,"_glsr_ranking":0,"_glsr_reviews":0},"product_brand":[],"product_cat":[884,883],"product_tag":[],"class_list":{"0":"post-89702","1":"product","2":"type-product","3":"status-publish","4":"has-post-thumbnail","6":"product_cat-edukaciniai-lavinamieji-mediniai-zaislai","7":"product_cat-mediniai-zaislai-2","8":"\"style=\"background-color: #2ecc711c;\"","10":"first","11":"instock","12":"purchasable","13":"product-type-simple"},"acf":[],"yoast_head":"<!-- This site is optimized with the Yoast SEO plugin v27.4 - https:\/\/yoast.com\/product\/yoast-seo-wordpress\/ -->\n<title>Mokomasis \u017eaidimas Pauk\u0161\u010di\u0173 kalad\u0117li\u0173 krovimas 23 vnt.<\/title>\n<meta name=\"description\" content=\"Mokomasis \u017eaidimas Pauk\u0161\u010di\u0173 kalad\u0117li\u0173 krovimas 23 vnt. - KidsPlay. Did\u017eiausias vaik\u0173 \u017eaisl\u0173 pasirinkimas.\" \/>\n<meta name=\"robots\" content=\"index, follow, max-snippet:-1, max-image-preview:large, max-video-preview:-1\" \/>\n<link rel=\"canonical\" href=\"https:\/\/kidsplay.lt\/lv\/products\/mokomasis-zaidimas-pauksciu-kaladeliu-krovimas-23-vnt\/\" \/>\n<meta property=\"og:locale\" content=\"lv_LV\" \/>\n<meta property=\"og:type\" content=\"article\" \/>\n<meta property=\"og:title\" content=\"Mokomasis \u017eaidimas Pauk\u0161\u010di\u0173 kalad\u0117li\u0173 krovimas 23 vnt.\" \/>\n<meta property=\"og:description\" content=\"Mokomasis \u017eaidimas Pauk\u0161\u010di\u0173 kalad\u0117li\u0173 krovimas 23 vnt. - KidsPlay. Did\u017eiausias vaik\u0173 \u017eaisl\u0173 pasirinkimas.\" \/>\n<meta property=\"og:url\" content=\"https:\/\/kidsplay.lt\/lv\/products\/mokomasis-zaidimas-pauksciu-kaladeliu-krovimas-23-vnt\/\" \/>\n<meta property=\"og:site_name\" content=\"KidsPlay\" \/>\n<meta property=\"article:publisher\" content=\"https:\/\/www.facebook.com\/www.kidsplay.lt\" \/>\n<meta property=\"article:modified_time\" content=\"2026-04-20T05:33:51+00:00\" \/>\n<meta property=\"og:image\" content=\"https:\/\/kidsplay.lt\/wp-content\/uploads\/2024\/09\/Mokomasis-zaidimas-Pauksciu-kaladeliu-krovimas-23-vnt.jpg\" \/>\n\t<meta property=\"og:image:width\" content=\"1283\" \/>\n\t<meta property=\"og:image:height\" content=\"1244\" \/>\n\t<meta property=\"og:image:type\" content=\"image\/jpeg\" \/>\n<meta name=\"twitter:card\" content=\"summary_large_image\" \/>\n<meta name=\"twitter:label1\" content=\"Est. reading time\" \/>\n\t<meta name=\"twitter:data1\" content=\"1 min\u016bte\" \/>\n<script type=\"application\/ld+json\" class=\"yoast-schema-graph\">{\"@context\":\"https:\\\/\\\/schema.org\",\"@graph\":[{\"@type\":\"WebPage\",\"@id\":\"https:\\\/\\\/kidsplay.lt\\\/produktas\\\/mokomasis-zaidimas-pauksciu-kaladeliu-krovimas-23-vnt\\\/\",\"url\":\"https:\\\/\\\/kidsplay.lt\\\/produktas\\\/mokomasis-zaidimas-pauksciu-kaladeliu-krovimas-23-vnt\\\/\",\"name\":\"Mokomasis \u017eaidimas Pauk\u0161\u010di\u0173 kalad\u0117li\u0173 krovimas 23 vnt.\",\"isPartOf\":{\"@id\":\"https:\\\/\\\/kidsplay.lt\\\/#website\"},\"primaryImageOfPage\":{\"@id\":\"https:\\\/\\\/kidsplay.lt\\\/produktas\\\/mokomasis-zaidimas-pauksciu-kaladeliu-krovimas-23-vnt\\\/#primaryimage\"},\"image\":{\"@id\":\"https:\\\/\\\/kidsplay.lt\\\/produktas\\\/mokomasis-zaidimas-pauksciu-kaladeliu-krovimas-23-vnt\\\/#primaryimage\"},\"thumbnailUrl\":\"https:\\\/\\\/kidsplay.lt\\\/wp-content\\\/uploads\\\/2024\\\/09\\\/Mokomasis-zaidimas-Pauksciu-kaladeliu-krovimas-23-vnt.jpg\",\"datePublished\":\"2026-02-26T07:27:42+00:00\",\"dateModified\":\"2026-04-20T05:33:51+00:00\",\"description\":\"Mokomasis \u017eaidimas Pauk\u0161\u010di\u0173 kalad\u0117li\u0173 krovimas 23 vnt. - KidsPlay. Did\u017eiausias vaik\u0173 \u017eaisl\u0173 pasirinkimas.\",\"breadcrumb\":{\"@id\":\"https:\\\/\\\/kidsplay.lt\\\/produktas\\\/mokomasis-zaidimas-pauksciu-kaladeliu-krovimas-23-vnt\\\/#breadcrumb\"},\"inLanguage\":\"lv-LV\",\"potentialAction\":[{\"@type\":\"ReadAction\",\"target\":[\"https:\\\/\\\/kidsplay.lt\\\/produktas\\\/mokomasis-zaidimas-pauksciu-kaladeliu-krovimas-23-vnt\\\/\"]}]},{\"@type\":\"ImageObject\",\"inLanguage\":\"lv-LV\",\"@id\":\"https:\\\/\\\/kidsplay.lt\\\/produktas\\\/mokomasis-zaidimas-pauksciu-kaladeliu-krovimas-23-vnt\\\/#primaryimage\",\"url\":\"https:\\\/\\\/kidsplay.lt\\\/wp-content\\\/uploads\\\/2024\\\/09\\\/Mokomasis-zaidimas-Pauksciu-kaladeliu-krovimas-23-vnt.jpg\",\"contentUrl\":\"https:\\\/\\\/kidsplay.lt\\\/wp-content\\\/uploads\\\/2024\\\/09\\\/Mokomasis-zaidimas-Pauksciu-kaladeliu-krovimas-23-vnt.jpg\",\"width\":1283,\"height\":1244,\"caption\":\"Mokomasis \u017eaidimas Pauk\u0161\u010di\u0173 kalad\u0117li\u0173 krovimas 23 vnt.\"},{\"@type\":\"BreadcrumbList\",\"@id\":\"https:\\\/\\\/kidsplay.lt\\\/produktas\\\/mokomasis-zaidimas-pauksciu-kaladeliu-krovimas-23-vnt\\\/#breadcrumb\",\"itemListElement\":[{\"@type\":\"ListItem\",\"position\":1,\"name\":\"Pagrindinis\",\"item\":\"https:\\\/\\\/kidsplay.lt\\\/\"},{\"@type\":\"ListItem\",\"position\":2,\"name\":\"Parduotuv\u0117\",\"item\":\"https:\\\/\\\/kidsplay.lt\\\/parduotuve\\\/\"},{\"@type\":\"ListItem\",\"position\":3,\"name\":\"Mokomasis \u017eaidimas Pauk\u0161\u010di\u0173 kalad\u0117li\u0173 krovimas 23 vnt.\"}]},{\"@type\":\"WebSite\",\"@id\":\"https:\\\/\\\/kidsplay.lt\\\/#website\",\"url\":\"https:\\\/\\\/kidsplay.lt\\\/\",\"name\":\"Kidsplay.lt\",\"description\":\"\u012evairios prek\u0117s vaikams\",\"publisher\":{\"@id\":\"https:\\\/\\\/kidsplay.lt\\\/#organization\"},\"alternateName\":\"Kidsplay\",\"potentialAction\":[{\"@type\":\"SearchAction\",\"target\":{\"@type\":\"EntryPoint\",\"urlTemplate\":\"https:\\\/\\\/kidsplay.lt\\\/?s={search_term_string}\"},\"query-input\":{\"@type\":\"PropertyValueSpecification\",\"valueRequired\":true,\"valueName\":\"search_term_string\"}}],\"inLanguage\":\"lv-LV\"},{\"@type\":\"Organization\",\"@id\":\"https:\\\/\\\/kidsplay.lt\\\/#organization\",\"name\":\"KidsPlay\",\"url\":\"https:\\\/\\\/kidsplay.lt\\\/\",\"logo\":{\"@type\":\"ImageObject\",\"inLanguage\":\"lv-LV\",\"@id\":\"https:\\\/\\\/kidsplay.lt\\\/#\\\/schema\\\/logo\\\/image\\\/\",\"url\":\"https:\\\/\\\/kidsplay.lt\\\/wp-content\\\/uploads\\\/2023\\\/07\\\/kidsplay-logo.png\",\"contentUrl\":\"https:\\\/\\\/kidsplay.lt\\\/wp-content\\\/uploads\\\/2023\\\/07\\\/kidsplay-logo.png\",\"width\":451,\"height\":98,\"caption\":\"KidsPlay\"},\"image\":{\"@id\":\"https:\\\/\\\/kidsplay.lt\\\/#\\\/schema\\\/logo\\\/image\\\/\"},\"sameAs\":[\"https:\\\/\\\/www.facebook.com\\\/www.kidsplay.lt\"]}]}<\/script>\n<!-- \/ Yoast SEO plugin. -->","yoast_head_json":{"title":"Izgl\u012btojo\u0161a sp\u0113le Putnu kluc\u012b\u0161u sakrau\u0161ana 23 gab.","description":"Mokomasis \u017eaidimas Pauk\u0161\u010di\u0173 kalad\u0117li\u0173 krovimas 23 vnt. - KidsPlay. Did\u017eiausias vaik\u0173 \u017eaisl\u0173 pasirinkimas.","robots":{"index":"index","follow":"follow","max-snippet":"max-snippet:-1","max-image-preview":"max-image-preview:large","max-video-preview":"max-video-preview:-1"},"canonical":"https:\/\/kidsplay.lt\/lv\/products\/mokomasis-zaidimas-pauksciu-kaladeliu-krovimas-23-vnt\/","og_locale":"lv_LV","og_type":"article","og_title":"Mokomasis \u017eaidimas Pauk\u0161\u010di\u0173 kalad\u0117li\u0173 krovimas 23 vnt.","og_description":"Mokomasis \u017eaidimas Pauk\u0161\u010di\u0173 kalad\u0117li\u0173 krovimas 23 vnt. - KidsPlay. Did\u017eiausias vaik\u0173 \u017eaisl\u0173 pasirinkimas.","og_url":"https:\/\/kidsplay.lt\/lv\/products\/mokomasis-zaidimas-pauksciu-kaladeliu-krovimas-23-vnt\/","og_site_name":"KidsPlay","article_publisher":"https:\/\/www.facebook.com\/www.kidsplay.lt","article_modified_time":"2026-04-20T05:33:51+00:00","og_image":[{"width":1283,"height":1244,"url":"https:\/\/kidsplay.lt\/wp-content\/uploads\/2024\/09\/Mokomasis-zaidimas-Pauksciu-kaladeliu-krovimas-23-vnt.jpg","type":"image\/jpeg"}],"twitter_card":"summary_large_image","twitter_misc":{"Est. reading time":"1 min\u016bte"},"schema":{"@context":"https:\/\/schema.org","@graph":[{"@type":"WebPage","@id":"https:\/\/kidsplay.lt\/produktas\/mokomasis-zaidimas-pauksciu-kaladeliu-krovimas-23-vnt\/","url":"https:\/\/kidsplay.lt\/produktas\/mokomasis-zaidimas-pauksciu-kaladeliu-krovimas-23-vnt\/","name":"Izgl\u012btojo\u0161a sp\u0113le Putnu kluc\u012b\u0161u sakrau\u0161ana 23 gab.","isPartOf":{"@id":"https:\/\/kidsplay.lt\/#website"},"primaryImageOfPage":{"@id":"https:\/\/kidsplay.lt\/produktas\/mokomasis-zaidimas-pauksciu-kaladeliu-krovimas-23-vnt\/#primaryimage"},"image":{"@id":"https:\/\/kidsplay.lt\/produktas\/mokomasis-zaidimas-pauksciu-kaladeliu-krovimas-23-vnt\/#primaryimage"},"thumbnailUrl":"https:\/\/kidsplay.lt\/wp-content\/uploads\/2024\/09\/Mokomasis-zaidimas-Pauksciu-kaladeliu-krovimas-23-vnt.jpg","datePublished":"2026-02-26T07:27:42+00:00","dateModified":"2026-04-20T05:33:51+00:00","description":"Mokomasis \u017eaidimas Pauk\u0161\u010di\u0173 kalad\u0117li\u0173 krovimas 23 vnt. - KidsPlay. Did\u017eiausias vaik\u0173 \u017eaisl\u0173 pasirinkimas.","breadcrumb":{"@id":"https:\/\/kidsplay.lt\/produktas\/mokomasis-zaidimas-pauksciu-kaladeliu-krovimas-23-vnt\/#breadcrumb"},"inLanguage":"lv-LV","potentialAction":[{"@type":"ReadAction","target":["https:\/\/kidsplay.lt\/produktas\/mokomasis-zaidimas-pauksciu-kaladeliu-krovimas-23-vnt\/"]}]},{"@type":"ImageObject","inLanguage":"lv-LV","@id":"https:\/\/kidsplay.lt\/produktas\/mokomasis-zaidimas-pauksciu-kaladeliu-krovimas-23-vnt\/#primaryimage","url":"https:\/\/kidsplay.lt\/wp-content\/uploads\/2024\/09\/Mokomasis-zaidimas-Pauksciu-kaladeliu-krovimas-23-vnt.jpg","contentUrl":"https:\/\/kidsplay.lt\/wp-content\/uploads\/2024\/09\/Mokomasis-zaidimas-Pauksciu-kaladeliu-krovimas-23-vnt.jpg","width":1283,"height":1244,"caption":"Mokomasis \u017eaidimas Pauk\u0161\u010di\u0173 kalad\u0117li\u0173 krovimas 23 vnt."},{"@type":"BreadcrumbList","@id":"https:\/\/kidsplay.lt\/produktas\/mokomasis-zaidimas-pauksciu-kaladeliu-krovimas-23-vnt\/#breadcrumb","itemListElement":[{"@type":"ListItem","position":1,"name":"Pagrindinis","item":"https:\/\/kidsplay.lt\/"},{"@type":"ListItem","position":2,"name":"Parduotuv\u0117","item":"https:\/\/kidsplay.lt\/parduotuve\/"},{"@type":"ListItem","position":3,"name":"Mokomasis \u017eaidimas Pauk\u0161\u010di\u0173 kalad\u0117li\u0173 krovimas 23 vnt."}]},{"@type":"WebSite","@id":"https:\/\/kidsplay.lt\/#website","url":"https:\/\/kidsplay.lt\/","name":"B\u0113rnu sp\u0113les.lv","description":"\u012evairios prek\u0117s vaikams","publisher":{"@id":"https:\/\/kidsplay.lt\/#organization"},"alternateName":"Kidsplay","potentialAction":[{"@type":"SearchAction","target":{"@type":"EntryPoint","urlTemplate":"https:\/\/kidsplay.lt\/?s={search_term_string}"},"query-input":{"@type":"PropertyValueSpecification","valueRequired":true,"valueName":"search_term_string"}}],"inLanguage":"lv-LV"},{"@type":"Organization","@id":"https:\/\/kidsplay.lt\/#organization","name":"B\u0113rnu sp\u0113le","url":"https:\/\/kidsplay.lt\/","logo":{"@type":"ImageObject","inLanguage":"lv-LV","@id":"https:\/\/kidsplay.lt\/#\/schema\/logo\/image\/","url":"https:\/\/kidsplay.lt\/wp-content\/uploads\/2023\/07\/kidsplay-logo.png","contentUrl":"https:\/\/kidsplay.lt\/wp-content\/uploads\/2023\/07\/kidsplay-logo.png","width":451,"height":98,"caption":"KidsPlay"},"image":{"@id":"https:\/\/kidsplay.lt\/#\/schema\/logo\/image\/"},"sameAs":["https:\/\/www.facebook.com\/www.kidsplay.lt"]}]}},"_links":{"self":[{"href":"https:\/\/kidsplay.lt\/lv\/wp-json\/wp\/v2\/product\/89702","targetHints":{"allow":["GET"]}}],"collection":[{"href":"https:\/\/kidsplay.lt\/lv\/wp-json\/wp\/v2\/product"}],"about":[{"href":"https:\/\/kidsplay.lt\/lv\/wp-json\/wp\/v2\/types\/product"}],"version-history":[{"count":1,"href":"https:\/\/kidsplay.lt\/lv\/wp-json\/wp\/v2\/product\/89702\/revisions"}],"predecessor-version":[{"id":89703,"href":"https:\/\/kidsplay.lt\/lv\/wp-json\/wp\/v2\/product\/89702\/revisions\/89703"}],"wp:featuredmedia":[{"embeddable":true,"href":"https:\/\/kidsplay.lt\/lv\/wp-json\/wp\/v2\/media\/55971"}],"wp:attachment":[{"href":"https:\/\/kidsplay.lt\/lv\/wp-json\/wp\/v2\/media?parent=89702"}],"wp:term":[{"taxonomy":"product_brand","embeddable":true,"href":"https:\/\/kidsplay.lt\/lv\/wp-json\/wp\/v2\/product_brand?post=89702"},{"taxonomy":"product_cat","embeddable":true,"href":"https:\/\/kidsplay.lt\/lv\/wp-json\/wp\/v2\/product_cat?post=89702"},{"taxonomy":"product_tag","embeddable":true,"href":"https:\/\/kidsplay.lt\/lv\/wp-json\/wp\/v2\/product_tag?post=89702"}],"curies":[{"name":"wp","href":"https:\/\/api.w.org\/{rel}","templated":true}]}}