{"id":89704,"date":"2026-02-26T09:27:44","date_gmt":"2026-02-26T07:27:44","guid":{"rendered":"https:\/\/kidsplay.lt\/produktas\/tooky-toy-magnetine-montessori-delione-logine-delione-tetris-nojaus-arka-26-vnt\/"},"modified":"2026-04-07T10:43:22","modified_gmt":"2026-04-07T07:43:22","slug":"tooky-toy-magnetine-montessori-delione-logine-delione-tetris-nojaus-arka-26-vnt","status":"publish","type":"product","link":"https:\/\/kidsplay.lt\/lv\/products\/tooky-toy-magnetine-montessori-delione-logine-delione-tetris-nojaus-arka-26-vnt\/","title":{"rendered":"TOOKY TOY Magnetin\u0117 Montessori d\u0117lion\u0117 Login\u0117 d\u0117lion\u0117 Tetris Nojaus arka 26 vnt."},"content":{"rendered":"<p>\u201eTOOKY TOY\u201c Nojaus arkos d\u0117lion\u0117\u00a0.\u00a0\u0160\u012f\u00a0\u017eaisl\u0105 sudaro\u00a010 gyv\u016bn\u0173 tematikos kalad\u0117li\u0173\u00a0ir\u00a015 dvipusi\u0173 lent\u0173 su 30 skirtingo lygio ra\u0161t\u0173\u00a0.\u00a0Kaip\u00a0ir Nojus, vaikai turi\u00a0suporuoti\u00a0arkos gyv\u016bnus, kad\u00a0u\u017epildyt\u0173 vis\u0105 lent\u0105\u00a0. \u0160is \u017eaislas lavina\u00a0rank\u0173 \u012fg\u016bd\u017eius\u00a0,\u00a0login\u012f m\u0105stym\u0105\u00a0ir\u00a0gerina\u00a0vaiko susikaupim\u0105. Be to, kad tai smagi veikla, \u0161i d\u0117lion\u0117 pad\u0117s jam su\u017einoti apie Nojaus arkos istorij\u0105 ir su\u017eadinti smalsum\u0105.<\/p>\n<p>Rakstur\u012bgs:<\/p>\n<p> \t&#8211; \u017eaislas\u00a0nuo 3 met\u0173 am\u017eiaus,<br \/>\n \t&#8211; rinkin\u012f sudaro:\u00a0\u00a010 kalad\u0117li\u0173 su gyv\u016bn\u0173 atvaizdais\u00a0ir\u00a015 dvipusi\u0173 lent\u0173 su 30 ra\u0161t\u0173, kuriuos\u00a0galima i\u0161d\u0117styti skirtingais lygiais,<br \/>\n \t&#8211; tiesiog\u00a0suderinkite\u00a0blokus\u00a0, kad u\u017epildytum\u0117te vis\u0105 lent\u0105,<br \/>\n \t&#8211;\u00a0elementai pagaminti i\u0161\u00a0med\u017eio,<br \/>\n \t&#8211;\u00a0da\u017eyta\u00a0netoksi\u0161kais\u00a0da\u017eais,<br \/>\n \t&#8211; produktas yra\u00a0saugus vaikams.<\/p>\n<p>Rota\u013clieta att\u012bst\u0101s:<\/p>\n<p> \t&#8211; rankiniai \u012fg\u016bd\u017eiai,<br \/>\n \t&#8211; loginis m\u0105stymas,<br \/>\n \t&#8211; koncentracija.<\/p>\n<p>\u201eTooky Toy\u201c\u00a0\u2013 tai medini\u0173 \u017eaisl\u0173 vaikams gamintoja, rinkoje veikianti nuo 2004 m. Daugiau nei de\u0161imties met\u0173 patirtis \u0161ioje srityje garantuoja auk\u0161tos kokyb\u0117s gaminius, pagamintus atsi\u017evelgiant \u012f vaik\u0173 saugum\u0105.\u00a0\u201eTooky Toy\u201c\u00a0\u017eaislai turi daugyb\u0119 sertifikat\u0173, patvirtinan\u010di\u0173 \u0161i\u0173 ekologi\u0161k\u0173 gamini\u0173 saugum\u0105. Gerai nupoliruoti, be atplai\u0161\u0173 ir a\u0161tri\u0173 briaun\u0173, \u017eaislai padengti tik saugiais, netoksi\u0161kais da\u017eais, da\u017eikliais ir lakais. Visa tai daro\u00a0\u201eTooky Toy\u201c\u00a0\u017eaislus mylimus vaik\u0173 ir vertinamus t\u0117v\u0173 visame pasaulyje.<\/p>","protected":false},"excerpt":{"rendered":"<p>\u201eTOOKY TOY\u201c Nojaus arkos d\u0117lion\u0117\u00a0.\u00a0\u0160\u012f\u00a0\u017eaisl\u0105 sudaro\u00a010 gyv\u016bn\u0173 tematikos kalad\u0117li\u0173\u00a0ir\u00a015 dvipusi\u0173 lent\u0173 su 30 skirtingo lygio ra\u0161t\u0173\u00a0.\u00a0Kaip\u00a0ir Nojus, vaikai turi\u00a0suporuoti\u00a0arkos gyv\u016bnus,<\/p>","protected":false},"featured_media":67095,"template":"","meta":{"_acf_changed":false,"_glsr_average":0,"_glsr_ranking":0,"_glsr_reviews":0},"product_brand":[],"product_cat":[388,229],"product_tag":[],"class_list":{"0":"post-89704","1":"product","2":"type-product","3":"status-publish","4":"has-post-thumbnail","6":"product_cat-edukaciniai-lavinamieji-zaislai","7":"product_cat-zaislai-vaikams","8":"\"style=\"background-color: #2ecc711c;\"","10":"first","11":"instock","12":"purchasable","13":"product-type-simple"},"acf":[],"yoast_head":"<!-- This site is optimized with the Yoast SEO plugin v27.3 - https:\/\/yoast.com\/product\/yoast-seo-wordpress\/ -->\n<title>TOOKY TOY Magnetin\u0117 Montessori d\u0117lion\u0117 Login\u0117 d\u0117lion\u0117 Tetris Nojaus arka 26 vnt.<\/title>\n<meta name=\"description\" content=\"TOOKY TOY Magnetin\u0117 Montessori d\u0117lion\u0117 Login\u0117 d\u0117lion\u0117 Tetris Nojaus arka 26 vnt. - KidsPlay. Did\u017eiausias vaik\u0173 \u017eaisl\u0173 pasirinkimas.\" \/>\n<meta name=\"robots\" content=\"index, follow, max-snippet:-1, max-image-preview:large, max-video-preview:-1\" \/>\n<link rel=\"canonical\" href=\"https:\/\/kidsplay.lt\/lv\/products\/tooky-toy-magnetine-montessori-delione-logine-delione-tetris-nojaus-arka-26-vnt\/\" \/>\n<meta property=\"og:locale\" content=\"lv_LV\" \/>\n<meta property=\"og:type\" content=\"article\" \/>\n<meta property=\"og:title\" content=\"TOOKY TOY Magnetin\u0117 Montessori d\u0117lion\u0117 Login\u0117 d\u0117lion\u0117 Tetris Nojaus arka 26 vnt.\" \/>\n<meta property=\"og:description\" content=\"TOOKY TOY Magnetin\u0117 Montessori d\u0117lion\u0117 Login\u0117 d\u0117lion\u0117 Tetris Nojaus arka 26 vnt. - KidsPlay. Did\u017eiausias vaik\u0173 \u017eaisl\u0173 pasirinkimas.\" \/>\n<meta property=\"og:url\" content=\"https:\/\/kidsplay.lt\/lv\/products\/tooky-toy-magnetine-montessori-delione-logine-delione-tetris-nojaus-arka-26-vnt\/\" \/>\n<meta property=\"og:site_name\" content=\"KidsPlay\" \/>\n<meta property=\"article:publisher\" content=\"https:\/\/www.facebook.com\/www.kidsplay.lt\" \/>\n<meta property=\"article:modified_time\" content=\"2026-04-07T07:43:22+00:00\" \/>\n<meta property=\"og:image\" content=\"https:\/\/kidsplay.lt\/wp-content\/uploads\/2025\/09\/TOOKY-TOY-Magnetine-Montessori-delione-Logine-delione-Tetris-Nojaus-arka-26-vnt.jpg\" \/>\n\t<meta property=\"og:image:width\" content=\"2560\" \/>\n\t<meta property=\"og:image:height\" content=\"2560\" \/>\n\t<meta property=\"og:image:type\" content=\"image\/jpeg\" \/>\n<meta name=\"twitter:card\" content=\"summary_large_image\" \/>\n<meta name=\"twitter:label1\" content=\"Est. reading time\" \/>\n\t<meta name=\"twitter:data1\" content=\"1 min\u016bte\" \/>\n<script type=\"application\/ld+json\" class=\"yoast-schema-graph\">{\"@context\":\"https:\\\/\\\/schema.org\",\"@graph\":[{\"@type\":\"WebPage\",\"@id\":\"https:\\\/\\\/kidsplay.lt\\\/produktas\\\/tooky-toy-magnetine-montessori-delione-logine-delione-tetris-nojaus-arka-26-vnt\\\/\",\"url\":\"https:\\\/\\\/kidsplay.lt\\\/produktas\\\/tooky-toy-magnetine-montessori-delione-logine-delione-tetris-nojaus-arka-26-vnt\\\/\",\"name\":\"TOOKY TOY Magnetin\u0117 Montessori d\u0117lion\u0117 Login\u0117 d\u0117lion\u0117 Tetris Nojaus arka 26 vnt.\",\"isPartOf\":{\"@id\":\"https:\\\/\\\/kidsplay.lt\\\/#website\"},\"primaryImageOfPage\":{\"@id\":\"https:\\\/\\\/kidsplay.lt\\\/produktas\\\/tooky-toy-magnetine-montessori-delione-logine-delione-tetris-nojaus-arka-26-vnt\\\/#primaryimage\"},\"image\":{\"@id\":\"https:\\\/\\\/kidsplay.lt\\\/produktas\\\/tooky-toy-magnetine-montessori-delione-logine-delione-tetris-nojaus-arka-26-vnt\\\/#primaryimage\"},\"thumbnailUrl\":\"https:\\\/\\\/kidsplay.lt\\\/wp-content\\\/uploads\\\/2025\\\/09\\\/TOOKY-TOY-Magnetine-Montessori-delione-Logine-delione-Tetris-Nojaus-arka-26-vnt.jpg\",\"datePublished\":\"2026-02-26T07:27:44+00:00\",\"dateModified\":\"2026-04-07T07:43:22+00:00\",\"description\":\"TOOKY TOY Magnetin\u0117 Montessori d\u0117lion\u0117 Login\u0117 d\u0117lion\u0117 Tetris Nojaus arka 26 vnt. - KidsPlay. Did\u017eiausias vaik\u0173 \u017eaisl\u0173 pasirinkimas.\",\"breadcrumb\":{\"@id\":\"https:\\\/\\\/kidsplay.lt\\\/produktas\\\/tooky-toy-magnetine-montessori-delione-logine-delione-tetris-nojaus-arka-26-vnt\\\/#breadcrumb\"},\"inLanguage\":\"lv-LV\",\"potentialAction\":[{\"@type\":\"ReadAction\",\"target\":[\"https:\\\/\\\/kidsplay.lt\\\/produktas\\\/tooky-toy-magnetine-montessori-delione-logine-delione-tetris-nojaus-arka-26-vnt\\\/\"]}]},{\"@type\":\"ImageObject\",\"inLanguage\":\"lv-LV\",\"@id\":\"https:\\\/\\\/kidsplay.lt\\\/produktas\\\/tooky-toy-magnetine-montessori-delione-logine-delione-tetris-nojaus-arka-26-vnt\\\/#primaryimage\",\"url\":\"https:\\\/\\\/kidsplay.lt\\\/wp-content\\\/uploads\\\/2025\\\/09\\\/TOOKY-TOY-Magnetine-Montessori-delione-Logine-delione-Tetris-Nojaus-arka-26-vnt.jpg\",\"contentUrl\":\"https:\\\/\\\/kidsplay.lt\\\/wp-content\\\/uploads\\\/2025\\\/09\\\/TOOKY-TOY-Magnetine-Montessori-delione-Logine-delione-Tetris-Nojaus-arka-26-vnt.jpg\",\"width\":2560,\"height\":2560,\"caption\":\"TOOKY TOY Magnetin\u0117 Montessori d\u0117lion\u0117 Login\u0117 d\u0117lion\u0117 Tetris Nojaus arka 26 vnt.\"},{\"@type\":\"BreadcrumbList\",\"@id\":\"https:\\\/\\\/kidsplay.lt\\\/produktas\\\/tooky-toy-magnetine-montessori-delione-logine-delione-tetris-nojaus-arka-26-vnt\\\/#breadcrumb\",\"itemListElement\":[{\"@type\":\"ListItem\",\"position\":1,\"name\":\"Pagrindinis\",\"item\":\"https:\\\/\\\/kidsplay.lt\\\/\"},{\"@type\":\"ListItem\",\"position\":2,\"name\":\"Parduotuv\u0117\",\"item\":\"https:\\\/\\\/kidsplay.lt\\\/parduotuve\\\/\"},{\"@type\":\"ListItem\",\"position\":3,\"name\":\"TOOKY TOY Magnetin\u0117 Montessori d\u0117lion\u0117 Login\u0117 d\u0117lion\u0117 Tetris Nojaus arka 26 vnt.\"}]},{\"@type\":\"WebSite\",\"@id\":\"https:\\\/\\\/kidsplay.lt\\\/#website\",\"url\":\"https:\\\/\\\/kidsplay.lt\\\/\",\"name\":\"Kidsplay.lt\",\"description\":\"\u012evairios prek\u0117s vaikams\",\"publisher\":{\"@id\":\"https:\\\/\\\/kidsplay.lt\\\/#organization\"},\"alternateName\":\"Kidsplay\",\"potentialAction\":[{\"@type\":\"SearchAction\",\"target\":{\"@type\":\"EntryPoint\",\"urlTemplate\":\"https:\\\/\\\/kidsplay.lt\\\/?s={search_term_string}\"},\"query-input\":{\"@type\":\"PropertyValueSpecification\",\"valueRequired\":true,\"valueName\":\"search_term_string\"}}],\"inLanguage\":\"lv-LV\"},{\"@type\":\"Organization\",\"@id\":\"https:\\\/\\\/kidsplay.lt\\\/#organization\",\"name\":\"KidsPlay\",\"url\":\"https:\\\/\\\/kidsplay.lt\\\/\",\"logo\":{\"@type\":\"ImageObject\",\"inLanguage\":\"lv-LV\",\"@id\":\"https:\\\/\\\/kidsplay.lt\\\/#\\\/schema\\\/logo\\\/image\\\/\",\"url\":\"https:\\\/\\\/kidsplay.lt\\\/wp-content\\\/uploads\\\/2023\\\/07\\\/kidsplay-logo.png\",\"contentUrl\":\"https:\\\/\\\/kidsplay.lt\\\/wp-content\\\/uploads\\\/2023\\\/07\\\/kidsplay-logo.png\",\"width\":451,\"height\":98,\"caption\":\"KidsPlay\"},\"image\":{\"@id\":\"https:\\\/\\\/kidsplay.lt\\\/#\\\/schema\\\/logo\\\/image\\\/\"},\"sameAs\":[\"https:\\\/\\\/www.facebook.com\\\/www.kidsplay.lt\"]}]}<\/script>\n<!-- \/ Yoast SEO plugin. -->","yoast_head_json":{"title":"TOOKY TOY Magnetin\u0117 Montessori d\u0117lion\u0117 Login\u0117 d\u0117lion\u0117 Tetris Nojaus arka 26 vnt.","description":"TOOKY TOY Magnetin\u0117 Montessori d\u0117lion\u0117 Login\u0117 d\u0117lion\u0117 Tetris Nojaus arka 26 vnt. - KidsPlay. Did\u017eiausias vaik\u0173 \u017eaisl\u0173 pasirinkimas.","robots":{"index":"index","follow":"follow","max-snippet":"max-snippet:-1","max-image-preview":"max-image-preview:large","max-video-preview":"max-video-preview:-1"},"canonical":"https:\/\/kidsplay.lt\/lv\/products\/tooky-toy-magnetine-montessori-delione-logine-delione-tetris-nojaus-arka-26-vnt\/","og_locale":"lv_LV","og_type":"article","og_title":"TOOKY TOY Magnetin\u0117 Montessori d\u0117lion\u0117 Login\u0117 d\u0117lion\u0117 Tetris Nojaus arka 26 vnt.","og_description":"TOOKY TOY Magnetin\u0117 Montessori d\u0117lion\u0117 Login\u0117 d\u0117lion\u0117 Tetris Nojaus arka 26 vnt. - KidsPlay. Did\u017eiausias vaik\u0173 \u017eaisl\u0173 pasirinkimas.","og_url":"https:\/\/kidsplay.lt\/lv\/products\/tooky-toy-magnetine-montessori-delione-logine-delione-tetris-nojaus-arka-26-vnt\/","og_site_name":"KidsPlay","article_publisher":"https:\/\/www.facebook.com\/www.kidsplay.lt","article_modified_time":"2026-04-07T07:43:22+00:00","og_image":[{"width":2560,"height":2560,"url":"https:\/\/kidsplay.lt\/wp-content\/uploads\/2025\/09\/TOOKY-TOY-Magnetine-Montessori-delione-Logine-delione-Tetris-Nojaus-arka-26-vnt.jpg","type":"image\/jpeg"}],"twitter_card":"summary_large_image","twitter_misc":{"Est. reading time":"1 min\u016bte"},"schema":{"@context":"https:\/\/schema.org","@graph":[{"@type":"WebPage","@id":"https:\/\/kidsplay.lt\/produktas\/tooky-toy-magnetine-montessori-delione-logine-delione-tetris-nojaus-arka-26-vnt\/","url":"https:\/\/kidsplay.lt\/produktas\/tooky-toy-magnetine-montessori-delione-logine-delione-tetris-nojaus-arka-26-vnt\/","name":"TOOKY TOY Magnetin\u0117 Montessori d\u0117lion\u0117 Login\u0117 d\u0117lion\u0117 Tetris Nojaus arka 26 vnt.","isPartOf":{"@id":"https:\/\/kidsplay.lt\/#website"},"primaryImageOfPage":{"@id":"https:\/\/kidsplay.lt\/produktas\/tooky-toy-magnetine-montessori-delione-logine-delione-tetris-nojaus-arka-26-vnt\/#primaryimage"},"image":{"@id":"https:\/\/kidsplay.lt\/produktas\/tooky-toy-magnetine-montessori-delione-logine-delione-tetris-nojaus-arka-26-vnt\/#primaryimage"},"thumbnailUrl":"https:\/\/kidsplay.lt\/wp-content\/uploads\/2025\/09\/TOOKY-TOY-Magnetine-Montessori-delione-Logine-delione-Tetris-Nojaus-arka-26-vnt.jpg","datePublished":"2026-02-26T07:27:44+00:00","dateModified":"2026-04-07T07:43:22+00:00","description":"TOOKY TOY Magnetin\u0117 Montessori d\u0117lion\u0117 Login\u0117 d\u0117lion\u0117 Tetris Nojaus arka 26 vnt. - KidsPlay. Did\u017eiausias vaik\u0173 \u017eaisl\u0173 pasirinkimas.","breadcrumb":{"@id":"https:\/\/kidsplay.lt\/produktas\/tooky-toy-magnetine-montessori-delione-logine-delione-tetris-nojaus-arka-26-vnt\/#breadcrumb"},"inLanguage":"lv-LV","potentialAction":[{"@type":"ReadAction","target":["https:\/\/kidsplay.lt\/produktas\/tooky-toy-magnetine-montessori-delione-logine-delione-tetris-nojaus-arka-26-vnt\/"]}]},{"@type":"ImageObject","inLanguage":"lv-LV","@id":"https:\/\/kidsplay.lt\/produktas\/tooky-toy-magnetine-montessori-delione-logine-delione-tetris-nojaus-arka-26-vnt\/#primaryimage","url":"https:\/\/kidsplay.lt\/wp-content\/uploads\/2025\/09\/TOOKY-TOY-Magnetine-Montessori-delione-Logine-delione-Tetris-Nojaus-arka-26-vnt.jpg","contentUrl":"https:\/\/kidsplay.lt\/wp-content\/uploads\/2025\/09\/TOOKY-TOY-Magnetine-Montessori-delione-Logine-delione-Tetris-Nojaus-arka-26-vnt.jpg","width":2560,"height":2560,"caption":"TOOKY TOY Magnetin\u0117 Montessori d\u0117lion\u0117 Login\u0117 d\u0117lion\u0117 Tetris Nojaus arka 26 vnt."},{"@type":"BreadcrumbList","@id":"https:\/\/kidsplay.lt\/produktas\/tooky-toy-magnetine-montessori-delione-logine-delione-tetris-nojaus-arka-26-vnt\/#breadcrumb","itemListElement":[{"@type":"ListItem","position":1,"name":"Pagrindinis","item":"https:\/\/kidsplay.lt\/"},{"@type":"ListItem","position":2,"name":"Parduotuv\u0117","item":"https:\/\/kidsplay.lt\/parduotuve\/"},{"@type":"ListItem","position":3,"name":"TOOKY TOY Magnetin\u0117 Montessori d\u0117lion\u0117 Login\u0117 d\u0117lion\u0117 Tetris Nojaus arka 26 vnt."}]},{"@type":"WebSite","@id":"https:\/\/kidsplay.lt\/#website","url":"https:\/\/kidsplay.lt\/","name":"B\u0113rnu sp\u0113les.lv","description":"\u012evairios prek\u0117s vaikams","publisher":{"@id":"https:\/\/kidsplay.lt\/#organization"},"alternateName":"Kidsplay","potentialAction":[{"@type":"SearchAction","target":{"@type":"EntryPoint","urlTemplate":"https:\/\/kidsplay.lt\/?s={search_term_string}"},"query-input":{"@type":"PropertyValueSpecification","valueRequired":true,"valueName":"search_term_string"}}],"inLanguage":"lv-LV"},{"@type":"Organization","@id":"https:\/\/kidsplay.lt\/#organization","name":"B\u0113rnu sp\u0113le","url":"https:\/\/kidsplay.lt\/","logo":{"@type":"ImageObject","inLanguage":"lv-LV","@id":"https:\/\/kidsplay.lt\/#\/schema\/logo\/image\/","url":"https:\/\/kidsplay.lt\/wp-content\/uploads\/2023\/07\/kidsplay-logo.png","contentUrl":"https:\/\/kidsplay.lt\/wp-content\/uploads\/2023\/07\/kidsplay-logo.png","width":451,"height":98,"caption":"KidsPlay"},"image":{"@id":"https:\/\/kidsplay.lt\/#\/schema\/logo\/image\/"},"sameAs":["https:\/\/www.facebook.com\/www.kidsplay.lt"]}]}},"_links":{"self":[{"href":"https:\/\/kidsplay.lt\/lv\/wp-json\/wp\/v2\/product\/89704","targetHints":{"allow":["GET"]}}],"collection":[{"href":"https:\/\/kidsplay.lt\/lv\/wp-json\/wp\/v2\/product"}],"about":[{"href":"https:\/\/kidsplay.lt\/lv\/wp-json\/wp\/v2\/types\/product"}],"version-history":[{"count":1,"href":"https:\/\/kidsplay.lt\/lv\/wp-json\/wp\/v2\/product\/89704\/revisions"}],"predecessor-version":[{"id":89705,"href":"https:\/\/kidsplay.lt\/lv\/wp-json\/wp\/v2\/product\/89704\/revisions\/89705"}],"wp:featuredmedia":[{"embeddable":true,"href":"https:\/\/kidsplay.lt\/lv\/wp-json\/wp\/v2\/media\/67095"}],"wp:attachment":[{"href":"https:\/\/kidsplay.lt\/lv\/wp-json\/wp\/v2\/media?parent=89704"}],"wp:term":[{"taxonomy":"product_brand","embeddable":true,"href":"https:\/\/kidsplay.lt\/lv\/wp-json\/wp\/v2\/product_brand?post=89704"},{"taxonomy":"product_cat","embeddable":true,"href":"https:\/\/kidsplay.lt\/lv\/wp-json\/wp\/v2\/product_cat?post=89704"},{"taxonomy":"product_tag","embeddable":true,"href":"https:\/\/kidsplay.lt\/lv\/wp-json\/wp\/v2\/product_tag?post=89704"}],"curies":[{"name":"wp","href":"https:\/\/api.w.org\/{rel}","templated":true}]}}