{"id":89706,"date":"2026-02-26T09:27:46","date_gmt":"2026-02-26T07:27:46","guid":{"rendered":"https:\/\/kidsplay.lt\/produktas\/medinis-boulingas-vaikams-6-vnt-kamuolys\/"},"modified":"2026-04-13T15:04:49","modified_gmt":"2026-04-13T12:04:49","slug":"medinis-boulingas-vaikams-6-vnt-kamuolys","status":"publish","type":"product","link":"https:\/\/kidsplay.lt\/lv\/products\/medinis-boulingas-vaikams-6-vnt-kamuolys\/","title":{"rendered":"Koka boulings b\u0113rniem 6 gab. + bumba"},"content":{"rendered":"<p>Bowling Animals\u00a0i\u0161\u00a0TOOKY TOY\u00a0prek\u0117s \u017eenklo yra viskas, ko reikia vaikams lavinti\u00a0motorinius \u012fg\u016bd\u017eius\u00a0ir\u00a0kartu\u00a0smagiai\u00a0praleisti\u00a0laik\u0105 . Rinkin\u012f sudaro\u00a06 boulingo kai\u0161\u010diai\u00a0ir\u00a01 kamuolys,\u00a0kurie pagaminti i\u0161\u00a0med\u017eio. Boulingas bus puiki pramoga j\u016bs\u0173 ma\u017eyliui, ta\u010diau taip pat suteiks daug edukacin\u0117s naudos. \u017daislas lavina j\u016bs\u0173 vaiko\u00a0motorinius \u012fg\u016bd\u017eius\u00a0, be kita ko,\u00a0b\u0117giodamas\u00a0ir\u00a0m\u0117tydamas\u00a0.<\/p>\n<p>Raksturojums:<\/p>\n<p> \t&#8211; pagamintas i\u0161\u00a0med\u017eio,<br \/>\n \t&#8211; daug\u00a0linksmybi\u0173\u00a0ir\u00a0mokomosios vert\u0117s,<br \/>\n \t&#8211; pramogos vienam ar keliems vaikams,<br \/>\n \t&#8211; boulingo k\u0117gliuose pavaizduoti gyv\u016bn\u0173 pie\u0161iniai,<br \/>\n \t&#8211; puikiai tinka dovanai.<\/p>\n<p>Komplekt\u0101 ietilpst:<\/p>\n<p> \t&#8211;\u00a06\u00a0spalvingi k\u0117gliai,<br \/>\n \t&#8211;\u00a01\u00a0m\u0117tomas kamuolys.<\/p>\n<p>\u017daislas vysto:<\/p>\n<p> \t&#8211; motoriniai \u012fg\u016bd\u017eiai &#8211;\u00a0stambioji motorika. <\/p>\n<p>Tooky Toy\u00a0\u2013 medinius \u017eaislus vaikams gaminanti \u012fmon\u0117, rinkoje esanti nuo 2004 m. Keli\u0173 met\u0173 patirtis pramon\u0117je yra auk\u0161tos kokyb\u0117s gamini\u0173, pagamint\u0173 atsi\u017evelgiant \u012f vaik\u0173 saugum\u0105, garantija.\u00a0Tooky Toy\u00a0\u017eaislaituri daugyb\u0119 sertifikat\u0173, patvirtinan\u010di\u0173 \u0161i\u0173 ekologi\u0161k\u0173 gamini\u0173 saugum\u0105. Gerai i\u0161lyginti, be atplai\u0161\u0173 ir a\u0161tri\u0173 briaun\u0173, \u017eaislai padengti tik saugiais, netoksi\u0161kais da\u017eais, da\u017eais ir lakais. D\u0117l viso to\u00a0Tooky Toy\u00a0\u017eaislus m\u0117gsta vaikai ir vertina t\u0117vai visame pasaulyje.<\/p>\n<p>&lt;center&gt;&lt;iframe width=&quot;&rdquo;434&Prime;&quot; height=&quot;&rdquo;771&Prime;&quot; src=&quot;&rdquo;https:\/\/www.youtube.com\/embed\/dtkJuWgzjwY&rdquo;&quot; title=&quot;&rdquo;TOOKY&quot; toy drewniane kr\u0119gle dla dzieci 6 szt. + pi\u0142ka certyfikat fsc&rdquo; frameborder=&quot;&rdquo;0&Prime;&quot; allow=&quot;&rdquo;accelerometer;&quot; autoplay; clipboard-write; encrypted-media; gyroscope; picture-in-picture; web-share&rdquo; allowfullscreen&gt;&lt;\/iframe&gt;&lt;\/center&gt;<\/p>","protected":false},"excerpt":{"rendered":"<p>Bowling Animals\u00a0i\u0161\u00a0TOOKY TOY\u00a0prek\u0117s \u017eenklo yra viskas, ko reikia vaikams lavinti\u00a0motorinius \u012fg\u016bd\u017eius\u00a0ir\u00a0kartu\u00a0smagiai\u00a0praleisti\u00a0laik\u0105 . Rinkin\u012f sudaro\u00a06 boulingo kai\u0161\u010diai\u00a0ir\u00a01 kamuolys,\u00a0kurie pagaminti i\u0161\u00a0med\u017eio. Boulingas<\/p>","protected":false},"featured_media":55976,"template":"","meta":{"_acf_changed":false,"_glsr_average":0,"_glsr_ranking":0,"_glsr_reviews":0},"product_brand":[],"product_cat":[884,883,229],"product_tag":[],"class_list":{"0":"post-89706","1":"product","2":"type-product","3":"status-publish","4":"has-post-thumbnail","6":"product_cat-edukaciniai-lavinamieji-mediniai-zaislai","7":"product_cat-mediniai-zaislai-2","8":"product_cat-zaislai-vaikams","9":"\"style=\"background-color: #2ecc711c;\"","11":"first","12":"instock","13":"purchasable","14":"product-type-simple"},"acf":[],"yoast_head":"<!-- This site is optimized with the Yoast SEO plugin v27.4 - https:\/\/yoast.com\/product\/yoast-seo-wordpress\/ -->\n<title>Medinis boulingas vaikams 6 vnt. + Kamuolys<\/title>\n<meta name=\"description\" content=\"Medinis boulingas vaikams 6 vnt. + Kamuolys - KidsPlay. Did\u017eiausias vaik\u0173 \u017eaisl\u0173 pasirinkimas.\" \/>\n<meta name=\"robots\" content=\"index, follow, max-snippet:-1, max-image-preview:large, max-video-preview:-1\" \/>\n<link rel=\"canonical\" href=\"https:\/\/kidsplay.lt\/lv\/products\/medinis-boulingas-vaikams-6-vnt-kamuolys\/\" \/>\n<meta property=\"og:locale\" content=\"lv_LV\" \/>\n<meta property=\"og:type\" content=\"article\" \/>\n<meta property=\"og:title\" content=\"Medinis boulingas vaikams 6 vnt. + Kamuolys\" \/>\n<meta property=\"og:description\" content=\"Medinis boulingas vaikams 6 vnt. + Kamuolys - KidsPlay. Did\u017eiausias vaik\u0173 \u017eaisl\u0173 pasirinkimas.\" \/>\n<meta property=\"og:url\" content=\"https:\/\/kidsplay.lt\/lv\/products\/medinis-boulingas-vaikams-6-vnt-kamuolys\/\" \/>\n<meta property=\"og:site_name\" content=\"KidsPlay\" \/>\n<meta property=\"article:publisher\" content=\"https:\/\/www.facebook.com\/www.kidsplay.lt\" \/>\n<meta property=\"article:modified_time\" content=\"2026-04-13T12:04:49+00:00\" \/>\n<meta property=\"og:image\" content=\"https:\/\/kidsplay.lt\/wp-content\/uploads\/2024\/09\/Medinis-boulingas-vaikams-6-vnt.-Kamuolys-800x800.jpg\" \/>\n\t<meta property=\"og:image:width\" content=\"800\" \/>\n\t<meta property=\"og:image:height\" content=\"800\" \/>\n\t<meta property=\"og:image:type\" content=\"image\/png\" \/>\n<meta name=\"twitter:card\" content=\"summary_large_image\" \/>\n<meta name=\"twitter:label1\" content=\"Est. reading time\" \/>\n\t<meta name=\"twitter:data1\" content=\"1 min\u016bte\" \/>\n<script type=\"application\/ld+json\" class=\"yoast-schema-graph\">{\"@context\":\"https:\\\/\\\/schema.org\",\"@graph\":[{\"@type\":\"WebPage\",\"@id\":\"https:\\\/\\\/kidsplay.lt\\\/produktas\\\/medinis-boulingas-vaikams-6-vnt-kamuolys\\\/\",\"url\":\"https:\\\/\\\/kidsplay.lt\\\/produktas\\\/medinis-boulingas-vaikams-6-vnt-kamuolys\\\/\",\"name\":\"Medinis boulingas vaikams 6 vnt. + Kamuolys\",\"isPartOf\":{\"@id\":\"https:\\\/\\\/kidsplay.lt\\\/#website\"},\"primaryImageOfPage\":{\"@id\":\"https:\\\/\\\/kidsplay.lt\\\/produktas\\\/medinis-boulingas-vaikams-6-vnt-kamuolys\\\/#primaryimage\"},\"image\":{\"@id\":\"https:\\\/\\\/kidsplay.lt\\\/produktas\\\/medinis-boulingas-vaikams-6-vnt-kamuolys\\\/#primaryimage\"},\"thumbnailUrl\":\"https:\\\/\\\/kidsplay.lt\\\/wp-content\\\/uploads\\\/2024\\\/09\\\/Medinis-boulingas-vaikams-6-vnt.-Kamuolys.jpg\",\"datePublished\":\"2026-02-26T07:27:46+00:00\",\"dateModified\":\"2026-04-13T12:04:49+00:00\",\"description\":\"Medinis boulingas vaikams 6 vnt. + Kamuolys - KidsPlay. Did\u017eiausias vaik\u0173 \u017eaisl\u0173 pasirinkimas.\",\"breadcrumb\":{\"@id\":\"https:\\\/\\\/kidsplay.lt\\\/produktas\\\/medinis-boulingas-vaikams-6-vnt-kamuolys\\\/#breadcrumb\"},\"inLanguage\":\"lv-LV\",\"potentialAction\":[{\"@type\":\"ReadAction\",\"target\":[\"https:\\\/\\\/kidsplay.lt\\\/produktas\\\/medinis-boulingas-vaikams-6-vnt-kamuolys\\\/\"]}]},{\"@type\":\"ImageObject\",\"inLanguage\":\"lv-LV\",\"@id\":\"https:\\\/\\\/kidsplay.lt\\\/produktas\\\/medinis-boulingas-vaikams-6-vnt-kamuolys\\\/#primaryimage\",\"url\":\"https:\\\/\\\/kidsplay.lt\\\/wp-content\\\/uploads\\\/2024\\\/09\\\/Medinis-boulingas-vaikams-6-vnt.-Kamuolys.jpg\",\"contentUrl\":\"https:\\\/\\\/kidsplay.lt\\\/wp-content\\\/uploads\\\/2024\\\/09\\\/Medinis-boulingas-vaikams-6-vnt.-Kamuolys.jpg\",\"width\":2560,\"height\":2560,\"caption\":\"Medinis boulingas vaikams 6 vnt. + Kamuolys\"},{\"@type\":\"BreadcrumbList\",\"@id\":\"https:\\\/\\\/kidsplay.lt\\\/produktas\\\/medinis-boulingas-vaikams-6-vnt-kamuolys\\\/#breadcrumb\",\"itemListElement\":[{\"@type\":\"ListItem\",\"position\":1,\"name\":\"Pagrindinis\",\"item\":\"https:\\\/\\\/kidsplay.lt\\\/\"},{\"@type\":\"ListItem\",\"position\":2,\"name\":\"Parduotuv\u0117\",\"item\":\"https:\\\/\\\/kidsplay.lt\\\/parduotuve\\\/\"},{\"@type\":\"ListItem\",\"position\":3,\"name\":\"Medinis boulingas vaikams 6 vnt. + Kamuolys\"}]},{\"@type\":\"WebSite\",\"@id\":\"https:\\\/\\\/kidsplay.lt\\\/#website\",\"url\":\"https:\\\/\\\/kidsplay.lt\\\/\",\"name\":\"Kidsplay.lt\",\"description\":\"\u012evairios prek\u0117s vaikams\",\"publisher\":{\"@id\":\"https:\\\/\\\/kidsplay.lt\\\/#organization\"},\"alternateName\":\"Kidsplay\",\"potentialAction\":[{\"@type\":\"SearchAction\",\"target\":{\"@type\":\"EntryPoint\",\"urlTemplate\":\"https:\\\/\\\/kidsplay.lt\\\/?s={search_term_string}\"},\"query-input\":{\"@type\":\"PropertyValueSpecification\",\"valueRequired\":true,\"valueName\":\"search_term_string\"}}],\"inLanguage\":\"lv-LV\"},{\"@type\":\"Organization\",\"@id\":\"https:\\\/\\\/kidsplay.lt\\\/#organization\",\"name\":\"KidsPlay\",\"url\":\"https:\\\/\\\/kidsplay.lt\\\/\",\"logo\":{\"@type\":\"ImageObject\",\"inLanguage\":\"lv-LV\",\"@id\":\"https:\\\/\\\/kidsplay.lt\\\/#\\\/schema\\\/logo\\\/image\\\/\",\"url\":\"https:\\\/\\\/kidsplay.lt\\\/wp-content\\\/uploads\\\/2023\\\/07\\\/kidsplay-logo.png\",\"contentUrl\":\"https:\\\/\\\/kidsplay.lt\\\/wp-content\\\/uploads\\\/2023\\\/07\\\/kidsplay-logo.png\",\"width\":451,\"height\":98,\"caption\":\"KidsPlay\"},\"image\":{\"@id\":\"https:\\\/\\\/kidsplay.lt\\\/#\\\/schema\\\/logo\\\/image\\\/\"},\"sameAs\":[\"https:\\\/\\\/www.facebook.com\\\/www.kidsplay.lt\"]}]}<\/script>\n<!-- \/ Yoast SEO plugin. -->","yoast_head_json":{"title":"Koka boulings b\u0113rniem 6 gab. + bumba","description":"Medinis boulingas vaikams 6 vnt. + Kamuolys - KidsPlay. Did\u017eiausias vaik\u0173 \u017eaisl\u0173 pasirinkimas.","robots":{"index":"index","follow":"follow","max-snippet":"max-snippet:-1","max-image-preview":"max-image-preview:large","max-video-preview":"max-video-preview:-1"},"canonical":"https:\/\/kidsplay.lt\/lv\/products\/medinis-boulingas-vaikams-6-vnt-kamuolys\/","og_locale":"lv_LV","og_type":"article","og_title":"Medinis boulingas vaikams 6 vnt. + Kamuolys","og_description":"Medinis boulingas vaikams 6 vnt. + Kamuolys - KidsPlay. Did\u017eiausias vaik\u0173 \u017eaisl\u0173 pasirinkimas.","og_url":"https:\/\/kidsplay.lt\/lv\/products\/medinis-boulingas-vaikams-6-vnt-kamuolys\/","og_site_name":"KidsPlay","article_publisher":"https:\/\/www.facebook.com\/www.kidsplay.lt","article_modified_time":"2026-04-13T12:04:49+00:00","og_image":[{"width":800,"height":800,"url":"https:\/\/kidsplay.lt\/wp-content\/uploads\/2024\/09\/Medinis-boulingas-vaikams-6-vnt.-Kamuolys-800x800.jpg","type":"image\/png"}],"twitter_card":"summary_large_image","twitter_misc":{"Est. reading time":"1 min\u016bte"},"schema":{"@context":"https:\/\/schema.org","@graph":[{"@type":"WebPage","@id":"https:\/\/kidsplay.lt\/produktas\/medinis-boulingas-vaikams-6-vnt-kamuolys\/","url":"https:\/\/kidsplay.lt\/produktas\/medinis-boulingas-vaikams-6-vnt-kamuolys\/","name":"Koka boulings b\u0113rniem 6 gab. + bumba","isPartOf":{"@id":"https:\/\/kidsplay.lt\/#website"},"primaryImageOfPage":{"@id":"https:\/\/kidsplay.lt\/produktas\/medinis-boulingas-vaikams-6-vnt-kamuolys\/#primaryimage"},"image":{"@id":"https:\/\/kidsplay.lt\/produktas\/medinis-boulingas-vaikams-6-vnt-kamuolys\/#primaryimage"},"thumbnailUrl":"https:\/\/kidsplay.lt\/wp-content\/uploads\/2024\/09\/Medinis-boulingas-vaikams-6-vnt.-Kamuolys.jpg","datePublished":"2026-02-26T07:27:46+00:00","dateModified":"2026-04-13T12:04:49+00:00","description":"Medinis boulingas vaikams 6 vnt. + Kamuolys - KidsPlay. Did\u017eiausias vaik\u0173 \u017eaisl\u0173 pasirinkimas.","breadcrumb":{"@id":"https:\/\/kidsplay.lt\/produktas\/medinis-boulingas-vaikams-6-vnt-kamuolys\/#breadcrumb"},"inLanguage":"lv-LV","potentialAction":[{"@type":"ReadAction","target":["https:\/\/kidsplay.lt\/produktas\/medinis-boulingas-vaikams-6-vnt-kamuolys\/"]}]},{"@type":"ImageObject","inLanguage":"lv-LV","@id":"https:\/\/kidsplay.lt\/produktas\/medinis-boulingas-vaikams-6-vnt-kamuolys\/#primaryimage","url":"https:\/\/kidsplay.lt\/wp-content\/uploads\/2024\/09\/Medinis-boulingas-vaikams-6-vnt.-Kamuolys.jpg","contentUrl":"https:\/\/kidsplay.lt\/wp-content\/uploads\/2024\/09\/Medinis-boulingas-vaikams-6-vnt.-Kamuolys.jpg","width":2560,"height":2560,"caption":"Medinis boulingas vaikams 6 vnt. + Kamuolys"},{"@type":"BreadcrumbList","@id":"https:\/\/kidsplay.lt\/produktas\/medinis-boulingas-vaikams-6-vnt-kamuolys\/#breadcrumb","itemListElement":[{"@type":"ListItem","position":1,"name":"Pagrindinis","item":"https:\/\/kidsplay.lt\/"},{"@type":"ListItem","position":2,"name":"Parduotuv\u0117","item":"https:\/\/kidsplay.lt\/parduotuve\/"},{"@type":"ListItem","position":3,"name":"Medinis boulingas vaikams 6 vnt. + Kamuolys"}]},{"@type":"WebSite","@id":"https:\/\/kidsplay.lt\/#website","url":"https:\/\/kidsplay.lt\/","name":"B\u0113rnu sp\u0113les.lv","description":"\u012evairios prek\u0117s vaikams","publisher":{"@id":"https:\/\/kidsplay.lt\/#organization"},"alternateName":"Kidsplay","potentialAction":[{"@type":"SearchAction","target":{"@type":"EntryPoint","urlTemplate":"https:\/\/kidsplay.lt\/?s={search_term_string}"},"query-input":{"@type":"PropertyValueSpecification","valueRequired":true,"valueName":"search_term_string"}}],"inLanguage":"lv-LV"},{"@type":"Organization","@id":"https:\/\/kidsplay.lt\/#organization","name":"B\u0113rnu sp\u0113le","url":"https:\/\/kidsplay.lt\/","logo":{"@type":"ImageObject","inLanguage":"lv-LV","@id":"https:\/\/kidsplay.lt\/#\/schema\/logo\/image\/","url":"https:\/\/kidsplay.lt\/wp-content\/uploads\/2023\/07\/kidsplay-logo.png","contentUrl":"https:\/\/kidsplay.lt\/wp-content\/uploads\/2023\/07\/kidsplay-logo.png","width":451,"height":98,"caption":"KidsPlay"},"image":{"@id":"https:\/\/kidsplay.lt\/#\/schema\/logo\/image\/"},"sameAs":["https:\/\/www.facebook.com\/www.kidsplay.lt"]}]}},"_links":{"self":[{"href":"https:\/\/kidsplay.lt\/lv\/wp-json\/wp\/v2\/product\/89706","targetHints":{"allow":["GET"]}}],"collection":[{"href":"https:\/\/kidsplay.lt\/lv\/wp-json\/wp\/v2\/product"}],"about":[{"href":"https:\/\/kidsplay.lt\/lv\/wp-json\/wp\/v2\/types\/product"}],"version-history":[{"count":1,"href":"https:\/\/kidsplay.lt\/lv\/wp-json\/wp\/v2\/product\/89706\/revisions"}],"predecessor-version":[{"id":89707,"href":"https:\/\/kidsplay.lt\/lv\/wp-json\/wp\/v2\/product\/89706\/revisions\/89707"}],"wp:featuredmedia":[{"embeddable":true,"href":"https:\/\/kidsplay.lt\/lv\/wp-json\/wp\/v2\/media\/55976"}],"wp:attachment":[{"href":"https:\/\/kidsplay.lt\/lv\/wp-json\/wp\/v2\/media?parent=89706"}],"wp:term":[{"taxonomy":"product_brand","embeddable":true,"href":"https:\/\/kidsplay.lt\/lv\/wp-json\/wp\/v2\/product_brand?post=89706"},{"taxonomy":"product_cat","embeddable":true,"href":"https:\/\/kidsplay.lt\/lv\/wp-json\/wp\/v2\/product_cat?post=89706"},{"taxonomy":"product_tag","embeddable":true,"href":"https:\/\/kidsplay.lt\/lv\/wp-json\/wp\/v2\/product_tag?post=89706"}],"curies":[{"name":"wp","href":"https:\/\/api.w.org\/{rel}","templated":true}]}}