{"id":89708,"date":"2026-02-26T09:27:51","date_gmt":"2026-02-26T07:27:51","guid":{"rendered":"https:\/\/kidsplay.lt\/produktas\/tooky-toy-medinis-igudziu-zaidimas-metyk-i-taikinius-gyvunelius-15-vnt\/"},"modified":"2026-04-13T15:04:56","modified_gmt":"2026-04-13T12:04:56","slug":"tooky-toy-medinis-igudziu-zaidimas-metyk-i-taikinius-gyvunelius-15-vnt","status":"publish","type":"product","link":"https:\/\/kidsplay.lt\/lv\/products\/tooky-toy-medinis-igudziu-zaidimas-metyk-i-taikinius-gyvunelius-15-vnt\/","title":{"rendered":"TOOKY TOY koka prasmju sp\u0113le Met dz\u012bvniekus m\u0113r\u0137os, 15 gab."},"content":{"rendered":"<p>Medinis m\u0117tymo taikinio \u012fg\u016bd\u017ei\u0173 lavinimo \u017eaidimas \u201eTooky\u201c \u2013\u00a0\u0161is\u00a0smagus\u00a0\u012fg\u016bd\u017ei\u0173 lavinimo \u017eaidimas\u00a0puikiai tinka\u00a0vaikams. \u017daidimui progresuojant, galite padidinti sud\u0117tingum\u0105, stumdami kai\u0161\u010dius toliau vien\u0105 nuo kito. Rinkin\u012f sudaro\u00a05 \u017eavingi\u00a0gyv\u016bno formos kai\u0161\u010diai ant ratuk\u0173 ir\u00a05 m\u0117tymo \u017eiedai\u00a0. Tinka \u017eaisti tiek viduje, tiek lauke, galima \u017eaisti vienam arba su draugais.<\/p>\n<p>Rakstur\u012bgs:<\/p>\n<p> \t&#8211;\u00a0nuo 3 met\u0173,<br \/>\n \t&#8211; arkadinis \u017eaidimas,<br \/>\n \t&#8211; neribotas \u017eaid\u0117j\u0173 skai\u010dius,<br \/>\n \t&#8211; lengvos taisykl\u0117s,<br \/>\n \t&#8211; \u017eaidim\u0105 lengva surinkti ir i\u0161ardyti,<br \/>\n \t&#8211; \u017daidim\u0105 galima \u017eaisti bet kur \u2013 namuose ir lauke.<\/p>\n<p>Sp\u0113les noteikumi:<\/p>\n<p> \t&#8211; \u017eaidimas apima \u017eied\u0173 m\u0117tym\u0105 ant kuoliuk\u0173,<br \/>\n \t&#8211; stov\u0105 su kuoliukais pastatome tinkamu atstumu vien\u0105 nuo kito,<br \/>\n \t&#8211; kiekvienas i\u0161 j\u0173 turi skirting\u0105 ta\u0161k\u0173 vert\u0119.<\/p>\n<p>Rota\u013clieta att\u012bst\u0101s:<\/p>\n<p> \t&#8211; aki\u0173-rank\u0173 koordinacija,<br \/>\n \t&#8211; rankiniai \u012fg\u016bd\u017eiai,<br \/>\n \t&#8211; vikrumas,<br \/>\n \t&#8211; koncentracija,<br \/>\n \t&#8211; kantryb\u0117.<\/p>\n<p>\u201eTooky Toy\u201c\u00a0\u00a0\u2013 tai medini\u0173 \u017eaisl\u0173 vaikams\u00a0gamintoja\u00a0, rinkoje veikianti nuo 2004 m. Daugiau nei de\u0161imties met\u0173 patirtis \u0161ioje srityje garantuoja auk\u0161tos kokyb\u0117s gaminius, pagamintus atsi\u017evelgiant \u012f vaik\u0173 saugum\u0105.\u00a0\u201eTooky Toy\u201c\u00a0\u017eaislai turi daugyb\u0119 sertifikat\u0173, patvirtinan\u010di\u0173 \u0161i\u0173 ekologi\u0161k\u0173 gamini\u0173 saugum\u0105\u00a0. Gerai nupoliruoti, be atplai\u0161\u0173 ir a\u0161tri\u0173 briaun\u0173, \u017eaislai padengti tik saugiais, netoksi\u0161kais da\u017eais, da\u017eikliais ir lakais. Visa tai daro\u00a0\u201eTooky Toy\u201c\u00a0\u017eaislus mylimus vaik\u0173 ir vertinamus t\u0117v\u0173 visame pasaulyje.<\/p>","protected":false},"excerpt":{"rendered":"<p>Medinis m\u0117tymo taikinio \u012fg\u016bd\u017ei\u0173 lavinimo \u017eaidimas \u201eTooky\u201c \u2013\u00a0\u0161is\u00a0smagus\u00a0\u012fg\u016bd\u017ei\u0173 lavinimo \u017eaidimas\u00a0puikiai tinka\u00a0vaikams. \u017daidimui progresuojant, galite padidinti sud\u0117tingum\u0105, stumdami kai\u0161\u010dius toliau vien\u0105<\/p>","protected":false},"featured_media":67103,"template":"","meta":{"_acf_changed":false,"_glsr_average":0,"_glsr_ranking":0,"_glsr_reviews":0},"product_brand":[],"product_cat":[884,883],"product_tag":[],"class_list":{"0":"post-89708","1":"product","2":"type-product","3":"status-publish","4":"has-post-thumbnail","6":"product_cat-edukaciniai-lavinamieji-mediniai-zaislai","7":"product_cat-mediniai-zaislai-2","8":"\"style=\"background-color: #2ecc711c;\"","10":"first","11":"instock","12":"purchasable","13":"product-type-simple"},"acf":[],"yoast_head":"<!-- This site is optimized with the Yoast SEO plugin v27.3 - https:\/\/yoast.com\/product\/yoast-seo-wordpress\/ -->\n<title>TOOKY TOY medinis \u012fg\u016bd\u017ei\u0173 \u017eaidimas M\u0117tyk \u012f taikinius gyv\u016bn\u0117lius, 15 vnt.<\/title>\n<meta name=\"description\" content=\"TOOKY TOY medinis \u012fg\u016bd\u017ei\u0173 \u017eaidimas M\u0117tyk \u012f taikinius gyv\u016bn\u0117lius, 15 vnt. - KidsPlay. Did\u017eiausias vaik\u0173 \u017eaisl\u0173 pasirinkimas.\" \/>\n<meta name=\"robots\" content=\"index, follow, max-snippet:-1, max-image-preview:large, max-video-preview:-1\" \/>\n<link rel=\"canonical\" href=\"https:\/\/kidsplay.lt\/lv\/products\/tooky-toy-medinis-igudziu-zaidimas-metyk-i-taikinius-gyvunelius-15-vnt\/\" \/>\n<meta property=\"og:locale\" content=\"lv_LV\" \/>\n<meta property=\"og:type\" content=\"article\" \/>\n<meta property=\"og:title\" content=\"TOOKY TOY medinis \u012fg\u016bd\u017ei\u0173 \u017eaidimas M\u0117tyk \u012f taikinius gyv\u016bn\u0117lius, 15 vnt.\" \/>\n<meta property=\"og:description\" content=\"TOOKY TOY medinis \u012fg\u016bd\u017ei\u0173 \u017eaidimas M\u0117tyk \u012f taikinius gyv\u016bn\u0117lius, 15 vnt. - KidsPlay. Did\u017eiausias vaik\u0173 \u017eaisl\u0173 pasirinkimas.\" \/>\n<meta property=\"og:url\" content=\"https:\/\/kidsplay.lt\/lv\/products\/tooky-toy-medinis-igudziu-zaidimas-metyk-i-taikinius-gyvunelius-15-vnt\/\" \/>\n<meta property=\"og:site_name\" content=\"KidsPlay\" \/>\n<meta property=\"article:publisher\" content=\"https:\/\/www.facebook.com\/www.kidsplay.lt\" \/>\n<meta property=\"article:modified_time\" content=\"2026-04-13T12:04:56+00:00\" \/>\n<meta property=\"og:image\" content=\"https:\/\/kidsplay.lt\/wp-content\/uploads\/2025\/09\/TOOKY-TOY-medinis-igudziu-zaidimas-Metyk-i-taikinius-gyvunelius-15-vnt.jpg\" \/>\n\t<meta property=\"og:image:width\" content=\"800\" \/>\n\t<meta property=\"og:image:height\" content=\"800\" \/>\n\t<meta property=\"og:image:type\" content=\"image\/png\" \/>\n<meta name=\"twitter:card\" content=\"summary_large_image\" \/>\n<meta name=\"twitter:label1\" content=\"Est. reading time\" \/>\n\t<meta name=\"twitter:data1\" content=\"1 min\u016bte\" \/>\n<script type=\"application\/ld+json\" class=\"yoast-schema-graph\">{\"@context\":\"https:\\\/\\\/schema.org\",\"@graph\":[{\"@type\":\"WebPage\",\"@id\":\"https:\\\/\\\/kidsplay.lt\\\/produktas\\\/tooky-toy-medinis-igudziu-zaidimas-metyk-i-taikinius-gyvunelius-15-vnt\\\/\",\"url\":\"https:\\\/\\\/kidsplay.lt\\\/produktas\\\/tooky-toy-medinis-igudziu-zaidimas-metyk-i-taikinius-gyvunelius-15-vnt\\\/\",\"name\":\"TOOKY TOY medinis \u012fg\u016bd\u017ei\u0173 \u017eaidimas M\u0117tyk \u012f taikinius gyv\u016bn\u0117lius, 15 vnt.\",\"isPartOf\":{\"@id\":\"https:\\\/\\\/kidsplay.lt\\\/#website\"},\"primaryImageOfPage\":{\"@id\":\"https:\\\/\\\/kidsplay.lt\\\/produktas\\\/tooky-toy-medinis-igudziu-zaidimas-metyk-i-taikinius-gyvunelius-15-vnt\\\/#primaryimage\"},\"image\":{\"@id\":\"https:\\\/\\\/kidsplay.lt\\\/produktas\\\/tooky-toy-medinis-igudziu-zaidimas-metyk-i-taikinius-gyvunelius-15-vnt\\\/#primaryimage\"},\"thumbnailUrl\":\"https:\\\/\\\/kidsplay.lt\\\/wp-content\\\/uploads\\\/2025\\\/09\\\/TOOKY-TOY-medinis-igudziu-zaidimas-Metyk-i-taikinius-gyvunelius-15-vnt.jpg\",\"datePublished\":\"2026-02-26T07:27:51+00:00\",\"dateModified\":\"2026-04-13T12:04:56+00:00\",\"description\":\"TOOKY TOY medinis \u012fg\u016bd\u017ei\u0173 \u017eaidimas M\u0117tyk \u012f taikinius gyv\u016bn\u0117lius, 15 vnt. - KidsPlay. Did\u017eiausias vaik\u0173 \u017eaisl\u0173 pasirinkimas.\",\"breadcrumb\":{\"@id\":\"https:\\\/\\\/kidsplay.lt\\\/produktas\\\/tooky-toy-medinis-igudziu-zaidimas-metyk-i-taikinius-gyvunelius-15-vnt\\\/#breadcrumb\"},\"inLanguage\":\"lv-LV\",\"potentialAction\":[{\"@type\":\"ReadAction\",\"target\":[\"https:\\\/\\\/kidsplay.lt\\\/produktas\\\/tooky-toy-medinis-igudziu-zaidimas-metyk-i-taikinius-gyvunelius-15-vnt\\\/\"]}]},{\"@type\":\"ImageObject\",\"inLanguage\":\"lv-LV\",\"@id\":\"https:\\\/\\\/kidsplay.lt\\\/produktas\\\/tooky-toy-medinis-igudziu-zaidimas-metyk-i-taikinius-gyvunelius-15-vnt\\\/#primaryimage\",\"url\":\"https:\\\/\\\/kidsplay.lt\\\/wp-content\\\/uploads\\\/2025\\\/09\\\/TOOKY-TOY-medinis-igudziu-zaidimas-Metyk-i-taikinius-gyvunelius-15-vnt.jpg\",\"contentUrl\":\"https:\\\/\\\/kidsplay.lt\\\/wp-content\\\/uploads\\\/2025\\\/09\\\/TOOKY-TOY-medinis-igudziu-zaidimas-Metyk-i-taikinius-gyvunelius-15-vnt.jpg\",\"width\":2560,\"height\":2560,\"caption\":\"TOOKY TOY medinis \u012fg\u016bd\u017ei\u0173 \u017eaidimas M\u0117tyk \u012f taikinius gyv\u016bn\u0117lius\"},{\"@type\":\"BreadcrumbList\",\"@id\":\"https:\\\/\\\/kidsplay.lt\\\/produktas\\\/tooky-toy-medinis-igudziu-zaidimas-metyk-i-taikinius-gyvunelius-15-vnt\\\/#breadcrumb\",\"itemListElement\":[{\"@type\":\"ListItem\",\"position\":1,\"name\":\"Pagrindinis\",\"item\":\"https:\\\/\\\/kidsplay.lt\\\/\"},{\"@type\":\"ListItem\",\"position\":2,\"name\":\"Parduotuv\u0117\",\"item\":\"https:\\\/\\\/kidsplay.lt\\\/parduotuve\\\/\"},{\"@type\":\"ListItem\",\"position\":3,\"name\":\"TOOKY TOY medinis \u012fg\u016bd\u017ei\u0173 \u017eaidimas M\u0117tyk \u012f taikinius gyv\u016bn\u0117lius, 15 vnt.\"}]},{\"@type\":\"WebSite\",\"@id\":\"https:\\\/\\\/kidsplay.lt\\\/#website\",\"url\":\"https:\\\/\\\/kidsplay.lt\\\/\",\"name\":\"Kidsplay.lt\",\"description\":\"\u012evairios prek\u0117s vaikams\",\"publisher\":{\"@id\":\"https:\\\/\\\/kidsplay.lt\\\/#organization\"},\"alternateName\":\"Kidsplay\",\"potentialAction\":[{\"@type\":\"SearchAction\",\"target\":{\"@type\":\"EntryPoint\",\"urlTemplate\":\"https:\\\/\\\/kidsplay.lt\\\/?s={search_term_string}\"},\"query-input\":{\"@type\":\"PropertyValueSpecification\",\"valueRequired\":true,\"valueName\":\"search_term_string\"}}],\"inLanguage\":\"lv-LV\"},{\"@type\":\"Organization\",\"@id\":\"https:\\\/\\\/kidsplay.lt\\\/#organization\",\"name\":\"KidsPlay\",\"url\":\"https:\\\/\\\/kidsplay.lt\\\/\",\"logo\":{\"@type\":\"ImageObject\",\"inLanguage\":\"lv-LV\",\"@id\":\"https:\\\/\\\/kidsplay.lt\\\/#\\\/schema\\\/logo\\\/image\\\/\",\"url\":\"https:\\\/\\\/kidsplay.lt\\\/wp-content\\\/uploads\\\/2023\\\/07\\\/kidsplay-logo.png\",\"contentUrl\":\"https:\\\/\\\/kidsplay.lt\\\/wp-content\\\/uploads\\\/2023\\\/07\\\/kidsplay-logo.png\",\"width\":451,\"height\":98,\"caption\":\"KidsPlay\"},\"image\":{\"@id\":\"https:\\\/\\\/kidsplay.lt\\\/#\\\/schema\\\/logo\\\/image\\\/\"},\"sameAs\":[\"https:\\\/\\\/www.facebook.com\\\/www.kidsplay.lt\"]}]}<\/script>\n<!-- \/ Yoast SEO plugin. -->","yoast_head_json":{"title":"TOOKY TOY koka prasmju sp\u0113le Met dz\u012bvniekus m\u0113r\u0137os, 15 gab.","description":"TOOKY TOY medinis \u012fg\u016bd\u017ei\u0173 \u017eaidimas M\u0117tyk \u012f taikinius gyv\u016bn\u0117lius, 15 vnt. - KidsPlay. Did\u017eiausias vaik\u0173 \u017eaisl\u0173 pasirinkimas.","robots":{"index":"index","follow":"follow","max-snippet":"max-snippet:-1","max-image-preview":"max-image-preview:large","max-video-preview":"max-video-preview:-1"},"canonical":"https:\/\/kidsplay.lt\/lv\/products\/tooky-toy-medinis-igudziu-zaidimas-metyk-i-taikinius-gyvunelius-15-vnt\/","og_locale":"lv_LV","og_type":"article","og_title":"TOOKY TOY medinis \u012fg\u016bd\u017ei\u0173 \u017eaidimas M\u0117tyk \u012f taikinius gyv\u016bn\u0117lius, 15 vnt.","og_description":"TOOKY TOY medinis \u012fg\u016bd\u017ei\u0173 \u017eaidimas M\u0117tyk \u012f taikinius gyv\u016bn\u0117lius, 15 vnt. - KidsPlay. Did\u017eiausias vaik\u0173 \u017eaisl\u0173 pasirinkimas.","og_url":"https:\/\/kidsplay.lt\/lv\/products\/tooky-toy-medinis-igudziu-zaidimas-metyk-i-taikinius-gyvunelius-15-vnt\/","og_site_name":"KidsPlay","article_publisher":"https:\/\/www.facebook.com\/www.kidsplay.lt","article_modified_time":"2026-04-13T12:04:56+00:00","og_image":[{"url":"https:\/\/kidsplay.lt\/wp-content\/uploads\/2025\/09\/TOOKY-TOY-medinis-igudziu-zaidimas-Metyk-i-taikinius-gyvunelius-15-vnt.jpg","width":800,"height":800,"type":"image\/png"}],"twitter_card":"summary_large_image","twitter_misc":{"Est. reading time":"1 min\u016bte"},"schema":{"@context":"https:\/\/schema.org","@graph":[{"@type":"WebPage","@id":"https:\/\/kidsplay.lt\/produktas\/tooky-toy-medinis-igudziu-zaidimas-metyk-i-taikinius-gyvunelius-15-vnt\/","url":"https:\/\/kidsplay.lt\/produktas\/tooky-toy-medinis-igudziu-zaidimas-metyk-i-taikinius-gyvunelius-15-vnt\/","name":"TOOKY TOY koka prasmju sp\u0113le Met dz\u012bvniekus m\u0113r\u0137os, 15 gab.","isPartOf":{"@id":"https:\/\/kidsplay.lt\/#website"},"primaryImageOfPage":{"@id":"https:\/\/kidsplay.lt\/produktas\/tooky-toy-medinis-igudziu-zaidimas-metyk-i-taikinius-gyvunelius-15-vnt\/#primaryimage"},"image":{"@id":"https:\/\/kidsplay.lt\/produktas\/tooky-toy-medinis-igudziu-zaidimas-metyk-i-taikinius-gyvunelius-15-vnt\/#primaryimage"},"thumbnailUrl":"https:\/\/kidsplay.lt\/wp-content\/uploads\/2025\/09\/TOOKY-TOY-medinis-igudziu-zaidimas-Metyk-i-taikinius-gyvunelius-15-vnt.jpg","datePublished":"2026-02-26T07:27:51+00:00","dateModified":"2026-04-13T12:04:56+00:00","description":"TOOKY TOY medinis \u012fg\u016bd\u017ei\u0173 \u017eaidimas M\u0117tyk \u012f taikinius gyv\u016bn\u0117lius, 15 vnt. - KidsPlay. Did\u017eiausias vaik\u0173 \u017eaisl\u0173 pasirinkimas.","breadcrumb":{"@id":"https:\/\/kidsplay.lt\/produktas\/tooky-toy-medinis-igudziu-zaidimas-metyk-i-taikinius-gyvunelius-15-vnt\/#breadcrumb"},"inLanguage":"lv-LV","potentialAction":[{"@type":"ReadAction","target":["https:\/\/kidsplay.lt\/produktas\/tooky-toy-medinis-igudziu-zaidimas-metyk-i-taikinius-gyvunelius-15-vnt\/"]}]},{"@type":"ImageObject","inLanguage":"lv-LV","@id":"https:\/\/kidsplay.lt\/produktas\/tooky-toy-medinis-igudziu-zaidimas-metyk-i-taikinius-gyvunelius-15-vnt\/#primaryimage","url":"https:\/\/kidsplay.lt\/wp-content\/uploads\/2025\/09\/TOOKY-TOY-medinis-igudziu-zaidimas-Metyk-i-taikinius-gyvunelius-15-vnt.jpg","contentUrl":"https:\/\/kidsplay.lt\/wp-content\/uploads\/2025\/09\/TOOKY-TOY-medinis-igudziu-zaidimas-Metyk-i-taikinius-gyvunelius-15-vnt.jpg","width":2560,"height":2560,"caption":"TOOKY TOY medinis \u012fg\u016bd\u017ei\u0173 \u017eaidimas M\u0117tyk \u012f taikinius gyv\u016bn\u0117lius"},{"@type":"BreadcrumbList","@id":"https:\/\/kidsplay.lt\/produktas\/tooky-toy-medinis-igudziu-zaidimas-metyk-i-taikinius-gyvunelius-15-vnt\/#breadcrumb","itemListElement":[{"@type":"ListItem","position":1,"name":"Pagrindinis","item":"https:\/\/kidsplay.lt\/"},{"@type":"ListItem","position":2,"name":"Parduotuv\u0117","item":"https:\/\/kidsplay.lt\/parduotuve\/"},{"@type":"ListItem","position":3,"name":"TOOKY TOY medinis \u012fg\u016bd\u017ei\u0173 \u017eaidimas M\u0117tyk \u012f taikinius gyv\u016bn\u0117lius, 15 vnt."}]},{"@type":"WebSite","@id":"https:\/\/kidsplay.lt\/#website","url":"https:\/\/kidsplay.lt\/","name":"B\u0113rnu sp\u0113les.lv","description":"\u012evairios prek\u0117s vaikams","publisher":{"@id":"https:\/\/kidsplay.lt\/#organization"},"alternateName":"Kidsplay","potentialAction":[{"@type":"SearchAction","target":{"@type":"EntryPoint","urlTemplate":"https:\/\/kidsplay.lt\/?s={search_term_string}"},"query-input":{"@type":"PropertyValueSpecification","valueRequired":true,"valueName":"search_term_string"}}],"inLanguage":"lv-LV"},{"@type":"Organization","@id":"https:\/\/kidsplay.lt\/#organization","name":"B\u0113rnu sp\u0113le","url":"https:\/\/kidsplay.lt\/","logo":{"@type":"ImageObject","inLanguage":"lv-LV","@id":"https:\/\/kidsplay.lt\/#\/schema\/logo\/image\/","url":"https:\/\/kidsplay.lt\/wp-content\/uploads\/2023\/07\/kidsplay-logo.png","contentUrl":"https:\/\/kidsplay.lt\/wp-content\/uploads\/2023\/07\/kidsplay-logo.png","width":451,"height":98,"caption":"KidsPlay"},"image":{"@id":"https:\/\/kidsplay.lt\/#\/schema\/logo\/image\/"},"sameAs":["https:\/\/www.facebook.com\/www.kidsplay.lt"]}]}},"_links":{"self":[{"href":"https:\/\/kidsplay.lt\/lv\/wp-json\/wp\/v2\/product\/89708","targetHints":{"allow":["GET"]}}],"collection":[{"href":"https:\/\/kidsplay.lt\/lv\/wp-json\/wp\/v2\/product"}],"about":[{"href":"https:\/\/kidsplay.lt\/lv\/wp-json\/wp\/v2\/types\/product"}],"version-history":[{"count":1,"href":"https:\/\/kidsplay.lt\/lv\/wp-json\/wp\/v2\/product\/89708\/revisions"}],"predecessor-version":[{"id":89709,"href":"https:\/\/kidsplay.lt\/lv\/wp-json\/wp\/v2\/product\/89708\/revisions\/89709"}],"wp:featuredmedia":[{"embeddable":true,"href":"https:\/\/kidsplay.lt\/lv\/wp-json\/wp\/v2\/media\/67103"}],"wp:attachment":[{"href":"https:\/\/kidsplay.lt\/lv\/wp-json\/wp\/v2\/media?parent=89708"}],"wp:term":[{"taxonomy":"product_brand","embeddable":true,"href":"https:\/\/kidsplay.lt\/lv\/wp-json\/wp\/v2\/product_brand?post=89708"},{"taxonomy":"product_cat","embeddable":true,"href":"https:\/\/kidsplay.lt\/lv\/wp-json\/wp\/v2\/product_cat?post=89708"},{"taxonomy":"product_tag","embeddable":true,"href":"https:\/\/kidsplay.lt\/lv\/wp-json\/wp\/v2\/product_tag?post=89708"}],"curies":[{"name":"wp","href":"https:\/\/api.w.org\/{rel}","templated":true}]}}