{"id":89710,"date":"2026-02-26T09:27:55","date_gmt":"2026-02-26T07:27:55","guid":{"rendered":"https:\/\/kidsplay.lt\/produktas\/viga-delione-medinis-edukacinis-zaidimas-skirtas-mokytis-rusiuoti-atliekas\/"},"modified":"2026-04-13T15:05:03","modified_gmt":"2026-04-13T12:05:03","slug":"viga-delione-medinis-edukacinis-zaidimas-skirtas-mokytis-rusiuoti-atliekas","status":"publish","type":"product","link":"https:\/\/kidsplay.lt\/lv\/products\/viga-delione-medinis-edukacinis-zaidimas-skirtas-mokytis-rusiuoti-atliekas\/","title":{"rendered":"VIGA Puzzle Koka izgl\u012btojo\u0161a sp\u0113le atkritumu \u0161\u0137iro\u0161anas apguvei"},"content":{"rendered":"<p>Visi \u017eino, kad \u0161iuk\u0161les reikia r\u016b\u0161iuoti, bet ar jie tai daro gerai? J\u016bs\u0173 vaikai tur\u0117t\u0173 b\u016bti susipa\u017ein\u0119 su \u0161iuo svarbiu aplinkosaugos aspektu. Jie i\u0161meta \u0161iuk\u0161les, jas generuoja, ir b\u016btent d\u0117l \u200b\u200bj\u0173 pirmiausia tur\u0117tume r\u016bpintis aplinka.<\/p>\n<p>Rakstur\u012bgs:<\/p>\n<p> \t&#8211; \u017eaidimas i\u0161mokys vaikus r\u016b\u0161iuoti atliekas,<br \/>\n \t&#8211; komplekte yra medin\u0117 d\u0117\u017eut\u0117 su dangteliu ir skyl\u0117mis plytel\u0117ms \u012fd\u0117ti,<br \/>\n \t&#8211; komplekte yra l\u0117k\u0161t\u0117 su keturiais krep\u0161eliais, kuriuos reikia pad\u0117ti ant d\u0117\u017e\u0117s,<br \/>\n \t&#8211; yra 2 kauliukai ir 50 medini\u0173 plyteli\u0173 su atspaudais i\u0161 abiej\u0173 pusi\u0173,<br \/>\n \t&#8211; vienas asmuo gali \u017eaisti su \u017eaislu r\u016b\u0161iuodamas plyteles ir tada tikrindamas rezultat\u0105,<br \/>\n \t&#8211; taip pat galima \u017eaisti su keliais \u017emon\u0117mis,<br \/>\n \t&#8211; kiekvienos plytel\u0117s vienoje pus\u0117je yra atliek\u0173 paveiksl\u0117lis, o kitoje &#8211; besi\u0161ypsantis veidas, atitinkantis \u0161iuk\u0161liad\u0117\u017e\u0117s spalv\u0105,<br \/>\n \t&#8211; \u012fmetus plytel\u0119 \u012f atitinkam\u0105 skyl\u0119, plytel\u0117s nusileid\u017eia atitinkamuose skyreliuose, tod\u0117l lengva patikrinti, ar m\u016bs\u0173 atsakymai teisingi.<\/p>\n<p>Jie yra \u010dia:<\/p>\n<p> \t&#8211; \u017ealia \u0161iuk\u0161liad\u0117\u017e\u0117 &#8211; linksmas veidas &#8211; biologi\u0161kai skaid\u017eios atliekos, pvz., obuolio kauliukas, maisto liku\u010diai<br \/>\n \t&#8211; m\u0117lyna \u0161iuk\u0161liad\u0117\u017e\u0117 &#8211; besi\u0161ypsantis veidas &#8211; perdirbamos ir pakartotinai naudojamos atliekos, pvz., stiklas, plastikas, makulat\u016bra<br \/>\n \t&#8211; juoda \u0161iuk\u0161liad\u0117\u017e\u0117 &#8211; neutrali \u0161ypsen\u0117l\u0117 &#8211; atliekos, kurias i\u0161metame ner\u016b\u0161iuodami, pvz., seni drabu\u017eiai<br \/>\n \t&#8211; raudona \u0161iuk\u0161liad\u0117\u017e\u0117 &#8211; li\u016bdnas veidas &#8211; pavojingos atliekos, kurias sunku arba ne\u012fmanoma i\u0161mesti, pvz., baterijos, vaistai ir kt.<\/p>\n<p>Rota\u013clieta att\u012bst\u0101s:\u00a0<\/p>\n<p> \t&#8211; koordinavimas,<br \/>\n \t&#8211; koncentracija,<br \/>\n \t&#8211; vaizduot\u0117.<\/p>","protected":false},"excerpt":{"rendered":"<p>Visi \u017eino, kad \u0161iuk\u0161les reikia r\u016b\u0161iuoti, bet ar jie tai daro gerai? J\u016bs\u0173 vaikai tur\u0117t\u0173 b\u016bti susipa\u017ein\u0119 su \u0161iuo svarbiu<\/p>","protected":false},"featured_media":67108,"template":"","meta":{"_acf_changed":false,"_glsr_average":0,"_glsr_ranking":0,"_glsr_reviews":0},"product_brand":[],"product_cat":[884,883],"product_tag":[],"class_list":{"0":"post-89710","1":"product","2":"type-product","3":"status-publish","4":"has-post-thumbnail","6":"product_cat-edukaciniai-lavinamieji-mediniai-zaislai","7":"product_cat-mediniai-zaislai-2","8":"\"style=\"background-color: #2ecc711c;\"","10":"first","11":"instock","12":"purchasable","13":"product-type-simple"},"acf":[],"yoast_head":"<!-- This site is optimized with the Yoast SEO plugin v27.3 - https:\/\/yoast.com\/product\/yoast-seo-wordpress\/ -->\n<title>VIGA D\u0117lion\u0117 Medinis edukacinis \u017eaidimas, skirtas mokytis r\u016b\u0161iuoti atliekas<\/title>\n<meta name=\"description\" content=\"VIGA D\u0117lion\u0117 Medinis edukacinis \u017eaidimas, skirtas mokytis r\u016b\u0161iuoti atliekas - KidsPlay. Did\u017eiausias vaik\u0173 \u017eaisl\u0173 pasirinkimas.\" \/>\n<meta name=\"robots\" content=\"index, follow, max-snippet:-1, max-image-preview:large, max-video-preview:-1\" \/>\n<link rel=\"canonical\" href=\"https:\/\/kidsplay.lt\/lv\/products\/viga-delione-medinis-edukacinis-zaidimas-skirtas-mokytis-rusiuoti-atliekas\/\" \/>\n<meta property=\"og:locale\" content=\"lv_LV\" \/>\n<meta property=\"og:type\" content=\"article\" \/>\n<meta property=\"og:title\" content=\"VIGA D\u0117lion\u0117 Medinis edukacinis \u017eaidimas, skirtas mokytis r\u016b\u0161iuoti atliekas\" \/>\n<meta property=\"og:description\" content=\"VIGA D\u0117lion\u0117 Medinis edukacinis \u017eaidimas, skirtas mokytis r\u016b\u0161iuoti atliekas - KidsPlay. Did\u017eiausias vaik\u0173 \u017eaisl\u0173 pasirinkimas.\" \/>\n<meta property=\"og:url\" content=\"https:\/\/kidsplay.lt\/lv\/products\/viga-delione-medinis-edukacinis-zaidimas-skirtas-mokytis-rusiuoti-atliekas\/\" \/>\n<meta property=\"og:site_name\" content=\"KidsPlay\" \/>\n<meta property=\"article:publisher\" content=\"https:\/\/www.facebook.com\/www.kidsplay.lt\" \/>\n<meta property=\"article:modified_time\" content=\"2026-04-13T12:05:03+00:00\" \/>\n<meta property=\"og:image\" content=\"https:\/\/kidsplay.lt\/wp-content\/uploads\/2025\/09\/VIGA-Delione-Medinis-edukacinis-zaidimas-skirtas-mokytis-rusiuoti-atliekas.jpg\" \/>\n\t<meta property=\"og:image:width\" content=\"2560\" \/>\n\t<meta property=\"og:image:height\" content=\"2560\" \/>\n\t<meta property=\"og:image:type\" content=\"image\/jpeg\" \/>\n<meta name=\"twitter:card\" content=\"summary_large_image\" \/>\n<meta name=\"twitter:label1\" content=\"Est. reading time\" \/>\n\t<meta name=\"twitter:data1\" content=\"1 min\u016bte\" \/>\n<script type=\"application\/ld+json\" class=\"yoast-schema-graph\">{\"@context\":\"https:\\\/\\\/schema.org\",\"@graph\":[{\"@type\":\"WebPage\",\"@id\":\"https:\\\/\\\/kidsplay.lt\\\/produktas\\\/viga-delione-medinis-edukacinis-zaidimas-skirtas-mokytis-rusiuoti-atliekas\\\/\",\"url\":\"https:\\\/\\\/kidsplay.lt\\\/produktas\\\/viga-delione-medinis-edukacinis-zaidimas-skirtas-mokytis-rusiuoti-atliekas\\\/\",\"name\":\"VIGA D\u0117lion\u0117 Medinis edukacinis \u017eaidimas, skirtas mokytis r\u016b\u0161iuoti atliekas\",\"isPartOf\":{\"@id\":\"https:\\\/\\\/kidsplay.lt\\\/#website\"},\"primaryImageOfPage\":{\"@id\":\"https:\\\/\\\/kidsplay.lt\\\/produktas\\\/viga-delione-medinis-edukacinis-zaidimas-skirtas-mokytis-rusiuoti-atliekas\\\/#primaryimage\"},\"image\":{\"@id\":\"https:\\\/\\\/kidsplay.lt\\\/produktas\\\/viga-delione-medinis-edukacinis-zaidimas-skirtas-mokytis-rusiuoti-atliekas\\\/#primaryimage\"},\"thumbnailUrl\":\"https:\\\/\\\/kidsplay.lt\\\/wp-content\\\/uploads\\\/2025\\\/09\\\/VIGA-Delione-Medinis-edukacinis-zaidimas-skirtas-mokytis-rusiuoti-atliekas.jpg\",\"datePublished\":\"2026-02-26T07:27:55+00:00\",\"dateModified\":\"2026-04-13T12:05:03+00:00\",\"description\":\"VIGA D\u0117lion\u0117 Medinis edukacinis \u017eaidimas, skirtas mokytis r\u016b\u0161iuoti atliekas - KidsPlay. Did\u017eiausias vaik\u0173 \u017eaisl\u0173 pasirinkimas.\",\"breadcrumb\":{\"@id\":\"https:\\\/\\\/kidsplay.lt\\\/produktas\\\/viga-delione-medinis-edukacinis-zaidimas-skirtas-mokytis-rusiuoti-atliekas\\\/#breadcrumb\"},\"inLanguage\":\"lv-LV\",\"potentialAction\":[{\"@type\":\"ReadAction\",\"target\":[\"https:\\\/\\\/kidsplay.lt\\\/produktas\\\/viga-delione-medinis-edukacinis-zaidimas-skirtas-mokytis-rusiuoti-atliekas\\\/\"]}]},{\"@type\":\"ImageObject\",\"inLanguage\":\"lv-LV\",\"@id\":\"https:\\\/\\\/kidsplay.lt\\\/produktas\\\/viga-delione-medinis-edukacinis-zaidimas-skirtas-mokytis-rusiuoti-atliekas\\\/#primaryimage\",\"url\":\"https:\\\/\\\/kidsplay.lt\\\/wp-content\\\/uploads\\\/2025\\\/09\\\/VIGA-Delione-Medinis-edukacinis-zaidimas-skirtas-mokytis-rusiuoti-atliekas.jpg\",\"contentUrl\":\"https:\\\/\\\/kidsplay.lt\\\/wp-content\\\/uploads\\\/2025\\\/09\\\/VIGA-Delione-Medinis-edukacinis-zaidimas-skirtas-mokytis-rusiuoti-atliekas.jpg\",\"width\":2560,\"height\":2560,\"caption\":\"VIGA D\u0117lion\u0117 Medinis edukacinis \u017eaidimas\"},{\"@type\":\"BreadcrumbList\",\"@id\":\"https:\\\/\\\/kidsplay.lt\\\/produktas\\\/viga-delione-medinis-edukacinis-zaidimas-skirtas-mokytis-rusiuoti-atliekas\\\/#breadcrumb\",\"itemListElement\":[{\"@type\":\"ListItem\",\"position\":1,\"name\":\"Pagrindinis\",\"item\":\"https:\\\/\\\/kidsplay.lt\\\/\"},{\"@type\":\"ListItem\",\"position\":2,\"name\":\"Parduotuv\u0117\",\"item\":\"https:\\\/\\\/kidsplay.lt\\\/parduotuve\\\/\"},{\"@type\":\"ListItem\",\"position\":3,\"name\":\"VIGA D\u0117lion\u0117 Medinis edukacinis \u017eaidimas, skirtas mokytis r\u016b\u0161iuoti atliekas\"}]},{\"@type\":\"WebSite\",\"@id\":\"https:\\\/\\\/kidsplay.lt\\\/#website\",\"url\":\"https:\\\/\\\/kidsplay.lt\\\/\",\"name\":\"Kidsplay.lt\",\"description\":\"\u012evairios prek\u0117s vaikams\",\"publisher\":{\"@id\":\"https:\\\/\\\/kidsplay.lt\\\/#organization\"},\"alternateName\":\"Kidsplay\",\"potentialAction\":[{\"@type\":\"SearchAction\",\"target\":{\"@type\":\"EntryPoint\",\"urlTemplate\":\"https:\\\/\\\/kidsplay.lt\\\/?s={search_term_string}\"},\"query-input\":{\"@type\":\"PropertyValueSpecification\",\"valueRequired\":true,\"valueName\":\"search_term_string\"}}],\"inLanguage\":\"lv-LV\"},{\"@type\":\"Organization\",\"@id\":\"https:\\\/\\\/kidsplay.lt\\\/#organization\",\"name\":\"KidsPlay\",\"url\":\"https:\\\/\\\/kidsplay.lt\\\/\",\"logo\":{\"@type\":\"ImageObject\",\"inLanguage\":\"lv-LV\",\"@id\":\"https:\\\/\\\/kidsplay.lt\\\/#\\\/schema\\\/logo\\\/image\\\/\",\"url\":\"https:\\\/\\\/kidsplay.lt\\\/wp-content\\\/uploads\\\/2023\\\/07\\\/kidsplay-logo.png\",\"contentUrl\":\"https:\\\/\\\/kidsplay.lt\\\/wp-content\\\/uploads\\\/2023\\\/07\\\/kidsplay-logo.png\",\"width\":451,\"height\":98,\"caption\":\"KidsPlay\"},\"image\":{\"@id\":\"https:\\\/\\\/kidsplay.lt\\\/#\\\/schema\\\/logo\\\/image\\\/\"},\"sameAs\":[\"https:\\\/\\\/www.facebook.com\\\/www.kidsplay.lt\"]}]}<\/script>\n<!-- \/ Yoast SEO plugin. -->","yoast_head_json":{"title":"VIGA Puzzle Koka izgl\u012btojo\u0161a sp\u0113le atkritumu \u0161\u0137iro\u0161anas apguvei","description":"VIGA D\u0117lion\u0117 Medinis edukacinis \u017eaidimas, skirtas mokytis r\u016b\u0161iuoti atliekas - KidsPlay. Did\u017eiausias vaik\u0173 \u017eaisl\u0173 pasirinkimas.","robots":{"index":"index","follow":"follow","max-snippet":"max-snippet:-1","max-image-preview":"max-image-preview:large","max-video-preview":"max-video-preview:-1"},"canonical":"https:\/\/kidsplay.lt\/lv\/products\/viga-delione-medinis-edukacinis-zaidimas-skirtas-mokytis-rusiuoti-atliekas\/","og_locale":"lv_LV","og_type":"article","og_title":"VIGA D\u0117lion\u0117 Medinis edukacinis \u017eaidimas, skirtas mokytis r\u016b\u0161iuoti atliekas","og_description":"VIGA D\u0117lion\u0117 Medinis edukacinis \u017eaidimas, skirtas mokytis r\u016b\u0161iuoti atliekas - KidsPlay. Did\u017eiausias vaik\u0173 \u017eaisl\u0173 pasirinkimas.","og_url":"https:\/\/kidsplay.lt\/lv\/products\/viga-delione-medinis-edukacinis-zaidimas-skirtas-mokytis-rusiuoti-atliekas\/","og_site_name":"KidsPlay","article_publisher":"https:\/\/www.facebook.com\/www.kidsplay.lt","article_modified_time":"2026-04-13T12:05:03+00:00","og_image":[{"width":2560,"height":2560,"url":"https:\/\/kidsplay.lt\/wp-content\/uploads\/2025\/09\/VIGA-Delione-Medinis-edukacinis-zaidimas-skirtas-mokytis-rusiuoti-atliekas.jpg","type":"image\/jpeg"}],"twitter_card":"summary_large_image","twitter_misc":{"Est. reading time":"1 min\u016bte"},"schema":{"@context":"https:\/\/schema.org","@graph":[{"@type":"WebPage","@id":"https:\/\/kidsplay.lt\/produktas\/viga-delione-medinis-edukacinis-zaidimas-skirtas-mokytis-rusiuoti-atliekas\/","url":"https:\/\/kidsplay.lt\/produktas\/viga-delione-medinis-edukacinis-zaidimas-skirtas-mokytis-rusiuoti-atliekas\/","name":"VIGA Puzzle Koka izgl\u012btojo\u0161a sp\u0113le atkritumu \u0161\u0137iro\u0161anas apguvei","isPartOf":{"@id":"https:\/\/kidsplay.lt\/#website"},"primaryImageOfPage":{"@id":"https:\/\/kidsplay.lt\/produktas\/viga-delione-medinis-edukacinis-zaidimas-skirtas-mokytis-rusiuoti-atliekas\/#primaryimage"},"image":{"@id":"https:\/\/kidsplay.lt\/produktas\/viga-delione-medinis-edukacinis-zaidimas-skirtas-mokytis-rusiuoti-atliekas\/#primaryimage"},"thumbnailUrl":"https:\/\/kidsplay.lt\/wp-content\/uploads\/2025\/09\/VIGA-Delione-Medinis-edukacinis-zaidimas-skirtas-mokytis-rusiuoti-atliekas.jpg","datePublished":"2026-02-26T07:27:55+00:00","dateModified":"2026-04-13T12:05:03+00:00","description":"VIGA D\u0117lion\u0117 Medinis edukacinis \u017eaidimas, skirtas mokytis r\u016b\u0161iuoti atliekas - KidsPlay. Did\u017eiausias vaik\u0173 \u017eaisl\u0173 pasirinkimas.","breadcrumb":{"@id":"https:\/\/kidsplay.lt\/produktas\/viga-delione-medinis-edukacinis-zaidimas-skirtas-mokytis-rusiuoti-atliekas\/#breadcrumb"},"inLanguage":"lv-LV","potentialAction":[{"@type":"ReadAction","target":["https:\/\/kidsplay.lt\/produktas\/viga-delione-medinis-edukacinis-zaidimas-skirtas-mokytis-rusiuoti-atliekas\/"]}]},{"@type":"ImageObject","inLanguage":"lv-LV","@id":"https:\/\/kidsplay.lt\/produktas\/viga-delione-medinis-edukacinis-zaidimas-skirtas-mokytis-rusiuoti-atliekas\/#primaryimage","url":"https:\/\/kidsplay.lt\/wp-content\/uploads\/2025\/09\/VIGA-Delione-Medinis-edukacinis-zaidimas-skirtas-mokytis-rusiuoti-atliekas.jpg","contentUrl":"https:\/\/kidsplay.lt\/wp-content\/uploads\/2025\/09\/VIGA-Delione-Medinis-edukacinis-zaidimas-skirtas-mokytis-rusiuoti-atliekas.jpg","width":2560,"height":2560,"caption":"VIGA D\u0117lion\u0117 Medinis edukacinis \u017eaidimas"},{"@type":"BreadcrumbList","@id":"https:\/\/kidsplay.lt\/produktas\/viga-delione-medinis-edukacinis-zaidimas-skirtas-mokytis-rusiuoti-atliekas\/#breadcrumb","itemListElement":[{"@type":"ListItem","position":1,"name":"Pagrindinis","item":"https:\/\/kidsplay.lt\/"},{"@type":"ListItem","position":2,"name":"Parduotuv\u0117","item":"https:\/\/kidsplay.lt\/parduotuve\/"},{"@type":"ListItem","position":3,"name":"VIGA D\u0117lion\u0117 Medinis edukacinis \u017eaidimas, skirtas mokytis r\u016b\u0161iuoti atliekas"}]},{"@type":"WebSite","@id":"https:\/\/kidsplay.lt\/#website","url":"https:\/\/kidsplay.lt\/","name":"B\u0113rnu sp\u0113les.lv","description":"\u012evairios prek\u0117s vaikams","publisher":{"@id":"https:\/\/kidsplay.lt\/#organization"},"alternateName":"Kidsplay","potentialAction":[{"@type":"SearchAction","target":{"@type":"EntryPoint","urlTemplate":"https:\/\/kidsplay.lt\/?s={search_term_string}"},"query-input":{"@type":"PropertyValueSpecification","valueRequired":true,"valueName":"search_term_string"}}],"inLanguage":"lv-LV"},{"@type":"Organization","@id":"https:\/\/kidsplay.lt\/#organization","name":"B\u0113rnu sp\u0113le","url":"https:\/\/kidsplay.lt\/","logo":{"@type":"ImageObject","inLanguage":"lv-LV","@id":"https:\/\/kidsplay.lt\/#\/schema\/logo\/image\/","url":"https:\/\/kidsplay.lt\/wp-content\/uploads\/2023\/07\/kidsplay-logo.png","contentUrl":"https:\/\/kidsplay.lt\/wp-content\/uploads\/2023\/07\/kidsplay-logo.png","width":451,"height":98,"caption":"KidsPlay"},"image":{"@id":"https:\/\/kidsplay.lt\/#\/schema\/logo\/image\/"},"sameAs":["https:\/\/www.facebook.com\/www.kidsplay.lt"]}]}},"_links":{"self":[{"href":"https:\/\/kidsplay.lt\/lv\/wp-json\/wp\/v2\/product\/89710","targetHints":{"allow":["GET"]}}],"collection":[{"href":"https:\/\/kidsplay.lt\/lv\/wp-json\/wp\/v2\/product"}],"about":[{"href":"https:\/\/kidsplay.lt\/lv\/wp-json\/wp\/v2\/types\/product"}],"version-history":[{"count":1,"href":"https:\/\/kidsplay.lt\/lv\/wp-json\/wp\/v2\/product\/89710\/revisions"}],"predecessor-version":[{"id":89711,"href":"https:\/\/kidsplay.lt\/lv\/wp-json\/wp\/v2\/product\/89710\/revisions\/89711"}],"wp:featuredmedia":[{"embeddable":true,"href":"https:\/\/kidsplay.lt\/lv\/wp-json\/wp\/v2\/media\/67108"}],"wp:attachment":[{"href":"https:\/\/kidsplay.lt\/lv\/wp-json\/wp\/v2\/media?parent=89710"}],"wp:term":[{"taxonomy":"product_brand","embeddable":true,"href":"https:\/\/kidsplay.lt\/lv\/wp-json\/wp\/v2\/product_brand?post=89710"},{"taxonomy":"product_cat","embeddable":true,"href":"https:\/\/kidsplay.lt\/lv\/wp-json\/wp\/v2\/product_cat?post=89710"},{"taxonomy":"product_tag","embeddable":true,"href":"https:\/\/kidsplay.lt\/lv\/wp-json\/wp\/v2\/product_tag?post=89710"}],"curies":[{"name":"wp","href":"https:\/\/api.w.org\/{rel}","templated":true}]}}