{"id":89712,"date":"2026-02-26T09:27:58","date_gmt":"2026-02-26T07:27:58","guid":{"rendered":"https:\/\/kidsplay.lt\/produktas\/tooky-toy-igudziu-zaidimu-rinkinys-paemimo-lazdeles-jojo-vilkelis-elephant-46-vnt\/"},"modified":"2026-04-07T10:43:44","modified_gmt":"2026-04-07T07:43:44","slug":"tooky-toy-igudziu-zaidimu-rinkinys-paemimo-lazdeles-jojo-vilkelis-elephant-46-vnt","status":"publish","type":"product","link":"https:\/\/kidsplay.lt\/lv\/products\/tooky-toy-igudziu-zaidimu-rinkinys-paemimo-lazdeles-jojo-vilkelis-elephant-46-vnt\/","title":{"rendered":"TOOKY TOY iema\u0146u sp\u0113\u013cu komplekts &quot;Sav\u0101k\u0161anas koci\u0146i&quot; JoJo priek\u0161auti\u0146\u0161 &quot;Zilonis&quot; 46 gab."},"content":{"rendered":"<p>\u201eGames Collection\u201c \u2013 tai unikalus\u00a0\u00a0\u00a0garsaus medini\u0173 \u017eaisl\u0173 prek\u0117s \u017eenklo\u00a0\u00a0\u201eTooky Toy\u201c\u00a0\u017eaidim\u0173 rinkinys\u00a0, kuris su\u017eav\u0117s vaikus ir\u00a0\u00a0\u00a0ilgai\u00a0juos linksmins . \u017davus dramblys tarnauja kaip pagrindas \u0161uliniui ar bok\u0161tui statyti. Lazdel\u0117s taip pat gali b\u016bti naudojamos \u017eaisti\u00a0lazdel\u0117mis\u00a0. Tai pad\u0117s lavinti\u00a0\u00a0smulki\u0105j\u0105 motorik\u0105 ir aki\u0173 bei rank\u0173 koordinacij\u0105\u00a0. Be to, rinkinyje yra\u00a0\u00a0du jojo\u00a0, kurie lavins\u00a0 jaun\u0173j\u0173 vartotoj\u0173\u00a0motorinius \u012fg\u016bd\u017eius ir miklum\u0105\u00a0\u00a0. Sukurkite var\u017eybas, kad pamatytum\u0117te, kas gali paleisti ir gr\u0105\u017einti jojo daugiausiai kart\u0173 arba atlikti geresnius triukus. Lygi\u0173j\u0173 atvej\u0173 sprendimas? Joki\u0173 problem\u0173! Laimi tas, kurio\u00a0\u00a0suktukas\u00a0\u00a0ilgiausiai juda! Visas rinkinys pagamintas i\u0161 auk\u0161\u010diausios kokyb\u0117s med\u017eiag\u0173, tod\u0117l yra\u00a0\u00a0saugus vaikams ir aplinkai\u00a0.<\/p>\n<p>Rakstur\u012bgs:\u00a0<\/p>\n<p> \t&#8211; rinkin\u012f sudaro\u00a046 elementai\u00a0,<br \/>\n \t&#8211; rinkinyje yra spalvingos\u00a0lazdel\u0117s\u00a0,\u00a0dramblys\u00a0,\u00a02 jojo\u00a0ir\u00a0suktukai\u00a0,<br \/>\n \t&#8211; galite \u017eaisti lazdel\u0117mis su\u00a0lazdel\u0117mis,<br \/>\n \t&#8211; elementai pagaminti i\u0161 med\u017eio,<br \/>\n \t&#8211; da\u017eymui buvo naudoti netoksi\u0161ki, vaikams ir aplinkai saug\u016bs da\u017eai,<br \/>\n \t&#8211; produktas yra 100% saugus vaikams.\u00a0<\/p>\n<p>Rota\u013clieta att\u012bst\u0101s:\u00a0<\/p>\n<p> \t&#8211; tikslumas,\u00a0<br \/>\n \t&#8211; aki\u0173 ir rank\u0173 koordinacija,<br \/>\n \t&#8211; motoriniai \u012fg\u016bd\u017eiai,<br \/>\n \t&#8211; vikrumas,\u00a0<br \/>\n \t&#8211; geb\u0117jimas logi\u0161kai m\u0105styti.\u00a0<\/p>\n<p>Ekologi\u0161ki \u017eaislai\u00a0\u00a0skirti net ir patiems ma\u017eiausiems vaikams ir yra pagaminti i\u0161 visi\u0161kai nat\u016brali\u0173, biologi\u0161kai skaid\u017ei\u0173 ir hipoalergini\u0173 med\u017eiag\u0173, tod\u0117l jie yra 100 % saug\u016bs ir nekenksmingi ne tik aplinkai, bet ir j\u016bs\u0173 vaikui.<\/p>\n<p>\u201eTooky Toy\u201c\u00a0\u00a0\u2013 tai medini\u0173 \u017eaisl\u0173 vaikams gamintoja, rinkoje veikianti nuo 2004 m. Daugiau nei de\u0161imties met\u0173 patirtis \u0161ioje srityje garantuoja auk\u0161tos kokyb\u0117s gaminius, pagamintus atsi\u017evelgiant \u012f vaik\u0173 saugum\u0105. \u201eTooky Toy\u201c \u017eaislai turi daugyb\u0119 sertifikat\u0173, patvirtinan\u010di\u0173 \u0161i\u0173 ekologi\u0161k\u0173 gamini\u0173 saugum\u0105. Gerai nupoliruoti, be atplai\u0161\u0173 ir a\u0161tri\u0173 briaun\u0173, \u017eaislai padengti tik saugiais, netoksi\u0161kais da\u017eais, da\u017eikliais ir lakais. Visa tai daro \u201eTooky Toy\u201c \u017eaislus mylimus vaik\u0173 ir vertinamus t\u0117v\u0173 visame pasaulyje.<\/p>","protected":false},"excerpt":{"rendered":"<p>\u201eGames Collection\u201c \u2013 tai unikalus\u00a0\u00a0\u00a0garsaus medini\u0173 \u017eaisl\u0173 prek\u0117s \u017eenklo\u00a0\u00a0\u201eTooky Toy\u201c\u00a0\u017eaidim\u0173 rinkinys\u00a0, kuris su\u017eav\u0117s vaikus ir\u00a0\u00a0\u00a0ilgai\u00a0juos linksmins . \u017davus dramblys tarnauja<\/p>","protected":false},"featured_media":67113,"template":"","meta":{"_acf_changed":false,"_glsr_average":0,"_glsr_ranking":0,"_glsr_reviews":0},"product_brand":[],"product_cat":[884,883],"product_tag":[],"class_list":{"0":"post-89712","1":"product","2":"type-product","3":"status-publish","4":"has-post-thumbnail","6":"product_cat-edukaciniai-lavinamieji-mediniai-zaislai","7":"product_cat-mediniai-zaislai-2","8":"\"style=\"background-color: #2ecc711c;\"","10":"first","11":"instock","12":"purchasable","13":"product-type-simple"},"acf":[],"yoast_head":"<!-- This site is optimized with the Yoast SEO plugin v27.3 - https:\/\/yoast.com\/product\/yoast-seo-wordpress\/ -->\n<title>TOOKY TOY \u012fg\u016bd\u017ei\u0173 \u017eaidim\u0173 rinkinys \u201ePa\u0117mimo lazdel\u0117s\u201c JoJo vilkelis \u201eElephant\u201c 46 vnt.<\/title>\n<meta name=\"description\" content=\"TOOKY TOY \u012fg\u016bd\u017ei\u0173 \u017eaidim\u0173 rinkinys \u201ePa\u0117mimo lazdel\u0117s\u201c JoJo vilkelis \u201eElephant\u201c 46 vnt. - KidsPlay. Did\u017eiausias vaik\u0173 \u017eaisl\u0173 pasirinkimas.\" \/>\n<meta name=\"robots\" content=\"index, follow, max-snippet:-1, max-image-preview:large, max-video-preview:-1\" \/>\n<link rel=\"canonical\" href=\"https:\/\/kidsplay.lt\/lv\/products\/tooky-toy-igudziu-zaidimu-rinkinys-paemimo-lazdeles-jojo-vilkelis-elephant-46-vnt\/\" \/>\n<meta property=\"og:locale\" content=\"lv_LV\" \/>\n<meta property=\"og:type\" content=\"article\" \/>\n<meta property=\"og:title\" content=\"TOOKY TOY \u012fg\u016bd\u017ei\u0173 \u017eaidim\u0173 rinkinys \u201ePa\u0117mimo lazdel\u0117s\u201c JoJo vilkelis \u201eElephant\u201c 46 vnt.\" \/>\n<meta property=\"og:description\" content=\"TOOKY TOY \u012fg\u016bd\u017ei\u0173 \u017eaidim\u0173 rinkinys \u201ePa\u0117mimo lazdel\u0117s\u201c JoJo vilkelis \u201eElephant\u201c 46 vnt. - KidsPlay. Did\u017eiausias vaik\u0173 \u017eaisl\u0173 pasirinkimas.\" \/>\n<meta property=\"og:url\" content=\"https:\/\/kidsplay.lt\/lv\/products\/tooky-toy-igudziu-zaidimu-rinkinys-paemimo-lazdeles-jojo-vilkelis-elephant-46-vnt\/\" \/>\n<meta property=\"og:site_name\" content=\"KidsPlay\" \/>\n<meta property=\"article:publisher\" content=\"https:\/\/www.facebook.com\/www.kidsplay.lt\" \/>\n<meta property=\"article:modified_time\" content=\"2026-04-07T07:43:44+00:00\" \/>\n<meta property=\"og:image\" content=\"https:\/\/kidsplay.lt\/wp-content\/uploads\/2025\/09\/TOOKY-TOY-igudziu-zaidimu-rinkinys-\u201ePaemimo-lazdeles-JoJo-vilkelis-\u201eElephant-46-vnt.jpg\" \/>\n\t<meta property=\"og:image:width\" content=\"800\" \/>\n\t<meta property=\"og:image:height\" content=\"800\" \/>\n\t<meta property=\"og:image:type\" content=\"image\/png\" \/>\n<meta name=\"twitter:card\" content=\"summary_large_image\" \/>\n<meta name=\"twitter:label1\" content=\"Est. reading time\" \/>\n\t<meta name=\"twitter:data1\" content=\"2 min\u016btes\" \/>\n<script type=\"application\/ld+json\" class=\"yoast-schema-graph\">{\"@context\":\"https:\\\/\\\/schema.org\",\"@graph\":[{\"@type\":\"WebPage\",\"@id\":\"https:\\\/\\\/kidsplay.lt\\\/produktas\\\/tooky-toy-igudziu-zaidimu-rinkinys-paemimo-lazdeles-jojo-vilkelis-elephant-46-vnt\\\/\",\"url\":\"https:\\\/\\\/kidsplay.lt\\\/produktas\\\/tooky-toy-igudziu-zaidimu-rinkinys-paemimo-lazdeles-jojo-vilkelis-elephant-46-vnt\\\/\",\"name\":\"TOOKY TOY \u012fg\u016bd\u017ei\u0173 \u017eaidim\u0173 rinkinys \u201ePa\u0117mimo lazdel\u0117s\u201c JoJo vilkelis \u201eElephant\u201c 46 vnt.\",\"isPartOf\":{\"@id\":\"https:\\\/\\\/kidsplay.lt\\\/#website\"},\"primaryImageOfPage\":{\"@id\":\"https:\\\/\\\/kidsplay.lt\\\/produktas\\\/tooky-toy-igudziu-zaidimu-rinkinys-paemimo-lazdeles-jojo-vilkelis-elephant-46-vnt\\\/#primaryimage\"},\"image\":{\"@id\":\"https:\\\/\\\/kidsplay.lt\\\/produktas\\\/tooky-toy-igudziu-zaidimu-rinkinys-paemimo-lazdeles-jojo-vilkelis-elephant-46-vnt\\\/#primaryimage\"},\"thumbnailUrl\":\"https:\\\/\\\/kidsplay.lt\\\/wp-content\\\/uploads\\\/2025\\\/09\\\/TOOKY-TOY-igudziu-zaidimu-rinkinys-\u201ePaemimo-lazdeles-JoJo-vilkelis-\u201eElephant-46-vnt.jpg\",\"datePublished\":\"2026-02-26T07:27:58+00:00\",\"dateModified\":\"2026-04-07T07:43:44+00:00\",\"description\":\"TOOKY TOY \u012fg\u016bd\u017ei\u0173 \u017eaidim\u0173 rinkinys \u201ePa\u0117mimo lazdel\u0117s\u201c JoJo vilkelis \u201eElephant\u201c 46 vnt. - KidsPlay. Did\u017eiausias vaik\u0173 \u017eaisl\u0173 pasirinkimas.\",\"breadcrumb\":{\"@id\":\"https:\\\/\\\/kidsplay.lt\\\/produktas\\\/tooky-toy-igudziu-zaidimu-rinkinys-paemimo-lazdeles-jojo-vilkelis-elephant-46-vnt\\\/#breadcrumb\"},\"inLanguage\":\"lv-LV\",\"potentialAction\":[{\"@type\":\"ReadAction\",\"target\":[\"https:\\\/\\\/kidsplay.lt\\\/produktas\\\/tooky-toy-igudziu-zaidimu-rinkinys-paemimo-lazdeles-jojo-vilkelis-elephant-46-vnt\\\/\"]}]},{\"@type\":\"ImageObject\",\"inLanguage\":\"lv-LV\",\"@id\":\"https:\\\/\\\/kidsplay.lt\\\/produktas\\\/tooky-toy-igudziu-zaidimu-rinkinys-paemimo-lazdeles-jojo-vilkelis-elephant-46-vnt\\\/#primaryimage\",\"url\":\"https:\\\/\\\/kidsplay.lt\\\/wp-content\\\/uploads\\\/2025\\\/09\\\/TOOKY-TOY-igudziu-zaidimu-rinkinys-\u201ePaemimo-lazdeles-JoJo-vilkelis-\u201eElephant-46-vnt.jpg\",\"contentUrl\":\"https:\\\/\\\/kidsplay.lt\\\/wp-content\\\/uploads\\\/2025\\\/09\\\/TOOKY-TOY-igudziu-zaidimu-rinkinys-\u201ePaemimo-lazdeles-JoJo-vilkelis-\u201eElephant-46-vnt.jpg\",\"width\":2560,\"height\":2560,\"caption\":\"TOOKY TOY \u012fg\u016bd\u017ei\u0173 \u017eaidim\u0173 rinkinys \u201ePa\u0117mimo lazdel\u0117s\u201c JoJo vilkelis \u201eElephant\u201c 46 vnt.\"},{\"@type\":\"BreadcrumbList\",\"@id\":\"https:\\\/\\\/kidsplay.lt\\\/produktas\\\/tooky-toy-igudziu-zaidimu-rinkinys-paemimo-lazdeles-jojo-vilkelis-elephant-46-vnt\\\/#breadcrumb\",\"itemListElement\":[{\"@type\":\"ListItem\",\"position\":1,\"name\":\"Pagrindinis\",\"item\":\"https:\\\/\\\/kidsplay.lt\\\/\"},{\"@type\":\"ListItem\",\"position\":2,\"name\":\"Parduotuv\u0117\",\"item\":\"https:\\\/\\\/kidsplay.lt\\\/parduotuve\\\/\"},{\"@type\":\"ListItem\",\"position\":3,\"name\":\"TOOKY TOY \u012fg\u016bd\u017ei\u0173 \u017eaidim\u0173 rinkinys \u201ePa\u0117mimo lazdel\u0117s\u201c JoJo vilkelis \u201eElephant\u201c 46 vnt.\"}]},{\"@type\":\"WebSite\",\"@id\":\"https:\\\/\\\/kidsplay.lt\\\/#website\",\"url\":\"https:\\\/\\\/kidsplay.lt\\\/\",\"name\":\"Kidsplay.lt\",\"description\":\"\u012evairios prek\u0117s vaikams\",\"publisher\":{\"@id\":\"https:\\\/\\\/kidsplay.lt\\\/#organization\"},\"alternateName\":\"Kidsplay\",\"potentialAction\":[{\"@type\":\"SearchAction\",\"target\":{\"@type\":\"EntryPoint\",\"urlTemplate\":\"https:\\\/\\\/kidsplay.lt\\\/?s={search_term_string}\"},\"query-input\":{\"@type\":\"PropertyValueSpecification\",\"valueRequired\":true,\"valueName\":\"search_term_string\"}}],\"inLanguage\":\"lv-LV\"},{\"@type\":\"Organization\",\"@id\":\"https:\\\/\\\/kidsplay.lt\\\/#organization\",\"name\":\"KidsPlay\",\"url\":\"https:\\\/\\\/kidsplay.lt\\\/\",\"logo\":{\"@type\":\"ImageObject\",\"inLanguage\":\"lv-LV\",\"@id\":\"https:\\\/\\\/kidsplay.lt\\\/#\\\/schema\\\/logo\\\/image\\\/\",\"url\":\"https:\\\/\\\/kidsplay.lt\\\/wp-content\\\/uploads\\\/2023\\\/07\\\/kidsplay-logo.png\",\"contentUrl\":\"https:\\\/\\\/kidsplay.lt\\\/wp-content\\\/uploads\\\/2023\\\/07\\\/kidsplay-logo.png\",\"width\":451,\"height\":98,\"caption\":\"KidsPlay\"},\"image\":{\"@id\":\"https:\\\/\\\/kidsplay.lt\\\/#\\\/schema\\\/logo\\\/image\\\/\"},\"sameAs\":[\"https:\\\/\\\/www.facebook.com\\\/www.kidsplay.lt\"]}]}<\/script>\n<!-- \/ Yoast SEO plugin. -->","yoast_head_json":{"title":"TOOKY TOY iema\u0146u sp\u0113\u013cu komplekts &quot;Sav\u0101k\u0161anas koci\u0146i&quot; JoJo priek\u0161auti\u0146\u0161 &quot;Zilonis&quot; 46 gab.","description":"TOOKY TOY \u012fg\u016bd\u017ei\u0173 \u017eaidim\u0173 rinkinys \u201ePa\u0117mimo lazdel\u0117s\u201c JoJo vilkelis \u201eElephant\u201c 46 vnt. - KidsPlay. Did\u017eiausias vaik\u0173 \u017eaisl\u0173 pasirinkimas.","robots":{"index":"index","follow":"follow","max-snippet":"max-snippet:-1","max-image-preview":"max-image-preview:large","max-video-preview":"max-video-preview:-1"},"canonical":"https:\/\/kidsplay.lt\/lv\/products\/tooky-toy-igudziu-zaidimu-rinkinys-paemimo-lazdeles-jojo-vilkelis-elephant-46-vnt\/","og_locale":"lv_LV","og_type":"article","og_title":"TOOKY TOY \u012fg\u016bd\u017ei\u0173 \u017eaidim\u0173 rinkinys \u201ePa\u0117mimo lazdel\u0117s\u201c JoJo vilkelis \u201eElephant\u201c 46 vnt.","og_description":"TOOKY TOY \u012fg\u016bd\u017ei\u0173 \u017eaidim\u0173 rinkinys \u201ePa\u0117mimo lazdel\u0117s\u201c JoJo vilkelis \u201eElephant\u201c 46 vnt. - KidsPlay. Did\u017eiausias vaik\u0173 \u017eaisl\u0173 pasirinkimas.","og_url":"https:\/\/kidsplay.lt\/lv\/products\/tooky-toy-igudziu-zaidimu-rinkinys-paemimo-lazdeles-jojo-vilkelis-elephant-46-vnt\/","og_site_name":"KidsPlay","article_publisher":"https:\/\/www.facebook.com\/www.kidsplay.lt","article_modified_time":"2026-04-07T07:43:44+00:00","og_image":[{"url":"https:\/\/kidsplay.lt\/wp-content\/uploads\/2025\/09\/TOOKY-TOY-igudziu-zaidimu-rinkinys-\u201ePaemimo-lazdeles-JoJo-vilkelis-\u201eElephant-46-vnt.jpg","width":800,"height":800,"type":"image\/png"}],"twitter_card":"summary_large_image","twitter_misc":{"Est. reading time":"2 min\u016btes"},"schema":{"@context":"https:\/\/schema.org","@graph":[{"@type":"WebPage","@id":"https:\/\/kidsplay.lt\/produktas\/tooky-toy-igudziu-zaidimu-rinkinys-paemimo-lazdeles-jojo-vilkelis-elephant-46-vnt\/","url":"https:\/\/kidsplay.lt\/produktas\/tooky-toy-igudziu-zaidimu-rinkinys-paemimo-lazdeles-jojo-vilkelis-elephant-46-vnt\/","name":"TOOKY TOY iema\u0146u sp\u0113\u013cu komplekts &quot;Sav\u0101k\u0161anas koci\u0146i&quot; JoJo priek\u0161auti\u0146\u0161 &quot;Zilonis&quot; 46 gab.","isPartOf":{"@id":"https:\/\/kidsplay.lt\/#website"},"primaryImageOfPage":{"@id":"https:\/\/kidsplay.lt\/produktas\/tooky-toy-igudziu-zaidimu-rinkinys-paemimo-lazdeles-jojo-vilkelis-elephant-46-vnt\/#primaryimage"},"image":{"@id":"https:\/\/kidsplay.lt\/produktas\/tooky-toy-igudziu-zaidimu-rinkinys-paemimo-lazdeles-jojo-vilkelis-elephant-46-vnt\/#primaryimage"},"thumbnailUrl":"https:\/\/kidsplay.lt\/wp-content\/uploads\/2025\/09\/TOOKY-TOY-igudziu-zaidimu-rinkinys-\u201ePaemimo-lazdeles-JoJo-vilkelis-\u201eElephant-46-vnt.jpg","datePublished":"2026-02-26T07:27:58+00:00","dateModified":"2026-04-07T07:43:44+00:00","description":"TOOKY TOY \u012fg\u016bd\u017ei\u0173 \u017eaidim\u0173 rinkinys \u201ePa\u0117mimo lazdel\u0117s\u201c JoJo vilkelis \u201eElephant\u201c 46 vnt. - KidsPlay. Did\u017eiausias vaik\u0173 \u017eaisl\u0173 pasirinkimas.","breadcrumb":{"@id":"https:\/\/kidsplay.lt\/produktas\/tooky-toy-igudziu-zaidimu-rinkinys-paemimo-lazdeles-jojo-vilkelis-elephant-46-vnt\/#breadcrumb"},"inLanguage":"lv-LV","potentialAction":[{"@type":"ReadAction","target":["https:\/\/kidsplay.lt\/produktas\/tooky-toy-igudziu-zaidimu-rinkinys-paemimo-lazdeles-jojo-vilkelis-elephant-46-vnt\/"]}]},{"@type":"ImageObject","inLanguage":"lv-LV","@id":"https:\/\/kidsplay.lt\/produktas\/tooky-toy-igudziu-zaidimu-rinkinys-paemimo-lazdeles-jojo-vilkelis-elephant-46-vnt\/#primaryimage","url":"https:\/\/kidsplay.lt\/wp-content\/uploads\/2025\/09\/TOOKY-TOY-igudziu-zaidimu-rinkinys-\u201ePaemimo-lazdeles-JoJo-vilkelis-\u201eElephant-46-vnt.jpg","contentUrl":"https:\/\/kidsplay.lt\/wp-content\/uploads\/2025\/09\/TOOKY-TOY-igudziu-zaidimu-rinkinys-\u201ePaemimo-lazdeles-JoJo-vilkelis-\u201eElephant-46-vnt.jpg","width":2560,"height":2560,"caption":"TOOKY TOY \u012fg\u016bd\u017ei\u0173 \u017eaidim\u0173 rinkinys \u201ePa\u0117mimo lazdel\u0117s\u201c JoJo vilkelis \u201eElephant\u201c 46 vnt."},{"@type":"BreadcrumbList","@id":"https:\/\/kidsplay.lt\/produktas\/tooky-toy-igudziu-zaidimu-rinkinys-paemimo-lazdeles-jojo-vilkelis-elephant-46-vnt\/#breadcrumb","itemListElement":[{"@type":"ListItem","position":1,"name":"Pagrindinis","item":"https:\/\/kidsplay.lt\/"},{"@type":"ListItem","position":2,"name":"Parduotuv\u0117","item":"https:\/\/kidsplay.lt\/parduotuve\/"},{"@type":"ListItem","position":3,"name":"TOOKY TOY \u012fg\u016bd\u017ei\u0173 \u017eaidim\u0173 rinkinys \u201ePa\u0117mimo lazdel\u0117s\u201c JoJo vilkelis \u201eElephant\u201c 46 vnt."}]},{"@type":"WebSite","@id":"https:\/\/kidsplay.lt\/#website","url":"https:\/\/kidsplay.lt\/","name":"B\u0113rnu sp\u0113les.lv","description":"\u012evairios prek\u0117s vaikams","publisher":{"@id":"https:\/\/kidsplay.lt\/#organization"},"alternateName":"Kidsplay","potentialAction":[{"@type":"SearchAction","target":{"@type":"EntryPoint","urlTemplate":"https:\/\/kidsplay.lt\/?s={search_term_string}"},"query-input":{"@type":"PropertyValueSpecification","valueRequired":true,"valueName":"search_term_string"}}],"inLanguage":"lv-LV"},{"@type":"Organization","@id":"https:\/\/kidsplay.lt\/#organization","name":"B\u0113rnu sp\u0113le","url":"https:\/\/kidsplay.lt\/","logo":{"@type":"ImageObject","inLanguage":"lv-LV","@id":"https:\/\/kidsplay.lt\/#\/schema\/logo\/image\/","url":"https:\/\/kidsplay.lt\/wp-content\/uploads\/2023\/07\/kidsplay-logo.png","contentUrl":"https:\/\/kidsplay.lt\/wp-content\/uploads\/2023\/07\/kidsplay-logo.png","width":451,"height":98,"caption":"KidsPlay"},"image":{"@id":"https:\/\/kidsplay.lt\/#\/schema\/logo\/image\/"},"sameAs":["https:\/\/www.facebook.com\/www.kidsplay.lt"]}]}},"_links":{"self":[{"href":"https:\/\/kidsplay.lt\/lv\/wp-json\/wp\/v2\/product\/89712","targetHints":{"allow":["GET"]}}],"collection":[{"href":"https:\/\/kidsplay.lt\/lv\/wp-json\/wp\/v2\/product"}],"about":[{"href":"https:\/\/kidsplay.lt\/lv\/wp-json\/wp\/v2\/types\/product"}],"version-history":[{"count":1,"href":"https:\/\/kidsplay.lt\/lv\/wp-json\/wp\/v2\/product\/89712\/revisions"}],"predecessor-version":[{"id":89713,"href":"https:\/\/kidsplay.lt\/lv\/wp-json\/wp\/v2\/product\/89712\/revisions\/89713"}],"wp:featuredmedia":[{"embeddable":true,"href":"https:\/\/kidsplay.lt\/lv\/wp-json\/wp\/v2\/media\/67113"}],"wp:attachment":[{"href":"https:\/\/kidsplay.lt\/lv\/wp-json\/wp\/v2\/media?parent=89712"}],"wp:term":[{"taxonomy":"product_brand","embeddable":true,"href":"https:\/\/kidsplay.lt\/lv\/wp-json\/wp\/v2\/product_brand?post=89712"},{"taxonomy":"product_cat","embeddable":true,"href":"https:\/\/kidsplay.lt\/lv\/wp-json\/wp\/v2\/product_cat?post=89712"},{"taxonomy":"product_tag","embeddable":true,"href":"https:\/\/kidsplay.lt\/lv\/wp-json\/wp\/v2\/product_tag?post=89712"}],"curies":[{"name":"wp","href":"https:\/\/api.w.org\/{rel}","templated":true}]}}