{"id":89718,"date":"2026-02-26T09:28:06","date_gmt":"2026-02-26T07:28:06","guid":{"rendered":"https:\/\/kidsplay.lt\/produktas\/medine-sensorine-manipuliacine-lenta\/"},"modified":"2026-04-07T10:43:51","modified_gmt":"2026-04-07T07:43:51","slug":"medine-sensorine-manipuliacine-lenta","status":"publish","type":"product","link":"https:\/\/kidsplay.lt\/lv\/products\/medine-sensorine-manipuliacine-lenta\/","title":{"rendered":"Medin\u0117 sensorin\u0117 &#8211; manipuliacin\u0117 lenta"},"content":{"rendered":"<p>Spalvinga Viga Toys Manipuliacin\u0117 lenta Triceratops\u00a0yra\u00a0medinis\u00a0,\u00a0daugiafunkcis sieninis \u017eaislas\u00a0, kuris suteiks vaikams daug valand\u0173 smagiai praleisti laik\u0105 ir mokytis. Lenta yra \u017eaislas, ant kurio vienu metu gali \u017eaisti keli vaikai. Tai apima tokias veiklas kaip\u00a0krumpliara\u010diai, variklio kilpa su\u00a0karoliuk\u0173 paleidimo \u012ftaisu,\u00a0stumdomas\u00a0labirintas\u00a0su kiau\u0161iniais, kuriuos galima atidaryti\u00a0,\u00a0ksilofonas\u00a0,\u00a0gongas\u00a0ir\u00a0besisukan\u010dios dinozauro akys\u00a0. Puikus \u017eaisl\u0173 derinys mokykloms, dar\u017eeliams, mokslo centrams ir vie\u0161osioms vietoms.<\/p>\n<p>Charakteristika:<\/p>\n<p> \t&#8211;\u00a0\u017daislas\u00a0nuo 3 met\u0173<\/p>\n<p> \t&#8211; Triceratopso formos\u00a0medin\u0117 jutimo ir manipuliavimo lenta pritraukia d\u0117mes\u012f ir skatina \u017eaisti<br \/>\n \t\u2013 Ant kar\u010di\u0173 yra\u00a0vaivoryk\u0161tinis ksilofonas\u00a0su\u00a0lazdele\u00a0ir\u00a0gongu<\/p>\n<p> \t&#8211; Medin\u0117s ranken\u0117l\u0117s\u00a0d\u0117ka\u00a0galite\u00a0pakeisti\u00a0dinozauro\u00a0akis<br \/>\n \t&#8211; Centrin\u0117je dalyje yra\u00a0slankiojantis labirintas su 5 atsiverian\u010diais kiau\u0161iniais,\u00a0viename i\u0161 j\u0173 yra veidrodis ir 4 ma\u017ei dinozaurai<br \/>\n \t&#8211;\u00a0Krumpliara\u010diai\u00a0su kamuoliukais dideliame apskritime<br \/>\n \t&#8211; Ant uodegos yra\u00a0variklio kilpa\u00a0ir\u00a0karoliuk\u0173 paleidimo priemon\u0117<br \/>\n \t&#8211;\u00a0Gaminys pagamintas i\u0161\u00a0auk\u0161tos kokyb\u0117s lakuotos medienos\u00a0ir nuda\u017eytas\u00a0netoksi\u0161kais da\u017eais\u00a0.<br \/>\n \t\u2013\u00a0\u0160i lenta atitinka\u00a0Montessori principus<\/p>\n<p>\u017daislas vysto:<\/p>\n<p> \t&#8211;\u00a0Motoriniai \u012fg\u016bd\u017eiai<br \/>\n \t&#8211;\u00a0Motorin\u0117 ir reg\u0117jimo koordinacija<br \/>\n \t\u2013\u00a0K\u016brybi\u0161kumas<br \/>\n \t&#8211;\u00a0Savaranki\u0161kumas ir tikslumas<\/p>","protected":false},"excerpt":{"rendered":"<p>Spalvinga Viga Toys Manipuliacin\u0117 lenta Triceratops\u00a0yra\u00a0medinis\u00a0,\u00a0daugiafunkcis sieninis \u017eaislas\u00a0, kuris suteiks vaikams daug valand\u0173 smagiai praleisti laik\u0105 ir mokytis. Lenta yra<\/p>","protected":false},"featured_media":58281,"template":"","meta":{"_acf_changed":false,"_glsr_average":0,"_glsr_ranking":0,"_glsr_reviews":0},"product_brand":[],"product_cat":[549],"product_tag":[],"class_list":{"0":"post-89718","1":"product","2":"type-product","3":"status-publish","4":"has-post-thumbnail","6":"product_cat-manipuliacines-lentos","7":"\"style=\"background-color: #2ecc711c;\"","9":"first","10":"instock","11":"purchasable","12":"product-type-simple"},"acf":[],"yoast_head":"<!-- This site is optimized with the Yoast SEO plugin v27.3 - https:\/\/yoast.com\/product\/yoast-seo-wordpress\/ -->\n<title>Medin\u0117 sensorin\u0117 &#8211; manipuliacin\u0117 lenta<\/title>\n<meta name=\"description\" content=\"Medin\u0117 sensorin\u0117 &#8211; manipuliacin\u0117 lenta - KidsPlay. Did\u017eiausias vaik\u0173 \u017eaisl\u0173 pasirinkimas.\" \/>\n<meta name=\"robots\" content=\"index, follow, max-snippet:-1, max-image-preview:large, max-video-preview:-1\" \/>\n<link rel=\"canonical\" href=\"https:\/\/kidsplay.lt\/lv\/products\/medine-sensorine-manipuliacine-lenta\/\" \/>\n<meta property=\"og:locale\" content=\"lv_LV\" \/>\n<meta property=\"og:type\" content=\"article\" \/>\n<meta property=\"og:title\" content=\"Medin\u0117 sensorin\u0117 &#8211; manipuliacin\u0117 lenta\" \/>\n<meta property=\"og:description\" content=\"Medin\u0117 sensorin\u0117 &#8211; manipuliacin\u0117 lenta - KidsPlay. Did\u017eiausias vaik\u0173 \u017eaisl\u0173 pasirinkimas.\" \/>\n<meta property=\"og:url\" content=\"https:\/\/kidsplay.lt\/lv\/products\/medine-sensorine-manipuliacine-lenta\/\" \/>\n<meta property=\"og:site_name\" content=\"KidsPlay\" \/>\n<meta property=\"article:publisher\" content=\"https:\/\/www.facebook.com\/www.kidsplay.lt\" \/>\n<meta property=\"article:modified_time\" content=\"2026-04-07T07:43:51+00:00\" \/>\n<meta property=\"og:image\" content=\"https:\/\/kidsplay.lt\/wp-content\/uploads\/2024\/11\/Medine-sensorine-8211-manipuliacine-lenta.jpg\" \/>\n\t<meta property=\"og:image:width\" content=\"2560\" \/>\n\t<meta property=\"og:image:height\" content=\"2560\" \/>\n\t<meta property=\"og:image:type\" content=\"image\/jpeg\" \/>\n<meta name=\"twitter:card\" content=\"summary_large_image\" \/>\n<meta name=\"twitter:label1\" content=\"Est. reading time\" \/>\n\t<meta name=\"twitter:data1\" content=\"1 min\u016bte\" \/>\n<script type=\"application\/ld+json\" class=\"yoast-schema-graph\">{\"@context\":\"https:\\\/\\\/schema.org\",\"@graph\":[{\"@type\":\"WebPage\",\"@id\":\"https:\\\/\\\/kidsplay.lt\\\/produktas\\\/medine-sensorine-manipuliacine-lenta\\\/\",\"url\":\"https:\\\/\\\/kidsplay.lt\\\/produktas\\\/medine-sensorine-manipuliacine-lenta\\\/\",\"name\":\"Medin\u0117 sensorin\u0117 &#8211; manipuliacin\u0117 lenta\",\"isPartOf\":{\"@id\":\"https:\\\/\\\/kidsplay.lt\\\/#website\"},\"primaryImageOfPage\":{\"@id\":\"https:\\\/\\\/kidsplay.lt\\\/produktas\\\/medine-sensorine-manipuliacine-lenta\\\/#primaryimage\"},\"image\":{\"@id\":\"https:\\\/\\\/kidsplay.lt\\\/produktas\\\/medine-sensorine-manipuliacine-lenta\\\/#primaryimage\"},\"thumbnailUrl\":\"https:\\\/\\\/kidsplay.lt\\\/wp-content\\\/uploads\\\/2024\\\/11\\\/Medine-sensorine-8211-manipuliacine-lenta.jpg\",\"datePublished\":\"2026-02-26T07:28:06+00:00\",\"dateModified\":\"2026-04-07T07:43:51+00:00\",\"description\":\"Medin\u0117 sensorin\u0117 &#8211; manipuliacin\u0117 lenta - KidsPlay. Did\u017eiausias vaik\u0173 \u017eaisl\u0173 pasirinkimas.\",\"breadcrumb\":{\"@id\":\"https:\\\/\\\/kidsplay.lt\\\/produktas\\\/medine-sensorine-manipuliacine-lenta\\\/#breadcrumb\"},\"inLanguage\":\"lv-LV\",\"potentialAction\":[{\"@type\":\"ReadAction\",\"target\":[\"https:\\\/\\\/kidsplay.lt\\\/produktas\\\/medine-sensorine-manipuliacine-lenta\\\/\"]}]},{\"@type\":\"ImageObject\",\"inLanguage\":\"lv-LV\",\"@id\":\"https:\\\/\\\/kidsplay.lt\\\/produktas\\\/medine-sensorine-manipuliacine-lenta\\\/#primaryimage\",\"url\":\"https:\\\/\\\/kidsplay.lt\\\/wp-content\\\/uploads\\\/2024\\\/11\\\/Medine-sensorine-8211-manipuliacine-lenta.jpg\",\"contentUrl\":\"https:\\\/\\\/kidsplay.lt\\\/wp-content\\\/uploads\\\/2024\\\/11\\\/Medine-sensorine-8211-manipuliacine-lenta.jpg\",\"width\":2560,\"height\":2560,\"caption\":\"Medin\u0117 sensorin\u0117 &#8211; manipuliacin\u0117 lenta\"},{\"@type\":\"BreadcrumbList\",\"@id\":\"https:\\\/\\\/kidsplay.lt\\\/produktas\\\/medine-sensorine-manipuliacine-lenta\\\/#breadcrumb\",\"itemListElement\":[{\"@type\":\"ListItem\",\"position\":1,\"name\":\"Pagrindinis\",\"item\":\"https:\\\/\\\/kidsplay.lt\\\/\"},{\"@type\":\"ListItem\",\"position\":2,\"name\":\"Parduotuv\u0117\",\"item\":\"https:\\\/\\\/kidsplay.lt\\\/parduotuve\\\/\"},{\"@type\":\"ListItem\",\"position\":3,\"name\":\"Medin\u0117 sensorin\u0117 &#8211; manipuliacin\u0117 lenta\"}]},{\"@type\":\"WebSite\",\"@id\":\"https:\\\/\\\/kidsplay.lt\\\/#website\",\"url\":\"https:\\\/\\\/kidsplay.lt\\\/\",\"name\":\"Kidsplay.lt\",\"description\":\"\u012evairios prek\u0117s vaikams\",\"publisher\":{\"@id\":\"https:\\\/\\\/kidsplay.lt\\\/#organization\"},\"alternateName\":\"Kidsplay\",\"potentialAction\":[{\"@type\":\"SearchAction\",\"target\":{\"@type\":\"EntryPoint\",\"urlTemplate\":\"https:\\\/\\\/kidsplay.lt\\\/?s={search_term_string}\"},\"query-input\":{\"@type\":\"PropertyValueSpecification\",\"valueRequired\":true,\"valueName\":\"search_term_string\"}}],\"inLanguage\":\"lv-LV\"},{\"@type\":\"Organization\",\"@id\":\"https:\\\/\\\/kidsplay.lt\\\/#organization\",\"name\":\"KidsPlay\",\"url\":\"https:\\\/\\\/kidsplay.lt\\\/\",\"logo\":{\"@type\":\"ImageObject\",\"inLanguage\":\"lv-LV\",\"@id\":\"https:\\\/\\\/kidsplay.lt\\\/#\\\/schema\\\/logo\\\/image\\\/\",\"url\":\"https:\\\/\\\/kidsplay.lt\\\/wp-content\\\/uploads\\\/2023\\\/07\\\/kidsplay-logo.png\",\"contentUrl\":\"https:\\\/\\\/kidsplay.lt\\\/wp-content\\\/uploads\\\/2023\\\/07\\\/kidsplay-logo.png\",\"width\":451,\"height\":98,\"caption\":\"KidsPlay\"},\"image\":{\"@id\":\"https:\\\/\\\/kidsplay.lt\\\/#\\\/schema\\\/logo\\\/image\\\/\"},\"sameAs\":[\"https:\\\/\\\/www.facebook.com\\\/www.kidsplay.lt\"]}]}<\/script>\n<!-- \/ Yoast SEO plugin. -->","yoast_head_json":{"title":"Medin\u0117 sensorin\u0117 &#8211; manipuliacin\u0117 lenta","description":"Medin\u0117 sensorin\u0117 &#8211; manipuliacin\u0117 lenta - KidsPlay. Did\u017eiausias vaik\u0173 \u017eaisl\u0173 pasirinkimas.","robots":{"index":"index","follow":"follow","max-snippet":"max-snippet:-1","max-image-preview":"max-image-preview:large","max-video-preview":"max-video-preview:-1"},"canonical":"https:\/\/kidsplay.lt\/lv\/products\/medine-sensorine-manipuliacine-lenta\/","og_locale":"lv_LV","og_type":"article","og_title":"Medin\u0117 sensorin\u0117 &#8211; manipuliacin\u0117 lenta","og_description":"Medin\u0117 sensorin\u0117 &#8211; manipuliacin\u0117 lenta - KidsPlay. Did\u017eiausias vaik\u0173 \u017eaisl\u0173 pasirinkimas.","og_url":"https:\/\/kidsplay.lt\/lv\/products\/medine-sensorine-manipuliacine-lenta\/","og_site_name":"KidsPlay","article_publisher":"https:\/\/www.facebook.com\/www.kidsplay.lt","article_modified_time":"2026-04-07T07:43:51+00:00","og_image":[{"width":2560,"height":2560,"url":"https:\/\/kidsplay.lt\/wp-content\/uploads\/2024\/11\/Medine-sensorine-8211-manipuliacine-lenta.jpg","type":"image\/jpeg"}],"twitter_card":"summary_large_image","twitter_misc":{"Est. reading time":"1 min\u016bte"},"schema":{"@context":"https:\/\/schema.org","@graph":[{"@type":"WebPage","@id":"https:\/\/kidsplay.lt\/produktas\/medine-sensorine-manipuliacine-lenta\/","url":"https:\/\/kidsplay.lt\/produktas\/medine-sensorine-manipuliacine-lenta\/","name":"Medin\u0117 sensorin\u0117 &#8211; manipuliacin\u0117 lenta","isPartOf":{"@id":"https:\/\/kidsplay.lt\/#website"},"primaryImageOfPage":{"@id":"https:\/\/kidsplay.lt\/produktas\/medine-sensorine-manipuliacine-lenta\/#primaryimage"},"image":{"@id":"https:\/\/kidsplay.lt\/produktas\/medine-sensorine-manipuliacine-lenta\/#primaryimage"},"thumbnailUrl":"https:\/\/kidsplay.lt\/wp-content\/uploads\/2024\/11\/Medine-sensorine-8211-manipuliacine-lenta.jpg","datePublished":"2026-02-26T07:28:06+00:00","dateModified":"2026-04-07T07:43:51+00:00","description":"Medin\u0117 sensorin\u0117 &#8211; manipuliacin\u0117 lenta - KidsPlay. Did\u017eiausias vaik\u0173 \u017eaisl\u0173 pasirinkimas.","breadcrumb":{"@id":"https:\/\/kidsplay.lt\/produktas\/medine-sensorine-manipuliacine-lenta\/#breadcrumb"},"inLanguage":"lv-LV","potentialAction":[{"@type":"ReadAction","target":["https:\/\/kidsplay.lt\/produktas\/medine-sensorine-manipuliacine-lenta\/"]}]},{"@type":"ImageObject","inLanguage":"lv-LV","@id":"https:\/\/kidsplay.lt\/produktas\/medine-sensorine-manipuliacine-lenta\/#primaryimage","url":"https:\/\/kidsplay.lt\/wp-content\/uploads\/2024\/11\/Medine-sensorine-8211-manipuliacine-lenta.jpg","contentUrl":"https:\/\/kidsplay.lt\/wp-content\/uploads\/2024\/11\/Medine-sensorine-8211-manipuliacine-lenta.jpg","width":2560,"height":2560,"caption":"Medin\u0117 sensorin\u0117 &#8211; manipuliacin\u0117 lenta"},{"@type":"BreadcrumbList","@id":"https:\/\/kidsplay.lt\/produktas\/medine-sensorine-manipuliacine-lenta\/#breadcrumb","itemListElement":[{"@type":"ListItem","position":1,"name":"Pagrindinis","item":"https:\/\/kidsplay.lt\/"},{"@type":"ListItem","position":2,"name":"Parduotuv\u0117","item":"https:\/\/kidsplay.lt\/parduotuve\/"},{"@type":"ListItem","position":3,"name":"Medin\u0117 sensorin\u0117 &#8211; manipuliacin\u0117 lenta"}]},{"@type":"WebSite","@id":"https:\/\/kidsplay.lt\/#website","url":"https:\/\/kidsplay.lt\/","name":"B\u0113rnu sp\u0113les.lv","description":"\u012evairios prek\u0117s vaikams","publisher":{"@id":"https:\/\/kidsplay.lt\/#organization"},"alternateName":"Kidsplay","potentialAction":[{"@type":"SearchAction","target":{"@type":"EntryPoint","urlTemplate":"https:\/\/kidsplay.lt\/?s={search_term_string}"},"query-input":{"@type":"PropertyValueSpecification","valueRequired":true,"valueName":"search_term_string"}}],"inLanguage":"lv-LV"},{"@type":"Organization","@id":"https:\/\/kidsplay.lt\/#organization","name":"B\u0113rnu sp\u0113le","url":"https:\/\/kidsplay.lt\/","logo":{"@type":"ImageObject","inLanguage":"lv-LV","@id":"https:\/\/kidsplay.lt\/#\/schema\/logo\/image\/","url":"https:\/\/kidsplay.lt\/wp-content\/uploads\/2023\/07\/kidsplay-logo.png","contentUrl":"https:\/\/kidsplay.lt\/wp-content\/uploads\/2023\/07\/kidsplay-logo.png","width":451,"height":98,"caption":"KidsPlay"},"image":{"@id":"https:\/\/kidsplay.lt\/#\/schema\/logo\/image\/"},"sameAs":["https:\/\/www.facebook.com\/www.kidsplay.lt"]}]}},"_links":{"self":[{"href":"https:\/\/kidsplay.lt\/lv\/wp-json\/wp\/v2\/product\/89718","targetHints":{"allow":["GET"]}}],"collection":[{"href":"https:\/\/kidsplay.lt\/lv\/wp-json\/wp\/v2\/product"}],"about":[{"href":"https:\/\/kidsplay.lt\/lv\/wp-json\/wp\/v2\/types\/product"}],"version-history":[{"count":1,"href":"https:\/\/kidsplay.lt\/lv\/wp-json\/wp\/v2\/product\/89718\/revisions"}],"predecessor-version":[{"id":89719,"href":"https:\/\/kidsplay.lt\/lv\/wp-json\/wp\/v2\/product\/89718\/revisions\/89719"}],"wp:featuredmedia":[{"embeddable":true,"href":"https:\/\/kidsplay.lt\/lv\/wp-json\/wp\/v2\/media\/58281"}],"wp:attachment":[{"href":"https:\/\/kidsplay.lt\/lv\/wp-json\/wp\/v2\/media?parent=89718"}],"wp:term":[{"taxonomy":"product_brand","embeddable":true,"href":"https:\/\/kidsplay.lt\/lv\/wp-json\/wp\/v2\/product_brand?post=89718"},{"taxonomy":"product_cat","embeddable":true,"href":"https:\/\/kidsplay.lt\/lv\/wp-json\/wp\/v2\/product_cat?post=89718"},{"taxonomy":"product_tag","embeddable":true,"href":"https:\/\/kidsplay.lt\/lv\/wp-json\/wp\/v2\/product_tag?post=89718"}],"curies":[{"name":"wp","href":"https:\/\/api.w.org\/{rel}","templated":true}]}}