{"id":89720,"date":"2026-02-26T09:28:10","date_gmt":"2026-02-26T07:28:10","guid":{"rendered":"https:\/\/kidsplay.lt\/produktas\/viga-medinis-sensorines-manipuliacijos-lenta-edu-traukinys\/"},"modified":"2026-04-07T10:43:55","modified_gmt":"2026-04-07T07:43:55","slug":"viga-medinis-sensorines-manipuliacijos-lenta-edu-traukinys","status":"publish","type":"product","link":"https:\/\/kidsplay.lt\/lv\/products\/viga-medinis-sensorines-manipuliacijos-lenta-edu-traukinys\/","title":{"rendered":"VIGA koka sensor\u0101s manipul\u0101cijas t\u0101feles EDU vilciens"},"content":{"rendered":"<p>Spalvingas \u201eViga Toys\u201c\u00a0\u017eaislinis traukinukas\u00a0yra medinis,\u00a0daugiafunkcis, prie sienos tvirtinamas \u017eaislas\u00a0, kuris suteiks vaikams valand\u0173 valandas pramog\u0173 ir mokymosi. \u017daisl\u0105 sudaro trys skirtingos dalys:\u00a0raudonas lokomotyvas\u00a0su krumpliara\u010diais, girnapus\u0117 ir veidrodis;\u00a0m\u0117lynas vagonas\u00a0su cimbolais, variklio kilpa ir karoliuk\u0173 paleidimo \u012frenginiu; ir\u00a0\u017ealias vagonas\u00a0su interaktyviu slankiojan\u010diu traukinuku ir besisukan\u010diais kalad\u0117l\u0117mis, vaizduojan\u010diomis garsius objektus. Kiekvienoje dalyje si\u016bloma \u012fvairi\u0173 veikl\u0173, kurios stimuliuoja ma\u017eyli\u0173 poj\u016b\u010dius ir \u012fg\u016bd\u017eius, kartu suteikdamos jiems daug d\u017eiaugsmo.<\/p>\n<p>Rakstur\u012bgs:<\/p>\n<p> \t&#8211;\u00a0\u017daislas\u00a0nuo 3 met\u0173 am\u017eiaus<\/p>\n<p> \t&#8211; Medin\u0117 sensorin\u0117 ir manipuliavimo lenta\u00a0traukinio formos patraukia d\u0117mes\u012f ir skatina \u017eaisti.<br \/>\n \t&#8211;\u00a0Raudonas lokomotyvas\u00a0su krumpliara\u010diais, mal\u016bno ratu ir veidrod\u017eiu.<br \/>\n \t&#8211;\u00a0M\u0117lynas vagonas\u00a0su cimbolais, variklio kilpa ir karoliuk\u0173 paleidimo \u012frenginiu.<br \/>\n \t&#8211;\u00a0\u017dalias vagonas\u00a0su interaktyviu slankiojan\u010diu gele\u017einkeliu ir besisukan\u010diais kalad\u0117l\u0117mis, vaizduojan\u010diomis \u017eymias vietas.<br \/>\n \t&#8211;\u00a0Produktas pagamintas i\u0161\u00a0auk\u0161tos kokyb\u0117s lakuotos medienos\u00a0ir da\u017eytas\u00a0netoksi\u0161kais da\u017eais\u00a0.<br \/>\n \t&#8211;\u00a0Tai lenta, kuri atitinka\u00a0Montessori principus<\/p>\n<p>Rota\u013clieta att\u012bst\u0101s:<\/p>\n<p> \t&#8211;\u00a0Motoriniai \u012fg\u016bd\u017eiai<br \/>\n \t&#8211;\u00a0Rank\u0173 ir aki\u0173 koordinacija<br \/>\n \t&#8211;\u00a0K\u016brybi\u0161kumas<br \/>\n \t&#8211;\u00a0Savaranki\u0161kumas ir tikslumas<\/p>","protected":false},"excerpt":{"rendered":"<p>Spalvingas \u201eViga Toys\u201c\u00a0\u017eaislinis traukinukas\u00a0yra medinis,\u00a0daugiafunkcis, prie sienos tvirtinamas \u017eaislas\u00a0, kuris suteiks vaikams valand\u0173 valandas pramog\u0173 ir mokymosi. \u017daisl\u0105 sudaro trys<\/p>","protected":false},"featured_media":62590,"template":"","meta":{"_acf_changed":false,"_glsr_average":0,"_glsr_ranking":0,"_glsr_reviews":0},"product_brand":[],"product_cat":[673,229],"product_tag":[],"class_list":{"0":"post-89720","1":"product","2":"type-product","3":"status-publish","4":"has-post-thumbnail","6":"product_cat-ugdomosios-priemones","7":"product_cat-zaislai-vaikams","8":"\"style=\"background-color: #2ecc711c;\"","10":"first","11":"instock","12":"purchasable","13":"product-type-simple"},"acf":[],"yoast_head":"<!-- This site is optimized with the Yoast SEO plugin v27.3 - https:\/\/yoast.com\/product\/yoast-seo-wordpress\/ -->\n<title>VIGA medinis sensorin\u0117s manipuliacijos lenta EDU traukinys<\/title>\n<meta name=\"description\" content=\"VIGA medinis sensorin\u0117s manipuliacijos lenta EDU traukinys - KidsPlay. Did\u017eiausias vaik\u0173 \u017eaisl\u0173 pasirinkimas.\" \/>\n<meta name=\"robots\" content=\"index, follow, max-snippet:-1, max-image-preview:large, max-video-preview:-1\" \/>\n<link rel=\"canonical\" href=\"https:\/\/kidsplay.lt\/lv\/products\/viga-medinis-sensorines-manipuliacijos-lenta-edu-traukinys\/\" \/>\n<meta property=\"og:locale\" content=\"lv_LV\" \/>\n<meta property=\"og:type\" content=\"article\" \/>\n<meta property=\"og:title\" content=\"VIGA medinis sensorin\u0117s manipuliacijos lenta EDU traukinys\" \/>\n<meta property=\"og:description\" content=\"VIGA medinis sensorin\u0117s manipuliacijos lenta EDU traukinys - KidsPlay. Did\u017eiausias vaik\u0173 \u017eaisl\u0173 pasirinkimas.\" \/>\n<meta property=\"og:url\" content=\"https:\/\/kidsplay.lt\/lv\/products\/viga-medinis-sensorines-manipuliacijos-lenta-edu-traukinys\/\" \/>\n<meta property=\"og:site_name\" content=\"KidsPlay\" \/>\n<meta property=\"article:publisher\" content=\"https:\/\/www.facebook.com\/www.kidsplay.lt\" \/>\n<meta property=\"article:modified_time\" content=\"2026-04-07T07:43:55+00:00\" \/>\n<meta property=\"og:image\" content=\"https:\/\/kidsplay.lt\/wp-content\/uploads\/2025\/09\/VIGA-medinis-sensorines-manipuliacijos-lenta-EDU-traukinys.jpg\" \/>\n\t<meta property=\"og:image:width\" content=\"2500\" \/>\n\t<meta property=\"og:image:height\" content=\"2500\" \/>\n\t<meta property=\"og:image:type\" content=\"image\/jpeg\" \/>\n<meta name=\"twitter:card\" content=\"summary_large_image\" \/>\n<meta name=\"twitter:label1\" content=\"Est. reading time\" \/>\n\t<meta name=\"twitter:data1\" content=\"1 min\u016bte\" \/>\n<script type=\"application\/ld+json\" class=\"yoast-schema-graph\">{\"@context\":\"https:\\\/\\\/schema.org\",\"@graph\":[{\"@type\":\"WebPage\",\"@id\":\"https:\\\/\\\/kidsplay.lt\\\/produktas\\\/viga-medinis-sensorines-manipuliacijos-lenta-edu-traukinys\\\/\",\"url\":\"https:\\\/\\\/kidsplay.lt\\\/produktas\\\/viga-medinis-sensorines-manipuliacijos-lenta-edu-traukinys\\\/\",\"name\":\"VIGA medinis sensorin\u0117s manipuliacijos lenta EDU traukinys\",\"isPartOf\":{\"@id\":\"https:\\\/\\\/kidsplay.lt\\\/#website\"},\"primaryImageOfPage\":{\"@id\":\"https:\\\/\\\/kidsplay.lt\\\/produktas\\\/viga-medinis-sensorines-manipuliacijos-lenta-edu-traukinys\\\/#primaryimage\"},\"image\":{\"@id\":\"https:\\\/\\\/kidsplay.lt\\\/produktas\\\/viga-medinis-sensorines-manipuliacijos-lenta-edu-traukinys\\\/#primaryimage\"},\"thumbnailUrl\":\"https:\\\/\\\/kidsplay.lt\\\/wp-content\\\/uploads\\\/2025\\\/09\\\/VIGA-medinis-sensorines-manipuliacijos-lenta-EDU-traukinys.jpg\",\"datePublished\":\"2026-02-26T07:28:10+00:00\",\"dateModified\":\"2026-04-07T07:43:55+00:00\",\"description\":\"VIGA medinis sensorin\u0117s manipuliacijos lenta EDU traukinys - KidsPlay. Did\u017eiausias vaik\u0173 \u017eaisl\u0173 pasirinkimas.\",\"breadcrumb\":{\"@id\":\"https:\\\/\\\/kidsplay.lt\\\/produktas\\\/viga-medinis-sensorines-manipuliacijos-lenta-edu-traukinys\\\/#breadcrumb\"},\"inLanguage\":\"lv-LV\",\"potentialAction\":[{\"@type\":\"ReadAction\",\"target\":[\"https:\\\/\\\/kidsplay.lt\\\/produktas\\\/viga-medinis-sensorines-manipuliacijos-lenta-edu-traukinys\\\/\"]}]},{\"@type\":\"ImageObject\",\"inLanguage\":\"lv-LV\",\"@id\":\"https:\\\/\\\/kidsplay.lt\\\/produktas\\\/viga-medinis-sensorines-manipuliacijos-lenta-edu-traukinys\\\/#primaryimage\",\"url\":\"https:\\\/\\\/kidsplay.lt\\\/wp-content\\\/uploads\\\/2025\\\/09\\\/VIGA-medinis-sensorines-manipuliacijos-lenta-EDU-traukinys.jpg\",\"contentUrl\":\"https:\\\/\\\/kidsplay.lt\\\/wp-content\\\/uploads\\\/2025\\\/09\\\/VIGA-medinis-sensorines-manipuliacijos-lenta-EDU-traukinys.jpg\",\"width\":2500,\"height\":2500,\"caption\":\"VIGA medinis sensorin\u0117s manipuliacijos lenta EDU traukinys\"},{\"@type\":\"BreadcrumbList\",\"@id\":\"https:\\\/\\\/kidsplay.lt\\\/produktas\\\/viga-medinis-sensorines-manipuliacijos-lenta-edu-traukinys\\\/#breadcrumb\",\"itemListElement\":[{\"@type\":\"ListItem\",\"position\":1,\"name\":\"Pagrindinis\",\"item\":\"https:\\\/\\\/kidsplay.lt\\\/\"},{\"@type\":\"ListItem\",\"position\":2,\"name\":\"Parduotuv\u0117\",\"item\":\"https:\\\/\\\/kidsplay.lt\\\/parduotuve\\\/\"},{\"@type\":\"ListItem\",\"position\":3,\"name\":\"VIGA medinis sensorin\u0117s manipuliacijos lenta EDU traukinys\"}]},{\"@type\":\"WebSite\",\"@id\":\"https:\\\/\\\/kidsplay.lt\\\/#website\",\"url\":\"https:\\\/\\\/kidsplay.lt\\\/\",\"name\":\"Kidsplay.lt\",\"description\":\"\u012evairios prek\u0117s vaikams\",\"publisher\":{\"@id\":\"https:\\\/\\\/kidsplay.lt\\\/#organization\"},\"alternateName\":\"Kidsplay\",\"potentialAction\":[{\"@type\":\"SearchAction\",\"target\":{\"@type\":\"EntryPoint\",\"urlTemplate\":\"https:\\\/\\\/kidsplay.lt\\\/?s={search_term_string}\"},\"query-input\":{\"@type\":\"PropertyValueSpecification\",\"valueRequired\":true,\"valueName\":\"search_term_string\"}}],\"inLanguage\":\"lv-LV\"},{\"@type\":\"Organization\",\"@id\":\"https:\\\/\\\/kidsplay.lt\\\/#organization\",\"name\":\"KidsPlay\",\"url\":\"https:\\\/\\\/kidsplay.lt\\\/\",\"logo\":{\"@type\":\"ImageObject\",\"inLanguage\":\"lv-LV\",\"@id\":\"https:\\\/\\\/kidsplay.lt\\\/#\\\/schema\\\/logo\\\/image\\\/\",\"url\":\"https:\\\/\\\/kidsplay.lt\\\/wp-content\\\/uploads\\\/2023\\\/07\\\/kidsplay-logo.png\",\"contentUrl\":\"https:\\\/\\\/kidsplay.lt\\\/wp-content\\\/uploads\\\/2023\\\/07\\\/kidsplay-logo.png\",\"width\":451,\"height\":98,\"caption\":\"KidsPlay\"},\"image\":{\"@id\":\"https:\\\/\\\/kidsplay.lt\\\/#\\\/schema\\\/logo\\\/image\\\/\"},\"sameAs\":[\"https:\\\/\\\/www.facebook.com\\\/www.kidsplay.lt\"]}]}<\/script>\n<!-- \/ Yoast SEO plugin. -->","yoast_head_json":{"title":"VIGA koka sensor\u0101s manipul\u0101cijas t\u0101feles EDU vilciens","description":"VIGA medinis sensorin\u0117s manipuliacijos lenta EDU traukinys - KidsPlay. Did\u017eiausias vaik\u0173 \u017eaisl\u0173 pasirinkimas.","robots":{"index":"index","follow":"follow","max-snippet":"max-snippet:-1","max-image-preview":"max-image-preview:large","max-video-preview":"max-video-preview:-1"},"canonical":"https:\/\/kidsplay.lt\/lv\/products\/viga-medinis-sensorines-manipuliacijos-lenta-edu-traukinys\/","og_locale":"lv_LV","og_type":"article","og_title":"VIGA medinis sensorin\u0117s manipuliacijos lenta EDU traukinys","og_description":"VIGA medinis sensorin\u0117s manipuliacijos lenta EDU traukinys - KidsPlay. Did\u017eiausias vaik\u0173 \u017eaisl\u0173 pasirinkimas.","og_url":"https:\/\/kidsplay.lt\/lv\/products\/viga-medinis-sensorines-manipuliacijos-lenta-edu-traukinys\/","og_site_name":"KidsPlay","article_publisher":"https:\/\/www.facebook.com\/www.kidsplay.lt","article_modified_time":"2026-04-07T07:43:55+00:00","og_image":[{"width":2500,"height":2500,"url":"https:\/\/kidsplay.lt\/wp-content\/uploads\/2025\/09\/VIGA-medinis-sensorines-manipuliacijos-lenta-EDU-traukinys.jpg","type":"image\/jpeg"}],"twitter_card":"summary_large_image","twitter_misc":{"Est. reading time":"1 min\u016bte"},"schema":{"@context":"https:\/\/schema.org","@graph":[{"@type":"WebPage","@id":"https:\/\/kidsplay.lt\/produktas\/viga-medinis-sensorines-manipuliacijos-lenta-edu-traukinys\/","url":"https:\/\/kidsplay.lt\/produktas\/viga-medinis-sensorines-manipuliacijos-lenta-edu-traukinys\/","name":"VIGA koka sensor\u0101s manipul\u0101cijas t\u0101feles EDU vilciens","isPartOf":{"@id":"https:\/\/kidsplay.lt\/#website"},"primaryImageOfPage":{"@id":"https:\/\/kidsplay.lt\/produktas\/viga-medinis-sensorines-manipuliacijos-lenta-edu-traukinys\/#primaryimage"},"image":{"@id":"https:\/\/kidsplay.lt\/produktas\/viga-medinis-sensorines-manipuliacijos-lenta-edu-traukinys\/#primaryimage"},"thumbnailUrl":"https:\/\/kidsplay.lt\/wp-content\/uploads\/2025\/09\/VIGA-medinis-sensorines-manipuliacijos-lenta-EDU-traukinys.jpg","datePublished":"2026-02-26T07:28:10+00:00","dateModified":"2026-04-07T07:43:55+00:00","description":"VIGA medinis sensorin\u0117s manipuliacijos lenta EDU traukinys - KidsPlay. Did\u017eiausias vaik\u0173 \u017eaisl\u0173 pasirinkimas.","breadcrumb":{"@id":"https:\/\/kidsplay.lt\/produktas\/viga-medinis-sensorines-manipuliacijos-lenta-edu-traukinys\/#breadcrumb"},"inLanguage":"lv-LV","potentialAction":[{"@type":"ReadAction","target":["https:\/\/kidsplay.lt\/produktas\/viga-medinis-sensorines-manipuliacijos-lenta-edu-traukinys\/"]}]},{"@type":"ImageObject","inLanguage":"lv-LV","@id":"https:\/\/kidsplay.lt\/produktas\/viga-medinis-sensorines-manipuliacijos-lenta-edu-traukinys\/#primaryimage","url":"https:\/\/kidsplay.lt\/wp-content\/uploads\/2025\/09\/VIGA-medinis-sensorines-manipuliacijos-lenta-EDU-traukinys.jpg","contentUrl":"https:\/\/kidsplay.lt\/wp-content\/uploads\/2025\/09\/VIGA-medinis-sensorines-manipuliacijos-lenta-EDU-traukinys.jpg","width":2500,"height":2500,"caption":"VIGA medinis sensorin\u0117s manipuliacijos lenta EDU traukinys"},{"@type":"BreadcrumbList","@id":"https:\/\/kidsplay.lt\/produktas\/viga-medinis-sensorines-manipuliacijos-lenta-edu-traukinys\/#breadcrumb","itemListElement":[{"@type":"ListItem","position":1,"name":"Pagrindinis","item":"https:\/\/kidsplay.lt\/"},{"@type":"ListItem","position":2,"name":"Parduotuv\u0117","item":"https:\/\/kidsplay.lt\/parduotuve\/"},{"@type":"ListItem","position":3,"name":"VIGA medinis sensorin\u0117s manipuliacijos lenta EDU traukinys"}]},{"@type":"WebSite","@id":"https:\/\/kidsplay.lt\/#website","url":"https:\/\/kidsplay.lt\/","name":"B\u0113rnu sp\u0113les.lv","description":"\u012evairios prek\u0117s vaikams","publisher":{"@id":"https:\/\/kidsplay.lt\/#organization"},"alternateName":"Kidsplay","potentialAction":[{"@type":"SearchAction","target":{"@type":"EntryPoint","urlTemplate":"https:\/\/kidsplay.lt\/?s={search_term_string}"},"query-input":{"@type":"PropertyValueSpecification","valueRequired":true,"valueName":"search_term_string"}}],"inLanguage":"lv-LV"},{"@type":"Organization","@id":"https:\/\/kidsplay.lt\/#organization","name":"B\u0113rnu sp\u0113le","url":"https:\/\/kidsplay.lt\/","logo":{"@type":"ImageObject","inLanguage":"lv-LV","@id":"https:\/\/kidsplay.lt\/#\/schema\/logo\/image\/","url":"https:\/\/kidsplay.lt\/wp-content\/uploads\/2023\/07\/kidsplay-logo.png","contentUrl":"https:\/\/kidsplay.lt\/wp-content\/uploads\/2023\/07\/kidsplay-logo.png","width":451,"height":98,"caption":"KidsPlay"},"image":{"@id":"https:\/\/kidsplay.lt\/#\/schema\/logo\/image\/"},"sameAs":["https:\/\/www.facebook.com\/www.kidsplay.lt"]}]}},"_links":{"self":[{"href":"https:\/\/kidsplay.lt\/lv\/wp-json\/wp\/v2\/product\/89720","targetHints":{"allow":["GET"]}}],"collection":[{"href":"https:\/\/kidsplay.lt\/lv\/wp-json\/wp\/v2\/product"}],"about":[{"href":"https:\/\/kidsplay.lt\/lv\/wp-json\/wp\/v2\/types\/product"}],"version-history":[{"count":1,"href":"https:\/\/kidsplay.lt\/lv\/wp-json\/wp\/v2\/product\/89720\/revisions"}],"predecessor-version":[{"id":89721,"href":"https:\/\/kidsplay.lt\/lv\/wp-json\/wp\/v2\/product\/89720\/revisions\/89721"}],"wp:featuredmedia":[{"embeddable":true,"href":"https:\/\/kidsplay.lt\/lv\/wp-json\/wp\/v2\/media\/62590"}],"wp:attachment":[{"href":"https:\/\/kidsplay.lt\/lv\/wp-json\/wp\/v2\/media?parent=89720"}],"wp:term":[{"taxonomy":"product_brand","embeddable":true,"href":"https:\/\/kidsplay.lt\/lv\/wp-json\/wp\/v2\/product_brand?post=89720"},{"taxonomy":"product_cat","embeddable":true,"href":"https:\/\/kidsplay.lt\/lv\/wp-json\/wp\/v2\/product_cat?post=89720"},{"taxonomy":"product_tag","embeddable":true,"href":"https:\/\/kidsplay.lt\/lv\/wp-json\/wp\/v2\/product_tag?post=89720"}],"curies":[{"name":"wp","href":"https:\/\/api.w.org\/{rel}","templated":true}]}}