{"id":89722,"date":"2026-02-26T09:28:14","date_gmt":"2026-02-26T07:28:14","guid":{"rendered":"https:\/\/kidsplay.lt\/produktas\/edukacine-lenta-barometras-mokslas-vaikams-meteorologine-stotis-vejo-temperatura-9-vnt\/"},"modified":"2026-04-13T15:05:20","modified_gmt":"2026-04-13T12:05:20","slug":"edukacine-lenta-barometras-mokslas-vaikams-meteorologine-stotis-vejo-temperatura-9-vnt","status":"publish","type":"product","link":"https:\/\/kidsplay.lt\/lv\/products\/edukacine-lenta-barometras-mokslas-vaikams-meteorologine-stotis-vejo-temperatura-9-vnt\/","title":{"rendered":"Izgl\u012btojo\u0161ais t\u0101fele Barometrs Zin\u0101tne b\u0113rniem Meteorolo\u0123iska stacija V\u0113ja temperat\u016bra 9 gab."},"content":{"rendered":"<p>Mokomasis\u00a0\u201eClassic World\u201c prek\u0117s \u017eenklo\u00a0\u201eBarometer\u201c\u00a0yra idealus produktas norint su\u017einoti apie or\u0105. Lavinantis \u017eaislas pagamintas i\u0161\u00a0auk\u0161tos kokyb\u0117s medienos\u00a0, nuda\u017eytos\u00a0netoksi\u0161kais, vaikams saugiais da\u017eais. Barometras\u00a0rodo\u00a0\u0161iuo metu m\u016bs\u0173 turimus orus, krituli\u0173 kiek\u012f, v\u0117jo stiprum\u0105\u00a0ir\u00a0temperat\u016br\u0105 lauke.\u00a0Vaikas gali\u00a0pasiimti barometr\u0105 \u012f kelion\u0119 ir nuolat nustatyti oro s\u0105lygas u\u017e lango.<\/p>\n<p>Raksturojums:<\/p>\n<p> \t&#8211; nuo\u00a03 met\u0173 am\u017eiaus,<br \/>\n \t&#8211; linksmyb\u0117s derinamos\u00a0su i\u0161silavinimu,<br \/>\n \t&#8211;\u00a0\u017eaidimas apima m\u016bs\u0173 vaiko\u00a0steb\u0117jim\u0105\u00a0, kad tinkamai nustatyt\u0173\u00a0oro s\u0105lygas\u00a0lauke ant lentos\u00a0,<br \/>\n \t&#8211;\u00a0produktas nuda\u017eytas netoksi\u0161kais da\u017eais,<br \/>\n \t&#8211;\u00a0Barometras\u00a0pagamintas i\u0161\u00a0auk\u0161tos kokyb\u0117s medienos.<\/p>\n<p>Barometre pa\u017eym\u0117ta:<\/p>\n<p> \t&#8211; lauko temperat\u016bra,<br \/>\n \t&#8211; krituli\u0173 kiekis,<br \/>\n \t&#8211; v\u0117jo stiprumas,<br \/>\n \t&#8211; ar tai diena, ar naktis,<br \/>\n \t&#8211; oro s\u0105lygos.<\/p>\n<p>\u017daislas vysto:<\/p>\n<p> \t\u2013 roku darba prasmes,<br \/>\n \t\u2013 lo\u0123isk\u0101 dom\u0101\u0161ana,<br \/>\n \t&#8211; vaizduot\u0117,<br \/>\n \t&#8211; k\u016brybi\u0161kumas.<\/p>\n<p>\u201eClassic World\u201c\u00a0\u017eaislai\u00a0supa\u017eindina vaikus su nauja fantasti\u0161ko linksmybi\u0173 dimensija!\u00a0\u00a0\u201eClassic World\u201c\u00a0\u2013 tai mediniai, ekologi\u0161ki \u017eaislai, kuri\u0173 tikslas ne tik linksmintis, bet ir lavinti vaik\u0173 k\u016brybi\u0161kum\u0105, ugdyti emocin\u012f jautrum\u0105, i\u0161mokyti susidraugauti. Atskiro pamin\u0117jimo nusipelno\u00a0klasikinio\u00a0pasaulio\u00a0muzikiniai \u017eaislai\u00a0\u00a0\u2013 jie padeda ugdyti jauniausi\u0173 vaik\u0173 muzikin\u012f jautrum\u0105.<\/p>","protected":false},"excerpt":{"rendered":"<p>Mokomasis\u00a0\u201eClassic World\u201c prek\u0117s \u017eenklo\u00a0\u201eBarometer\u201c\u00a0yra idealus produktas norint su\u017einoti apie or\u0105. Lavinantis \u017eaislas pagamintas i\u0161\u00a0auk\u0161tos kokyb\u0117s medienos\u00a0, nuda\u017eytos\u00a0netoksi\u0161kais, vaikams saugiais da\u017eais.<\/p>","protected":false},"featured_media":56018,"template":"","meta":{"_acf_changed":false,"_glsr_average":0,"_glsr_ranking":0,"_glsr_reviews":0},"product_brand":[],"product_cat":[884,883],"product_tag":[],"class_list":{"0":"post-89722","1":"product","2":"type-product","3":"status-publish","4":"has-post-thumbnail","6":"product_cat-edukaciniai-lavinamieji-mediniai-zaislai","7":"product_cat-mediniai-zaislai-2","8":"\"style=\"background-color: #2ecc711c;\"","10":"first","11":"instock","12":"purchasable","13":"product-type-simple"},"acf":[],"yoast_head":"<!-- This site is optimized with the Yoast SEO plugin v27.4 - https:\/\/yoast.com\/product\/yoast-seo-wordpress\/ -->\n<title>Edukacin\u0117 lenta Barometras Mokslas vaikams Meteorologin\u0117 stotis V\u0117jo temperat\u016bra 9 vnt.<\/title>\n<meta name=\"description\" content=\"Edukacin\u0117 lenta Barometras Mokslas vaikams Meteorologin\u0117 stotis V\u0117jo temperat\u016bra 9 vnt. - KidsPlay. Did\u017eiausias vaik\u0173 \u017eaisl\u0173 pasirinkimas.\" \/>\n<meta name=\"robots\" content=\"index, follow, max-snippet:-1, max-image-preview:large, max-video-preview:-1\" \/>\n<link rel=\"canonical\" href=\"https:\/\/kidsplay.lt\/lv\/products\/edukacine-lenta-barometras-mokslas-vaikams-meteorologine-stotis-vejo-temperatura-9-vnt\/\" \/>\n<meta property=\"og:locale\" content=\"lv_LV\" \/>\n<meta property=\"og:type\" content=\"article\" \/>\n<meta property=\"og:title\" content=\"Edukacin\u0117 lenta Barometras Mokslas vaikams Meteorologin\u0117 stotis V\u0117jo temperat\u016bra 9 vnt.\" \/>\n<meta property=\"og:description\" content=\"Edukacin\u0117 lenta Barometras Mokslas vaikams Meteorologin\u0117 stotis V\u0117jo temperat\u016bra 9 vnt. - KidsPlay. Did\u017eiausias vaik\u0173 \u017eaisl\u0173 pasirinkimas.\" \/>\n<meta property=\"og:url\" content=\"https:\/\/kidsplay.lt\/lv\/products\/edukacine-lenta-barometras-mokslas-vaikams-meteorologine-stotis-vejo-temperatura-9-vnt\/\" \/>\n<meta property=\"og:site_name\" content=\"KidsPlay\" \/>\n<meta property=\"article:publisher\" content=\"https:\/\/www.facebook.com\/www.kidsplay.lt\" \/>\n<meta property=\"article:modified_time\" content=\"2026-04-13T12:05:20+00:00\" \/>\n<meta property=\"og:image\" content=\"https:\/\/kidsplay.lt\/wp-content\/uploads\/2024\/09\/Edukacine-lenta-Barometras-Mokslas-vaikams-Meteorologine-stotis-Vejo-temperatura-9-vnt.jpg\" \/>\n\t<meta property=\"og:image:width\" content=\"1526\" \/>\n\t<meta property=\"og:image:height\" content=\"1526\" \/>\n\t<meta property=\"og:image:type\" content=\"image\/jpeg\" \/>\n<meta name=\"twitter:card\" content=\"summary_large_image\" \/>\n<meta name=\"twitter:label1\" content=\"Est. reading time\" \/>\n\t<meta name=\"twitter:data1\" content=\"1 min\u016bte\" \/>\n<script type=\"application\/ld+json\" class=\"yoast-schema-graph\">{\"@context\":\"https:\\\/\\\/schema.org\",\"@graph\":[{\"@type\":\"WebPage\",\"@id\":\"https:\\\/\\\/kidsplay.lt\\\/produktas\\\/edukacine-lenta-barometras-mokslas-vaikams-meteorologine-stotis-vejo-temperatura-9-vnt\\\/\",\"url\":\"https:\\\/\\\/kidsplay.lt\\\/produktas\\\/edukacine-lenta-barometras-mokslas-vaikams-meteorologine-stotis-vejo-temperatura-9-vnt\\\/\",\"name\":\"Edukacin\u0117 lenta Barometras Mokslas vaikams Meteorologin\u0117 stotis V\u0117jo temperat\u016bra 9 vnt.\",\"isPartOf\":{\"@id\":\"https:\\\/\\\/kidsplay.lt\\\/#website\"},\"primaryImageOfPage\":{\"@id\":\"https:\\\/\\\/kidsplay.lt\\\/produktas\\\/edukacine-lenta-barometras-mokslas-vaikams-meteorologine-stotis-vejo-temperatura-9-vnt\\\/#primaryimage\"},\"image\":{\"@id\":\"https:\\\/\\\/kidsplay.lt\\\/produktas\\\/edukacine-lenta-barometras-mokslas-vaikams-meteorologine-stotis-vejo-temperatura-9-vnt\\\/#primaryimage\"},\"thumbnailUrl\":\"https:\\\/\\\/kidsplay.lt\\\/wp-content\\\/uploads\\\/2024\\\/09\\\/Edukacine-lenta-Barometras-Mokslas-vaikams-Meteorologine-stotis-Vejo-temperatura-9-vnt.jpg\",\"datePublished\":\"2026-02-26T07:28:14+00:00\",\"dateModified\":\"2026-04-13T12:05:20+00:00\",\"description\":\"Edukacin\u0117 lenta Barometras Mokslas vaikams Meteorologin\u0117 stotis V\u0117jo temperat\u016bra 9 vnt. - KidsPlay. Did\u017eiausias vaik\u0173 \u017eaisl\u0173 pasirinkimas.\",\"breadcrumb\":{\"@id\":\"https:\\\/\\\/kidsplay.lt\\\/produktas\\\/edukacine-lenta-barometras-mokslas-vaikams-meteorologine-stotis-vejo-temperatura-9-vnt\\\/#breadcrumb\"},\"inLanguage\":\"lv-LV\",\"potentialAction\":[{\"@type\":\"ReadAction\",\"target\":[\"https:\\\/\\\/kidsplay.lt\\\/produktas\\\/edukacine-lenta-barometras-mokslas-vaikams-meteorologine-stotis-vejo-temperatura-9-vnt\\\/\"]}]},{\"@type\":\"ImageObject\",\"inLanguage\":\"lv-LV\",\"@id\":\"https:\\\/\\\/kidsplay.lt\\\/produktas\\\/edukacine-lenta-barometras-mokslas-vaikams-meteorologine-stotis-vejo-temperatura-9-vnt\\\/#primaryimage\",\"url\":\"https:\\\/\\\/kidsplay.lt\\\/wp-content\\\/uploads\\\/2024\\\/09\\\/Edukacine-lenta-Barometras-Mokslas-vaikams-Meteorologine-stotis-Vejo-temperatura-9-vnt.jpg\",\"contentUrl\":\"https:\\\/\\\/kidsplay.lt\\\/wp-content\\\/uploads\\\/2024\\\/09\\\/Edukacine-lenta-Barometras-Mokslas-vaikams-Meteorologine-stotis-Vejo-temperatura-9-vnt.jpg\",\"width\":1526,\"height\":1526,\"caption\":\"Edukacin\u0117 lenta Barometras Mokslas vaikams Meteorologin\u0117 stotis V\u0117jo temperat\u016bra 9 vnt.\"},{\"@type\":\"BreadcrumbList\",\"@id\":\"https:\\\/\\\/kidsplay.lt\\\/produktas\\\/edukacine-lenta-barometras-mokslas-vaikams-meteorologine-stotis-vejo-temperatura-9-vnt\\\/#breadcrumb\",\"itemListElement\":[{\"@type\":\"ListItem\",\"position\":1,\"name\":\"Pagrindinis\",\"item\":\"https:\\\/\\\/kidsplay.lt\\\/\"},{\"@type\":\"ListItem\",\"position\":2,\"name\":\"Parduotuv\u0117\",\"item\":\"https:\\\/\\\/kidsplay.lt\\\/parduotuve\\\/\"},{\"@type\":\"ListItem\",\"position\":3,\"name\":\"Edukacin\u0117 lenta Barometras Mokslas vaikams Meteorologin\u0117 stotis V\u0117jo temperat\u016bra 9 vnt.\"}]},{\"@type\":\"WebSite\",\"@id\":\"https:\\\/\\\/kidsplay.lt\\\/#website\",\"url\":\"https:\\\/\\\/kidsplay.lt\\\/\",\"name\":\"Kidsplay.lt\",\"description\":\"\u012evairios prek\u0117s vaikams\",\"publisher\":{\"@id\":\"https:\\\/\\\/kidsplay.lt\\\/#organization\"},\"alternateName\":\"Kidsplay\",\"potentialAction\":[{\"@type\":\"SearchAction\",\"target\":{\"@type\":\"EntryPoint\",\"urlTemplate\":\"https:\\\/\\\/kidsplay.lt\\\/?s={search_term_string}\"},\"query-input\":{\"@type\":\"PropertyValueSpecification\",\"valueRequired\":true,\"valueName\":\"search_term_string\"}}],\"inLanguage\":\"lv-LV\"},{\"@type\":\"Organization\",\"@id\":\"https:\\\/\\\/kidsplay.lt\\\/#organization\",\"name\":\"KidsPlay\",\"url\":\"https:\\\/\\\/kidsplay.lt\\\/\",\"logo\":{\"@type\":\"ImageObject\",\"inLanguage\":\"lv-LV\",\"@id\":\"https:\\\/\\\/kidsplay.lt\\\/#\\\/schema\\\/logo\\\/image\\\/\",\"url\":\"https:\\\/\\\/kidsplay.lt\\\/wp-content\\\/uploads\\\/2023\\\/07\\\/kidsplay-logo.png\",\"contentUrl\":\"https:\\\/\\\/kidsplay.lt\\\/wp-content\\\/uploads\\\/2023\\\/07\\\/kidsplay-logo.png\",\"width\":451,\"height\":98,\"caption\":\"KidsPlay\"},\"image\":{\"@id\":\"https:\\\/\\\/kidsplay.lt\\\/#\\\/schema\\\/logo\\\/image\\\/\"},\"sameAs\":[\"https:\\\/\\\/www.facebook.com\\\/www.kidsplay.lt\"]}]}<\/script>\n<!-- \/ Yoast SEO plugin. -->","yoast_head_json":{"title":"Izgl\u012btojo\u0161ais t\u0101fele Barometrs Zin\u0101tne b\u0113rniem Meteorolo\u0123iska stacija V\u0113ja temperat\u016bra 9 gab.","description":"Edukacin\u0117 lenta Barometras Mokslas vaikams Meteorologin\u0117 stotis V\u0117jo temperat\u016bra 9 vnt. - KidsPlay. Did\u017eiausias vaik\u0173 \u017eaisl\u0173 pasirinkimas.","robots":{"index":"index","follow":"follow","max-snippet":"max-snippet:-1","max-image-preview":"max-image-preview:large","max-video-preview":"max-video-preview:-1"},"canonical":"https:\/\/kidsplay.lt\/lv\/products\/edukacine-lenta-barometras-mokslas-vaikams-meteorologine-stotis-vejo-temperatura-9-vnt\/","og_locale":"lv_LV","og_type":"article","og_title":"Edukacin\u0117 lenta Barometras Mokslas vaikams Meteorologin\u0117 stotis V\u0117jo temperat\u016bra 9 vnt.","og_description":"Edukacin\u0117 lenta Barometras Mokslas vaikams Meteorologin\u0117 stotis V\u0117jo temperat\u016bra 9 vnt. - KidsPlay. Did\u017eiausias vaik\u0173 \u017eaisl\u0173 pasirinkimas.","og_url":"https:\/\/kidsplay.lt\/lv\/products\/edukacine-lenta-barometras-mokslas-vaikams-meteorologine-stotis-vejo-temperatura-9-vnt\/","og_site_name":"KidsPlay","article_publisher":"https:\/\/www.facebook.com\/www.kidsplay.lt","article_modified_time":"2026-04-13T12:05:20+00:00","og_image":[{"width":1526,"height":1526,"url":"https:\/\/kidsplay.lt\/wp-content\/uploads\/2024\/09\/Edukacine-lenta-Barometras-Mokslas-vaikams-Meteorologine-stotis-Vejo-temperatura-9-vnt.jpg","type":"image\/jpeg"}],"twitter_card":"summary_large_image","twitter_misc":{"Est. reading time":"1 min\u016bte"},"schema":{"@context":"https:\/\/schema.org","@graph":[{"@type":"WebPage","@id":"https:\/\/kidsplay.lt\/produktas\/edukacine-lenta-barometras-mokslas-vaikams-meteorologine-stotis-vejo-temperatura-9-vnt\/","url":"https:\/\/kidsplay.lt\/produktas\/edukacine-lenta-barometras-mokslas-vaikams-meteorologine-stotis-vejo-temperatura-9-vnt\/","name":"Izgl\u012btojo\u0161ais t\u0101fele Barometrs Zin\u0101tne b\u0113rniem Meteorolo\u0123iska stacija V\u0113ja temperat\u016bra 9 gab.","isPartOf":{"@id":"https:\/\/kidsplay.lt\/#website"},"primaryImageOfPage":{"@id":"https:\/\/kidsplay.lt\/produktas\/edukacine-lenta-barometras-mokslas-vaikams-meteorologine-stotis-vejo-temperatura-9-vnt\/#primaryimage"},"image":{"@id":"https:\/\/kidsplay.lt\/produktas\/edukacine-lenta-barometras-mokslas-vaikams-meteorologine-stotis-vejo-temperatura-9-vnt\/#primaryimage"},"thumbnailUrl":"https:\/\/kidsplay.lt\/wp-content\/uploads\/2024\/09\/Edukacine-lenta-Barometras-Mokslas-vaikams-Meteorologine-stotis-Vejo-temperatura-9-vnt.jpg","datePublished":"2026-02-26T07:28:14+00:00","dateModified":"2026-04-13T12:05:20+00:00","description":"Edukacin\u0117 lenta Barometras Mokslas vaikams Meteorologin\u0117 stotis V\u0117jo temperat\u016bra 9 vnt. - KidsPlay. Did\u017eiausias vaik\u0173 \u017eaisl\u0173 pasirinkimas.","breadcrumb":{"@id":"https:\/\/kidsplay.lt\/produktas\/edukacine-lenta-barometras-mokslas-vaikams-meteorologine-stotis-vejo-temperatura-9-vnt\/#breadcrumb"},"inLanguage":"lv-LV","potentialAction":[{"@type":"ReadAction","target":["https:\/\/kidsplay.lt\/produktas\/edukacine-lenta-barometras-mokslas-vaikams-meteorologine-stotis-vejo-temperatura-9-vnt\/"]}]},{"@type":"ImageObject","inLanguage":"lv-LV","@id":"https:\/\/kidsplay.lt\/produktas\/edukacine-lenta-barometras-mokslas-vaikams-meteorologine-stotis-vejo-temperatura-9-vnt\/#primaryimage","url":"https:\/\/kidsplay.lt\/wp-content\/uploads\/2024\/09\/Edukacine-lenta-Barometras-Mokslas-vaikams-Meteorologine-stotis-Vejo-temperatura-9-vnt.jpg","contentUrl":"https:\/\/kidsplay.lt\/wp-content\/uploads\/2024\/09\/Edukacine-lenta-Barometras-Mokslas-vaikams-Meteorologine-stotis-Vejo-temperatura-9-vnt.jpg","width":1526,"height":1526,"caption":"Edukacin\u0117 lenta Barometras Mokslas vaikams Meteorologin\u0117 stotis V\u0117jo temperat\u016bra 9 vnt."},{"@type":"BreadcrumbList","@id":"https:\/\/kidsplay.lt\/produktas\/edukacine-lenta-barometras-mokslas-vaikams-meteorologine-stotis-vejo-temperatura-9-vnt\/#breadcrumb","itemListElement":[{"@type":"ListItem","position":1,"name":"Pagrindinis","item":"https:\/\/kidsplay.lt\/"},{"@type":"ListItem","position":2,"name":"Parduotuv\u0117","item":"https:\/\/kidsplay.lt\/parduotuve\/"},{"@type":"ListItem","position":3,"name":"Edukacin\u0117 lenta Barometras Mokslas vaikams Meteorologin\u0117 stotis V\u0117jo temperat\u016bra 9 vnt."}]},{"@type":"WebSite","@id":"https:\/\/kidsplay.lt\/#website","url":"https:\/\/kidsplay.lt\/","name":"B\u0113rnu sp\u0113les.lv","description":"\u012evairios prek\u0117s vaikams","publisher":{"@id":"https:\/\/kidsplay.lt\/#organization"},"alternateName":"Kidsplay","potentialAction":[{"@type":"SearchAction","target":{"@type":"EntryPoint","urlTemplate":"https:\/\/kidsplay.lt\/?s={search_term_string}"},"query-input":{"@type":"PropertyValueSpecification","valueRequired":true,"valueName":"search_term_string"}}],"inLanguage":"lv-LV"},{"@type":"Organization","@id":"https:\/\/kidsplay.lt\/#organization","name":"B\u0113rnu sp\u0113le","url":"https:\/\/kidsplay.lt\/","logo":{"@type":"ImageObject","inLanguage":"lv-LV","@id":"https:\/\/kidsplay.lt\/#\/schema\/logo\/image\/","url":"https:\/\/kidsplay.lt\/wp-content\/uploads\/2023\/07\/kidsplay-logo.png","contentUrl":"https:\/\/kidsplay.lt\/wp-content\/uploads\/2023\/07\/kidsplay-logo.png","width":451,"height":98,"caption":"KidsPlay"},"image":{"@id":"https:\/\/kidsplay.lt\/#\/schema\/logo\/image\/"},"sameAs":["https:\/\/www.facebook.com\/www.kidsplay.lt"]}]}},"_links":{"self":[{"href":"https:\/\/kidsplay.lt\/lv\/wp-json\/wp\/v2\/product\/89722","targetHints":{"allow":["GET"]}}],"collection":[{"href":"https:\/\/kidsplay.lt\/lv\/wp-json\/wp\/v2\/product"}],"about":[{"href":"https:\/\/kidsplay.lt\/lv\/wp-json\/wp\/v2\/types\/product"}],"version-history":[{"count":1,"href":"https:\/\/kidsplay.lt\/lv\/wp-json\/wp\/v2\/product\/89722\/revisions"}],"predecessor-version":[{"id":89723,"href":"https:\/\/kidsplay.lt\/lv\/wp-json\/wp\/v2\/product\/89722\/revisions\/89723"}],"wp:featuredmedia":[{"embeddable":true,"href":"https:\/\/kidsplay.lt\/lv\/wp-json\/wp\/v2\/media\/56018"}],"wp:attachment":[{"href":"https:\/\/kidsplay.lt\/lv\/wp-json\/wp\/v2\/media?parent=89722"}],"wp:term":[{"taxonomy":"product_brand","embeddable":true,"href":"https:\/\/kidsplay.lt\/lv\/wp-json\/wp\/v2\/product_brand?post=89722"},{"taxonomy":"product_cat","embeddable":true,"href":"https:\/\/kidsplay.lt\/lv\/wp-json\/wp\/v2\/product_cat?post=89722"},{"taxonomy":"product_tag","embeddable":true,"href":"https:\/\/kidsplay.lt\/lv\/wp-json\/wp\/v2\/product_tag?post=89722"}],"curies":[{"name":"wp","href":"https:\/\/api.w.org\/{rel}","templated":true}]}}