{"id":89726,"date":"2026-02-26T09:28:20","date_gmt":"2026-02-26T07:28:20","guid":{"rendered":"https:\/\/kidsplay.lt\/produktas\/viga-mediniu-lentu-spalvos-fsc-montessori-sertifikatas\/"},"modified":"2026-04-13T15:05:26","modified_gmt":"2026-04-13T12:05:26","slug":"viga-mediniu-lentu-spalvos-fsc-montessori-sertifikatas","status":"publish","type":"product","link":"https:\/\/kidsplay.lt\/lv\/products\/viga-mediniu-lentu-spalvos-fsc-montessori-sertifikatas\/","title":{"rendered":"VIGA medini\u0173 lent\u0173 spalvos FSC Montessori sertifikatas"},"content":{"rendered":"<p>Viena i\u0161 medini\u0173 lenteli\u0173 su \u017eavinga me\u0161kiuko galva serijos.\u00a0\u00a0Lenta turi tris ratukus, kuri\u0173 kiekvienas nuda\u017eytas taip, kad sukant sukurt\u0173 optines iliuzijas. \u0160is \u017eaislas\u00a0\u00a0padeda lavinti\u00a0\u00a0vaik\u0173 login\u012f m\u0105stym\u0105 ir mokosi\u00a0\u00a0spalv\u0173\u00a0. \u0160is gaminys puikiai tinka tiek naudoti namuose, tiek ikimokyklinio ugdymo \u012fstaigose. \u012edomus lentos dizainas tikrai pritrauks kiekvieno vaiko d\u0117mes\u012f. Pagaminta i\u0161 lakuotos medienos ir nuda\u017eyta netoksi\u0161kais ry\u0161ki\u0173 spalv\u0173 da\u017eais, ji prad\u017eiugins kiekvien\u0105 naudotoj\u0105 ir suteiks daug smagi\u0173 \u017eaidim\u0173 akimirk\u0173. \u0160is gaminys tinka vaikams nuo 18 m\u0117nesi\u0173. Galima \u012fsigyti vis\u0105 m\u016bs\u0173 me\u0161kiuko galv\u016bgali\u0173 lenteli\u0173 serij\u0105.<\/p>\n<p>Funkcijas:<\/p>\n<p> \t&#8211; sienin\u0117 lentel\u0117 me\u0161kiuko galvos formos,<br \/>\n \t&#8211; \u017eaidimas apima rat\u0173 sukim\u0105 ir optini\u0173 iliuzij\u0173, kurias sukuria besisukantys, atitinkamai nuda\u017eyti ratai, steb\u0117jim\u0105,<br \/>\n \t&#8211; produktas skirtas vaikams nuo 18 m\u0117nesi\u0173 am\u017eiaus,<br \/>\n \t&#8211; visas daiktas pagamintas i\u0161 lakuotos medienos,<br \/>\n \t&#8211; da\u017eyta netoksi\u0161kais, ry\u0161ki\u0173 spalv\u0173 da\u017eais,<br \/>\n \t&#8211; m\u016bs\u0173 pasi\u016blyme yra visa serija me\u0161kiuko galvos formos lent\u0173 su \u012fvairiomis funkcijomis.<\/p>\n<p>\u017daislas:<\/p>\n<p> \t&#8211; ugdo geb\u0117jim\u0105 logi\u0161kai m\u0105styti,<br \/>\n \t&#8211; padeda mokytis spalv\u0173,<br \/>\n \t&#8211; lavina k\u016brybi\u0161kum\u0105 ir vaizduot\u0119,<br \/>\n \t&#8211; ugdo vaik\u0173 rankinius \u012fg\u016bd\u017eius.<\/p>\n<p>Ekologi\u0161ki \u017eaislai\u00a0\u00a0skirti net ir patiems ma\u017eiausiems vaikams ir yra pagaminti i\u0161 visi\u0161kai nat\u016brali\u0173, biologi\u0161kai skaid\u017ei\u0173 ir hipoalergini\u0173 med\u017eiag\u0173, tod\u0117l jie yra 100 % saug\u016bs ir nekenksmingi ne tik aplinkai, bet ir j\u016bs\u0173 vaikui.<\/p>","protected":false},"excerpt":{"rendered":"<p>Viena i\u0161 medini\u0173 lenteli\u0173 su \u017eavinga me\u0161kiuko galva serijos.\u00a0\u00a0Lenta turi tris ratukus, kuri\u0173 kiekvienas nuda\u017eytas taip, kad sukant sukurt\u0173 optines<\/p>","protected":false},"featured_media":67171,"template":"","meta":{"_acf_changed":false,"_glsr_average":0,"_glsr_ranking":0,"_glsr_reviews":0},"product_brand":[],"product_cat":[673,229],"product_tag":[],"class_list":{"0":"post-89726","1":"product","2":"type-product","3":"status-publish","4":"has-post-thumbnail","6":"product_cat-ugdomosios-priemones","7":"product_cat-zaislai-vaikams","8":"\"style=\"background-color: #2ecc711c;\"","10":"first","11":"instock","12":"purchasable","13":"product-type-simple"},"acf":[],"yoast_head":"<!-- This site is optimized with the Yoast SEO plugin v27.4 - https:\/\/yoast.com\/product\/yoast-seo-wordpress\/ -->\n<title>VIGA medini\u0173 lent\u0173 spalvos FSC Montessori sertifikatas<\/title>\n<meta name=\"description\" content=\"VIGA medini\u0173 lent\u0173 spalvos FSC Montessori sertifikatas - KidsPlay. Did\u017eiausias vaik\u0173 \u017eaisl\u0173 pasirinkimas.\" \/>\n<meta name=\"robots\" content=\"index, follow, max-snippet:-1, max-image-preview:large, max-video-preview:-1\" \/>\n<link rel=\"canonical\" href=\"https:\/\/kidsplay.lt\/lv\/products\/viga-mediniu-lentu-spalvos-fsc-montessori-sertifikatas\/\" \/>\n<meta property=\"og:locale\" content=\"lv_LV\" \/>\n<meta property=\"og:type\" content=\"article\" \/>\n<meta property=\"og:title\" content=\"VIGA medini\u0173 lent\u0173 spalvos FSC Montessori sertifikatas\" \/>\n<meta property=\"og:description\" content=\"VIGA medini\u0173 lent\u0173 spalvos FSC Montessori sertifikatas - KidsPlay. Did\u017eiausias vaik\u0173 \u017eaisl\u0173 pasirinkimas.\" \/>\n<meta property=\"og:url\" content=\"https:\/\/kidsplay.lt\/lv\/products\/viga-mediniu-lentu-spalvos-fsc-montessori-sertifikatas\/\" \/>\n<meta property=\"og:site_name\" content=\"KidsPlay\" \/>\n<meta property=\"article:publisher\" content=\"https:\/\/www.facebook.com\/www.kidsplay.lt\" \/>\n<meta property=\"article:modified_time\" content=\"2026-04-13T12:05:26+00:00\" \/>\n<meta property=\"og:image\" content=\"https:\/\/kidsplay.lt\/wp-content\/uploads\/2025\/09\/VIGA-mediniu-lentu-spalvos-FSC-Montessori-sertifikatas.jpg\" \/>\n\t<meta property=\"og:image:width\" content=\"530\" \/>\n\t<meta property=\"og:image:height\" content=\"530\" \/>\n\t<meta property=\"og:image:type\" content=\"image\/jpeg\" \/>\n<meta name=\"twitter:card\" content=\"summary_large_image\" \/>\n<meta name=\"twitter:label1\" content=\"Est. reading time\" \/>\n\t<meta name=\"twitter:data1\" content=\"1 min\u016bte\" \/>\n<script type=\"application\/ld+json\" class=\"yoast-schema-graph\">{\"@context\":\"https:\\\/\\\/schema.org\",\"@graph\":[{\"@type\":\"WebPage\",\"@id\":\"https:\\\/\\\/kidsplay.lt\\\/produktas\\\/viga-mediniu-lentu-spalvos-fsc-montessori-sertifikatas\\\/\",\"url\":\"https:\\\/\\\/kidsplay.lt\\\/produktas\\\/viga-mediniu-lentu-spalvos-fsc-montessori-sertifikatas\\\/\",\"name\":\"VIGA medini\u0173 lent\u0173 spalvos FSC Montessori sertifikatas\",\"isPartOf\":{\"@id\":\"https:\\\/\\\/kidsplay.lt\\\/#website\"},\"primaryImageOfPage\":{\"@id\":\"https:\\\/\\\/kidsplay.lt\\\/produktas\\\/viga-mediniu-lentu-spalvos-fsc-montessori-sertifikatas\\\/#primaryimage\"},\"image\":{\"@id\":\"https:\\\/\\\/kidsplay.lt\\\/produktas\\\/viga-mediniu-lentu-spalvos-fsc-montessori-sertifikatas\\\/#primaryimage\"},\"thumbnailUrl\":\"https:\\\/\\\/kidsplay.lt\\\/wp-content\\\/uploads\\\/2025\\\/09\\\/VIGA-mediniu-lentu-spalvos-FSC-Montessori-sertifikatas.jpg\",\"datePublished\":\"2026-02-26T07:28:20+00:00\",\"dateModified\":\"2026-04-13T12:05:26+00:00\",\"description\":\"VIGA medini\u0173 lent\u0173 spalvos FSC Montessori sertifikatas - KidsPlay. Did\u017eiausias vaik\u0173 \u017eaisl\u0173 pasirinkimas.\",\"breadcrumb\":{\"@id\":\"https:\\\/\\\/kidsplay.lt\\\/produktas\\\/viga-mediniu-lentu-spalvos-fsc-montessori-sertifikatas\\\/#breadcrumb\"},\"inLanguage\":\"lv-LV\",\"potentialAction\":[{\"@type\":\"ReadAction\",\"target\":[\"https:\\\/\\\/kidsplay.lt\\\/produktas\\\/viga-mediniu-lentu-spalvos-fsc-montessori-sertifikatas\\\/\"]}]},{\"@type\":\"ImageObject\",\"inLanguage\":\"lv-LV\",\"@id\":\"https:\\\/\\\/kidsplay.lt\\\/produktas\\\/viga-mediniu-lentu-spalvos-fsc-montessori-sertifikatas\\\/#primaryimage\",\"url\":\"https:\\\/\\\/kidsplay.lt\\\/wp-content\\\/uploads\\\/2025\\\/09\\\/VIGA-mediniu-lentu-spalvos-FSC-Montessori-sertifikatas.jpg\",\"contentUrl\":\"https:\\\/\\\/kidsplay.lt\\\/wp-content\\\/uploads\\\/2025\\\/09\\\/VIGA-mediniu-lentu-spalvos-FSC-Montessori-sertifikatas.jpg\",\"width\":530,\"height\":530,\"caption\":\"VIGA medini\u0173 lent\u0173 spalvos FSC Montessori sertifikatas\"},{\"@type\":\"BreadcrumbList\",\"@id\":\"https:\\\/\\\/kidsplay.lt\\\/produktas\\\/viga-mediniu-lentu-spalvos-fsc-montessori-sertifikatas\\\/#breadcrumb\",\"itemListElement\":[{\"@type\":\"ListItem\",\"position\":1,\"name\":\"Pagrindinis\",\"item\":\"https:\\\/\\\/kidsplay.lt\\\/\"},{\"@type\":\"ListItem\",\"position\":2,\"name\":\"Parduotuv\u0117\",\"item\":\"https:\\\/\\\/kidsplay.lt\\\/parduotuve\\\/\"},{\"@type\":\"ListItem\",\"position\":3,\"name\":\"VIGA medini\u0173 lent\u0173 spalvos FSC Montessori sertifikatas\"}]},{\"@type\":\"WebSite\",\"@id\":\"https:\\\/\\\/kidsplay.lt\\\/#website\",\"url\":\"https:\\\/\\\/kidsplay.lt\\\/\",\"name\":\"Kidsplay.lt\",\"description\":\"\u012evairios prek\u0117s vaikams\",\"publisher\":{\"@id\":\"https:\\\/\\\/kidsplay.lt\\\/#organization\"},\"alternateName\":\"Kidsplay\",\"potentialAction\":[{\"@type\":\"SearchAction\",\"target\":{\"@type\":\"EntryPoint\",\"urlTemplate\":\"https:\\\/\\\/kidsplay.lt\\\/?s={search_term_string}\"},\"query-input\":{\"@type\":\"PropertyValueSpecification\",\"valueRequired\":true,\"valueName\":\"search_term_string\"}}],\"inLanguage\":\"lv-LV\"},{\"@type\":\"Organization\",\"@id\":\"https:\\\/\\\/kidsplay.lt\\\/#organization\",\"name\":\"KidsPlay\",\"url\":\"https:\\\/\\\/kidsplay.lt\\\/\",\"logo\":{\"@type\":\"ImageObject\",\"inLanguage\":\"lv-LV\",\"@id\":\"https:\\\/\\\/kidsplay.lt\\\/#\\\/schema\\\/logo\\\/image\\\/\",\"url\":\"https:\\\/\\\/kidsplay.lt\\\/wp-content\\\/uploads\\\/2023\\\/07\\\/kidsplay-logo.png\",\"contentUrl\":\"https:\\\/\\\/kidsplay.lt\\\/wp-content\\\/uploads\\\/2023\\\/07\\\/kidsplay-logo.png\",\"width\":451,\"height\":98,\"caption\":\"KidsPlay\"},\"image\":{\"@id\":\"https:\\\/\\\/kidsplay.lt\\\/#\\\/schema\\\/logo\\\/image\\\/\"},\"sameAs\":[\"https:\\\/\\\/www.facebook.com\\\/www.kidsplay.lt\"]}]}<\/script>\n<!-- \/ Yoast SEO plugin. -->","yoast_head_json":{"title":"VIGA medini\u0173 lent\u0173 spalvos FSC Montessori sertifikatas","description":"VIGA medini\u0173 lent\u0173 spalvos FSC Montessori sertifikatas - KidsPlay. Did\u017eiausias vaik\u0173 \u017eaisl\u0173 pasirinkimas.","robots":{"index":"index","follow":"follow","max-snippet":"max-snippet:-1","max-image-preview":"max-image-preview:large","max-video-preview":"max-video-preview:-1"},"canonical":"https:\/\/kidsplay.lt\/lv\/products\/viga-mediniu-lentu-spalvos-fsc-montessori-sertifikatas\/","og_locale":"lv_LV","og_type":"article","og_title":"VIGA medini\u0173 lent\u0173 spalvos FSC Montessori sertifikatas","og_description":"VIGA medini\u0173 lent\u0173 spalvos FSC Montessori sertifikatas - KidsPlay. Did\u017eiausias vaik\u0173 \u017eaisl\u0173 pasirinkimas.","og_url":"https:\/\/kidsplay.lt\/lv\/products\/viga-mediniu-lentu-spalvos-fsc-montessori-sertifikatas\/","og_site_name":"KidsPlay","article_publisher":"https:\/\/www.facebook.com\/www.kidsplay.lt","article_modified_time":"2026-04-13T12:05:26+00:00","og_image":[{"width":530,"height":530,"url":"https:\/\/kidsplay.lt\/wp-content\/uploads\/2025\/09\/VIGA-mediniu-lentu-spalvos-FSC-Montessori-sertifikatas.jpg","type":"image\/jpeg"}],"twitter_card":"summary_large_image","twitter_misc":{"Est. reading time":"1 min\u016bte"},"schema":{"@context":"https:\/\/schema.org","@graph":[{"@type":"WebPage","@id":"https:\/\/kidsplay.lt\/produktas\/viga-mediniu-lentu-spalvos-fsc-montessori-sertifikatas\/","url":"https:\/\/kidsplay.lt\/produktas\/viga-mediniu-lentu-spalvos-fsc-montessori-sertifikatas\/","name":"VIGA medini\u0173 lent\u0173 spalvos FSC Montessori sertifikatas","isPartOf":{"@id":"https:\/\/kidsplay.lt\/#website"},"primaryImageOfPage":{"@id":"https:\/\/kidsplay.lt\/produktas\/viga-mediniu-lentu-spalvos-fsc-montessori-sertifikatas\/#primaryimage"},"image":{"@id":"https:\/\/kidsplay.lt\/produktas\/viga-mediniu-lentu-spalvos-fsc-montessori-sertifikatas\/#primaryimage"},"thumbnailUrl":"https:\/\/kidsplay.lt\/wp-content\/uploads\/2025\/09\/VIGA-mediniu-lentu-spalvos-FSC-Montessori-sertifikatas.jpg","datePublished":"2026-02-26T07:28:20+00:00","dateModified":"2026-04-13T12:05:26+00:00","description":"VIGA medini\u0173 lent\u0173 spalvos FSC Montessori sertifikatas - KidsPlay. Did\u017eiausias vaik\u0173 \u017eaisl\u0173 pasirinkimas.","breadcrumb":{"@id":"https:\/\/kidsplay.lt\/produktas\/viga-mediniu-lentu-spalvos-fsc-montessori-sertifikatas\/#breadcrumb"},"inLanguage":"lv-LV","potentialAction":[{"@type":"ReadAction","target":["https:\/\/kidsplay.lt\/produktas\/viga-mediniu-lentu-spalvos-fsc-montessori-sertifikatas\/"]}]},{"@type":"ImageObject","inLanguage":"lv-LV","@id":"https:\/\/kidsplay.lt\/produktas\/viga-mediniu-lentu-spalvos-fsc-montessori-sertifikatas\/#primaryimage","url":"https:\/\/kidsplay.lt\/wp-content\/uploads\/2025\/09\/VIGA-mediniu-lentu-spalvos-FSC-Montessori-sertifikatas.jpg","contentUrl":"https:\/\/kidsplay.lt\/wp-content\/uploads\/2025\/09\/VIGA-mediniu-lentu-spalvos-FSC-Montessori-sertifikatas.jpg","width":530,"height":530,"caption":"VIGA medini\u0173 lent\u0173 spalvos FSC Montessori sertifikatas"},{"@type":"BreadcrumbList","@id":"https:\/\/kidsplay.lt\/produktas\/viga-mediniu-lentu-spalvos-fsc-montessori-sertifikatas\/#breadcrumb","itemListElement":[{"@type":"ListItem","position":1,"name":"Pagrindinis","item":"https:\/\/kidsplay.lt\/"},{"@type":"ListItem","position":2,"name":"Parduotuv\u0117","item":"https:\/\/kidsplay.lt\/parduotuve\/"},{"@type":"ListItem","position":3,"name":"VIGA medini\u0173 lent\u0173 spalvos FSC Montessori sertifikatas"}]},{"@type":"WebSite","@id":"https:\/\/kidsplay.lt\/#website","url":"https:\/\/kidsplay.lt\/","name":"B\u0113rnu sp\u0113les.lv","description":"\u012evairios prek\u0117s vaikams","publisher":{"@id":"https:\/\/kidsplay.lt\/#organization"},"alternateName":"Kidsplay","potentialAction":[{"@type":"SearchAction","target":{"@type":"EntryPoint","urlTemplate":"https:\/\/kidsplay.lt\/?s={search_term_string}"},"query-input":{"@type":"PropertyValueSpecification","valueRequired":true,"valueName":"search_term_string"}}],"inLanguage":"lv-LV"},{"@type":"Organization","@id":"https:\/\/kidsplay.lt\/#organization","name":"B\u0113rnu sp\u0113le","url":"https:\/\/kidsplay.lt\/","logo":{"@type":"ImageObject","inLanguage":"lv-LV","@id":"https:\/\/kidsplay.lt\/#\/schema\/logo\/image\/","url":"https:\/\/kidsplay.lt\/wp-content\/uploads\/2023\/07\/kidsplay-logo.png","contentUrl":"https:\/\/kidsplay.lt\/wp-content\/uploads\/2023\/07\/kidsplay-logo.png","width":451,"height":98,"caption":"KidsPlay"},"image":{"@id":"https:\/\/kidsplay.lt\/#\/schema\/logo\/image\/"},"sameAs":["https:\/\/www.facebook.com\/www.kidsplay.lt"]}]}},"_links":{"self":[{"href":"https:\/\/kidsplay.lt\/lv\/wp-json\/wp\/v2\/product\/89726","targetHints":{"allow":["GET"]}}],"collection":[{"href":"https:\/\/kidsplay.lt\/lv\/wp-json\/wp\/v2\/product"}],"about":[{"href":"https:\/\/kidsplay.lt\/lv\/wp-json\/wp\/v2\/types\/product"}],"version-history":[{"count":1,"href":"https:\/\/kidsplay.lt\/lv\/wp-json\/wp\/v2\/product\/89726\/revisions"}],"predecessor-version":[{"id":89727,"href":"https:\/\/kidsplay.lt\/lv\/wp-json\/wp\/v2\/product\/89726\/revisions\/89727"}],"wp:featuredmedia":[{"embeddable":true,"href":"https:\/\/kidsplay.lt\/lv\/wp-json\/wp\/v2\/media\/67171"}],"wp:attachment":[{"href":"https:\/\/kidsplay.lt\/lv\/wp-json\/wp\/v2\/media?parent=89726"}],"wp:term":[{"taxonomy":"product_brand","embeddable":true,"href":"https:\/\/kidsplay.lt\/lv\/wp-json\/wp\/v2\/product_brand?post=89726"},{"taxonomy":"product_cat","embeddable":true,"href":"https:\/\/kidsplay.lt\/lv\/wp-json\/wp\/v2\/product_cat?post=89726"},{"taxonomy":"product_tag","embeddable":true,"href":"https:\/\/kidsplay.lt\/lv\/wp-json\/wp\/v2\/product_tag?post=89726"}],"curies":[{"name":"wp","href":"https:\/\/api.w.org\/{rel}","templated":true}]}}