{"id":89732,"date":"2026-02-26T09:28:36","date_gmt":"2026-02-26T07:28:36","guid":{"rendered":"https:\/\/kidsplay.lt\/produktas\/sensorinio-manipuliavimo-lenta-krokodilas\/"},"modified":"2026-04-07T10:44:14","modified_gmt":"2026-04-07T07:44:14","slug":"sensorinio-manipuliavimo-lenta-krokodilas","status":"publish","type":"product","link":"https:\/\/kidsplay.lt\/lv\/product\/sensorinio-manipuliavimo-lenta-krokodilas\/","title":{"rendered":"Sensorinio manipuliavimo lenta krokodilas"},"content":{"rendered":"<p>Viga sensorin\u0117 manipuliacin\u0117 mokomoji krokodilo lenta puikiai tinka naudoti namuose\u00a0,\u00a0vaik\u0173\u00a0dar\u017eelyje\u00a0ar\u00a0\u017eaidim\u0173 kambaryje.<\/p>\n<p>Pirmasis elementas yra krokodilo galva. \u010cia j\u016bs\u0173 ma\u017eylis ras labirintus, kuriais gal\u0117s vesti \u012fd\u0117tus elementus, lavindamas rank\u0173 ir pir\u0161t\u0173 motorik\u0105. Be to, yra pavar\u0173, kurios privers m\u016bs\u0173 krokodilo akis pajudinti! Ratus galima laisvai pertvarkyti, ie\u0161kant nauj\u0173 i\u0161d\u0117stymo galimybi\u0173.<\/p>\n<p>Antroje lentoje yra apskritas labirintas. Labirinto viduje yra metalinis rutulys. Vaiko u\u017eduotis \u2013 pasukti vair\u0105, kad kamuolys atvest\u0173 \u012f reikiam\u0105 ta\u0161k\u0105. Vaikas ne tik smagiai praleis laik\u0105, bet ir lavins susikaupim\u0105, d\u0117mes\u012f bei analitin\u012f, login\u012f m\u0105stym\u0105.<\/p>\n<p>Tre\u010dioje lentoje yra muzikin\u0117 panel\u0117 su spalvingais cimbolais, kurie bus puikus pirmasis instrumentas ma\u017eyliui, ir riev\u0117ta lenta, kuri taip pat skleid\u017eia garsus trinant mediniu pagaliuku. Tre\u010dioje lentoje taip pat yra apsauginis veidrodis.<\/p>\n<p>Kitoje lentoje yra fantasti\u0161kas, magnetinis labirintas su dviem lazdel\u0117mis kamuoliukams perkelti. D\u0117l to, kad m\u016bs\u0173 krokodilas turi 2 magnetines lazdas, j\u016bs\u0173 ma\u017eylis gali vienu metu treniruotis abiem rankomis arba \u017eaisti su draugu. Be to, prie kiekvieno ta\u0161ko yra skai\u010diai, kuri\u0173 d\u0117ka vaikas pradeda atsiminti ir mokytis skai\u010dius bei j\u0173 eil\u0117s tvarka. Visa ketvirtoji lenta lavina atmint\u012f, susikaupim\u0105, vizualin\u012f suvokim\u0105, savaranki\u0161kum\u0105 ir laiko valdym\u0105.<\/p>\n<p>Paskutinis elementas yra uodega, kuri turi tris skirtingus 3D labirintus. Galimyb\u0117 manipuliuoti kalad\u0117l\u0117mis ir karoliukais bei vesti juos per metalinius, spalvingus strypus sudomins kiekvien\u0105 vaik\u0105, kuris taip pat gal\u0117s praktikuoti savo rank\u0173 judesius.<\/p>\n<p>Lentoje dalyvaus visa grup\u0117 vaik\u0173, kurie smagiai \u017eaisdami mokysis veikti grup\u0117je ir bendrauti su bendraam\u017eiais.<\/p>\n<p>Lenta padeda treniruotis:<\/p>\n<p> \t&#8211; koncentracija,<br \/>\n \t&#8211; nepriklausomyb\u0119,<br \/>\n \t&#8211; laiko organizavimas,<br \/>\n \t&#8211; lavina atmint\u012f,<br \/>\n \t&#8211; loginis m\u0105stymas,<br \/>\n \t&#8211; rank\u0173 ir pir\u0161t\u0173 motorika.<\/p>\n<p>Lenta vienu metu gali naudotis iki keli\u0173 vaik\u0173, kuri\u0173 d\u0117ka vaikai i\u0161moksta veikti grup\u0117je ir bendrauti su bendraam\u017eiais.<\/p>\n<p>Visas gaminys pagamintas i\u0161 lakuotos medienos, nuda\u017eytos vaikams saugiais da\u017eais ry\u0161kiomis spalvomis, kurios patenkins kiekvien\u0105 vartotoj\u0105 ir suteiks daug malonumo \u017eaid\u017eiant.<\/p>\n<p>Pakuot\u0117s matmenys: 187 x 61 x 16,5 cm.<\/p>\n<p>\u201eViga\u201c yra prek\u0117s \u017eenklas, \u012fregistruotas 2003 m., ta\u010diau jau veikiantis daugiau nei 60 pasaulio \u0161ali\u0173. J\u0173 novatori\u0161kos id\u0117jos sulauk\u0117 pripa\u017einimo, be kita ko. Europoje, JAV, tolimojoje Australijoje ir Japonijoje. \u012emon\u0117s \u012fk\u016br\u0117jai atkreip\u0117 d\u0117mes\u012f \u012f tyrim\u0173 rezultatus, parodan\u010dius \u017eaidimo ir mokymosi ry\u0161\u012f ankstyvaisiais vaik\u0173 raidos metais. Siekdamas pad\u0117ti t\u0117vams ir ugdymo \u012fstaigoms auginti vaikus ir i\u0161gelb\u0117ti juos nuo virtualaus pasaulio, galin\u010dio gerokai i\u0161kreipti tikrov\u0119, gamintojas si\u016blo inovatyv\u0173 asortiment\u0105 i\u0161 nat\u016brali\u0173 med\u017eiag\u0173, gaut\u0173 ekologi\u0161k\u0173 gamybos proces\u0173 metu Medini\u0173 gamini\u0173 saugumas ir kokyb\u0117 yra \u201eVigi\u201c prioritetas , gamintojas pasir\u016bpino, kad \u017eaislams da\u017eyti naudojami da\u017eai atitikt\u0173 EN71 ir ASTM saugos standartus.<\/p>","protected":false},"excerpt":{"rendered":"<p>Viga sensorin\u0117 manipuliacin\u0117 mokomoji krokodilo lenta puikiai tinka naudoti namuose\u00a0,\u00a0vaik\u0173\u00a0dar\u017eelyje\u00a0ar\u00a0\u017eaidim\u0173 kambaryje. Pirmasis elementas yra krokodilo galva. \u010cia j\u016bs\u0173 ma\u017eylis ras<\/p>","protected":false},"featured_media":56042,"template":"","meta":{"_acf_changed":false,"_glsr_average":0,"_glsr_ranking":0,"_glsr_reviews":0},"product_brand":[],"product_cat":[549],"product_tag":[],"class_list":{"0":"post-89732","1":"product","2":"type-product","3":"status-publish","4":"has-post-thumbnail","6":"product_cat-manipuliacines-lentos","7":"\"style=\"background-color: #2ecc711c;\"","9":"first","10":"instock","11":"purchasable","12":"product-type-simple"},"acf":[],"yoast_head":"<!-- This site is optimized with the Yoast SEO plugin v27.3 - https:\/\/yoast.com\/product\/yoast-seo-wordpress\/ -->\n<title>Sensorinio manipuliavimo lenta krokodilas<\/title>\n<meta name=\"description\" content=\"Sensorinio manipuliavimo lenta krokodilas - KidsPlay. Did\u017eiausias vaik\u0173 \u017eaisl\u0173 pasirinkimas.\" \/>\n<meta name=\"robots\" content=\"index, follow, max-snippet:-1, max-image-preview:large, max-video-preview:-1\" \/>\n<link rel=\"canonical\" href=\"https:\/\/kidsplay.lt\/lv\/product\/sensorinio-manipuliavimo-lenta-krokodilas\/\" \/>\n<meta property=\"og:locale\" content=\"lv_LV\" \/>\n<meta property=\"og:type\" content=\"article\" \/>\n<meta property=\"og:title\" content=\"Sensorinio manipuliavimo lenta krokodilas\" \/>\n<meta property=\"og:description\" content=\"Sensorinio manipuliavimo lenta krokodilas - KidsPlay. Did\u017eiausias vaik\u0173 \u017eaisl\u0173 pasirinkimas.\" \/>\n<meta property=\"og:url\" content=\"https:\/\/kidsplay.lt\/lv\/product\/sensorinio-manipuliavimo-lenta-krokodilas\/\" \/>\n<meta property=\"og:site_name\" content=\"KidsPlay\" \/>\n<meta property=\"article:publisher\" content=\"https:\/\/www.facebook.com\/www.kidsplay.lt\" \/>\n<meta property=\"article:modified_time\" content=\"2026-04-07T07:44:14+00:00\" \/>\n<meta property=\"og:image\" content=\"https:\/\/kidsplay.lt\/wp-content\/uploads\/2024\/09\/Sensorinio-manipuliavimo-lenta-krokodilas.jpg\" \/>\n\t<meta property=\"og:image:width\" content=\"2500\" \/>\n\t<meta property=\"og:image:height\" content=\"2500\" \/>\n\t<meta property=\"og:image:type\" content=\"image\/jpeg\" \/>\n<meta name=\"twitter:card\" content=\"summary_large_image\" \/>\n<meta name=\"twitter:label1\" content=\"Est. reading time\" \/>\n\t<meta name=\"twitter:data1\" content=\"2 min\u016btes\" \/>\n<script type=\"application\/ld+json\" class=\"yoast-schema-graph\">{\"@context\":\"https:\\\/\\\/schema.org\",\"@graph\":[{\"@type\":\"WebPage\",\"@id\":\"https:\\\/\\\/kidsplay.lt\\\/produktas\\\/sensorinio-manipuliavimo-lenta-krokodilas\\\/\",\"url\":\"https:\\\/\\\/kidsplay.lt\\\/produktas\\\/sensorinio-manipuliavimo-lenta-krokodilas\\\/\",\"name\":\"Sensorinio manipuliavimo lenta krokodilas\",\"isPartOf\":{\"@id\":\"https:\\\/\\\/kidsplay.lt\\\/#website\"},\"primaryImageOfPage\":{\"@id\":\"https:\\\/\\\/kidsplay.lt\\\/produktas\\\/sensorinio-manipuliavimo-lenta-krokodilas\\\/#primaryimage\"},\"image\":{\"@id\":\"https:\\\/\\\/kidsplay.lt\\\/produktas\\\/sensorinio-manipuliavimo-lenta-krokodilas\\\/#primaryimage\"},\"thumbnailUrl\":\"https:\\\/\\\/kidsplay.lt\\\/wp-content\\\/uploads\\\/2024\\\/09\\\/Sensorinio-manipuliavimo-lenta-krokodilas.jpg\",\"datePublished\":\"2026-02-26T07:28:36+00:00\",\"dateModified\":\"2026-04-07T07:44:14+00:00\",\"description\":\"Sensorinio manipuliavimo lenta krokodilas - KidsPlay. Did\u017eiausias vaik\u0173 \u017eaisl\u0173 pasirinkimas.\",\"breadcrumb\":{\"@id\":\"https:\\\/\\\/kidsplay.lt\\\/produktas\\\/sensorinio-manipuliavimo-lenta-krokodilas\\\/#breadcrumb\"},\"inLanguage\":\"lv-LV\",\"potentialAction\":[{\"@type\":\"ReadAction\",\"target\":[\"https:\\\/\\\/kidsplay.lt\\\/produktas\\\/sensorinio-manipuliavimo-lenta-krokodilas\\\/\"]}]},{\"@type\":\"ImageObject\",\"inLanguage\":\"lv-LV\",\"@id\":\"https:\\\/\\\/kidsplay.lt\\\/produktas\\\/sensorinio-manipuliavimo-lenta-krokodilas\\\/#primaryimage\",\"url\":\"https:\\\/\\\/kidsplay.lt\\\/wp-content\\\/uploads\\\/2024\\\/09\\\/Sensorinio-manipuliavimo-lenta-krokodilas.jpg\",\"contentUrl\":\"https:\\\/\\\/kidsplay.lt\\\/wp-content\\\/uploads\\\/2024\\\/09\\\/Sensorinio-manipuliavimo-lenta-krokodilas.jpg\",\"width\":2500,\"height\":2500,\"caption\":\"Sensorinio manipuliavimo lenta krokodilas\"},{\"@type\":\"BreadcrumbList\",\"@id\":\"https:\\\/\\\/kidsplay.lt\\\/produktas\\\/sensorinio-manipuliavimo-lenta-krokodilas\\\/#breadcrumb\",\"itemListElement\":[{\"@type\":\"ListItem\",\"position\":1,\"name\":\"Pagrindinis\",\"item\":\"https:\\\/\\\/kidsplay.lt\\\/\"},{\"@type\":\"ListItem\",\"position\":2,\"name\":\"Parduotuv\u0117\",\"item\":\"https:\\\/\\\/kidsplay.lt\\\/parduotuve\\\/\"},{\"@type\":\"ListItem\",\"position\":3,\"name\":\"Sensorinio manipuliavimo lenta krokodilas\"}]},{\"@type\":\"WebSite\",\"@id\":\"https:\\\/\\\/kidsplay.lt\\\/#website\",\"url\":\"https:\\\/\\\/kidsplay.lt\\\/\",\"name\":\"Kidsplay.lt\",\"description\":\"\u012evairios prek\u0117s vaikams\",\"publisher\":{\"@id\":\"https:\\\/\\\/kidsplay.lt\\\/#organization\"},\"alternateName\":\"Kidsplay\",\"potentialAction\":[{\"@type\":\"SearchAction\",\"target\":{\"@type\":\"EntryPoint\",\"urlTemplate\":\"https:\\\/\\\/kidsplay.lt\\\/?s={search_term_string}\"},\"query-input\":{\"@type\":\"PropertyValueSpecification\",\"valueRequired\":true,\"valueName\":\"search_term_string\"}}],\"inLanguage\":\"lv-LV\"},{\"@type\":\"Organization\",\"@id\":\"https:\\\/\\\/kidsplay.lt\\\/#organization\",\"name\":\"KidsPlay\",\"url\":\"https:\\\/\\\/kidsplay.lt\\\/\",\"logo\":{\"@type\":\"ImageObject\",\"inLanguage\":\"lv-LV\",\"@id\":\"https:\\\/\\\/kidsplay.lt\\\/#\\\/schema\\\/logo\\\/image\\\/\",\"url\":\"https:\\\/\\\/kidsplay.lt\\\/wp-content\\\/uploads\\\/2023\\\/07\\\/kidsplay-logo.png\",\"contentUrl\":\"https:\\\/\\\/kidsplay.lt\\\/wp-content\\\/uploads\\\/2023\\\/07\\\/kidsplay-logo.png\",\"width\":451,\"height\":98,\"caption\":\"KidsPlay\"},\"image\":{\"@id\":\"https:\\\/\\\/kidsplay.lt\\\/#\\\/schema\\\/logo\\\/image\\\/\"},\"sameAs\":[\"https:\\\/\\\/www.facebook.com\\\/www.kidsplay.lt\"]}]}<\/script>\n<!-- \/ Yoast SEO plugin. -->","yoast_head_json":{"title":"Sensorinio manipuliavimo lenta krokodilas","description":"Sensorinio manipuliavimo lenta krokodilas - KidsPlay. Did\u017eiausias vaik\u0173 \u017eaisl\u0173 pasirinkimas.","robots":{"index":"index","follow":"follow","max-snippet":"max-snippet:-1","max-image-preview":"max-image-preview:large","max-video-preview":"max-video-preview:-1"},"canonical":"https:\/\/kidsplay.lt\/lv\/product\/sensorinio-manipuliavimo-lenta-krokodilas\/","og_locale":"lv_LV","og_type":"article","og_title":"Sensorinio manipuliavimo lenta krokodilas","og_description":"Sensorinio manipuliavimo lenta krokodilas - KidsPlay. Did\u017eiausias vaik\u0173 \u017eaisl\u0173 pasirinkimas.","og_url":"https:\/\/kidsplay.lt\/lv\/product\/sensorinio-manipuliavimo-lenta-krokodilas\/","og_site_name":"KidsPlay","article_publisher":"https:\/\/www.facebook.com\/www.kidsplay.lt","article_modified_time":"2026-04-07T07:44:14+00:00","og_image":[{"width":2500,"height":2500,"url":"https:\/\/kidsplay.lt\/wp-content\/uploads\/2024\/09\/Sensorinio-manipuliavimo-lenta-krokodilas.jpg","type":"image\/jpeg"}],"twitter_card":"summary_large_image","twitter_misc":{"Est. reading time":"2 min\u016btes"},"schema":{"@context":"https:\/\/schema.org","@graph":[{"@type":"WebPage","@id":"https:\/\/kidsplay.lt\/produktas\/sensorinio-manipuliavimo-lenta-krokodilas\/","url":"https:\/\/kidsplay.lt\/produktas\/sensorinio-manipuliavimo-lenta-krokodilas\/","name":"Sensorinio manipuliavimo lenta krokodilas","isPartOf":{"@id":"https:\/\/kidsplay.lt\/#website"},"primaryImageOfPage":{"@id":"https:\/\/kidsplay.lt\/produktas\/sensorinio-manipuliavimo-lenta-krokodilas\/#primaryimage"},"image":{"@id":"https:\/\/kidsplay.lt\/produktas\/sensorinio-manipuliavimo-lenta-krokodilas\/#primaryimage"},"thumbnailUrl":"https:\/\/kidsplay.lt\/wp-content\/uploads\/2024\/09\/Sensorinio-manipuliavimo-lenta-krokodilas.jpg","datePublished":"2026-02-26T07:28:36+00:00","dateModified":"2026-04-07T07:44:14+00:00","description":"Sensorinio manipuliavimo lenta krokodilas - KidsPlay. Did\u017eiausias vaik\u0173 \u017eaisl\u0173 pasirinkimas.","breadcrumb":{"@id":"https:\/\/kidsplay.lt\/produktas\/sensorinio-manipuliavimo-lenta-krokodilas\/#breadcrumb"},"inLanguage":"lv-LV","potentialAction":[{"@type":"ReadAction","target":["https:\/\/kidsplay.lt\/produktas\/sensorinio-manipuliavimo-lenta-krokodilas\/"]}]},{"@type":"ImageObject","inLanguage":"lv-LV","@id":"https:\/\/kidsplay.lt\/produktas\/sensorinio-manipuliavimo-lenta-krokodilas\/#primaryimage","url":"https:\/\/kidsplay.lt\/wp-content\/uploads\/2024\/09\/Sensorinio-manipuliavimo-lenta-krokodilas.jpg","contentUrl":"https:\/\/kidsplay.lt\/wp-content\/uploads\/2024\/09\/Sensorinio-manipuliavimo-lenta-krokodilas.jpg","width":2500,"height":2500,"caption":"Sensorinio manipuliavimo lenta krokodilas"},{"@type":"BreadcrumbList","@id":"https:\/\/kidsplay.lt\/produktas\/sensorinio-manipuliavimo-lenta-krokodilas\/#breadcrumb","itemListElement":[{"@type":"ListItem","position":1,"name":"Pagrindinis","item":"https:\/\/kidsplay.lt\/"},{"@type":"ListItem","position":2,"name":"Parduotuv\u0117","item":"https:\/\/kidsplay.lt\/parduotuve\/"},{"@type":"ListItem","position":3,"name":"Sensorinio manipuliavimo lenta krokodilas"}]},{"@type":"WebSite","@id":"https:\/\/kidsplay.lt\/#website","url":"https:\/\/kidsplay.lt\/","name":"B\u0113rnu sp\u0113les.lv","description":"\u012evairios prek\u0117s vaikams","publisher":{"@id":"https:\/\/kidsplay.lt\/#organization"},"alternateName":"Kidsplay","potentialAction":[{"@type":"SearchAction","target":{"@type":"EntryPoint","urlTemplate":"https:\/\/kidsplay.lt\/?s={search_term_string}"},"query-input":{"@type":"PropertyValueSpecification","valueRequired":true,"valueName":"search_term_string"}}],"inLanguage":"lv-LV"},{"@type":"Organization","@id":"https:\/\/kidsplay.lt\/#organization","name":"B\u0113rnu sp\u0113le","url":"https:\/\/kidsplay.lt\/","logo":{"@type":"ImageObject","inLanguage":"lv-LV","@id":"https:\/\/kidsplay.lt\/#\/schema\/logo\/image\/","url":"https:\/\/kidsplay.lt\/wp-content\/uploads\/2023\/07\/kidsplay-logo.png","contentUrl":"https:\/\/kidsplay.lt\/wp-content\/uploads\/2023\/07\/kidsplay-logo.png","width":451,"height":98,"caption":"KidsPlay"},"image":{"@id":"https:\/\/kidsplay.lt\/#\/schema\/logo\/image\/"},"sameAs":["https:\/\/www.facebook.com\/www.kidsplay.lt"]}]}},"_links":{"self":[{"href":"https:\/\/kidsplay.lt\/lv\/wp-json\/wp\/v2\/product\/89732","targetHints":{"allow":["GET"]}}],"collection":[{"href":"https:\/\/kidsplay.lt\/lv\/wp-json\/wp\/v2\/product"}],"about":[{"href":"https:\/\/kidsplay.lt\/lv\/wp-json\/wp\/v2\/types\/product"}],"version-history":[{"count":1,"href":"https:\/\/kidsplay.lt\/lv\/wp-json\/wp\/v2\/product\/89732\/revisions"}],"predecessor-version":[{"id":89733,"href":"https:\/\/kidsplay.lt\/lv\/wp-json\/wp\/v2\/product\/89732\/revisions\/89733"}],"wp:featuredmedia":[{"embeddable":true,"href":"https:\/\/kidsplay.lt\/lv\/wp-json\/wp\/v2\/media\/56042"}],"wp:attachment":[{"href":"https:\/\/kidsplay.lt\/lv\/wp-json\/wp\/v2\/media?parent=89732"}],"wp:term":[{"taxonomy":"product_brand","embeddable":true,"href":"https:\/\/kidsplay.lt\/lv\/wp-json\/wp\/v2\/product_brand?post=89732"},{"taxonomy":"product_cat","embeddable":true,"href":"https:\/\/kidsplay.lt\/lv\/wp-json\/wp\/v2\/product_cat?post=89732"},{"taxonomy":"product_tag","embeddable":true,"href":"https:\/\/kidsplay.lt\/lv\/wp-json\/wp\/v2\/product_tag?post=89732"}],"curies":[{"name":"wp","href":"https:\/\/api.w.org\/{rel}","templated":true}]}}