{"id":89734,"date":"2026-02-26T09:28:39","date_gmt":"2026-02-26T07:28:39","guid":{"rendered":"https:\/\/kidsplay.lt\/produktas\/viga-medine-manipuliavimo-lenta-abacus-frog\/"},"modified":"2026-04-13T15:05:38","modified_gmt":"2026-04-13T12:05:38","slug":"viga-medine-manipuliavimo-lenta-abacus-frog","status":"publish","type":"product","link":"https:\/\/kidsplay.lt\/lv\/products\/viga-medine-manipuliavimo-lenta-abacus-frog\/","title":{"rendered":"VIGA medin\u0117 manipuliavimo lenta \u201eAbacus Frog\u201c"},"content":{"rendered":"<p>\u201eViga Toys\u00a0\u201c\u00a0medinis lavinamasis sieninis abakusas\u00a0yra vienas i\u0161 pirmaujan\u010di\u0173 \u017eaisl\u0173, kuris leis j\u016bs\u0173 vaikui pasinerti \u012f \u012ftraukian\u010dio ir k\u016brybi\u0161ko \u017eaidimo pasaul\u012f. \u0160is abakusas supa\u017eindins j\u016bs\u0173 vaik\u0105 su \u012fdomiu \u017eaidimu ir pad\u0117s jam i\u0161mokti matematikos pagrind\u0173. Tai privalumai, kuri\u0173 negali pakeisti joks kitas \u017eaislas. Spalvinga varl\u0117 lavina vaizduot\u0119 ir login\u012f m\u0105stym\u0105.<\/p>\n<p>Funkcijas:<\/p>\n<p> \t&#8211;\u00a0abakus\u0105 sudaro 5 virvel\u0117s, pakabintos ant varl\u0117s formos lentos, ant kurios u\u017ed\u0117ti spalvingi mediniai diskai, kuriuos vaikas judina i\u0161 vienos pus\u0117s \u012f kit\u0105, mokydamasis matematikos taisykli\u0173,<br \/>\n \t&#8211; ant lentos pad\u0117tas \u017ealios varl\u0117s formos abakusas\u00a0patraukia d\u0117mes\u012f ir skatina \u017eaisti,<br \/>\n \t&#8211; abakusas pagamintas i\u0161 vaikams saugios medienos, da\u017eytos\u00a0netoksi\u0161kais da\u017eais.<\/p>\n<p>Rota\u013clieta att\u012bst\u0101s:<\/p>\n<p> \t&#8211;\u00a0matematiniai geb\u0117jimai,<br \/>\n \t&#8211; smulkiosios motorikos \u012fg\u016bd\u017eiai,<br \/>\n \t&#8211; k\u016brybi\u0161kumas,<br \/>\n \t&#8211; kantryb\u0117.<\/p>","protected":false},"excerpt":{"rendered":"<p>\u201eViga Toys\u00a0\u201c\u00a0medinis lavinamasis sieninis abakusas\u00a0yra vienas i\u0161 pirmaujan\u010di\u0173 \u017eaisl\u0173, kuris leis j\u016bs\u0173 vaikui pasinerti \u012f \u012ftraukian\u010dio ir k\u016brybi\u0161ko \u017eaidimo pasaul\u012f.<\/p>","protected":false},"featured_media":67181,"template":"","meta":{"_acf_changed":false,"_glsr_average":0,"_glsr_ranking":0,"_glsr_reviews":0},"product_brand":[],"product_cat":[884,883,229],"product_tag":[],"class_list":{"0":"post-89734","1":"product","2":"type-product","3":"status-publish","4":"has-post-thumbnail","6":"product_cat-edukaciniai-lavinamieji-mediniai-zaislai","7":"product_cat-mediniai-zaislai-2","8":"product_cat-zaislai-vaikams","9":"\"style=\"background-color: #2ecc711c;\"","11":"first","12":"instock","13":"purchasable","14":"product-type-simple"},"acf":[],"yoast_head":"<!-- This site is optimized with the Yoast SEO plugin v27.4 - https:\/\/yoast.com\/product\/yoast-seo-wordpress\/ -->\n<title>VIGA medin\u0117 manipuliavimo lenta \u201eAbacus Frog\u201c<\/title>\n<meta name=\"description\" content=\"VIGA medin\u0117 manipuliavimo lenta \u201eAbacus Frog\u201c - KidsPlay. Did\u017eiausias vaik\u0173 \u017eaisl\u0173 pasirinkimas.\" \/>\n<meta name=\"robots\" content=\"index, follow, max-snippet:-1, max-image-preview:large, max-video-preview:-1\" \/>\n<link rel=\"canonical\" href=\"https:\/\/kidsplay.lt\/lv\/products\/viga-medine-manipuliavimo-lenta-abacus-frog\/\" \/>\n<meta property=\"og:locale\" content=\"lv_LV\" \/>\n<meta property=\"og:type\" content=\"article\" \/>\n<meta property=\"og:title\" content=\"VIGA medin\u0117 manipuliavimo lenta \u201eAbacus Frog\u201c\" \/>\n<meta property=\"og:description\" content=\"VIGA medin\u0117 manipuliavimo lenta \u201eAbacus Frog\u201c - KidsPlay. Did\u017eiausias vaik\u0173 \u017eaisl\u0173 pasirinkimas.\" \/>\n<meta property=\"og:url\" content=\"https:\/\/kidsplay.lt\/lv\/products\/viga-medine-manipuliavimo-lenta-abacus-frog\/\" \/>\n<meta property=\"og:site_name\" content=\"KidsPlay\" \/>\n<meta property=\"article:publisher\" content=\"https:\/\/www.facebook.com\/www.kidsplay.lt\" \/>\n<meta property=\"article:modified_time\" content=\"2026-04-13T12:05:38+00:00\" \/>\n<meta property=\"og:image\" content=\"https:\/\/kidsplay.lt\/wp-content\/uploads\/2025\/09\/VIGA-medine-manipuliavimo-lenta-\u201eAbacus-Frog.jpg\" \/>\n\t<meta property=\"og:image:width\" content=\"2560\" \/>\n\t<meta property=\"og:image:height\" content=\"2560\" \/>\n\t<meta property=\"og:image:type\" content=\"image\/jpeg\" \/>\n<meta name=\"twitter:card\" content=\"summary_large_image\" \/>\n<meta name=\"twitter:label1\" content=\"Est. reading time\" \/>\n\t<meta name=\"twitter:data1\" content=\"1 min\u016bte\" \/>\n<script type=\"application\/ld+json\" class=\"yoast-schema-graph\">{\"@context\":\"https:\\\/\\\/schema.org\",\"@graph\":[{\"@type\":\"WebPage\",\"@id\":\"https:\\\/\\\/kidsplay.lt\\\/produktas\\\/viga-medine-manipuliavimo-lenta-abacus-frog\\\/\",\"url\":\"https:\\\/\\\/kidsplay.lt\\\/produktas\\\/viga-medine-manipuliavimo-lenta-abacus-frog\\\/\",\"name\":\"VIGA medin\u0117 manipuliavimo lenta \u201eAbacus Frog\u201c\",\"isPartOf\":{\"@id\":\"https:\\\/\\\/kidsplay.lt\\\/#website\"},\"primaryImageOfPage\":{\"@id\":\"https:\\\/\\\/kidsplay.lt\\\/produktas\\\/viga-medine-manipuliavimo-lenta-abacus-frog\\\/#primaryimage\"},\"image\":{\"@id\":\"https:\\\/\\\/kidsplay.lt\\\/produktas\\\/viga-medine-manipuliavimo-lenta-abacus-frog\\\/#primaryimage\"},\"thumbnailUrl\":\"https:\\\/\\\/kidsplay.lt\\\/wp-content\\\/uploads\\\/2025\\\/09\\\/VIGA-medine-manipuliavimo-lenta-\u201eAbacus-Frog.jpg\",\"datePublished\":\"2026-02-26T07:28:39+00:00\",\"dateModified\":\"2026-04-13T12:05:38+00:00\",\"description\":\"VIGA medin\u0117 manipuliavimo lenta \u201eAbacus Frog\u201c - KidsPlay. Did\u017eiausias vaik\u0173 \u017eaisl\u0173 pasirinkimas.\",\"breadcrumb\":{\"@id\":\"https:\\\/\\\/kidsplay.lt\\\/produktas\\\/viga-medine-manipuliavimo-lenta-abacus-frog\\\/#breadcrumb\"},\"inLanguage\":\"lv-LV\",\"potentialAction\":[{\"@type\":\"ReadAction\",\"target\":[\"https:\\\/\\\/kidsplay.lt\\\/produktas\\\/viga-medine-manipuliavimo-lenta-abacus-frog\\\/\"]}]},{\"@type\":\"ImageObject\",\"inLanguage\":\"lv-LV\",\"@id\":\"https:\\\/\\\/kidsplay.lt\\\/produktas\\\/viga-medine-manipuliavimo-lenta-abacus-frog\\\/#primaryimage\",\"url\":\"https:\\\/\\\/kidsplay.lt\\\/wp-content\\\/uploads\\\/2025\\\/09\\\/VIGA-medine-manipuliavimo-lenta-\u201eAbacus-Frog.jpg\",\"contentUrl\":\"https:\\\/\\\/kidsplay.lt\\\/wp-content\\\/uploads\\\/2025\\\/09\\\/VIGA-medine-manipuliavimo-lenta-\u201eAbacus-Frog.jpg\",\"width\":2560,\"height\":2560,\"caption\":\"VIGA medin\u0117 manipuliavimo lenta \u201eAbacus Frog\u201c\"},{\"@type\":\"BreadcrumbList\",\"@id\":\"https:\\\/\\\/kidsplay.lt\\\/produktas\\\/viga-medine-manipuliavimo-lenta-abacus-frog\\\/#breadcrumb\",\"itemListElement\":[{\"@type\":\"ListItem\",\"position\":1,\"name\":\"Pagrindinis\",\"item\":\"https:\\\/\\\/kidsplay.lt\\\/\"},{\"@type\":\"ListItem\",\"position\":2,\"name\":\"Parduotuv\u0117\",\"item\":\"https:\\\/\\\/kidsplay.lt\\\/parduotuve\\\/\"},{\"@type\":\"ListItem\",\"position\":3,\"name\":\"VIGA medin\u0117 manipuliavimo lenta \u201eAbacus Frog\u201c\"}]},{\"@type\":\"WebSite\",\"@id\":\"https:\\\/\\\/kidsplay.lt\\\/#website\",\"url\":\"https:\\\/\\\/kidsplay.lt\\\/\",\"name\":\"Kidsplay.lt\",\"description\":\"\u012evairios prek\u0117s vaikams\",\"publisher\":{\"@id\":\"https:\\\/\\\/kidsplay.lt\\\/#organization\"},\"alternateName\":\"Kidsplay\",\"potentialAction\":[{\"@type\":\"SearchAction\",\"target\":{\"@type\":\"EntryPoint\",\"urlTemplate\":\"https:\\\/\\\/kidsplay.lt\\\/?s={search_term_string}\"},\"query-input\":{\"@type\":\"PropertyValueSpecification\",\"valueRequired\":true,\"valueName\":\"search_term_string\"}}],\"inLanguage\":\"lv-LV\"},{\"@type\":\"Organization\",\"@id\":\"https:\\\/\\\/kidsplay.lt\\\/#organization\",\"name\":\"KidsPlay\",\"url\":\"https:\\\/\\\/kidsplay.lt\\\/\",\"logo\":{\"@type\":\"ImageObject\",\"inLanguage\":\"lv-LV\",\"@id\":\"https:\\\/\\\/kidsplay.lt\\\/#\\\/schema\\\/logo\\\/image\\\/\",\"url\":\"https:\\\/\\\/kidsplay.lt\\\/wp-content\\\/uploads\\\/2023\\\/07\\\/kidsplay-logo.png\",\"contentUrl\":\"https:\\\/\\\/kidsplay.lt\\\/wp-content\\\/uploads\\\/2023\\\/07\\\/kidsplay-logo.png\",\"width\":451,\"height\":98,\"caption\":\"KidsPlay\"},\"image\":{\"@id\":\"https:\\\/\\\/kidsplay.lt\\\/#\\\/schema\\\/logo\\\/image\\\/\"},\"sameAs\":[\"https:\\\/\\\/www.facebook.com\\\/www.kidsplay.lt\"]}]}<\/script>\n<!-- \/ Yoast SEO plugin. -->","yoast_head_json":{"title":"VIGA medin\u0117 manipuliavimo lenta \u201eAbacus Frog\u201c","description":"VIGA medin\u0117 manipuliavimo lenta \u201eAbacus Frog\u201c - KidsPlay. Did\u017eiausias vaik\u0173 \u017eaisl\u0173 pasirinkimas.","robots":{"index":"index","follow":"follow","max-snippet":"max-snippet:-1","max-image-preview":"max-image-preview:large","max-video-preview":"max-video-preview:-1"},"canonical":"https:\/\/kidsplay.lt\/lv\/products\/viga-medine-manipuliavimo-lenta-abacus-frog\/","og_locale":"lv_LV","og_type":"article","og_title":"VIGA medin\u0117 manipuliavimo lenta \u201eAbacus Frog\u201c","og_description":"VIGA medin\u0117 manipuliavimo lenta \u201eAbacus Frog\u201c - KidsPlay. Did\u017eiausias vaik\u0173 \u017eaisl\u0173 pasirinkimas.","og_url":"https:\/\/kidsplay.lt\/lv\/products\/viga-medine-manipuliavimo-lenta-abacus-frog\/","og_site_name":"KidsPlay","article_publisher":"https:\/\/www.facebook.com\/www.kidsplay.lt","article_modified_time":"2026-04-13T12:05:38+00:00","og_image":[{"width":2560,"height":2560,"url":"https:\/\/kidsplay.lt\/wp-content\/uploads\/2025\/09\/VIGA-medine-manipuliavimo-lenta-\u201eAbacus-Frog.jpg","type":"image\/jpeg"}],"twitter_card":"summary_large_image","twitter_misc":{"Est. reading time":"1 min\u016bte"},"schema":{"@context":"https:\/\/schema.org","@graph":[{"@type":"WebPage","@id":"https:\/\/kidsplay.lt\/produktas\/viga-medine-manipuliavimo-lenta-abacus-frog\/","url":"https:\/\/kidsplay.lt\/produktas\/viga-medine-manipuliavimo-lenta-abacus-frog\/","name":"VIGA medin\u0117 manipuliavimo lenta \u201eAbacus Frog\u201c","isPartOf":{"@id":"https:\/\/kidsplay.lt\/#website"},"primaryImageOfPage":{"@id":"https:\/\/kidsplay.lt\/produktas\/viga-medine-manipuliavimo-lenta-abacus-frog\/#primaryimage"},"image":{"@id":"https:\/\/kidsplay.lt\/produktas\/viga-medine-manipuliavimo-lenta-abacus-frog\/#primaryimage"},"thumbnailUrl":"https:\/\/kidsplay.lt\/wp-content\/uploads\/2025\/09\/VIGA-medine-manipuliavimo-lenta-\u201eAbacus-Frog.jpg","datePublished":"2026-02-26T07:28:39+00:00","dateModified":"2026-04-13T12:05:38+00:00","description":"VIGA medin\u0117 manipuliavimo lenta \u201eAbacus Frog\u201c - KidsPlay. Did\u017eiausias vaik\u0173 \u017eaisl\u0173 pasirinkimas.","breadcrumb":{"@id":"https:\/\/kidsplay.lt\/produktas\/viga-medine-manipuliavimo-lenta-abacus-frog\/#breadcrumb"},"inLanguage":"lv-LV","potentialAction":[{"@type":"ReadAction","target":["https:\/\/kidsplay.lt\/produktas\/viga-medine-manipuliavimo-lenta-abacus-frog\/"]}]},{"@type":"ImageObject","inLanguage":"lv-LV","@id":"https:\/\/kidsplay.lt\/produktas\/viga-medine-manipuliavimo-lenta-abacus-frog\/#primaryimage","url":"https:\/\/kidsplay.lt\/wp-content\/uploads\/2025\/09\/VIGA-medine-manipuliavimo-lenta-\u201eAbacus-Frog.jpg","contentUrl":"https:\/\/kidsplay.lt\/wp-content\/uploads\/2025\/09\/VIGA-medine-manipuliavimo-lenta-\u201eAbacus-Frog.jpg","width":2560,"height":2560,"caption":"VIGA medin\u0117 manipuliavimo lenta \u201eAbacus Frog\u201c"},{"@type":"BreadcrumbList","@id":"https:\/\/kidsplay.lt\/produktas\/viga-medine-manipuliavimo-lenta-abacus-frog\/#breadcrumb","itemListElement":[{"@type":"ListItem","position":1,"name":"Pagrindinis","item":"https:\/\/kidsplay.lt\/"},{"@type":"ListItem","position":2,"name":"Parduotuv\u0117","item":"https:\/\/kidsplay.lt\/parduotuve\/"},{"@type":"ListItem","position":3,"name":"VIGA medin\u0117 manipuliavimo lenta \u201eAbacus Frog\u201c"}]},{"@type":"WebSite","@id":"https:\/\/kidsplay.lt\/#website","url":"https:\/\/kidsplay.lt\/","name":"B\u0113rnu sp\u0113les.lv","description":"\u012evairios prek\u0117s vaikams","publisher":{"@id":"https:\/\/kidsplay.lt\/#organization"},"alternateName":"Kidsplay","potentialAction":[{"@type":"SearchAction","target":{"@type":"EntryPoint","urlTemplate":"https:\/\/kidsplay.lt\/?s={search_term_string}"},"query-input":{"@type":"PropertyValueSpecification","valueRequired":true,"valueName":"search_term_string"}}],"inLanguage":"lv-LV"},{"@type":"Organization","@id":"https:\/\/kidsplay.lt\/#organization","name":"B\u0113rnu sp\u0113le","url":"https:\/\/kidsplay.lt\/","logo":{"@type":"ImageObject","inLanguage":"lv-LV","@id":"https:\/\/kidsplay.lt\/#\/schema\/logo\/image\/","url":"https:\/\/kidsplay.lt\/wp-content\/uploads\/2023\/07\/kidsplay-logo.png","contentUrl":"https:\/\/kidsplay.lt\/wp-content\/uploads\/2023\/07\/kidsplay-logo.png","width":451,"height":98,"caption":"KidsPlay"},"image":{"@id":"https:\/\/kidsplay.lt\/#\/schema\/logo\/image\/"},"sameAs":["https:\/\/www.facebook.com\/www.kidsplay.lt"]}]}},"_links":{"self":[{"href":"https:\/\/kidsplay.lt\/lv\/wp-json\/wp\/v2\/product\/89734","targetHints":{"allow":["GET"]}}],"collection":[{"href":"https:\/\/kidsplay.lt\/lv\/wp-json\/wp\/v2\/product"}],"about":[{"href":"https:\/\/kidsplay.lt\/lv\/wp-json\/wp\/v2\/types\/product"}],"version-history":[{"count":1,"href":"https:\/\/kidsplay.lt\/lv\/wp-json\/wp\/v2\/product\/89734\/revisions"}],"predecessor-version":[{"id":89735,"href":"https:\/\/kidsplay.lt\/lv\/wp-json\/wp\/v2\/product\/89734\/revisions\/89735"}],"wp:featuredmedia":[{"embeddable":true,"href":"https:\/\/kidsplay.lt\/lv\/wp-json\/wp\/v2\/media\/67181"}],"wp:attachment":[{"href":"https:\/\/kidsplay.lt\/lv\/wp-json\/wp\/v2\/media?parent=89734"}],"wp:term":[{"taxonomy":"product_brand","embeddable":true,"href":"https:\/\/kidsplay.lt\/lv\/wp-json\/wp\/v2\/product_brand?post=89734"},{"taxonomy":"product_cat","embeddable":true,"href":"https:\/\/kidsplay.lt\/lv\/wp-json\/wp\/v2\/product_cat?post=89734"},{"taxonomy":"product_tag","embeddable":true,"href":"https:\/\/kidsplay.lt\/lv\/wp-json\/wp\/v2\/product_tag?post=89734"}],"curies":[{"name":"wp","href":"https:\/\/api.w.org\/{rel}","templated":true}]}}