{"id":89736,"date":"2026-02-26T09:28:41","date_gmt":"2026-02-26T07:28:41","guid":{"rendered":"https:\/\/kidsplay.lt\/produktas\/montessori-medine-skaiciu-lenta\/"},"modified":"2026-04-07T10:44:21","modified_gmt":"2026-04-07T07:44:21","slug":"montessori-medine-skaiciu-lenta","status":"publish","type":"product","link":"https:\/\/kidsplay.lt\/lv\/products\/montessori-medine-skaiciu-lenta\/","title":{"rendered":"Montessori medin\u0117 skai\u010di\u0173 lenta"},"content":{"rendered":"<p>Gerbiamo \u017eaisl\u0173 gamintojo\u00a0\u201eViga\u201c lavinamasis medinis\u00a0manipuliavimo\u00a0\u017eaidimas\u00a0\u201eKa\u010diukas\u201c vaikams\u00a0nuo 18 m\u0117nesi\u0173,\u00a0puikiai tinkantis \u012f dar\u017eel\u012f ir \u012f namus. Toks \u017eaidimas supa\u017eindins j\u016bs\u0173 vaik\u0105 su \u012fdomiomis pramogomis ir pad\u0117s i\u0161mokti matematikos pagrindus. Tai privalumai, kuri\u0173 negali pakeisti joks kitas \u017eaislas. Spalvingas \u017eaidimas lavina vaizduot\u0119 ir login\u012f m\u0105stym\u0105. Pagal\u00a0Montessori principus,\u00a0padeda vaikui susieti atitinkamus elementus, mokantis \u017eaisdami.<\/p>\n<p>Charakteristika:<\/p>\n<p> \t&#8211; \u017eaislas yra\u00a0kat\u0117s\u00a0formos\u00a0manipuliavimo lenta\u00a0su ant pilvo i\u0161kirptais labirintais, kuriais vedami blokai su skai\u010diais. Vaiko u\u017eduotis yra suderinti kalad\u0117l\u0119 su skai\u010diais su ant pilvo nupie\u0161t\u0173 \u017euv\u0173 skai\u010diumi,<br \/>\n \t&#8211; \u017eaislas pagamintas i\u0161 med\u017eio, kuris buvo lakuotas ir nuda\u017eytas vaikams saugiais da\u017eais ry\u0161kiomis spalvomis, kurios patenkins kiekvien\u0105 vartotoj\u0105 ir suteiks daug malonumo \u017eaid\u017eiant.<\/p>\n<p>\u017daislas vysto:<\/p>\n<p> \t&#8211; smulkioji motorika,<br \/>\n \t&#8211; geb\u0117jimas logi\u0161kai m\u0105styti,<br \/>\n \t&#8211; rank\u0173 ir aki\u0173 koordinacija,<br \/>\n \t&#8211; skai\u010diavimo \u012fg\u016bd\u017eiai,<br \/>\n \t&#8211; pa\u017eintiniai geb\u0117jimai.<\/p>","protected":false},"excerpt":{"rendered":"<p>Gerbiamo \u017eaisl\u0173 gamintojo\u00a0\u201eViga\u201c lavinamasis medinis\u00a0manipuliavimo\u00a0\u017eaidimas\u00a0\u201eKa\u010diukas\u201c vaikams\u00a0nuo 18 m\u0117nesi\u0173,\u00a0puikiai tinkantis \u012f dar\u017eel\u012f ir \u012f namus. Toks \u017eaidimas supa\u017eindins j\u016bs\u0173 vaik\u0105 su<\/p>","protected":false},"featured_media":59853,"template":"","meta":{"_acf_changed":false,"_glsr_average":0,"_glsr_ranking":0,"_glsr_reviews":0},"product_brand":[],"product_cat":[549,229],"product_tag":[],"class_list":{"0":"post-89736","1":"product","2":"type-product","3":"status-publish","4":"has-post-thumbnail","6":"product_cat-manipuliacines-lentos","7":"product_cat-zaislai-vaikams","8":"\"style=\"background-color: #2ecc711c;\"","10":"first","11":"instock","12":"purchasable","13":"product-type-simple"},"acf":[],"yoast_head":"<!-- This site is optimized with the Yoast SEO plugin v27.3 - https:\/\/yoast.com\/product\/yoast-seo-wordpress\/ -->\n<title>Montessori medin\u0117 skai\u010di\u0173 lenta<\/title>\n<meta name=\"description\" content=\"Montessori medin\u0117 skai\u010di\u0173 lenta - KidsPlay. Did\u017eiausias vaik\u0173 \u017eaisl\u0173 pasirinkimas.\" \/>\n<meta name=\"robots\" content=\"index, follow, max-snippet:-1, max-image-preview:large, max-video-preview:-1\" \/>\n<link rel=\"canonical\" href=\"https:\/\/kidsplay.lt\/lv\/products\/montessori-medine-skaiciu-lenta\/\" \/>\n<meta property=\"og:locale\" content=\"lv_LV\" \/>\n<meta property=\"og:type\" content=\"article\" \/>\n<meta property=\"og:title\" content=\"Montessori medin\u0117 skai\u010di\u0173 lenta\" \/>\n<meta property=\"og:description\" content=\"Montessori medin\u0117 skai\u010di\u0173 lenta - KidsPlay. Did\u017eiausias vaik\u0173 \u017eaisl\u0173 pasirinkimas.\" \/>\n<meta property=\"og:url\" content=\"https:\/\/kidsplay.lt\/lv\/products\/montessori-medine-skaiciu-lenta\/\" \/>\n<meta property=\"og:site_name\" content=\"KidsPlay\" \/>\n<meta property=\"article:publisher\" content=\"https:\/\/www.facebook.com\/www.kidsplay.lt\" \/>\n<meta property=\"article:modified_time\" content=\"2026-04-07T07:44:21+00:00\" \/>\n<meta property=\"og:image\" content=\"https:\/\/kidsplay.lt\/wp-content\/uploads\/2024\/12\/Montessori-medine-skaiciu-lenta.jpg\" \/>\n\t<meta property=\"og:image:width\" content=\"1210\" \/>\n\t<meta property=\"og:image:height\" content=\"1697\" \/>\n\t<meta property=\"og:image:type\" content=\"image\/jpeg\" \/>\n<meta name=\"twitter:card\" content=\"summary_large_image\" \/>\n<meta name=\"twitter:label1\" content=\"Est. reading time\" \/>\n\t<meta name=\"twitter:data1\" content=\"1 min\u016bte\" \/>\n<script type=\"application\/ld+json\" class=\"yoast-schema-graph\">{\"@context\":\"https:\\\/\\\/schema.org\",\"@graph\":[{\"@type\":\"WebPage\",\"@id\":\"https:\\\/\\\/kidsplay.lt\\\/produktas\\\/montessori-medine-skaiciu-lenta\\\/\",\"url\":\"https:\\\/\\\/kidsplay.lt\\\/produktas\\\/montessori-medine-skaiciu-lenta\\\/\",\"name\":\"Montessori medin\u0117 skai\u010di\u0173 lenta\",\"isPartOf\":{\"@id\":\"https:\\\/\\\/kidsplay.lt\\\/#website\"},\"primaryImageOfPage\":{\"@id\":\"https:\\\/\\\/kidsplay.lt\\\/produktas\\\/montessori-medine-skaiciu-lenta\\\/#primaryimage\"},\"image\":{\"@id\":\"https:\\\/\\\/kidsplay.lt\\\/produktas\\\/montessori-medine-skaiciu-lenta\\\/#primaryimage\"},\"thumbnailUrl\":\"https:\\\/\\\/kidsplay.lt\\\/wp-content\\\/uploads\\\/2024\\\/12\\\/Montessori-medine-skaiciu-lenta.jpg\",\"datePublished\":\"2026-02-26T07:28:41+00:00\",\"dateModified\":\"2026-04-07T07:44:21+00:00\",\"description\":\"Montessori medin\u0117 skai\u010di\u0173 lenta - KidsPlay. Did\u017eiausias vaik\u0173 \u017eaisl\u0173 pasirinkimas.\",\"breadcrumb\":{\"@id\":\"https:\\\/\\\/kidsplay.lt\\\/produktas\\\/montessori-medine-skaiciu-lenta\\\/#breadcrumb\"},\"inLanguage\":\"lv-LV\",\"potentialAction\":[{\"@type\":\"ReadAction\",\"target\":[\"https:\\\/\\\/kidsplay.lt\\\/produktas\\\/montessori-medine-skaiciu-lenta\\\/\"]}]},{\"@type\":\"ImageObject\",\"inLanguage\":\"lv-LV\",\"@id\":\"https:\\\/\\\/kidsplay.lt\\\/produktas\\\/montessori-medine-skaiciu-lenta\\\/#primaryimage\",\"url\":\"https:\\\/\\\/kidsplay.lt\\\/wp-content\\\/uploads\\\/2024\\\/12\\\/Montessori-medine-skaiciu-lenta.jpg\",\"contentUrl\":\"https:\\\/\\\/kidsplay.lt\\\/wp-content\\\/uploads\\\/2024\\\/12\\\/Montessori-medine-skaiciu-lenta.jpg\",\"width\":1210,\"height\":1697,\"caption\":\"Montessori medin\u0117 skai\u010di\u0173 lenta\"},{\"@type\":\"BreadcrumbList\",\"@id\":\"https:\\\/\\\/kidsplay.lt\\\/produktas\\\/montessori-medine-skaiciu-lenta\\\/#breadcrumb\",\"itemListElement\":[{\"@type\":\"ListItem\",\"position\":1,\"name\":\"Pagrindinis\",\"item\":\"https:\\\/\\\/kidsplay.lt\\\/\"},{\"@type\":\"ListItem\",\"position\":2,\"name\":\"Parduotuv\u0117\",\"item\":\"https:\\\/\\\/kidsplay.lt\\\/parduotuve\\\/\"},{\"@type\":\"ListItem\",\"position\":3,\"name\":\"Montessori medin\u0117 skai\u010di\u0173 lenta\"}]},{\"@type\":\"WebSite\",\"@id\":\"https:\\\/\\\/kidsplay.lt\\\/#website\",\"url\":\"https:\\\/\\\/kidsplay.lt\\\/\",\"name\":\"Kidsplay.lt\",\"description\":\"\u012evairios prek\u0117s vaikams\",\"publisher\":{\"@id\":\"https:\\\/\\\/kidsplay.lt\\\/#organization\"},\"alternateName\":\"Kidsplay\",\"potentialAction\":[{\"@type\":\"SearchAction\",\"target\":{\"@type\":\"EntryPoint\",\"urlTemplate\":\"https:\\\/\\\/kidsplay.lt\\\/?s={search_term_string}\"},\"query-input\":{\"@type\":\"PropertyValueSpecification\",\"valueRequired\":true,\"valueName\":\"search_term_string\"}}],\"inLanguage\":\"lv-LV\"},{\"@type\":\"Organization\",\"@id\":\"https:\\\/\\\/kidsplay.lt\\\/#organization\",\"name\":\"KidsPlay\",\"url\":\"https:\\\/\\\/kidsplay.lt\\\/\",\"logo\":{\"@type\":\"ImageObject\",\"inLanguage\":\"lv-LV\",\"@id\":\"https:\\\/\\\/kidsplay.lt\\\/#\\\/schema\\\/logo\\\/image\\\/\",\"url\":\"https:\\\/\\\/kidsplay.lt\\\/wp-content\\\/uploads\\\/2023\\\/07\\\/kidsplay-logo.png\",\"contentUrl\":\"https:\\\/\\\/kidsplay.lt\\\/wp-content\\\/uploads\\\/2023\\\/07\\\/kidsplay-logo.png\",\"width\":451,\"height\":98,\"caption\":\"KidsPlay\"},\"image\":{\"@id\":\"https:\\\/\\\/kidsplay.lt\\\/#\\\/schema\\\/logo\\\/image\\\/\"},\"sameAs\":[\"https:\\\/\\\/www.facebook.com\\\/www.kidsplay.lt\"]}]}<\/script>\n<!-- \/ Yoast SEO plugin. -->","yoast_head_json":{"title":"Montessori medin\u0117 skai\u010di\u0173 lenta","description":"Montessori medin\u0117 skai\u010di\u0173 lenta - KidsPlay. Did\u017eiausias vaik\u0173 \u017eaisl\u0173 pasirinkimas.","robots":{"index":"index","follow":"follow","max-snippet":"max-snippet:-1","max-image-preview":"max-image-preview:large","max-video-preview":"max-video-preview:-1"},"canonical":"https:\/\/kidsplay.lt\/lv\/products\/montessori-medine-skaiciu-lenta\/","og_locale":"lv_LV","og_type":"article","og_title":"Montessori medin\u0117 skai\u010di\u0173 lenta","og_description":"Montessori medin\u0117 skai\u010di\u0173 lenta - KidsPlay. Did\u017eiausias vaik\u0173 \u017eaisl\u0173 pasirinkimas.","og_url":"https:\/\/kidsplay.lt\/lv\/products\/montessori-medine-skaiciu-lenta\/","og_site_name":"KidsPlay","article_publisher":"https:\/\/www.facebook.com\/www.kidsplay.lt","article_modified_time":"2026-04-07T07:44:21+00:00","og_image":[{"width":1210,"height":1697,"url":"https:\/\/kidsplay.lt\/wp-content\/uploads\/2024\/12\/Montessori-medine-skaiciu-lenta.jpg","type":"image\/jpeg"}],"twitter_card":"summary_large_image","twitter_misc":{"Est. reading time":"1 min\u016bte"},"schema":{"@context":"https:\/\/schema.org","@graph":[{"@type":"WebPage","@id":"https:\/\/kidsplay.lt\/produktas\/montessori-medine-skaiciu-lenta\/","url":"https:\/\/kidsplay.lt\/produktas\/montessori-medine-skaiciu-lenta\/","name":"Montessori medin\u0117 skai\u010di\u0173 lenta","isPartOf":{"@id":"https:\/\/kidsplay.lt\/#website"},"primaryImageOfPage":{"@id":"https:\/\/kidsplay.lt\/produktas\/montessori-medine-skaiciu-lenta\/#primaryimage"},"image":{"@id":"https:\/\/kidsplay.lt\/produktas\/montessori-medine-skaiciu-lenta\/#primaryimage"},"thumbnailUrl":"https:\/\/kidsplay.lt\/wp-content\/uploads\/2024\/12\/Montessori-medine-skaiciu-lenta.jpg","datePublished":"2026-02-26T07:28:41+00:00","dateModified":"2026-04-07T07:44:21+00:00","description":"Montessori medin\u0117 skai\u010di\u0173 lenta - KidsPlay. Did\u017eiausias vaik\u0173 \u017eaisl\u0173 pasirinkimas.","breadcrumb":{"@id":"https:\/\/kidsplay.lt\/produktas\/montessori-medine-skaiciu-lenta\/#breadcrumb"},"inLanguage":"lv-LV","potentialAction":[{"@type":"ReadAction","target":["https:\/\/kidsplay.lt\/produktas\/montessori-medine-skaiciu-lenta\/"]}]},{"@type":"ImageObject","inLanguage":"lv-LV","@id":"https:\/\/kidsplay.lt\/produktas\/montessori-medine-skaiciu-lenta\/#primaryimage","url":"https:\/\/kidsplay.lt\/wp-content\/uploads\/2024\/12\/Montessori-medine-skaiciu-lenta.jpg","contentUrl":"https:\/\/kidsplay.lt\/wp-content\/uploads\/2024\/12\/Montessori-medine-skaiciu-lenta.jpg","width":1210,"height":1697,"caption":"Montessori medin\u0117 skai\u010di\u0173 lenta"},{"@type":"BreadcrumbList","@id":"https:\/\/kidsplay.lt\/produktas\/montessori-medine-skaiciu-lenta\/#breadcrumb","itemListElement":[{"@type":"ListItem","position":1,"name":"Pagrindinis","item":"https:\/\/kidsplay.lt\/"},{"@type":"ListItem","position":2,"name":"Parduotuv\u0117","item":"https:\/\/kidsplay.lt\/parduotuve\/"},{"@type":"ListItem","position":3,"name":"Montessori medin\u0117 skai\u010di\u0173 lenta"}]},{"@type":"WebSite","@id":"https:\/\/kidsplay.lt\/#website","url":"https:\/\/kidsplay.lt\/","name":"B\u0113rnu sp\u0113les.lv","description":"\u012evairios prek\u0117s vaikams","publisher":{"@id":"https:\/\/kidsplay.lt\/#organization"},"alternateName":"Kidsplay","potentialAction":[{"@type":"SearchAction","target":{"@type":"EntryPoint","urlTemplate":"https:\/\/kidsplay.lt\/?s={search_term_string}"},"query-input":{"@type":"PropertyValueSpecification","valueRequired":true,"valueName":"search_term_string"}}],"inLanguage":"lv-LV"},{"@type":"Organization","@id":"https:\/\/kidsplay.lt\/#organization","name":"B\u0113rnu sp\u0113le","url":"https:\/\/kidsplay.lt\/","logo":{"@type":"ImageObject","inLanguage":"lv-LV","@id":"https:\/\/kidsplay.lt\/#\/schema\/logo\/image\/","url":"https:\/\/kidsplay.lt\/wp-content\/uploads\/2023\/07\/kidsplay-logo.png","contentUrl":"https:\/\/kidsplay.lt\/wp-content\/uploads\/2023\/07\/kidsplay-logo.png","width":451,"height":98,"caption":"KidsPlay"},"image":{"@id":"https:\/\/kidsplay.lt\/#\/schema\/logo\/image\/"},"sameAs":["https:\/\/www.facebook.com\/www.kidsplay.lt"]}]}},"_links":{"self":[{"href":"https:\/\/kidsplay.lt\/lv\/wp-json\/wp\/v2\/product\/89736","targetHints":{"allow":["GET"]}}],"collection":[{"href":"https:\/\/kidsplay.lt\/lv\/wp-json\/wp\/v2\/product"}],"about":[{"href":"https:\/\/kidsplay.lt\/lv\/wp-json\/wp\/v2\/types\/product"}],"version-history":[{"count":1,"href":"https:\/\/kidsplay.lt\/lv\/wp-json\/wp\/v2\/product\/89736\/revisions"}],"predecessor-version":[{"id":89737,"href":"https:\/\/kidsplay.lt\/lv\/wp-json\/wp\/v2\/product\/89736\/revisions\/89737"}],"wp:featuredmedia":[{"embeddable":true,"href":"https:\/\/kidsplay.lt\/lv\/wp-json\/wp\/v2\/media\/59853"}],"wp:attachment":[{"href":"https:\/\/kidsplay.lt\/lv\/wp-json\/wp\/v2\/media?parent=89736"}],"wp:term":[{"taxonomy":"product_brand","embeddable":true,"href":"https:\/\/kidsplay.lt\/lv\/wp-json\/wp\/v2\/product_brand?post=89736"},{"taxonomy":"product_cat","embeddable":true,"href":"https:\/\/kidsplay.lt\/lv\/wp-json\/wp\/v2\/product_cat?post=89736"},{"taxonomy":"product_tag","embeddable":true,"href":"https:\/\/kidsplay.lt\/lv\/wp-json\/wp\/v2\/product_tag?post=89736"}],"curies":[{"name":"wp","href":"https:\/\/api.w.org\/{rel}","templated":true}]}}