{"id":89742,"date":"2026-02-26T09:28:49","date_gmt":"2026-02-26T07:28:49","guid":{"rendered":"https:\/\/kidsplay.lt\/produktas\/muzikos-instrumentu-rinkinys\/"},"modified":"2026-04-07T10:44:31","modified_gmt":"2026-04-07T07:44:31","slug":"muzikos-instrumentu-rinkinys","status":"publish","type":"product","link":"https:\/\/kidsplay.lt\/lv\/products\/muzikos-instrumentu-rinkinys\/","title":{"rendered":"Muzikos instrument\u0173 rinkinys"},"content":{"rendered":"<p>Prietais\u0173 rinkinys\u00a0i\u0161 \u017einomo\u00a0Classic World\u00a0prek\u0117s \u017eenklo yra puikus produktas j\u016bs\u0173 vaikui. \u017daislas pad\u0117slavinti vaiko rankinius ir klausos \u012fg\u016bd\u017eius\u00a0bei stiprinti nat\u016bral\u0173 ritmo poj\u016bt\u012f. Rinkinyje yra\u00a09 muzikos instrumentai\u00a0, kurie bus neatsiejama kasdieni\u0173 pramog\u0173 dalis. Idealus gaminys\u00a0pasiimti su savimi keliaujant\u00a0, nes jis supakuotas \u012f\u00a0patog\u0173 krep\u0161\u012f.<\/p>\n<p>Charakteristika:<\/p>\n<p> \t&#8211;\u00a0nuo\u00a03 met\u0173 am\u017eiaus,<br \/>\n \t&#8211; mediniai gaminiai, da\u017eyti netoksi\u0161kais da\u017eais,<br \/>\n \t&#8211;\u00a0rinkinyje yra\u00a09 instrumentai,<br \/>\n \t&#8211; supakuotas originaliame mai\u0161elyje.<\/p>\n<p>Komplekt\u0101 ietilpst:<\/p>\n<p> \t&#8211; medinis agogo su pagaliuku,<br \/>\n \t&#8211; medinis kastinys,<br \/>\n \t&#8211; medinis guiro su lazda,<br \/>\n \t&#8211; mediniai klavesinai,<br \/>\n \t&#8211; mediniai marakasai,<br \/>\n \t&#8211; trikampis su lazdele,<br \/>\n \t&#8211; muzikiniai cimbolai,<br \/>\n \t&#8211; 2 jani\u010darai.<\/p>\n<p>\u017daislas vysto:<\/p>\n<p> \t&#8211; klausos koordinacija,<br \/>\n \t&#8211; \u012fg\u016bd\u017ei\u0173 \u012fg\u016bd\u017eiai,<br \/>\n \t&#8211; nat\u016bralus ritmo poj\u016btis,<br \/>\n \t&#8211; vaizduot\u0117.<\/p>\n<p>Ekologi\u0161ki \u017eaislai\u00a0\u00a0 skirti patiems ma\u017eiausiems vaikams ir yra pagaminti i\u0161 visi\u0161kai nat\u016brali\u0173, biologi\u0161kai skaid\u017ei\u0173 ir hipoalergini\u0173 med\u017eiag\u0173, tod\u0117l yra 100% saug\u016bs ir nekenksmingi ne tik aplinkai, bet ir J\u016bs\u0173 vaikui.<\/p>\n<p>\u201eClassic World\u201c \u017eaislai\u00a0supa\u017eindina vaikus su nauja fantasti\u0161ko linksmybi\u0173 dimensija!\u00a0\u00a0\u201eClassic World\u201c\u00a0\u2013 tai mediniai, ekologi\u0161ki \u017eaislai, kuri\u0173 tikslas ne tik linksmintis, bet ir lavinti vaik\u0173 k\u016brybi\u0161kum\u0105, ugdyti emocin\u012f jautrum\u0105, i\u0161mokyti susidraugauti. Atskiro pamin\u0117jimo nusipelno klasikinio pasaulio muzikiniai \u017eaislai \u2013 jie padeda ugdyti jauniausi\u0173 vaik\u0173 muzikin\u012f jautrum\u0105.<\/p>","protected":false},"excerpt":{"rendered":"<p>Prietais\u0173 rinkinys\u00a0i\u0161 \u017einomo\u00a0Classic World\u00a0prek\u0117s \u017eenklo yra puikus produktas j\u016bs\u0173 vaikui. \u017daislas pad\u0117slavinti vaiko rankinius ir klausos \u012fg\u016bd\u017eius\u00a0bei stiprinti nat\u016bral\u0173 ritmo<\/p>","protected":false},"featured_media":70574,"template":"","meta":{"_acf_changed":false,"_glsr_average":0,"_glsr_ranking":0,"_glsr_reviews":0},"product_brand":[],"product_cat":[449,673,229],"product_tag":[],"class_list":{"0":"post-89742","1":"product","2":"type-product","3":"status-publish","4":"has-post-thumbnail","6":"product_cat-muzikiniai","7":"product_cat-ugdomosios-priemones","8":"product_cat-zaislai-vaikams","9":"\"style=\"background-color: #2ecc711c;\"","11":"first","12":"instock","13":"purchasable","14":"product-type-simple"},"acf":[],"yoast_head":"<!-- This site is optimized with the Yoast SEO plugin v27.3 - https:\/\/yoast.com\/product\/yoast-seo-wordpress\/ -->\n<title>Muzikos instrument\u0173 rinkinys<\/title>\n<meta name=\"description\" content=\"Muzikos instrument\u0173 rinkinys - KidsPlay. Did\u017eiausias vaik\u0173 \u017eaisl\u0173 pasirinkimas.\" \/>\n<meta name=\"robots\" content=\"index, follow, max-snippet:-1, max-image-preview:large, max-video-preview:-1\" \/>\n<link rel=\"canonical\" href=\"https:\/\/kidsplay.lt\/lv\/products\/muzikos-instrumentu-rinkinys\/\" \/>\n<meta property=\"og:locale\" content=\"lv_LV\" \/>\n<meta property=\"og:type\" content=\"article\" \/>\n<meta property=\"og:title\" content=\"Muzikos instrument\u0173 rinkinys\" \/>\n<meta property=\"og:description\" content=\"Muzikos instrument\u0173 rinkinys - KidsPlay. Did\u017eiausias vaik\u0173 \u017eaisl\u0173 pasirinkimas.\" \/>\n<meta property=\"og:url\" content=\"https:\/\/kidsplay.lt\/lv\/products\/muzikos-instrumentu-rinkinys\/\" \/>\n<meta property=\"og:site_name\" content=\"KidsPlay\" \/>\n<meta property=\"article:publisher\" content=\"https:\/\/www.facebook.com\/www.kidsplay.lt\" \/>\n<meta property=\"article:modified_time\" content=\"2026-04-07T07:44:31+00:00\" \/>\n<meta property=\"og:image\" content=\"https:\/\/kidsplay.lt\/wp-content\/uploads\/2025\/10\/Muzikos-instrumentu-rinkinys.jpg\" \/>\n\t<meta property=\"og:image:width\" content=\"2358\" \/>\n\t<meta property=\"og:image:height\" content=\"2357\" \/>\n\t<meta property=\"og:image:type\" content=\"image\/jpeg\" \/>\n<meta name=\"twitter:card\" content=\"summary_large_image\" \/>\n<meta name=\"twitter:label1\" content=\"Est. reading time\" \/>\n\t<meta name=\"twitter:data1\" content=\"1 min\u016bte\" \/>\n<script type=\"application\/ld+json\" class=\"yoast-schema-graph\">{\"@context\":\"https:\\\/\\\/schema.org\",\"@graph\":[{\"@type\":\"WebPage\",\"@id\":\"https:\\\/\\\/kidsplay.lt\\\/produktas\\\/muzikos-instrumentu-rinkinys\\\/\",\"url\":\"https:\\\/\\\/kidsplay.lt\\\/produktas\\\/muzikos-instrumentu-rinkinys\\\/\",\"name\":\"Muzikos instrument\u0173 rinkinys\",\"isPartOf\":{\"@id\":\"https:\\\/\\\/kidsplay.lt\\\/#website\"},\"primaryImageOfPage\":{\"@id\":\"https:\\\/\\\/kidsplay.lt\\\/produktas\\\/muzikos-instrumentu-rinkinys\\\/#primaryimage\"},\"image\":{\"@id\":\"https:\\\/\\\/kidsplay.lt\\\/produktas\\\/muzikos-instrumentu-rinkinys\\\/#primaryimage\"},\"thumbnailUrl\":\"https:\\\/\\\/kidsplay.lt\\\/wp-content\\\/uploads\\\/2025\\\/10\\\/Muzikos-instrumentu-rinkinys.jpg\",\"datePublished\":\"2026-02-26T07:28:49+00:00\",\"dateModified\":\"2026-04-07T07:44:31+00:00\",\"description\":\"Muzikos instrument\u0173 rinkinys - KidsPlay. Did\u017eiausias vaik\u0173 \u017eaisl\u0173 pasirinkimas.\",\"breadcrumb\":{\"@id\":\"https:\\\/\\\/kidsplay.lt\\\/produktas\\\/muzikos-instrumentu-rinkinys\\\/#breadcrumb\"},\"inLanguage\":\"lv-LV\",\"potentialAction\":[{\"@type\":\"ReadAction\",\"target\":[\"https:\\\/\\\/kidsplay.lt\\\/produktas\\\/muzikos-instrumentu-rinkinys\\\/\"]}]},{\"@type\":\"ImageObject\",\"inLanguage\":\"lv-LV\",\"@id\":\"https:\\\/\\\/kidsplay.lt\\\/produktas\\\/muzikos-instrumentu-rinkinys\\\/#primaryimage\",\"url\":\"https:\\\/\\\/kidsplay.lt\\\/wp-content\\\/uploads\\\/2025\\\/10\\\/Muzikos-instrumentu-rinkinys.jpg\",\"contentUrl\":\"https:\\\/\\\/kidsplay.lt\\\/wp-content\\\/uploads\\\/2025\\\/10\\\/Muzikos-instrumentu-rinkinys.jpg\",\"width\":2358,\"height\":2357,\"caption\":\"Muzikos instrument\u0173 rinkinys\"},{\"@type\":\"BreadcrumbList\",\"@id\":\"https:\\\/\\\/kidsplay.lt\\\/produktas\\\/muzikos-instrumentu-rinkinys\\\/#breadcrumb\",\"itemListElement\":[{\"@type\":\"ListItem\",\"position\":1,\"name\":\"Pagrindinis\",\"item\":\"https:\\\/\\\/kidsplay.lt\\\/\"},{\"@type\":\"ListItem\",\"position\":2,\"name\":\"Parduotuv\u0117\",\"item\":\"https:\\\/\\\/kidsplay.lt\\\/parduotuve\\\/\"},{\"@type\":\"ListItem\",\"position\":3,\"name\":\"Muzikos instrument\u0173 rinkinys\"}]},{\"@type\":\"WebSite\",\"@id\":\"https:\\\/\\\/kidsplay.lt\\\/#website\",\"url\":\"https:\\\/\\\/kidsplay.lt\\\/\",\"name\":\"Kidsplay.lt\",\"description\":\"\u012evairios prek\u0117s vaikams\",\"publisher\":{\"@id\":\"https:\\\/\\\/kidsplay.lt\\\/#organization\"},\"alternateName\":\"Kidsplay\",\"potentialAction\":[{\"@type\":\"SearchAction\",\"target\":{\"@type\":\"EntryPoint\",\"urlTemplate\":\"https:\\\/\\\/kidsplay.lt\\\/?s={search_term_string}\"},\"query-input\":{\"@type\":\"PropertyValueSpecification\",\"valueRequired\":true,\"valueName\":\"search_term_string\"}}],\"inLanguage\":\"lv-LV\"},{\"@type\":\"Organization\",\"@id\":\"https:\\\/\\\/kidsplay.lt\\\/#organization\",\"name\":\"KidsPlay\",\"url\":\"https:\\\/\\\/kidsplay.lt\\\/\",\"logo\":{\"@type\":\"ImageObject\",\"inLanguage\":\"lv-LV\",\"@id\":\"https:\\\/\\\/kidsplay.lt\\\/#\\\/schema\\\/logo\\\/image\\\/\",\"url\":\"https:\\\/\\\/kidsplay.lt\\\/wp-content\\\/uploads\\\/2023\\\/07\\\/kidsplay-logo.png\",\"contentUrl\":\"https:\\\/\\\/kidsplay.lt\\\/wp-content\\\/uploads\\\/2023\\\/07\\\/kidsplay-logo.png\",\"width\":451,\"height\":98,\"caption\":\"KidsPlay\"},\"image\":{\"@id\":\"https:\\\/\\\/kidsplay.lt\\\/#\\\/schema\\\/logo\\\/image\\\/\"},\"sameAs\":[\"https:\\\/\\\/www.facebook.com\\\/www.kidsplay.lt\"]}]}<\/script>\n<!-- \/ Yoast SEO plugin. -->","yoast_head_json":{"title":"Muzikos instrument\u0173 rinkinys","description":"Muzikos instrument\u0173 rinkinys - KidsPlay. Did\u017eiausias vaik\u0173 \u017eaisl\u0173 pasirinkimas.","robots":{"index":"index","follow":"follow","max-snippet":"max-snippet:-1","max-image-preview":"max-image-preview:large","max-video-preview":"max-video-preview:-1"},"canonical":"https:\/\/kidsplay.lt\/lv\/products\/muzikos-instrumentu-rinkinys\/","og_locale":"lv_LV","og_type":"article","og_title":"Muzikos instrument\u0173 rinkinys","og_description":"Muzikos instrument\u0173 rinkinys - KidsPlay. Did\u017eiausias vaik\u0173 \u017eaisl\u0173 pasirinkimas.","og_url":"https:\/\/kidsplay.lt\/lv\/products\/muzikos-instrumentu-rinkinys\/","og_site_name":"KidsPlay","article_publisher":"https:\/\/www.facebook.com\/www.kidsplay.lt","article_modified_time":"2026-04-07T07:44:31+00:00","og_image":[{"width":2358,"height":2357,"url":"https:\/\/kidsplay.lt\/wp-content\/uploads\/2025\/10\/Muzikos-instrumentu-rinkinys.jpg","type":"image\/jpeg"}],"twitter_card":"summary_large_image","twitter_misc":{"Est. reading time":"1 min\u016bte"},"schema":{"@context":"https:\/\/schema.org","@graph":[{"@type":"WebPage","@id":"https:\/\/kidsplay.lt\/produktas\/muzikos-instrumentu-rinkinys\/","url":"https:\/\/kidsplay.lt\/produktas\/muzikos-instrumentu-rinkinys\/","name":"Muzikos instrument\u0173 rinkinys","isPartOf":{"@id":"https:\/\/kidsplay.lt\/#website"},"primaryImageOfPage":{"@id":"https:\/\/kidsplay.lt\/produktas\/muzikos-instrumentu-rinkinys\/#primaryimage"},"image":{"@id":"https:\/\/kidsplay.lt\/produktas\/muzikos-instrumentu-rinkinys\/#primaryimage"},"thumbnailUrl":"https:\/\/kidsplay.lt\/wp-content\/uploads\/2025\/10\/Muzikos-instrumentu-rinkinys.jpg","datePublished":"2026-02-26T07:28:49+00:00","dateModified":"2026-04-07T07:44:31+00:00","description":"Muzikos instrument\u0173 rinkinys - KidsPlay. Did\u017eiausias vaik\u0173 \u017eaisl\u0173 pasirinkimas.","breadcrumb":{"@id":"https:\/\/kidsplay.lt\/produktas\/muzikos-instrumentu-rinkinys\/#breadcrumb"},"inLanguage":"lv-LV","potentialAction":[{"@type":"ReadAction","target":["https:\/\/kidsplay.lt\/produktas\/muzikos-instrumentu-rinkinys\/"]}]},{"@type":"ImageObject","inLanguage":"lv-LV","@id":"https:\/\/kidsplay.lt\/produktas\/muzikos-instrumentu-rinkinys\/#primaryimage","url":"https:\/\/kidsplay.lt\/wp-content\/uploads\/2025\/10\/Muzikos-instrumentu-rinkinys.jpg","contentUrl":"https:\/\/kidsplay.lt\/wp-content\/uploads\/2025\/10\/Muzikos-instrumentu-rinkinys.jpg","width":2358,"height":2357,"caption":"Muzikos instrument\u0173 rinkinys"},{"@type":"BreadcrumbList","@id":"https:\/\/kidsplay.lt\/produktas\/muzikos-instrumentu-rinkinys\/#breadcrumb","itemListElement":[{"@type":"ListItem","position":1,"name":"Pagrindinis","item":"https:\/\/kidsplay.lt\/"},{"@type":"ListItem","position":2,"name":"Parduotuv\u0117","item":"https:\/\/kidsplay.lt\/parduotuve\/"},{"@type":"ListItem","position":3,"name":"Muzikos instrument\u0173 rinkinys"}]},{"@type":"WebSite","@id":"https:\/\/kidsplay.lt\/#website","url":"https:\/\/kidsplay.lt\/","name":"B\u0113rnu sp\u0113les.lv","description":"\u012evairios prek\u0117s vaikams","publisher":{"@id":"https:\/\/kidsplay.lt\/#organization"},"alternateName":"Kidsplay","potentialAction":[{"@type":"SearchAction","target":{"@type":"EntryPoint","urlTemplate":"https:\/\/kidsplay.lt\/?s={search_term_string}"},"query-input":{"@type":"PropertyValueSpecification","valueRequired":true,"valueName":"search_term_string"}}],"inLanguage":"lv-LV"},{"@type":"Organization","@id":"https:\/\/kidsplay.lt\/#organization","name":"B\u0113rnu sp\u0113le","url":"https:\/\/kidsplay.lt\/","logo":{"@type":"ImageObject","inLanguage":"lv-LV","@id":"https:\/\/kidsplay.lt\/#\/schema\/logo\/image\/","url":"https:\/\/kidsplay.lt\/wp-content\/uploads\/2023\/07\/kidsplay-logo.png","contentUrl":"https:\/\/kidsplay.lt\/wp-content\/uploads\/2023\/07\/kidsplay-logo.png","width":451,"height":98,"caption":"KidsPlay"},"image":{"@id":"https:\/\/kidsplay.lt\/#\/schema\/logo\/image\/"},"sameAs":["https:\/\/www.facebook.com\/www.kidsplay.lt"]}]}},"_links":{"self":[{"href":"https:\/\/kidsplay.lt\/lv\/wp-json\/wp\/v2\/product\/89742","targetHints":{"allow":["GET"]}}],"collection":[{"href":"https:\/\/kidsplay.lt\/lv\/wp-json\/wp\/v2\/product"}],"about":[{"href":"https:\/\/kidsplay.lt\/lv\/wp-json\/wp\/v2\/types\/product"}],"version-history":[{"count":1,"href":"https:\/\/kidsplay.lt\/lv\/wp-json\/wp\/v2\/product\/89742\/revisions"}],"predecessor-version":[{"id":89743,"href":"https:\/\/kidsplay.lt\/lv\/wp-json\/wp\/v2\/product\/89742\/revisions\/89743"}],"wp:featuredmedia":[{"embeddable":true,"href":"https:\/\/kidsplay.lt\/lv\/wp-json\/wp\/v2\/media\/70574"}],"wp:attachment":[{"href":"https:\/\/kidsplay.lt\/lv\/wp-json\/wp\/v2\/media?parent=89742"}],"wp:term":[{"taxonomy":"product_brand","embeddable":true,"href":"https:\/\/kidsplay.lt\/lv\/wp-json\/wp\/v2\/product_brand?post=89742"},{"taxonomy":"product_cat","embeddable":true,"href":"https:\/\/kidsplay.lt\/lv\/wp-json\/wp\/v2\/product_cat?post=89742"},{"taxonomy":"product_tag","embeddable":true,"href":"https:\/\/kidsplay.lt\/lv\/wp-json\/wp\/v2\/product_tag?post=89742"}],"curies":[{"name":"wp","href":"https:\/\/api.w.org\/{rel}","templated":true}]}}