{"id":89744,"date":"2026-02-26T09:28:52","date_gmt":"2026-02-26T07:28:52","guid":{"rendered":"https:\/\/kidsplay.lt\/produktas\/medinis-stumdukas-veiklos-centras\/"},"modified":"2026-04-07T10:44:34","modified_gmt":"2026-04-07T07:44:34","slug":"medinis-stumdukas-veiklos-centras","status":"publish","type":"product","link":"https:\/\/kidsplay.lt\/lv\/products\/medinis-stumdukas-veiklos-centras\/","title":{"rendered":"Medinis stumdukas &#8211; veiklos centras"},"content":{"rendered":"<p>\u201eRider Walker\u201c\u00a0\u00a0yra puikus \u017eaislas i\u0161\u00a0\u00a0\u201eClassic World\u201c.\u00a0\u00a0Tai puiki pagalba j\u016bs\u0173 vaikui \u017eengiant \u0161iuos svarbius\u00a0\u00a0pirmuosius \u017eingsnius.\u00a0\u00a0Spalvinga transporto priemon\u0117 yra fantasti\u0161kas \u017eaislas, kuris leis j\u016bs\u0173 ma\u017eyliui smagiai praleisti daug valand\u0173. \u017daislas savo forma pana\u0161i \u012f \u017eaislin\u012f automobil\u012f, tod\u0117l vaikas gali \u012fsivaizduoti, kad jis lenktyniauja kaip lenktyninis automobilis.<\/p>\n<p>Charakteristika:<\/p>\n<p> \t&#8211; Medin\u0117 konstrukcija su\u00a0\u00a0\u00a0vaikams patogiais\u00a0u\u017eapvalintais kra\u0161tais .<br \/>\n \t\u00a0\u2013 Spalvinga i\u0161vaizda\u00a0traukia vaikus\u00a0\u00a0ir kelia susidom\u0117jim\u0105.\u00a0<br \/>\n \t&#8211; Da\u017eymui naudotas\u00a0\u00a0netoksi\u0161kas lakas\u00a0, \u00a0visi\u0161kai saugus vaikams.<br \/>\n \t&#8211;\u00a0\u00a0Funkcijos 2 viename\u00a0\u00a0\u2013 tai gali b\u016bti va\u017eiuojama ir st\u016bmikas<br \/>\n \t&#8211; Integruoti \u017eaidimai suteikia papildomos patirties.<\/p>\n<p>\u017daislas vysto:<\/p>\n<p> \t&#8211; vikrumas,<br \/>\n \t&#8211; geb\u0117jimas atskirti formas,<br \/>\n \t&#8211; intelektas,<br \/>\n \t&#8211; geb\u0117jimas atskirti spalvas,<br \/>\n \t&#8211; motorin\u0117 koordinacija.<\/p>\n<p>Ekologiniai \u017eaislai\u00a0\u00a0skirti patiems ma\u017eiausiems vaikams ir yra pagaminti i\u0161 visi\u0161kai nat\u016brali\u0173, biologi\u0161kai skaid\u017ei\u0173 ir hipoalergini\u0173 med\u017eiag\u0173, tod\u0117l yra 100% saug\u016bs ir nekenksmingi ne tik aplinkai, bet ir J\u016bs\u0173 vaikui.<\/p>","protected":false},"excerpt":{"rendered":"<p>\u201eRider Walker\u201c\u00a0\u00a0yra puikus \u017eaislas i\u0161\u00a0\u00a0\u201eClassic World\u201c.\u00a0\u00a0Tai puiki pagalba j\u016bs\u0173 vaikui \u017eengiant \u0161iuos svarbius\u00a0\u00a0pirmuosius \u017eingsnius.\u00a0\u00a0Spalvinga transporto priemon\u0117 yra fantasti\u0161kas \u017eaislas, kuris<\/p>","protected":false},"featured_media":56118,"template":"","meta":{"_acf_changed":false,"_glsr_average":0,"_glsr_ranking":0,"_glsr_reviews":0},"product_brand":[],"product_cat":[882,392],"product_tag":[],"class_list":{"0":"post-89744","1":"product","2":"type-product","3":"status-publish","4":"has-post-thumbnail","6":"product_cat-kudikiu-prieziura","7":"product_cat-stumdukai-ir-vaikstynes","8":"\"style=\"background-color: #2ecc711c;\"","10":"first","11":"instock","12":"purchasable","13":"product-type-simple"},"acf":[],"yoast_head":"<!-- This site is optimized with the Yoast SEO plugin v27.3 - https:\/\/yoast.com\/product\/yoast-seo-wordpress\/ -->\n<title>Medinis stumdukas &#8211; veiklos centras<\/title>\n<meta name=\"description\" content=\"Medinis stumdukas &#8211; veiklos centras - KidsPlay. Did\u017eiausias vaik\u0173 \u017eaisl\u0173 pasirinkimas.\" \/>\n<meta name=\"robots\" content=\"index, follow, max-snippet:-1, max-image-preview:large, max-video-preview:-1\" \/>\n<link rel=\"canonical\" href=\"https:\/\/kidsplay.lt\/lv\/products\/medinis-stumdukas-veiklos-centras\/\" \/>\n<meta property=\"og:locale\" content=\"lv_LV\" \/>\n<meta property=\"og:type\" content=\"article\" \/>\n<meta property=\"og:title\" content=\"Medinis stumdukas &#8211; veiklos centras\" \/>\n<meta property=\"og:description\" content=\"Medinis stumdukas &#8211; veiklos centras - KidsPlay. Did\u017eiausias vaik\u0173 \u017eaisl\u0173 pasirinkimas.\" \/>\n<meta property=\"og:url\" content=\"https:\/\/kidsplay.lt\/lv\/products\/medinis-stumdukas-veiklos-centras\/\" \/>\n<meta property=\"og:site_name\" content=\"KidsPlay\" \/>\n<meta property=\"article:publisher\" content=\"https:\/\/www.facebook.com\/www.kidsplay.lt\" \/>\n<meta property=\"article:modified_time\" content=\"2026-04-07T07:44:34+00:00\" \/>\n<meta property=\"og:image\" content=\"https:\/\/kidsplay.lt\/wp-content\/uploads\/2024\/09\/Medinis-stumdukas-\u2013-veiklos-centras.jpg\" \/>\n\t<meta property=\"og:image:width\" content=\"2560\" \/>\n\t<meta property=\"og:image:height\" content=\"2560\" \/>\n\t<meta property=\"og:image:type\" content=\"image\/jpeg\" \/>\n<meta name=\"twitter:card\" content=\"summary_large_image\" \/>\n<meta name=\"twitter:label1\" content=\"Est. reading time\" \/>\n\t<meta name=\"twitter:data1\" content=\"1 min\u016bte\" \/>\n<script type=\"application\/ld+json\" class=\"yoast-schema-graph\">{\"@context\":\"https:\\\/\\\/schema.org\",\"@graph\":[{\"@type\":\"WebPage\",\"@id\":\"https:\\\/\\\/kidsplay.lt\\\/produktas\\\/medinis-stumdukas-veiklos-centras\\\/\",\"url\":\"https:\\\/\\\/kidsplay.lt\\\/produktas\\\/medinis-stumdukas-veiklos-centras\\\/\",\"name\":\"Medinis stumdukas &#8211; veiklos centras\",\"isPartOf\":{\"@id\":\"https:\\\/\\\/kidsplay.lt\\\/#website\"},\"primaryImageOfPage\":{\"@id\":\"https:\\\/\\\/kidsplay.lt\\\/produktas\\\/medinis-stumdukas-veiklos-centras\\\/#primaryimage\"},\"image\":{\"@id\":\"https:\\\/\\\/kidsplay.lt\\\/produktas\\\/medinis-stumdukas-veiklos-centras\\\/#primaryimage\"},\"thumbnailUrl\":\"https:\\\/\\\/kidsplay.lt\\\/wp-content\\\/uploads\\\/2024\\\/09\\\/Medinis-stumdukas-\u2013-veiklos-centras.jpg\",\"datePublished\":\"2026-02-26T07:28:52+00:00\",\"dateModified\":\"2026-04-07T07:44:34+00:00\",\"description\":\"Medinis stumdukas &#8211; veiklos centras - KidsPlay. Did\u017eiausias vaik\u0173 \u017eaisl\u0173 pasirinkimas.\",\"breadcrumb\":{\"@id\":\"https:\\\/\\\/kidsplay.lt\\\/produktas\\\/medinis-stumdukas-veiklos-centras\\\/#breadcrumb\"},\"inLanguage\":\"lv-LV\",\"potentialAction\":[{\"@type\":\"ReadAction\",\"target\":[\"https:\\\/\\\/kidsplay.lt\\\/produktas\\\/medinis-stumdukas-veiklos-centras\\\/\"]}]},{\"@type\":\"ImageObject\",\"inLanguage\":\"lv-LV\",\"@id\":\"https:\\\/\\\/kidsplay.lt\\\/produktas\\\/medinis-stumdukas-veiklos-centras\\\/#primaryimage\",\"url\":\"https:\\\/\\\/kidsplay.lt\\\/wp-content\\\/uploads\\\/2024\\\/09\\\/Medinis-stumdukas-\u2013-veiklos-centras.jpg\",\"contentUrl\":\"https:\\\/\\\/kidsplay.lt\\\/wp-content\\\/uploads\\\/2024\\\/09\\\/Medinis-stumdukas-\u2013-veiklos-centras.jpg\",\"width\":2560,\"height\":2560,\"caption\":\"Medinis stumdukas &#8211; veiklos centras\"},{\"@type\":\"BreadcrumbList\",\"@id\":\"https:\\\/\\\/kidsplay.lt\\\/produktas\\\/medinis-stumdukas-veiklos-centras\\\/#breadcrumb\",\"itemListElement\":[{\"@type\":\"ListItem\",\"position\":1,\"name\":\"Pagrindinis\",\"item\":\"https:\\\/\\\/kidsplay.lt\\\/\"},{\"@type\":\"ListItem\",\"position\":2,\"name\":\"Parduotuv\u0117\",\"item\":\"https:\\\/\\\/kidsplay.lt\\\/parduotuve\\\/\"},{\"@type\":\"ListItem\",\"position\":3,\"name\":\"Medinis stumdukas &#8211; veiklos centras\"}]},{\"@type\":\"WebSite\",\"@id\":\"https:\\\/\\\/kidsplay.lt\\\/#website\",\"url\":\"https:\\\/\\\/kidsplay.lt\\\/\",\"name\":\"Kidsplay.lt\",\"description\":\"\u012evairios prek\u0117s vaikams\",\"publisher\":{\"@id\":\"https:\\\/\\\/kidsplay.lt\\\/#organization\"},\"alternateName\":\"Kidsplay\",\"potentialAction\":[{\"@type\":\"SearchAction\",\"target\":{\"@type\":\"EntryPoint\",\"urlTemplate\":\"https:\\\/\\\/kidsplay.lt\\\/?s={search_term_string}\"},\"query-input\":{\"@type\":\"PropertyValueSpecification\",\"valueRequired\":true,\"valueName\":\"search_term_string\"}}],\"inLanguage\":\"lv-LV\"},{\"@type\":\"Organization\",\"@id\":\"https:\\\/\\\/kidsplay.lt\\\/#organization\",\"name\":\"KidsPlay\",\"url\":\"https:\\\/\\\/kidsplay.lt\\\/\",\"logo\":{\"@type\":\"ImageObject\",\"inLanguage\":\"lv-LV\",\"@id\":\"https:\\\/\\\/kidsplay.lt\\\/#\\\/schema\\\/logo\\\/image\\\/\",\"url\":\"https:\\\/\\\/kidsplay.lt\\\/wp-content\\\/uploads\\\/2023\\\/07\\\/kidsplay-logo.png\",\"contentUrl\":\"https:\\\/\\\/kidsplay.lt\\\/wp-content\\\/uploads\\\/2023\\\/07\\\/kidsplay-logo.png\",\"width\":451,\"height\":98,\"caption\":\"KidsPlay\"},\"image\":{\"@id\":\"https:\\\/\\\/kidsplay.lt\\\/#\\\/schema\\\/logo\\\/image\\\/\"},\"sameAs\":[\"https:\\\/\\\/www.facebook.com\\\/www.kidsplay.lt\"]}]}<\/script>\n<!-- \/ Yoast SEO plugin. -->","yoast_head_json":{"title":"Medinis stumdukas &#8211; veiklos centras","description":"Medinis stumdukas &#8211; veiklos centras - KidsPlay. Did\u017eiausias vaik\u0173 \u017eaisl\u0173 pasirinkimas.","robots":{"index":"index","follow":"follow","max-snippet":"max-snippet:-1","max-image-preview":"max-image-preview:large","max-video-preview":"max-video-preview:-1"},"canonical":"https:\/\/kidsplay.lt\/lv\/products\/medinis-stumdukas-veiklos-centras\/","og_locale":"lv_LV","og_type":"article","og_title":"Medinis stumdukas &#8211; veiklos centras","og_description":"Medinis stumdukas &#8211; veiklos centras - KidsPlay. Did\u017eiausias vaik\u0173 \u017eaisl\u0173 pasirinkimas.","og_url":"https:\/\/kidsplay.lt\/lv\/products\/medinis-stumdukas-veiklos-centras\/","og_site_name":"KidsPlay","article_publisher":"https:\/\/www.facebook.com\/www.kidsplay.lt","article_modified_time":"2026-04-07T07:44:34+00:00","og_image":[{"width":2560,"height":2560,"url":"https:\/\/kidsplay.lt\/wp-content\/uploads\/2024\/09\/Medinis-stumdukas-\u2013-veiklos-centras.jpg","type":"image\/jpeg"}],"twitter_card":"summary_large_image","twitter_misc":{"Est. reading time":"1 min\u016bte"},"schema":{"@context":"https:\/\/schema.org","@graph":[{"@type":"WebPage","@id":"https:\/\/kidsplay.lt\/produktas\/medinis-stumdukas-veiklos-centras\/","url":"https:\/\/kidsplay.lt\/produktas\/medinis-stumdukas-veiklos-centras\/","name":"Medinis stumdukas &#8211; veiklos centras","isPartOf":{"@id":"https:\/\/kidsplay.lt\/#website"},"primaryImageOfPage":{"@id":"https:\/\/kidsplay.lt\/produktas\/medinis-stumdukas-veiklos-centras\/#primaryimage"},"image":{"@id":"https:\/\/kidsplay.lt\/produktas\/medinis-stumdukas-veiklos-centras\/#primaryimage"},"thumbnailUrl":"https:\/\/kidsplay.lt\/wp-content\/uploads\/2024\/09\/Medinis-stumdukas-\u2013-veiklos-centras.jpg","datePublished":"2026-02-26T07:28:52+00:00","dateModified":"2026-04-07T07:44:34+00:00","description":"Medinis stumdukas &#8211; veiklos centras - KidsPlay. Did\u017eiausias vaik\u0173 \u017eaisl\u0173 pasirinkimas.","breadcrumb":{"@id":"https:\/\/kidsplay.lt\/produktas\/medinis-stumdukas-veiklos-centras\/#breadcrumb"},"inLanguage":"lv-LV","potentialAction":[{"@type":"ReadAction","target":["https:\/\/kidsplay.lt\/produktas\/medinis-stumdukas-veiklos-centras\/"]}]},{"@type":"ImageObject","inLanguage":"lv-LV","@id":"https:\/\/kidsplay.lt\/produktas\/medinis-stumdukas-veiklos-centras\/#primaryimage","url":"https:\/\/kidsplay.lt\/wp-content\/uploads\/2024\/09\/Medinis-stumdukas-\u2013-veiklos-centras.jpg","contentUrl":"https:\/\/kidsplay.lt\/wp-content\/uploads\/2024\/09\/Medinis-stumdukas-\u2013-veiklos-centras.jpg","width":2560,"height":2560,"caption":"Medinis stumdukas &#8211; veiklos centras"},{"@type":"BreadcrumbList","@id":"https:\/\/kidsplay.lt\/produktas\/medinis-stumdukas-veiklos-centras\/#breadcrumb","itemListElement":[{"@type":"ListItem","position":1,"name":"Pagrindinis","item":"https:\/\/kidsplay.lt\/"},{"@type":"ListItem","position":2,"name":"Parduotuv\u0117","item":"https:\/\/kidsplay.lt\/parduotuve\/"},{"@type":"ListItem","position":3,"name":"Medinis stumdukas &#8211; veiklos centras"}]},{"@type":"WebSite","@id":"https:\/\/kidsplay.lt\/#website","url":"https:\/\/kidsplay.lt\/","name":"B\u0113rnu sp\u0113les.lv","description":"\u012evairios prek\u0117s vaikams","publisher":{"@id":"https:\/\/kidsplay.lt\/#organization"},"alternateName":"Kidsplay","potentialAction":[{"@type":"SearchAction","target":{"@type":"EntryPoint","urlTemplate":"https:\/\/kidsplay.lt\/?s={search_term_string}"},"query-input":{"@type":"PropertyValueSpecification","valueRequired":true,"valueName":"search_term_string"}}],"inLanguage":"lv-LV"},{"@type":"Organization","@id":"https:\/\/kidsplay.lt\/#organization","name":"B\u0113rnu sp\u0113le","url":"https:\/\/kidsplay.lt\/","logo":{"@type":"ImageObject","inLanguage":"lv-LV","@id":"https:\/\/kidsplay.lt\/#\/schema\/logo\/image\/","url":"https:\/\/kidsplay.lt\/wp-content\/uploads\/2023\/07\/kidsplay-logo.png","contentUrl":"https:\/\/kidsplay.lt\/wp-content\/uploads\/2023\/07\/kidsplay-logo.png","width":451,"height":98,"caption":"KidsPlay"},"image":{"@id":"https:\/\/kidsplay.lt\/#\/schema\/logo\/image\/"},"sameAs":["https:\/\/www.facebook.com\/www.kidsplay.lt"]}]}},"_links":{"self":[{"href":"https:\/\/kidsplay.lt\/lv\/wp-json\/wp\/v2\/product\/89744","targetHints":{"allow":["GET"]}}],"collection":[{"href":"https:\/\/kidsplay.lt\/lv\/wp-json\/wp\/v2\/product"}],"about":[{"href":"https:\/\/kidsplay.lt\/lv\/wp-json\/wp\/v2\/types\/product"}],"version-history":[{"count":1,"href":"https:\/\/kidsplay.lt\/lv\/wp-json\/wp\/v2\/product\/89744\/revisions"}],"predecessor-version":[{"id":89745,"href":"https:\/\/kidsplay.lt\/lv\/wp-json\/wp\/v2\/product\/89744\/revisions\/89745"}],"wp:featuredmedia":[{"embeddable":true,"href":"https:\/\/kidsplay.lt\/lv\/wp-json\/wp\/v2\/media\/56118"}],"wp:attachment":[{"href":"https:\/\/kidsplay.lt\/lv\/wp-json\/wp\/v2\/media?parent=89744"}],"wp:term":[{"taxonomy":"product_brand","embeddable":true,"href":"https:\/\/kidsplay.lt\/lv\/wp-json\/wp\/v2\/product_brand?post=89744"},{"taxonomy":"product_cat","embeddable":true,"href":"https:\/\/kidsplay.lt\/lv\/wp-json\/wp\/v2\/product_cat?post=89744"},{"taxonomy":"product_tag","embeddable":true,"href":"https:\/\/kidsplay.lt\/lv\/wp-json\/wp\/v2\/product_tag?post=89744"}],"curies":[{"name":"wp","href":"https:\/\/api.w.org\/{rel}","templated":true}]}}