{"id":89746,"date":"2026-02-26T09:28:55","date_gmt":"2026-02-26T07:28:55","guid":{"rendered":"https:\/\/kidsplay.lt\/produktas\/viga-medinis-krumpliaraciu-rusiuoklis-formos-ir-mechanizmai\/"},"modified":"2026-04-07T10:44:37","modified_gmt":"2026-04-07T07:44:37","slug":"viga-medinis-krumpliaraciu-rusiuoklis-formos-ir-mechanizmai","status":"publish","type":"product","link":"https:\/\/kidsplay.lt\/lv\/products\/viga-medinis-krumpliaraciu-rusiuoklis-formos-ir-mechanizmai\/","title":{"rendered":"VIGA medinis krumpliara\u010di\u0173 r\u016b\u0161iuoklis \u201eFormos ir mechanizmai\u201c"},"content":{"rendered":"<p>Medinis \u017einomo\u00a0\u201eViga\u201c\u00a0\u00a0prek\u0117s \u017eenklo \u201e\u00a0Formos ir mechanizmai\u00a0\u201c r\u016b\u0161iuoklis yra puikus\u00a0lavinamasis \u017eaislas\u00a0vaikams, kuris derina mokym\u0105si su pramoga. Jis puikiai\u00a0lavina atmint\u012f\u00a0, steb\u0117jimo \u012fg\u016bd\u017eius ir moko atpa\u017einti spalvas. R\u016b\u0161iuoklis yra visi\u0161kai saugus vaikams \u2013\u00a0jame n\u0117ra a\u0161tri\u0173 briaun\u0173\u00a0ar pavojing\u0173 element\u0173. Ak\u012f malonios spalvos ilgai linksmins j\u016bs\u0173 vaik\u0105. Kalad\u0117li\u0173 r\u016b\u0161iavimas gali b\u016bti i\u0161\u0161\u016bkis, ypa\u010d patiems ma\u017eiausiems. Vaikai lavina kantryb\u0119 ir atkaklum\u0105 bandydami suderinti detales \u2013 tam reikia tikslumo ir motorin\u0117s koordinacijos.\u00a0Tai puikus pratimas ma\u017eoms rankyt\u0117ms\u00a0. \u017daislas taip pat gali b\u016bti naudojamas kaip r\u016b\u0161iuoklis \u2013 vaikai gali savaranki\u0161kai d\u0117lioti detales ant kai\u0161\u010di\u0173, kurdami savo unikalias strukt\u016bras. Be to, krumpliara\u010diai yra suprojektuoti taip, kad vienos sukimasis sukelt\u0173 kit\u0173 jud\u0117jim\u0105. \u0160is \u017eaislas pad\u0117s jiems\u00a0i\u0161mokti pagrindini\u0173 fizikos d\u0117sni\u0173\u00a0\u2013 krumpliara\u010dio veikimo. Kai sukasi pirmasis ratas, pajuda kiti elementai, perduodami j\u0117g\u0105 kitai krumpliara\u010diui.<\/p>\n<p>Rakstur\u012bgs:<\/p>\n<p> \t&#8211; \u017daislas\u00a0nuo 18 m\u0117nesi\u0173 am\u017eiaus<br \/>\n \t&#8211;\u00a0\u017davingos spalvos\u00a0, tikslus darbas<br \/>\n \t&#8211; \u017daislas suteiks daug valand\u0173 lavinan\u010dio malonumo<br \/>\n \t&#8211; Vaikas turi analizuoti skirtingus bruo\u017eus ir ie\u0161koti tinkam\u0173 por\u0173, o tai\u00a0lavina\u00a0jo\u00a0loginio m\u0105stymo\u00a0\u012fg\u016bd\u017eius<br \/>\n \t&#8211; Steb\u0117jimo d\u0117ka jis supras, kad, pavyzd\u017eiui, vis\u0173 krumpliara\u010di\u0173 sukim\u0105si, nepaisant vienos pavaros jud\u0117jimo, sukelia persidengiantys elementai.<br \/>\n \t&#8211; Pad\u0117kite krumpliara\u010dius ant apvalios lentos su kai\u0161\u010diais taip, kad\u00a0pasukus vien\u0105\u00a0i\u0161 keturi\u0173 krumpliara\u010di\u0173,\u00a0likusios pajud\u0117t\u0173<\/p>","protected":false},"excerpt":{"rendered":"<p>Medinis \u017einomo\u00a0\u201eViga\u201c\u00a0\u00a0prek\u0117s \u017eenklo \u201e\u00a0Formos ir mechanizmai\u00a0\u201c r\u016b\u0161iuoklis yra puikus\u00a0lavinamasis \u017eaislas\u00a0vaikams, kuris derina mokym\u0105si su pramoga. Jis puikiai\u00a0lavina atmint\u012f\u00a0, steb\u0117jimo \u012fg\u016bd\u017eius<\/p>","protected":false},"featured_media":67186,"template":"","meta":{"_acf_changed":false,"_glsr_average":0,"_glsr_ranking":0,"_glsr_reviews":0},"product_brand":[],"product_cat":[884,883,229],"product_tag":[],"class_list":{"0":"post-89746","1":"product","2":"type-product","3":"status-publish","4":"has-post-thumbnail","6":"product_cat-edukaciniai-lavinamieji-mediniai-zaislai","7":"product_cat-mediniai-zaislai-2","8":"product_cat-zaislai-vaikams","9":"\"style=\"background-color: #2ecc711c;\"","11":"first","12":"instock","13":"purchasable","14":"product-type-simple"},"acf":[],"yoast_head":"<!-- This site is optimized with the Yoast SEO plugin v27.3 - https:\/\/yoast.com\/product\/yoast-seo-wordpress\/ -->\n<title>VIGA medinis krumpliara\u010di\u0173 r\u016b\u0161iuoklis \u201eFormos ir mechanizmai\u201c<\/title>\n<meta name=\"description\" content=\"VIGA medinis krumpliara\u010di\u0173 r\u016b\u0161iuoklis \u201eFormos ir mechanizmai\u201c - KidsPlay. Did\u017eiausias vaik\u0173 \u017eaisl\u0173 pasirinkimas.\" \/>\n<meta name=\"robots\" content=\"index, follow, max-snippet:-1, max-image-preview:large, max-video-preview:-1\" \/>\n<link rel=\"canonical\" href=\"https:\/\/kidsplay.lt\/lv\/products\/viga-medinis-krumpliaraciu-rusiuoklis-formos-ir-mechanizmai\/\" \/>\n<meta property=\"og:locale\" content=\"lv_LV\" \/>\n<meta property=\"og:type\" content=\"article\" \/>\n<meta property=\"og:title\" content=\"VIGA medinis krumpliara\u010di\u0173 r\u016b\u0161iuoklis \u201eFormos ir mechanizmai\u201c\" \/>\n<meta property=\"og:description\" content=\"VIGA medinis krumpliara\u010di\u0173 r\u016b\u0161iuoklis \u201eFormos ir mechanizmai\u201c - KidsPlay. Did\u017eiausias vaik\u0173 \u017eaisl\u0173 pasirinkimas.\" \/>\n<meta property=\"og:url\" content=\"https:\/\/kidsplay.lt\/lv\/products\/viga-medinis-krumpliaraciu-rusiuoklis-formos-ir-mechanizmai\/\" \/>\n<meta property=\"og:site_name\" content=\"KidsPlay\" \/>\n<meta property=\"article:publisher\" content=\"https:\/\/www.facebook.com\/www.kidsplay.lt\" \/>\n<meta property=\"article:modified_time\" content=\"2026-04-07T07:44:37+00:00\" \/>\n<meta property=\"og:image\" content=\"https:\/\/kidsplay.lt\/wp-content\/uploads\/2025\/09\/VIGA-medinis-krumpliaraciu-rusiuoklis-\u201eFormos-ir-mechanizmai.jpg\" \/>\n\t<meta property=\"og:image:width\" content=\"2560\" \/>\n\t<meta property=\"og:image:height\" content=\"2560\" \/>\n\t<meta property=\"og:image:type\" content=\"image\/jpeg\" \/>\n<meta name=\"twitter:card\" content=\"summary_large_image\" \/>\n<meta name=\"twitter:label1\" content=\"Est. reading time\" \/>\n\t<meta name=\"twitter:data1\" content=\"1 min\u016bte\" \/>\n<script type=\"application\/ld+json\" class=\"yoast-schema-graph\">{\"@context\":\"https:\\\/\\\/schema.org\",\"@graph\":[{\"@type\":\"WebPage\",\"@id\":\"https:\\\/\\\/kidsplay.lt\\\/produktas\\\/viga-medinis-krumpliaraciu-rusiuoklis-formos-ir-mechanizmai\\\/\",\"url\":\"https:\\\/\\\/kidsplay.lt\\\/produktas\\\/viga-medinis-krumpliaraciu-rusiuoklis-formos-ir-mechanizmai\\\/\",\"name\":\"VIGA medinis krumpliara\u010di\u0173 r\u016b\u0161iuoklis \u201eFormos ir mechanizmai\u201c\",\"isPartOf\":{\"@id\":\"https:\\\/\\\/kidsplay.lt\\\/#website\"},\"primaryImageOfPage\":{\"@id\":\"https:\\\/\\\/kidsplay.lt\\\/produktas\\\/viga-medinis-krumpliaraciu-rusiuoklis-formos-ir-mechanizmai\\\/#primaryimage\"},\"image\":{\"@id\":\"https:\\\/\\\/kidsplay.lt\\\/produktas\\\/viga-medinis-krumpliaraciu-rusiuoklis-formos-ir-mechanizmai\\\/#primaryimage\"},\"thumbnailUrl\":\"https:\\\/\\\/kidsplay.lt\\\/wp-content\\\/uploads\\\/2025\\\/09\\\/VIGA-medinis-krumpliaraciu-rusiuoklis-\u201eFormos-ir-mechanizmai.jpg\",\"datePublished\":\"2026-02-26T07:28:55+00:00\",\"dateModified\":\"2026-04-07T07:44:37+00:00\",\"description\":\"VIGA medinis krumpliara\u010di\u0173 r\u016b\u0161iuoklis \u201eFormos ir mechanizmai\u201c - KidsPlay. Did\u017eiausias vaik\u0173 \u017eaisl\u0173 pasirinkimas.\",\"breadcrumb\":{\"@id\":\"https:\\\/\\\/kidsplay.lt\\\/produktas\\\/viga-medinis-krumpliaraciu-rusiuoklis-formos-ir-mechanizmai\\\/#breadcrumb\"},\"inLanguage\":\"lv-LV\",\"potentialAction\":[{\"@type\":\"ReadAction\",\"target\":[\"https:\\\/\\\/kidsplay.lt\\\/produktas\\\/viga-medinis-krumpliaraciu-rusiuoklis-formos-ir-mechanizmai\\\/\"]}]},{\"@type\":\"ImageObject\",\"inLanguage\":\"lv-LV\",\"@id\":\"https:\\\/\\\/kidsplay.lt\\\/produktas\\\/viga-medinis-krumpliaraciu-rusiuoklis-formos-ir-mechanizmai\\\/#primaryimage\",\"url\":\"https:\\\/\\\/kidsplay.lt\\\/wp-content\\\/uploads\\\/2025\\\/09\\\/VIGA-medinis-krumpliaraciu-rusiuoklis-\u201eFormos-ir-mechanizmai.jpg\",\"contentUrl\":\"https:\\\/\\\/kidsplay.lt\\\/wp-content\\\/uploads\\\/2025\\\/09\\\/VIGA-medinis-krumpliaraciu-rusiuoklis-\u201eFormos-ir-mechanizmai.jpg\",\"width\":2560,\"height\":2560,\"caption\":\"VIGA medinis krumpliara\u010di\u0173 r\u016b\u0161iuoklis \u201eFormos ir mechanizmai\u201c\"},{\"@type\":\"BreadcrumbList\",\"@id\":\"https:\\\/\\\/kidsplay.lt\\\/produktas\\\/viga-medinis-krumpliaraciu-rusiuoklis-formos-ir-mechanizmai\\\/#breadcrumb\",\"itemListElement\":[{\"@type\":\"ListItem\",\"position\":1,\"name\":\"Pagrindinis\",\"item\":\"https:\\\/\\\/kidsplay.lt\\\/\"},{\"@type\":\"ListItem\",\"position\":2,\"name\":\"Parduotuv\u0117\",\"item\":\"https:\\\/\\\/kidsplay.lt\\\/parduotuve\\\/\"},{\"@type\":\"ListItem\",\"position\":3,\"name\":\"VIGA medinis krumpliara\u010di\u0173 r\u016b\u0161iuoklis \u201eFormos ir mechanizmai\u201c\"}]},{\"@type\":\"WebSite\",\"@id\":\"https:\\\/\\\/kidsplay.lt\\\/#website\",\"url\":\"https:\\\/\\\/kidsplay.lt\\\/\",\"name\":\"Kidsplay.lt\",\"description\":\"\u012evairios prek\u0117s vaikams\",\"publisher\":{\"@id\":\"https:\\\/\\\/kidsplay.lt\\\/#organization\"},\"alternateName\":\"Kidsplay\",\"potentialAction\":[{\"@type\":\"SearchAction\",\"target\":{\"@type\":\"EntryPoint\",\"urlTemplate\":\"https:\\\/\\\/kidsplay.lt\\\/?s={search_term_string}\"},\"query-input\":{\"@type\":\"PropertyValueSpecification\",\"valueRequired\":true,\"valueName\":\"search_term_string\"}}],\"inLanguage\":\"lv-LV\"},{\"@type\":\"Organization\",\"@id\":\"https:\\\/\\\/kidsplay.lt\\\/#organization\",\"name\":\"KidsPlay\",\"url\":\"https:\\\/\\\/kidsplay.lt\\\/\",\"logo\":{\"@type\":\"ImageObject\",\"inLanguage\":\"lv-LV\",\"@id\":\"https:\\\/\\\/kidsplay.lt\\\/#\\\/schema\\\/logo\\\/image\\\/\",\"url\":\"https:\\\/\\\/kidsplay.lt\\\/wp-content\\\/uploads\\\/2023\\\/07\\\/kidsplay-logo.png\",\"contentUrl\":\"https:\\\/\\\/kidsplay.lt\\\/wp-content\\\/uploads\\\/2023\\\/07\\\/kidsplay-logo.png\",\"width\":451,\"height\":98,\"caption\":\"KidsPlay\"},\"image\":{\"@id\":\"https:\\\/\\\/kidsplay.lt\\\/#\\\/schema\\\/logo\\\/image\\\/\"},\"sameAs\":[\"https:\\\/\\\/www.facebook.com\\\/www.kidsplay.lt\"]}]}<\/script>\n<!-- \/ Yoast SEO plugin. -->","yoast_head_json":{"title":"VIGA medinis krumpliara\u010di\u0173 r\u016b\u0161iuoklis \u201eFormos ir mechanizmai\u201c","description":"VIGA medinis krumpliara\u010di\u0173 r\u016b\u0161iuoklis \u201eFormos ir mechanizmai\u201c - KidsPlay. Did\u017eiausias vaik\u0173 \u017eaisl\u0173 pasirinkimas.","robots":{"index":"index","follow":"follow","max-snippet":"max-snippet:-1","max-image-preview":"max-image-preview:large","max-video-preview":"max-video-preview:-1"},"canonical":"https:\/\/kidsplay.lt\/lv\/products\/viga-medinis-krumpliaraciu-rusiuoklis-formos-ir-mechanizmai\/","og_locale":"lv_LV","og_type":"article","og_title":"VIGA medinis krumpliara\u010di\u0173 r\u016b\u0161iuoklis \u201eFormos ir mechanizmai\u201c","og_description":"VIGA medinis krumpliara\u010di\u0173 r\u016b\u0161iuoklis \u201eFormos ir mechanizmai\u201c - KidsPlay. Did\u017eiausias vaik\u0173 \u017eaisl\u0173 pasirinkimas.","og_url":"https:\/\/kidsplay.lt\/lv\/products\/viga-medinis-krumpliaraciu-rusiuoklis-formos-ir-mechanizmai\/","og_site_name":"KidsPlay","article_publisher":"https:\/\/www.facebook.com\/www.kidsplay.lt","article_modified_time":"2026-04-07T07:44:37+00:00","og_image":[{"width":2560,"height":2560,"url":"https:\/\/kidsplay.lt\/wp-content\/uploads\/2025\/09\/VIGA-medinis-krumpliaraciu-rusiuoklis-\u201eFormos-ir-mechanizmai.jpg","type":"image\/jpeg"}],"twitter_card":"summary_large_image","twitter_misc":{"Est. reading time":"1 min\u016bte"},"schema":{"@context":"https:\/\/schema.org","@graph":[{"@type":"WebPage","@id":"https:\/\/kidsplay.lt\/produktas\/viga-medinis-krumpliaraciu-rusiuoklis-formos-ir-mechanizmai\/","url":"https:\/\/kidsplay.lt\/produktas\/viga-medinis-krumpliaraciu-rusiuoklis-formos-ir-mechanizmai\/","name":"VIGA medinis krumpliara\u010di\u0173 r\u016b\u0161iuoklis \u201eFormos ir mechanizmai\u201c","isPartOf":{"@id":"https:\/\/kidsplay.lt\/#website"},"primaryImageOfPage":{"@id":"https:\/\/kidsplay.lt\/produktas\/viga-medinis-krumpliaraciu-rusiuoklis-formos-ir-mechanizmai\/#primaryimage"},"image":{"@id":"https:\/\/kidsplay.lt\/produktas\/viga-medinis-krumpliaraciu-rusiuoklis-formos-ir-mechanizmai\/#primaryimage"},"thumbnailUrl":"https:\/\/kidsplay.lt\/wp-content\/uploads\/2025\/09\/VIGA-medinis-krumpliaraciu-rusiuoklis-\u201eFormos-ir-mechanizmai.jpg","datePublished":"2026-02-26T07:28:55+00:00","dateModified":"2026-04-07T07:44:37+00:00","description":"VIGA medinis krumpliara\u010di\u0173 r\u016b\u0161iuoklis \u201eFormos ir mechanizmai\u201c - KidsPlay. Did\u017eiausias vaik\u0173 \u017eaisl\u0173 pasirinkimas.","breadcrumb":{"@id":"https:\/\/kidsplay.lt\/produktas\/viga-medinis-krumpliaraciu-rusiuoklis-formos-ir-mechanizmai\/#breadcrumb"},"inLanguage":"lv-LV","potentialAction":[{"@type":"ReadAction","target":["https:\/\/kidsplay.lt\/produktas\/viga-medinis-krumpliaraciu-rusiuoklis-formos-ir-mechanizmai\/"]}]},{"@type":"ImageObject","inLanguage":"lv-LV","@id":"https:\/\/kidsplay.lt\/produktas\/viga-medinis-krumpliaraciu-rusiuoklis-formos-ir-mechanizmai\/#primaryimage","url":"https:\/\/kidsplay.lt\/wp-content\/uploads\/2025\/09\/VIGA-medinis-krumpliaraciu-rusiuoklis-\u201eFormos-ir-mechanizmai.jpg","contentUrl":"https:\/\/kidsplay.lt\/wp-content\/uploads\/2025\/09\/VIGA-medinis-krumpliaraciu-rusiuoklis-\u201eFormos-ir-mechanizmai.jpg","width":2560,"height":2560,"caption":"VIGA medinis krumpliara\u010di\u0173 r\u016b\u0161iuoklis \u201eFormos ir mechanizmai\u201c"},{"@type":"BreadcrumbList","@id":"https:\/\/kidsplay.lt\/produktas\/viga-medinis-krumpliaraciu-rusiuoklis-formos-ir-mechanizmai\/#breadcrumb","itemListElement":[{"@type":"ListItem","position":1,"name":"Pagrindinis","item":"https:\/\/kidsplay.lt\/"},{"@type":"ListItem","position":2,"name":"Parduotuv\u0117","item":"https:\/\/kidsplay.lt\/parduotuve\/"},{"@type":"ListItem","position":3,"name":"VIGA medinis krumpliara\u010di\u0173 r\u016b\u0161iuoklis \u201eFormos ir mechanizmai\u201c"}]},{"@type":"WebSite","@id":"https:\/\/kidsplay.lt\/#website","url":"https:\/\/kidsplay.lt\/","name":"B\u0113rnu sp\u0113les.lv","description":"\u012evairios prek\u0117s vaikams","publisher":{"@id":"https:\/\/kidsplay.lt\/#organization"},"alternateName":"Kidsplay","potentialAction":[{"@type":"SearchAction","target":{"@type":"EntryPoint","urlTemplate":"https:\/\/kidsplay.lt\/?s={search_term_string}"},"query-input":{"@type":"PropertyValueSpecification","valueRequired":true,"valueName":"search_term_string"}}],"inLanguage":"lv-LV"},{"@type":"Organization","@id":"https:\/\/kidsplay.lt\/#organization","name":"B\u0113rnu sp\u0113le","url":"https:\/\/kidsplay.lt\/","logo":{"@type":"ImageObject","inLanguage":"lv-LV","@id":"https:\/\/kidsplay.lt\/#\/schema\/logo\/image\/","url":"https:\/\/kidsplay.lt\/wp-content\/uploads\/2023\/07\/kidsplay-logo.png","contentUrl":"https:\/\/kidsplay.lt\/wp-content\/uploads\/2023\/07\/kidsplay-logo.png","width":451,"height":98,"caption":"KidsPlay"},"image":{"@id":"https:\/\/kidsplay.lt\/#\/schema\/logo\/image\/"},"sameAs":["https:\/\/www.facebook.com\/www.kidsplay.lt"]}]}},"_links":{"self":[{"href":"https:\/\/kidsplay.lt\/lv\/wp-json\/wp\/v2\/product\/89746","targetHints":{"allow":["GET"]}}],"collection":[{"href":"https:\/\/kidsplay.lt\/lv\/wp-json\/wp\/v2\/product"}],"about":[{"href":"https:\/\/kidsplay.lt\/lv\/wp-json\/wp\/v2\/types\/product"}],"version-history":[{"count":1,"href":"https:\/\/kidsplay.lt\/lv\/wp-json\/wp\/v2\/product\/89746\/revisions"}],"predecessor-version":[{"id":89747,"href":"https:\/\/kidsplay.lt\/lv\/wp-json\/wp\/v2\/product\/89746\/revisions\/89747"}],"wp:featuredmedia":[{"embeddable":true,"href":"https:\/\/kidsplay.lt\/lv\/wp-json\/wp\/v2\/media\/67186"}],"wp:attachment":[{"href":"https:\/\/kidsplay.lt\/lv\/wp-json\/wp\/v2\/media?parent=89746"}],"wp:term":[{"taxonomy":"product_brand","embeddable":true,"href":"https:\/\/kidsplay.lt\/lv\/wp-json\/wp\/v2\/product_brand?post=89746"},{"taxonomy":"product_cat","embeddable":true,"href":"https:\/\/kidsplay.lt\/lv\/wp-json\/wp\/v2\/product_cat?post=89746"},{"taxonomy":"product_tag","embeddable":true,"href":"https:\/\/kidsplay.lt\/lv\/wp-json\/wp\/v2\/product_tag?post=89746"}],"curies":[{"name":"wp","href":"https:\/\/api.w.org\/{rel}","templated":true}]}}