{"id":89762,"date":"2026-02-26T09:29:38","date_gmt":"2026-02-26T07:29:38","guid":{"rendered":"https:\/\/kidsplay.lt\/produktas\/woopie-green-mediniai-siulu-verimo-kaladeles-safari-gyvunai-zoo-13-vnt\/"},"modified":"2026-04-13T15:06:40","modified_gmt":"2026-04-13T12:06:40","slug":"woopie-green-mediniai-siulu-verimo-kaladeles-safari-gyvunai-zoo-13-vnt","status":"publish","type":"product","link":"https:\/\/kidsplay.lt\/lv\/products\/woopie-green-mediniai-siulu-verimo-kaladeles-safari-gyvunai-zoo-13-vnt\/","title":{"rendered":"WOOPIE GREEN koka v\u012b\u0161anas kluc\u012b\u0161i Safari dz\u012bvnieki ZOO 13 gab."},"content":{"rendered":"<p>\u201eSafari WOOPIE GREEN\u201c karoliuk\u0173 v\u0117riniai \u2013 pa\u0161\u0117lusios pramogos, kurios moko!<\/p>\n<p>Atraskite unikali\u0105\u00a0\u201eWOOPIE\u201c\u00a0VERIMO \u017eaisl\u0173\u00a0GREEN\u00a0serij\u0105\u00a0\u2013 tai ne tik klasikinis si\u016bl\u0173 v\u0117rimo \u017eaidimas, bet ir tikras nuotykis laukini\u0173 gyv\u016bn\u0173 pasaulyje! \u0160is zoologijos sodo safario tematikos rinkinys leid\u017eia vaikams nuo 18 m\u0117nesi\u0173\u00a0lavinti smulki\u0105j\u0105 motorik\u0105,\u00a0kartu mokant\u00a0kantryb\u0117s\u00a0ir\u00a0tikslumo\u00a0. Vaikai raginami ant pritvirtintos virvel\u0117s suverti medinius karoliukus su skylut\u0117mis. Kiekvienas kalad\u0117lis vaizduoja\u00a0skirting\u0105 gyv\u016bn\u0105\u00a0ar\u00a0safario element\u0105\u00a0\u2013 nuo \u200b\u200b\u017eaismingos be\u017ed\u017eion\u0117s iki didingo li\u016bto! Tai puiki proga lavinti ne tik smulki\u0105j\u0105 motorik\u0105, bet ir dom\u0117jim\u0105si gamtos pasauliu.<br \/>\nRakstur\u012bgs:\u00a0<\/p>\n<p> \t&#8211; \u017daislas tinka nuo\u00a018 m\u0117nesi\u0173 am\u017eiaus<br \/>\n \t&#8211; Rinkin\u012f sudaro:\u00a012 medini\u0173 karoliuk\u0173 su safario motyvais (pvz., li\u016btas, \u017eirafa, be\u017ed\u017eion\u0117) + virvel\u0117<br \/>\n \t&#8211; Nat\u016brali mediena ir ekologi\u0161ka apdaila &#8211; saug\u016bs da\u017eai, n\u0117ra a\u0161tri\u0173 briaun\u0173<br \/>\n \t&#8211; Si\u016bl\u0173 v\u0117rimo ma\u0161ina\u00a0lavina rankinius \u012fg\u016bd\u017eius ir palaiko\u00a0vaiko vystym\u0105si per judes\u012f ir lyt\u0117jim\u0105<\/p>\n<p>Rota\u013clieta att\u012bst\u0101s:<\/p>\n<p> \t&#8211; Rankiniai \u012fg\u016bd\u017eiai \u2013 smulkioji motorika\u00a0\u2013 puikus pratimas pir\u0161tams ir rankoms<br \/>\n \t&#8211; Rank\u0173 ir aki\u0173 koordinacija\u00a0\u2013 tiksliam si\u016bl\u0173 v\u0117rimui reikia tikslumo ir susikaupimo<br \/>\n \t&#8211; Susikaupimas\u00a0\u2013 ma\u017eylis i\u0161moksta kantryb\u0117s ir susitelkti ties viena veikla<br \/>\n \t&#8211; Dom\u0117jimasis pasauliu\u00a0\u2013 gyv\u016bn\u0173 ir j\u0173 savybi\u0173 pa\u017einimas<\/p>","protected":false},"excerpt":{"rendered":"<p>\u201eSafari WOOPIE GREEN\u201c karoliuk\u0173 v\u0117riniai \u2013 pa\u0161\u0117lusios pramogos, kurios moko! Atraskite unikali\u0105\u00a0\u201eWOOPIE\u201c\u00a0VERIMO \u017eaisl\u0173\u00a0GREEN\u00a0serij\u0105\u00a0\u2013 tai ne tik klasikinis si\u016bl\u0173 v\u0117rimo \u017eaidimas,<\/p>","protected":false},"featured_media":67227,"template":"","meta":{"_acf_changed":false,"_glsr_average":0,"_glsr_ranking":0,"_glsr_reviews":0},"product_brand":[],"product_cat":[884,883,229],"product_tag":[],"class_list":{"0":"post-89762","1":"product","2":"type-product","3":"status-publish","4":"has-post-thumbnail","6":"product_cat-edukaciniai-lavinamieji-mediniai-zaislai","7":"product_cat-mediniai-zaislai-2","8":"product_cat-zaislai-vaikams","9":"\"style=\"background-color: #2ecc711c;\"","11":"first","12":"instock","13":"purchasable","14":"product-type-simple"},"acf":[],"yoast_head":"<!-- This site is optimized with the Yoast SEO plugin v27.4 - https:\/\/yoast.com\/product\/yoast-seo-wordpress\/ -->\n<title>WOOPIE GREEN mediniai si\u016bl\u0173 v\u0117rimo kalad\u0117l\u0117s Safari gyv\u016bnai ZOO 13 vnt.<\/title>\n<meta name=\"description\" content=\"WOOPIE GREEN mediniai si\u016bl\u0173 v\u0117rimo kalad\u0117l\u0117s Safari gyv\u016bnai ZOO 13 vnt. - KidsPlay. Did\u017eiausias vaik\u0173 \u017eaisl\u0173 pasirinkimas.\" \/>\n<meta name=\"robots\" content=\"index, follow, max-snippet:-1, max-image-preview:large, max-video-preview:-1\" \/>\n<link rel=\"canonical\" href=\"https:\/\/kidsplay.lt\/lv\/products\/woopie-green-mediniai-siulu-verimo-kaladeles-safari-gyvunai-zoo-13-vnt\/\" \/>\n<meta property=\"og:locale\" content=\"lv_LV\" \/>\n<meta property=\"og:type\" content=\"article\" \/>\n<meta property=\"og:title\" content=\"WOOPIE GREEN mediniai si\u016bl\u0173 v\u0117rimo kalad\u0117l\u0117s Safari gyv\u016bnai ZOO 13 vnt.\" \/>\n<meta property=\"og:description\" content=\"WOOPIE GREEN mediniai si\u016bl\u0173 v\u0117rimo kalad\u0117l\u0117s Safari gyv\u016bnai ZOO 13 vnt. - KidsPlay. Did\u017eiausias vaik\u0173 \u017eaisl\u0173 pasirinkimas.\" \/>\n<meta property=\"og:url\" content=\"https:\/\/kidsplay.lt\/lv\/products\/woopie-green-mediniai-siulu-verimo-kaladeles-safari-gyvunai-zoo-13-vnt\/\" \/>\n<meta property=\"og:site_name\" content=\"KidsPlay\" \/>\n<meta property=\"article:publisher\" content=\"https:\/\/www.facebook.com\/www.kidsplay.lt\" \/>\n<meta property=\"article:modified_time\" content=\"2026-04-13T12:06:40+00:00\" \/>\n<meta property=\"og:image\" content=\"https:\/\/kidsplay.lt\/wp-content\/uploads\/2025\/09\/WOOPIE-GREEN-mediniai-siulu-verimo-kaladeles-Safari-gyvunai-ZOO-13-vnt.jpg\" \/>\n\t<meta property=\"og:image:width\" content=\"1080\" \/>\n\t<meta property=\"og:image:height\" content=\"1080\" \/>\n\t<meta property=\"og:image:type\" content=\"image\/jpeg\" \/>\n<meta name=\"twitter:card\" content=\"summary_large_image\" \/>\n<meta name=\"twitter:label1\" content=\"Est. reading time\" \/>\n\t<meta name=\"twitter:data1\" content=\"1 min\u016bte\" \/>\n<script type=\"application\/ld+json\" class=\"yoast-schema-graph\">{\"@context\":\"https:\\\/\\\/schema.org\",\"@graph\":[{\"@type\":\"WebPage\",\"@id\":\"https:\\\/\\\/kidsplay.lt\\\/produktas\\\/woopie-green-mediniai-siulu-verimo-kaladeles-safari-gyvunai-zoo-13-vnt\\\/\",\"url\":\"https:\\\/\\\/kidsplay.lt\\\/produktas\\\/woopie-green-mediniai-siulu-verimo-kaladeles-safari-gyvunai-zoo-13-vnt\\\/\",\"name\":\"WOOPIE GREEN mediniai si\u016bl\u0173 v\u0117rimo kalad\u0117l\u0117s Safari gyv\u016bnai ZOO 13 vnt.\",\"isPartOf\":{\"@id\":\"https:\\\/\\\/kidsplay.lt\\\/#website\"},\"primaryImageOfPage\":{\"@id\":\"https:\\\/\\\/kidsplay.lt\\\/produktas\\\/woopie-green-mediniai-siulu-verimo-kaladeles-safari-gyvunai-zoo-13-vnt\\\/#primaryimage\"},\"image\":{\"@id\":\"https:\\\/\\\/kidsplay.lt\\\/produktas\\\/woopie-green-mediniai-siulu-verimo-kaladeles-safari-gyvunai-zoo-13-vnt\\\/#primaryimage\"},\"thumbnailUrl\":\"https:\\\/\\\/kidsplay.lt\\\/wp-content\\\/uploads\\\/2025\\\/09\\\/WOOPIE-GREEN-mediniai-siulu-verimo-kaladeles-Safari-gyvunai-ZOO-13-vnt.jpg\",\"datePublished\":\"2026-02-26T07:29:38+00:00\",\"dateModified\":\"2026-04-13T12:06:40+00:00\",\"description\":\"WOOPIE GREEN mediniai si\u016bl\u0173 v\u0117rimo kalad\u0117l\u0117s Safari gyv\u016bnai ZOO 13 vnt. - KidsPlay. Did\u017eiausias vaik\u0173 \u017eaisl\u0173 pasirinkimas.\",\"breadcrumb\":{\"@id\":\"https:\\\/\\\/kidsplay.lt\\\/produktas\\\/woopie-green-mediniai-siulu-verimo-kaladeles-safari-gyvunai-zoo-13-vnt\\\/#breadcrumb\"},\"inLanguage\":\"lv-LV\",\"potentialAction\":[{\"@type\":\"ReadAction\",\"target\":[\"https:\\\/\\\/kidsplay.lt\\\/produktas\\\/woopie-green-mediniai-siulu-verimo-kaladeles-safari-gyvunai-zoo-13-vnt\\\/\"]}]},{\"@type\":\"ImageObject\",\"inLanguage\":\"lv-LV\",\"@id\":\"https:\\\/\\\/kidsplay.lt\\\/produktas\\\/woopie-green-mediniai-siulu-verimo-kaladeles-safari-gyvunai-zoo-13-vnt\\\/#primaryimage\",\"url\":\"https:\\\/\\\/kidsplay.lt\\\/wp-content\\\/uploads\\\/2025\\\/09\\\/WOOPIE-GREEN-mediniai-siulu-verimo-kaladeles-Safari-gyvunai-ZOO-13-vnt.jpg\",\"contentUrl\":\"https:\\\/\\\/kidsplay.lt\\\/wp-content\\\/uploads\\\/2025\\\/09\\\/WOOPIE-GREEN-mediniai-siulu-verimo-kaladeles-Safari-gyvunai-ZOO-13-vnt.jpg\",\"width\":1080,\"height\":1080,\"caption\":\"WOOPIE GREEN mediniai si\u016bl\u0173 v\u0117rimo kalad\u0117l\u0117s Safari gyv\u016bnai ZOO 13 vnt.\"},{\"@type\":\"BreadcrumbList\",\"@id\":\"https:\\\/\\\/kidsplay.lt\\\/produktas\\\/woopie-green-mediniai-siulu-verimo-kaladeles-safari-gyvunai-zoo-13-vnt\\\/#breadcrumb\",\"itemListElement\":[{\"@type\":\"ListItem\",\"position\":1,\"name\":\"Pagrindinis\",\"item\":\"https:\\\/\\\/kidsplay.lt\\\/\"},{\"@type\":\"ListItem\",\"position\":2,\"name\":\"Parduotuv\u0117\",\"item\":\"https:\\\/\\\/kidsplay.lt\\\/parduotuve\\\/\"},{\"@type\":\"ListItem\",\"position\":3,\"name\":\"WOOPIE GREEN mediniai si\u016bl\u0173 v\u0117rimo kalad\u0117l\u0117s Safari gyv\u016bnai ZOO 13 vnt.\"}]},{\"@type\":\"WebSite\",\"@id\":\"https:\\\/\\\/kidsplay.lt\\\/#website\",\"url\":\"https:\\\/\\\/kidsplay.lt\\\/\",\"name\":\"Kidsplay.lt\",\"description\":\"\u012evairios prek\u0117s vaikams\",\"publisher\":{\"@id\":\"https:\\\/\\\/kidsplay.lt\\\/#organization\"},\"alternateName\":\"Kidsplay\",\"potentialAction\":[{\"@type\":\"SearchAction\",\"target\":{\"@type\":\"EntryPoint\",\"urlTemplate\":\"https:\\\/\\\/kidsplay.lt\\\/?s={search_term_string}\"},\"query-input\":{\"@type\":\"PropertyValueSpecification\",\"valueRequired\":true,\"valueName\":\"search_term_string\"}}],\"inLanguage\":\"lv-LV\"},{\"@type\":\"Organization\",\"@id\":\"https:\\\/\\\/kidsplay.lt\\\/#organization\",\"name\":\"KidsPlay\",\"url\":\"https:\\\/\\\/kidsplay.lt\\\/\",\"logo\":{\"@type\":\"ImageObject\",\"inLanguage\":\"lv-LV\",\"@id\":\"https:\\\/\\\/kidsplay.lt\\\/#\\\/schema\\\/logo\\\/image\\\/\",\"url\":\"https:\\\/\\\/kidsplay.lt\\\/wp-content\\\/uploads\\\/2023\\\/07\\\/kidsplay-logo.png\",\"contentUrl\":\"https:\\\/\\\/kidsplay.lt\\\/wp-content\\\/uploads\\\/2023\\\/07\\\/kidsplay-logo.png\",\"width\":451,\"height\":98,\"caption\":\"KidsPlay\"},\"image\":{\"@id\":\"https:\\\/\\\/kidsplay.lt\\\/#\\\/schema\\\/logo\\\/image\\\/\"},\"sameAs\":[\"https:\\\/\\\/www.facebook.com\\\/www.kidsplay.lt\"]}]}<\/script>\n<!-- \/ Yoast SEO plugin. -->","yoast_head_json":{"title":"WOOPIE GREEN koka v\u012b\u0161anas kluc\u012b\u0161i Safari dz\u012bvnieki ZOO 13 gab.","description":"WOOPIE GREEN mediniai si\u016bl\u0173 v\u0117rimo kalad\u0117l\u0117s Safari gyv\u016bnai ZOO 13 vnt. - KidsPlay. Did\u017eiausias vaik\u0173 \u017eaisl\u0173 pasirinkimas.","robots":{"index":"index","follow":"follow","max-snippet":"max-snippet:-1","max-image-preview":"max-image-preview:large","max-video-preview":"max-video-preview:-1"},"canonical":"https:\/\/kidsplay.lt\/lv\/products\/woopie-green-mediniai-siulu-verimo-kaladeles-safari-gyvunai-zoo-13-vnt\/","og_locale":"lv_LV","og_type":"article","og_title":"WOOPIE GREEN mediniai si\u016bl\u0173 v\u0117rimo kalad\u0117l\u0117s Safari gyv\u016bnai ZOO 13 vnt.","og_description":"WOOPIE GREEN mediniai si\u016bl\u0173 v\u0117rimo kalad\u0117l\u0117s Safari gyv\u016bnai ZOO 13 vnt. - KidsPlay. Did\u017eiausias vaik\u0173 \u017eaisl\u0173 pasirinkimas.","og_url":"https:\/\/kidsplay.lt\/lv\/products\/woopie-green-mediniai-siulu-verimo-kaladeles-safari-gyvunai-zoo-13-vnt\/","og_site_name":"KidsPlay","article_publisher":"https:\/\/www.facebook.com\/www.kidsplay.lt","article_modified_time":"2026-04-13T12:06:40+00:00","og_image":[{"width":1080,"height":1080,"url":"https:\/\/kidsplay.lt\/wp-content\/uploads\/2025\/09\/WOOPIE-GREEN-mediniai-siulu-verimo-kaladeles-Safari-gyvunai-ZOO-13-vnt.jpg","type":"image\/jpeg"}],"twitter_card":"summary_large_image","twitter_misc":{"Est. reading time":"1 min\u016bte"},"schema":{"@context":"https:\/\/schema.org","@graph":[{"@type":"WebPage","@id":"https:\/\/kidsplay.lt\/produktas\/woopie-green-mediniai-siulu-verimo-kaladeles-safari-gyvunai-zoo-13-vnt\/","url":"https:\/\/kidsplay.lt\/produktas\/woopie-green-mediniai-siulu-verimo-kaladeles-safari-gyvunai-zoo-13-vnt\/","name":"WOOPIE GREEN koka v\u012b\u0161anas kluc\u012b\u0161i Safari dz\u012bvnieki ZOO 13 gab.","isPartOf":{"@id":"https:\/\/kidsplay.lt\/#website"},"primaryImageOfPage":{"@id":"https:\/\/kidsplay.lt\/produktas\/woopie-green-mediniai-siulu-verimo-kaladeles-safari-gyvunai-zoo-13-vnt\/#primaryimage"},"image":{"@id":"https:\/\/kidsplay.lt\/produktas\/woopie-green-mediniai-siulu-verimo-kaladeles-safari-gyvunai-zoo-13-vnt\/#primaryimage"},"thumbnailUrl":"https:\/\/kidsplay.lt\/wp-content\/uploads\/2025\/09\/WOOPIE-GREEN-mediniai-siulu-verimo-kaladeles-Safari-gyvunai-ZOO-13-vnt.jpg","datePublished":"2026-02-26T07:29:38+00:00","dateModified":"2026-04-13T12:06:40+00:00","description":"WOOPIE GREEN mediniai si\u016bl\u0173 v\u0117rimo kalad\u0117l\u0117s Safari gyv\u016bnai ZOO 13 vnt. - KidsPlay. Did\u017eiausias vaik\u0173 \u017eaisl\u0173 pasirinkimas.","breadcrumb":{"@id":"https:\/\/kidsplay.lt\/produktas\/woopie-green-mediniai-siulu-verimo-kaladeles-safari-gyvunai-zoo-13-vnt\/#breadcrumb"},"inLanguage":"lv-LV","potentialAction":[{"@type":"ReadAction","target":["https:\/\/kidsplay.lt\/produktas\/woopie-green-mediniai-siulu-verimo-kaladeles-safari-gyvunai-zoo-13-vnt\/"]}]},{"@type":"ImageObject","inLanguage":"lv-LV","@id":"https:\/\/kidsplay.lt\/produktas\/woopie-green-mediniai-siulu-verimo-kaladeles-safari-gyvunai-zoo-13-vnt\/#primaryimage","url":"https:\/\/kidsplay.lt\/wp-content\/uploads\/2025\/09\/WOOPIE-GREEN-mediniai-siulu-verimo-kaladeles-Safari-gyvunai-ZOO-13-vnt.jpg","contentUrl":"https:\/\/kidsplay.lt\/wp-content\/uploads\/2025\/09\/WOOPIE-GREEN-mediniai-siulu-verimo-kaladeles-Safari-gyvunai-ZOO-13-vnt.jpg","width":1080,"height":1080,"caption":"WOOPIE GREEN mediniai si\u016bl\u0173 v\u0117rimo kalad\u0117l\u0117s Safari gyv\u016bnai ZOO 13 vnt."},{"@type":"BreadcrumbList","@id":"https:\/\/kidsplay.lt\/produktas\/woopie-green-mediniai-siulu-verimo-kaladeles-safari-gyvunai-zoo-13-vnt\/#breadcrumb","itemListElement":[{"@type":"ListItem","position":1,"name":"Pagrindinis","item":"https:\/\/kidsplay.lt\/"},{"@type":"ListItem","position":2,"name":"Parduotuv\u0117","item":"https:\/\/kidsplay.lt\/parduotuve\/"},{"@type":"ListItem","position":3,"name":"WOOPIE GREEN mediniai si\u016bl\u0173 v\u0117rimo kalad\u0117l\u0117s Safari gyv\u016bnai ZOO 13 vnt."}]},{"@type":"WebSite","@id":"https:\/\/kidsplay.lt\/#website","url":"https:\/\/kidsplay.lt\/","name":"B\u0113rnu sp\u0113les.lv","description":"\u012evairios prek\u0117s vaikams","publisher":{"@id":"https:\/\/kidsplay.lt\/#organization"},"alternateName":"Kidsplay","potentialAction":[{"@type":"SearchAction","target":{"@type":"EntryPoint","urlTemplate":"https:\/\/kidsplay.lt\/?s={search_term_string}"},"query-input":{"@type":"PropertyValueSpecification","valueRequired":true,"valueName":"search_term_string"}}],"inLanguage":"lv-LV"},{"@type":"Organization","@id":"https:\/\/kidsplay.lt\/#organization","name":"B\u0113rnu sp\u0113le","url":"https:\/\/kidsplay.lt\/","logo":{"@type":"ImageObject","inLanguage":"lv-LV","@id":"https:\/\/kidsplay.lt\/#\/schema\/logo\/image\/","url":"https:\/\/kidsplay.lt\/wp-content\/uploads\/2023\/07\/kidsplay-logo.png","contentUrl":"https:\/\/kidsplay.lt\/wp-content\/uploads\/2023\/07\/kidsplay-logo.png","width":451,"height":98,"caption":"KidsPlay"},"image":{"@id":"https:\/\/kidsplay.lt\/#\/schema\/logo\/image\/"},"sameAs":["https:\/\/www.facebook.com\/www.kidsplay.lt"]}]}},"_links":{"self":[{"href":"https:\/\/kidsplay.lt\/lv\/wp-json\/wp\/v2\/product\/89762","targetHints":{"allow":["GET"]}}],"collection":[{"href":"https:\/\/kidsplay.lt\/lv\/wp-json\/wp\/v2\/product"}],"about":[{"href":"https:\/\/kidsplay.lt\/lv\/wp-json\/wp\/v2\/types\/product"}],"version-history":[{"count":1,"href":"https:\/\/kidsplay.lt\/lv\/wp-json\/wp\/v2\/product\/89762\/revisions"}],"predecessor-version":[{"id":89763,"href":"https:\/\/kidsplay.lt\/lv\/wp-json\/wp\/v2\/product\/89762\/revisions\/89763"}],"wp:featuredmedia":[{"embeddable":true,"href":"https:\/\/kidsplay.lt\/lv\/wp-json\/wp\/v2\/media\/67227"}],"wp:attachment":[{"href":"https:\/\/kidsplay.lt\/lv\/wp-json\/wp\/v2\/media?parent=89762"}],"wp:term":[{"taxonomy":"product_brand","embeddable":true,"href":"https:\/\/kidsplay.lt\/lv\/wp-json\/wp\/v2\/product_brand?post=89762"},{"taxonomy":"product_cat","embeddable":true,"href":"https:\/\/kidsplay.lt\/lv\/wp-json\/wp\/v2\/product_cat?post=89762"},{"taxonomy":"product_tag","embeddable":true,"href":"https:\/\/kidsplay.lt\/lv\/wp-json\/wp\/v2\/product_tag?post=89762"}],"curies":[{"name":"wp","href":"https:\/\/api.w.org\/{rel}","templated":true}]}}