{"id":89769,"date":"2026-02-26T09:29:48","date_gmt":"2026-02-26T07:29:48","guid":{"rendered":"https:\/\/kidsplay.lt\/produktas\/viga-polarb-medinis-balansuojantis-boksto-delione\/"},"modified":"2026-03-15T08:29:42","modified_gmt":"2026-03-15T06:29:42","slug":"viga-polarb-medinis-balansuojantis-boksto-delione","status":"publish","type":"product","link":"https:\/\/kidsplay.lt\/lv\/products\/viga-polarb-medinis-balansuojantis-boksto-delione\/","title":{"rendered":"VIGA PolarB koka balans\u0113jo\u0161\u0101 tor\u0146a puzle"},"content":{"rendered":"<p>\u201eViga\u201c bok\u0161to d\u0117lion\u0117 yra klasikinis \u017eaislas patiems ma\u017eiausiems, kuris suteiks j\u016bs\u0173 vaikui d\u017eiaugsmingo, \u012fdomaus ir k\u016brybi\u0161ko \u017eaidimo.<\/p>\n<p>Rakstur\u012bgs:<\/p>\n<p> \t&#8211; rinkin\u012f sudaro 11 skirting\u0173 form\u0173 element\u0173, kurie dera tarpusavyje kaip d\u0117lion\u0117,<br \/>\n \t&#8211; vaiko u\u017eduotis yra sustatyti piramid\u0119 taip, kad ji neapvirst\u0173,<br \/>\n \t&#8211; \u017daislas\u00a0\u00a0neturi a\u0161tri\u0173 briaun\u0173\u00a0\u00a0ir yra pagamintas i\u0161 auk\u0161\u010diausios kokyb\u0117s med\u017eiag\u0173,\u00a0\u00a0saugi\u0173 vaikams ir aplinkai,<br \/>\n \t&#8211; da\u017eyta netoksi\u0161kais da\u017eais.<\/p>\n<p>Rota\u013clieta att\u012bst\u0101s:<\/p>\n<p> \t&#8211; motoriniai \u012fg\u016bd\u017eiai,<br \/>\n \t&#8211; aki\u0173 ir rank\u0173 koordinacija,<br \/>\n \t&#8211; loginis m\u0105stymas,<br \/>\n \t&#8211; vaizduot\u0117.<\/p>","protected":false},"excerpt":{"rendered":"<p>\u201eViga\u201c bok\u0161to d\u0117lion\u0117 yra klasikinis \u017eaislas patiems ma\u017eiausiems, kuris suteiks j\u016bs\u0173 vaikui d\u017eiaugsmingo, \u012fdomaus ir k\u016brybi\u0161ko \u017eaidimo. B\u016bdingas: &#8211; rinkin\u012f<\/p>","protected":false},"featured_media":67250,"template":"","meta":{"_acf_changed":false,"_glsr_average":0,"_glsr_ranking":0,"_glsr_reviews":0},"product_brand":[],"product_cat":[884,883],"product_tag":[],"class_list":{"0":"post-89769","1":"product","2":"type-product","3":"status-publish","4":"has-post-thumbnail","6":"product_cat-edukaciniai-lavinamieji-mediniai-zaislai","7":"product_cat-mediniai-zaislai-2","8":"\"style=\"background-color: #2ecc711c;\"","10":"first","11":"outofstock","12":"purchasable","13":"product-type-simple"},"acf":[],"yoast_head":"<!-- This site is optimized with the Yoast SEO plugin v27.3 - https:\/\/yoast.com\/product\/yoast-seo-wordpress\/ -->\n<title>VIGA PolarB medinis balansuojantis bok\u0161to d\u0117lion\u0117<\/title>\n<meta name=\"description\" content=\"VIGA PolarB medinis balansuojantis bok\u0161to d\u0117lion\u0117 - KidsPlay. Did\u017eiausias vaik\u0173 \u017eaisl\u0173 pasirinkimas.\" \/>\n<meta name=\"robots\" content=\"index, follow, max-snippet:-1, max-image-preview:large, max-video-preview:-1\" \/>\n<link rel=\"canonical\" href=\"https:\/\/kidsplay.lt\/lv\/products\/viga-polarb-medinis-balansuojantis-boksto-delione\/\" \/>\n<meta property=\"og:locale\" content=\"lv_LV\" \/>\n<meta property=\"og:type\" content=\"article\" \/>\n<meta property=\"og:title\" content=\"VIGA PolarB medinis balansuojantis bok\u0161to d\u0117lion\u0117\" \/>\n<meta property=\"og:description\" content=\"VIGA PolarB medinis balansuojantis bok\u0161to d\u0117lion\u0117 - KidsPlay. Did\u017eiausias vaik\u0173 \u017eaisl\u0173 pasirinkimas.\" \/>\n<meta property=\"og:url\" content=\"https:\/\/kidsplay.lt\/lv\/products\/viga-polarb-medinis-balansuojantis-boksto-delione\/\" \/>\n<meta property=\"og:site_name\" content=\"KidsPlay\" \/>\n<meta property=\"article:publisher\" content=\"https:\/\/www.facebook.com\/www.kidsplay.lt\" \/>\n<meta property=\"article:modified_time\" content=\"2026-03-15T06:29:42+00:00\" \/>\n<meta property=\"og:image\" content=\"https:\/\/kidsplay.lt\/wp-content\/uploads\/2025\/09\/VIGA-PolarB-medinis-balansuojantis-boksto-delione.jpg\" \/>\n\t<meta property=\"og:image:width\" content=\"800\" \/>\n\t<meta property=\"og:image:height\" content=\"800\" \/>\n\t<meta property=\"og:image:type\" content=\"image\/png\" \/>\n<meta name=\"twitter:card\" content=\"summary_large_image\" \/>\n<script type=\"application\/ld+json\" class=\"yoast-schema-graph\">{\"@context\":\"https:\\\/\\\/schema.org\",\"@graph\":[{\"@type\":\"WebPage\",\"@id\":\"https:\\\/\\\/kidsplay.lt\\\/produktas\\\/viga-polarb-medinis-balansuojantis-boksto-delione\\\/\",\"url\":\"https:\\\/\\\/kidsplay.lt\\\/produktas\\\/viga-polarb-medinis-balansuojantis-boksto-delione\\\/\",\"name\":\"VIGA PolarB medinis balansuojantis bok\u0161to d\u0117lion\u0117\",\"isPartOf\":{\"@id\":\"https:\\\/\\\/kidsplay.lt\\\/#website\"},\"primaryImageOfPage\":{\"@id\":\"https:\\\/\\\/kidsplay.lt\\\/produktas\\\/viga-polarb-medinis-balansuojantis-boksto-delione\\\/#primaryimage\"},\"image\":{\"@id\":\"https:\\\/\\\/kidsplay.lt\\\/produktas\\\/viga-polarb-medinis-balansuojantis-boksto-delione\\\/#primaryimage\"},\"thumbnailUrl\":\"https:\\\/\\\/kidsplay.lt\\\/wp-content\\\/uploads\\\/2025\\\/09\\\/VIGA-PolarB-medinis-balansuojantis-boksto-delione.jpg\",\"datePublished\":\"2026-02-26T07:29:48+00:00\",\"dateModified\":\"2026-03-15T06:29:42+00:00\",\"description\":\"VIGA PolarB medinis balansuojantis bok\u0161to d\u0117lion\u0117 - KidsPlay. Did\u017eiausias vaik\u0173 \u017eaisl\u0173 pasirinkimas.\",\"breadcrumb\":{\"@id\":\"https:\\\/\\\/kidsplay.lt\\\/produktas\\\/viga-polarb-medinis-balansuojantis-boksto-delione\\\/#breadcrumb\"},\"inLanguage\":\"lv-LV\",\"potentialAction\":[{\"@type\":\"ReadAction\",\"target\":[\"https:\\\/\\\/kidsplay.lt\\\/produktas\\\/viga-polarb-medinis-balansuojantis-boksto-delione\\\/\"]}]},{\"@type\":\"ImageObject\",\"inLanguage\":\"lv-LV\",\"@id\":\"https:\\\/\\\/kidsplay.lt\\\/produktas\\\/viga-polarb-medinis-balansuojantis-boksto-delione\\\/#primaryimage\",\"url\":\"https:\\\/\\\/kidsplay.lt\\\/wp-content\\\/uploads\\\/2025\\\/09\\\/VIGA-PolarB-medinis-balansuojantis-boksto-delione.jpg\",\"contentUrl\":\"https:\\\/\\\/kidsplay.lt\\\/wp-content\\\/uploads\\\/2025\\\/09\\\/VIGA-PolarB-medinis-balansuojantis-boksto-delione.jpg\",\"width\":2560,\"height\":2560,\"caption\":\"VIGA PolarB medinis balansuojantis bok\u0161to d\u0117lion\u0117\"},{\"@type\":\"BreadcrumbList\",\"@id\":\"https:\\\/\\\/kidsplay.lt\\\/produktas\\\/viga-polarb-medinis-balansuojantis-boksto-delione\\\/#breadcrumb\",\"itemListElement\":[{\"@type\":\"ListItem\",\"position\":1,\"name\":\"Pagrindinis\",\"item\":\"https:\\\/\\\/kidsplay.lt\\\/\"},{\"@type\":\"ListItem\",\"position\":2,\"name\":\"Parduotuv\u0117\",\"item\":\"https:\\\/\\\/kidsplay.lt\\\/parduotuve\\\/\"},{\"@type\":\"ListItem\",\"position\":3,\"name\":\"VIGA PolarB medinis balansuojantis bok\u0161to d\u0117lion\u0117\"}]},{\"@type\":\"WebSite\",\"@id\":\"https:\\\/\\\/kidsplay.lt\\\/#website\",\"url\":\"https:\\\/\\\/kidsplay.lt\\\/\",\"name\":\"Kidsplay.lt\",\"description\":\"\u012evairios prek\u0117s vaikams\",\"publisher\":{\"@id\":\"https:\\\/\\\/kidsplay.lt\\\/#organization\"},\"alternateName\":\"Kidsplay\",\"potentialAction\":[{\"@type\":\"SearchAction\",\"target\":{\"@type\":\"EntryPoint\",\"urlTemplate\":\"https:\\\/\\\/kidsplay.lt\\\/?s={search_term_string}\"},\"query-input\":{\"@type\":\"PropertyValueSpecification\",\"valueRequired\":true,\"valueName\":\"search_term_string\"}}],\"inLanguage\":\"lv-LV\"},{\"@type\":\"Organization\",\"@id\":\"https:\\\/\\\/kidsplay.lt\\\/#organization\",\"name\":\"KidsPlay\",\"url\":\"https:\\\/\\\/kidsplay.lt\\\/\",\"logo\":{\"@type\":\"ImageObject\",\"inLanguage\":\"lv-LV\",\"@id\":\"https:\\\/\\\/kidsplay.lt\\\/#\\\/schema\\\/logo\\\/image\\\/\",\"url\":\"https:\\\/\\\/kidsplay.lt\\\/wp-content\\\/uploads\\\/2023\\\/07\\\/kidsplay-logo.png\",\"contentUrl\":\"https:\\\/\\\/kidsplay.lt\\\/wp-content\\\/uploads\\\/2023\\\/07\\\/kidsplay-logo.png\",\"width\":451,\"height\":98,\"caption\":\"KidsPlay\"},\"image\":{\"@id\":\"https:\\\/\\\/kidsplay.lt\\\/#\\\/schema\\\/logo\\\/image\\\/\"},\"sameAs\":[\"https:\\\/\\\/www.facebook.com\\\/www.kidsplay.lt\"]}]}<\/script>\n<!-- \/ Yoast SEO plugin. -->","yoast_head_json":{"title":"VIGA PolarB koka balans\u0113jo\u0161\u0101 tor\u0146a puzle","description":"VIGA PolarB medinis balansuojantis bok\u0161to d\u0117lion\u0117 - KidsPlay. Did\u017eiausias vaik\u0173 \u017eaisl\u0173 pasirinkimas.","robots":{"index":"index","follow":"follow","max-snippet":"max-snippet:-1","max-image-preview":"max-image-preview:large","max-video-preview":"max-video-preview:-1"},"canonical":"https:\/\/kidsplay.lt\/lv\/products\/viga-polarb-medinis-balansuojantis-boksto-delione\/","og_locale":"lv_LV","og_type":"article","og_title":"VIGA PolarB medinis balansuojantis bok\u0161to d\u0117lion\u0117","og_description":"VIGA PolarB medinis balansuojantis bok\u0161to d\u0117lion\u0117 - KidsPlay. Did\u017eiausias vaik\u0173 \u017eaisl\u0173 pasirinkimas.","og_url":"https:\/\/kidsplay.lt\/lv\/products\/viga-polarb-medinis-balansuojantis-boksto-delione\/","og_site_name":"KidsPlay","article_publisher":"https:\/\/www.facebook.com\/www.kidsplay.lt","article_modified_time":"2026-03-15T06:29:42+00:00","og_image":[{"url":"https:\/\/kidsplay.lt\/wp-content\/uploads\/2025\/09\/VIGA-PolarB-medinis-balansuojantis-boksto-delione.jpg","width":800,"height":800,"type":"image\/png"}],"twitter_card":"summary_large_image","schema":{"@context":"https:\/\/schema.org","@graph":[{"@type":"WebPage","@id":"https:\/\/kidsplay.lt\/produktas\/viga-polarb-medinis-balansuojantis-boksto-delione\/","url":"https:\/\/kidsplay.lt\/produktas\/viga-polarb-medinis-balansuojantis-boksto-delione\/","name":"VIGA PolarB koka balans\u0113jo\u0161\u0101 tor\u0146a puzle","isPartOf":{"@id":"https:\/\/kidsplay.lt\/#website"},"primaryImageOfPage":{"@id":"https:\/\/kidsplay.lt\/produktas\/viga-polarb-medinis-balansuojantis-boksto-delione\/#primaryimage"},"image":{"@id":"https:\/\/kidsplay.lt\/produktas\/viga-polarb-medinis-balansuojantis-boksto-delione\/#primaryimage"},"thumbnailUrl":"https:\/\/kidsplay.lt\/wp-content\/uploads\/2025\/09\/VIGA-PolarB-medinis-balansuojantis-boksto-delione.jpg","datePublished":"2026-02-26T07:29:48+00:00","dateModified":"2026-03-15T06:29:42+00:00","description":"VIGA PolarB medinis balansuojantis bok\u0161to d\u0117lion\u0117 - KidsPlay. Did\u017eiausias vaik\u0173 \u017eaisl\u0173 pasirinkimas.","breadcrumb":{"@id":"https:\/\/kidsplay.lt\/produktas\/viga-polarb-medinis-balansuojantis-boksto-delione\/#breadcrumb"},"inLanguage":"lv-LV","potentialAction":[{"@type":"ReadAction","target":["https:\/\/kidsplay.lt\/produktas\/viga-polarb-medinis-balansuojantis-boksto-delione\/"]}]},{"@type":"ImageObject","inLanguage":"lv-LV","@id":"https:\/\/kidsplay.lt\/produktas\/viga-polarb-medinis-balansuojantis-boksto-delione\/#primaryimage","url":"https:\/\/kidsplay.lt\/wp-content\/uploads\/2025\/09\/VIGA-PolarB-medinis-balansuojantis-boksto-delione.jpg","contentUrl":"https:\/\/kidsplay.lt\/wp-content\/uploads\/2025\/09\/VIGA-PolarB-medinis-balansuojantis-boksto-delione.jpg","width":2560,"height":2560,"caption":"VIGA PolarB medinis balansuojantis bok\u0161to d\u0117lion\u0117"},{"@type":"BreadcrumbList","@id":"https:\/\/kidsplay.lt\/produktas\/viga-polarb-medinis-balansuojantis-boksto-delione\/#breadcrumb","itemListElement":[{"@type":"ListItem","position":1,"name":"Pagrindinis","item":"https:\/\/kidsplay.lt\/"},{"@type":"ListItem","position":2,"name":"Parduotuv\u0117","item":"https:\/\/kidsplay.lt\/parduotuve\/"},{"@type":"ListItem","position":3,"name":"VIGA PolarB medinis balansuojantis bok\u0161to d\u0117lion\u0117"}]},{"@type":"WebSite","@id":"https:\/\/kidsplay.lt\/#website","url":"https:\/\/kidsplay.lt\/","name":"B\u0113rnu sp\u0113les.lv","description":"\u012evairios prek\u0117s vaikams","publisher":{"@id":"https:\/\/kidsplay.lt\/#organization"},"alternateName":"Kidsplay","potentialAction":[{"@type":"SearchAction","target":{"@type":"EntryPoint","urlTemplate":"https:\/\/kidsplay.lt\/?s={search_term_string}"},"query-input":{"@type":"PropertyValueSpecification","valueRequired":true,"valueName":"search_term_string"}}],"inLanguage":"lv-LV"},{"@type":"Organization","@id":"https:\/\/kidsplay.lt\/#organization","name":"B\u0113rnu sp\u0113le","url":"https:\/\/kidsplay.lt\/","logo":{"@type":"ImageObject","inLanguage":"lv-LV","@id":"https:\/\/kidsplay.lt\/#\/schema\/logo\/image\/","url":"https:\/\/kidsplay.lt\/wp-content\/uploads\/2023\/07\/kidsplay-logo.png","contentUrl":"https:\/\/kidsplay.lt\/wp-content\/uploads\/2023\/07\/kidsplay-logo.png","width":451,"height":98,"caption":"KidsPlay"},"image":{"@id":"https:\/\/kidsplay.lt\/#\/schema\/logo\/image\/"},"sameAs":["https:\/\/www.facebook.com\/www.kidsplay.lt"]}]}},"_links":{"self":[{"href":"https:\/\/kidsplay.lt\/lv\/wp-json\/wp\/v2\/product\/89769","targetHints":{"allow":["GET"]}}],"collection":[{"href":"https:\/\/kidsplay.lt\/lv\/wp-json\/wp\/v2\/product"}],"about":[{"href":"https:\/\/kidsplay.lt\/lv\/wp-json\/wp\/v2\/types\/product"}],"version-history":[{"count":1,"href":"https:\/\/kidsplay.lt\/lv\/wp-json\/wp\/v2\/product\/89769\/revisions"}],"predecessor-version":[{"id":89770,"href":"https:\/\/kidsplay.lt\/lv\/wp-json\/wp\/v2\/product\/89769\/revisions\/89770"}],"wp:featuredmedia":[{"embeddable":true,"href":"https:\/\/kidsplay.lt\/lv\/wp-json\/wp\/v2\/media\/67250"}],"wp:attachment":[{"href":"https:\/\/kidsplay.lt\/lv\/wp-json\/wp\/v2\/media?parent=89769"}],"wp:term":[{"taxonomy":"product_brand","embeddable":true,"href":"https:\/\/kidsplay.lt\/lv\/wp-json\/wp\/v2\/product_brand?post=89769"},{"taxonomy":"product_cat","embeddable":true,"href":"https:\/\/kidsplay.lt\/lv\/wp-json\/wp\/v2\/product_cat?post=89769"},{"taxonomy":"product_tag","embeddable":true,"href":"https:\/\/kidsplay.lt\/lv\/wp-json\/wp\/v2\/product_tag?post=89769"}],"curies":[{"name":"wp","href":"https:\/\/api.w.org\/{rel}","templated":true}]}}