{"id":89771,"date":"2026-02-26T09:29:57","date_gmt":"2026-02-26T07:29:57","guid":{"rendered":"https:\/\/kidsplay.lt\/produktas\/tooky-toy-tangram-delione-delione-vaikams-lavinimosi-figuros-figureles-formos-18-vnt\/"},"modified":"2026-04-13T15:06:57","modified_gmt":"2026-04-13T12:06:57","slug":"tooky-toy-tangram-delione-delione-vaikams-lavinimosi-figuros-figureles-formos-18-vnt","status":"publish","type":"product","link":"https:\/\/kidsplay.lt\/lv\/products\/tooky-toy-tangram-delione-delione-vaikams-lavinimosi-figuros-figureles-formos-18-vnt\/","title":{"rendered":"TOOKY TOY Tangramu puzle Puzle b\u0113rniem Att\u012bsto\u0161\u0101s fig\u016bri\u0146as Fig\u016bri\u0146as Formas 18 gab."},"content":{"rendered":"<p>D\u0117lion\u0117 \u201eTooky Toy Shape\u201c\u00a0suteiks daug\u00a0d\u017eiaugsmo\u00a0ir kartu skatins\u00a0ma\u017e\u0173 vaik\u0173 intelektin\u012f vystym\u0105si.\u00a0Ry\u0161kios spalvos ir linksmi gyv\u016bn\u0173 atvaizdai\u00a0patiks net ir i\u0161rankiausiam vartotojui. Su \u0161iuo \u017eaislu j\u016bs\u0173 vaikas gali\u00a0naudoti\u00a0magnetines geometrines fig\u016bras,\u00a0kad\u00a0sulygiuot\u0173\u00a0atvaizdus ant\u00a0specialios platformos ir surinkt\u0173 i\u0161 j\u0173 gyv\u016bnus.\u00a0\u00a0Kompakti\u0161ka pakuot\u0117 daro juos\u00a0idealius kelion\u0117ms\u00a0. Pasirinkdamas auk\u0161\u010diausios kokyb\u0117s, ekologi\u0161kas med\u017eiagas, gamintojas u\u017etikrina vaik\u0173 ir aplinkos saugum\u0105.<\/p>\n<p>Rakstur\u012bgs:<\/p>\n<p> \t\u00a0&#8211; gerai \u017einomo vaik\u0173 \u017eaisl\u0173 gamintojo \u201e\u00a0Tooky Toy\u201c prek\u0117s \u017eenklo produktas,<br \/>\n \t\u00a0&#8211;\u00a0be a\u0161tri\u0173 briaun\u0173, lygus pavir\u0161ius,<br \/>\n \t\u00a0&#8211; rinkin\u012f sudaro\u00a018 element\u0173\u00a0,<br \/>\n \t\u00a0&#8211;\u00a0\u017eaislas leid\u017eia vaikui\u00a0i\u0161d\u0117lioti gyv\u016bnus\u00a0ant paruo\u0161tos platformos naudojant\u00a0geometrines fig\u016bras,<br \/>\n \t\u00a0\u2013 skirta\u00a0vaikams nuo 3 met\u0173 am\u017eiaus.<\/p>\n<p>\u017daislas:<\/p>\n<p> \t&#8211; lavina intelekt\u0105,<br \/>\n \t&#8211; lavina protin\u012f a\u0161trum\u0105,<br \/>\n \t&#8211; moko loginio m\u0105stymo,<br \/>\n \t&#8211; moko geometrini\u0173 fig\u016br\u0173,<br \/>\n \t&#8211; lavina prot\u0105.<\/p>\n<p>\u201eTooky Toy\u201c\u00a0 \u2013 tai\u00a0medini\u0173 \u017eaisl\u0173\u00a0 vaikams\u00a0gamintoja\u00a0\u00a0, rinkoje veikianti nuo 2004 m. Daugiau nei de\u0161imties met\u0173 patirtis \u0161ioje srityje garantuoja auk\u0161tos kokyb\u0117s gaminius, pagamintus atsi\u017evelgiant \u012f vaik\u0173 saugum\u0105.\u00a0\u00a0\u201eTooky Toy\u201c \u017eaislai turi daugyb\u0119 sertifikat\u0173, patvirtinan\u010di\u0173\u00a0\u00a0\u0161i\u0173 ekologi\u0161k\u0173 gamini\u0173 saugum\u0105. Gerai nupoliruoti, be atplai\u0161\u0173 ir a\u0161tri\u0173 briaun\u0173, \u017eaislai padengti tik saugiais, netoksi\u0161kais da\u017eais, da\u017eikliais ir lakais. Visa tai daro\u00a0\u201eTooky Toy\u201c\u00a0\u017eaislus mylimus vaik\u0173 ir vertinamus t\u0117v\u0173 visame pasaulyje.<\/p>","protected":false},"excerpt":{"rendered":"<p>D\u0117lion\u0117 \u201eTooky Toy Shape\u201c\u00a0suteiks daug\u00a0d\u017eiaugsmo\u00a0ir kartu skatins\u00a0ma\u017e\u0173 vaik\u0173 intelektin\u012f vystym\u0105si.\u00a0Ry\u0161kios spalvos ir linksmi gyv\u016bn\u0173 atvaizdai\u00a0patiks net ir i\u0161rankiausiam vartotojui. Su<\/p>","protected":false},"featured_media":67278,"template":"","meta":{"_acf_changed":false,"_glsr_average":0,"_glsr_ranking":0,"_glsr_reviews":0},"product_brand":[],"product_cat":[388,229],"product_tag":[],"class_list":{"0":"post-89771","1":"product","2":"type-product","3":"status-publish","4":"has-post-thumbnail","6":"product_cat-edukaciniai-lavinamieji-zaislai","7":"product_cat-zaislai-vaikams","8":"\"style=\"background-color: #2ecc711c;\"","10":"first","11":"instock","12":"purchasable","13":"product-type-simple"},"acf":[],"yoast_head":"<!-- This site is optimized with the Yoast SEO plugin v27.4 - https:\/\/yoast.com\/product\/yoast-seo-wordpress\/ -->\n<title>TOOKY TOY Tangram d\u0117lion\u0117 D\u0117lion\u0117 vaikams Lavinimosi fig\u016bros Fig\u016br\u0117l\u0117s Formos 18 vnt.<\/title>\n<meta name=\"description\" content=\"TOOKY TOY Tangram d\u0117lion\u0117 D\u0117lion\u0117 vaikams Lavinimosi fig\u016bros Fig\u016br\u0117l\u0117s Formos 18 vnt. - KidsPlay. Did\u017eiausias vaik\u0173 \u017eaisl\u0173 pasirinkimas.\" \/>\n<meta name=\"robots\" content=\"index, follow, max-snippet:-1, max-image-preview:large, max-video-preview:-1\" \/>\n<link rel=\"canonical\" href=\"https:\/\/kidsplay.lt\/lv\/products\/tooky-toy-tangram-delione-delione-vaikams-lavinimosi-figuros-figureles-formos-18-vnt\/\" \/>\n<meta property=\"og:locale\" content=\"lv_LV\" \/>\n<meta property=\"og:type\" content=\"article\" \/>\n<meta property=\"og:title\" content=\"TOOKY TOY Tangram d\u0117lion\u0117 D\u0117lion\u0117 vaikams Lavinimosi fig\u016bros Fig\u016br\u0117l\u0117s Formos 18 vnt.\" \/>\n<meta property=\"og:description\" content=\"TOOKY TOY Tangram d\u0117lion\u0117 D\u0117lion\u0117 vaikams Lavinimosi fig\u016bros Fig\u016br\u0117l\u0117s Formos 18 vnt. - KidsPlay. Did\u017eiausias vaik\u0173 \u017eaisl\u0173 pasirinkimas.\" \/>\n<meta property=\"og:url\" content=\"https:\/\/kidsplay.lt\/lv\/products\/tooky-toy-tangram-delione-delione-vaikams-lavinimosi-figuros-figureles-formos-18-vnt\/\" \/>\n<meta property=\"og:site_name\" content=\"KidsPlay\" \/>\n<meta property=\"article:publisher\" content=\"https:\/\/www.facebook.com\/www.kidsplay.lt\" \/>\n<meta property=\"article:modified_time\" content=\"2026-04-13T12:06:57+00:00\" \/>\n<meta property=\"og:image\" content=\"https:\/\/kidsplay.lt\/wp-content\/uploads\/2025\/09\/TOOKY-TOY-Tangram-delione-Delione-vaikams-Lavinimosi-figuros-Figureles-Formos-18-vnt.jpg\" \/>\n\t<meta property=\"og:image:width\" content=\"2560\" \/>\n\t<meta property=\"og:image:height\" content=\"2560\" \/>\n\t<meta property=\"og:image:type\" content=\"image\/jpeg\" \/>\n<meta name=\"twitter:card\" content=\"summary_large_image\" \/>\n<meta name=\"twitter:label1\" content=\"Est. reading time\" \/>\n\t<meta name=\"twitter:data1\" content=\"1 min\u016bte\" \/>\n<script type=\"application\/ld+json\" class=\"yoast-schema-graph\">{\"@context\":\"https:\\\/\\\/schema.org\",\"@graph\":[{\"@type\":\"WebPage\",\"@id\":\"https:\\\/\\\/kidsplay.lt\\\/produktas\\\/tooky-toy-tangram-delione-delione-vaikams-lavinimosi-figuros-figureles-formos-18-vnt\\\/\",\"url\":\"https:\\\/\\\/kidsplay.lt\\\/produktas\\\/tooky-toy-tangram-delione-delione-vaikams-lavinimosi-figuros-figureles-formos-18-vnt\\\/\",\"name\":\"TOOKY TOY Tangram d\u0117lion\u0117 D\u0117lion\u0117 vaikams Lavinimosi fig\u016bros Fig\u016br\u0117l\u0117s Formos 18 vnt.\",\"isPartOf\":{\"@id\":\"https:\\\/\\\/kidsplay.lt\\\/#website\"},\"primaryImageOfPage\":{\"@id\":\"https:\\\/\\\/kidsplay.lt\\\/produktas\\\/tooky-toy-tangram-delione-delione-vaikams-lavinimosi-figuros-figureles-formos-18-vnt\\\/#primaryimage\"},\"image\":{\"@id\":\"https:\\\/\\\/kidsplay.lt\\\/produktas\\\/tooky-toy-tangram-delione-delione-vaikams-lavinimosi-figuros-figureles-formos-18-vnt\\\/#primaryimage\"},\"thumbnailUrl\":\"https:\\\/\\\/kidsplay.lt\\\/wp-content\\\/uploads\\\/2025\\\/09\\\/TOOKY-TOY-Tangram-delione-Delione-vaikams-Lavinimosi-figuros-Figureles-Formos-18-vnt.jpg\",\"datePublished\":\"2026-02-26T07:29:57+00:00\",\"dateModified\":\"2026-04-13T12:06:57+00:00\",\"description\":\"TOOKY TOY Tangram d\u0117lion\u0117 D\u0117lion\u0117 vaikams Lavinimosi fig\u016bros Fig\u016br\u0117l\u0117s Formos 18 vnt. - KidsPlay. Did\u017eiausias vaik\u0173 \u017eaisl\u0173 pasirinkimas.\",\"breadcrumb\":{\"@id\":\"https:\\\/\\\/kidsplay.lt\\\/produktas\\\/tooky-toy-tangram-delione-delione-vaikams-lavinimosi-figuros-figureles-formos-18-vnt\\\/#breadcrumb\"},\"inLanguage\":\"lv-LV\",\"potentialAction\":[{\"@type\":\"ReadAction\",\"target\":[\"https:\\\/\\\/kidsplay.lt\\\/produktas\\\/tooky-toy-tangram-delione-delione-vaikams-lavinimosi-figuros-figureles-formos-18-vnt\\\/\"]}]},{\"@type\":\"ImageObject\",\"inLanguage\":\"lv-LV\",\"@id\":\"https:\\\/\\\/kidsplay.lt\\\/produktas\\\/tooky-toy-tangram-delione-delione-vaikams-lavinimosi-figuros-figureles-formos-18-vnt\\\/#primaryimage\",\"url\":\"https:\\\/\\\/kidsplay.lt\\\/wp-content\\\/uploads\\\/2025\\\/09\\\/TOOKY-TOY-Tangram-delione-Delione-vaikams-Lavinimosi-figuros-Figureles-Formos-18-vnt.jpg\",\"contentUrl\":\"https:\\\/\\\/kidsplay.lt\\\/wp-content\\\/uploads\\\/2025\\\/09\\\/TOOKY-TOY-Tangram-delione-Delione-vaikams-Lavinimosi-figuros-Figureles-Formos-18-vnt.jpg\",\"width\":2560,\"height\":2560,\"caption\":\"TOOKY TOY Tangram d\u0117lion\u0117 D\u0117lion\u0117 vaikams Lavinimosi fig\u016bros Fig\u016br\u0117l\u0117s Formos 18 vnt.\"},{\"@type\":\"BreadcrumbList\",\"@id\":\"https:\\\/\\\/kidsplay.lt\\\/produktas\\\/tooky-toy-tangram-delione-delione-vaikams-lavinimosi-figuros-figureles-formos-18-vnt\\\/#breadcrumb\",\"itemListElement\":[{\"@type\":\"ListItem\",\"position\":1,\"name\":\"Pagrindinis\",\"item\":\"https:\\\/\\\/kidsplay.lt\\\/\"},{\"@type\":\"ListItem\",\"position\":2,\"name\":\"Parduotuv\u0117\",\"item\":\"https:\\\/\\\/kidsplay.lt\\\/parduotuve\\\/\"},{\"@type\":\"ListItem\",\"position\":3,\"name\":\"TOOKY TOY Tangram d\u0117lion\u0117 D\u0117lion\u0117 vaikams Lavinimosi fig\u016bros Fig\u016br\u0117l\u0117s Formos 18 vnt.\"}]},{\"@type\":\"WebSite\",\"@id\":\"https:\\\/\\\/kidsplay.lt\\\/#website\",\"url\":\"https:\\\/\\\/kidsplay.lt\\\/\",\"name\":\"Kidsplay.lt\",\"description\":\"\u012evairios prek\u0117s vaikams\",\"publisher\":{\"@id\":\"https:\\\/\\\/kidsplay.lt\\\/#organization\"},\"alternateName\":\"Kidsplay\",\"potentialAction\":[{\"@type\":\"SearchAction\",\"target\":{\"@type\":\"EntryPoint\",\"urlTemplate\":\"https:\\\/\\\/kidsplay.lt\\\/?s={search_term_string}\"},\"query-input\":{\"@type\":\"PropertyValueSpecification\",\"valueRequired\":true,\"valueName\":\"search_term_string\"}}],\"inLanguage\":\"lv-LV\"},{\"@type\":\"Organization\",\"@id\":\"https:\\\/\\\/kidsplay.lt\\\/#organization\",\"name\":\"KidsPlay\",\"url\":\"https:\\\/\\\/kidsplay.lt\\\/\",\"logo\":{\"@type\":\"ImageObject\",\"inLanguage\":\"lv-LV\",\"@id\":\"https:\\\/\\\/kidsplay.lt\\\/#\\\/schema\\\/logo\\\/image\\\/\",\"url\":\"https:\\\/\\\/kidsplay.lt\\\/wp-content\\\/uploads\\\/2023\\\/07\\\/kidsplay-logo.png\",\"contentUrl\":\"https:\\\/\\\/kidsplay.lt\\\/wp-content\\\/uploads\\\/2023\\\/07\\\/kidsplay-logo.png\",\"width\":451,\"height\":98,\"caption\":\"KidsPlay\"},\"image\":{\"@id\":\"https:\\\/\\\/kidsplay.lt\\\/#\\\/schema\\\/logo\\\/image\\\/\"},\"sameAs\":[\"https:\\\/\\\/www.facebook.com\\\/www.kidsplay.lt\"]}]}<\/script>\n<!-- \/ Yoast SEO plugin. -->","yoast_head_json":{"title":"TOOKY TOY Tangramu puzle Puzle b\u0113rniem Att\u012bsto\u0161\u0101s fig\u016bri\u0146as Fig\u016bri\u0146as Formas 18 gab.","description":"TOOKY TOY Tangram d\u0117lion\u0117 D\u0117lion\u0117 vaikams Lavinimosi fig\u016bros Fig\u016br\u0117l\u0117s Formos 18 vnt. - KidsPlay. Did\u017eiausias vaik\u0173 \u017eaisl\u0173 pasirinkimas.","robots":{"index":"index","follow":"follow","max-snippet":"max-snippet:-1","max-image-preview":"max-image-preview:large","max-video-preview":"max-video-preview:-1"},"canonical":"https:\/\/kidsplay.lt\/lv\/products\/tooky-toy-tangram-delione-delione-vaikams-lavinimosi-figuros-figureles-formos-18-vnt\/","og_locale":"lv_LV","og_type":"article","og_title":"TOOKY TOY Tangram d\u0117lion\u0117 D\u0117lion\u0117 vaikams Lavinimosi fig\u016bros Fig\u016br\u0117l\u0117s Formos 18 vnt.","og_description":"TOOKY TOY Tangram d\u0117lion\u0117 D\u0117lion\u0117 vaikams Lavinimosi fig\u016bros Fig\u016br\u0117l\u0117s Formos 18 vnt. - KidsPlay. Did\u017eiausias vaik\u0173 \u017eaisl\u0173 pasirinkimas.","og_url":"https:\/\/kidsplay.lt\/lv\/products\/tooky-toy-tangram-delione-delione-vaikams-lavinimosi-figuros-figureles-formos-18-vnt\/","og_site_name":"KidsPlay","article_publisher":"https:\/\/www.facebook.com\/www.kidsplay.lt","article_modified_time":"2026-04-13T12:06:57+00:00","og_image":[{"width":2560,"height":2560,"url":"https:\/\/kidsplay.lt\/wp-content\/uploads\/2025\/09\/TOOKY-TOY-Tangram-delione-Delione-vaikams-Lavinimosi-figuros-Figureles-Formos-18-vnt.jpg","type":"image\/jpeg"}],"twitter_card":"summary_large_image","twitter_misc":{"Est. reading time":"1 min\u016bte"},"schema":{"@context":"https:\/\/schema.org","@graph":[{"@type":"WebPage","@id":"https:\/\/kidsplay.lt\/produktas\/tooky-toy-tangram-delione-delione-vaikams-lavinimosi-figuros-figureles-formos-18-vnt\/","url":"https:\/\/kidsplay.lt\/produktas\/tooky-toy-tangram-delione-delione-vaikams-lavinimosi-figuros-figureles-formos-18-vnt\/","name":"TOOKY TOY Tangramu puzle Puzle b\u0113rniem Att\u012bsto\u0161\u0101s fig\u016bri\u0146as Fig\u016bri\u0146as Formas 18 gab.","isPartOf":{"@id":"https:\/\/kidsplay.lt\/#website"},"primaryImageOfPage":{"@id":"https:\/\/kidsplay.lt\/produktas\/tooky-toy-tangram-delione-delione-vaikams-lavinimosi-figuros-figureles-formos-18-vnt\/#primaryimage"},"image":{"@id":"https:\/\/kidsplay.lt\/produktas\/tooky-toy-tangram-delione-delione-vaikams-lavinimosi-figuros-figureles-formos-18-vnt\/#primaryimage"},"thumbnailUrl":"https:\/\/kidsplay.lt\/wp-content\/uploads\/2025\/09\/TOOKY-TOY-Tangram-delione-Delione-vaikams-Lavinimosi-figuros-Figureles-Formos-18-vnt.jpg","datePublished":"2026-02-26T07:29:57+00:00","dateModified":"2026-04-13T12:06:57+00:00","description":"TOOKY TOY Tangram d\u0117lion\u0117 D\u0117lion\u0117 vaikams Lavinimosi fig\u016bros Fig\u016br\u0117l\u0117s Formos 18 vnt. - KidsPlay. Did\u017eiausias vaik\u0173 \u017eaisl\u0173 pasirinkimas.","breadcrumb":{"@id":"https:\/\/kidsplay.lt\/produktas\/tooky-toy-tangram-delione-delione-vaikams-lavinimosi-figuros-figureles-formos-18-vnt\/#breadcrumb"},"inLanguage":"lv-LV","potentialAction":[{"@type":"ReadAction","target":["https:\/\/kidsplay.lt\/produktas\/tooky-toy-tangram-delione-delione-vaikams-lavinimosi-figuros-figureles-formos-18-vnt\/"]}]},{"@type":"ImageObject","inLanguage":"lv-LV","@id":"https:\/\/kidsplay.lt\/produktas\/tooky-toy-tangram-delione-delione-vaikams-lavinimosi-figuros-figureles-formos-18-vnt\/#primaryimage","url":"https:\/\/kidsplay.lt\/wp-content\/uploads\/2025\/09\/TOOKY-TOY-Tangram-delione-Delione-vaikams-Lavinimosi-figuros-Figureles-Formos-18-vnt.jpg","contentUrl":"https:\/\/kidsplay.lt\/wp-content\/uploads\/2025\/09\/TOOKY-TOY-Tangram-delione-Delione-vaikams-Lavinimosi-figuros-Figureles-Formos-18-vnt.jpg","width":2560,"height":2560,"caption":"TOOKY TOY Tangram d\u0117lion\u0117 D\u0117lion\u0117 vaikams Lavinimosi fig\u016bros Fig\u016br\u0117l\u0117s Formos 18 vnt."},{"@type":"BreadcrumbList","@id":"https:\/\/kidsplay.lt\/produktas\/tooky-toy-tangram-delione-delione-vaikams-lavinimosi-figuros-figureles-formos-18-vnt\/#breadcrumb","itemListElement":[{"@type":"ListItem","position":1,"name":"Pagrindinis","item":"https:\/\/kidsplay.lt\/"},{"@type":"ListItem","position":2,"name":"Parduotuv\u0117","item":"https:\/\/kidsplay.lt\/parduotuve\/"},{"@type":"ListItem","position":3,"name":"TOOKY TOY Tangram d\u0117lion\u0117 D\u0117lion\u0117 vaikams Lavinimosi fig\u016bros Fig\u016br\u0117l\u0117s Formos 18 vnt."}]},{"@type":"WebSite","@id":"https:\/\/kidsplay.lt\/#website","url":"https:\/\/kidsplay.lt\/","name":"B\u0113rnu sp\u0113les.lv","description":"\u012evairios prek\u0117s vaikams","publisher":{"@id":"https:\/\/kidsplay.lt\/#organization"},"alternateName":"Kidsplay","potentialAction":[{"@type":"SearchAction","target":{"@type":"EntryPoint","urlTemplate":"https:\/\/kidsplay.lt\/?s={search_term_string}"},"query-input":{"@type":"PropertyValueSpecification","valueRequired":true,"valueName":"search_term_string"}}],"inLanguage":"lv-LV"},{"@type":"Organization","@id":"https:\/\/kidsplay.lt\/#organization","name":"B\u0113rnu sp\u0113le","url":"https:\/\/kidsplay.lt\/","logo":{"@type":"ImageObject","inLanguage":"lv-LV","@id":"https:\/\/kidsplay.lt\/#\/schema\/logo\/image\/","url":"https:\/\/kidsplay.lt\/wp-content\/uploads\/2023\/07\/kidsplay-logo.png","contentUrl":"https:\/\/kidsplay.lt\/wp-content\/uploads\/2023\/07\/kidsplay-logo.png","width":451,"height":98,"caption":"KidsPlay"},"image":{"@id":"https:\/\/kidsplay.lt\/#\/schema\/logo\/image\/"},"sameAs":["https:\/\/www.facebook.com\/www.kidsplay.lt"]}]}},"_links":{"self":[{"href":"https:\/\/kidsplay.lt\/lv\/wp-json\/wp\/v2\/product\/89771","targetHints":{"allow":["GET"]}}],"collection":[{"href":"https:\/\/kidsplay.lt\/lv\/wp-json\/wp\/v2\/product"}],"about":[{"href":"https:\/\/kidsplay.lt\/lv\/wp-json\/wp\/v2\/types\/product"}],"version-history":[{"count":1,"href":"https:\/\/kidsplay.lt\/lv\/wp-json\/wp\/v2\/product\/89771\/revisions"}],"predecessor-version":[{"id":89772,"href":"https:\/\/kidsplay.lt\/lv\/wp-json\/wp\/v2\/product\/89771\/revisions\/89772"}],"wp:featuredmedia":[{"embeddable":true,"href":"https:\/\/kidsplay.lt\/lv\/wp-json\/wp\/v2\/media\/67278"}],"wp:attachment":[{"href":"https:\/\/kidsplay.lt\/lv\/wp-json\/wp\/v2\/media?parent=89771"}],"wp:term":[{"taxonomy":"product_brand","embeddable":true,"href":"https:\/\/kidsplay.lt\/lv\/wp-json\/wp\/v2\/product_brand?post=89771"},{"taxonomy":"product_cat","embeddable":true,"href":"https:\/\/kidsplay.lt\/lv\/wp-json\/wp\/v2\/product_cat?post=89771"},{"taxonomy":"product_tag","embeddable":true,"href":"https:\/\/kidsplay.lt\/lv\/wp-json\/wp\/v2\/product_tag?post=89771"}],"curies":[{"name":"wp","href":"https:\/\/api.w.org\/{rel}","templated":true}]}}