{"id":89773,"date":"2026-02-26T09:29:59","date_gmt":"2026-02-26T07:29:59","guid":{"rendered":"https:\/\/kidsplay.lt\/produktas\/medinis-lavinantis-zaidimu-centras-5in1-kubas\/"},"modified":"2026-04-07T10:45:38","modified_gmt":"2026-04-07T07:45:38","slug":"medinis-lavinantis-zaidimu-centras-5in1-kubas","status":"publish","type":"product","link":"https:\/\/kidsplay.lt\/lv\/products\/medinis-lavinantis-zaidimu-centras-5in1-kubas\/","title":{"rendered":"Medinis lavinantis \u017eaidim\u0173 centras 5in1 kubas"},"content":{"rendered":"<p>Lavinantis Vigos kubas\u00a0\u00a0\u2013 \u017eaislas, lavinantis vaik\u0173 poj\u016b\u010dius ir motorik\u0105. Judindamas \u012fvairius elementus nustatytais takais, vaikas\u00a0\u00a0lavina rank\u0173 ir aki\u0173 koordinacij\u0105\u00a0\u00a0bei\u00a0\u00a0fizin\u012f pasirengim\u0105\u00a0. \u017daislas puikiai tinka\u00a0\u00a0mokytis skai\u010diuoti\u00a0. \u012evairios fig\u016br\u0117l\u0117s padeda vaikui lavinti \u017eodyn\u0105, atpa\u017einti formas ir emocijas. Didelis \u017eaislo dydis rei\u0161kia, kad su juo vienu metu gali \u017eaisti keli vaikai.<\/p>\n<p>Charakteristika:<\/p>\n<p> \t&#8211; karoliuk\u0173 labirintas,<br \/>\n \t&#8211; labirintas su gyv\u016bnais,<br \/>\n \t&#8211; besisukan\u010dios pavaros,<br \/>\n \t&#8211; r\u016b\u0161iuotojas su gyv\u016bn\u0173 fig\u016br\u0117l\u0117mis,<br \/>\n \t&#8211; kauliukai su skai\u010diais, kuriuos galima pasukti,<br \/>\n \t&#8211; mokytis form\u0173, spalv\u0173, skai\u010di\u0173,<br \/>\n \t&#8211; pagamintas i\u0161 auk\u0161tos kokyb\u0117s medienos ir saugi\u0173 da\u017e\u0173.<\/p>\n<p>\u017daislas vysto:<\/p>\n<p> \t&#8211; vikrumas,<br \/>\n \t&#8211; k\u016brybi\u0161kumas,<br \/>\n \t&#8211; rankiniai \u012fg\u016bd\u017eiai,<br \/>\n \t&#8211; galvoju,<br \/>\n \t&#8211; vaizduot\u0117.<\/p>","protected":false},"excerpt":{"rendered":"<p>Lavinantis Vigos kubas\u00a0\u00a0\u2013 \u017eaislas, lavinantis vaik\u0173 poj\u016b\u010dius ir motorik\u0105. Judindamas \u012fvairius elementus nustatytais takais, vaikas\u00a0\u00a0lavina rank\u0173 ir aki\u0173 koordinacij\u0105\u00a0\u00a0bei\u00a0\u00a0fizin\u012f pasirengim\u0105\u00a0.<\/p>","protected":false},"featured_media":56225,"template":"","meta":{"_acf_changed":false,"_glsr_average":0,"_glsr_ranking":0,"_glsr_reviews":0},"product_brand":[],"product_cat":[396],"product_tag":[],"class_list":{"0":"post-89773","1":"product","2":"type-product","3":"status-publish","4":"has-post-thumbnail","6":"product_cat-kudikiu-zaislai-vaikams2","7":"\"style=\"background-color: #2ecc711c;\"","9":"first","10":"instock","11":"purchasable","12":"product-type-simple"},"acf":[],"yoast_head":"<!-- This site is optimized with the Yoast SEO plugin v27.3 - https:\/\/yoast.com\/product\/yoast-seo-wordpress\/ -->\n<title>Medinis lavinantis \u017eaidim\u0173 centras 5in1 kubas<\/title>\n<meta name=\"description\" content=\"Medinis lavinantis \u017eaidim\u0173 centras 5in1 kubas - KidsPlay. Did\u017eiausias vaik\u0173 \u017eaisl\u0173 pasirinkimas.\" \/>\n<meta name=\"robots\" content=\"index, follow, max-snippet:-1, max-image-preview:large, max-video-preview:-1\" \/>\n<link rel=\"canonical\" href=\"https:\/\/kidsplay.lt\/lv\/products\/medinis-lavinantis-zaidimu-centras-5in1-kubas\/\" \/>\n<meta property=\"og:locale\" content=\"lv_LV\" \/>\n<meta property=\"og:type\" content=\"article\" \/>\n<meta property=\"og:title\" content=\"Medinis lavinantis \u017eaidim\u0173 centras 5in1 kubas\" \/>\n<meta property=\"og:description\" content=\"Medinis lavinantis \u017eaidim\u0173 centras 5in1 kubas - KidsPlay. Did\u017eiausias vaik\u0173 \u017eaisl\u0173 pasirinkimas.\" \/>\n<meta property=\"og:url\" content=\"https:\/\/kidsplay.lt\/lv\/products\/medinis-lavinantis-zaidimu-centras-5in1-kubas\/\" \/>\n<meta property=\"og:site_name\" content=\"KidsPlay\" \/>\n<meta property=\"article:publisher\" content=\"https:\/\/www.facebook.com\/www.kidsplay.lt\" \/>\n<meta property=\"article:modified_time\" content=\"2026-04-07T07:45:38+00:00\" \/>\n<meta property=\"og:image\" content=\"https:\/\/kidsplay.lt\/wp-content\/uploads\/2024\/09\/Medinis-lavinantis-zaidimu-centras-5in1-kubas.jpg\" \/>\n\t<meta property=\"og:image:width\" content=\"2560\" \/>\n\t<meta property=\"og:image:height\" content=\"2560\" \/>\n\t<meta property=\"og:image:type\" content=\"image\/jpeg\" \/>\n<meta name=\"twitter:card\" content=\"summary_large_image\" \/>\n<meta name=\"twitter:label1\" content=\"Est. reading time\" \/>\n\t<meta name=\"twitter:data1\" content=\"1 min\u016bte\" \/>\n<script type=\"application\/ld+json\" class=\"yoast-schema-graph\">{\"@context\":\"https:\\\/\\\/schema.org\",\"@graph\":[{\"@type\":\"WebPage\",\"@id\":\"https:\\\/\\\/kidsplay.lt\\\/produktas\\\/medinis-lavinantis-zaidimu-centras-5in1-kubas\\\/\",\"url\":\"https:\\\/\\\/kidsplay.lt\\\/produktas\\\/medinis-lavinantis-zaidimu-centras-5in1-kubas\\\/\",\"name\":\"Medinis lavinantis \u017eaidim\u0173 centras 5in1 kubas\",\"isPartOf\":{\"@id\":\"https:\\\/\\\/kidsplay.lt\\\/#website\"},\"primaryImageOfPage\":{\"@id\":\"https:\\\/\\\/kidsplay.lt\\\/produktas\\\/medinis-lavinantis-zaidimu-centras-5in1-kubas\\\/#primaryimage\"},\"image\":{\"@id\":\"https:\\\/\\\/kidsplay.lt\\\/produktas\\\/medinis-lavinantis-zaidimu-centras-5in1-kubas\\\/#primaryimage\"},\"thumbnailUrl\":\"https:\\\/\\\/kidsplay.lt\\\/wp-content\\\/uploads\\\/2024\\\/09\\\/Medinis-lavinantis-zaidimu-centras-5in1-kubas.jpg\",\"datePublished\":\"2026-02-26T07:29:59+00:00\",\"dateModified\":\"2026-04-07T07:45:38+00:00\",\"description\":\"Medinis lavinantis \u017eaidim\u0173 centras 5in1 kubas - KidsPlay. Did\u017eiausias vaik\u0173 \u017eaisl\u0173 pasirinkimas.\",\"breadcrumb\":{\"@id\":\"https:\\\/\\\/kidsplay.lt\\\/produktas\\\/medinis-lavinantis-zaidimu-centras-5in1-kubas\\\/#breadcrumb\"},\"inLanguage\":\"lv-LV\",\"potentialAction\":[{\"@type\":\"ReadAction\",\"target\":[\"https:\\\/\\\/kidsplay.lt\\\/produktas\\\/medinis-lavinantis-zaidimu-centras-5in1-kubas\\\/\"]}]},{\"@type\":\"ImageObject\",\"inLanguage\":\"lv-LV\",\"@id\":\"https:\\\/\\\/kidsplay.lt\\\/produktas\\\/medinis-lavinantis-zaidimu-centras-5in1-kubas\\\/#primaryimage\",\"url\":\"https:\\\/\\\/kidsplay.lt\\\/wp-content\\\/uploads\\\/2024\\\/09\\\/Medinis-lavinantis-zaidimu-centras-5in1-kubas.jpg\",\"contentUrl\":\"https:\\\/\\\/kidsplay.lt\\\/wp-content\\\/uploads\\\/2024\\\/09\\\/Medinis-lavinantis-zaidimu-centras-5in1-kubas.jpg\",\"width\":2560,\"height\":2560,\"caption\":\"Medinis lavinantis \u017eaidim\u0173 centras 5in1 kubas\"},{\"@type\":\"BreadcrumbList\",\"@id\":\"https:\\\/\\\/kidsplay.lt\\\/produktas\\\/medinis-lavinantis-zaidimu-centras-5in1-kubas\\\/#breadcrumb\",\"itemListElement\":[{\"@type\":\"ListItem\",\"position\":1,\"name\":\"Pagrindinis\",\"item\":\"https:\\\/\\\/kidsplay.lt\\\/\"},{\"@type\":\"ListItem\",\"position\":2,\"name\":\"Parduotuv\u0117\",\"item\":\"https:\\\/\\\/kidsplay.lt\\\/parduotuve\\\/\"},{\"@type\":\"ListItem\",\"position\":3,\"name\":\"Medinis lavinantis \u017eaidim\u0173 centras 5in1 kubas\"}]},{\"@type\":\"WebSite\",\"@id\":\"https:\\\/\\\/kidsplay.lt\\\/#website\",\"url\":\"https:\\\/\\\/kidsplay.lt\\\/\",\"name\":\"Kidsplay.lt\",\"description\":\"\u012evairios prek\u0117s vaikams\",\"publisher\":{\"@id\":\"https:\\\/\\\/kidsplay.lt\\\/#organization\"},\"alternateName\":\"Kidsplay\",\"potentialAction\":[{\"@type\":\"SearchAction\",\"target\":{\"@type\":\"EntryPoint\",\"urlTemplate\":\"https:\\\/\\\/kidsplay.lt\\\/?s={search_term_string}\"},\"query-input\":{\"@type\":\"PropertyValueSpecification\",\"valueRequired\":true,\"valueName\":\"search_term_string\"}}],\"inLanguage\":\"lv-LV\"},{\"@type\":\"Organization\",\"@id\":\"https:\\\/\\\/kidsplay.lt\\\/#organization\",\"name\":\"KidsPlay\",\"url\":\"https:\\\/\\\/kidsplay.lt\\\/\",\"logo\":{\"@type\":\"ImageObject\",\"inLanguage\":\"lv-LV\",\"@id\":\"https:\\\/\\\/kidsplay.lt\\\/#\\\/schema\\\/logo\\\/image\\\/\",\"url\":\"https:\\\/\\\/kidsplay.lt\\\/wp-content\\\/uploads\\\/2023\\\/07\\\/kidsplay-logo.png\",\"contentUrl\":\"https:\\\/\\\/kidsplay.lt\\\/wp-content\\\/uploads\\\/2023\\\/07\\\/kidsplay-logo.png\",\"width\":451,\"height\":98,\"caption\":\"KidsPlay\"},\"image\":{\"@id\":\"https:\\\/\\\/kidsplay.lt\\\/#\\\/schema\\\/logo\\\/image\\\/\"},\"sameAs\":[\"https:\\\/\\\/www.facebook.com\\\/www.kidsplay.lt\"]}]}<\/script>\n<!-- \/ Yoast SEO plugin. -->","yoast_head_json":{"title":"Medinis lavinantis \u017eaidim\u0173 centras 5in1 kubas","description":"Medinis lavinantis \u017eaidim\u0173 centras 5in1 kubas - KidsPlay. Did\u017eiausias vaik\u0173 \u017eaisl\u0173 pasirinkimas.","robots":{"index":"index","follow":"follow","max-snippet":"max-snippet:-1","max-image-preview":"max-image-preview:large","max-video-preview":"max-video-preview:-1"},"canonical":"https:\/\/kidsplay.lt\/lv\/products\/medinis-lavinantis-zaidimu-centras-5in1-kubas\/","og_locale":"lv_LV","og_type":"article","og_title":"Medinis lavinantis \u017eaidim\u0173 centras 5in1 kubas","og_description":"Medinis lavinantis \u017eaidim\u0173 centras 5in1 kubas - KidsPlay. Did\u017eiausias vaik\u0173 \u017eaisl\u0173 pasirinkimas.","og_url":"https:\/\/kidsplay.lt\/lv\/products\/medinis-lavinantis-zaidimu-centras-5in1-kubas\/","og_site_name":"KidsPlay","article_publisher":"https:\/\/www.facebook.com\/www.kidsplay.lt","article_modified_time":"2026-04-07T07:45:38+00:00","og_image":[{"width":2560,"height":2560,"url":"https:\/\/kidsplay.lt\/wp-content\/uploads\/2024\/09\/Medinis-lavinantis-zaidimu-centras-5in1-kubas.jpg","type":"image\/jpeg"}],"twitter_card":"summary_large_image","twitter_misc":{"Est. reading time":"1 min\u016bte"},"schema":{"@context":"https:\/\/schema.org","@graph":[{"@type":"WebPage","@id":"https:\/\/kidsplay.lt\/produktas\/medinis-lavinantis-zaidimu-centras-5in1-kubas\/","url":"https:\/\/kidsplay.lt\/produktas\/medinis-lavinantis-zaidimu-centras-5in1-kubas\/","name":"Medinis lavinantis \u017eaidim\u0173 centras 5in1 kubas","isPartOf":{"@id":"https:\/\/kidsplay.lt\/#website"},"primaryImageOfPage":{"@id":"https:\/\/kidsplay.lt\/produktas\/medinis-lavinantis-zaidimu-centras-5in1-kubas\/#primaryimage"},"image":{"@id":"https:\/\/kidsplay.lt\/produktas\/medinis-lavinantis-zaidimu-centras-5in1-kubas\/#primaryimage"},"thumbnailUrl":"https:\/\/kidsplay.lt\/wp-content\/uploads\/2024\/09\/Medinis-lavinantis-zaidimu-centras-5in1-kubas.jpg","datePublished":"2026-02-26T07:29:59+00:00","dateModified":"2026-04-07T07:45:38+00:00","description":"Medinis lavinantis \u017eaidim\u0173 centras 5in1 kubas - KidsPlay. Did\u017eiausias vaik\u0173 \u017eaisl\u0173 pasirinkimas.","breadcrumb":{"@id":"https:\/\/kidsplay.lt\/produktas\/medinis-lavinantis-zaidimu-centras-5in1-kubas\/#breadcrumb"},"inLanguage":"lv-LV","potentialAction":[{"@type":"ReadAction","target":["https:\/\/kidsplay.lt\/produktas\/medinis-lavinantis-zaidimu-centras-5in1-kubas\/"]}]},{"@type":"ImageObject","inLanguage":"lv-LV","@id":"https:\/\/kidsplay.lt\/produktas\/medinis-lavinantis-zaidimu-centras-5in1-kubas\/#primaryimage","url":"https:\/\/kidsplay.lt\/wp-content\/uploads\/2024\/09\/Medinis-lavinantis-zaidimu-centras-5in1-kubas.jpg","contentUrl":"https:\/\/kidsplay.lt\/wp-content\/uploads\/2024\/09\/Medinis-lavinantis-zaidimu-centras-5in1-kubas.jpg","width":2560,"height":2560,"caption":"Medinis lavinantis \u017eaidim\u0173 centras 5in1 kubas"},{"@type":"BreadcrumbList","@id":"https:\/\/kidsplay.lt\/produktas\/medinis-lavinantis-zaidimu-centras-5in1-kubas\/#breadcrumb","itemListElement":[{"@type":"ListItem","position":1,"name":"Pagrindinis","item":"https:\/\/kidsplay.lt\/"},{"@type":"ListItem","position":2,"name":"Parduotuv\u0117","item":"https:\/\/kidsplay.lt\/parduotuve\/"},{"@type":"ListItem","position":3,"name":"Medinis lavinantis \u017eaidim\u0173 centras 5in1 kubas"}]},{"@type":"WebSite","@id":"https:\/\/kidsplay.lt\/#website","url":"https:\/\/kidsplay.lt\/","name":"B\u0113rnu sp\u0113les.lv","description":"\u012evairios prek\u0117s vaikams","publisher":{"@id":"https:\/\/kidsplay.lt\/#organization"},"alternateName":"Kidsplay","potentialAction":[{"@type":"SearchAction","target":{"@type":"EntryPoint","urlTemplate":"https:\/\/kidsplay.lt\/?s={search_term_string}"},"query-input":{"@type":"PropertyValueSpecification","valueRequired":true,"valueName":"search_term_string"}}],"inLanguage":"lv-LV"},{"@type":"Organization","@id":"https:\/\/kidsplay.lt\/#organization","name":"B\u0113rnu sp\u0113le","url":"https:\/\/kidsplay.lt\/","logo":{"@type":"ImageObject","inLanguage":"lv-LV","@id":"https:\/\/kidsplay.lt\/#\/schema\/logo\/image\/","url":"https:\/\/kidsplay.lt\/wp-content\/uploads\/2023\/07\/kidsplay-logo.png","contentUrl":"https:\/\/kidsplay.lt\/wp-content\/uploads\/2023\/07\/kidsplay-logo.png","width":451,"height":98,"caption":"KidsPlay"},"image":{"@id":"https:\/\/kidsplay.lt\/#\/schema\/logo\/image\/"},"sameAs":["https:\/\/www.facebook.com\/www.kidsplay.lt"]}]}},"_links":{"self":[{"href":"https:\/\/kidsplay.lt\/lv\/wp-json\/wp\/v2\/product\/89773","targetHints":{"allow":["GET"]}}],"collection":[{"href":"https:\/\/kidsplay.lt\/lv\/wp-json\/wp\/v2\/product"}],"about":[{"href":"https:\/\/kidsplay.lt\/lv\/wp-json\/wp\/v2\/types\/product"}],"version-history":[{"count":1,"href":"https:\/\/kidsplay.lt\/lv\/wp-json\/wp\/v2\/product\/89773\/revisions"}],"predecessor-version":[{"id":89774,"href":"https:\/\/kidsplay.lt\/lv\/wp-json\/wp\/v2\/product\/89773\/revisions\/89774"}],"wp:featuredmedia":[{"embeddable":true,"href":"https:\/\/kidsplay.lt\/lv\/wp-json\/wp\/v2\/media\/56225"}],"wp:attachment":[{"href":"https:\/\/kidsplay.lt\/lv\/wp-json\/wp\/v2\/media?parent=89773"}],"wp:term":[{"taxonomy":"product_brand","embeddable":true,"href":"https:\/\/kidsplay.lt\/lv\/wp-json\/wp\/v2\/product_brand?post=89773"},{"taxonomy":"product_cat","embeddable":true,"href":"https:\/\/kidsplay.lt\/lv\/wp-json\/wp\/v2\/product_cat?post=89773"},{"taxonomy":"product_tag","embeddable":true,"href":"https:\/\/kidsplay.lt\/lv\/wp-json\/wp\/v2\/product_tag?post=89773"}],"curies":[{"name":"wp","href":"https:\/\/api.w.org\/{rel}","templated":true}]}}