{"id":89779,"date":"2026-02-26T09:30:07","date_gmt":"2026-02-26T07:30:07","guid":{"rendered":"https:\/\/kidsplay.lt\/produktas\/medicinos-daktaro-rinkinys\/"},"modified":"2026-04-13T15:07:13","modified_gmt":"2026-04-13T12:07:13","slug":"medicinos-daktaro-rinkinys","status":"publish","type":"product","link":"https:\/\/kidsplay.lt\/lv\/products\/medicinos-daktaro-rinkinys\/","title":{"rendered":"Medicinos daktaro rinkinys"},"content":{"rendered":"<p>\u201eClassic World\u201c\u00a0rinkinyje\u00a0\u00a0\u00a0yra viskas, ko reikia j\u016bs\u0173 ma\u017eajam gydytojui, kad gal\u0117t\u0173 \u017eaisti gydytoju. B\u016bsimieji gydytojai ir slaugytojai stetoskopu gali klausytis pacient\u0173 (me\u0161kiuk\u0173, l\u0117li\u0173) \u0161irdies plakimo, termometru \u201ematuoti\u201c temperat\u016br\u0105, \u201esuleisti\u201c injekcijas ar suleisti reikiam\u0173 vaist\u0173.\u00a0\u00a0\u017daidimas \u201eDaktaras\u201c\u00a0\u00a0yra ne tik vaidmen\u0173 \u017eaidimas, bet ir empatijos bei u\u017euojautos mokymasis, o tai labai svarbu socialiniuose santykiuose.\u00a0\u00a0Jis lavina vaizduot\u0119\u00a0\u00a0ir\u00a0\u00a0moko spr\u0119sti problemas\u00a0.<\/p>\n<p>Raksturojums:<\/p>\n<p> \t&#8211;\u00a0\u00a0\u012e komplektacij\u0105 \u012feina:\u00a0\u00a0stetoskopas, Velcro apyrank\u0117 su raudonu kry\u017eiumi, termometras, \u0161virk\u0161tas su judan\u010diu st\u016bmokliu, nusukamas tepalas, susukama vaist\u0173 pakuot\u0117, popierin\u0117 s\u0105siuvin\u0117 svarbiems u\u017era\u0161ams gydytojui, X -spinduliai ir gydytojo krep\u0161ys.<br \/>\n \t&#8211; Pagaminta i\u0161 nat\u016bralios\u00a0\u00a0medienos.<br \/>\n \t&#8211; Nuostabus dizainas.<br \/>\n \t&#8211; Rank\u0173 darbo.<br \/>\n \t&#8211;\u00a0\u00a0Eleganti\u0161ka pakuot\u0117\u00a0\u00a0&#8211; puikiai tinka dovanai.<\/p>\n<p>\u017daislas vysto:\u00a0<\/p>\n<p> \t&#8211; empatija,<br \/>\n \t&#8211; atsakomyb\u0117,<br \/>\n \t&#8211; pa\u017eintiniai geb\u0117jimai,<br \/>\n \t&#8211; vaizduot\u0117,<br \/>\n \t&#8211; k\u016brybi\u0161kumas.\u00a0<\/p>\n<p>Eko\u017eaislai\u00a0\u00a0\u2013 tai vaikams ir patiems ma\u017eiausiems skirti \u017eaislai, pagaminti i\u0161 visi\u0161kai nat\u016brali\u0173, biologi\u0161kai skaid\u017ei\u0173 ir hipoalergini\u0173 med\u017eiag\u0173, tod\u0117l yra 100% saug\u016bs ir nekenksmingi ne tik aplinkai, bet ir J\u016bs\u0173 vaikui.<\/p>\n<p>&lt;center&gt;&lt;iframe width=&quot;&rdquo;405&Prime;&quot; height=&quot;&rdquo;721&Prime;&quot; src=&quot;&rdquo;https:\/\/www.youtube.com\/embed\/QM_4G9o0rBo&rdquo;&quot; title=&quot;&rdquo;CLASSIC&quot; world drewniany zestaw walizka ma\u0142ego doktora lekarza 19 el.&rdquo; frameborder=&quot;&rdquo;0&Prime;&quot; allow=&quot;&rdquo;accelerometer;&quot; autoplay; clipboard-write; encrypted-media; gyroscope; picture-in-picture; web-share&rdquo; referrerpolicy=&quot;&rdquo;strict-origin-when-cross-origin&rdquo;&quot; allowfullscreen&gt;&lt;\/iframe&gt;&lt;\/center&gt;<\/p>","protected":false},"excerpt":{"rendered":"<p>\u201eClassic World\u201c\u00a0rinkinyje\u00a0\u00a0\u00a0yra viskas, ko reikia j\u016bs\u0173 ma\u017eajam gydytojui, kad gal\u0117t\u0173 \u017eaisti gydytoju. B\u016bsimieji gydytojai ir slaugytojai stetoskopu gali klausytis pacient\u0173<\/p>","protected":false},"featured_media":56240,"template":"","meta":{"_acf_changed":false,"_glsr_average":0,"_glsr_ranking":0,"_glsr_reviews":0},"product_brand":[],"product_cat":[904,399],"product_tag":[],"class_list":{"0":"post-89779","1":"product","2":"type-product","3":"status-publish","4":"has-post-thumbnail","6":"product_cat-gydytojai","7":"product_cat-vaidmenu-zaidimai-2","8":"\"style=\"background-color: #2ecc711c;\"","10":"first","11":"instock","12":"purchasable","13":"product-type-simple"},"acf":[],"yoast_head":"<!-- This site is optimized with the Yoast SEO plugin v27.3 - https:\/\/yoast.com\/product\/yoast-seo-wordpress\/ -->\n<title>Medicinos daktaro rinkinys<\/title>\n<meta name=\"description\" content=\"Medicinos daktaro rinkinys - KidsPlay. Did\u017eiausias vaik\u0173 \u017eaisl\u0173 pasirinkimas.\" \/>\n<meta name=\"robots\" content=\"index, follow, max-snippet:-1, max-image-preview:large, max-video-preview:-1\" \/>\n<link rel=\"canonical\" href=\"https:\/\/kidsplay.lt\/lv\/products\/medicinos-daktaro-rinkinys\/\" \/>\n<meta property=\"og:locale\" content=\"lv_LV\" \/>\n<meta property=\"og:type\" content=\"article\" \/>\n<meta property=\"og:title\" content=\"Medicinos daktaro rinkinys\" \/>\n<meta property=\"og:description\" content=\"Medicinos daktaro rinkinys - KidsPlay. Did\u017eiausias vaik\u0173 \u017eaisl\u0173 pasirinkimas.\" \/>\n<meta property=\"og:url\" content=\"https:\/\/kidsplay.lt\/lv\/products\/medicinos-daktaro-rinkinys\/\" \/>\n<meta property=\"og:site_name\" content=\"KidsPlay\" \/>\n<meta property=\"article:publisher\" content=\"https:\/\/www.facebook.com\/www.kidsplay.lt\" \/>\n<meta property=\"article:modified_time\" content=\"2026-04-13T12:07:13+00:00\" \/>\n<meta property=\"og:image\" content=\"https:\/\/kidsplay.lt\/wp-content\/uploads\/2024\/09\/Medicinos-daktaro-rinkinys.jpg\" \/>\n\t<meta property=\"og:image:width\" content=\"964\" \/>\n\t<meta property=\"og:image:height\" content=\"964\" \/>\n\t<meta property=\"og:image:type\" content=\"image\/jpeg\" \/>\n<meta name=\"twitter:card\" content=\"summary_large_image\" \/>\n<meta name=\"twitter:label1\" content=\"Est. reading time\" \/>\n\t<meta name=\"twitter:data1\" content=\"1 min\u016bte\" \/>\n<script type=\"application\/ld+json\" class=\"yoast-schema-graph\">{\"@context\":\"https:\\\/\\\/schema.org\",\"@graph\":[{\"@type\":\"WebPage\",\"@id\":\"https:\\\/\\\/kidsplay.lt\\\/produktas\\\/medicinos-daktaro-rinkinys\\\/\",\"url\":\"https:\\\/\\\/kidsplay.lt\\\/produktas\\\/medicinos-daktaro-rinkinys\\\/\",\"name\":\"Medicinos daktaro rinkinys\",\"isPartOf\":{\"@id\":\"https:\\\/\\\/kidsplay.lt\\\/#website\"},\"primaryImageOfPage\":{\"@id\":\"https:\\\/\\\/kidsplay.lt\\\/produktas\\\/medicinos-daktaro-rinkinys\\\/#primaryimage\"},\"image\":{\"@id\":\"https:\\\/\\\/kidsplay.lt\\\/produktas\\\/medicinos-daktaro-rinkinys\\\/#primaryimage\"},\"thumbnailUrl\":\"https:\\\/\\\/kidsplay.lt\\\/wp-content\\\/uploads\\\/2024\\\/09\\\/Medicinos-daktaro-rinkinys.jpg\",\"datePublished\":\"2026-02-26T07:30:07+00:00\",\"dateModified\":\"2026-04-13T12:07:13+00:00\",\"description\":\"Medicinos daktaro rinkinys - KidsPlay. Did\u017eiausias vaik\u0173 \u017eaisl\u0173 pasirinkimas.\",\"breadcrumb\":{\"@id\":\"https:\\\/\\\/kidsplay.lt\\\/produktas\\\/medicinos-daktaro-rinkinys\\\/#breadcrumb\"},\"inLanguage\":\"lv-LV\",\"potentialAction\":[{\"@type\":\"ReadAction\",\"target\":[\"https:\\\/\\\/kidsplay.lt\\\/produktas\\\/medicinos-daktaro-rinkinys\\\/\"]}]},{\"@type\":\"ImageObject\",\"inLanguage\":\"lv-LV\",\"@id\":\"https:\\\/\\\/kidsplay.lt\\\/produktas\\\/medicinos-daktaro-rinkinys\\\/#primaryimage\",\"url\":\"https:\\\/\\\/kidsplay.lt\\\/wp-content\\\/uploads\\\/2024\\\/09\\\/Medicinos-daktaro-rinkinys.jpg\",\"contentUrl\":\"https:\\\/\\\/kidsplay.lt\\\/wp-content\\\/uploads\\\/2024\\\/09\\\/Medicinos-daktaro-rinkinys.jpg\",\"width\":964,\"height\":964,\"caption\":\"Medicinos daktaro rinkinys\"},{\"@type\":\"BreadcrumbList\",\"@id\":\"https:\\\/\\\/kidsplay.lt\\\/produktas\\\/medicinos-daktaro-rinkinys\\\/#breadcrumb\",\"itemListElement\":[{\"@type\":\"ListItem\",\"position\":1,\"name\":\"Pagrindinis\",\"item\":\"https:\\\/\\\/kidsplay.lt\\\/\"},{\"@type\":\"ListItem\",\"position\":2,\"name\":\"Parduotuv\u0117\",\"item\":\"https:\\\/\\\/kidsplay.lt\\\/parduotuve\\\/\"},{\"@type\":\"ListItem\",\"position\":3,\"name\":\"Medicinos daktaro rinkinys\"}]},{\"@type\":\"WebSite\",\"@id\":\"https:\\\/\\\/kidsplay.lt\\\/#website\",\"url\":\"https:\\\/\\\/kidsplay.lt\\\/\",\"name\":\"Kidsplay.lt\",\"description\":\"\u012evairios prek\u0117s vaikams\",\"publisher\":{\"@id\":\"https:\\\/\\\/kidsplay.lt\\\/#organization\"},\"alternateName\":\"Kidsplay\",\"potentialAction\":[{\"@type\":\"SearchAction\",\"target\":{\"@type\":\"EntryPoint\",\"urlTemplate\":\"https:\\\/\\\/kidsplay.lt\\\/?s={search_term_string}\"},\"query-input\":{\"@type\":\"PropertyValueSpecification\",\"valueRequired\":true,\"valueName\":\"search_term_string\"}}],\"inLanguage\":\"lv-LV\"},{\"@type\":\"Organization\",\"@id\":\"https:\\\/\\\/kidsplay.lt\\\/#organization\",\"name\":\"KidsPlay\",\"url\":\"https:\\\/\\\/kidsplay.lt\\\/\",\"logo\":{\"@type\":\"ImageObject\",\"inLanguage\":\"lv-LV\",\"@id\":\"https:\\\/\\\/kidsplay.lt\\\/#\\\/schema\\\/logo\\\/image\\\/\",\"url\":\"https:\\\/\\\/kidsplay.lt\\\/wp-content\\\/uploads\\\/2023\\\/07\\\/kidsplay-logo.png\",\"contentUrl\":\"https:\\\/\\\/kidsplay.lt\\\/wp-content\\\/uploads\\\/2023\\\/07\\\/kidsplay-logo.png\",\"width\":451,\"height\":98,\"caption\":\"KidsPlay\"},\"image\":{\"@id\":\"https:\\\/\\\/kidsplay.lt\\\/#\\\/schema\\\/logo\\\/image\\\/\"},\"sameAs\":[\"https:\\\/\\\/www.facebook.com\\\/www.kidsplay.lt\"]}]}<\/script>\n<!-- \/ Yoast SEO plugin. -->","yoast_head_json":{"title":"Medicinos daktaro rinkinys","description":"Medicinos daktaro rinkinys - KidsPlay. Did\u017eiausias vaik\u0173 \u017eaisl\u0173 pasirinkimas.","robots":{"index":"index","follow":"follow","max-snippet":"max-snippet:-1","max-image-preview":"max-image-preview:large","max-video-preview":"max-video-preview:-1"},"canonical":"https:\/\/kidsplay.lt\/lv\/products\/medicinos-daktaro-rinkinys\/","og_locale":"lv_LV","og_type":"article","og_title":"Medicinos daktaro rinkinys","og_description":"Medicinos daktaro rinkinys - KidsPlay. Did\u017eiausias vaik\u0173 \u017eaisl\u0173 pasirinkimas.","og_url":"https:\/\/kidsplay.lt\/lv\/products\/medicinos-daktaro-rinkinys\/","og_site_name":"KidsPlay","article_publisher":"https:\/\/www.facebook.com\/www.kidsplay.lt","article_modified_time":"2026-04-13T12:07:13+00:00","og_image":[{"width":964,"height":964,"url":"https:\/\/kidsplay.lt\/wp-content\/uploads\/2024\/09\/Medicinos-daktaro-rinkinys.jpg","type":"image\/jpeg"}],"twitter_card":"summary_large_image","twitter_misc":{"Est. reading time":"1 min\u016bte"},"schema":{"@context":"https:\/\/schema.org","@graph":[{"@type":"WebPage","@id":"https:\/\/kidsplay.lt\/produktas\/medicinos-daktaro-rinkinys\/","url":"https:\/\/kidsplay.lt\/produktas\/medicinos-daktaro-rinkinys\/","name":"Medicinos daktaro rinkinys","isPartOf":{"@id":"https:\/\/kidsplay.lt\/#website"},"primaryImageOfPage":{"@id":"https:\/\/kidsplay.lt\/produktas\/medicinos-daktaro-rinkinys\/#primaryimage"},"image":{"@id":"https:\/\/kidsplay.lt\/produktas\/medicinos-daktaro-rinkinys\/#primaryimage"},"thumbnailUrl":"https:\/\/kidsplay.lt\/wp-content\/uploads\/2024\/09\/Medicinos-daktaro-rinkinys.jpg","datePublished":"2026-02-26T07:30:07+00:00","dateModified":"2026-04-13T12:07:13+00:00","description":"Medicinos daktaro rinkinys - KidsPlay. Did\u017eiausias vaik\u0173 \u017eaisl\u0173 pasirinkimas.","breadcrumb":{"@id":"https:\/\/kidsplay.lt\/produktas\/medicinos-daktaro-rinkinys\/#breadcrumb"},"inLanguage":"lv-LV","potentialAction":[{"@type":"ReadAction","target":["https:\/\/kidsplay.lt\/produktas\/medicinos-daktaro-rinkinys\/"]}]},{"@type":"ImageObject","inLanguage":"lv-LV","@id":"https:\/\/kidsplay.lt\/produktas\/medicinos-daktaro-rinkinys\/#primaryimage","url":"https:\/\/kidsplay.lt\/wp-content\/uploads\/2024\/09\/Medicinos-daktaro-rinkinys.jpg","contentUrl":"https:\/\/kidsplay.lt\/wp-content\/uploads\/2024\/09\/Medicinos-daktaro-rinkinys.jpg","width":964,"height":964,"caption":"Medicinos daktaro rinkinys"},{"@type":"BreadcrumbList","@id":"https:\/\/kidsplay.lt\/produktas\/medicinos-daktaro-rinkinys\/#breadcrumb","itemListElement":[{"@type":"ListItem","position":1,"name":"Pagrindinis","item":"https:\/\/kidsplay.lt\/"},{"@type":"ListItem","position":2,"name":"Parduotuv\u0117","item":"https:\/\/kidsplay.lt\/parduotuve\/"},{"@type":"ListItem","position":3,"name":"Medicinos daktaro rinkinys"}]},{"@type":"WebSite","@id":"https:\/\/kidsplay.lt\/#website","url":"https:\/\/kidsplay.lt\/","name":"B\u0113rnu sp\u0113les.lv","description":"\u012evairios prek\u0117s vaikams","publisher":{"@id":"https:\/\/kidsplay.lt\/#organization"},"alternateName":"Kidsplay","potentialAction":[{"@type":"SearchAction","target":{"@type":"EntryPoint","urlTemplate":"https:\/\/kidsplay.lt\/?s={search_term_string}"},"query-input":{"@type":"PropertyValueSpecification","valueRequired":true,"valueName":"search_term_string"}}],"inLanguage":"lv-LV"},{"@type":"Organization","@id":"https:\/\/kidsplay.lt\/#organization","name":"B\u0113rnu sp\u0113le","url":"https:\/\/kidsplay.lt\/","logo":{"@type":"ImageObject","inLanguage":"lv-LV","@id":"https:\/\/kidsplay.lt\/#\/schema\/logo\/image\/","url":"https:\/\/kidsplay.lt\/wp-content\/uploads\/2023\/07\/kidsplay-logo.png","contentUrl":"https:\/\/kidsplay.lt\/wp-content\/uploads\/2023\/07\/kidsplay-logo.png","width":451,"height":98,"caption":"KidsPlay"},"image":{"@id":"https:\/\/kidsplay.lt\/#\/schema\/logo\/image\/"},"sameAs":["https:\/\/www.facebook.com\/www.kidsplay.lt"]}]}},"_links":{"self":[{"href":"https:\/\/kidsplay.lt\/lv\/wp-json\/wp\/v2\/product\/89779","targetHints":{"allow":["GET"]}}],"collection":[{"href":"https:\/\/kidsplay.lt\/lv\/wp-json\/wp\/v2\/product"}],"about":[{"href":"https:\/\/kidsplay.lt\/lv\/wp-json\/wp\/v2\/types\/product"}],"version-history":[{"count":1,"href":"https:\/\/kidsplay.lt\/lv\/wp-json\/wp\/v2\/product\/89779\/revisions"}],"predecessor-version":[{"id":89780,"href":"https:\/\/kidsplay.lt\/lv\/wp-json\/wp\/v2\/product\/89779\/revisions\/89780"}],"wp:featuredmedia":[{"embeddable":true,"href":"https:\/\/kidsplay.lt\/lv\/wp-json\/wp\/v2\/media\/56240"}],"wp:attachment":[{"href":"https:\/\/kidsplay.lt\/lv\/wp-json\/wp\/v2\/media?parent=89779"}],"wp:term":[{"taxonomy":"product_brand","embeddable":true,"href":"https:\/\/kidsplay.lt\/lv\/wp-json\/wp\/v2\/product_brand?post=89779"},{"taxonomy":"product_cat","embeddable":true,"href":"https:\/\/kidsplay.lt\/lv\/wp-json\/wp\/v2\/product_cat?post=89779"},{"taxonomy":"product_tag","embeddable":true,"href":"https:\/\/kidsplay.lt\/lv\/wp-json\/wp\/v2\/product_tag?post=89779"}],"curies":[{"name":"wp","href":"https:\/\/api.w.org\/{rel}","templated":true}]}}