{"id":89781,"date":"2026-02-26T09:30:10","date_gmt":"2026-02-26T07:30:10","guid":{"rendered":"https:\/\/kidsplay.lt\/produktas\/medinis-gydytojo-rinkinys-lagamine\/"},"modified":"2026-04-13T15:07:16","modified_gmt":"2026-04-13T12:07:16","slug":"medinis-gydytojo-rinkinys-lagamine","status":"publish","type":"product","link":"https:\/\/kidsplay.lt\/lv\/products\/medinis-gydytojo-rinkinys-lagamine\/","title":{"rendered":"Koka \u0101rsta komplekts kofer\u012b"},"content":{"rendered":"<p>\u201eViga\u201c\u00a0rinkinyje\u00a0yra viskas, ko reikia j\u016bs\u0173 ma\u017eajam gydytojui, kad gal\u0117t\u0173 \u017eaisti gydytoju. B\u016bsimieji gydytojai, slaugytojos vyrai ir moterys gali stetoskopu klausytis pacient\u0173 (me\u0161kiuk\u0173, l\u0117li\u0173) \u0161irdies plakim\u0173, termometru \u201ematuoti\u201c temperat\u016br\u0105, \u201esuleisti\u201c injekcijas ar i\u0161ra\u0161yti paciento kortel\u0119.\u00a0\u00a0\u017daidimas \u201eDaktaras\u201c\u00a0\u00a0yra ne tik vaidmen\u0173 \u017eaidimas, bet ir empatijos bei u\u017euojautos mokymasis, o tai labai svarbu socialiniuose santykiuose.\u00a0\u00a0Jis lavina vaizduot\u0119\u00a0\u00a0ir\u00a0\u00a0moko spr\u0119sti problemas\u00a0. Rinkinys pad\u0117s \u012fveikti gydytojo baim\u0119.<\/p>\n<p>Raksturojums:<\/p>\n<p> \t&#8211;\u00a0komplekte yra:\u00a0\u00a0stetoskopas, termometras, \u0161virk\u0161tas, plaktukas, tepalo pakuot\u0117, paciento kortel\u0117, sirupas, medinis medicininis d\u0117klas,<br \/>\n \t&#8211; pagamintas i\u0161 nat\u016bralaus\u00a0\u00a0med\u017eio,<br \/>\n \t&#8211; nuostabus dizainas,<br \/>\n \t&#8211; rank\u0173 darbo,<br \/>\n \t&#8211;\u00a0eleganti\u0161ka pakuot\u0117\u00a0\u00a0&#8211; puikiai tinka dovanai.<\/p>\n<p>Rota\u013clieta att\u012bst\u0101s:\u00a0<\/p>\n<p> \t&#8211; empatija,<br \/>\n \t&#8211; atsakomyb\u0117,<br \/>\n \t&#8211; pa\u017eintiniai geb\u0117jimai,<br \/>\n \t&#8211; vaizduot\u0117,<br \/>\n \t&#8211; k\u016brybi\u0161kumas.<\/p>","protected":false},"excerpt":{"rendered":"<p>\u201eViga\u201c\u00a0rinkinyje\u00a0yra viskas, ko reikia j\u016bs\u0173 ma\u017eajam gydytojui, kad gal\u0117t\u0173 \u017eaisti gydytoju. B\u016bsimieji gydytojai, slaugytojos vyrai ir moterys gali stetoskopu klausytis<\/p>","protected":false},"featured_media":56273,"template":"","meta":{"_acf_changed":false,"_glsr_average":0,"_glsr_ranking":0,"_glsr_reviews":0},"product_brand":[],"product_cat":[904,399],"product_tag":[],"class_list":{"0":"post-89781","1":"product","2":"type-product","3":"status-publish","4":"has-post-thumbnail","6":"product_cat-gydytojai","7":"product_cat-vaidmenu-zaidimai-2","8":"\"style=\"background-color: #2ecc711c;\"","10":"first","11":"instock","12":"purchasable","13":"product-type-simple"},"acf":[],"yoast_head":"<!-- This site is optimized with the Yoast SEO plugin v27.4 - https:\/\/yoast.com\/product\/yoast-seo-wordpress\/ -->\n<title>Medinis gydytojo rinkinys lagamine<\/title>\n<meta name=\"description\" content=\"Medinis gydytojo rinkinys lagamine - KidsPlay. Did\u017eiausias vaik\u0173 \u017eaisl\u0173 pasirinkimas.\" \/>\n<meta name=\"robots\" content=\"index, follow, max-snippet:-1, max-image-preview:large, max-video-preview:-1\" \/>\n<link rel=\"canonical\" href=\"https:\/\/kidsplay.lt\/lv\/products\/medinis-gydytojo-rinkinys-lagamine\/\" \/>\n<meta property=\"og:locale\" content=\"lv_LV\" \/>\n<meta property=\"og:type\" content=\"article\" \/>\n<meta property=\"og:title\" content=\"Medinis gydytojo rinkinys lagamine\" \/>\n<meta property=\"og:description\" content=\"Medinis gydytojo rinkinys lagamine - KidsPlay. Did\u017eiausias vaik\u0173 \u017eaisl\u0173 pasirinkimas.\" \/>\n<meta property=\"og:url\" content=\"https:\/\/kidsplay.lt\/lv\/products\/medinis-gydytojo-rinkinys-lagamine\/\" \/>\n<meta property=\"og:site_name\" content=\"KidsPlay\" \/>\n<meta property=\"article:publisher\" content=\"https:\/\/www.facebook.com\/www.kidsplay.lt\" \/>\n<meta property=\"article:modified_time\" content=\"2026-04-13T12:07:16+00:00\" \/>\n<meta property=\"og:image\" content=\"https:\/\/kidsplay.lt\/wp-content\/uploads\/2024\/09\/Medinis-gydytojo-rinkinys-lagamine.jpg\" \/>\n\t<meta property=\"og:image:width\" content=\"1600\" \/>\n\t<meta property=\"og:image:height\" content=\"1600\" \/>\n\t<meta property=\"og:image:type\" content=\"image\/jpeg\" \/>\n<meta name=\"twitter:card\" content=\"summary_large_image\" \/>\n<meta name=\"twitter:label1\" content=\"Est. reading time\" \/>\n\t<meta name=\"twitter:data1\" content=\"1 min\u016bte\" \/>\n<script type=\"application\/ld+json\" class=\"yoast-schema-graph\">{\"@context\":\"https:\\\/\\\/schema.org\",\"@graph\":[{\"@type\":\"WebPage\",\"@id\":\"https:\\\/\\\/kidsplay.lt\\\/produktas\\\/medinis-gydytojo-rinkinys-lagamine\\\/\",\"url\":\"https:\\\/\\\/kidsplay.lt\\\/produktas\\\/medinis-gydytojo-rinkinys-lagamine\\\/\",\"name\":\"Medinis gydytojo rinkinys lagamine\",\"isPartOf\":{\"@id\":\"https:\\\/\\\/kidsplay.lt\\\/#website\"},\"primaryImageOfPage\":{\"@id\":\"https:\\\/\\\/kidsplay.lt\\\/produktas\\\/medinis-gydytojo-rinkinys-lagamine\\\/#primaryimage\"},\"image\":{\"@id\":\"https:\\\/\\\/kidsplay.lt\\\/produktas\\\/medinis-gydytojo-rinkinys-lagamine\\\/#primaryimage\"},\"thumbnailUrl\":\"https:\\\/\\\/kidsplay.lt\\\/wp-content\\\/uploads\\\/2024\\\/09\\\/Medinis-gydytojo-rinkinys-lagamine.jpg\",\"datePublished\":\"2026-02-26T07:30:10+00:00\",\"dateModified\":\"2026-04-13T12:07:16+00:00\",\"description\":\"Medinis gydytojo rinkinys lagamine - KidsPlay. Did\u017eiausias vaik\u0173 \u017eaisl\u0173 pasirinkimas.\",\"breadcrumb\":{\"@id\":\"https:\\\/\\\/kidsplay.lt\\\/produktas\\\/medinis-gydytojo-rinkinys-lagamine\\\/#breadcrumb\"},\"inLanguage\":\"lv-LV\",\"potentialAction\":[{\"@type\":\"ReadAction\",\"target\":[\"https:\\\/\\\/kidsplay.lt\\\/produktas\\\/medinis-gydytojo-rinkinys-lagamine\\\/\"]}]},{\"@type\":\"ImageObject\",\"inLanguage\":\"lv-LV\",\"@id\":\"https:\\\/\\\/kidsplay.lt\\\/produktas\\\/medinis-gydytojo-rinkinys-lagamine\\\/#primaryimage\",\"url\":\"https:\\\/\\\/kidsplay.lt\\\/wp-content\\\/uploads\\\/2024\\\/09\\\/Medinis-gydytojo-rinkinys-lagamine.jpg\",\"contentUrl\":\"https:\\\/\\\/kidsplay.lt\\\/wp-content\\\/uploads\\\/2024\\\/09\\\/Medinis-gydytojo-rinkinys-lagamine.jpg\",\"width\":1600,\"height\":1600,\"caption\":\"Medinis gydytojo rinkinys lagamine\"},{\"@type\":\"BreadcrumbList\",\"@id\":\"https:\\\/\\\/kidsplay.lt\\\/produktas\\\/medinis-gydytojo-rinkinys-lagamine\\\/#breadcrumb\",\"itemListElement\":[{\"@type\":\"ListItem\",\"position\":1,\"name\":\"Pagrindinis\",\"item\":\"https:\\\/\\\/kidsplay.lt\\\/\"},{\"@type\":\"ListItem\",\"position\":2,\"name\":\"Parduotuv\u0117\",\"item\":\"https:\\\/\\\/kidsplay.lt\\\/parduotuve\\\/\"},{\"@type\":\"ListItem\",\"position\":3,\"name\":\"Medinis gydytojo rinkinys lagamine\"}]},{\"@type\":\"WebSite\",\"@id\":\"https:\\\/\\\/kidsplay.lt\\\/#website\",\"url\":\"https:\\\/\\\/kidsplay.lt\\\/\",\"name\":\"Kidsplay.lt\",\"description\":\"\u012evairios prek\u0117s vaikams\",\"publisher\":{\"@id\":\"https:\\\/\\\/kidsplay.lt\\\/#organization\"},\"alternateName\":\"Kidsplay\",\"potentialAction\":[{\"@type\":\"SearchAction\",\"target\":{\"@type\":\"EntryPoint\",\"urlTemplate\":\"https:\\\/\\\/kidsplay.lt\\\/?s={search_term_string}\"},\"query-input\":{\"@type\":\"PropertyValueSpecification\",\"valueRequired\":true,\"valueName\":\"search_term_string\"}}],\"inLanguage\":\"lv-LV\"},{\"@type\":\"Organization\",\"@id\":\"https:\\\/\\\/kidsplay.lt\\\/#organization\",\"name\":\"KidsPlay\",\"url\":\"https:\\\/\\\/kidsplay.lt\\\/\",\"logo\":{\"@type\":\"ImageObject\",\"inLanguage\":\"lv-LV\",\"@id\":\"https:\\\/\\\/kidsplay.lt\\\/#\\\/schema\\\/logo\\\/image\\\/\",\"url\":\"https:\\\/\\\/kidsplay.lt\\\/wp-content\\\/uploads\\\/2023\\\/07\\\/kidsplay-logo.png\",\"contentUrl\":\"https:\\\/\\\/kidsplay.lt\\\/wp-content\\\/uploads\\\/2023\\\/07\\\/kidsplay-logo.png\",\"width\":451,\"height\":98,\"caption\":\"KidsPlay\"},\"image\":{\"@id\":\"https:\\\/\\\/kidsplay.lt\\\/#\\\/schema\\\/logo\\\/image\\\/\"},\"sameAs\":[\"https:\\\/\\\/www.facebook.com\\\/www.kidsplay.lt\"]}]}<\/script>\n<!-- \/ Yoast SEO plugin. -->","yoast_head_json":{"title":"Koka \u0101rsta komplekts kofer\u012b","description":"Medinis gydytojo rinkinys lagamine - KidsPlay. Did\u017eiausias vaik\u0173 \u017eaisl\u0173 pasirinkimas.","robots":{"index":"index","follow":"follow","max-snippet":"max-snippet:-1","max-image-preview":"max-image-preview:large","max-video-preview":"max-video-preview:-1"},"canonical":"https:\/\/kidsplay.lt\/lv\/products\/medinis-gydytojo-rinkinys-lagamine\/","og_locale":"lv_LV","og_type":"article","og_title":"Medinis gydytojo rinkinys lagamine","og_description":"Medinis gydytojo rinkinys lagamine - KidsPlay. Did\u017eiausias vaik\u0173 \u017eaisl\u0173 pasirinkimas.","og_url":"https:\/\/kidsplay.lt\/lv\/products\/medinis-gydytojo-rinkinys-lagamine\/","og_site_name":"KidsPlay","article_publisher":"https:\/\/www.facebook.com\/www.kidsplay.lt","article_modified_time":"2026-04-13T12:07:16+00:00","og_image":[{"width":1600,"height":1600,"url":"https:\/\/kidsplay.lt\/wp-content\/uploads\/2024\/09\/Medinis-gydytojo-rinkinys-lagamine.jpg","type":"image\/jpeg"}],"twitter_card":"summary_large_image","twitter_misc":{"Est. reading time":"1 min\u016bte"},"schema":{"@context":"https:\/\/schema.org","@graph":[{"@type":"WebPage","@id":"https:\/\/kidsplay.lt\/produktas\/medinis-gydytojo-rinkinys-lagamine\/","url":"https:\/\/kidsplay.lt\/produktas\/medinis-gydytojo-rinkinys-lagamine\/","name":"Koka \u0101rsta komplekts kofer\u012b","isPartOf":{"@id":"https:\/\/kidsplay.lt\/#website"},"primaryImageOfPage":{"@id":"https:\/\/kidsplay.lt\/produktas\/medinis-gydytojo-rinkinys-lagamine\/#primaryimage"},"image":{"@id":"https:\/\/kidsplay.lt\/produktas\/medinis-gydytojo-rinkinys-lagamine\/#primaryimage"},"thumbnailUrl":"https:\/\/kidsplay.lt\/wp-content\/uploads\/2024\/09\/Medinis-gydytojo-rinkinys-lagamine.jpg","datePublished":"2026-02-26T07:30:10+00:00","dateModified":"2026-04-13T12:07:16+00:00","description":"Medinis gydytojo rinkinys lagamine - KidsPlay. Did\u017eiausias vaik\u0173 \u017eaisl\u0173 pasirinkimas.","breadcrumb":{"@id":"https:\/\/kidsplay.lt\/produktas\/medinis-gydytojo-rinkinys-lagamine\/#breadcrumb"},"inLanguage":"lv-LV","potentialAction":[{"@type":"ReadAction","target":["https:\/\/kidsplay.lt\/produktas\/medinis-gydytojo-rinkinys-lagamine\/"]}]},{"@type":"ImageObject","inLanguage":"lv-LV","@id":"https:\/\/kidsplay.lt\/produktas\/medinis-gydytojo-rinkinys-lagamine\/#primaryimage","url":"https:\/\/kidsplay.lt\/wp-content\/uploads\/2024\/09\/Medinis-gydytojo-rinkinys-lagamine.jpg","contentUrl":"https:\/\/kidsplay.lt\/wp-content\/uploads\/2024\/09\/Medinis-gydytojo-rinkinys-lagamine.jpg","width":1600,"height":1600,"caption":"Medinis gydytojo rinkinys lagamine"},{"@type":"BreadcrumbList","@id":"https:\/\/kidsplay.lt\/produktas\/medinis-gydytojo-rinkinys-lagamine\/#breadcrumb","itemListElement":[{"@type":"ListItem","position":1,"name":"Pagrindinis","item":"https:\/\/kidsplay.lt\/"},{"@type":"ListItem","position":2,"name":"Parduotuv\u0117","item":"https:\/\/kidsplay.lt\/parduotuve\/"},{"@type":"ListItem","position":3,"name":"Medinis gydytojo rinkinys lagamine"}]},{"@type":"WebSite","@id":"https:\/\/kidsplay.lt\/#website","url":"https:\/\/kidsplay.lt\/","name":"B\u0113rnu sp\u0113les.lv","description":"\u012evairios prek\u0117s vaikams","publisher":{"@id":"https:\/\/kidsplay.lt\/#organization"},"alternateName":"Kidsplay","potentialAction":[{"@type":"SearchAction","target":{"@type":"EntryPoint","urlTemplate":"https:\/\/kidsplay.lt\/?s={search_term_string}"},"query-input":{"@type":"PropertyValueSpecification","valueRequired":true,"valueName":"search_term_string"}}],"inLanguage":"lv-LV"},{"@type":"Organization","@id":"https:\/\/kidsplay.lt\/#organization","name":"B\u0113rnu sp\u0113le","url":"https:\/\/kidsplay.lt\/","logo":{"@type":"ImageObject","inLanguage":"lv-LV","@id":"https:\/\/kidsplay.lt\/#\/schema\/logo\/image\/","url":"https:\/\/kidsplay.lt\/wp-content\/uploads\/2023\/07\/kidsplay-logo.png","contentUrl":"https:\/\/kidsplay.lt\/wp-content\/uploads\/2023\/07\/kidsplay-logo.png","width":451,"height":98,"caption":"KidsPlay"},"image":{"@id":"https:\/\/kidsplay.lt\/#\/schema\/logo\/image\/"},"sameAs":["https:\/\/www.facebook.com\/www.kidsplay.lt"]}]}},"_links":{"self":[{"href":"https:\/\/kidsplay.lt\/lv\/wp-json\/wp\/v2\/product\/89781","targetHints":{"allow":["GET"]}}],"collection":[{"href":"https:\/\/kidsplay.lt\/lv\/wp-json\/wp\/v2\/product"}],"about":[{"href":"https:\/\/kidsplay.lt\/lv\/wp-json\/wp\/v2\/types\/product"}],"version-history":[{"count":1,"href":"https:\/\/kidsplay.lt\/lv\/wp-json\/wp\/v2\/product\/89781\/revisions"}],"predecessor-version":[{"id":89782,"href":"https:\/\/kidsplay.lt\/lv\/wp-json\/wp\/v2\/product\/89781\/revisions\/89782"}],"wp:featuredmedia":[{"embeddable":true,"href":"https:\/\/kidsplay.lt\/lv\/wp-json\/wp\/v2\/media\/56273"}],"wp:attachment":[{"href":"https:\/\/kidsplay.lt\/lv\/wp-json\/wp\/v2\/media?parent=89781"}],"wp:term":[{"taxonomy":"product_brand","embeddable":true,"href":"https:\/\/kidsplay.lt\/lv\/wp-json\/wp\/v2\/product_brand?post=89781"},{"taxonomy":"product_cat","embeddable":true,"href":"https:\/\/kidsplay.lt\/lv\/wp-json\/wp\/v2\/product_cat?post=89781"},{"taxonomy":"product_tag","embeddable":true,"href":"https:\/\/kidsplay.lt\/lv\/wp-json\/wp\/v2\/product_tag?post=89781"}],"curies":[{"name":"wp","href":"https:\/\/api.w.org\/{rel}","templated":true}]}}