{"id":89790,"date":"2026-02-26T09:30:31","date_gmt":"2026-02-26T07:30:31","guid":{"rendered":"https:\/\/kidsplay.lt\/produktas\/montessori-lavinanti-deze-7in1-25-30-men\/"},"modified":"2026-03-23T08:56:46","modified_gmt":"2026-03-23T06:56:46","slug":"montessori-lavinanti-deze-7in1-25-30-men","status":"publish","type":"product","link":"https:\/\/kidsplay.lt\/lv\/products\/montessori-lavinanti-deze-7in1-25-30-men\/","title":{"rendered":"Montessori lavinanti d\u0117\u017e\u0117 7in1 25-30 m\u0117n"},"content":{"rendered":"<p>TOOKY TOY\u00a0si\u016blo\u00a0mokom\u0105j\u0105 Montessori \u017eaisl\u0173 d\u0117\u017e\u0119\u00a0. \u0160is medinis \u017eaislas skirtas vaikams\u00a0nuo\u00a025-30 m\u0117nesi\u0173\u00a0am\u017eiaus. Lagamine yra 6 skirtingi\u00a0lavinimo \u017eaidimai ir \u017eaislai\u00a0, kurie tikrai sudomins j\u016bs\u0173 ma\u017eyl\u012f. Tokia d\u0117\u017eut\u0117 \u2013 puikus b\u016bdas lavinti vaik\u0173 pa\u017eintinius, emocinius ir motorinius \u012fg\u016bd\u017eius!\u00a0Komplekte yra naudojimo instrukcija, kurioje pateikiama informacija\u00a0apie d\u0117\u017eut\u0117s turin\u012f, \u017eaisl\u0173 naudojimo instrukcijos ir naudingi patarimai.<\/p>\n<p>Charakteristika:<\/p>\n<p> \t&#8211; \u017daislas skirtas vaikams\u00a0nuo 25-30 m\u0117n.<br \/>\n \t\u2013 Tai turi teigiamos \u012ftakos vaiko raidai<br \/>\n \t&#8211; Stimuliuoja poj\u016b\u010dius ir smulki\u0105j\u0105 motorik\u0105<br \/>\n \t&#8211; Visi\u0161kai saugus patiems ma\u017eiausiems vaikams<br \/>\n \t&#8211; Pridedama naudojimo instrukcija, palengvinanti lagamino naudojim\u0105<\/p>\n<p>\u017daislas vysto:<\/p>\n<p> \t&#8211; Geb\u0117jimas skai\u010diuoti<br \/>\n \t\u2013 Erdvin\u0117 vaizduot\u0117<br \/>\n \t&#8211; Aki\u0173-rank\u0173 koordinacija<br \/>\n \t&#8211; Koncentracija ir d\u0117mesys<br \/>\n \t&#8211; Darbin\u0117 atmintis<\/p>\n<p>Komplekt\u0101 ietilpst:<\/p>\n<p>\u00a0\u00a0\u00a0 1.\u00a0R\u016b\u0161iuoklis \u201eForm\u0173 atradimas\u201c<\/p>\n<p>\u0160is \u017eaislas yra tikrai puiki\u00a0edukacin\u0117 dovana\u00a0vaikams! Tai leid\u017eia ne tik linksmintis, bet ir\u00a0lavinti pa\u017eintinius \u012fg\u016bd\u017eius\u00a0. Komplekte yra\u00a0medin\u0117 pagrindo plok\u0161t\u0117 su 4 kai\u0161\u010diais ir 12 spalving\u0173 kalad\u0117li\u0173 su geometrin\u0117mis formomis: apskritimu, sta\u010diakampiu, trikampiu ir kvadratu. D\u0117l skirting\u0173 kalad\u0117li\u0173 spalv\u0173 vaikai gali pratinti\u00a0atpa\u017einti ir \u012fvardinti spalvas.\u00a0Tai svarbus \u012fg\u016bdis, padedantis kasdieniame gyvenime. \u012evairi\u0173 form\u0173 kalad\u0117l\u0117s (apskritimas, sta\u010diakampis, trikampis ir kvadratas) leid\u017eia vaikams suprasti pagrindines geometrines fig\u016bras. Tai\u00a0pirmas \u017eingsnis mokantis matematikos\u00a0. Blok\u0173 r\u016b\u0161iavimas gali b\u016bti puikus b\u016bdas i\u0161mokti skai\u010diuoti. Vaikai gali suskai\u010diuoti, kiek kalad\u0117li\u0173 yra kiekvienoje formoje arba i\u0161 viso\u00a0. Rank\u0173 ir aki\u0173 koordinavimas\u00a0: norint u\u017ed\u0117ti kalad\u0117les ant atitinkam\u0173 kai\u0161\u010di\u0173, reikalingas tikslumas ir judesi\u0173 koordinavimas. Tai puikus pratimas ma\u017eoms rankyt\u0117ms.<\/p>","protected":false},"excerpt":{"rendered":"<p>TOOKY TOY\u00a0si\u016blo\u00a0mokom\u0105j\u0105 Montessori \u017eaisl\u0173 d\u0117\u017e\u0119\u00a0. \u0160is medinis \u017eaislas skirtas vaikams\u00a0nuo\u00a025-30 m\u0117nesi\u0173\u00a0am\u017eiaus. Lagamine yra 6 skirtingi\u00a0lavinimo \u017eaidimai ir \u017eaislai\u00a0, kurie tikrai<\/p>","protected":false},"featured_media":56295,"template":"","meta":{"_acf_changed":false,"_glsr_average":0,"_glsr_ranking":0,"_glsr_reviews":0},"product_brand":[],"product_cat":[265,366,365,229,800],"product_tag":[],"class_list":{"0":"post-89790","1":"product","2":"type-product","3":"status-publish","4":"has-post-thumbnail","6":"product_cat-dovanu-idejos","7":"product_cat-dovanu-idejos-berniukams","8":"product_cat-dovanu-idejos-mergaitems","9":"product_cat-zaislai-vaikams","10":"product_cat-zaislu-komplektai","11":"\"style=\"background-color: #2ecc711c;\"","13":"first","14":"outofstock","15":"purchasable","16":"product-type-simple"},"acf":[],"yoast_head":"<!-- This site is optimized with the Yoast SEO plugin v27.3 - https:\/\/yoast.com\/product\/yoast-seo-wordpress\/ -->\n<title>Montessori lavinanti d\u0117\u017e\u0117 7in1 25-30 m\u0117n<\/title>\n<meta name=\"description\" content=\"Montessori lavinanti d\u0117\u017e\u0117 7in1 25-30 m\u0117n - KidsPlay. Did\u017eiausias vaik\u0173 \u017eaisl\u0173 pasirinkimas.\" \/>\n<meta name=\"robots\" content=\"index, follow, max-snippet:-1, max-image-preview:large, max-video-preview:-1\" \/>\n<link rel=\"canonical\" href=\"https:\/\/kidsplay.lt\/lv\/products\/montessori-lavinanti-deze-7in1-25-30-men\/\" \/>\n<meta property=\"og:locale\" content=\"lv_LV\" \/>\n<meta property=\"og:type\" content=\"article\" \/>\n<meta property=\"og:title\" content=\"Montessori lavinanti d\u0117\u017e\u0117 7in1 25-30 m\u0117n\" \/>\n<meta property=\"og:description\" content=\"Montessori lavinanti d\u0117\u017e\u0117 7in1 25-30 m\u0117n - KidsPlay. Did\u017eiausias vaik\u0173 \u017eaisl\u0173 pasirinkimas.\" \/>\n<meta property=\"og:url\" content=\"https:\/\/kidsplay.lt\/lv\/products\/montessori-lavinanti-deze-7in1-25-30-men\/\" \/>\n<meta property=\"og:site_name\" content=\"KidsPlay\" \/>\n<meta property=\"article:publisher\" content=\"https:\/\/www.facebook.com\/www.kidsplay.lt\" \/>\n<meta property=\"article:modified_time\" content=\"2026-03-23T06:56:46+00:00\" \/>\n<meta property=\"og:image\" content=\"https:\/\/kidsplay.lt\/wp-content\/uploads\/2024\/09\/Montessori-lavinanti-deze-7in1-25-30-men.jpg\" \/>\n\t<meta property=\"og:image:width\" content=\"2560\" \/>\n\t<meta property=\"og:image:height\" content=\"2560\" \/>\n\t<meta property=\"og:image:type\" content=\"image\/jpeg\" \/>\n<meta name=\"twitter:card\" content=\"summary_large_image\" \/>\n<meta name=\"twitter:label1\" content=\"Est. reading time\" \/>\n\t<meta name=\"twitter:data1\" content=\"1 min\u016bte\" \/>\n<script type=\"application\/ld+json\" class=\"yoast-schema-graph\">{\"@context\":\"https:\\\/\\\/schema.org\",\"@graph\":[{\"@type\":\"WebPage\",\"@id\":\"https:\\\/\\\/kidsplay.lt\\\/produktas\\\/montessori-lavinanti-deze-7in1-25-30-men\\\/\",\"url\":\"https:\\\/\\\/kidsplay.lt\\\/produktas\\\/montessori-lavinanti-deze-7in1-25-30-men\\\/\",\"name\":\"Montessori lavinanti d\u0117\u017e\u0117 7in1 25-30 m\u0117n\",\"isPartOf\":{\"@id\":\"https:\\\/\\\/kidsplay.lt\\\/#website\"},\"primaryImageOfPage\":{\"@id\":\"https:\\\/\\\/kidsplay.lt\\\/produktas\\\/montessori-lavinanti-deze-7in1-25-30-men\\\/#primaryimage\"},\"image\":{\"@id\":\"https:\\\/\\\/kidsplay.lt\\\/produktas\\\/montessori-lavinanti-deze-7in1-25-30-men\\\/#primaryimage\"},\"thumbnailUrl\":\"https:\\\/\\\/kidsplay.lt\\\/wp-content\\\/uploads\\\/2024\\\/09\\\/Montessori-lavinanti-deze-7in1-25-30-men.jpg\",\"datePublished\":\"2026-02-26T07:30:31+00:00\",\"dateModified\":\"2026-03-23T06:56:46+00:00\",\"description\":\"Montessori lavinanti d\u0117\u017e\u0117 7in1 25-30 m\u0117n - KidsPlay. Did\u017eiausias vaik\u0173 \u017eaisl\u0173 pasirinkimas.\",\"breadcrumb\":{\"@id\":\"https:\\\/\\\/kidsplay.lt\\\/produktas\\\/montessori-lavinanti-deze-7in1-25-30-men\\\/#breadcrumb\"},\"inLanguage\":\"lv-LV\",\"potentialAction\":[{\"@type\":\"ReadAction\",\"target\":[\"https:\\\/\\\/kidsplay.lt\\\/produktas\\\/montessori-lavinanti-deze-7in1-25-30-men\\\/\"]}]},{\"@type\":\"ImageObject\",\"inLanguage\":\"lv-LV\",\"@id\":\"https:\\\/\\\/kidsplay.lt\\\/produktas\\\/montessori-lavinanti-deze-7in1-25-30-men\\\/#primaryimage\",\"url\":\"https:\\\/\\\/kidsplay.lt\\\/wp-content\\\/uploads\\\/2024\\\/09\\\/Montessori-lavinanti-deze-7in1-25-30-men.jpg\",\"contentUrl\":\"https:\\\/\\\/kidsplay.lt\\\/wp-content\\\/uploads\\\/2024\\\/09\\\/Montessori-lavinanti-deze-7in1-25-30-men.jpg\",\"width\":2560,\"height\":2560,\"caption\":\"Montessori lavinanti d\u0117\u017e\u0117 7in1 25-30 m\u0117n\"},{\"@type\":\"BreadcrumbList\",\"@id\":\"https:\\\/\\\/kidsplay.lt\\\/produktas\\\/montessori-lavinanti-deze-7in1-25-30-men\\\/#breadcrumb\",\"itemListElement\":[{\"@type\":\"ListItem\",\"position\":1,\"name\":\"Pagrindinis\",\"item\":\"https:\\\/\\\/kidsplay.lt\\\/\"},{\"@type\":\"ListItem\",\"position\":2,\"name\":\"Parduotuv\u0117\",\"item\":\"https:\\\/\\\/kidsplay.lt\\\/parduotuve\\\/\"},{\"@type\":\"ListItem\",\"position\":3,\"name\":\"Montessori lavinanti d\u0117\u017e\u0117 7in1 25-30 m\u0117n\"}]},{\"@type\":\"WebSite\",\"@id\":\"https:\\\/\\\/kidsplay.lt\\\/#website\",\"url\":\"https:\\\/\\\/kidsplay.lt\\\/\",\"name\":\"Kidsplay.lt\",\"description\":\"\u012evairios prek\u0117s vaikams\",\"publisher\":{\"@id\":\"https:\\\/\\\/kidsplay.lt\\\/#organization\"},\"alternateName\":\"Kidsplay\",\"potentialAction\":[{\"@type\":\"SearchAction\",\"target\":{\"@type\":\"EntryPoint\",\"urlTemplate\":\"https:\\\/\\\/kidsplay.lt\\\/?s={search_term_string}\"},\"query-input\":{\"@type\":\"PropertyValueSpecification\",\"valueRequired\":true,\"valueName\":\"search_term_string\"}}],\"inLanguage\":\"lv-LV\"},{\"@type\":\"Organization\",\"@id\":\"https:\\\/\\\/kidsplay.lt\\\/#organization\",\"name\":\"KidsPlay\",\"url\":\"https:\\\/\\\/kidsplay.lt\\\/\",\"logo\":{\"@type\":\"ImageObject\",\"inLanguage\":\"lv-LV\",\"@id\":\"https:\\\/\\\/kidsplay.lt\\\/#\\\/schema\\\/logo\\\/image\\\/\",\"url\":\"https:\\\/\\\/kidsplay.lt\\\/wp-content\\\/uploads\\\/2023\\\/07\\\/kidsplay-logo.png\",\"contentUrl\":\"https:\\\/\\\/kidsplay.lt\\\/wp-content\\\/uploads\\\/2023\\\/07\\\/kidsplay-logo.png\",\"width\":451,\"height\":98,\"caption\":\"KidsPlay\"},\"image\":{\"@id\":\"https:\\\/\\\/kidsplay.lt\\\/#\\\/schema\\\/logo\\\/image\\\/\"},\"sameAs\":[\"https:\\\/\\\/www.facebook.com\\\/www.kidsplay.lt\"]}]}<\/script>\n<!-- \/ Yoast SEO plugin. -->","yoast_head_json":{"title":"Montessori lavinanti d\u0117\u017e\u0117 7in1 25-30 m\u0117n","description":"Montessori lavinanti d\u0117\u017e\u0117 7in1 25-30 m\u0117n - KidsPlay. Did\u017eiausias vaik\u0173 \u017eaisl\u0173 pasirinkimas.","robots":{"index":"index","follow":"follow","max-snippet":"max-snippet:-1","max-image-preview":"max-image-preview:large","max-video-preview":"max-video-preview:-1"},"canonical":"https:\/\/kidsplay.lt\/lv\/products\/montessori-lavinanti-deze-7in1-25-30-men\/","og_locale":"lv_LV","og_type":"article","og_title":"Montessori lavinanti d\u0117\u017e\u0117 7in1 25-30 m\u0117n","og_description":"Montessori lavinanti d\u0117\u017e\u0117 7in1 25-30 m\u0117n - KidsPlay. Did\u017eiausias vaik\u0173 \u017eaisl\u0173 pasirinkimas.","og_url":"https:\/\/kidsplay.lt\/lv\/products\/montessori-lavinanti-deze-7in1-25-30-men\/","og_site_name":"KidsPlay","article_publisher":"https:\/\/www.facebook.com\/www.kidsplay.lt","article_modified_time":"2026-03-23T06:56:46+00:00","og_image":[{"width":2560,"height":2560,"url":"https:\/\/kidsplay.lt\/wp-content\/uploads\/2024\/09\/Montessori-lavinanti-deze-7in1-25-30-men.jpg","type":"image\/jpeg"}],"twitter_card":"summary_large_image","twitter_misc":{"Est. reading time":"1 min\u016bte"},"schema":{"@context":"https:\/\/schema.org","@graph":[{"@type":"WebPage","@id":"https:\/\/kidsplay.lt\/produktas\/montessori-lavinanti-deze-7in1-25-30-men\/","url":"https:\/\/kidsplay.lt\/produktas\/montessori-lavinanti-deze-7in1-25-30-men\/","name":"Montessori lavinanti d\u0117\u017e\u0117 7in1 25-30 m\u0117n","isPartOf":{"@id":"https:\/\/kidsplay.lt\/#website"},"primaryImageOfPage":{"@id":"https:\/\/kidsplay.lt\/produktas\/montessori-lavinanti-deze-7in1-25-30-men\/#primaryimage"},"image":{"@id":"https:\/\/kidsplay.lt\/produktas\/montessori-lavinanti-deze-7in1-25-30-men\/#primaryimage"},"thumbnailUrl":"https:\/\/kidsplay.lt\/wp-content\/uploads\/2024\/09\/Montessori-lavinanti-deze-7in1-25-30-men.jpg","datePublished":"2026-02-26T07:30:31+00:00","dateModified":"2026-03-23T06:56:46+00:00","description":"Montessori lavinanti d\u0117\u017e\u0117 7in1 25-30 m\u0117n - KidsPlay. Did\u017eiausias vaik\u0173 \u017eaisl\u0173 pasirinkimas.","breadcrumb":{"@id":"https:\/\/kidsplay.lt\/produktas\/montessori-lavinanti-deze-7in1-25-30-men\/#breadcrumb"},"inLanguage":"lv-LV","potentialAction":[{"@type":"ReadAction","target":["https:\/\/kidsplay.lt\/produktas\/montessori-lavinanti-deze-7in1-25-30-men\/"]}]},{"@type":"ImageObject","inLanguage":"lv-LV","@id":"https:\/\/kidsplay.lt\/produktas\/montessori-lavinanti-deze-7in1-25-30-men\/#primaryimage","url":"https:\/\/kidsplay.lt\/wp-content\/uploads\/2024\/09\/Montessori-lavinanti-deze-7in1-25-30-men.jpg","contentUrl":"https:\/\/kidsplay.lt\/wp-content\/uploads\/2024\/09\/Montessori-lavinanti-deze-7in1-25-30-men.jpg","width":2560,"height":2560,"caption":"Montessori lavinanti d\u0117\u017e\u0117 7in1 25-30 m\u0117n"},{"@type":"BreadcrumbList","@id":"https:\/\/kidsplay.lt\/produktas\/montessori-lavinanti-deze-7in1-25-30-men\/#breadcrumb","itemListElement":[{"@type":"ListItem","position":1,"name":"Pagrindinis","item":"https:\/\/kidsplay.lt\/"},{"@type":"ListItem","position":2,"name":"Parduotuv\u0117","item":"https:\/\/kidsplay.lt\/parduotuve\/"},{"@type":"ListItem","position":3,"name":"Montessori lavinanti d\u0117\u017e\u0117 7in1 25-30 m\u0117n"}]},{"@type":"WebSite","@id":"https:\/\/kidsplay.lt\/#website","url":"https:\/\/kidsplay.lt\/","name":"B\u0113rnu sp\u0113les.lv","description":"\u012evairios prek\u0117s vaikams","publisher":{"@id":"https:\/\/kidsplay.lt\/#organization"},"alternateName":"Kidsplay","potentialAction":[{"@type":"SearchAction","target":{"@type":"EntryPoint","urlTemplate":"https:\/\/kidsplay.lt\/?s={search_term_string}"},"query-input":{"@type":"PropertyValueSpecification","valueRequired":true,"valueName":"search_term_string"}}],"inLanguage":"lv-LV"},{"@type":"Organization","@id":"https:\/\/kidsplay.lt\/#organization","name":"B\u0113rnu sp\u0113le","url":"https:\/\/kidsplay.lt\/","logo":{"@type":"ImageObject","inLanguage":"lv-LV","@id":"https:\/\/kidsplay.lt\/#\/schema\/logo\/image\/","url":"https:\/\/kidsplay.lt\/wp-content\/uploads\/2023\/07\/kidsplay-logo.png","contentUrl":"https:\/\/kidsplay.lt\/wp-content\/uploads\/2023\/07\/kidsplay-logo.png","width":451,"height":98,"caption":"KidsPlay"},"image":{"@id":"https:\/\/kidsplay.lt\/#\/schema\/logo\/image\/"},"sameAs":["https:\/\/www.facebook.com\/www.kidsplay.lt"]}]}},"_links":{"self":[{"href":"https:\/\/kidsplay.lt\/lv\/wp-json\/wp\/v2\/product\/89790","targetHints":{"allow":["GET"]}}],"collection":[{"href":"https:\/\/kidsplay.lt\/lv\/wp-json\/wp\/v2\/product"}],"about":[{"href":"https:\/\/kidsplay.lt\/lv\/wp-json\/wp\/v2\/types\/product"}],"version-history":[{"count":1,"href":"https:\/\/kidsplay.lt\/lv\/wp-json\/wp\/v2\/product\/89790\/revisions"}],"predecessor-version":[{"id":89791,"href":"https:\/\/kidsplay.lt\/lv\/wp-json\/wp\/v2\/product\/89790\/revisions\/89791"}],"wp:featuredmedia":[{"embeddable":true,"href":"https:\/\/kidsplay.lt\/lv\/wp-json\/wp\/v2\/media\/56295"}],"wp:attachment":[{"href":"https:\/\/kidsplay.lt\/lv\/wp-json\/wp\/v2\/media?parent=89790"}],"wp:term":[{"taxonomy":"product_brand","embeddable":true,"href":"https:\/\/kidsplay.lt\/lv\/wp-json\/wp\/v2\/product_brand?post=89790"},{"taxonomy":"product_cat","embeddable":true,"href":"https:\/\/kidsplay.lt\/lv\/wp-json\/wp\/v2\/product_cat?post=89790"},{"taxonomy":"product_tag","embeddable":true,"href":"https:\/\/kidsplay.lt\/lv\/wp-json\/wp\/v2\/product_tag?post=89790"}],"curies":[{"name":"wp","href":"https:\/\/api.w.org\/{rel}","templated":true}]}}