{"id":89792,"date":"2026-02-26T09:30:35","date_gmt":"2026-02-26T07:30:35","guid":{"rendered":"https:\/\/kidsplay.lt\/produktas\/minkstas-spiralinis-pakabukas-skirtas-vezimeliui\/"},"modified":"2026-04-13T15:07:27","modified_gmt":"2026-04-13T12:07:27","slug":"minkstas-spiralinis-pakabukas-skirtas-vezimeliui","status":"publish","type":"product","link":"https:\/\/kidsplay.lt\/lv\/products\/minkstas-spiralinis-pakabukas-skirtas-vezimeliui\/","title":{"rendered":"Mink\u0161tas spiralinis pakabukas, skirtas ve\u017eim\u0117liui"},"content":{"rendered":"<p>WOOPIE BABY\u00a0prek\u0117s \u017eenklo\u00a0pakabukas \u0161un\u0173 guoliui\u00a0yra pastelini\u0173 spalv\u0173, spiral\u0117s formos pliu\u0161inis \u017eaislas. Tinka kabinti ant lovyt\u0117s, ve\u017eim\u0117lio ar autok\u0117dut\u0117s. \u017daislas skatina regos, klausos ir lyt\u0117jimo poj\u016bt\u012f. Be to, spiral\u0117 palaiko geb\u0117jim\u0105 sutelkti d\u0117mes\u012f. Pagaminta i\u0161 mink\u0161tos, malonios liesti med\u017eiagos. Puikiai tinka vaikams nuo pirm\u0173j\u0173 gyvenimo akimirk\u0173.<\/p>\n<p>Raksturojums:<\/p>\n<p> \t\u2013 \u017daislas nuo pirm\u0173j\u0173 vaiko gyvenimo dien\u0173<br \/>\n \t&#8211; Saugus, mink\u0161tas liesti<br \/>\n \t&#8211; Gra\u017eios pastelin\u0117s spalvos<\/p>\n<p>\u017daislas vysto:<\/p>\n<p> \t\u2013 Reg\u0117jimas \u2013\u00a0gra\u017eios spalvos patraukia ma\u017eylio d\u0117mes\u012f<br \/>\n \t&#8211;\u00a0Touch\u00a0\u2013 mink\u0161ta med\u017eiaga maloni liesti<br \/>\n \t&#8211; D\u0117mesio \u012fg\u016bd\u017ei\u0173 ugdymas &#8211;\u00a0Spiral\u0119 galima apvynioti aplink lov\u0105, ve\u017eim\u0117l\u012f ar automobilio k\u0117dut\u0119. Tai pad\u0117s j\u016bs\u0173 vaikui lavinti koncentracijos \u012fg\u016bd\u017eius.<\/p>","protected":false},"excerpt":{"rendered":"<p>WOOPIE BABY\u00a0prek\u0117s \u017eenklo\u00a0pakabukas \u0161un\u0173 guoliui\u00a0yra pastelini\u0173 spalv\u0173, spiral\u0117s formos pliu\u0161inis \u017eaislas. Tinka kabinti ant lovyt\u0117s, ve\u017eim\u0117lio ar autok\u0117dut\u0117s. \u017daislas skatina<\/p>","protected":false},"featured_media":56300,"template":"","meta":{"_acf_changed":false,"_glsr_average":0,"_glsr_ranking":0,"_glsr_reviews":0},"product_brand":[],"product_cat":[396,229],"product_tag":[],"class_list":{"0":"post-89792","1":"product","2":"type-product","3":"status-publish","4":"has-post-thumbnail","6":"product_cat-kudikiu-zaislai-vaikams2","7":"product_cat-zaislai-vaikams","8":"\"style=\"background-color: #2ecc711c;\"","10":"first","11":"instock","12":"purchasable","13":"product-type-simple"},"acf":[],"yoast_head":"<!-- This site is optimized with the Yoast SEO plugin v27.4 - https:\/\/yoast.com\/product\/yoast-seo-wordpress\/ -->\n<title>Mink\u0161tas spiralinis pakabukas, skirtas ve\u017eim\u0117liui<\/title>\n<meta name=\"description\" content=\"Mink\u0161tas spiralinis pakabukas, skirtas ve\u017eim\u0117liui - KidsPlay. Did\u017eiausias vaik\u0173 \u017eaisl\u0173 pasirinkimas.\" \/>\n<meta name=\"robots\" content=\"index, follow, max-snippet:-1, max-image-preview:large, max-video-preview:-1\" \/>\n<link rel=\"canonical\" href=\"https:\/\/kidsplay.lt\/lv\/products\/minkstas-spiralinis-pakabukas-skirtas-vezimeliui\/\" \/>\n<meta property=\"og:locale\" content=\"lv_LV\" \/>\n<meta property=\"og:type\" content=\"article\" \/>\n<meta property=\"og:title\" content=\"Mink\u0161tas spiralinis pakabukas, skirtas ve\u017eim\u0117liui\" \/>\n<meta property=\"og:description\" content=\"Mink\u0161tas spiralinis pakabukas, skirtas ve\u017eim\u0117liui - KidsPlay. Did\u017eiausias vaik\u0173 \u017eaisl\u0173 pasirinkimas.\" \/>\n<meta property=\"og:url\" content=\"https:\/\/kidsplay.lt\/lv\/products\/minkstas-spiralinis-pakabukas-skirtas-vezimeliui\/\" \/>\n<meta property=\"og:site_name\" content=\"KidsPlay\" \/>\n<meta property=\"article:publisher\" content=\"https:\/\/www.facebook.com\/www.kidsplay.lt\" \/>\n<meta property=\"article:modified_time\" content=\"2026-04-13T12:07:27+00:00\" \/>\n<meta property=\"og:image\" content=\"https:\/\/kidsplay.lt\/wp-content\/uploads\/2024\/09\/Minkstas-spiralinis-pakabukas-skirtas-vezimeliui.jpg\" \/>\n\t<meta property=\"og:image:width\" content=\"2500\" \/>\n\t<meta property=\"og:image:height\" content=\"2500\" \/>\n\t<meta property=\"og:image:type\" content=\"image\/jpeg\" \/>\n<meta name=\"twitter:card\" content=\"summary_large_image\" \/>\n<meta name=\"twitter:label1\" content=\"Est. reading time\" \/>\n\t<meta name=\"twitter:data1\" content=\"1 min\u016bte\" \/>\n<script type=\"application\/ld+json\" class=\"yoast-schema-graph\">{\"@context\":\"https:\\\/\\\/schema.org\",\"@graph\":[{\"@type\":\"WebPage\",\"@id\":\"https:\\\/\\\/kidsplay.lt\\\/produktas\\\/minkstas-spiralinis-pakabukas-skirtas-vezimeliui\\\/\",\"url\":\"https:\\\/\\\/kidsplay.lt\\\/produktas\\\/minkstas-spiralinis-pakabukas-skirtas-vezimeliui\\\/\",\"name\":\"Mink\u0161tas spiralinis pakabukas, skirtas ve\u017eim\u0117liui\",\"isPartOf\":{\"@id\":\"https:\\\/\\\/kidsplay.lt\\\/#website\"},\"primaryImageOfPage\":{\"@id\":\"https:\\\/\\\/kidsplay.lt\\\/produktas\\\/minkstas-spiralinis-pakabukas-skirtas-vezimeliui\\\/#primaryimage\"},\"image\":{\"@id\":\"https:\\\/\\\/kidsplay.lt\\\/produktas\\\/minkstas-spiralinis-pakabukas-skirtas-vezimeliui\\\/#primaryimage\"},\"thumbnailUrl\":\"https:\\\/\\\/kidsplay.lt\\\/wp-content\\\/uploads\\\/2024\\\/09\\\/Minkstas-spiralinis-pakabukas-skirtas-vezimeliui.jpg\",\"datePublished\":\"2026-02-26T07:30:35+00:00\",\"dateModified\":\"2026-04-13T12:07:27+00:00\",\"description\":\"Mink\u0161tas spiralinis pakabukas, skirtas ve\u017eim\u0117liui - KidsPlay. Did\u017eiausias vaik\u0173 \u017eaisl\u0173 pasirinkimas.\",\"breadcrumb\":{\"@id\":\"https:\\\/\\\/kidsplay.lt\\\/produktas\\\/minkstas-spiralinis-pakabukas-skirtas-vezimeliui\\\/#breadcrumb\"},\"inLanguage\":\"lv-LV\",\"potentialAction\":[{\"@type\":\"ReadAction\",\"target\":[\"https:\\\/\\\/kidsplay.lt\\\/produktas\\\/minkstas-spiralinis-pakabukas-skirtas-vezimeliui\\\/\"]}]},{\"@type\":\"ImageObject\",\"inLanguage\":\"lv-LV\",\"@id\":\"https:\\\/\\\/kidsplay.lt\\\/produktas\\\/minkstas-spiralinis-pakabukas-skirtas-vezimeliui\\\/#primaryimage\",\"url\":\"https:\\\/\\\/kidsplay.lt\\\/wp-content\\\/uploads\\\/2024\\\/09\\\/Minkstas-spiralinis-pakabukas-skirtas-vezimeliui.jpg\",\"contentUrl\":\"https:\\\/\\\/kidsplay.lt\\\/wp-content\\\/uploads\\\/2024\\\/09\\\/Minkstas-spiralinis-pakabukas-skirtas-vezimeliui.jpg\",\"width\":2500,\"height\":2500,\"caption\":\"Mink\u0161tas spiralinis pakabukas\"},{\"@type\":\"BreadcrumbList\",\"@id\":\"https:\\\/\\\/kidsplay.lt\\\/produktas\\\/minkstas-spiralinis-pakabukas-skirtas-vezimeliui\\\/#breadcrumb\",\"itemListElement\":[{\"@type\":\"ListItem\",\"position\":1,\"name\":\"Pagrindinis\",\"item\":\"https:\\\/\\\/kidsplay.lt\\\/\"},{\"@type\":\"ListItem\",\"position\":2,\"name\":\"Parduotuv\u0117\",\"item\":\"https:\\\/\\\/kidsplay.lt\\\/parduotuve\\\/\"},{\"@type\":\"ListItem\",\"position\":3,\"name\":\"Mink\u0161tas spiralinis pakabukas, skirtas ve\u017eim\u0117liui\"}]},{\"@type\":\"WebSite\",\"@id\":\"https:\\\/\\\/kidsplay.lt\\\/#website\",\"url\":\"https:\\\/\\\/kidsplay.lt\\\/\",\"name\":\"Kidsplay.lt\",\"description\":\"\u012evairios prek\u0117s vaikams\",\"publisher\":{\"@id\":\"https:\\\/\\\/kidsplay.lt\\\/#organization\"},\"alternateName\":\"Kidsplay\",\"potentialAction\":[{\"@type\":\"SearchAction\",\"target\":{\"@type\":\"EntryPoint\",\"urlTemplate\":\"https:\\\/\\\/kidsplay.lt\\\/?s={search_term_string}\"},\"query-input\":{\"@type\":\"PropertyValueSpecification\",\"valueRequired\":true,\"valueName\":\"search_term_string\"}}],\"inLanguage\":\"lv-LV\"},{\"@type\":\"Organization\",\"@id\":\"https:\\\/\\\/kidsplay.lt\\\/#organization\",\"name\":\"KidsPlay\",\"url\":\"https:\\\/\\\/kidsplay.lt\\\/\",\"logo\":{\"@type\":\"ImageObject\",\"inLanguage\":\"lv-LV\",\"@id\":\"https:\\\/\\\/kidsplay.lt\\\/#\\\/schema\\\/logo\\\/image\\\/\",\"url\":\"https:\\\/\\\/kidsplay.lt\\\/wp-content\\\/uploads\\\/2023\\\/07\\\/kidsplay-logo.png\",\"contentUrl\":\"https:\\\/\\\/kidsplay.lt\\\/wp-content\\\/uploads\\\/2023\\\/07\\\/kidsplay-logo.png\",\"width\":451,\"height\":98,\"caption\":\"KidsPlay\"},\"image\":{\"@id\":\"https:\\\/\\\/kidsplay.lt\\\/#\\\/schema\\\/logo\\\/image\\\/\"},\"sameAs\":[\"https:\\\/\\\/www.facebook.com\\\/www.kidsplay.lt\"]}]}<\/script>\n<!-- \/ Yoast SEO plugin. -->","yoast_head_json":{"title":"Mink\u0161tas spiralinis pakabukas, skirtas ve\u017eim\u0117liui","description":"Mink\u0161tas spiralinis pakabukas, skirtas ve\u017eim\u0117liui - KidsPlay. Did\u017eiausias vaik\u0173 \u017eaisl\u0173 pasirinkimas.","robots":{"index":"index","follow":"follow","max-snippet":"max-snippet:-1","max-image-preview":"max-image-preview:large","max-video-preview":"max-video-preview:-1"},"canonical":"https:\/\/kidsplay.lt\/lv\/products\/minkstas-spiralinis-pakabukas-skirtas-vezimeliui\/","og_locale":"lv_LV","og_type":"article","og_title":"Mink\u0161tas spiralinis pakabukas, skirtas ve\u017eim\u0117liui","og_description":"Mink\u0161tas spiralinis pakabukas, skirtas ve\u017eim\u0117liui - KidsPlay. Did\u017eiausias vaik\u0173 \u017eaisl\u0173 pasirinkimas.","og_url":"https:\/\/kidsplay.lt\/lv\/products\/minkstas-spiralinis-pakabukas-skirtas-vezimeliui\/","og_site_name":"KidsPlay","article_publisher":"https:\/\/www.facebook.com\/www.kidsplay.lt","article_modified_time":"2026-04-13T12:07:27+00:00","og_image":[{"width":2500,"height":2500,"url":"https:\/\/kidsplay.lt\/wp-content\/uploads\/2024\/09\/Minkstas-spiralinis-pakabukas-skirtas-vezimeliui.jpg","type":"image\/jpeg"}],"twitter_card":"summary_large_image","twitter_misc":{"Est. reading time":"1 min\u016bte"},"schema":{"@context":"https:\/\/schema.org","@graph":[{"@type":"WebPage","@id":"https:\/\/kidsplay.lt\/produktas\/minkstas-spiralinis-pakabukas-skirtas-vezimeliui\/","url":"https:\/\/kidsplay.lt\/produktas\/minkstas-spiralinis-pakabukas-skirtas-vezimeliui\/","name":"Mink\u0161tas spiralinis pakabukas, skirtas ve\u017eim\u0117liui","isPartOf":{"@id":"https:\/\/kidsplay.lt\/#website"},"primaryImageOfPage":{"@id":"https:\/\/kidsplay.lt\/produktas\/minkstas-spiralinis-pakabukas-skirtas-vezimeliui\/#primaryimage"},"image":{"@id":"https:\/\/kidsplay.lt\/produktas\/minkstas-spiralinis-pakabukas-skirtas-vezimeliui\/#primaryimage"},"thumbnailUrl":"https:\/\/kidsplay.lt\/wp-content\/uploads\/2024\/09\/Minkstas-spiralinis-pakabukas-skirtas-vezimeliui.jpg","datePublished":"2026-02-26T07:30:35+00:00","dateModified":"2026-04-13T12:07:27+00:00","description":"Mink\u0161tas spiralinis pakabukas, skirtas ve\u017eim\u0117liui - KidsPlay. Did\u017eiausias vaik\u0173 \u017eaisl\u0173 pasirinkimas.","breadcrumb":{"@id":"https:\/\/kidsplay.lt\/produktas\/minkstas-spiralinis-pakabukas-skirtas-vezimeliui\/#breadcrumb"},"inLanguage":"lv-LV","potentialAction":[{"@type":"ReadAction","target":["https:\/\/kidsplay.lt\/produktas\/minkstas-spiralinis-pakabukas-skirtas-vezimeliui\/"]}]},{"@type":"ImageObject","inLanguage":"lv-LV","@id":"https:\/\/kidsplay.lt\/produktas\/minkstas-spiralinis-pakabukas-skirtas-vezimeliui\/#primaryimage","url":"https:\/\/kidsplay.lt\/wp-content\/uploads\/2024\/09\/Minkstas-spiralinis-pakabukas-skirtas-vezimeliui.jpg","contentUrl":"https:\/\/kidsplay.lt\/wp-content\/uploads\/2024\/09\/Minkstas-spiralinis-pakabukas-skirtas-vezimeliui.jpg","width":2500,"height":2500,"caption":"Mink\u0161tas spiralinis pakabukas"},{"@type":"BreadcrumbList","@id":"https:\/\/kidsplay.lt\/produktas\/minkstas-spiralinis-pakabukas-skirtas-vezimeliui\/#breadcrumb","itemListElement":[{"@type":"ListItem","position":1,"name":"Pagrindinis","item":"https:\/\/kidsplay.lt\/"},{"@type":"ListItem","position":2,"name":"Parduotuv\u0117","item":"https:\/\/kidsplay.lt\/parduotuve\/"},{"@type":"ListItem","position":3,"name":"Mink\u0161tas spiralinis pakabukas, skirtas ve\u017eim\u0117liui"}]},{"@type":"WebSite","@id":"https:\/\/kidsplay.lt\/#website","url":"https:\/\/kidsplay.lt\/","name":"B\u0113rnu sp\u0113les.lv","description":"\u012evairios prek\u0117s vaikams","publisher":{"@id":"https:\/\/kidsplay.lt\/#organization"},"alternateName":"Kidsplay","potentialAction":[{"@type":"SearchAction","target":{"@type":"EntryPoint","urlTemplate":"https:\/\/kidsplay.lt\/?s={search_term_string}"},"query-input":{"@type":"PropertyValueSpecification","valueRequired":true,"valueName":"search_term_string"}}],"inLanguage":"lv-LV"},{"@type":"Organization","@id":"https:\/\/kidsplay.lt\/#organization","name":"B\u0113rnu sp\u0113le","url":"https:\/\/kidsplay.lt\/","logo":{"@type":"ImageObject","inLanguage":"lv-LV","@id":"https:\/\/kidsplay.lt\/#\/schema\/logo\/image\/","url":"https:\/\/kidsplay.lt\/wp-content\/uploads\/2023\/07\/kidsplay-logo.png","contentUrl":"https:\/\/kidsplay.lt\/wp-content\/uploads\/2023\/07\/kidsplay-logo.png","width":451,"height":98,"caption":"KidsPlay"},"image":{"@id":"https:\/\/kidsplay.lt\/#\/schema\/logo\/image\/"},"sameAs":["https:\/\/www.facebook.com\/www.kidsplay.lt"]}]}},"_links":{"self":[{"href":"https:\/\/kidsplay.lt\/lv\/wp-json\/wp\/v2\/product\/89792","targetHints":{"allow":["GET"]}}],"collection":[{"href":"https:\/\/kidsplay.lt\/lv\/wp-json\/wp\/v2\/product"}],"about":[{"href":"https:\/\/kidsplay.lt\/lv\/wp-json\/wp\/v2\/types\/product"}],"version-history":[{"count":1,"href":"https:\/\/kidsplay.lt\/lv\/wp-json\/wp\/v2\/product\/89792\/revisions"}],"predecessor-version":[{"id":89793,"href":"https:\/\/kidsplay.lt\/lv\/wp-json\/wp\/v2\/product\/89792\/revisions\/89793"}],"wp:featuredmedia":[{"embeddable":true,"href":"https:\/\/kidsplay.lt\/lv\/wp-json\/wp\/v2\/media\/56300"}],"wp:attachment":[{"href":"https:\/\/kidsplay.lt\/lv\/wp-json\/wp\/v2\/media?parent=89792"}],"wp:term":[{"taxonomy":"product_brand","embeddable":true,"href":"https:\/\/kidsplay.lt\/lv\/wp-json\/wp\/v2\/product_brand?post=89792"},{"taxonomy":"product_cat","embeddable":true,"href":"https:\/\/kidsplay.lt\/lv\/wp-json\/wp\/v2\/product_cat?post=89792"},{"taxonomy":"product_tag","embeddable":true,"href":"https:\/\/kidsplay.lt\/lv\/wp-json\/wp\/v2\/product_tag?post=89792"}],"curies":[{"name":"wp","href":"https:\/\/api.w.org\/{rel}","templated":true}]}}