{"id":89794,"date":"2026-02-26T09:30:39","date_gmt":"2026-02-26T07:30:39","guid":{"rendered":"https:\/\/kidsplay.lt\/produktas\/montessori-lavinanti-deze-7in1-16-18-men\/"},"modified":"2026-04-07T10:46:07","modified_gmt":"2026-04-07T07:46:07","slug":"montessori-lavinanti-deze-7in1-16-18-men","status":"publish","type":"product","link":"https:\/\/kidsplay.lt\/lv\/products\/montessori-lavinanti-deze-7in1-16-18-men\/","title":{"rendered":"Montessori lavinanti d\u0117\u017e\u0117 7in1 16-18 m\u0117n"},"content":{"rendered":"<p>Mokomasis Montessori lagaminas\u00a0i\u0161\u00a0TOOKY TOY\u00a0prek\u0117s \u017eenklo yra puikus rinkinys, sujungiantis 5 skirtingus\u00a0medinius\u00a0sensorinius \u017eaislus, kurie suteiks j\u016bs\u0173 vaikui daug valand\u0173 lavinan\u010di\u0173 pramog\u0173.\u00a0Montessori \u017eaislai skatina\u00a0savaranki\u0161k\u0105 aplinkos tyrin\u0117jim\u0105 ir pa\u017einimo \u012fg\u016bd\u017eius.\u00a0Sensoriniai \u017eaislai\u00a0\u2013 tai veikla, kuri \u012ftraukia poj\u016b\u010dius ir padeda lavinti pa\u017eintinius, emocinius ir motorinius \u012fg\u016bd\u017eius.<\/p>\n<p>Charakteristika:<\/p>\n<p> \t&#8211; \u017daislas\u00a0nuo 16\/18 m\u0117n<br \/>\n \t&#8211; Tai turi \u012ftakos tinkamam vaiko vystymuisi<br \/>\n \t&#8211; Stimuliuoja poj\u016b\u010dius ir smulki\u0105j\u0105 motorik\u0105<br \/>\n \t&#8211; \u017daislas yra visi\u0161kai saugus vaikams<br \/>\n \t&#8211; Prie \u017eaislo pridedama naudojimo instrukcija<\/p>\n<p>Rinkin\u012f sudaro:<\/p>\n<p>1. Palieskite ir suderinkite blokus<\/p>\n<p>Tai unikalus\u00a0sensorinis\u00a0\u017eaidimas ma\u017eiems vaikams. \u017daislas turi 4 skirtingas lyt\u0117jimo tekst\u016bras, kurias vaikai gali tyrin\u0117ti ir tyrin\u0117ti. \u017daislas padeda vaikams\u00a0geriau suprasti\u00a0juos supant\u012f pasaul\u012f ir\u00a0lavina pa\u017einimo \u012fg\u016bd\u017eius\u00a0. Eksperimentavimas su skirtingomis tekst\u016bromis, garsais ir spalvomis padeda ma\u017eiems vaikams i\u0161reik\u0161ti savo jausmus ir bendrauti su kitais<\/p>\n<p>[img-87636-left-thickbox_default]<\/p>\n<p>2. Raket\u0173 galvos\u016bkis<\/p>\n<p>Pagaminta i\u0161 patvarios medienos, tod\u0117l net patys ma\u017eiausieji vaikai gali susikonstruoti ry\u0161kiaspalves raketes.<br \/>\nJ\u016bs\u0173 vaikas gali sud\u0117ti gra\u017eiai ra\u0161tuotas kalad\u0117les, kad sukurt\u0173 miel\u0105 raket\u0105.\u00a03D modeliai da\u017enai atspindi tikrus objektus\u00a0, tokius kaip transporto priemon\u0117s, pastatai ar ma\u0161inos. Vaikai apie juos su\u017eino spr\u0119sdami, o tai yra patraukli mokymosi patirtis<\/p>\n<p>[img-87639-left-thickbox_default]<\/p>\n<p>[img-87816-left-thickbox_default]<\/p>\n<p>3\u00a0.\u00a0D\u0117lion\u0117 \u201eDar\u017eovi\u0173 sodinimas\u201c.<\/p>\n<p>D\u0117lion\u0117 su sodo tema yra puiki dovana vaikams. Sud\u0117tyje yra 4 dar\u017eov\u0117s, 1 mentel\u0117 ir stovas su atitinkamais dar\u017eovi\u0173 ra\u0161tais. Real\u016bs ra\u0161tai\u00a0gerina vaiko pa\u017einimo \u012fg\u016bd\u017eius\u00a0, o ranken\u0117l\u0117s konstrukcijai reikia pinceto rankenos, kuri\u00a0pagerina\u00a0vaiko smulki\u0105j\u0105 motorik\u0105.<\/p>\n<p>4.\u00a0Paveiksl\u0117li\u0173 knyga &#8222;myju myju&#8221;<\/p>\n<p>Vaikams patinka \u012fdomios paveiksl\u0117li\u0173 knygos. Per paprastus ir ry\u0161kius paveiksl\u0117lius vaikai\u00a0su\u017einos, kad plika akimi nematomas \u201ebakterij\u0173 pasaulis\u201c yra visur\u00a0, tod\u0117l jie \u017einos, kaip svarbu plauti rankas.\u00a0Jie i\u0161moks taisyklingai\u00a0plauti rankas ir\u00a0i\u0161siugdys ger\u0105 \u012fprot\u012f\u00a0plauti rankas.<\/p>\n<p>[img-87814-left-thickbox_default]<\/p>\n<p>5.\u00a0Lavinantis stal\u010di\u0173 r\u016b\u0161iuotojas 3in1 Montessori \u017eaislas<\/p>\n<p>\u0160is lavinamasis \u017eaisl\u0173 rinkinys padeda vaikams lavinti\u00a0smulki\u0105j\u0105 motorik\u0105\u00a0, rank\u0173 ir aki\u0173 koordinacij\u0105, spalv\u0173 atpa\u017einim\u0105,\u00a0kritin\u012f m\u0105stym\u0105\u00a0ir problem\u0173 sprendimo \u012fg\u016bd\u017eius. Tai taip pat padeda ma\u017eam vaikui atrasti pasaul\u012f lie\u010diant \u012fvairius objektus ir stebint\u00a0savo veiksm\u0173 rezultatus\u00a0. \u017daislas turi kelis lygius:<\/p>\n<p>&#8211; 1 lygio<br \/>\nkamuoliuko metimas per apvali\u0105 skyl\u0119:<br \/>\npirmasis \u017eingsnis mokantis tiksli\u0173 judesi\u0173, sutelkiant d\u0117mes\u012f \u012f pagrindinius rank\u0173 ir aki\u0173 koordinacijos \u012fg\u016bd\u017eius.<\/p>\n<p>-2 lygis<br \/>\nMedini\u0173 monet\u0173 \u012fd\u0117jimas:<br \/>\nantrasis sud\u0117tingumo lygis pristato elementus, kuriems reikia didesnio tikslumo. Medini\u0173 monet\u0173 m\u0117tymo \u017eaidimas atne\u0161a nauj\u0173 i\u0161\u0161\u016bki\u0173<\/p>\n<p>&#8211; 3 lygio<br \/>\nmork\u0173 skynimas:<br \/>\ntre\u010diasis lygis \u2013 tai nuotykis sode, kuriame vaikai smagiai sodina ir skina medines morkas, ugdydami savo rank\u0173 \u012fg\u016bd\u017eius.<\/p>\n<p>&#8211;\u00a04 lygis<br \/>\nLazdeli\u0173 r\u016b\u0161iavimas pagal spalv\u0105:<br \/>\npa\u017eangiausias sunkumo lygis, kai vaikas mokosi atpa\u017einti spalvas ir tiksliai sur\u016b\u0161iuoti pagaliukus \u012f atitinkamas skylutes.<\/p>\n<p>[img-87640-left-thickbox_default]<\/p>\n<p>6. Instrukcij\u0173 knygel\u0117<\/p>\n<p>[img-87817-left-thickbox_default]<\/p>\n<p>[img-87638-left-thickbox_default]<\/p>\n","protected":false},"excerpt":{"rendered":"<p>Mokomasis Montessori lagaminas\u00a0i\u0161\u00a0TOOKY TOY\u00a0prek\u0117s \u017eenklo yra puikus rinkinys, sujungiantis 5 skirtingus\u00a0medinius\u00a0sensorinius \u017eaislus, kurie suteiks j\u016bs\u0173 vaikui daug valand\u0173 lavinan\u010di\u0173 pramog\u0173.\u00a0Montessori<\/p>","protected":false},"featured_media":56305,"template":"","meta":{"_acf_changed":false,"_glsr_average":0,"_glsr_ranking":0,"_glsr_reviews":0},"product_brand":[],"product_cat":[265,366,365,229,800],"product_tag":[],"class_list":{"0":"post-89794","1":"product","2":"type-product","3":"status-publish","4":"has-post-thumbnail","6":"product_cat-dovanu-idejos","7":"product_cat-dovanu-idejos-berniukams","8":"product_cat-dovanu-idejos-mergaitems","9":"product_cat-zaislai-vaikams","10":"product_cat-zaislu-komplektai","11":"\"style=\"background-color: #2ecc711c;\"","13":"first","14":"instock","15":"purchasable","16":"product-type-simple"},"acf":[],"yoast_head":"<!-- This site is optimized with the Yoast SEO plugin v27.3 - https:\/\/yoast.com\/product\/yoast-seo-wordpress\/ -->\n<title>Montessori lavinanti d\u0117\u017e\u0117 7in1 16-18 m\u0117n<\/title>\n<meta name=\"description\" content=\"Montessori lavinanti d\u0117\u017e\u0117 7in1 16-18 m\u0117n - KidsPlay. Did\u017eiausias vaik\u0173 \u017eaisl\u0173 pasirinkimas.\" \/>\n<meta name=\"robots\" content=\"index, follow, max-snippet:-1, max-image-preview:large, max-video-preview:-1\" \/>\n<link rel=\"canonical\" href=\"https:\/\/kidsplay.lt\/lv\/products\/montessori-lavinanti-deze-7in1-16-18-men\/\" \/>\n<meta property=\"og:locale\" content=\"lv_LV\" \/>\n<meta property=\"og:type\" content=\"article\" \/>\n<meta property=\"og:title\" content=\"Montessori lavinanti d\u0117\u017e\u0117 7in1 16-18 m\u0117n\" \/>\n<meta property=\"og:description\" content=\"Montessori lavinanti d\u0117\u017e\u0117 7in1 16-18 m\u0117n - KidsPlay. Did\u017eiausias vaik\u0173 \u017eaisl\u0173 pasirinkimas.\" \/>\n<meta property=\"og:url\" content=\"https:\/\/kidsplay.lt\/lv\/products\/montessori-lavinanti-deze-7in1-16-18-men\/\" \/>\n<meta property=\"og:site_name\" content=\"KidsPlay\" \/>\n<meta property=\"article:publisher\" content=\"https:\/\/www.facebook.com\/www.kidsplay.lt\" \/>\n<meta property=\"article:modified_time\" content=\"2026-04-07T07:46:07+00:00\" \/>\n<meta property=\"og:image\" content=\"https:\/\/kidsplay.lt\/wp-content\/uploads\/2024\/09\/Montessori-lavinanti-deze-7in1-16-18-men.jpg\" \/>\n\t<meta property=\"og:image:width\" content=\"2560\" \/>\n\t<meta property=\"og:image:height\" content=\"2560\" \/>\n\t<meta property=\"og:image:type\" content=\"image\/jpeg\" \/>\n<meta name=\"twitter:card\" content=\"summary_large_image\" \/>\n<meta name=\"twitter:label1\" content=\"Est. reading time\" \/>\n\t<meta name=\"twitter:data1\" content=\"3 min\u016btes\" \/>\n<script type=\"application\/ld+json\" class=\"yoast-schema-graph\">{\"@context\":\"https:\\\/\\\/schema.org\",\"@graph\":[{\"@type\":\"WebPage\",\"@id\":\"https:\\\/\\\/kidsplay.lt\\\/produktas\\\/montessori-lavinanti-deze-7in1-16-18-men\\\/\",\"url\":\"https:\\\/\\\/kidsplay.lt\\\/produktas\\\/montessori-lavinanti-deze-7in1-16-18-men\\\/\",\"name\":\"Montessori lavinanti d\u0117\u017e\u0117 7in1 16-18 m\u0117n\",\"isPartOf\":{\"@id\":\"https:\\\/\\\/kidsplay.lt\\\/#website\"},\"primaryImageOfPage\":{\"@id\":\"https:\\\/\\\/kidsplay.lt\\\/produktas\\\/montessori-lavinanti-deze-7in1-16-18-men\\\/#primaryimage\"},\"image\":{\"@id\":\"https:\\\/\\\/kidsplay.lt\\\/produktas\\\/montessori-lavinanti-deze-7in1-16-18-men\\\/#primaryimage\"},\"thumbnailUrl\":\"https:\\\/\\\/kidsplay.lt\\\/wp-content\\\/uploads\\\/2024\\\/09\\\/Montessori-lavinanti-deze-7in1-16-18-men.jpg\",\"datePublished\":\"2026-02-26T07:30:39+00:00\",\"dateModified\":\"2026-04-07T07:46:07+00:00\",\"description\":\"Montessori lavinanti d\u0117\u017e\u0117 7in1 16-18 m\u0117n - KidsPlay. Did\u017eiausias vaik\u0173 \u017eaisl\u0173 pasirinkimas.\",\"breadcrumb\":{\"@id\":\"https:\\\/\\\/kidsplay.lt\\\/produktas\\\/montessori-lavinanti-deze-7in1-16-18-men\\\/#breadcrumb\"},\"inLanguage\":\"lv-LV\",\"potentialAction\":[{\"@type\":\"ReadAction\",\"target\":[\"https:\\\/\\\/kidsplay.lt\\\/produktas\\\/montessori-lavinanti-deze-7in1-16-18-men\\\/\"]}]},{\"@type\":\"ImageObject\",\"inLanguage\":\"lv-LV\",\"@id\":\"https:\\\/\\\/kidsplay.lt\\\/produktas\\\/montessori-lavinanti-deze-7in1-16-18-men\\\/#primaryimage\",\"url\":\"https:\\\/\\\/kidsplay.lt\\\/wp-content\\\/uploads\\\/2024\\\/09\\\/Montessori-lavinanti-deze-7in1-16-18-men.jpg\",\"contentUrl\":\"https:\\\/\\\/kidsplay.lt\\\/wp-content\\\/uploads\\\/2024\\\/09\\\/Montessori-lavinanti-deze-7in1-16-18-men.jpg\",\"width\":2560,\"height\":2560,\"caption\":\"Montessori lavinanti d\u0117\u017e\u0117 7in1 16-18 m\u0117n\"},{\"@type\":\"BreadcrumbList\",\"@id\":\"https:\\\/\\\/kidsplay.lt\\\/produktas\\\/montessori-lavinanti-deze-7in1-16-18-men\\\/#breadcrumb\",\"itemListElement\":[{\"@type\":\"ListItem\",\"position\":1,\"name\":\"Pagrindinis\",\"item\":\"https:\\\/\\\/kidsplay.lt\\\/\"},{\"@type\":\"ListItem\",\"position\":2,\"name\":\"Parduotuv\u0117\",\"item\":\"https:\\\/\\\/kidsplay.lt\\\/parduotuve\\\/\"},{\"@type\":\"ListItem\",\"position\":3,\"name\":\"Montessori lavinanti d\u0117\u017e\u0117 7in1 16-18 m\u0117n\"}]},{\"@type\":\"WebSite\",\"@id\":\"https:\\\/\\\/kidsplay.lt\\\/#website\",\"url\":\"https:\\\/\\\/kidsplay.lt\\\/\",\"name\":\"Kidsplay.lt\",\"description\":\"\u012evairios prek\u0117s vaikams\",\"publisher\":{\"@id\":\"https:\\\/\\\/kidsplay.lt\\\/#organization\"},\"alternateName\":\"Kidsplay\",\"potentialAction\":[{\"@type\":\"SearchAction\",\"target\":{\"@type\":\"EntryPoint\",\"urlTemplate\":\"https:\\\/\\\/kidsplay.lt\\\/?s={search_term_string}\"},\"query-input\":{\"@type\":\"PropertyValueSpecification\",\"valueRequired\":true,\"valueName\":\"search_term_string\"}}],\"inLanguage\":\"lv-LV\"},{\"@type\":\"Organization\",\"@id\":\"https:\\\/\\\/kidsplay.lt\\\/#organization\",\"name\":\"KidsPlay\",\"url\":\"https:\\\/\\\/kidsplay.lt\\\/\",\"logo\":{\"@type\":\"ImageObject\",\"inLanguage\":\"lv-LV\",\"@id\":\"https:\\\/\\\/kidsplay.lt\\\/#\\\/schema\\\/logo\\\/image\\\/\",\"url\":\"https:\\\/\\\/kidsplay.lt\\\/wp-content\\\/uploads\\\/2023\\\/07\\\/kidsplay-logo.png\",\"contentUrl\":\"https:\\\/\\\/kidsplay.lt\\\/wp-content\\\/uploads\\\/2023\\\/07\\\/kidsplay-logo.png\",\"width\":451,\"height\":98,\"caption\":\"KidsPlay\"},\"image\":{\"@id\":\"https:\\\/\\\/kidsplay.lt\\\/#\\\/schema\\\/logo\\\/image\\\/\"},\"sameAs\":[\"https:\\\/\\\/www.facebook.com\\\/www.kidsplay.lt\"]}]}<\/script>\n<!-- \/ Yoast SEO plugin. -->","yoast_head_json":{"title":"Montessori lavinanti d\u0117\u017e\u0117 7in1 16-18 m\u0117n","description":"Montessori lavinanti d\u0117\u017e\u0117 7in1 16-18 m\u0117n - KidsPlay. Did\u017eiausias vaik\u0173 \u017eaisl\u0173 pasirinkimas.","robots":{"index":"index","follow":"follow","max-snippet":"max-snippet:-1","max-image-preview":"max-image-preview:large","max-video-preview":"max-video-preview:-1"},"canonical":"https:\/\/kidsplay.lt\/lv\/products\/montessori-lavinanti-deze-7in1-16-18-men\/","og_locale":"lv_LV","og_type":"article","og_title":"Montessori lavinanti d\u0117\u017e\u0117 7in1 16-18 m\u0117n","og_description":"Montessori lavinanti d\u0117\u017e\u0117 7in1 16-18 m\u0117n - KidsPlay. Did\u017eiausias vaik\u0173 \u017eaisl\u0173 pasirinkimas.","og_url":"https:\/\/kidsplay.lt\/lv\/products\/montessori-lavinanti-deze-7in1-16-18-men\/","og_site_name":"KidsPlay","article_publisher":"https:\/\/www.facebook.com\/www.kidsplay.lt","article_modified_time":"2026-04-07T07:46:07+00:00","og_image":[{"width":2560,"height":2560,"url":"https:\/\/kidsplay.lt\/wp-content\/uploads\/2024\/09\/Montessori-lavinanti-deze-7in1-16-18-men.jpg","type":"image\/jpeg"}],"twitter_card":"summary_large_image","twitter_misc":{"Est. reading time":"3 min\u016btes"},"schema":{"@context":"https:\/\/schema.org","@graph":[{"@type":"WebPage","@id":"https:\/\/kidsplay.lt\/produktas\/montessori-lavinanti-deze-7in1-16-18-men\/","url":"https:\/\/kidsplay.lt\/produktas\/montessori-lavinanti-deze-7in1-16-18-men\/","name":"Montessori lavinanti d\u0117\u017e\u0117 7in1 16-18 m\u0117n","isPartOf":{"@id":"https:\/\/kidsplay.lt\/#website"},"primaryImageOfPage":{"@id":"https:\/\/kidsplay.lt\/produktas\/montessori-lavinanti-deze-7in1-16-18-men\/#primaryimage"},"image":{"@id":"https:\/\/kidsplay.lt\/produktas\/montessori-lavinanti-deze-7in1-16-18-men\/#primaryimage"},"thumbnailUrl":"https:\/\/kidsplay.lt\/wp-content\/uploads\/2024\/09\/Montessori-lavinanti-deze-7in1-16-18-men.jpg","datePublished":"2026-02-26T07:30:39+00:00","dateModified":"2026-04-07T07:46:07+00:00","description":"Montessori lavinanti d\u0117\u017e\u0117 7in1 16-18 m\u0117n - KidsPlay. Did\u017eiausias vaik\u0173 \u017eaisl\u0173 pasirinkimas.","breadcrumb":{"@id":"https:\/\/kidsplay.lt\/produktas\/montessori-lavinanti-deze-7in1-16-18-men\/#breadcrumb"},"inLanguage":"lv-LV","potentialAction":[{"@type":"ReadAction","target":["https:\/\/kidsplay.lt\/produktas\/montessori-lavinanti-deze-7in1-16-18-men\/"]}]},{"@type":"ImageObject","inLanguage":"lv-LV","@id":"https:\/\/kidsplay.lt\/produktas\/montessori-lavinanti-deze-7in1-16-18-men\/#primaryimage","url":"https:\/\/kidsplay.lt\/wp-content\/uploads\/2024\/09\/Montessori-lavinanti-deze-7in1-16-18-men.jpg","contentUrl":"https:\/\/kidsplay.lt\/wp-content\/uploads\/2024\/09\/Montessori-lavinanti-deze-7in1-16-18-men.jpg","width":2560,"height":2560,"caption":"Montessori lavinanti d\u0117\u017e\u0117 7in1 16-18 m\u0117n"},{"@type":"BreadcrumbList","@id":"https:\/\/kidsplay.lt\/produktas\/montessori-lavinanti-deze-7in1-16-18-men\/#breadcrumb","itemListElement":[{"@type":"ListItem","position":1,"name":"Pagrindinis","item":"https:\/\/kidsplay.lt\/"},{"@type":"ListItem","position":2,"name":"Parduotuv\u0117","item":"https:\/\/kidsplay.lt\/parduotuve\/"},{"@type":"ListItem","position":3,"name":"Montessori lavinanti d\u0117\u017e\u0117 7in1 16-18 m\u0117n"}]},{"@type":"WebSite","@id":"https:\/\/kidsplay.lt\/#website","url":"https:\/\/kidsplay.lt\/","name":"B\u0113rnu sp\u0113les.lv","description":"\u012evairios prek\u0117s vaikams","publisher":{"@id":"https:\/\/kidsplay.lt\/#organization"},"alternateName":"Kidsplay","potentialAction":[{"@type":"SearchAction","target":{"@type":"EntryPoint","urlTemplate":"https:\/\/kidsplay.lt\/?s={search_term_string}"},"query-input":{"@type":"PropertyValueSpecification","valueRequired":true,"valueName":"search_term_string"}}],"inLanguage":"lv-LV"},{"@type":"Organization","@id":"https:\/\/kidsplay.lt\/#organization","name":"B\u0113rnu sp\u0113le","url":"https:\/\/kidsplay.lt\/","logo":{"@type":"ImageObject","inLanguage":"lv-LV","@id":"https:\/\/kidsplay.lt\/#\/schema\/logo\/image\/","url":"https:\/\/kidsplay.lt\/wp-content\/uploads\/2023\/07\/kidsplay-logo.png","contentUrl":"https:\/\/kidsplay.lt\/wp-content\/uploads\/2023\/07\/kidsplay-logo.png","width":451,"height":98,"caption":"KidsPlay"},"image":{"@id":"https:\/\/kidsplay.lt\/#\/schema\/logo\/image\/"},"sameAs":["https:\/\/www.facebook.com\/www.kidsplay.lt"]}]}},"_links":{"self":[{"href":"https:\/\/kidsplay.lt\/lv\/wp-json\/wp\/v2\/product\/89794","targetHints":{"allow":["GET"]}}],"collection":[{"href":"https:\/\/kidsplay.lt\/lv\/wp-json\/wp\/v2\/product"}],"about":[{"href":"https:\/\/kidsplay.lt\/lv\/wp-json\/wp\/v2\/types\/product"}],"version-history":[{"count":1,"href":"https:\/\/kidsplay.lt\/lv\/wp-json\/wp\/v2\/product\/89794\/revisions"}],"predecessor-version":[{"id":89795,"href":"https:\/\/kidsplay.lt\/lv\/wp-json\/wp\/v2\/product\/89794\/revisions\/89795"}],"wp:featuredmedia":[{"embeddable":true,"href":"https:\/\/kidsplay.lt\/lv\/wp-json\/wp\/v2\/media\/56305"}],"wp:attachment":[{"href":"https:\/\/kidsplay.lt\/lv\/wp-json\/wp\/v2\/media?parent=89794"}],"wp:term":[{"taxonomy":"product_brand","embeddable":true,"href":"https:\/\/kidsplay.lt\/lv\/wp-json\/wp\/v2\/product_brand?post=89794"},{"taxonomy":"product_cat","embeddable":true,"href":"https:\/\/kidsplay.lt\/lv\/wp-json\/wp\/v2\/product_cat?post=89794"},{"taxonomy":"product_tag","embeddable":true,"href":"https:\/\/kidsplay.lt\/lv\/wp-json\/wp\/v2\/product_tag?post=89794"}],"curies":[{"name":"wp","href":"https:\/\/api.w.org\/{rel}","templated":true}]}}