{"id":89798,"date":"2026-02-26T09:30:45","date_gmt":"2026-02-26T07:30:45","guid":{"rendered":"https:\/\/kidsplay.lt\/produktas\/masterkidz-audinio-pakabinimo-paklode-su-kisenemis-kortelems-ir-paveiksleliams-raudona\/"},"modified":"2026-04-13T15:07:37","modified_gmt":"2026-04-13T12:07:37","slug":"masterkidz-audinio-pakabinimo-paklode-su-kisenemis-kortelems-ir-paveiksleliams-raudona","status":"publish","type":"product","link":"https:\/\/kidsplay.lt\/lv\/products\/masterkidz-audinio-pakabinimo-paklode-su-kisenemis-kortelems-ir-paveiksleliams-raudona\/","title":{"rendered":"MASTERKIDZ auduma piekaram\u0101 palags ar kabat\u0101m kart\u012bt\u0113m un att\u0113liem, sarkans"},"content":{"rendered":"<p>\u0160is audinio lapas\u00a0skirtas pakabinti ant specialaus stovo arba\u00a0\u201eMasterkidz STEM\u201c\u00a0k\u016brybin\u0117s-mokslin\u0117s lentos .\u00a0Jis puikiai tinka kaip mokymo priemon\u0117\u00a0ikimokyklinio am\u017eiaus vaik\u0173 veikloje ar pamokose. J\u012f galima naudoti \u012fvairioms sud\u0117tingoms temoms pristatyti \u2013 tereikia paruo\u0161ti atitinkamas lentas ar korteles ir \u012fd\u0117ti jas \u012f ki\u0161enes.<\/p>\n<p>Rakstur\u012bgs:<\/p>\n<p> \t&#8211; 6 eilut\u0117s su ki\u0161en\u0117mis \u2013\u00a0puikiai tinka mokymo priemon\u0117ms eksponuoti. Lapas gali b\u016bti naudojamas, pavyzd\u017eiui, kuriant sakinius i\u0161 anks\u010diau paruo\u0161t\u0173 \u017eod\u017ei\u0173 korteli\u0173. Tai leid\u017eia lavinti u\u017esienio kalbos \u012fg\u016bd\u017eius.<br \/>\n \t&#8211; Dvipusis &#8211;\u00a0Galin\u0117je pus\u0117je yra \u201eVelcro\u201c pavir\u0161ius, leid\u017eiantis prakti\u0161kai ir tvarkingai pritvirtinti \u012fvairias mokymo priemones<br \/>\n \t&#8211; Lengvas montavimas\u00a0\u2013 paklod\u0117 turi kilpas, kad j\u0105 b\u016bt\u0173 galima greitai pakabinti ant sienos, dur\u0173 ar spintos.<br \/>\n \t&#8211; Kompakti\u0161kas dizainas\u00a0\u2013 lengvas dizainas leid\u017eia lak\u0161t\u0105 lengvai ne\u0161iotis ir pritaikyti skirtingose \u200b\u200bvietose.<\/p>\n<p>Produktas vystosi:<\/p>\n<p> \t&#8211; Motoriniai \u012fg\u016bd\u017eiai<br \/>\n \t&#8211; Nepriklausomyb\u0117<br \/>\n \t&#8211; Logika<\/p>","protected":false},"excerpt":{"rendered":"<p>\u0160is audinio lapas\u00a0skirtas pakabinti ant specialaus stovo arba\u00a0\u201eMasterkidz STEM\u201c\u00a0k\u016brybin\u0117s-mokslin\u0117s lentos .\u00a0Jis puikiai tinka kaip mokymo priemon\u0117\u00a0ikimokyklinio am\u017eiaus vaik\u0173 veikloje ar<\/p>","protected":false},"featured_media":76621,"template":"","meta":{"_acf_changed":false,"_glsr_average":0,"_glsr_ranking":0,"_glsr_reviews":0},"product_brand":[],"product_cat":[673,229],"product_tag":[],"class_list":{"0":"post-89798","1":"product","2":"type-product","3":"status-publish","4":"has-post-thumbnail","6":"product_cat-ugdomosios-priemones","7":"product_cat-zaislai-vaikams","8":"\"style=\"background-color: #2ecc711c;\"","10":"first","11":"instock","12":"purchasable","13":"product-type-simple"},"acf":[],"yoast_head":"<!-- This site is optimized with the Yoast SEO plugin v27.3 - https:\/\/yoast.com\/product\/yoast-seo-wordpress\/ -->\n<title>MASTERKIDZ Audinio pakabinimo paklod\u0117 su ki\u0161en\u0117mis kortel\u0117ms ir paveiksl\u0117liams, raudona<\/title>\n<meta name=\"description\" content=\"MASTERKIDZ Audinio pakabinimo paklod\u0117 su ki\u0161en\u0117mis kortel\u0117ms ir paveiksl\u0117liams, raudona - KidsPlay. Did\u017eiausias vaik\u0173 \u017eaisl\u0173 pasirinkimas.\" \/>\n<meta name=\"robots\" content=\"index, follow, max-snippet:-1, max-image-preview:large, max-video-preview:-1\" \/>\n<link rel=\"canonical\" href=\"https:\/\/kidsplay.lt\/lv\/products\/masterkidz-audinio-pakabinimo-paklode-su-kisenemis-kortelems-ir-paveiksleliams-raudona\/\" \/>\n<meta property=\"og:locale\" content=\"lv_LV\" \/>\n<meta property=\"og:type\" content=\"article\" \/>\n<meta property=\"og:title\" content=\"MASTERKIDZ Audinio pakabinimo paklod\u0117 su ki\u0161en\u0117mis kortel\u0117ms ir paveiksl\u0117liams, raudona\" \/>\n<meta property=\"og:description\" content=\"MASTERKIDZ Audinio pakabinimo paklod\u0117 su ki\u0161en\u0117mis kortel\u0117ms ir paveiksl\u0117liams, raudona - KidsPlay. Did\u017eiausias vaik\u0173 \u017eaisl\u0173 pasirinkimas.\" \/>\n<meta property=\"og:url\" content=\"https:\/\/kidsplay.lt\/lv\/products\/masterkidz-audinio-pakabinimo-paklode-su-kisenemis-kortelems-ir-paveiksleliams-raudona\/\" \/>\n<meta property=\"og:site_name\" content=\"KidsPlay\" \/>\n<meta property=\"article:publisher\" content=\"https:\/\/www.facebook.com\/www.kidsplay.lt\" \/>\n<meta property=\"article:modified_time\" content=\"2026-04-13T12:07:37+00:00\" \/>\n<meta property=\"og:image\" content=\"https:\/\/kidsplay.lt\/wp-content\/uploads\/2025\/10\/MASTERKIDZ-Audinio-pakabinimo-paklode-su-kisenemis-kortelems-ir-paveiksleliams-raudona.jpg\" \/>\n\t<meta property=\"og:image:width\" content=\"2000\" \/>\n\t<meta property=\"og:image:height\" content=\"1859\" \/>\n\t<meta property=\"og:image:type\" content=\"image\/jpeg\" \/>\n<meta name=\"twitter:card\" content=\"summary_large_image\" \/>\n<meta name=\"twitter:label1\" content=\"Est. reading time\" \/>\n\t<meta name=\"twitter:data1\" content=\"1 min\u016bte\" \/>\n<script type=\"application\/ld+json\" class=\"yoast-schema-graph\">{\"@context\":\"https:\\\/\\\/schema.org\",\"@graph\":[{\"@type\":\"WebPage\",\"@id\":\"https:\\\/\\\/kidsplay.lt\\\/produktas\\\/masterkidz-audinio-pakabinimo-paklode-su-kisenemis-kortelems-ir-paveiksleliams-raudona\\\/\",\"url\":\"https:\\\/\\\/kidsplay.lt\\\/produktas\\\/masterkidz-audinio-pakabinimo-paklode-su-kisenemis-kortelems-ir-paveiksleliams-raudona\\\/\",\"name\":\"MASTERKIDZ Audinio pakabinimo paklod\u0117 su ki\u0161en\u0117mis kortel\u0117ms ir paveiksl\u0117liams, raudona\",\"isPartOf\":{\"@id\":\"https:\\\/\\\/kidsplay.lt\\\/#website\"},\"primaryImageOfPage\":{\"@id\":\"https:\\\/\\\/kidsplay.lt\\\/produktas\\\/masterkidz-audinio-pakabinimo-paklode-su-kisenemis-kortelems-ir-paveiksleliams-raudona\\\/#primaryimage\"},\"image\":{\"@id\":\"https:\\\/\\\/kidsplay.lt\\\/produktas\\\/masterkidz-audinio-pakabinimo-paklode-su-kisenemis-kortelems-ir-paveiksleliams-raudona\\\/#primaryimage\"},\"thumbnailUrl\":\"https:\\\/\\\/kidsplay.lt\\\/wp-content\\\/uploads\\\/2025\\\/10\\\/MASTERKIDZ-Audinio-pakabinimo-paklode-su-kisenemis-kortelems-ir-paveiksleliams-raudona.jpg\",\"datePublished\":\"2026-02-26T07:30:45+00:00\",\"dateModified\":\"2026-04-13T12:07:37+00:00\",\"description\":\"MASTERKIDZ Audinio pakabinimo paklod\u0117 su ki\u0161en\u0117mis kortel\u0117ms ir paveiksl\u0117liams, raudona - KidsPlay. Did\u017eiausias vaik\u0173 \u017eaisl\u0173 pasirinkimas.\",\"breadcrumb\":{\"@id\":\"https:\\\/\\\/kidsplay.lt\\\/produktas\\\/masterkidz-audinio-pakabinimo-paklode-su-kisenemis-kortelems-ir-paveiksleliams-raudona\\\/#breadcrumb\"},\"inLanguage\":\"lv-LV\",\"potentialAction\":[{\"@type\":\"ReadAction\",\"target\":[\"https:\\\/\\\/kidsplay.lt\\\/produktas\\\/masterkidz-audinio-pakabinimo-paklode-su-kisenemis-kortelems-ir-paveiksleliams-raudona\\\/\"]}]},{\"@type\":\"ImageObject\",\"inLanguage\":\"lv-LV\",\"@id\":\"https:\\\/\\\/kidsplay.lt\\\/produktas\\\/masterkidz-audinio-pakabinimo-paklode-su-kisenemis-kortelems-ir-paveiksleliams-raudona\\\/#primaryimage\",\"url\":\"https:\\\/\\\/kidsplay.lt\\\/wp-content\\\/uploads\\\/2025\\\/10\\\/MASTERKIDZ-Audinio-pakabinimo-paklode-su-kisenemis-kortelems-ir-paveiksleliams-raudona.jpg\",\"contentUrl\":\"https:\\\/\\\/kidsplay.lt\\\/wp-content\\\/uploads\\\/2025\\\/10\\\/MASTERKIDZ-Audinio-pakabinimo-paklode-su-kisenemis-kortelems-ir-paveiksleliams-raudona.jpg\",\"width\":2000,\"height\":1859,\"caption\":\"MASTERKIDZ Audinio pakabinimo paklod\u0117 su ki\u0161en\u0117mis kortel\u0117ms ir paveiksl\u0117liams\"},{\"@type\":\"BreadcrumbList\",\"@id\":\"https:\\\/\\\/kidsplay.lt\\\/produktas\\\/masterkidz-audinio-pakabinimo-paklode-su-kisenemis-kortelems-ir-paveiksleliams-raudona\\\/#breadcrumb\",\"itemListElement\":[{\"@type\":\"ListItem\",\"position\":1,\"name\":\"Pagrindinis\",\"item\":\"https:\\\/\\\/kidsplay.lt\\\/\"},{\"@type\":\"ListItem\",\"position\":2,\"name\":\"Parduotuv\u0117\",\"item\":\"https:\\\/\\\/kidsplay.lt\\\/parduotuve\\\/\"},{\"@type\":\"ListItem\",\"position\":3,\"name\":\"MASTERKIDZ Audinio pakabinimo paklod\u0117 su ki\u0161en\u0117mis kortel\u0117ms ir paveiksl\u0117liams, raudona\"}]},{\"@type\":\"WebSite\",\"@id\":\"https:\\\/\\\/kidsplay.lt\\\/#website\",\"url\":\"https:\\\/\\\/kidsplay.lt\\\/\",\"name\":\"Kidsplay.lt\",\"description\":\"\u012evairios prek\u0117s vaikams\",\"publisher\":{\"@id\":\"https:\\\/\\\/kidsplay.lt\\\/#organization\"},\"alternateName\":\"Kidsplay\",\"potentialAction\":[{\"@type\":\"SearchAction\",\"target\":{\"@type\":\"EntryPoint\",\"urlTemplate\":\"https:\\\/\\\/kidsplay.lt\\\/?s={search_term_string}\"},\"query-input\":{\"@type\":\"PropertyValueSpecification\",\"valueRequired\":true,\"valueName\":\"search_term_string\"}}],\"inLanguage\":\"lv-LV\"},{\"@type\":\"Organization\",\"@id\":\"https:\\\/\\\/kidsplay.lt\\\/#organization\",\"name\":\"KidsPlay\",\"url\":\"https:\\\/\\\/kidsplay.lt\\\/\",\"logo\":{\"@type\":\"ImageObject\",\"inLanguage\":\"lv-LV\",\"@id\":\"https:\\\/\\\/kidsplay.lt\\\/#\\\/schema\\\/logo\\\/image\\\/\",\"url\":\"https:\\\/\\\/kidsplay.lt\\\/wp-content\\\/uploads\\\/2023\\\/07\\\/kidsplay-logo.png\",\"contentUrl\":\"https:\\\/\\\/kidsplay.lt\\\/wp-content\\\/uploads\\\/2023\\\/07\\\/kidsplay-logo.png\",\"width\":451,\"height\":98,\"caption\":\"KidsPlay\"},\"image\":{\"@id\":\"https:\\\/\\\/kidsplay.lt\\\/#\\\/schema\\\/logo\\\/image\\\/\"},\"sameAs\":[\"https:\\\/\\\/www.facebook.com\\\/www.kidsplay.lt\"]}]}<\/script>\n<!-- \/ Yoast SEO plugin. -->","yoast_head_json":{"title":"MASTERKIDZ auduma piekaram\u0101 palags ar kabat\u0101m kart\u012bt\u0113m un att\u0113liem, sarkans","description":"MASTERKIDZ Audinio pakabinimo paklod\u0117 su ki\u0161en\u0117mis kortel\u0117ms ir paveiksl\u0117liams, raudona - KidsPlay. Did\u017eiausias vaik\u0173 \u017eaisl\u0173 pasirinkimas.","robots":{"index":"index","follow":"follow","max-snippet":"max-snippet:-1","max-image-preview":"max-image-preview:large","max-video-preview":"max-video-preview:-1"},"canonical":"https:\/\/kidsplay.lt\/lv\/products\/masterkidz-audinio-pakabinimo-paklode-su-kisenemis-kortelems-ir-paveiksleliams-raudona\/","og_locale":"lv_LV","og_type":"article","og_title":"MASTERKIDZ Audinio pakabinimo paklod\u0117 su ki\u0161en\u0117mis kortel\u0117ms ir paveiksl\u0117liams, raudona","og_description":"MASTERKIDZ Audinio pakabinimo paklod\u0117 su ki\u0161en\u0117mis kortel\u0117ms ir paveiksl\u0117liams, raudona - KidsPlay. Did\u017eiausias vaik\u0173 \u017eaisl\u0173 pasirinkimas.","og_url":"https:\/\/kidsplay.lt\/lv\/products\/masterkidz-audinio-pakabinimo-paklode-su-kisenemis-kortelems-ir-paveiksleliams-raudona\/","og_site_name":"KidsPlay","article_publisher":"https:\/\/www.facebook.com\/www.kidsplay.lt","article_modified_time":"2026-04-13T12:07:37+00:00","og_image":[{"width":2000,"height":1859,"url":"https:\/\/kidsplay.lt\/wp-content\/uploads\/2025\/10\/MASTERKIDZ-Audinio-pakabinimo-paklode-su-kisenemis-kortelems-ir-paveiksleliams-raudona.jpg","type":"image\/jpeg"}],"twitter_card":"summary_large_image","twitter_misc":{"Est. reading time":"1 min\u016bte"},"schema":{"@context":"https:\/\/schema.org","@graph":[{"@type":"WebPage","@id":"https:\/\/kidsplay.lt\/produktas\/masterkidz-audinio-pakabinimo-paklode-su-kisenemis-kortelems-ir-paveiksleliams-raudona\/","url":"https:\/\/kidsplay.lt\/produktas\/masterkidz-audinio-pakabinimo-paklode-su-kisenemis-kortelems-ir-paveiksleliams-raudona\/","name":"MASTERKIDZ auduma piekaram\u0101 palags ar kabat\u0101m kart\u012bt\u0113m un att\u0113liem, sarkans","isPartOf":{"@id":"https:\/\/kidsplay.lt\/#website"},"primaryImageOfPage":{"@id":"https:\/\/kidsplay.lt\/produktas\/masterkidz-audinio-pakabinimo-paklode-su-kisenemis-kortelems-ir-paveiksleliams-raudona\/#primaryimage"},"image":{"@id":"https:\/\/kidsplay.lt\/produktas\/masterkidz-audinio-pakabinimo-paklode-su-kisenemis-kortelems-ir-paveiksleliams-raudona\/#primaryimage"},"thumbnailUrl":"https:\/\/kidsplay.lt\/wp-content\/uploads\/2025\/10\/MASTERKIDZ-Audinio-pakabinimo-paklode-su-kisenemis-kortelems-ir-paveiksleliams-raudona.jpg","datePublished":"2026-02-26T07:30:45+00:00","dateModified":"2026-04-13T12:07:37+00:00","description":"MASTERKIDZ Audinio pakabinimo paklod\u0117 su ki\u0161en\u0117mis kortel\u0117ms ir paveiksl\u0117liams, raudona - KidsPlay. Did\u017eiausias vaik\u0173 \u017eaisl\u0173 pasirinkimas.","breadcrumb":{"@id":"https:\/\/kidsplay.lt\/produktas\/masterkidz-audinio-pakabinimo-paklode-su-kisenemis-kortelems-ir-paveiksleliams-raudona\/#breadcrumb"},"inLanguage":"lv-LV","potentialAction":[{"@type":"ReadAction","target":["https:\/\/kidsplay.lt\/produktas\/masterkidz-audinio-pakabinimo-paklode-su-kisenemis-kortelems-ir-paveiksleliams-raudona\/"]}]},{"@type":"ImageObject","inLanguage":"lv-LV","@id":"https:\/\/kidsplay.lt\/produktas\/masterkidz-audinio-pakabinimo-paklode-su-kisenemis-kortelems-ir-paveiksleliams-raudona\/#primaryimage","url":"https:\/\/kidsplay.lt\/wp-content\/uploads\/2025\/10\/MASTERKIDZ-Audinio-pakabinimo-paklode-su-kisenemis-kortelems-ir-paveiksleliams-raudona.jpg","contentUrl":"https:\/\/kidsplay.lt\/wp-content\/uploads\/2025\/10\/MASTERKIDZ-Audinio-pakabinimo-paklode-su-kisenemis-kortelems-ir-paveiksleliams-raudona.jpg","width":2000,"height":1859,"caption":"MASTERKIDZ Audinio pakabinimo paklod\u0117 su ki\u0161en\u0117mis kortel\u0117ms ir paveiksl\u0117liams"},{"@type":"BreadcrumbList","@id":"https:\/\/kidsplay.lt\/produktas\/masterkidz-audinio-pakabinimo-paklode-su-kisenemis-kortelems-ir-paveiksleliams-raudona\/#breadcrumb","itemListElement":[{"@type":"ListItem","position":1,"name":"Pagrindinis","item":"https:\/\/kidsplay.lt\/"},{"@type":"ListItem","position":2,"name":"Parduotuv\u0117","item":"https:\/\/kidsplay.lt\/parduotuve\/"},{"@type":"ListItem","position":3,"name":"MASTERKIDZ Audinio pakabinimo paklod\u0117 su ki\u0161en\u0117mis kortel\u0117ms ir paveiksl\u0117liams, raudona"}]},{"@type":"WebSite","@id":"https:\/\/kidsplay.lt\/#website","url":"https:\/\/kidsplay.lt\/","name":"B\u0113rnu sp\u0113les.lv","description":"\u012evairios prek\u0117s vaikams","publisher":{"@id":"https:\/\/kidsplay.lt\/#organization"},"alternateName":"Kidsplay","potentialAction":[{"@type":"SearchAction","target":{"@type":"EntryPoint","urlTemplate":"https:\/\/kidsplay.lt\/?s={search_term_string}"},"query-input":{"@type":"PropertyValueSpecification","valueRequired":true,"valueName":"search_term_string"}}],"inLanguage":"lv-LV"},{"@type":"Organization","@id":"https:\/\/kidsplay.lt\/#organization","name":"B\u0113rnu sp\u0113le","url":"https:\/\/kidsplay.lt\/","logo":{"@type":"ImageObject","inLanguage":"lv-LV","@id":"https:\/\/kidsplay.lt\/#\/schema\/logo\/image\/","url":"https:\/\/kidsplay.lt\/wp-content\/uploads\/2023\/07\/kidsplay-logo.png","contentUrl":"https:\/\/kidsplay.lt\/wp-content\/uploads\/2023\/07\/kidsplay-logo.png","width":451,"height":98,"caption":"KidsPlay"},"image":{"@id":"https:\/\/kidsplay.lt\/#\/schema\/logo\/image\/"},"sameAs":["https:\/\/www.facebook.com\/www.kidsplay.lt"]}]}},"_links":{"self":[{"href":"https:\/\/kidsplay.lt\/lv\/wp-json\/wp\/v2\/product\/89798","targetHints":{"allow":["GET"]}}],"collection":[{"href":"https:\/\/kidsplay.lt\/lv\/wp-json\/wp\/v2\/product"}],"about":[{"href":"https:\/\/kidsplay.lt\/lv\/wp-json\/wp\/v2\/types\/product"}],"version-history":[{"count":1,"href":"https:\/\/kidsplay.lt\/lv\/wp-json\/wp\/v2\/product\/89798\/revisions"}],"predecessor-version":[{"id":89799,"href":"https:\/\/kidsplay.lt\/lv\/wp-json\/wp\/v2\/product\/89798\/revisions\/89799"}],"wp:featuredmedia":[{"embeddable":true,"href":"https:\/\/kidsplay.lt\/lv\/wp-json\/wp\/v2\/media\/76621"}],"wp:attachment":[{"href":"https:\/\/kidsplay.lt\/lv\/wp-json\/wp\/v2\/media?parent=89798"}],"wp:term":[{"taxonomy":"product_brand","embeddable":true,"href":"https:\/\/kidsplay.lt\/lv\/wp-json\/wp\/v2\/product_brand?post=89798"},{"taxonomy":"product_cat","embeddable":true,"href":"https:\/\/kidsplay.lt\/lv\/wp-json\/wp\/v2\/product_cat?post=89798"},{"taxonomy":"product_tag","embeddable":true,"href":"https:\/\/kidsplay.lt\/lv\/wp-json\/wp\/v2\/product_tag?post=89798"}],"curies":[{"name":"wp","href":"https:\/\/api.w.org\/{rel}","templated":true}]}}