{"id":89802,"date":"2026-02-26T09:30:50","date_gmt":"2026-02-26T07:30:50","guid":{"rendered":"https:\/\/kidsplay.lt\/produktas\/burbulinis-pistoletas-91-skyliu-melynas\/"},"modified":"2026-04-13T15:07:43","modified_gmt":"2026-04-13T12:07:43","slug":"burbulinis-pistoletas-91-skyliu-melynas","status":"publish","type":"product","link":"https:\/\/kidsplay.lt\/lv\/products\/burbulinis-pistoletas-91-skyliu-melynas\/","title":{"rendered":"burbu\u013cu pistole 91 caurums zila"},"content":{"rendered":"<p>WOOPIE\u00a0\u00a0ginklo formos\u00a0burbul\u0173 ma\u0161in\u0117l\u0117\u00a0yra puikus \u017eaislas vaikams.\u00a0D\u0117l\u00a091 skyl\u0117s\u00a0i\u0161siskiriantys burbuliukai \u0161audomi\u00a0auk\u0161tu da\u017eniu\u00a0. Muilo burbulai yra\u00a0\u00a0m\u0117gstamiausias\u00a0\u00a0ma\u017e\u0173 ir dideli\u0173 vaik\u0173 \u017eaidimas. Muilo burbul\u0173 pistoletas yra\u00a0\u00a0puiki dovana\u00a0\u00a0, nes juo\u00a0\u00a0paprasta naudotis ir jis suteikia daug malonumo \u2013\u00a0vienu nuspaudimo gaiduko paspaudimu\u00a0\u00a0i\u0161 ginklo i\u0161skrenda daug burbuliuk\u0173.\u00a0Be to, rinkinyje yra 2\u00a0indeliai su skys\u010diu puodeliui\u00a0. \u017daislas puikiai tinka \u017eaisti\u00a0lauke\u00a0arba\u00a0namuose\u00a0. Nor\u0117dami p\u016bsti muilo burbulus, \u012fd\u0117j\u0119 akumuliatori\u0173, tiesiog panardinkite ginkl\u0105 \u012f skyst\u012f ant stovo, paspauskite pistoleto gaiduk\u0105 ir viskas! Akimirksniu turime\u00a0gra\u017e\u0173, pasak\u0173 pasaul\u012f\u00a0, kuris\u00a0d\u017eiugins ir vaikus, ir suaugusius.<\/p>\n<p>Raksturojums:<\/p>\n<p> \t\u017daislas\u00a0\u00a0nuo 3 met\u0173<br \/>\n \t91 skyl\u0117\u00a0leid\u017eia vienu metu sukurti daug burbul\u0173, tod\u0117l atrodo\u00a0\u012fsp\u016bdingai!<br \/>\n \tLED ap\u0161vietimas\u00a0\u2013 integruotas LED ap\u0161vietimas suteikia burbulams\u00a0gra\u017e\u0173 ap\u0161vietimo efekt\u0105\u00a0, daro juos patrauklius ir sukuria magi\u0161k\u0105 atmosfer\u0105.<br \/>\n \t\u00a0Efektyvus mechanizmas \u2013\u00a0d\u0117l savo efektyvios konstrukcijos pistoletas tolygiai i\u0161leid\u017eia burbul\u0173 skyst\u012f per visas skylutes, o tai u\u017etikrina \u012fsp\u016bding\u0105 burbuliuk\u0173 poveik\u012f ore.<br \/>\n \tLengva naudoti ir u\u017etaisyti \u2013\u00a0ergonomi\u0161ka ginklo rankena u\u017etikrina patog\u0173 laikym\u0105 ir tiksl\u0173 taikym\u0105. Tiesiog pripildykite ind\u0105 skys\u010diu ir paspauskite gaiduk\u0105, kad prad\u0117tum\u0117te burbul\u0173 pasirodym\u0105.<br \/>\n \tPatogus skystas pagalv\u0117l\u0117<\/p>\n<p>\u012e kain\u0105 \u012fskai\u010diuota:<\/p>\n<p> \t\u017davingas ginklas muilo burbulams gaminti<br \/>\n \t1 skys\u010dio padas<br \/>\n \t2 indeliai su taurinimo skys\u010diu<br \/>\n \t\u012ekrovimo laidas<br \/>\n \tBaterija<br \/>\n \tDangtis su 91 skyle<\/p>","protected":false},"excerpt":{"rendered":"<p>WOOPIE\u00a0\u00a0ginklo formos\u00a0burbul\u0173 ma\u0161in\u0117l\u0117\u00a0yra puikus \u017eaislas vaikams.\u00a0D\u0117l\u00a091 skyl\u0117s\u00a0i\u0161siskiriantys burbuliukai \u0161audomi\u00a0auk\u0161tu da\u017eniu\u00a0. Muilo burbulai yra\u00a0\u00a0m\u0117gstamiausias\u00a0\u00a0ma\u017e\u0173 ir dideli\u0173 vaik\u0173 \u017eaidimas. Muilo burbul\u0173 pistoletas<\/p>","protected":false},"featured_media":56373,"template":"","meta":{"_acf_changed":false,"_glsr_average":0,"_glsr_ranking":0,"_glsr_reviews":0},"product_brand":[],"product_cat":[233,430],"product_tag":[],"class_list":{"0":"post-89802","1":"product","2":"type-product","3":"status-publish","4":"has-post-thumbnail","6":"product_cat-lauko-pramogos","7":"product_cat-zaidimai-ir-linksmybes","8":"\"style=\"background-color: #2ecc711c;\"","10":"first","11":"instock","12":"purchasable","13":"product-type-simple"},"acf":[],"yoast_head":"<!-- This site is optimized with the Yoast SEO plugin v27.4 - https:\/\/yoast.com\/product\/yoast-seo-wordpress\/ -->\n<title>burbulinis pistoletas 91 skyli\u0173 m\u0117lynas<\/title>\n<meta name=\"description\" content=\"burbulinis pistoletas 91 skyli\u0173 m\u0117lynas - KidsPlay. Did\u017eiausias vaik\u0173 \u017eaisl\u0173 pasirinkimas.\" \/>\n<meta name=\"robots\" content=\"index, follow, max-snippet:-1, max-image-preview:large, max-video-preview:-1\" \/>\n<link rel=\"canonical\" href=\"https:\/\/kidsplay.lt\/lv\/products\/burbulinis-pistoletas-91-skyliu-melynas\/\" \/>\n<meta property=\"og:locale\" content=\"lv_LV\" \/>\n<meta property=\"og:type\" content=\"article\" \/>\n<meta property=\"og:title\" content=\"burbulinis pistoletas 91 skyli\u0173 m\u0117lynas\" \/>\n<meta property=\"og:description\" content=\"burbulinis pistoletas 91 skyli\u0173 m\u0117lynas - KidsPlay. Did\u017eiausias vaik\u0173 \u017eaisl\u0173 pasirinkimas.\" \/>\n<meta property=\"og:url\" content=\"https:\/\/kidsplay.lt\/lv\/products\/burbulinis-pistoletas-91-skyliu-melynas\/\" \/>\n<meta property=\"og:site_name\" content=\"KidsPlay\" \/>\n<meta property=\"article:publisher\" content=\"https:\/\/www.facebook.com\/www.kidsplay.lt\" \/>\n<meta property=\"article:modified_time\" content=\"2026-04-13T12:07:43+00:00\" \/>\n<meta property=\"og:image\" content=\"https:\/\/kidsplay.lt\/wp-content\/uploads\/2024\/09\/burbulinis-pistoletas-91-skyliu-melynas.jpg\" \/>\n\t<meta property=\"og:image:width\" content=\"2560\" \/>\n\t<meta property=\"og:image:height\" content=\"2560\" \/>\n\t<meta property=\"og:image:type\" content=\"image\/jpeg\" \/>\n<meta name=\"twitter:card\" content=\"summary_large_image\" \/>\n<meta name=\"twitter:label1\" content=\"Est. reading time\" \/>\n\t<meta name=\"twitter:data1\" content=\"1 min\u016bte\" \/>\n<script type=\"application\/ld+json\" class=\"yoast-schema-graph\">{\"@context\":\"https:\\\/\\\/schema.org\",\"@graph\":[{\"@type\":\"WebPage\",\"@id\":\"https:\\\/\\\/kidsplay.lt\\\/produktas\\\/burbulinis-pistoletas-91-skyliu-melynas\\\/\",\"url\":\"https:\\\/\\\/kidsplay.lt\\\/produktas\\\/burbulinis-pistoletas-91-skyliu-melynas\\\/\",\"name\":\"burbulinis pistoletas 91 skyli\u0173 m\u0117lynas\",\"isPartOf\":{\"@id\":\"https:\\\/\\\/kidsplay.lt\\\/#website\"},\"primaryImageOfPage\":{\"@id\":\"https:\\\/\\\/kidsplay.lt\\\/produktas\\\/burbulinis-pistoletas-91-skyliu-melynas\\\/#primaryimage\"},\"image\":{\"@id\":\"https:\\\/\\\/kidsplay.lt\\\/produktas\\\/burbulinis-pistoletas-91-skyliu-melynas\\\/#primaryimage\"},\"thumbnailUrl\":\"https:\\\/\\\/kidsplay.lt\\\/wp-content\\\/uploads\\\/2024\\\/09\\\/burbulinis-pistoletas-91-skyliu-melynas.jpg\",\"datePublished\":\"2026-02-26T07:30:50+00:00\",\"dateModified\":\"2026-04-13T12:07:43+00:00\",\"description\":\"burbulinis pistoletas 91 skyli\u0173 m\u0117lynas - KidsPlay. Did\u017eiausias vaik\u0173 \u017eaisl\u0173 pasirinkimas.\",\"breadcrumb\":{\"@id\":\"https:\\\/\\\/kidsplay.lt\\\/produktas\\\/burbulinis-pistoletas-91-skyliu-melynas\\\/#breadcrumb\"},\"inLanguage\":\"lv-LV\",\"potentialAction\":[{\"@type\":\"ReadAction\",\"target\":[\"https:\\\/\\\/kidsplay.lt\\\/produktas\\\/burbulinis-pistoletas-91-skyliu-melynas\\\/\"]}]},{\"@type\":\"ImageObject\",\"inLanguage\":\"lv-LV\",\"@id\":\"https:\\\/\\\/kidsplay.lt\\\/produktas\\\/burbulinis-pistoletas-91-skyliu-melynas\\\/#primaryimage\",\"url\":\"https:\\\/\\\/kidsplay.lt\\\/wp-content\\\/uploads\\\/2024\\\/09\\\/burbulinis-pistoletas-91-skyliu-melynas.jpg\",\"contentUrl\":\"https:\\\/\\\/kidsplay.lt\\\/wp-content\\\/uploads\\\/2024\\\/09\\\/burbulinis-pistoletas-91-skyliu-melynas.jpg\",\"width\":2560,\"height\":2560,\"caption\":\"burbulinis pistoletas 91 skyli\u0173 m\u0117lynas\"},{\"@type\":\"BreadcrumbList\",\"@id\":\"https:\\\/\\\/kidsplay.lt\\\/produktas\\\/burbulinis-pistoletas-91-skyliu-melynas\\\/#breadcrumb\",\"itemListElement\":[{\"@type\":\"ListItem\",\"position\":1,\"name\":\"Pagrindinis\",\"item\":\"https:\\\/\\\/kidsplay.lt\\\/\"},{\"@type\":\"ListItem\",\"position\":2,\"name\":\"Parduotuv\u0117\",\"item\":\"https:\\\/\\\/kidsplay.lt\\\/parduotuve\\\/\"},{\"@type\":\"ListItem\",\"position\":3,\"name\":\"burbulinis pistoletas 91 skyli\u0173 m\u0117lynas\"}]},{\"@type\":\"WebSite\",\"@id\":\"https:\\\/\\\/kidsplay.lt\\\/#website\",\"url\":\"https:\\\/\\\/kidsplay.lt\\\/\",\"name\":\"Kidsplay.lt\",\"description\":\"\u012evairios prek\u0117s vaikams\",\"publisher\":{\"@id\":\"https:\\\/\\\/kidsplay.lt\\\/#organization\"},\"alternateName\":\"Kidsplay\",\"potentialAction\":[{\"@type\":\"SearchAction\",\"target\":{\"@type\":\"EntryPoint\",\"urlTemplate\":\"https:\\\/\\\/kidsplay.lt\\\/?s={search_term_string}\"},\"query-input\":{\"@type\":\"PropertyValueSpecification\",\"valueRequired\":true,\"valueName\":\"search_term_string\"}}],\"inLanguage\":\"lv-LV\"},{\"@type\":\"Organization\",\"@id\":\"https:\\\/\\\/kidsplay.lt\\\/#organization\",\"name\":\"KidsPlay\",\"url\":\"https:\\\/\\\/kidsplay.lt\\\/\",\"logo\":{\"@type\":\"ImageObject\",\"inLanguage\":\"lv-LV\",\"@id\":\"https:\\\/\\\/kidsplay.lt\\\/#\\\/schema\\\/logo\\\/image\\\/\",\"url\":\"https:\\\/\\\/kidsplay.lt\\\/wp-content\\\/uploads\\\/2023\\\/07\\\/kidsplay-logo.png\",\"contentUrl\":\"https:\\\/\\\/kidsplay.lt\\\/wp-content\\\/uploads\\\/2023\\\/07\\\/kidsplay-logo.png\",\"width\":451,\"height\":98,\"caption\":\"KidsPlay\"},\"image\":{\"@id\":\"https:\\\/\\\/kidsplay.lt\\\/#\\\/schema\\\/logo\\\/image\\\/\"},\"sameAs\":[\"https:\\\/\\\/www.facebook.com\\\/www.kidsplay.lt\"]}]}<\/script>\n<!-- \/ Yoast SEO plugin. -->","yoast_head_json":{"title":"burbu\u013cu pistole 91 caurums zila","description":"burbulinis pistoletas 91 skyli\u0173 m\u0117lynas - KidsPlay. Did\u017eiausias vaik\u0173 \u017eaisl\u0173 pasirinkimas.","robots":{"index":"index","follow":"follow","max-snippet":"max-snippet:-1","max-image-preview":"max-image-preview:large","max-video-preview":"max-video-preview:-1"},"canonical":"https:\/\/kidsplay.lt\/lv\/products\/burbulinis-pistoletas-91-skyliu-melynas\/","og_locale":"lv_LV","og_type":"article","og_title":"burbulinis pistoletas 91 skyli\u0173 m\u0117lynas","og_description":"burbulinis pistoletas 91 skyli\u0173 m\u0117lynas - KidsPlay. Did\u017eiausias vaik\u0173 \u017eaisl\u0173 pasirinkimas.","og_url":"https:\/\/kidsplay.lt\/lv\/products\/burbulinis-pistoletas-91-skyliu-melynas\/","og_site_name":"KidsPlay","article_publisher":"https:\/\/www.facebook.com\/www.kidsplay.lt","article_modified_time":"2026-04-13T12:07:43+00:00","og_image":[{"width":2560,"height":2560,"url":"https:\/\/kidsplay.lt\/wp-content\/uploads\/2024\/09\/burbulinis-pistoletas-91-skyliu-melynas.jpg","type":"image\/jpeg"}],"twitter_card":"summary_large_image","twitter_misc":{"Est. reading time":"1 min\u016bte"},"schema":{"@context":"https:\/\/schema.org","@graph":[{"@type":"WebPage","@id":"https:\/\/kidsplay.lt\/produktas\/burbulinis-pistoletas-91-skyliu-melynas\/","url":"https:\/\/kidsplay.lt\/produktas\/burbulinis-pistoletas-91-skyliu-melynas\/","name":"burbu\u013cu pistole 91 caurums zila","isPartOf":{"@id":"https:\/\/kidsplay.lt\/#website"},"primaryImageOfPage":{"@id":"https:\/\/kidsplay.lt\/produktas\/burbulinis-pistoletas-91-skyliu-melynas\/#primaryimage"},"image":{"@id":"https:\/\/kidsplay.lt\/produktas\/burbulinis-pistoletas-91-skyliu-melynas\/#primaryimage"},"thumbnailUrl":"https:\/\/kidsplay.lt\/wp-content\/uploads\/2024\/09\/burbulinis-pistoletas-91-skyliu-melynas.jpg","datePublished":"2026-02-26T07:30:50+00:00","dateModified":"2026-04-13T12:07:43+00:00","description":"burbulinis pistoletas 91 skyli\u0173 m\u0117lynas - KidsPlay. Did\u017eiausias vaik\u0173 \u017eaisl\u0173 pasirinkimas.","breadcrumb":{"@id":"https:\/\/kidsplay.lt\/produktas\/burbulinis-pistoletas-91-skyliu-melynas\/#breadcrumb"},"inLanguage":"lv-LV","potentialAction":[{"@type":"ReadAction","target":["https:\/\/kidsplay.lt\/produktas\/burbulinis-pistoletas-91-skyliu-melynas\/"]}]},{"@type":"ImageObject","inLanguage":"lv-LV","@id":"https:\/\/kidsplay.lt\/produktas\/burbulinis-pistoletas-91-skyliu-melynas\/#primaryimage","url":"https:\/\/kidsplay.lt\/wp-content\/uploads\/2024\/09\/burbulinis-pistoletas-91-skyliu-melynas.jpg","contentUrl":"https:\/\/kidsplay.lt\/wp-content\/uploads\/2024\/09\/burbulinis-pistoletas-91-skyliu-melynas.jpg","width":2560,"height":2560,"caption":"burbulinis pistoletas 91 skyli\u0173 m\u0117lynas"},{"@type":"BreadcrumbList","@id":"https:\/\/kidsplay.lt\/produktas\/burbulinis-pistoletas-91-skyliu-melynas\/#breadcrumb","itemListElement":[{"@type":"ListItem","position":1,"name":"Pagrindinis","item":"https:\/\/kidsplay.lt\/"},{"@type":"ListItem","position":2,"name":"Parduotuv\u0117","item":"https:\/\/kidsplay.lt\/parduotuve\/"},{"@type":"ListItem","position":3,"name":"burbulinis pistoletas 91 skyli\u0173 m\u0117lynas"}]},{"@type":"WebSite","@id":"https:\/\/kidsplay.lt\/#website","url":"https:\/\/kidsplay.lt\/","name":"B\u0113rnu sp\u0113les.lv","description":"\u012evairios prek\u0117s vaikams","publisher":{"@id":"https:\/\/kidsplay.lt\/#organization"},"alternateName":"Kidsplay","potentialAction":[{"@type":"SearchAction","target":{"@type":"EntryPoint","urlTemplate":"https:\/\/kidsplay.lt\/?s={search_term_string}"},"query-input":{"@type":"PropertyValueSpecification","valueRequired":true,"valueName":"search_term_string"}}],"inLanguage":"lv-LV"},{"@type":"Organization","@id":"https:\/\/kidsplay.lt\/#organization","name":"B\u0113rnu sp\u0113le","url":"https:\/\/kidsplay.lt\/","logo":{"@type":"ImageObject","inLanguage":"lv-LV","@id":"https:\/\/kidsplay.lt\/#\/schema\/logo\/image\/","url":"https:\/\/kidsplay.lt\/wp-content\/uploads\/2023\/07\/kidsplay-logo.png","contentUrl":"https:\/\/kidsplay.lt\/wp-content\/uploads\/2023\/07\/kidsplay-logo.png","width":451,"height":98,"caption":"KidsPlay"},"image":{"@id":"https:\/\/kidsplay.lt\/#\/schema\/logo\/image\/"},"sameAs":["https:\/\/www.facebook.com\/www.kidsplay.lt"]}]}},"_links":{"self":[{"href":"https:\/\/kidsplay.lt\/lv\/wp-json\/wp\/v2\/product\/89802","targetHints":{"allow":["GET"]}}],"collection":[{"href":"https:\/\/kidsplay.lt\/lv\/wp-json\/wp\/v2\/product"}],"about":[{"href":"https:\/\/kidsplay.lt\/lv\/wp-json\/wp\/v2\/types\/product"}],"version-history":[{"count":1,"href":"https:\/\/kidsplay.lt\/lv\/wp-json\/wp\/v2\/product\/89802\/revisions"}],"predecessor-version":[{"id":89803,"href":"https:\/\/kidsplay.lt\/lv\/wp-json\/wp\/v2\/product\/89802\/revisions\/89803"}],"wp:featuredmedia":[{"embeddable":true,"href":"https:\/\/kidsplay.lt\/lv\/wp-json\/wp\/v2\/media\/56373"}],"wp:attachment":[{"href":"https:\/\/kidsplay.lt\/lv\/wp-json\/wp\/v2\/media?parent=89802"}],"wp:term":[{"taxonomy":"product_brand","embeddable":true,"href":"https:\/\/kidsplay.lt\/lv\/wp-json\/wp\/v2\/product_brand?post=89802"},{"taxonomy":"product_cat","embeddable":true,"href":"https:\/\/kidsplay.lt\/lv\/wp-json\/wp\/v2\/product_cat?post=89802"},{"taxonomy":"product_tag","embeddable":true,"href":"https:\/\/kidsplay.lt\/lv\/wp-json\/wp\/v2\/product_tag?post=89802"}],"curies":[{"name":"wp","href":"https:\/\/api.w.org\/{rel}","templated":true}]}}