{"id":89804,"date":"2026-02-26T09:30:53","date_gmt":"2026-02-26T07:30:53","guid":{"rendered":"https:\/\/kidsplay.lt\/produktas\/woopie-vandens-raketa-vandens-zaislas-sodui\/"},"modified":"2026-04-13T15:07:47","modified_gmt":"2026-04-13T12:07:47","slug":"woopie-vandens-raketa-vandens-zaislas-sodui","status":"publish","type":"product","link":"https:\/\/kidsplay.lt\/lv\/products\/woopie-vandens-raketa-vandens-zaislas-sodui\/","title":{"rendered":"WOOPIE \u016bdens ra\u0137ete - \u016bdens rota\u013clieta d\u0101rzam"},"content":{"rendered":"<p>WOOPIE\u00a0vandens raket\u0173 rinkinys\u00a0yra \u017eaislas, skirtas ma\u017eiems vaikams, suteikiantis daug d\u017eiaugsmo ir malonumo aktyvios veiklos\u00a0lauke\u00a0metu , ypa\u010d vasaros dienomis. Vaikai gali lenktyniauti tarpusavyje, bandydami pakelti savo raketas kuo auk\u0161\u010diau, arba tiesiog m\u0117gautis linksmyb\u0117mis ir var\u017eybomis, kad pamatyt\u0173, kas gali i\u0161\u0161auti auk\u0161\u010diausiai. \u0160is \u017eaislas lavina\u00a0vaik\u0173\u00a0miklum\u0105\u00a0ir\u00a0motorin\u0119 koordinacij\u0105,\u00a0kartu suteikdamas jiems aktyvi\u0173 pramog\u0173 lauke. Be to, vandens raketa gali b\u016bti puikus \u017eaislas socialinei integracijai, nes ji skatina vaikus \u017eaisti kartu ir var\u017eytis, puosel\u0117jant santykius ir draugyst\u0119.<\/p>\n<p>Rakstur\u012bgs:<\/p>\n<p> \t\u017daislas\u00a0nuo 8 met\u0173 am\u017eiaus<br \/>\n \tLengva naudoti<br \/>\n \t\u0160audo vandens srov\u0119<br \/>\n \tPatvari konstrukcija<br \/>\n \tBako pildymas per \u017earn\u0105<\/p>","protected":false},"excerpt":{"rendered":"<p>WOOPIE\u00a0vandens raket\u0173 rinkinys\u00a0yra \u017eaislas, skirtas ma\u017eiems vaikams, suteikiantis daug d\u017eiaugsmo ir malonumo aktyvios veiklos\u00a0lauke\u00a0metu , ypa\u010d vasaros dienomis. Vaikai gali<\/p>","protected":false},"featured_media":67326,"template":"","meta":{"_acf_changed":false,"_glsr_average":0,"_glsr_ranking":0,"_glsr_reviews":0},"product_brand":[],"product_cat":[233,430],"product_tag":[],"class_list":{"0":"post-89804","1":"product","2":"type-product","3":"status-publish","4":"has-post-thumbnail","6":"product_cat-lauko-pramogos","7":"product_cat-zaidimai-ir-linksmybes","8":"\"style=\"background-color: #2ecc711c;\"","10":"first","11":"instock","12":"purchasable","13":"product-type-simple"},"acf":[],"yoast_head":"<!-- This site is optimized with the Yoast SEO plugin v27.3 - https:\/\/yoast.com\/product\/yoast-seo-wordpress\/ -->\n<title>\ufeff WOOPIE vandens raketa vandens \u017eaislas sodui<\/title>\n<meta name=\"description\" content=\"\ufeff WOOPIE vandens raketa vandens \u017eaislas sodui - KidsPlay. Did\u017eiausias vaik\u0173 \u017eaisl\u0173 pasirinkimas.\" \/>\n<meta name=\"robots\" content=\"index, follow, max-snippet:-1, max-image-preview:large, max-video-preview:-1\" \/>\n<link rel=\"canonical\" href=\"https:\/\/kidsplay.lt\/lv\/products\/woopie-vandens-raketa-vandens-zaislas-sodui\/\" \/>\n<meta property=\"og:locale\" content=\"lv_LV\" \/>\n<meta property=\"og:type\" content=\"article\" \/>\n<meta property=\"og:title\" content=\"\ufeff WOOPIE vandens raketa vandens \u017eaislas sodui\" \/>\n<meta property=\"og:description\" content=\"\ufeff WOOPIE vandens raketa vandens \u017eaislas sodui - KidsPlay. Did\u017eiausias vaik\u0173 \u017eaisl\u0173 pasirinkimas.\" \/>\n<meta property=\"og:url\" content=\"https:\/\/kidsplay.lt\/lv\/products\/woopie-vandens-raketa-vandens-zaislas-sodui\/\" \/>\n<meta property=\"og:site_name\" content=\"KidsPlay\" \/>\n<meta property=\"article:publisher\" content=\"https:\/\/www.facebook.com\/www.kidsplay.lt\" \/>\n<meta property=\"article:modified_time\" content=\"2026-04-13T12:07:47+00:00\" \/>\n<meta property=\"og:image\" content=\"https:\/\/kidsplay.lt\/wp-content\/uploads\/2025\/09\/\ufeff-WOOPIE-vandens-raketa-vandens-zaislas-sodui.jpg\" \/>\n\t<meta property=\"og:image:width\" content=\"2560\" \/>\n\t<meta property=\"og:image:height\" content=\"2560\" \/>\n\t<meta property=\"og:image:type\" content=\"image\/jpeg\" \/>\n<meta name=\"twitter:card\" content=\"summary_large_image\" \/>\n<meta name=\"twitter:label1\" content=\"Est. reading time\" \/>\n\t<meta name=\"twitter:data1\" content=\"1 min\u016bte\" \/>\n<script type=\"application\/ld+json\" class=\"yoast-schema-graph\">{\"@context\":\"https:\\\/\\\/schema.org\",\"@graph\":[{\"@type\":\"WebPage\",\"@id\":\"https:\\\/\\\/kidsplay.lt\\\/produktas\\\/woopie-vandens-raketa-vandens-zaislas-sodui\\\/\",\"url\":\"https:\\\/\\\/kidsplay.lt\\\/produktas\\\/woopie-vandens-raketa-vandens-zaislas-sodui\\\/\",\"name\":\"\ufeff WOOPIE vandens raketa vandens \u017eaislas sodui\",\"isPartOf\":{\"@id\":\"https:\\\/\\\/kidsplay.lt\\\/#website\"},\"primaryImageOfPage\":{\"@id\":\"https:\\\/\\\/kidsplay.lt\\\/produktas\\\/woopie-vandens-raketa-vandens-zaislas-sodui\\\/#primaryimage\"},\"image\":{\"@id\":\"https:\\\/\\\/kidsplay.lt\\\/produktas\\\/woopie-vandens-raketa-vandens-zaislas-sodui\\\/#primaryimage\"},\"thumbnailUrl\":\"https:\\\/\\\/kidsplay.lt\\\/wp-content\\\/uploads\\\/2025\\\/09\\\/\ufeff-WOOPIE-vandens-raketa-vandens-zaislas-sodui.jpg\",\"datePublished\":\"2026-02-26T07:30:53+00:00\",\"dateModified\":\"2026-04-13T12:07:47+00:00\",\"description\":\"\ufeff WOOPIE vandens raketa vandens \u017eaislas sodui - KidsPlay. Did\u017eiausias vaik\u0173 \u017eaisl\u0173 pasirinkimas.\",\"breadcrumb\":{\"@id\":\"https:\\\/\\\/kidsplay.lt\\\/produktas\\\/woopie-vandens-raketa-vandens-zaislas-sodui\\\/#breadcrumb\"},\"inLanguage\":\"lv-LV\",\"potentialAction\":[{\"@type\":\"ReadAction\",\"target\":[\"https:\\\/\\\/kidsplay.lt\\\/produktas\\\/woopie-vandens-raketa-vandens-zaislas-sodui\\\/\"]}]},{\"@type\":\"ImageObject\",\"inLanguage\":\"lv-LV\",\"@id\":\"https:\\\/\\\/kidsplay.lt\\\/produktas\\\/woopie-vandens-raketa-vandens-zaislas-sodui\\\/#primaryimage\",\"url\":\"https:\\\/\\\/kidsplay.lt\\\/wp-content\\\/uploads\\\/2025\\\/09\\\/\ufeff-WOOPIE-vandens-raketa-vandens-zaislas-sodui.jpg\",\"contentUrl\":\"https:\\\/\\\/kidsplay.lt\\\/wp-content\\\/uploads\\\/2025\\\/09\\\/\ufeff-WOOPIE-vandens-raketa-vandens-zaislas-sodui.jpg\",\"width\":2560,\"height\":2560,\"caption\":\"\ufeff WOOPIE vandens raketa vandens \u017eaislas sodui\"},{\"@type\":\"BreadcrumbList\",\"@id\":\"https:\\\/\\\/kidsplay.lt\\\/produktas\\\/woopie-vandens-raketa-vandens-zaislas-sodui\\\/#breadcrumb\",\"itemListElement\":[{\"@type\":\"ListItem\",\"position\":1,\"name\":\"Pagrindinis\",\"item\":\"https:\\\/\\\/kidsplay.lt\\\/\"},{\"@type\":\"ListItem\",\"position\":2,\"name\":\"Parduotuv\u0117\",\"item\":\"https:\\\/\\\/kidsplay.lt\\\/parduotuve\\\/\"},{\"@type\":\"ListItem\",\"position\":3,\"name\":\"\ufeff WOOPIE vandens raketa vandens \u017eaislas sodui\"}]},{\"@type\":\"WebSite\",\"@id\":\"https:\\\/\\\/kidsplay.lt\\\/#website\",\"url\":\"https:\\\/\\\/kidsplay.lt\\\/\",\"name\":\"Kidsplay.lt\",\"description\":\"\u012evairios prek\u0117s vaikams\",\"publisher\":{\"@id\":\"https:\\\/\\\/kidsplay.lt\\\/#organization\"},\"alternateName\":\"Kidsplay\",\"potentialAction\":[{\"@type\":\"SearchAction\",\"target\":{\"@type\":\"EntryPoint\",\"urlTemplate\":\"https:\\\/\\\/kidsplay.lt\\\/?s={search_term_string}\"},\"query-input\":{\"@type\":\"PropertyValueSpecification\",\"valueRequired\":true,\"valueName\":\"search_term_string\"}}],\"inLanguage\":\"lv-LV\"},{\"@type\":\"Organization\",\"@id\":\"https:\\\/\\\/kidsplay.lt\\\/#organization\",\"name\":\"KidsPlay\",\"url\":\"https:\\\/\\\/kidsplay.lt\\\/\",\"logo\":{\"@type\":\"ImageObject\",\"inLanguage\":\"lv-LV\",\"@id\":\"https:\\\/\\\/kidsplay.lt\\\/#\\\/schema\\\/logo\\\/image\\\/\",\"url\":\"https:\\\/\\\/kidsplay.lt\\\/wp-content\\\/uploads\\\/2023\\\/07\\\/kidsplay-logo.png\",\"contentUrl\":\"https:\\\/\\\/kidsplay.lt\\\/wp-content\\\/uploads\\\/2023\\\/07\\\/kidsplay-logo.png\",\"width\":451,\"height\":98,\"caption\":\"KidsPlay\"},\"image\":{\"@id\":\"https:\\\/\\\/kidsplay.lt\\\/#\\\/schema\\\/logo\\\/image\\\/\"},\"sameAs\":[\"https:\\\/\\\/www.facebook.com\\\/www.kidsplay.lt\"]}]}<\/script>\n<!-- \/ Yoast SEO plugin. -->","yoast_head_json":{"title":"WOOPIE \u016bdens ra\u0137ete - \u016bdens rota\u013clieta d\u0101rzam","description":"\ufeff WOOPIE vandens raketa vandens \u017eaislas sodui - KidsPlay. Did\u017eiausias vaik\u0173 \u017eaisl\u0173 pasirinkimas.","robots":{"index":"index","follow":"follow","max-snippet":"max-snippet:-1","max-image-preview":"max-image-preview:large","max-video-preview":"max-video-preview:-1"},"canonical":"https:\/\/kidsplay.lt\/lv\/products\/woopie-vandens-raketa-vandens-zaislas-sodui\/","og_locale":"lv_LV","og_type":"article","og_title":"\ufeff WOOPIE vandens raketa vandens \u017eaislas sodui","og_description":"\ufeff WOOPIE vandens raketa vandens \u017eaislas sodui - KidsPlay. Did\u017eiausias vaik\u0173 \u017eaisl\u0173 pasirinkimas.","og_url":"https:\/\/kidsplay.lt\/lv\/products\/woopie-vandens-raketa-vandens-zaislas-sodui\/","og_site_name":"KidsPlay","article_publisher":"https:\/\/www.facebook.com\/www.kidsplay.lt","article_modified_time":"2026-04-13T12:07:47+00:00","og_image":[{"width":2560,"height":2560,"url":"https:\/\/kidsplay.lt\/wp-content\/uploads\/2025\/09\/\ufeff-WOOPIE-vandens-raketa-vandens-zaislas-sodui.jpg","type":"image\/jpeg"}],"twitter_card":"summary_large_image","twitter_misc":{"Est. reading time":"1 min\u016bte"},"schema":{"@context":"https:\/\/schema.org","@graph":[{"@type":"WebPage","@id":"https:\/\/kidsplay.lt\/produktas\/woopie-vandens-raketa-vandens-zaislas-sodui\/","url":"https:\/\/kidsplay.lt\/produktas\/woopie-vandens-raketa-vandens-zaislas-sodui\/","name":"WOOPIE \u016bdens ra\u0137ete - \u016bdens rota\u013clieta d\u0101rzam","isPartOf":{"@id":"https:\/\/kidsplay.lt\/#website"},"primaryImageOfPage":{"@id":"https:\/\/kidsplay.lt\/produktas\/woopie-vandens-raketa-vandens-zaislas-sodui\/#primaryimage"},"image":{"@id":"https:\/\/kidsplay.lt\/produktas\/woopie-vandens-raketa-vandens-zaislas-sodui\/#primaryimage"},"thumbnailUrl":"https:\/\/kidsplay.lt\/wp-content\/uploads\/2025\/09\/\ufeff-WOOPIE-vandens-raketa-vandens-zaislas-sodui.jpg","datePublished":"2026-02-26T07:30:53+00:00","dateModified":"2026-04-13T12:07:47+00:00","description":"\ufeff WOOPIE vandens raketa vandens \u017eaislas sodui - KidsPlay. Did\u017eiausias vaik\u0173 \u017eaisl\u0173 pasirinkimas.","breadcrumb":{"@id":"https:\/\/kidsplay.lt\/produktas\/woopie-vandens-raketa-vandens-zaislas-sodui\/#breadcrumb"},"inLanguage":"lv-LV","potentialAction":[{"@type":"ReadAction","target":["https:\/\/kidsplay.lt\/produktas\/woopie-vandens-raketa-vandens-zaislas-sodui\/"]}]},{"@type":"ImageObject","inLanguage":"lv-LV","@id":"https:\/\/kidsplay.lt\/produktas\/woopie-vandens-raketa-vandens-zaislas-sodui\/#primaryimage","url":"https:\/\/kidsplay.lt\/wp-content\/uploads\/2025\/09\/\ufeff-WOOPIE-vandens-raketa-vandens-zaislas-sodui.jpg","contentUrl":"https:\/\/kidsplay.lt\/wp-content\/uploads\/2025\/09\/\ufeff-WOOPIE-vandens-raketa-vandens-zaislas-sodui.jpg","width":2560,"height":2560,"caption":"\ufeff WOOPIE vandens raketa vandens \u017eaislas sodui"},{"@type":"BreadcrumbList","@id":"https:\/\/kidsplay.lt\/produktas\/woopie-vandens-raketa-vandens-zaislas-sodui\/#breadcrumb","itemListElement":[{"@type":"ListItem","position":1,"name":"Pagrindinis","item":"https:\/\/kidsplay.lt\/"},{"@type":"ListItem","position":2,"name":"Parduotuv\u0117","item":"https:\/\/kidsplay.lt\/parduotuve\/"},{"@type":"ListItem","position":3,"name":"\ufeff WOOPIE vandens raketa vandens \u017eaislas sodui"}]},{"@type":"WebSite","@id":"https:\/\/kidsplay.lt\/#website","url":"https:\/\/kidsplay.lt\/","name":"B\u0113rnu sp\u0113les.lv","description":"\u012evairios prek\u0117s vaikams","publisher":{"@id":"https:\/\/kidsplay.lt\/#organization"},"alternateName":"Kidsplay","potentialAction":[{"@type":"SearchAction","target":{"@type":"EntryPoint","urlTemplate":"https:\/\/kidsplay.lt\/?s={search_term_string}"},"query-input":{"@type":"PropertyValueSpecification","valueRequired":true,"valueName":"search_term_string"}}],"inLanguage":"lv-LV"},{"@type":"Organization","@id":"https:\/\/kidsplay.lt\/#organization","name":"B\u0113rnu sp\u0113le","url":"https:\/\/kidsplay.lt\/","logo":{"@type":"ImageObject","inLanguage":"lv-LV","@id":"https:\/\/kidsplay.lt\/#\/schema\/logo\/image\/","url":"https:\/\/kidsplay.lt\/wp-content\/uploads\/2023\/07\/kidsplay-logo.png","contentUrl":"https:\/\/kidsplay.lt\/wp-content\/uploads\/2023\/07\/kidsplay-logo.png","width":451,"height":98,"caption":"KidsPlay"},"image":{"@id":"https:\/\/kidsplay.lt\/#\/schema\/logo\/image\/"},"sameAs":["https:\/\/www.facebook.com\/www.kidsplay.lt"]}]}},"_links":{"self":[{"href":"https:\/\/kidsplay.lt\/lv\/wp-json\/wp\/v2\/product\/89804","targetHints":{"allow":["GET"]}}],"collection":[{"href":"https:\/\/kidsplay.lt\/lv\/wp-json\/wp\/v2\/product"}],"about":[{"href":"https:\/\/kidsplay.lt\/lv\/wp-json\/wp\/v2\/types\/product"}],"version-history":[{"count":1,"href":"https:\/\/kidsplay.lt\/lv\/wp-json\/wp\/v2\/product\/89804\/revisions"}],"predecessor-version":[{"id":89805,"href":"https:\/\/kidsplay.lt\/lv\/wp-json\/wp\/v2\/product\/89804\/revisions\/89805"}],"wp:featuredmedia":[{"embeddable":true,"href":"https:\/\/kidsplay.lt\/lv\/wp-json\/wp\/v2\/media\/67326"}],"wp:attachment":[{"href":"https:\/\/kidsplay.lt\/lv\/wp-json\/wp\/v2\/media?parent=89804"}],"wp:term":[{"taxonomy":"product_brand","embeddable":true,"href":"https:\/\/kidsplay.lt\/lv\/wp-json\/wp\/v2\/product_brand?post=89804"},{"taxonomy":"product_cat","embeddable":true,"href":"https:\/\/kidsplay.lt\/lv\/wp-json\/wp\/v2\/product_cat?post=89804"},{"taxonomy":"product_tag","embeddable":true,"href":"https:\/\/kidsplay.lt\/lv\/wp-json\/wp\/v2\/product_tag?post=89804"}],"curies":[{"name":"wp","href":"https:\/\/api.w.org\/{rel}","templated":true}]}}