{"id":89816,"date":"2026-02-26T09:31:10","date_gmt":"2026-02-26T07:31:10","guid":{"rendered":"https:\/\/kidsplay.lt\/produktas\/woopie-sensorinis-kilimelis-ortopedine-delione-11-detaliu\/"},"modified":"2026-04-20T08:37:10","modified_gmt":"2026-04-20T05:37:10","slug":"woopie-sensorinis-kilimelis-ortopedine-delione-11-detaliu","status":"publish","type":"product","link":"https:\/\/kidsplay.lt\/lv\/products\/woopie-sensorinis-kilimelis-ortopedine-delione-11-detaliu\/","title":{"rendered":"WOOPIE sensorisk\u0101 pakl\u0101ji\u0146a ortop\u0113disk\u0101 puzle, 11 gabali"},"content":{"rendered":"<p>\u0160is sensorinis kilim\u0117lis,\u00a0rekomenduojamas\u00a0\u201eWoopie\u201c\u00a0prek\u0117s \u017eenklo, pasi\u017eymi puikiomis\u00a0ortopedin\u0117mis\u00a0savyb\u0117mis ir yra b\u016btinas\u00a0j\u016bs\u0173 ma\u017eylio vystymuisi. Jis taip pat gali b\u016bti\u00a0puikus\u00a0pasirinkimas\u00a0vaikams, kurie m\u0117gsta vaik\u0161\u010dioti\u00a0basomis\u00a0. Rinkin\u012f sudaro\u00a011 d\u0117lion\u0117s detali\u0173,\u00a0\u012fskaitant keturias ma\u017eesnes detales su \u012fvairiomis\u00a0kietomis\u00a0ir\u00a0mink\u0161tomis\u00a0strukt\u016bromis , kurios puikiai viena kit\u0105 papildo.<br \/>\nJ\u012f sudaro pavir\u0161iai\u00a0, kurie stiprina liemens raumenis\u00a0ir u\u017etikrina\u00a0pusiausvyr\u0105\u00a0bei\u00a0stabilum\u0105\u00a0treniruo\u010di\u0173 metu. Papildomas privalumas yra\u00a0\u010diurnos\u00a0ir\u00a0liemens raumen\u0173\u00a0stiprinimas , kurie padeda taisyklingai laikytis.\u00a0Rinkinys puikiai papildo kitus \u0161ios serijos rinkinius.<\/p>\n<p>Kilim\u0117lio naudojimas\u00a0stimuliuoja poj\u016b\u010dius\u00a0,\u00a0masa\u017euoja p\u0117das\u00a0ir\u00a0suma\u017eina\u00a0plok\u0161\u010diap\u0117dyst\u0117s\u00a0atsiradim\u0105\u00a0. Kilim\u0117liai taip pat veikia vaiko\u00a0sensorin\u0119 integracij\u0105\u00a0, arba\u00a0geb\u0117jim\u0105 jausti\u00a0ir\u00a0reaguoti\u00a0\u012f k\u016bno ir aplinkos teikiam\u0105 informacij\u0105.<\/p>\n<p>Kilim\u0117lis leid\u017eia j\u016bs\u0173 vaikui smagiai praleisti laik\u0105 atliekant iki\u00a019 pratim\u0173\u00a0(\u012fskaitant:\u00a0\u201esaul\u0117s pasveikinimas\u201c, \u201ema\u017eojo kareiv\u0117lio\u201c pratimas, \u201e\u0161okimas ant leten\u0117l\u0117s\u201c ir \u201ema\u017easis genijus\u201c\u00a0).<\/p>\n<p>Raksturojums:<\/p>\n<p> \t&#8211; sensorinis\u00a0,\u00a0ortopedinis\u00a0kilim\u0117lis ,\u00a0sulankstomas kaip\u00a0d\u0117lion\u0117<br \/>\n \t&#8211; kieti\u00a0ir\u00a0mink\u0161ti\u00a0pavir\u0161iai\u00a0su skirtingomis\u00a0funkcijomis\u00a0ir\u00a0strukt\u016bromis<br \/>\n \t&#8211;\u00a0sveikata\u00a0ir\u00a0pramogos<br \/>\n \t- b\u0113rniem, kuriem pat\u012bk staig\u0101t bas\u0101m k\u0101j\u0101m<\/p>\n<p>Privalumai ir funkcijos:<\/p>\n<p> \t&#8211;\u00a0stiprina k\u016bno \u0161erd\u012f\u00a0ir u\u017etikrina\u00a0pusiausvyr\u0105\u00a0bei\u00a0stabilum\u0105\u00a0treniruo\u010di\u0173 metu<br \/>\n \t&#8211;\u00a0stiprinti kulk\u0161nis\u00a0ir\u00a0vidinius raumenis\u00a0, kurie padeda i\u0161laikyti taisykling\u0105 laikysen\u0105<br \/>\n \t&#8211;\u00a0stimuliuoja poj\u016b\u010dius\u00a0,\u00a0masa\u017euoja p\u0117das\u00a0ir\u00a0ma\u017eina\u00a0plok\u0161\u010diap\u0117dyst\u0117s\u00a0atsiradim\u0105<br \/>\n \t&#8211; veikia vaiko\u00a0sensorin\u0119 integracij\u0105\u00a0, t. y.\u00a0geb\u0117jim\u0105 jausti\u00a0ir\u00a0reaguoti\u00a0\u012f k\u016bno ir aplinkos teikiam\u0105 informacij\u0105<\/p>\n<p>Elementi:<\/p>\n<p> \t&#8211; 1x\u00a0kietas\u00a0akmenukas<br \/>\n \t\u2013 1x m\u012bkstais apvalks<br \/>\n \t&#8211; 1x\u00a0mink\u0161tos\u00a0juostel\u0117s<br \/>\n \t&#8211; 1x\u00a0kieta\u00a0\u017eol\u0117<br \/>\n \t&#8211; 1x\u00a0kieta\u00a0pieva<br \/>\n \t&#8211; 1x\u00a0kietai virtas\u00a0kiau\u0161inis<br \/>\n \t&#8211; 1x\u00a0kietas med\u017eio\u00a0kamienas<br \/>\n \t&#8211; 1x kieta\u00a0\u017eol\u0117\u00a0(mini)<br \/>\n \t&#8211; 1x mink\u0161ta\u00a0pieva\u00a0(mini)<br \/>\n \t&#8211; 1x kieta\u00a0sraig\u0117\u00a0(mini)<br \/>\n \t&#8211; 1x mink\u0161ti\u00a0apvalkalai\u00a0(mini)<\/p>\n<p>\u0160is rinkinys puikiai papildo kitus \u0161ios serijos rinkinius.<br \/>\nRinkinius galima sujungti, kad b\u016bt\u0173 sukurti didesni pavir\u0161iai.<\/p>","protected":false},"excerpt":{"rendered":"<p>\u0160is sensorinis kilim\u0117lis,\u00a0rekomenduojamas\u00a0\u201eWoopie\u201c\u00a0prek\u0117s \u017eenklo, pasi\u017eymi puikiomis\u00a0ortopedin\u0117mis\u00a0savyb\u0117mis ir yra b\u016btinas\u00a0j\u016bs\u0173 ma\u017eylio vystymuisi. Jis taip pat gali b\u016bti\u00a0puikus\u00a0pasirinkimas\u00a0vaikams, kurie m\u0117gsta vaik\u0161\u010dioti\u00a0basomis\u00a0. Rinkin\u012f<\/p>","protected":false},"featured_media":62644,"template":"","meta":{"_acf_changed":false,"_glsr_average":0,"_glsr_ranking":0,"_glsr_reviews":0},"product_brand":[],"product_cat":[887],"product_tag":[],"class_list":{"0":"post-89816","1":"product","2":"type-product","3":"status-publish","4":"has-post-thumbnail","6":"product_cat-sensoriniai-kilimeliai-kudikiams","7":"\"style=\"background-color: #2ecc711c;\"","9":"first","10":"instock","11":"purchasable","12":"product-type-simple"},"acf":[],"yoast_head":"<!-- This site is optimized with the Yoast SEO plugin v27.4 - https:\/\/yoast.com\/product\/yoast-seo-wordpress\/ -->\n<title>WOOPIE sensorinis kilim\u0117lis ortopedin\u0117 d\u0117lion\u0117, 11 detali\u0173<\/title>\n<meta name=\"description\" content=\"WOOPIE sensorinis kilim\u0117lis ortopedin\u0117 d\u0117lion\u0117, 11 detali\u0173 - KidsPlay. Did\u017eiausias vaik\u0173 \u017eaisl\u0173 pasirinkimas.\" \/>\n<meta name=\"robots\" content=\"index, follow, max-snippet:-1, max-image-preview:large, max-video-preview:-1\" \/>\n<link rel=\"canonical\" href=\"https:\/\/kidsplay.lt\/lv\/products\/woopie-sensorinis-kilimelis-ortopedine-delione-11-detaliu\/\" \/>\n<meta property=\"og:locale\" content=\"lv_LV\" \/>\n<meta property=\"og:type\" content=\"article\" \/>\n<meta property=\"og:title\" content=\"WOOPIE sensorinis kilim\u0117lis ortopedin\u0117 d\u0117lion\u0117, 11 detali\u0173\" \/>\n<meta property=\"og:description\" content=\"WOOPIE sensorinis kilim\u0117lis ortopedin\u0117 d\u0117lion\u0117, 11 detali\u0173 - KidsPlay. Did\u017eiausias vaik\u0173 \u017eaisl\u0173 pasirinkimas.\" \/>\n<meta property=\"og:url\" content=\"https:\/\/kidsplay.lt\/lv\/products\/woopie-sensorinis-kilimelis-ortopedine-delione-11-detaliu\/\" \/>\n<meta property=\"og:site_name\" content=\"KidsPlay\" \/>\n<meta property=\"article:publisher\" content=\"https:\/\/www.facebook.com\/www.kidsplay.lt\" \/>\n<meta property=\"article:modified_time\" content=\"2026-04-20T05:37:10+00:00\" \/>\n<meta property=\"og:image\" content=\"https:\/\/kidsplay.lt\/wp-content\/uploads\/2025\/09\/WOOPIE-sensorinis-kilimelis-ortopedine-delione-11-detaliu.jpg\" \/>\n\t<meta property=\"og:image:width\" content=\"1332\" \/>\n\t<meta property=\"og:image:height\" content=\"1332\" \/>\n\t<meta property=\"og:image:type\" content=\"image\/jpeg\" \/>\n<meta name=\"twitter:card\" content=\"summary_large_image\" \/>\n<meta name=\"twitter:label1\" content=\"Est. reading time\" \/>\n\t<meta name=\"twitter:data1\" content=\"2 min\u016btes\" \/>\n<script type=\"application\/ld+json\" class=\"yoast-schema-graph\">{\"@context\":\"https:\\\/\\\/schema.org\",\"@graph\":[{\"@type\":\"WebPage\",\"@id\":\"https:\\\/\\\/kidsplay.lt\\\/produktas\\\/woopie-sensorinis-kilimelis-ortopedine-delione-11-detaliu\\\/\",\"url\":\"https:\\\/\\\/kidsplay.lt\\\/produktas\\\/woopie-sensorinis-kilimelis-ortopedine-delione-11-detaliu\\\/\",\"name\":\"WOOPIE sensorinis kilim\u0117lis ortopedin\u0117 d\u0117lion\u0117, 11 detali\u0173\",\"isPartOf\":{\"@id\":\"https:\\\/\\\/kidsplay.lt\\\/#website\"},\"primaryImageOfPage\":{\"@id\":\"https:\\\/\\\/kidsplay.lt\\\/produktas\\\/woopie-sensorinis-kilimelis-ortopedine-delione-11-detaliu\\\/#primaryimage\"},\"image\":{\"@id\":\"https:\\\/\\\/kidsplay.lt\\\/produktas\\\/woopie-sensorinis-kilimelis-ortopedine-delione-11-detaliu\\\/#primaryimage\"},\"thumbnailUrl\":\"https:\\\/\\\/kidsplay.lt\\\/wp-content\\\/uploads\\\/2025\\\/09\\\/WOOPIE-sensorinis-kilimelis-ortopedine-delione-11-detaliu.jpg\",\"datePublished\":\"2026-02-26T07:31:10+00:00\",\"dateModified\":\"2026-04-20T05:37:10+00:00\",\"description\":\"WOOPIE sensorinis kilim\u0117lis ortopedin\u0117 d\u0117lion\u0117, 11 detali\u0173 - KidsPlay. Did\u017eiausias vaik\u0173 \u017eaisl\u0173 pasirinkimas.\",\"breadcrumb\":{\"@id\":\"https:\\\/\\\/kidsplay.lt\\\/produktas\\\/woopie-sensorinis-kilimelis-ortopedine-delione-11-detaliu\\\/#breadcrumb\"},\"inLanguage\":\"lv-LV\",\"potentialAction\":[{\"@type\":\"ReadAction\",\"target\":[\"https:\\\/\\\/kidsplay.lt\\\/produktas\\\/woopie-sensorinis-kilimelis-ortopedine-delione-11-detaliu\\\/\"]}]},{\"@type\":\"ImageObject\",\"inLanguage\":\"lv-LV\",\"@id\":\"https:\\\/\\\/kidsplay.lt\\\/produktas\\\/woopie-sensorinis-kilimelis-ortopedine-delione-11-detaliu\\\/#primaryimage\",\"url\":\"https:\\\/\\\/kidsplay.lt\\\/wp-content\\\/uploads\\\/2025\\\/09\\\/WOOPIE-sensorinis-kilimelis-ortopedine-delione-11-detaliu.jpg\",\"contentUrl\":\"https:\\\/\\\/kidsplay.lt\\\/wp-content\\\/uploads\\\/2025\\\/09\\\/WOOPIE-sensorinis-kilimelis-ortopedine-delione-11-detaliu.jpg\",\"width\":1332,\"height\":1332,\"caption\":\"WOOPIE sensorinis kilim\u0117lis ortopedin\u0117 d\u0117lion\u0117\"},{\"@type\":\"BreadcrumbList\",\"@id\":\"https:\\\/\\\/kidsplay.lt\\\/produktas\\\/woopie-sensorinis-kilimelis-ortopedine-delione-11-detaliu\\\/#breadcrumb\",\"itemListElement\":[{\"@type\":\"ListItem\",\"position\":1,\"name\":\"Pagrindinis\",\"item\":\"https:\\\/\\\/kidsplay.lt\\\/\"},{\"@type\":\"ListItem\",\"position\":2,\"name\":\"Parduotuv\u0117\",\"item\":\"https:\\\/\\\/kidsplay.lt\\\/parduotuve\\\/\"},{\"@type\":\"ListItem\",\"position\":3,\"name\":\"WOOPIE sensorinis kilim\u0117lis ortopedin\u0117 d\u0117lion\u0117, 11 detali\u0173\"}]},{\"@type\":\"WebSite\",\"@id\":\"https:\\\/\\\/kidsplay.lt\\\/#website\",\"url\":\"https:\\\/\\\/kidsplay.lt\\\/\",\"name\":\"Kidsplay.lt\",\"description\":\"\u012evairios prek\u0117s vaikams\",\"publisher\":{\"@id\":\"https:\\\/\\\/kidsplay.lt\\\/#organization\"},\"alternateName\":\"Kidsplay\",\"potentialAction\":[{\"@type\":\"SearchAction\",\"target\":{\"@type\":\"EntryPoint\",\"urlTemplate\":\"https:\\\/\\\/kidsplay.lt\\\/?s={search_term_string}\"},\"query-input\":{\"@type\":\"PropertyValueSpecification\",\"valueRequired\":true,\"valueName\":\"search_term_string\"}}],\"inLanguage\":\"lv-LV\"},{\"@type\":\"Organization\",\"@id\":\"https:\\\/\\\/kidsplay.lt\\\/#organization\",\"name\":\"KidsPlay\",\"url\":\"https:\\\/\\\/kidsplay.lt\\\/\",\"logo\":{\"@type\":\"ImageObject\",\"inLanguage\":\"lv-LV\",\"@id\":\"https:\\\/\\\/kidsplay.lt\\\/#\\\/schema\\\/logo\\\/image\\\/\",\"url\":\"https:\\\/\\\/kidsplay.lt\\\/wp-content\\\/uploads\\\/2023\\\/07\\\/kidsplay-logo.png\",\"contentUrl\":\"https:\\\/\\\/kidsplay.lt\\\/wp-content\\\/uploads\\\/2023\\\/07\\\/kidsplay-logo.png\",\"width\":451,\"height\":98,\"caption\":\"KidsPlay\"},\"image\":{\"@id\":\"https:\\\/\\\/kidsplay.lt\\\/#\\\/schema\\\/logo\\\/image\\\/\"},\"sameAs\":[\"https:\\\/\\\/www.facebook.com\\\/www.kidsplay.lt\"]}]}<\/script>\n<!-- \/ Yoast SEO plugin. -->","yoast_head_json":{"title":"WOOPIE sensorisk\u0101 pakl\u0101ji\u0146a ortop\u0113disk\u0101 puzle, 11 gabali","description":"WOOPIE sensorinis kilim\u0117lis ortopedin\u0117 d\u0117lion\u0117, 11 detali\u0173 - KidsPlay. Did\u017eiausias vaik\u0173 \u017eaisl\u0173 pasirinkimas.","robots":{"index":"index","follow":"follow","max-snippet":"max-snippet:-1","max-image-preview":"max-image-preview:large","max-video-preview":"max-video-preview:-1"},"canonical":"https:\/\/kidsplay.lt\/lv\/products\/woopie-sensorinis-kilimelis-ortopedine-delione-11-detaliu\/","og_locale":"lv_LV","og_type":"article","og_title":"WOOPIE sensorinis kilim\u0117lis ortopedin\u0117 d\u0117lion\u0117, 11 detali\u0173","og_description":"WOOPIE sensorinis kilim\u0117lis ortopedin\u0117 d\u0117lion\u0117, 11 detali\u0173 - KidsPlay. Did\u017eiausias vaik\u0173 \u017eaisl\u0173 pasirinkimas.","og_url":"https:\/\/kidsplay.lt\/lv\/products\/woopie-sensorinis-kilimelis-ortopedine-delione-11-detaliu\/","og_site_name":"KidsPlay","article_publisher":"https:\/\/www.facebook.com\/www.kidsplay.lt","article_modified_time":"2026-04-20T05:37:10+00:00","og_image":[{"width":1332,"height":1332,"url":"https:\/\/kidsplay.lt\/wp-content\/uploads\/2025\/09\/WOOPIE-sensorinis-kilimelis-ortopedine-delione-11-detaliu.jpg","type":"image\/jpeg"}],"twitter_card":"summary_large_image","twitter_misc":{"Est. reading time":"2 min\u016btes"},"schema":{"@context":"https:\/\/schema.org","@graph":[{"@type":"WebPage","@id":"https:\/\/kidsplay.lt\/produktas\/woopie-sensorinis-kilimelis-ortopedine-delione-11-detaliu\/","url":"https:\/\/kidsplay.lt\/produktas\/woopie-sensorinis-kilimelis-ortopedine-delione-11-detaliu\/","name":"WOOPIE sensorisk\u0101 pakl\u0101ji\u0146a ortop\u0113disk\u0101 puzle, 11 gabali","isPartOf":{"@id":"https:\/\/kidsplay.lt\/#website"},"primaryImageOfPage":{"@id":"https:\/\/kidsplay.lt\/produktas\/woopie-sensorinis-kilimelis-ortopedine-delione-11-detaliu\/#primaryimage"},"image":{"@id":"https:\/\/kidsplay.lt\/produktas\/woopie-sensorinis-kilimelis-ortopedine-delione-11-detaliu\/#primaryimage"},"thumbnailUrl":"https:\/\/kidsplay.lt\/wp-content\/uploads\/2025\/09\/WOOPIE-sensorinis-kilimelis-ortopedine-delione-11-detaliu.jpg","datePublished":"2026-02-26T07:31:10+00:00","dateModified":"2026-04-20T05:37:10+00:00","description":"WOOPIE sensorinis kilim\u0117lis ortopedin\u0117 d\u0117lion\u0117, 11 detali\u0173 - KidsPlay. Did\u017eiausias vaik\u0173 \u017eaisl\u0173 pasirinkimas.","breadcrumb":{"@id":"https:\/\/kidsplay.lt\/produktas\/woopie-sensorinis-kilimelis-ortopedine-delione-11-detaliu\/#breadcrumb"},"inLanguage":"lv-LV","potentialAction":[{"@type":"ReadAction","target":["https:\/\/kidsplay.lt\/produktas\/woopie-sensorinis-kilimelis-ortopedine-delione-11-detaliu\/"]}]},{"@type":"ImageObject","inLanguage":"lv-LV","@id":"https:\/\/kidsplay.lt\/produktas\/woopie-sensorinis-kilimelis-ortopedine-delione-11-detaliu\/#primaryimage","url":"https:\/\/kidsplay.lt\/wp-content\/uploads\/2025\/09\/WOOPIE-sensorinis-kilimelis-ortopedine-delione-11-detaliu.jpg","contentUrl":"https:\/\/kidsplay.lt\/wp-content\/uploads\/2025\/09\/WOOPIE-sensorinis-kilimelis-ortopedine-delione-11-detaliu.jpg","width":1332,"height":1332,"caption":"WOOPIE sensorinis kilim\u0117lis ortopedin\u0117 d\u0117lion\u0117"},{"@type":"BreadcrumbList","@id":"https:\/\/kidsplay.lt\/produktas\/woopie-sensorinis-kilimelis-ortopedine-delione-11-detaliu\/#breadcrumb","itemListElement":[{"@type":"ListItem","position":1,"name":"Pagrindinis","item":"https:\/\/kidsplay.lt\/"},{"@type":"ListItem","position":2,"name":"Parduotuv\u0117","item":"https:\/\/kidsplay.lt\/parduotuve\/"},{"@type":"ListItem","position":3,"name":"WOOPIE sensorinis kilim\u0117lis ortopedin\u0117 d\u0117lion\u0117, 11 detali\u0173"}]},{"@type":"WebSite","@id":"https:\/\/kidsplay.lt\/#website","url":"https:\/\/kidsplay.lt\/","name":"B\u0113rnu sp\u0113les.lv","description":"\u012evairios prek\u0117s vaikams","publisher":{"@id":"https:\/\/kidsplay.lt\/#organization"},"alternateName":"Kidsplay","potentialAction":[{"@type":"SearchAction","target":{"@type":"EntryPoint","urlTemplate":"https:\/\/kidsplay.lt\/?s={search_term_string}"},"query-input":{"@type":"PropertyValueSpecification","valueRequired":true,"valueName":"search_term_string"}}],"inLanguage":"lv-LV"},{"@type":"Organization","@id":"https:\/\/kidsplay.lt\/#organization","name":"B\u0113rnu sp\u0113le","url":"https:\/\/kidsplay.lt\/","logo":{"@type":"ImageObject","inLanguage":"lv-LV","@id":"https:\/\/kidsplay.lt\/#\/schema\/logo\/image\/","url":"https:\/\/kidsplay.lt\/wp-content\/uploads\/2023\/07\/kidsplay-logo.png","contentUrl":"https:\/\/kidsplay.lt\/wp-content\/uploads\/2023\/07\/kidsplay-logo.png","width":451,"height":98,"caption":"KidsPlay"},"image":{"@id":"https:\/\/kidsplay.lt\/#\/schema\/logo\/image\/"},"sameAs":["https:\/\/www.facebook.com\/www.kidsplay.lt"]}]}},"_links":{"self":[{"href":"https:\/\/kidsplay.lt\/lv\/wp-json\/wp\/v2\/product\/89816","targetHints":{"allow":["GET"]}}],"collection":[{"href":"https:\/\/kidsplay.lt\/lv\/wp-json\/wp\/v2\/product"}],"about":[{"href":"https:\/\/kidsplay.lt\/lv\/wp-json\/wp\/v2\/types\/product"}],"version-history":[{"count":1,"href":"https:\/\/kidsplay.lt\/lv\/wp-json\/wp\/v2\/product\/89816\/revisions"}],"predecessor-version":[{"id":89817,"href":"https:\/\/kidsplay.lt\/lv\/wp-json\/wp\/v2\/product\/89816\/revisions\/89817"}],"wp:featuredmedia":[{"embeddable":true,"href":"https:\/\/kidsplay.lt\/lv\/wp-json\/wp\/v2\/media\/62644"}],"wp:attachment":[{"href":"https:\/\/kidsplay.lt\/lv\/wp-json\/wp\/v2\/media?parent=89816"}],"wp:term":[{"taxonomy":"product_brand","embeddable":true,"href":"https:\/\/kidsplay.lt\/lv\/wp-json\/wp\/v2\/product_brand?post=89816"},{"taxonomy":"product_cat","embeddable":true,"href":"https:\/\/kidsplay.lt\/lv\/wp-json\/wp\/v2\/product_cat?post=89816"},{"taxonomy":"product_tag","embeddable":true,"href":"https:\/\/kidsplay.lt\/lv\/wp-json\/wp\/v2\/product_tag?post=89816"}],"curies":[{"name":"wp","href":"https:\/\/api.w.org\/{rel}","templated":true}]}}