{"id":89820,"date":"2026-02-26T09:31:18","date_gmt":"2026-02-26T07:31:18","guid":{"rendered":"https:\/\/kidsplay.lt\/produktas\/woopie-vandens-fontano-kilimelis-su-purkstuvu\/"},"modified":"2026-04-07T10:46:46","modified_gmt":"2026-04-07T07:46:46","slug":"woopie-vandens-fontano-kilimelis-su-purkstuvu","status":"publish","type":"product","link":"https:\/\/kidsplay.lt\/lv\/products\/woopie-vandens-fontano-kilimelis-su-purkstuvu\/","title":{"rendered":"WOOPIE vandens fontano kilim\u0117lis su purk\u0161tuvu"},"content":{"rendered":"<p>WOOPIE\u00a0r\u016bko kilim\u0117lis\u00a0yra puikus produktas\u00a0kar\u0161toms vasaros dienoms\u00a0, suteikiantis\u00a0maloni\u0105 v\u0117s\u0105\u00a0j\u016bs\u0173 vaikui . Jis suteiks ne\u012ftik\u0117tinai daug d\u017eiaugsmo ir\u00a0pramog\u0173\u00a0jums\u00a0ir j\u016bs\u0173 vaikams. Kilim\u0117lis turi \u012fmontuot\u0105 \u017earnos tvirtinimo element\u0105, kuris tinka beveik bet kuriai rinkoje esan\u010diai sodo \u017earnai. Sulankstytas jis taip pat u\u017eima\u00a0ma\u017eai vietos\u00a0, tod\u0117l\u00a0j\u012f lengva laikyti\u00a0.\u00a0Aktyvus laiko leidimas yra viena geriausi\u0173 \u017eaidimo form\u0173. Galite b\u016bti tikri, kad kilim\u0117lis paskatins vaikus\u00a0b\u016bti lauke\u00a0ir suteiks begal\u0119 pramog\u0173. Tiesiog prijunkite fontan\u0105 prie sodo \u017earnos ir reguliuokite vandens sl\u0117g\u012f, kad padidintum\u0117te arba suma\u017eintum\u0117te pur\u0161kimo auk\u0161t\u012f.<\/p>\n<p>Rakstur\u012bgs:<\/p>\n<p>&#8211;\u00a0Lengva naudoti<\/p>\n<p>&#8211; Sulankstytas\u00a0u\u017eima ma\u017eai vietos<\/p>\n<p>&#8211; Garantuotas puikus pramog\u0173 pasirinkimas<\/p>\n<p>&#8211; Kar\u0161tomis dienomis\u00a0suteiks\u00a0v\u0117sos<\/p>\n<p>&#8211;\u00a0Patrauklus dizainas\u00a0ir draugi\u0161kos spalvos\u00a0pritrauks ma\u017eylio d\u0117mes\u012f\u00a0ir skatins\u00a0aktyv\u0173 \u017eaidim\u0105<\/p>","protected":false},"excerpt":{"rendered":"<p>WOOPIE\u00a0r\u016bko kilim\u0117lis\u00a0yra puikus produktas\u00a0kar\u0161toms vasaros dienoms\u00a0, suteikiantis\u00a0maloni\u0105 v\u0117s\u0105\u00a0j\u016bs\u0173 vaikui . Jis suteiks ne\u012ftik\u0117tinai daug d\u017eiaugsmo ir\u00a0pramog\u0173\u00a0jums\u00a0ir j\u016bs\u0173 vaikams. Kilim\u0117lis turi<\/p>","protected":false},"featured_media":62648,"template":"","meta":{"_acf_changed":false,"_glsr_average":0,"_glsr_ranking":0,"_glsr_reviews":0},"product_brand":[],"product_cat":[233,390],"product_tag":[],"class_list":{"0":"post-89820","1":"product","2":"type-product","3":"status-publish","4":"has-post-thumbnail","6":"product_cat-lauko-pramogos","7":"product_cat-vandens-pramogos","8":"\"style=\"background-color: #2ecc711c;\"","10":"first","11":"instock","12":"purchasable","13":"product-type-simple"},"acf":[],"yoast_head":"<!-- This site is optimized with the Yoast SEO plugin v27.3 - https:\/\/yoast.com\/product\/yoast-seo-wordpress\/ -->\n<title>WOOPIE vandens fontano kilim\u0117lis su purk\u0161tuvu<\/title>\n<meta name=\"description\" content=\"WOOPIE vandens fontano kilim\u0117lis su purk\u0161tuvu - KidsPlay. Did\u017eiausias vaik\u0173 \u017eaisl\u0173 pasirinkimas.\" \/>\n<meta name=\"robots\" content=\"index, follow, max-snippet:-1, max-image-preview:large, max-video-preview:-1\" \/>\n<link rel=\"canonical\" href=\"https:\/\/kidsplay.lt\/lv\/products\/woopie-vandens-fontano-kilimelis-su-purkstuvu\/\" \/>\n<meta property=\"og:locale\" content=\"lv_LV\" \/>\n<meta property=\"og:type\" content=\"article\" \/>\n<meta property=\"og:title\" content=\"WOOPIE vandens fontano kilim\u0117lis su purk\u0161tuvu\" \/>\n<meta property=\"og:description\" content=\"WOOPIE vandens fontano kilim\u0117lis su purk\u0161tuvu - KidsPlay. Did\u017eiausias vaik\u0173 \u017eaisl\u0173 pasirinkimas.\" \/>\n<meta property=\"og:url\" content=\"https:\/\/kidsplay.lt\/lv\/products\/woopie-vandens-fontano-kilimelis-su-purkstuvu\/\" \/>\n<meta property=\"og:site_name\" content=\"KidsPlay\" \/>\n<meta property=\"article:publisher\" content=\"https:\/\/www.facebook.com\/www.kidsplay.lt\" \/>\n<meta property=\"article:modified_time\" content=\"2026-04-07T07:46:46+00:00\" \/>\n<meta property=\"og:image\" content=\"https:\/\/kidsplay.lt\/wp-content\/uploads\/2025\/09\/WOOPIE-vandens-fontano-kilimelis-su-purkstuvu.jpg\" \/>\n\t<meta property=\"og:image:width\" content=\"2560\" \/>\n\t<meta property=\"og:image:height\" content=\"2560\" \/>\n\t<meta property=\"og:image:type\" content=\"image\/jpeg\" \/>\n<meta name=\"twitter:card\" content=\"summary_large_image\" \/>\n<meta name=\"twitter:label1\" content=\"Est. reading time\" \/>\n\t<meta name=\"twitter:data1\" content=\"1 min\u016bte\" \/>\n<script type=\"application\/ld+json\" class=\"yoast-schema-graph\">{\"@context\":\"https:\\\/\\\/schema.org\",\"@graph\":[{\"@type\":\"WebPage\",\"@id\":\"https:\\\/\\\/kidsplay.lt\\\/produktas\\\/woopie-vandens-fontano-kilimelis-su-purkstuvu\\\/\",\"url\":\"https:\\\/\\\/kidsplay.lt\\\/produktas\\\/woopie-vandens-fontano-kilimelis-su-purkstuvu\\\/\",\"name\":\"WOOPIE vandens fontano kilim\u0117lis su purk\u0161tuvu\",\"isPartOf\":{\"@id\":\"https:\\\/\\\/kidsplay.lt\\\/#website\"},\"primaryImageOfPage\":{\"@id\":\"https:\\\/\\\/kidsplay.lt\\\/produktas\\\/woopie-vandens-fontano-kilimelis-su-purkstuvu\\\/#primaryimage\"},\"image\":{\"@id\":\"https:\\\/\\\/kidsplay.lt\\\/produktas\\\/woopie-vandens-fontano-kilimelis-su-purkstuvu\\\/#primaryimage\"},\"thumbnailUrl\":\"https:\\\/\\\/kidsplay.lt\\\/wp-content\\\/uploads\\\/2025\\\/09\\\/WOOPIE-vandens-fontano-kilimelis-su-purkstuvu.jpg\",\"datePublished\":\"2026-02-26T07:31:18+00:00\",\"dateModified\":\"2026-04-07T07:46:46+00:00\",\"description\":\"WOOPIE vandens fontano kilim\u0117lis su purk\u0161tuvu - KidsPlay. Did\u017eiausias vaik\u0173 \u017eaisl\u0173 pasirinkimas.\",\"breadcrumb\":{\"@id\":\"https:\\\/\\\/kidsplay.lt\\\/produktas\\\/woopie-vandens-fontano-kilimelis-su-purkstuvu\\\/#breadcrumb\"},\"inLanguage\":\"lv-LV\",\"potentialAction\":[{\"@type\":\"ReadAction\",\"target\":[\"https:\\\/\\\/kidsplay.lt\\\/produktas\\\/woopie-vandens-fontano-kilimelis-su-purkstuvu\\\/\"]}]},{\"@type\":\"ImageObject\",\"inLanguage\":\"lv-LV\",\"@id\":\"https:\\\/\\\/kidsplay.lt\\\/produktas\\\/woopie-vandens-fontano-kilimelis-su-purkstuvu\\\/#primaryimage\",\"url\":\"https:\\\/\\\/kidsplay.lt\\\/wp-content\\\/uploads\\\/2025\\\/09\\\/WOOPIE-vandens-fontano-kilimelis-su-purkstuvu.jpg\",\"contentUrl\":\"https:\\\/\\\/kidsplay.lt\\\/wp-content\\\/uploads\\\/2025\\\/09\\\/WOOPIE-vandens-fontano-kilimelis-su-purkstuvu.jpg\",\"width\":2560,\"height\":2560,\"caption\":\"WOOPIE vandens fontano kilim\u0117lis su purk\u0161tuvu\"},{\"@type\":\"BreadcrumbList\",\"@id\":\"https:\\\/\\\/kidsplay.lt\\\/produktas\\\/woopie-vandens-fontano-kilimelis-su-purkstuvu\\\/#breadcrumb\",\"itemListElement\":[{\"@type\":\"ListItem\",\"position\":1,\"name\":\"Pagrindinis\",\"item\":\"https:\\\/\\\/kidsplay.lt\\\/\"},{\"@type\":\"ListItem\",\"position\":2,\"name\":\"Parduotuv\u0117\",\"item\":\"https:\\\/\\\/kidsplay.lt\\\/parduotuve\\\/\"},{\"@type\":\"ListItem\",\"position\":3,\"name\":\"WOOPIE vandens fontano kilim\u0117lis su purk\u0161tuvu\"}]},{\"@type\":\"WebSite\",\"@id\":\"https:\\\/\\\/kidsplay.lt\\\/#website\",\"url\":\"https:\\\/\\\/kidsplay.lt\\\/\",\"name\":\"Kidsplay.lt\",\"description\":\"\u012evairios prek\u0117s vaikams\",\"publisher\":{\"@id\":\"https:\\\/\\\/kidsplay.lt\\\/#organization\"},\"alternateName\":\"Kidsplay\",\"potentialAction\":[{\"@type\":\"SearchAction\",\"target\":{\"@type\":\"EntryPoint\",\"urlTemplate\":\"https:\\\/\\\/kidsplay.lt\\\/?s={search_term_string}\"},\"query-input\":{\"@type\":\"PropertyValueSpecification\",\"valueRequired\":true,\"valueName\":\"search_term_string\"}}],\"inLanguage\":\"lv-LV\"},{\"@type\":\"Organization\",\"@id\":\"https:\\\/\\\/kidsplay.lt\\\/#organization\",\"name\":\"KidsPlay\",\"url\":\"https:\\\/\\\/kidsplay.lt\\\/\",\"logo\":{\"@type\":\"ImageObject\",\"inLanguage\":\"lv-LV\",\"@id\":\"https:\\\/\\\/kidsplay.lt\\\/#\\\/schema\\\/logo\\\/image\\\/\",\"url\":\"https:\\\/\\\/kidsplay.lt\\\/wp-content\\\/uploads\\\/2023\\\/07\\\/kidsplay-logo.png\",\"contentUrl\":\"https:\\\/\\\/kidsplay.lt\\\/wp-content\\\/uploads\\\/2023\\\/07\\\/kidsplay-logo.png\",\"width\":451,\"height\":98,\"caption\":\"KidsPlay\"},\"image\":{\"@id\":\"https:\\\/\\\/kidsplay.lt\\\/#\\\/schema\\\/logo\\\/image\\\/\"},\"sameAs\":[\"https:\\\/\\\/www.facebook.com\\\/www.kidsplay.lt\"]}]}<\/script>\n<!-- \/ Yoast SEO plugin. -->","yoast_head_json":{"title":"WOOPIE vandens fontano kilim\u0117lis su purk\u0161tuvu","description":"WOOPIE vandens fontano kilim\u0117lis su purk\u0161tuvu - KidsPlay. Did\u017eiausias vaik\u0173 \u017eaisl\u0173 pasirinkimas.","robots":{"index":"index","follow":"follow","max-snippet":"max-snippet:-1","max-image-preview":"max-image-preview:large","max-video-preview":"max-video-preview:-1"},"canonical":"https:\/\/kidsplay.lt\/lv\/products\/woopie-vandens-fontano-kilimelis-su-purkstuvu\/","og_locale":"lv_LV","og_type":"article","og_title":"WOOPIE vandens fontano kilim\u0117lis su purk\u0161tuvu","og_description":"WOOPIE vandens fontano kilim\u0117lis su purk\u0161tuvu - KidsPlay. Did\u017eiausias vaik\u0173 \u017eaisl\u0173 pasirinkimas.","og_url":"https:\/\/kidsplay.lt\/lv\/products\/woopie-vandens-fontano-kilimelis-su-purkstuvu\/","og_site_name":"KidsPlay","article_publisher":"https:\/\/www.facebook.com\/www.kidsplay.lt","article_modified_time":"2026-04-07T07:46:46+00:00","og_image":[{"width":2560,"height":2560,"url":"https:\/\/kidsplay.lt\/wp-content\/uploads\/2025\/09\/WOOPIE-vandens-fontano-kilimelis-su-purkstuvu.jpg","type":"image\/jpeg"}],"twitter_card":"summary_large_image","twitter_misc":{"Est. reading time":"1 min\u016bte"},"schema":{"@context":"https:\/\/schema.org","@graph":[{"@type":"WebPage","@id":"https:\/\/kidsplay.lt\/produktas\/woopie-vandens-fontano-kilimelis-su-purkstuvu\/","url":"https:\/\/kidsplay.lt\/produktas\/woopie-vandens-fontano-kilimelis-su-purkstuvu\/","name":"WOOPIE vandens fontano kilim\u0117lis su purk\u0161tuvu","isPartOf":{"@id":"https:\/\/kidsplay.lt\/#website"},"primaryImageOfPage":{"@id":"https:\/\/kidsplay.lt\/produktas\/woopie-vandens-fontano-kilimelis-su-purkstuvu\/#primaryimage"},"image":{"@id":"https:\/\/kidsplay.lt\/produktas\/woopie-vandens-fontano-kilimelis-su-purkstuvu\/#primaryimage"},"thumbnailUrl":"https:\/\/kidsplay.lt\/wp-content\/uploads\/2025\/09\/WOOPIE-vandens-fontano-kilimelis-su-purkstuvu.jpg","datePublished":"2026-02-26T07:31:18+00:00","dateModified":"2026-04-07T07:46:46+00:00","description":"WOOPIE vandens fontano kilim\u0117lis su purk\u0161tuvu - KidsPlay. Did\u017eiausias vaik\u0173 \u017eaisl\u0173 pasirinkimas.","breadcrumb":{"@id":"https:\/\/kidsplay.lt\/produktas\/woopie-vandens-fontano-kilimelis-su-purkstuvu\/#breadcrumb"},"inLanguage":"lv-LV","potentialAction":[{"@type":"ReadAction","target":["https:\/\/kidsplay.lt\/produktas\/woopie-vandens-fontano-kilimelis-su-purkstuvu\/"]}]},{"@type":"ImageObject","inLanguage":"lv-LV","@id":"https:\/\/kidsplay.lt\/produktas\/woopie-vandens-fontano-kilimelis-su-purkstuvu\/#primaryimage","url":"https:\/\/kidsplay.lt\/wp-content\/uploads\/2025\/09\/WOOPIE-vandens-fontano-kilimelis-su-purkstuvu.jpg","contentUrl":"https:\/\/kidsplay.lt\/wp-content\/uploads\/2025\/09\/WOOPIE-vandens-fontano-kilimelis-su-purkstuvu.jpg","width":2560,"height":2560,"caption":"WOOPIE vandens fontano kilim\u0117lis su purk\u0161tuvu"},{"@type":"BreadcrumbList","@id":"https:\/\/kidsplay.lt\/produktas\/woopie-vandens-fontano-kilimelis-su-purkstuvu\/#breadcrumb","itemListElement":[{"@type":"ListItem","position":1,"name":"Pagrindinis","item":"https:\/\/kidsplay.lt\/"},{"@type":"ListItem","position":2,"name":"Parduotuv\u0117","item":"https:\/\/kidsplay.lt\/parduotuve\/"},{"@type":"ListItem","position":3,"name":"WOOPIE vandens fontano kilim\u0117lis su purk\u0161tuvu"}]},{"@type":"WebSite","@id":"https:\/\/kidsplay.lt\/#website","url":"https:\/\/kidsplay.lt\/","name":"B\u0113rnu sp\u0113les.lv","description":"\u012evairios prek\u0117s vaikams","publisher":{"@id":"https:\/\/kidsplay.lt\/#organization"},"alternateName":"Kidsplay","potentialAction":[{"@type":"SearchAction","target":{"@type":"EntryPoint","urlTemplate":"https:\/\/kidsplay.lt\/?s={search_term_string}"},"query-input":{"@type":"PropertyValueSpecification","valueRequired":true,"valueName":"search_term_string"}}],"inLanguage":"lv-LV"},{"@type":"Organization","@id":"https:\/\/kidsplay.lt\/#organization","name":"B\u0113rnu sp\u0113le","url":"https:\/\/kidsplay.lt\/","logo":{"@type":"ImageObject","inLanguage":"lv-LV","@id":"https:\/\/kidsplay.lt\/#\/schema\/logo\/image\/","url":"https:\/\/kidsplay.lt\/wp-content\/uploads\/2023\/07\/kidsplay-logo.png","contentUrl":"https:\/\/kidsplay.lt\/wp-content\/uploads\/2023\/07\/kidsplay-logo.png","width":451,"height":98,"caption":"KidsPlay"},"image":{"@id":"https:\/\/kidsplay.lt\/#\/schema\/logo\/image\/"},"sameAs":["https:\/\/www.facebook.com\/www.kidsplay.lt"]}]}},"_links":{"self":[{"href":"https:\/\/kidsplay.lt\/lv\/wp-json\/wp\/v2\/product\/89820","targetHints":{"allow":["GET"]}}],"collection":[{"href":"https:\/\/kidsplay.lt\/lv\/wp-json\/wp\/v2\/product"}],"about":[{"href":"https:\/\/kidsplay.lt\/lv\/wp-json\/wp\/v2\/types\/product"}],"version-history":[{"count":1,"href":"https:\/\/kidsplay.lt\/lv\/wp-json\/wp\/v2\/product\/89820\/revisions"}],"predecessor-version":[{"id":89821,"href":"https:\/\/kidsplay.lt\/lv\/wp-json\/wp\/v2\/product\/89820\/revisions\/89821"}],"wp:featuredmedia":[{"embeddable":true,"href":"https:\/\/kidsplay.lt\/lv\/wp-json\/wp\/v2\/media\/62648"}],"wp:attachment":[{"href":"https:\/\/kidsplay.lt\/lv\/wp-json\/wp\/v2\/media?parent=89820"}],"wp:term":[{"taxonomy":"product_brand","embeddable":true,"href":"https:\/\/kidsplay.lt\/lv\/wp-json\/wp\/v2\/product_brand?post=89820"},{"taxonomy":"product_cat","embeddable":true,"href":"https:\/\/kidsplay.lt\/lv\/wp-json\/wp\/v2\/product_cat?post=89820"},{"taxonomy":"product_tag","embeddable":true,"href":"https:\/\/kidsplay.lt\/lv\/wp-json\/wp\/v2\/product_tag?post=89820"}],"curies":[{"name":"wp","href":"https:\/\/api.w.org\/{rel}","templated":true}]}}