{"id":89832,"date":"2026-02-26T09:31:33","date_gmt":"2026-02-26T07:31:33","guid":{"rendered":"https:\/\/kidsplay.lt\/produktas\/tooky-toy-lavinamoji-geometriniu-formu-delione\/"},"modified":"2026-04-07T10:47:05","modified_gmt":"2026-04-07T07:47:05","slug":"tooky-toy-lavinamoji-geometriniu-formu-delione","status":"publish","type":"product","link":"https:\/\/kidsplay.lt\/lv\/products\/tooky-toy-lavinamoji-geometriniu-formu-delione\/","title":{"rendered":"\ufeff TOOKY TOY lavinamoji geometrini\u0173 form\u0173 d\u0117lion\u0117"},"content":{"rendered":"<p>\u201eTOOKY TOY\u201c\u00a0geometrini\u0173 fig\u016br\u0173 d\u0117lion\u0117\u00a0\u2013 tai \u017eaislas, kuris prad\u017eiugins ir sudomins kiekvien\u0105 vaik\u0105. \u0160i geometrini\u0173 fig\u016br\u0173 atpa\u017einimo ir r\u016b\u0161iavimo d\u0117lion\u0117 yra geriausia dovana ma\u017eyliams. Ji puikiai lavina steb\u0117jimo \u012fg\u016bd\u017eius ir atmint\u012f,\u00a0moko atpa\u017einti spalvas\u00a0. Tai puiki\u00a0smegen\u0173 mank\u0161ta\u00a0. J\u016bs\u0173 vaiko u\u017eduotis \u2013 \u012f specialiai i\u0161dro\u017etas skylutes \u012fd\u0117ti devynis skirting\u0173 spalv\u0173 ir form\u0173 kalad\u0117les:\u00a0trikamp\u012f, kvadrat\u0105 ir apskritim\u0105\u00a0. Kalad\u0117l\u0117s \u012fkrenta \u012f medin\u012f kvadrat\u0105 su i\u0161pjautomis skylut\u0117mis. \u0160is funkcionalus \u017eaislas suteiks j\u016bs\u0173 ma\u017eyliui valand\u0173 valandas pramog\u0173. Rinkdamiesi \u017eaislus, da\u017eniausiai atsi\u017evelgiame \u012f pirkimo vert\u0119. \u201eTooky Toy\u201c geometrini\u0173 fig\u016br\u0173 r\u016b\u0161iuokl\u0117 derina prakti\u0161kum\u0105 ir teigiam\u0105\u00a0poveik\u012f vaiko vystymuisi ir ugdymui\u00a0.<\/p>\n<p>B\u016bdingas<\/p>\n<p> \tVaikams\u00a0nuo 2 met\u0173 am\u017eiaus<br \/>\n \tRinkin\u012f sudaro\u00a010 element\u0173\u00a0, \u012fskaitant lentas\u00a0geometrin\u0117ms fig\u016broms i\u0161d\u0117styti.<br \/>\n \tSmulkiosios motorikos lavinimas<\/p>\n<p>Komplekt\u0101 ietilpst:<\/p>\n<p> \t3 trikampiai<br \/>\n \t3 kvadratai<br \/>\n \t3 ratai<br \/>\n \tValdyba<\/p>\n<p>Rota\u013clieta att\u012bst\u0101s:<\/p>\n<p> \tAtmintis<br \/>\n \tKoncentracijos<br \/>\n \tReg\u0117jimas suvokimas<br \/>\n \tLoginis m\u0105stymas<br \/>\n \tRoku-acu koordin\u0101cija<br \/>\n \tSmulk\u016bs motoriniai \u012fg\u016bd\u017eiai<\/p>","protected":false},"excerpt":{"rendered":"<p>\u201eTOOKY TOY\u201c\u00a0geometrini\u0173 fig\u016br\u0173 d\u0117lion\u0117\u00a0\u2013 tai \u017eaislas, kuris prad\u017eiugins ir sudomins kiekvien\u0105 vaik\u0105. \u0160i geometrini\u0173 fig\u016br\u0173 atpa\u017einimo ir r\u016b\u0161iavimo d\u0117lion\u0117 yra<\/p>","protected":false},"featured_media":67344,"template":"","meta":{"_acf_changed":false,"_glsr_average":0,"_glsr_ranking":0,"_glsr_reviews":0},"product_brand":[],"product_cat":[884,883,229],"product_tag":[],"class_list":{"0":"post-89832","1":"product","2":"type-product","3":"status-publish","4":"has-post-thumbnail","6":"product_cat-edukaciniai-lavinamieji-mediniai-zaislai","7":"product_cat-mediniai-zaislai-2","8":"product_cat-zaislai-vaikams","9":"\"style=\"background-color: #2ecc711c;\"","11":"first","12":"instock","13":"purchasable","14":"product-type-simple"},"acf":[],"yoast_head":"<!-- This site is optimized with the Yoast SEO plugin v27.3 - https:\/\/yoast.com\/product\/yoast-seo-wordpress\/ -->\n<title>\ufeff TOOKY TOY lavinamoji geometrini\u0173 form\u0173 d\u0117lion\u0117<\/title>\n<meta name=\"description\" content=\"\ufeff TOOKY TOY lavinamoji geometrini\u0173 form\u0173 d\u0117lion\u0117 - KidsPlay. Did\u017eiausias vaik\u0173 \u017eaisl\u0173 pasirinkimas.\" \/>\n<meta name=\"robots\" content=\"index, follow, max-snippet:-1, max-image-preview:large, max-video-preview:-1\" \/>\n<link rel=\"canonical\" href=\"https:\/\/kidsplay.lt\/lv\/products\/tooky-toy-lavinamoji-geometriniu-formu-delione\/\" \/>\n<meta property=\"og:locale\" content=\"lv_LV\" \/>\n<meta property=\"og:type\" content=\"article\" \/>\n<meta property=\"og:title\" content=\"\ufeff TOOKY TOY lavinamoji geometrini\u0173 form\u0173 d\u0117lion\u0117\" \/>\n<meta property=\"og:description\" content=\"\ufeff TOOKY TOY lavinamoji geometrini\u0173 form\u0173 d\u0117lion\u0117 - KidsPlay. Did\u017eiausias vaik\u0173 \u017eaisl\u0173 pasirinkimas.\" \/>\n<meta property=\"og:url\" content=\"https:\/\/kidsplay.lt\/lv\/products\/tooky-toy-lavinamoji-geometriniu-formu-delione\/\" \/>\n<meta property=\"og:site_name\" content=\"KidsPlay\" \/>\n<meta property=\"article:publisher\" content=\"https:\/\/www.facebook.com\/www.kidsplay.lt\" \/>\n<meta property=\"article:modified_time\" content=\"2026-04-07T07:47:05+00:00\" \/>\n<meta property=\"og:image\" content=\"https:\/\/kidsplay.lt\/wp-content\/uploads\/2025\/09\/\ufeff-TOOKY-TOY-lavinamoji-geometriniu-formu-delione.jpg\" \/>\n\t<meta property=\"og:image:width\" content=\"2560\" \/>\n\t<meta property=\"og:image:height\" content=\"2560\" \/>\n\t<meta property=\"og:image:type\" content=\"image\/jpeg\" \/>\n<meta name=\"twitter:card\" content=\"summary_large_image\" \/>\n<meta name=\"twitter:label1\" content=\"Est. reading time\" \/>\n\t<meta name=\"twitter:data1\" content=\"1 min\u016bte\" \/>\n<script type=\"application\/ld+json\" class=\"yoast-schema-graph\">{\"@context\":\"https:\\\/\\\/schema.org\",\"@graph\":[{\"@type\":\"WebPage\",\"@id\":\"https:\\\/\\\/kidsplay.lt\\\/produktas\\\/tooky-toy-lavinamoji-geometriniu-formu-delione\\\/\",\"url\":\"https:\\\/\\\/kidsplay.lt\\\/produktas\\\/tooky-toy-lavinamoji-geometriniu-formu-delione\\\/\",\"name\":\"\ufeff TOOKY TOY lavinamoji geometrini\u0173 form\u0173 d\u0117lion\u0117\",\"isPartOf\":{\"@id\":\"https:\\\/\\\/kidsplay.lt\\\/#website\"},\"primaryImageOfPage\":{\"@id\":\"https:\\\/\\\/kidsplay.lt\\\/produktas\\\/tooky-toy-lavinamoji-geometriniu-formu-delione\\\/#primaryimage\"},\"image\":{\"@id\":\"https:\\\/\\\/kidsplay.lt\\\/produktas\\\/tooky-toy-lavinamoji-geometriniu-formu-delione\\\/#primaryimage\"},\"thumbnailUrl\":\"https:\\\/\\\/kidsplay.lt\\\/wp-content\\\/uploads\\\/2025\\\/09\\\/\ufeff-TOOKY-TOY-lavinamoji-geometriniu-formu-delione.jpg\",\"datePublished\":\"2026-02-26T07:31:33+00:00\",\"dateModified\":\"2026-04-07T07:47:05+00:00\",\"description\":\"\ufeff TOOKY TOY lavinamoji geometrini\u0173 form\u0173 d\u0117lion\u0117 - KidsPlay. Did\u017eiausias vaik\u0173 \u017eaisl\u0173 pasirinkimas.\",\"breadcrumb\":{\"@id\":\"https:\\\/\\\/kidsplay.lt\\\/produktas\\\/tooky-toy-lavinamoji-geometriniu-formu-delione\\\/#breadcrumb\"},\"inLanguage\":\"lv-LV\",\"potentialAction\":[{\"@type\":\"ReadAction\",\"target\":[\"https:\\\/\\\/kidsplay.lt\\\/produktas\\\/tooky-toy-lavinamoji-geometriniu-formu-delione\\\/\"]}]},{\"@type\":\"ImageObject\",\"inLanguage\":\"lv-LV\",\"@id\":\"https:\\\/\\\/kidsplay.lt\\\/produktas\\\/tooky-toy-lavinamoji-geometriniu-formu-delione\\\/#primaryimage\",\"url\":\"https:\\\/\\\/kidsplay.lt\\\/wp-content\\\/uploads\\\/2025\\\/09\\\/\ufeff-TOOKY-TOY-lavinamoji-geometriniu-formu-delione.jpg\",\"contentUrl\":\"https:\\\/\\\/kidsplay.lt\\\/wp-content\\\/uploads\\\/2025\\\/09\\\/\ufeff-TOOKY-TOY-lavinamoji-geometriniu-formu-delione.jpg\",\"width\":2560,\"height\":2560,\"caption\":\"\ufeff TOOKY TOY lavinamoji geometrini\u0173 form\u0173 d\u0117lion\u0117\"},{\"@type\":\"BreadcrumbList\",\"@id\":\"https:\\\/\\\/kidsplay.lt\\\/produktas\\\/tooky-toy-lavinamoji-geometriniu-formu-delione\\\/#breadcrumb\",\"itemListElement\":[{\"@type\":\"ListItem\",\"position\":1,\"name\":\"Pagrindinis\",\"item\":\"https:\\\/\\\/kidsplay.lt\\\/\"},{\"@type\":\"ListItem\",\"position\":2,\"name\":\"Parduotuv\u0117\",\"item\":\"https:\\\/\\\/kidsplay.lt\\\/parduotuve\\\/\"},{\"@type\":\"ListItem\",\"position\":3,\"name\":\"\ufeff TOOKY TOY lavinamoji geometrini\u0173 form\u0173 d\u0117lion\u0117\"}]},{\"@type\":\"WebSite\",\"@id\":\"https:\\\/\\\/kidsplay.lt\\\/#website\",\"url\":\"https:\\\/\\\/kidsplay.lt\\\/\",\"name\":\"Kidsplay.lt\",\"description\":\"\u012evairios prek\u0117s vaikams\",\"publisher\":{\"@id\":\"https:\\\/\\\/kidsplay.lt\\\/#organization\"},\"alternateName\":\"Kidsplay\",\"potentialAction\":[{\"@type\":\"SearchAction\",\"target\":{\"@type\":\"EntryPoint\",\"urlTemplate\":\"https:\\\/\\\/kidsplay.lt\\\/?s={search_term_string}\"},\"query-input\":{\"@type\":\"PropertyValueSpecification\",\"valueRequired\":true,\"valueName\":\"search_term_string\"}}],\"inLanguage\":\"lv-LV\"},{\"@type\":\"Organization\",\"@id\":\"https:\\\/\\\/kidsplay.lt\\\/#organization\",\"name\":\"KidsPlay\",\"url\":\"https:\\\/\\\/kidsplay.lt\\\/\",\"logo\":{\"@type\":\"ImageObject\",\"inLanguage\":\"lv-LV\",\"@id\":\"https:\\\/\\\/kidsplay.lt\\\/#\\\/schema\\\/logo\\\/image\\\/\",\"url\":\"https:\\\/\\\/kidsplay.lt\\\/wp-content\\\/uploads\\\/2023\\\/07\\\/kidsplay-logo.png\",\"contentUrl\":\"https:\\\/\\\/kidsplay.lt\\\/wp-content\\\/uploads\\\/2023\\\/07\\\/kidsplay-logo.png\",\"width\":451,\"height\":98,\"caption\":\"KidsPlay\"},\"image\":{\"@id\":\"https:\\\/\\\/kidsplay.lt\\\/#\\\/schema\\\/logo\\\/image\\\/\"},\"sameAs\":[\"https:\\\/\\\/www.facebook.com\\\/www.kidsplay.lt\"]}]}<\/script>\n<!-- \/ Yoast SEO plugin. -->","yoast_head_json":{"title":"\ufeff TOOKY TOY lavinamoji geometrini\u0173 form\u0173 d\u0117lion\u0117","description":"\ufeff TOOKY TOY lavinamoji geometrini\u0173 form\u0173 d\u0117lion\u0117 - KidsPlay. Did\u017eiausias vaik\u0173 \u017eaisl\u0173 pasirinkimas.","robots":{"index":"index","follow":"follow","max-snippet":"max-snippet:-1","max-image-preview":"max-image-preview:large","max-video-preview":"max-video-preview:-1"},"canonical":"https:\/\/kidsplay.lt\/lv\/products\/tooky-toy-lavinamoji-geometriniu-formu-delione\/","og_locale":"lv_LV","og_type":"article","og_title":"\ufeff TOOKY TOY lavinamoji geometrini\u0173 form\u0173 d\u0117lion\u0117","og_description":"\ufeff TOOKY TOY lavinamoji geometrini\u0173 form\u0173 d\u0117lion\u0117 - KidsPlay. Did\u017eiausias vaik\u0173 \u017eaisl\u0173 pasirinkimas.","og_url":"https:\/\/kidsplay.lt\/lv\/products\/tooky-toy-lavinamoji-geometriniu-formu-delione\/","og_site_name":"KidsPlay","article_publisher":"https:\/\/www.facebook.com\/www.kidsplay.lt","article_modified_time":"2026-04-07T07:47:05+00:00","og_image":[{"width":2560,"height":2560,"url":"https:\/\/kidsplay.lt\/wp-content\/uploads\/2025\/09\/\ufeff-TOOKY-TOY-lavinamoji-geometriniu-formu-delione.jpg","type":"image\/jpeg"}],"twitter_card":"summary_large_image","twitter_misc":{"Est. reading time":"1 min\u016bte"},"schema":{"@context":"https:\/\/schema.org","@graph":[{"@type":"WebPage","@id":"https:\/\/kidsplay.lt\/produktas\/tooky-toy-lavinamoji-geometriniu-formu-delione\/","url":"https:\/\/kidsplay.lt\/produktas\/tooky-toy-lavinamoji-geometriniu-formu-delione\/","name":"\ufeff TOOKY TOY lavinamoji geometrini\u0173 form\u0173 d\u0117lion\u0117","isPartOf":{"@id":"https:\/\/kidsplay.lt\/#website"},"primaryImageOfPage":{"@id":"https:\/\/kidsplay.lt\/produktas\/tooky-toy-lavinamoji-geometriniu-formu-delione\/#primaryimage"},"image":{"@id":"https:\/\/kidsplay.lt\/produktas\/tooky-toy-lavinamoji-geometriniu-formu-delione\/#primaryimage"},"thumbnailUrl":"https:\/\/kidsplay.lt\/wp-content\/uploads\/2025\/09\/\ufeff-TOOKY-TOY-lavinamoji-geometriniu-formu-delione.jpg","datePublished":"2026-02-26T07:31:33+00:00","dateModified":"2026-04-07T07:47:05+00:00","description":"\ufeff TOOKY TOY lavinamoji geometrini\u0173 form\u0173 d\u0117lion\u0117 - KidsPlay. Did\u017eiausias vaik\u0173 \u017eaisl\u0173 pasirinkimas.","breadcrumb":{"@id":"https:\/\/kidsplay.lt\/produktas\/tooky-toy-lavinamoji-geometriniu-formu-delione\/#breadcrumb"},"inLanguage":"lv-LV","potentialAction":[{"@type":"ReadAction","target":["https:\/\/kidsplay.lt\/produktas\/tooky-toy-lavinamoji-geometriniu-formu-delione\/"]}]},{"@type":"ImageObject","inLanguage":"lv-LV","@id":"https:\/\/kidsplay.lt\/produktas\/tooky-toy-lavinamoji-geometriniu-formu-delione\/#primaryimage","url":"https:\/\/kidsplay.lt\/wp-content\/uploads\/2025\/09\/\ufeff-TOOKY-TOY-lavinamoji-geometriniu-formu-delione.jpg","contentUrl":"https:\/\/kidsplay.lt\/wp-content\/uploads\/2025\/09\/\ufeff-TOOKY-TOY-lavinamoji-geometriniu-formu-delione.jpg","width":2560,"height":2560,"caption":"\ufeff TOOKY TOY lavinamoji geometrini\u0173 form\u0173 d\u0117lion\u0117"},{"@type":"BreadcrumbList","@id":"https:\/\/kidsplay.lt\/produktas\/tooky-toy-lavinamoji-geometriniu-formu-delione\/#breadcrumb","itemListElement":[{"@type":"ListItem","position":1,"name":"Pagrindinis","item":"https:\/\/kidsplay.lt\/"},{"@type":"ListItem","position":2,"name":"Parduotuv\u0117","item":"https:\/\/kidsplay.lt\/parduotuve\/"},{"@type":"ListItem","position":3,"name":"\ufeff TOOKY TOY lavinamoji geometrini\u0173 form\u0173 d\u0117lion\u0117"}]},{"@type":"WebSite","@id":"https:\/\/kidsplay.lt\/#website","url":"https:\/\/kidsplay.lt\/","name":"B\u0113rnu sp\u0113les.lv","description":"\u012evairios prek\u0117s vaikams","publisher":{"@id":"https:\/\/kidsplay.lt\/#organization"},"alternateName":"Kidsplay","potentialAction":[{"@type":"SearchAction","target":{"@type":"EntryPoint","urlTemplate":"https:\/\/kidsplay.lt\/?s={search_term_string}"},"query-input":{"@type":"PropertyValueSpecification","valueRequired":true,"valueName":"search_term_string"}}],"inLanguage":"lv-LV"},{"@type":"Organization","@id":"https:\/\/kidsplay.lt\/#organization","name":"B\u0113rnu sp\u0113le","url":"https:\/\/kidsplay.lt\/","logo":{"@type":"ImageObject","inLanguage":"lv-LV","@id":"https:\/\/kidsplay.lt\/#\/schema\/logo\/image\/","url":"https:\/\/kidsplay.lt\/wp-content\/uploads\/2023\/07\/kidsplay-logo.png","contentUrl":"https:\/\/kidsplay.lt\/wp-content\/uploads\/2023\/07\/kidsplay-logo.png","width":451,"height":98,"caption":"KidsPlay"},"image":{"@id":"https:\/\/kidsplay.lt\/#\/schema\/logo\/image\/"},"sameAs":["https:\/\/www.facebook.com\/www.kidsplay.lt"]}]}},"_links":{"self":[{"href":"https:\/\/kidsplay.lt\/lv\/wp-json\/wp\/v2\/product\/89832","targetHints":{"allow":["GET"]}}],"collection":[{"href":"https:\/\/kidsplay.lt\/lv\/wp-json\/wp\/v2\/product"}],"about":[{"href":"https:\/\/kidsplay.lt\/lv\/wp-json\/wp\/v2\/types\/product"}],"version-history":[{"count":1,"href":"https:\/\/kidsplay.lt\/lv\/wp-json\/wp\/v2\/product\/89832\/revisions"}],"predecessor-version":[{"id":89833,"href":"https:\/\/kidsplay.lt\/lv\/wp-json\/wp\/v2\/product\/89832\/revisions\/89833"}],"wp:featuredmedia":[{"embeddable":true,"href":"https:\/\/kidsplay.lt\/lv\/wp-json\/wp\/v2\/media\/67344"}],"wp:attachment":[{"href":"https:\/\/kidsplay.lt\/lv\/wp-json\/wp\/v2\/media?parent=89832"}],"wp:term":[{"taxonomy":"product_brand","embeddable":true,"href":"https:\/\/kidsplay.lt\/lv\/wp-json\/wp\/v2\/product_brand?post=89832"},{"taxonomy":"product_cat","embeddable":true,"href":"https:\/\/kidsplay.lt\/lv\/wp-json\/wp\/v2\/product_cat?post=89832"},{"taxonomy":"product_tag","embeddable":true,"href":"https:\/\/kidsplay.lt\/lv\/wp-json\/wp\/v2\/product_tag?post=89832"}],"curies":[{"name":"wp","href":"https:\/\/api.w.org\/{rel}","templated":true}]}}