{"id":89834,"date":"2026-02-26T09:31:36","date_gmt":"2026-02-26T07:31:36","guid":{"rendered":"https:\/\/kidsplay.lt\/produktas\/dinozauru-surinkimo-konstrukcinis-rinkinys-greztuvas-31-vnt\/"},"modified":"2026-04-13T15:08:37","modified_gmt":"2026-04-13T12:08:37","slug":"dinozauru-surinkimo-konstrukcinis-rinkinys-greztuvas-31-vnt","status":"publish","type":"product","link":"https:\/\/kidsplay.lt\/lv\/products\/dinozauru-surinkimo-konstrukcinis-rinkinys-greztuvas-31-vnt\/","title":{"rendered":"Dinozaur\u0173 surinkimo konstrukcinis rinkinys + gr\u0119\u017etuvas 31 vnt."},"content":{"rendered":"<p>Brachiosaurus dinozauras\u00a0i\u0161 garsaus WOOPIE prek\u0117s \u017eenklo yra idealus \u017eaislas\u00a0\u201epasidaryk pats\u201c entuziastams\u00a0, kuris supa\u017eindins j\u016bs\u0173 vaik\u0105 su prie\u0161istore. Dino turi\u00a0judan\u010dius elementus\u00a0: galv\u0105 ir gal\u016bnes, o tai suteikia daugiau galimybi\u0173 \u017eaisti. Rinkinyje yra\u00a031 elementas\u00a0, i\u0161 j\u0173 28 dalys, i\u0161 kuri\u0173 vaikas gal\u0117s surinkti dinozaur\u0105, naudodamas\u00a0funkcin\u012f atsuktuv\u0105 arba elektrin\u012f gr\u0105\u017et\u0105\u00a0su antgaliu. Gr\u0105\u017etas sukasi \u012f abi puses, tod\u0117l galite\u00a0j\u012f pasukti arba atsukti\u00a0. Po surinkimo Dino turi judan\u010dius elementus: galv\u0105, uodeg\u0105 ir gal\u016bnes, o tai suteikia daugiau galimybi\u0173 \u017eaisti. \u017daislas lavins\u00a0rankinius \u012fg\u016bd\u017eius,\u00a0vadinamuosius \u201esmulki\u0105j\u0105 motorik\u0105\u201c \u2013 rank\u0173 jud\u0117jim\u0105. Dinozauras yra nesenstanti tema, kuri\u0105 m\u0117gsta visi vaikai. \u017daisdamas su prie\u0161istoriniais padarais, j\u016bs\u0173 ma\u017eylis i\u0161pl\u0117s savo vaizduot\u0119 ir k\u016brybi\u0161kum\u0105.<\/p>\n<p>Raksturojums:<\/p>\n<p> \t&#8211; surinkti: 28 intensyvi\u0173 spalv\u0173 plastikiniai elementai,<br \/>\n \t&#8211; komplekte yra atsuktuvas ir gr\u0105\u017etas,<br \/>\n \t&#8211; gr\u0119\u017etuvas turi sukimo ir atsukimo funkcij\u0105,<br \/>\n \t&#8211; judantys elementai: galva, uodega ir gal\u016bn\u0117s,<br \/>\n \t&#8211; \u017eaislas lavina vaiko rankinius \u012fg\u016bd\u017eius, skatina vaizduot\u0119 ir k\u016brybi\u0161kum\u0105 bei supa\u017eindina su ma\u017eojo \u201epasidaryk pats\u201c entuziasto pasauliu,<br \/>\n \t&#8211; Reikalingos baterijos: 2 x &#8222;AA&#8221; (\u012f komplekt\u0105 ne\u012feina).<\/p>\n<p>\u017daislas vysto:<\/p>\n<p> \t&#8211; rankiniai \u012fg\u016bd\u017eiai,<br \/>\n \t&#8211; k\u016brybi\u0161kumas,<br \/>\n \t&#8211; vaizduot\u0117.<\/p>\n<p>Woopie yra viena i\u0161 pirmaujan\u010di\u0173 plastikini\u0173 \u017eaisl\u0173 gamintoj\u0173 Europoje. \u201eWoopie\u201c gaminiai s\u0117kmingai parduodami vidaus rinkoje ir visoje Europoje.<\/p>\n<p>\u201eWoopie\u201c prek\u0117s \u017eenklo \u017eaislai turi vien\u0105 tiksl\u0105 \u2013 prad\u017eiuginti vaikus! Tarp gausaus asortimento Woopie, be kita ko, turi karnavalini\u0173 kostium\u0173 ir kostium\u0173 vaikams, taip pat pakabinamas s\u016bpynes, putplas\u010dio \u017eaislus, \u012fvairi\u0173 r\u016b\u0161i\u0173 sodo \u017eaislus ir dar daugiau! Leiskite save nuvilioti linksmybi\u0173 \u2013 leiskite save nuvilti Woop!<\/p>","protected":false},"excerpt":{"rendered":"<p>Brachiosaurus dinozauras\u00a0i\u0161 garsaus WOOPIE prek\u0117s \u017eenklo yra idealus \u017eaislas\u00a0\u201epasidaryk pats\u201c entuziastams\u00a0, kuris supa\u017eindins j\u016bs\u0173 vaik\u0105 su prie\u0161istore. Dino turi\u00a0judan\u010dius elementus\u00a0:<\/p>","protected":false},"featured_media":56486,"template":"","meta":{"_acf_changed":false,"_glsr_average":0,"_glsr_ranking":0,"_glsr_reviews":0},"product_brand":[],"product_cat":[388,229],"product_tag":[],"class_list":{"0":"post-89834","1":"product","2":"type-product","3":"status-publish","4":"has-post-thumbnail","6":"product_cat-edukaciniai-lavinamieji-zaislai","7":"product_cat-zaislai-vaikams","8":"\"style=\"background-color: #2ecc711c;\"","10":"first","11":"instock","12":"purchasable","13":"product-type-simple"},"acf":[],"yoast_head":"<!-- This site is optimized with the Yoast SEO plugin v27.3 - https:\/\/yoast.com\/product\/yoast-seo-wordpress\/ -->\n<title>Dinozaur\u0173 surinkimo konstrukcinis rinkinys + gr\u0119\u017etuvas 31 vnt.<\/title>\n<meta name=\"description\" content=\"Dinozaur\u0173 surinkimo konstrukcinis rinkinys + gr\u0119\u017etuvas 31 vnt. - KidsPlay. Did\u017eiausias vaik\u0173 \u017eaisl\u0173 pasirinkimas.\" \/>\n<meta name=\"robots\" content=\"index, follow, max-snippet:-1, max-image-preview:large, max-video-preview:-1\" \/>\n<link rel=\"canonical\" href=\"https:\/\/kidsplay.lt\/lv\/products\/dinozauru-surinkimo-konstrukcinis-rinkinys-greztuvas-31-vnt\/\" \/>\n<meta property=\"og:locale\" content=\"lv_LV\" \/>\n<meta property=\"og:type\" content=\"article\" \/>\n<meta property=\"og:title\" content=\"Dinozaur\u0173 surinkimo konstrukcinis rinkinys + gr\u0119\u017etuvas 31 vnt.\" \/>\n<meta property=\"og:description\" content=\"Dinozaur\u0173 surinkimo konstrukcinis rinkinys + gr\u0119\u017etuvas 31 vnt. - KidsPlay. Did\u017eiausias vaik\u0173 \u017eaisl\u0173 pasirinkimas.\" \/>\n<meta property=\"og:url\" content=\"https:\/\/kidsplay.lt\/lv\/products\/dinozauru-surinkimo-konstrukcinis-rinkinys-greztuvas-31-vnt\/\" \/>\n<meta property=\"og:site_name\" content=\"KidsPlay\" \/>\n<meta property=\"article:publisher\" content=\"https:\/\/www.facebook.com\/www.kidsplay.lt\" \/>\n<meta property=\"article:modified_time\" content=\"2026-04-13T12:08:37+00:00\" \/>\n<meta property=\"og:image\" content=\"https:\/\/kidsplay.lt\/wp-content\/uploads\/2024\/09\/Dinozauru-surinkimo-konstrukcinis-rinkinys-greztuvas-31-vnt.jpg\" \/>\n\t<meta property=\"og:image:width\" content=\"2398\" \/>\n\t<meta property=\"og:image:height\" content=\"2398\" \/>\n\t<meta property=\"og:image:type\" content=\"image\/jpeg\" \/>\n<meta name=\"twitter:card\" content=\"summary_large_image\" \/>\n<meta name=\"twitter:label1\" content=\"Est. reading time\" \/>\n\t<meta name=\"twitter:data1\" content=\"1 min\u016bte\" \/>\n<script type=\"application\/ld+json\" class=\"yoast-schema-graph\">{\"@context\":\"https:\\\/\\\/schema.org\",\"@graph\":[{\"@type\":\"WebPage\",\"@id\":\"https:\\\/\\\/kidsplay.lt\\\/produktas\\\/dinozauru-surinkimo-konstrukcinis-rinkinys-greztuvas-31-vnt\\\/\",\"url\":\"https:\\\/\\\/kidsplay.lt\\\/produktas\\\/dinozauru-surinkimo-konstrukcinis-rinkinys-greztuvas-31-vnt\\\/\",\"name\":\"Dinozaur\u0173 surinkimo konstrukcinis rinkinys + gr\u0119\u017etuvas 31 vnt.\",\"isPartOf\":{\"@id\":\"https:\\\/\\\/kidsplay.lt\\\/#website\"},\"primaryImageOfPage\":{\"@id\":\"https:\\\/\\\/kidsplay.lt\\\/produktas\\\/dinozauru-surinkimo-konstrukcinis-rinkinys-greztuvas-31-vnt\\\/#primaryimage\"},\"image\":{\"@id\":\"https:\\\/\\\/kidsplay.lt\\\/produktas\\\/dinozauru-surinkimo-konstrukcinis-rinkinys-greztuvas-31-vnt\\\/#primaryimage\"},\"thumbnailUrl\":\"https:\\\/\\\/kidsplay.lt\\\/wp-content\\\/uploads\\\/2024\\\/09\\\/Dinozauru-surinkimo-konstrukcinis-rinkinys-greztuvas-31-vnt.jpg\",\"datePublished\":\"2026-02-26T07:31:36+00:00\",\"dateModified\":\"2026-04-13T12:08:37+00:00\",\"description\":\"Dinozaur\u0173 surinkimo konstrukcinis rinkinys + gr\u0119\u017etuvas 31 vnt. - KidsPlay. Did\u017eiausias vaik\u0173 \u017eaisl\u0173 pasirinkimas.\",\"breadcrumb\":{\"@id\":\"https:\\\/\\\/kidsplay.lt\\\/produktas\\\/dinozauru-surinkimo-konstrukcinis-rinkinys-greztuvas-31-vnt\\\/#breadcrumb\"},\"inLanguage\":\"lv-LV\",\"potentialAction\":[{\"@type\":\"ReadAction\",\"target\":[\"https:\\\/\\\/kidsplay.lt\\\/produktas\\\/dinozauru-surinkimo-konstrukcinis-rinkinys-greztuvas-31-vnt\\\/\"]}]},{\"@type\":\"ImageObject\",\"inLanguage\":\"lv-LV\",\"@id\":\"https:\\\/\\\/kidsplay.lt\\\/produktas\\\/dinozauru-surinkimo-konstrukcinis-rinkinys-greztuvas-31-vnt\\\/#primaryimage\",\"url\":\"https:\\\/\\\/kidsplay.lt\\\/wp-content\\\/uploads\\\/2024\\\/09\\\/Dinozauru-surinkimo-konstrukcinis-rinkinys-greztuvas-31-vnt.jpg\",\"contentUrl\":\"https:\\\/\\\/kidsplay.lt\\\/wp-content\\\/uploads\\\/2024\\\/09\\\/Dinozauru-surinkimo-konstrukcinis-rinkinys-greztuvas-31-vnt.jpg\",\"width\":2398,\"height\":2398,\"caption\":\"Dinozaur\u0173 surinkimo konstrukcinis rinkinys + gr\u0119\u017etuvas 31 vnt.\"},{\"@type\":\"BreadcrumbList\",\"@id\":\"https:\\\/\\\/kidsplay.lt\\\/produktas\\\/dinozauru-surinkimo-konstrukcinis-rinkinys-greztuvas-31-vnt\\\/#breadcrumb\",\"itemListElement\":[{\"@type\":\"ListItem\",\"position\":1,\"name\":\"Pagrindinis\",\"item\":\"https:\\\/\\\/kidsplay.lt\\\/\"},{\"@type\":\"ListItem\",\"position\":2,\"name\":\"Parduotuv\u0117\",\"item\":\"https:\\\/\\\/kidsplay.lt\\\/parduotuve\\\/\"},{\"@type\":\"ListItem\",\"position\":3,\"name\":\"Dinozaur\u0173 surinkimo konstrukcinis rinkinys + gr\u0119\u017etuvas 31 vnt.\"}]},{\"@type\":\"WebSite\",\"@id\":\"https:\\\/\\\/kidsplay.lt\\\/#website\",\"url\":\"https:\\\/\\\/kidsplay.lt\\\/\",\"name\":\"Kidsplay.lt\",\"description\":\"\u012evairios prek\u0117s vaikams\",\"publisher\":{\"@id\":\"https:\\\/\\\/kidsplay.lt\\\/#organization\"},\"alternateName\":\"Kidsplay\",\"potentialAction\":[{\"@type\":\"SearchAction\",\"target\":{\"@type\":\"EntryPoint\",\"urlTemplate\":\"https:\\\/\\\/kidsplay.lt\\\/?s={search_term_string}\"},\"query-input\":{\"@type\":\"PropertyValueSpecification\",\"valueRequired\":true,\"valueName\":\"search_term_string\"}}],\"inLanguage\":\"lv-LV\"},{\"@type\":\"Organization\",\"@id\":\"https:\\\/\\\/kidsplay.lt\\\/#organization\",\"name\":\"KidsPlay\",\"url\":\"https:\\\/\\\/kidsplay.lt\\\/\",\"logo\":{\"@type\":\"ImageObject\",\"inLanguage\":\"lv-LV\",\"@id\":\"https:\\\/\\\/kidsplay.lt\\\/#\\\/schema\\\/logo\\\/image\\\/\",\"url\":\"https:\\\/\\\/kidsplay.lt\\\/wp-content\\\/uploads\\\/2023\\\/07\\\/kidsplay-logo.png\",\"contentUrl\":\"https:\\\/\\\/kidsplay.lt\\\/wp-content\\\/uploads\\\/2023\\\/07\\\/kidsplay-logo.png\",\"width\":451,\"height\":98,\"caption\":\"KidsPlay\"},\"image\":{\"@id\":\"https:\\\/\\\/kidsplay.lt\\\/#\\\/schema\\\/logo\\\/image\\\/\"},\"sameAs\":[\"https:\\\/\\\/www.facebook.com\\\/www.kidsplay.lt\"]}]}<\/script>\n<!-- \/ Yoast SEO plugin. -->","yoast_head_json":{"title":"Dinozaur\u0173 surinkimo konstrukcinis rinkinys + gr\u0119\u017etuvas 31 vnt.","description":"Dinozaur\u0173 surinkimo konstrukcinis rinkinys + gr\u0119\u017etuvas 31 vnt. - KidsPlay. Did\u017eiausias vaik\u0173 \u017eaisl\u0173 pasirinkimas.","robots":{"index":"index","follow":"follow","max-snippet":"max-snippet:-1","max-image-preview":"max-image-preview:large","max-video-preview":"max-video-preview:-1"},"canonical":"https:\/\/kidsplay.lt\/lv\/products\/dinozauru-surinkimo-konstrukcinis-rinkinys-greztuvas-31-vnt\/","og_locale":"lv_LV","og_type":"article","og_title":"Dinozaur\u0173 surinkimo konstrukcinis rinkinys + gr\u0119\u017etuvas 31 vnt.","og_description":"Dinozaur\u0173 surinkimo konstrukcinis rinkinys + gr\u0119\u017etuvas 31 vnt. - KidsPlay. Did\u017eiausias vaik\u0173 \u017eaisl\u0173 pasirinkimas.","og_url":"https:\/\/kidsplay.lt\/lv\/products\/dinozauru-surinkimo-konstrukcinis-rinkinys-greztuvas-31-vnt\/","og_site_name":"KidsPlay","article_publisher":"https:\/\/www.facebook.com\/www.kidsplay.lt","article_modified_time":"2026-04-13T12:08:37+00:00","og_image":[{"width":2398,"height":2398,"url":"https:\/\/kidsplay.lt\/wp-content\/uploads\/2024\/09\/Dinozauru-surinkimo-konstrukcinis-rinkinys-greztuvas-31-vnt.jpg","type":"image\/jpeg"}],"twitter_card":"summary_large_image","twitter_misc":{"Est. reading time":"1 min\u016bte"},"schema":{"@context":"https:\/\/schema.org","@graph":[{"@type":"WebPage","@id":"https:\/\/kidsplay.lt\/produktas\/dinozauru-surinkimo-konstrukcinis-rinkinys-greztuvas-31-vnt\/","url":"https:\/\/kidsplay.lt\/produktas\/dinozauru-surinkimo-konstrukcinis-rinkinys-greztuvas-31-vnt\/","name":"Dinozaur\u0173 surinkimo konstrukcinis rinkinys + gr\u0119\u017etuvas 31 vnt.","isPartOf":{"@id":"https:\/\/kidsplay.lt\/#website"},"primaryImageOfPage":{"@id":"https:\/\/kidsplay.lt\/produktas\/dinozauru-surinkimo-konstrukcinis-rinkinys-greztuvas-31-vnt\/#primaryimage"},"image":{"@id":"https:\/\/kidsplay.lt\/produktas\/dinozauru-surinkimo-konstrukcinis-rinkinys-greztuvas-31-vnt\/#primaryimage"},"thumbnailUrl":"https:\/\/kidsplay.lt\/wp-content\/uploads\/2024\/09\/Dinozauru-surinkimo-konstrukcinis-rinkinys-greztuvas-31-vnt.jpg","datePublished":"2026-02-26T07:31:36+00:00","dateModified":"2026-04-13T12:08:37+00:00","description":"Dinozaur\u0173 surinkimo konstrukcinis rinkinys + gr\u0119\u017etuvas 31 vnt. - KidsPlay. Did\u017eiausias vaik\u0173 \u017eaisl\u0173 pasirinkimas.","breadcrumb":{"@id":"https:\/\/kidsplay.lt\/produktas\/dinozauru-surinkimo-konstrukcinis-rinkinys-greztuvas-31-vnt\/#breadcrumb"},"inLanguage":"lv-LV","potentialAction":[{"@type":"ReadAction","target":["https:\/\/kidsplay.lt\/produktas\/dinozauru-surinkimo-konstrukcinis-rinkinys-greztuvas-31-vnt\/"]}]},{"@type":"ImageObject","inLanguage":"lv-LV","@id":"https:\/\/kidsplay.lt\/produktas\/dinozauru-surinkimo-konstrukcinis-rinkinys-greztuvas-31-vnt\/#primaryimage","url":"https:\/\/kidsplay.lt\/wp-content\/uploads\/2024\/09\/Dinozauru-surinkimo-konstrukcinis-rinkinys-greztuvas-31-vnt.jpg","contentUrl":"https:\/\/kidsplay.lt\/wp-content\/uploads\/2024\/09\/Dinozauru-surinkimo-konstrukcinis-rinkinys-greztuvas-31-vnt.jpg","width":2398,"height":2398,"caption":"Dinozaur\u0173 surinkimo konstrukcinis rinkinys + gr\u0119\u017etuvas 31 vnt."},{"@type":"BreadcrumbList","@id":"https:\/\/kidsplay.lt\/produktas\/dinozauru-surinkimo-konstrukcinis-rinkinys-greztuvas-31-vnt\/#breadcrumb","itemListElement":[{"@type":"ListItem","position":1,"name":"Pagrindinis","item":"https:\/\/kidsplay.lt\/"},{"@type":"ListItem","position":2,"name":"Parduotuv\u0117","item":"https:\/\/kidsplay.lt\/parduotuve\/"},{"@type":"ListItem","position":3,"name":"Dinozaur\u0173 surinkimo konstrukcinis rinkinys + gr\u0119\u017etuvas 31 vnt."}]},{"@type":"WebSite","@id":"https:\/\/kidsplay.lt\/#website","url":"https:\/\/kidsplay.lt\/","name":"B\u0113rnu sp\u0113les.lv","description":"\u012evairios prek\u0117s vaikams","publisher":{"@id":"https:\/\/kidsplay.lt\/#organization"},"alternateName":"Kidsplay","potentialAction":[{"@type":"SearchAction","target":{"@type":"EntryPoint","urlTemplate":"https:\/\/kidsplay.lt\/?s={search_term_string}"},"query-input":{"@type":"PropertyValueSpecification","valueRequired":true,"valueName":"search_term_string"}}],"inLanguage":"lv-LV"},{"@type":"Organization","@id":"https:\/\/kidsplay.lt\/#organization","name":"B\u0113rnu sp\u0113le","url":"https:\/\/kidsplay.lt\/","logo":{"@type":"ImageObject","inLanguage":"lv-LV","@id":"https:\/\/kidsplay.lt\/#\/schema\/logo\/image\/","url":"https:\/\/kidsplay.lt\/wp-content\/uploads\/2023\/07\/kidsplay-logo.png","contentUrl":"https:\/\/kidsplay.lt\/wp-content\/uploads\/2023\/07\/kidsplay-logo.png","width":451,"height":98,"caption":"KidsPlay"},"image":{"@id":"https:\/\/kidsplay.lt\/#\/schema\/logo\/image\/"},"sameAs":["https:\/\/www.facebook.com\/www.kidsplay.lt"]}]}},"_links":{"self":[{"href":"https:\/\/kidsplay.lt\/lv\/wp-json\/wp\/v2\/product\/89834","targetHints":{"allow":["GET"]}}],"collection":[{"href":"https:\/\/kidsplay.lt\/lv\/wp-json\/wp\/v2\/product"}],"about":[{"href":"https:\/\/kidsplay.lt\/lv\/wp-json\/wp\/v2\/types\/product"}],"version-history":[{"count":1,"href":"https:\/\/kidsplay.lt\/lv\/wp-json\/wp\/v2\/product\/89834\/revisions"}],"predecessor-version":[{"id":89835,"href":"https:\/\/kidsplay.lt\/lv\/wp-json\/wp\/v2\/product\/89834\/revisions\/89835"}],"wp:featuredmedia":[{"embeddable":true,"href":"https:\/\/kidsplay.lt\/lv\/wp-json\/wp\/v2\/media\/56486"}],"wp:attachment":[{"href":"https:\/\/kidsplay.lt\/lv\/wp-json\/wp\/v2\/media?parent=89834"}],"wp:term":[{"taxonomy":"product_brand","embeddable":true,"href":"https:\/\/kidsplay.lt\/lv\/wp-json\/wp\/v2\/product_brand?post=89834"},{"taxonomy":"product_cat","embeddable":true,"href":"https:\/\/kidsplay.lt\/lv\/wp-json\/wp\/v2\/product_cat?post=89834"},{"taxonomy":"product_tag","embeddable":true,"href":"https:\/\/kidsplay.lt\/lv\/wp-json\/wp\/v2\/product_tag?post=89834"}],"curies":[{"name":"wp","href":"https:\/\/api.w.org\/{rel}","templated":true}]}}