{"id":89838,"date":"2026-02-26T09:31:41","date_gmt":"2026-02-26T07:31:41","guid":{"rendered":"https:\/\/kidsplay.lt\/produktas\/medinis-rutulinis-takelis-rutulinis-takelis-49-elementai\/"},"modified":"2026-04-13T15:08:44","modified_gmt":"2026-04-13T12:08:44","slug":"medinis-rutulinis-takelis-rutulinis-takelis-49-elementai","status":"publish","type":"product","link":"https:\/\/kidsplay.lt\/lv\/products\/medinis-rutulinis-takelis-rutulinis-takelis-49-elementai\/","title":{"rendered":"Medinis rutulinis takelis, rutulinis takelis, 49 elementai"},"content":{"rendered":"<p>Kulodrom pastatas,\u00a0sudarytas i\u0161 auk\u0161tos kokyb\u0117s medini\u0173 nat\u016brali\u0173 blokeli\u0173, suteikia jauniems architektams daug galimybi\u0173 k\u016brybi\u0161kam, tyrin\u0117jan\u010diam ir vaizduot\u0117s \u017eaidimui. Rinkin\u012f sudaro 10 korteli\u0173, rodan\u010di\u0173 \u012fvairaus sud\u0117tingumo kulk\u0173 takelio nustatym\u0173 derinius. Pabandykite sukurti kortel\u0117je rodom\u0105 takel\u012f arba sukurkite savo fantasti\u0161k\u0105 konstrukcij\u0105 naudodami 49 elementus! \u012e komplekt\u0105 \u012feina laipteliai ir me\u0161kiukai, suteikiantys papildom\u0173 atrakcion\u0173 j\u016bs\u0173 vaikui. Viskas supakuota \u012f patog\u0173 kibir\u0105 su rankena, tod\u0117l lengviau saugiai laikyti dalis ir ne\u0161tis \u017eaisl\u0105.<\/p>\n<p>\u00a0Raksturojums:<\/p>\n<p> \t&#8211; \u017eaislas lavina vaizduot\u0119 ir k\u016brybi\u0161kum\u0105,<br \/>\n \t&#8211; rinkin\u012f sudaro 49 elementai,<br \/>\n \t&#8211; \u017eaislas supakuotas \u012f patog\u0173 kibir\u0105 su rankena, palengvinan\u010diu saug\u0173 dali\u0173 laikym\u0105 ir \u017eaislo ne\u0161iojim\u0105,<br \/>\n \t&#8211; visa med\u017eiaga pagaminta i\u0161 lakuoto med\u017eio ir nuda\u017eyta netoksi\u0161kais da\u017eais ry\u0161kiomis spalvomis, kurios patenkins kiekvien\u0105 vartotoj\u0105 ir suteiks daug malonumo.<\/p>\n<p>\u201eViga\u201c\u00a0yra prek\u0117s \u017eenklas, \u012fregistruotas 2003 m., ta\u010diau jau veikiantis daugiau nei 60 pasaulio \u0161ali\u0173. J\u0173 novatori\u0161kos id\u0117jos sulauk\u0117 pripa\u017einimo, be kita ko. Europoje, JAV, tolimojoje Australijoje ir Japonijoje. \u012emon\u0117s \u012fk\u016br\u0117jai atkreip\u0117 d\u0117mes\u012f \u012f tyrim\u0173 rezultatus, parodan\u010dius \u017eaidimo ir mokymosi ry\u0161\u012f ankstyvaisiais vaik\u0173 raidos metais. Nor\u0117damas pad\u0117ti t\u0117vams ir ugdymo \u012fstaigoms auginti vaikus ir i\u0161gelb\u0117ti juos nuo virtualaus pasaulio, galin\u010dio gerokai i\u0161kreipti tikrov\u0119, gamintojas si\u016blo inovatyv\u0173 asortiment\u0105 i\u0161 nat\u016brali\u0173 med\u017eiag\u0173, gaut\u0173 ekologi\u0161k\u0173 gamybos proces\u0173 metu. Medini\u0173 gamini\u0173 sauga ir kokyb\u0117 yra Vigi prioritetas, gamintojas pasir\u016bpino, kad \u017eaislams da\u017eyti naudojami da\u017eai atitikt\u0173 EN71 ir ASTM saugos standartus.<\/p>","protected":false},"excerpt":{"rendered":"<p>Kulodrom pastatas,\u00a0sudarytas i\u0161 auk\u0161tos kokyb\u0117s medini\u0173 nat\u016brali\u0173 blokeli\u0173, suteikia jauniems architektams daug galimybi\u0173 k\u016brybi\u0161kam, tyrin\u0117jan\u010diam ir vaizduot\u0117s \u017eaidimui. Rinkin\u012f sudaro<\/p>","protected":false},"featured_media":56531,"template":"","meta":{"_acf_changed":false,"_glsr_average":0,"_glsr_ranking":0,"_glsr_reviews":0},"product_brand":[],"product_cat":[884,883],"product_tag":[],"class_list":{"0":"post-89838","1":"product","2":"type-product","3":"status-publish","4":"has-post-thumbnail","6":"product_cat-edukaciniai-lavinamieji-mediniai-zaislai","7":"product_cat-mediniai-zaislai-2","8":"\"style=\"background-color: #2ecc711c;\"","10":"first","11":"instock","12":"purchasable","13":"product-type-simple"},"acf":[],"yoast_head":"<!-- This site is optimized with the Yoast SEO plugin v27.4 - https:\/\/yoast.com\/product\/yoast-seo-wordpress\/ -->\n<title>Medinis rutulinis takelis, rutulinis takelis, 49 elementai<\/title>\n<meta name=\"description\" content=\"Medinis rutulinis takelis, rutulinis takelis, 49 elementai - KidsPlay. Did\u017eiausias vaik\u0173 \u017eaisl\u0173 pasirinkimas.\" \/>\n<meta name=\"robots\" content=\"index, follow, max-snippet:-1, max-image-preview:large, max-video-preview:-1\" \/>\n<link rel=\"canonical\" href=\"https:\/\/kidsplay.lt\/lv\/products\/medinis-rutulinis-takelis-rutulinis-takelis-49-elementai\/\" \/>\n<meta property=\"og:locale\" content=\"lv_LV\" \/>\n<meta property=\"og:type\" content=\"article\" \/>\n<meta property=\"og:title\" content=\"Medinis rutulinis takelis, rutulinis takelis, 49 elementai\" \/>\n<meta property=\"og:description\" content=\"Medinis rutulinis takelis, rutulinis takelis, 49 elementai - KidsPlay. Did\u017eiausias vaik\u0173 \u017eaisl\u0173 pasirinkimas.\" \/>\n<meta property=\"og:url\" content=\"https:\/\/kidsplay.lt\/lv\/products\/medinis-rutulinis-takelis-rutulinis-takelis-49-elementai\/\" \/>\n<meta property=\"og:site_name\" content=\"KidsPlay\" \/>\n<meta property=\"article:publisher\" content=\"https:\/\/www.facebook.com\/www.kidsplay.lt\" \/>\n<meta property=\"article:modified_time\" content=\"2026-04-13T12:08:44+00:00\" \/>\n<meta property=\"og:image\" content=\"https:\/\/kidsplay.lt\/wp-content\/uploads\/2024\/09\/Medinis-rutulinis-takelis-rutulinis-takelis-49-elementai.jpg\" \/>\n\t<meta property=\"og:image:width\" content=\"2231\" \/>\n\t<meta property=\"og:image:height\" content=\"2232\" \/>\n\t<meta property=\"og:image:type\" content=\"image\/jpeg\" \/>\n<meta name=\"twitter:card\" content=\"summary_large_image\" \/>\n<meta name=\"twitter:label1\" content=\"Est. reading time\" \/>\n\t<meta name=\"twitter:data1\" content=\"1 min\u016bte\" \/>\n<script type=\"application\/ld+json\" class=\"yoast-schema-graph\">{\"@context\":\"https:\\\/\\\/schema.org\",\"@graph\":[{\"@type\":\"WebPage\",\"@id\":\"https:\\\/\\\/kidsplay.lt\\\/produktas\\\/medinis-rutulinis-takelis-rutulinis-takelis-49-elementai\\\/\",\"url\":\"https:\\\/\\\/kidsplay.lt\\\/produktas\\\/medinis-rutulinis-takelis-rutulinis-takelis-49-elementai\\\/\",\"name\":\"Medinis rutulinis takelis, rutulinis takelis, 49 elementai\",\"isPartOf\":{\"@id\":\"https:\\\/\\\/kidsplay.lt\\\/#website\"},\"primaryImageOfPage\":{\"@id\":\"https:\\\/\\\/kidsplay.lt\\\/produktas\\\/medinis-rutulinis-takelis-rutulinis-takelis-49-elementai\\\/#primaryimage\"},\"image\":{\"@id\":\"https:\\\/\\\/kidsplay.lt\\\/produktas\\\/medinis-rutulinis-takelis-rutulinis-takelis-49-elementai\\\/#primaryimage\"},\"thumbnailUrl\":\"https:\\\/\\\/kidsplay.lt\\\/wp-content\\\/uploads\\\/2024\\\/09\\\/Medinis-rutulinis-takelis-rutulinis-takelis-49-elementai.jpg\",\"datePublished\":\"2026-02-26T07:31:41+00:00\",\"dateModified\":\"2026-04-13T12:08:44+00:00\",\"description\":\"Medinis rutulinis takelis, rutulinis takelis, 49 elementai - KidsPlay. Did\u017eiausias vaik\u0173 \u017eaisl\u0173 pasirinkimas.\",\"breadcrumb\":{\"@id\":\"https:\\\/\\\/kidsplay.lt\\\/produktas\\\/medinis-rutulinis-takelis-rutulinis-takelis-49-elementai\\\/#breadcrumb\"},\"inLanguage\":\"lv-LV\",\"potentialAction\":[{\"@type\":\"ReadAction\",\"target\":[\"https:\\\/\\\/kidsplay.lt\\\/produktas\\\/medinis-rutulinis-takelis-rutulinis-takelis-49-elementai\\\/\"]}]},{\"@type\":\"ImageObject\",\"inLanguage\":\"lv-LV\",\"@id\":\"https:\\\/\\\/kidsplay.lt\\\/produktas\\\/medinis-rutulinis-takelis-rutulinis-takelis-49-elementai\\\/#primaryimage\",\"url\":\"https:\\\/\\\/kidsplay.lt\\\/wp-content\\\/uploads\\\/2024\\\/09\\\/Medinis-rutulinis-takelis-rutulinis-takelis-49-elementai.jpg\",\"contentUrl\":\"https:\\\/\\\/kidsplay.lt\\\/wp-content\\\/uploads\\\/2024\\\/09\\\/Medinis-rutulinis-takelis-rutulinis-takelis-49-elementai.jpg\",\"width\":2231,\"height\":2232,\"caption\":\"Medinis rutulinis takelis\"},{\"@type\":\"BreadcrumbList\",\"@id\":\"https:\\\/\\\/kidsplay.lt\\\/produktas\\\/medinis-rutulinis-takelis-rutulinis-takelis-49-elementai\\\/#breadcrumb\",\"itemListElement\":[{\"@type\":\"ListItem\",\"position\":1,\"name\":\"Pagrindinis\",\"item\":\"https:\\\/\\\/kidsplay.lt\\\/\"},{\"@type\":\"ListItem\",\"position\":2,\"name\":\"Parduotuv\u0117\",\"item\":\"https:\\\/\\\/kidsplay.lt\\\/parduotuve\\\/\"},{\"@type\":\"ListItem\",\"position\":3,\"name\":\"Medinis rutulinis takelis, rutulinis takelis, 49 elementai\"}]},{\"@type\":\"WebSite\",\"@id\":\"https:\\\/\\\/kidsplay.lt\\\/#website\",\"url\":\"https:\\\/\\\/kidsplay.lt\\\/\",\"name\":\"Kidsplay.lt\",\"description\":\"\u012evairios prek\u0117s vaikams\",\"publisher\":{\"@id\":\"https:\\\/\\\/kidsplay.lt\\\/#organization\"},\"alternateName\":\"Kidsplay\",\"potentialAction\":[{\"@type\":\"SearchAction\",\"target\":{\"@type\":\"EntryPoint\",\"urlTemplate\":\"https:\\\/\\\/kidsplay.lt\\\/?s={search_term_string}\"},\"query-input\":{\"@type\":\"PropertyValueSpecification\",\"valueRequired\":true,\"valueName\":\"search_term_string\"}}],\"inLanguage\":\"lv-LV\"},{\"@type\":\"Organization\",\"@id\":\"https:\\\/\\\/kidsplay.lt\\\/#organization\",\"name\":\"KidsPlay\",\"url\":\"https:\\\/\\\/kidsplay.lt\\\/\",\"logo\":{\"@type\":\"ImageObject\",\"inLanguage\":\"lv-LV\",\"@id\":\"https:\\\/\\\/kidsplay.lt\\\/#\\\/schema\\\/logo\\\/image\\\/\",\"url\":\"https:\\\/\\\/kidsplay.lt\\\/wp-content\\\/uploads\\\/2023\\\/07\\\/kidsplay-logo.png\",\"contentUrl\":\"https:\\\/\\\/kidsplay.lt\\\/wp-content\\\/uploads\\\/2023\\\/07\\\/kidsplay-logo.png\",\"width\":451,\"height\":98,\"caption\":\"KidsPlay\"},\"image\":{\"@id\":\"https:\\\/\\\/kidsplay.lt\\\/#\\\/schema\\\/logo\\\/image\\\/\"},\"sameAs\":[\"https:\\\/\\\/www.facebook.com\\\/www.kidsplay.lt\"]}]}<\/script>\n<!-- \/ Yoast SEO plugin. -->","yoast_head_json":{"title":"Medinis rutulinis takelis, rutulinis takelis, 49 elementai","description":"Medinis rutulinis takelis, rutulinis takelis, 49 elementai - KidsPlay. Did\u017eiausias vaik\u0173 \u017eaisl\u0173 pasirinkimas.","robots":{"index":"index","follow":"follow","max-snippet":"max-snippet:-1","max-image-preview":"max-image-preview:large","max-video-preview":"max-video-preview:-1"},"canonical":"https:\/\/kidsplay.lt\/lv\/products\/medinis-rutulinis-takelis-rutulinis-takelis-49-elementai\/","og_locale":"lv_LV","og_type":"article","og_title":"Medinis rutulinis takelis, rutulinis takelis, 49 elementai","og_description":"Medinis rutulinis takelis, rutulinis takelis, 49 elementai - KidsPlay. Did\u017eiausias vaik\u0173 \u017eaisl\u0173 pasirinkimas.","og_url":"https:\/\/kidsplay.lt\/lv\/products\/medinis-rutulinis-takelis-rutulinis-takelis-49-elementai\/","og_site_name":"KidsPlay","article_publisher":"https:\/\/www.facebook.com\/www.kidsplay.lt","article_modified_time":"2026-04-13T12:08:44+00:00","og_image":[{"width":2231,"height":2232,"url":"https:\/\/kidsplay.lt\/wp-content\/uploads\/2024\/09\/Medinis-rutulinis-takelis-rutulinis-takelis-49-elementai.jpg","type":"image\/jpeg"}],"twitter_card":"summary_large_image","twitter_misc":{"Est. reading time":"1 min\u016bte"},"schema":{"@context":"https:\/\/schema.org","@graph":[{"@type":"WebPage","@id":"https:\/\/kidsplay.lt\/produktas\/medinis-rutulinis-takelis-rutulinis-takelis-49-elementai\/","url":"https:\/\/kidsplay.lt\/produktas\/medinis-rutulinis-takelis-rutulinis-takelis-49-elementai\/","name":"Medinis rutulinis takelis, rutulinis takelis, 49 elementai","isPartOf":{"@id":"https:\/\/kidsplay.lt\/#website"},"primaryImageOfPage":{"@id":"https:\/\/kidsplay.lt\/produktas\/medinis-rutulinis-takelis-rutulinis-takelis-49-elementai\/#primaryimage"},"image":{"@id":"https:\/\/kidsplay.lt\/produktas\/medinis-rutulinis-takelis-rutulinis-takelis-49-elementai\/#primaryimage"},"thumbnailUrl":"https:\/\/kidsplay.lt\/wp-content\/uploads\/2024\/09\/Medinis-rutulinis-takelis-rutulinis-takelis-49-elementai.jpg","datePublished":"2026-02-26T07:31:41+00:00","dateModified":"2026-04-13T12:08:44+00:00","description":"Medinis rutulinis takelis, rutulinis takelis, 49 elementai - KidsPlay. Did\u017eiausias vaik\u0173 \u017eaisl\u0173 pasirinkimas.","breadcrumb":{"@id":"https:\/\/kidsplay.lt\/produktas\/medinis-rutulinis-takelis-rutulinis-takelis-49-elementai\/#breadcrumb"},"inLanguage":"lv-LV","potentialAction":[{"@type":"ReadAction","target":["https:\/\/kidsplay.lt\/produktas\/medinis-rutulinis-takelis-rutulinis-takelis-49-elementai\/"]}]},{"@type":"ImageObject","inLanguage":"lv-LV","@id":"https:\/\/kidsplay.lt\/produktas\/medinis-rutulinis-takelis-rutulinis-takelis-49-elementai\/#primaryimage","url":"https:\/\/kidsplay.lt\/wp-content\/uploads\/2024\/09\/Medinis-rutulinis-takelis-rutulinis-takelis-49-elementai.jpg","contentUrl":"https:\/\/kidsplay.lt\/wp-content\/uploads\/2024\/09\/Medinis-rutulinis-takelis-rutulinis-takelis-49-elementai.jpg","width":2231,"height":2232,"caption":"Medinis rutulinis takelis"},{"@type":"BreadcrumbList","@id":"https:\/\/kidsplay.lt\/produktas\/medinis-rutulinis-takelis-rutulinis-takelis-49-elementai\/#breadcrumb","itemListElement":[{"@type":"ListItem","position":1,"name":"Pagrindinis","item":"https:\/\/kidsplay.lt\/"},{"@type":"ListItem","position":2,"name":"Parduotuv\u0117","item":"https:\/\/kidsplay.lt\/parduotuve\/"},{"@type":"ListItem","position":3,"name":"Medinis rutulinis takelis, rutulinis takelis, 49 elementai"}]},{"@type":"WebSite","@id":"https:\/\/kidsplay.lt\/#website","url":"https:\/\/kidsplay.lt\/","name":"B\u0113rnu sp\u0113les.lv","description":"\u012evairios prek\u0117s vaikams","publisher":{"@id":"https:\/\/kidsplay.lt\/#organization"},"alternateName":"Kidsplay","potentialAction":[{"@type":"SearchAction","target":{"@type":"EntryPoint","urlTemplate":"https:\/\/kidsplay.lt\/?s={search_term_string}"},"query-input":{"@type":"PropertyValueSpecification","valueRequired":true,"valueName":"search_term_string"}}],"inLanguage":"lv-LV"},{"@type":"Organization","@id":"https:\/\/kidsplay.lt\/#organization","name":"B\u0113rnu sp\u0113le","url":"https:\/\/kidsplay.lt\/","logo":{"@type":"ImageObject","inLanguage":"lv-LV","@id":"https:\/\/kidsplay.lt\/#\/schema\/logo\/image\/","url":"https:\/\/kidsplay.lt\/wp-content\/uploads\/2023\/07\/kidsplay-logo.png","contentUrl":"https:\/\/kidsplay.lt\/wp-content\/uploads\/2023\/07\/kidsplay-logo.png","width":451,"height":98,"caption":"KidsPlay"},"image":{"@id":"https:\/\/kidsplay.lt\/#\/schema\/logo\/image\/"},"sameAs":["https:\/\/www.facebook.com\/www.kidsplay.lt"]}]}},"_links":{"self":[{"href":"https:\/\/kidsplay.lt\/lv\/wp-json\/wp\/v2\/product\/89838","targetHints":{"allow":["GET"]}}],"collection":[{"href":"https:\/\/kidsplay.lt\/lv\/wp-json\/wp\/v2\/product"}],"about":[{"href":"https:\/\/kidsplay.lt\/lv\/wp-json\/wp\/v2\/types\/product"}],"version-history":[{"count":1,"href":"https:\/\/kidsplay.lt\/lv\/wp-json\/wp\/v2\/product\/89838\/revisions"}],"predecessor-version":[{"id":89839,"href":"https:\/\/kidsplay.lt\/lv\/wp-json\/wp\/v2\/product\/89838\/revisions\/89839"}],"wp:featuredmedia":[{"embeddable":true,"href":"https:\/\/kidsplay.lt\/lv\/wp-json\/wp\/v2\/media\/56531"}],"wp:attachment":[{"href":"https:\/\/kidsplay.lt\/lv\/wp-json\/wp\/v2\/media?parent=89838"}],"wp:term":[{"taxonomy":"product_brand","embeddable":true,"href":"https:\/\/kidsplay.lt\/lv\/wp-json\/wp\/v2\/product_brand?post=89838"},{"taxonomy":"product_cat","embeddable":true,"href":"https:\/\/kidsplay.lt\/lv\/wp-json\/wp\/v2\/product_cat?post=89838"},{"taxonomy":"product_tag","embeddable":true,"href":"https:\/\/kidsplay.lt\/lv\/wp-json\/wp\/v2\/product_tag?post=89838"}],"curies":[{"name":"wp","href":"https:\/\/api.w.org\/{rel}","templated":true}]}}