{"id":89848,"date":"2026-02-26T09:32:04","date_gmt":"2026-02-26T07:32:04","guid":{"rendered":"https:\/\/kidsplay.lt\/produktas\/woopie-3-viename-serso-cornhole-hopscotch-uzmetimo-rinkinys\/"},"modified":"2026-04-07T10:47:31","modified_gmt":"2026-04-07T07:47:31","slug":"woopie-3-viename-serso-cornhole-hopscotch-uzmetimo-rinkinys","status":"publish","type":"product","link":"https:\/\/kidsplay.lt\/lv\/products\/woopie-3-viename-serso-cornhole-hopscotch-uzmetimo-rinkinys\/","title":{"rendered":"WOOPIE 3 vien\u0101 Serso Cornhole Hopscotch me\u0161anas komplekts"},"content":{"rendered":"<p>\u201eWOOPIE\u00a0Skill Games\u201c \u2013 tai i\u0161samus\u00a0daugiafunkcini\u0173\u00a0lauko \u017eaidim\u0173 rinkinys, kuris suteikia pramog\u0173 tiek vaikams, tiek suaugusiems. \u0160is rinkinys idealiai tinka naudoti sode, papl\u016bdimyje, i\u0161kylose ar kitoje lauko veikloje. \u0160ie universal\u016bs ir smag\u016bs \u017eaidimai suteiks\u00a0valand\u0173 valandas aktyvi\u0173 pramog\u0173 visai \u0161eimai , kartu skatindami\u00a0fizini\u0173 ir socialini\u0173 \u012fg\u016bd\u017ei\u0173\u00a0ugdym\u0105\u00a0. Jie taip pat padeda lavinti motorin\u0119 koordinacij\u0105, tikslum\u0105 ir strategij\u0105.<\/p>\n<p>Rakstur\u012bgs:<\/p>\n<p> \tB\u0113rniem no 3 gadu vecuma<br \/>\n \t\u017daidimai skatina veikl\u0105 lauke, o tai naudinga\u00a0fizinei sveikatai ir gerovei\u00a0.<br \/>\n \tJie padeda lavinti \u012fvairius \u012fg\u016bd\u017eius, tokius kaip\u00a0motorin\u0117 koordinacija, tikslumas ir strategija.<br \/>\n \tPuikus kompanionas papl\u016bdimyje, stovyklaujant ar i\u0161kylaujant<br \/>\n \t\u0160ie \u017eaidimai yra puikus b\u016bdas praleisti laik\u0105 su\u00a0\u0161eima ir draugais.<\/p>\n<p>Komplekt\u0101 ietilpst:<\/p>\n<p> \t5 diskai \u201eSerso\u201c \u017eaidimui<br \/>\n \t5 kai\u0161\u010diai \u201eSerso\u201c \u017eaidimui<br \/>\n \t10 pritvirtinam\u0173 lank\u0173 su hopscotch funkcija<br \/>\n \t10 ratlanki\u0173 jung\u010di\u0173<br \/>\n \t6 mai\u0161eliai populiariam \u017eaidimui \u201eCornhole\u201c \u2013 mai\u0161eli\u0173 m\u0117tymas \u012f taikin\u012f<\/p>","protected":false},"excerpt":{"rendered":"<p>\u201eWOOPIE\u00a0Skill Games\u201c \u2013 tai i\u0161samus\u00a0daugiafunkcini\u0173\u00a0lauko \u017eaidim\u0173 rinkinys, kuris suteikia pramog\u0173 tiek vaikams, tiek suaugusiems. \u0160is rinkinys idealiai tinka naudoti sode,<\/p>","protected":false},"featured_media":67364,"template":"","meta":{"_acf_changed":false,"_glsr_average":0,"_glsr_ranking":0,"_glsr_reviews":0},"product_brand":[],"product_cat":[233,430],"product_tag":[],"class_list":{"0":"post-89848","1":"product","2":"type-product","3":"status-publish","4":"has-post-thumbnail","6":"product_cat-lauko-pramogos","7":"product_cat-zaidimai-ir-linksmybes","8":"\"style=\"background-color: #2ecc711c;\"","10":"first","11":"instock","12":"purchasable","13":"product-type-simple"},"acf":[],"yoast_head":"<!-- This site is optimized with the Yoast SEO plugin v27.3 - https:\/\/yoast.com\/product\/yoast-seo-wordpress\/ -->\n<title>WOOPIE 3 viename \u201eSerso Cornhole Hopscotch\u201c u\u017emetimo rinkinys<\/title>\n<meta name=\"description\" content=\"WOOPIE 3 viename \u201eSerso Cornhole Hopscotch\u201c u\u017emetimo rinkinys - KidsPlay. Did\u017eiausias vaik\u0173 \u017eaisl\u0173 pasirinkimas.\" \/>\n<meta name=\"robots\" content=\"index, follow, max-snippet:-1, max-image-preview:large, max-video-preview:-1\" \/>\n<link rel=\"canonical\" href=\"https:\/\/kidsplay.lt\/lv\/products\/woopie-3-viename-serso-cornhole-hopscotch-uzmetimo-rinkinys\/\" \/>\n<meta property=\"og:locale\" content=\"lv_LV\" \/>\n<meta property=\"og:type\" content=\"article\" \/>\n<meta property=\"og:title\" content=\"WOOPIE 3 viename \u201eSerso Cornhole Hopscotch\u201c u\u017emetimo rinkinys\" \/>\n<meta property=\"og:description\" content=\"WOOPIE 3 viename \u201eSerso Cornhole Hopscotch\u201c u\u017emetimo rinkinys - KidsPlay. Did\u017eiausias vaik\u0173 \u017eaisl\u0173 pasirinkimas.\" \/>\n<meta property=\"og:url\" content=\"https:\/\/kidsplay.lt\/lv\/products\/woopie-3-viename-serso-cornhole-hopscotch-uzmetimo-rinkinys\/\" \/>\n<meta property=\"og:site_name\" content=\"KidsPlay\" \/>\n<meta property=\"article:publisher\" content=\"https:\/\/www.facebook.com\/www.kidsplay.lt\" \/>\n<meta property=\"article:modified_time\" content=\"2026-04-07T07:47:31+00:00\" \/>\n<meta property=\"og:image\" content=\"https:\/\/kidsplay.lt\/wp-content\/uploads\/2025\/09\/WOOPIE-3-viename-\u201eSerso-Cornhole-Hopscotch-uzmetimo-rinkinys.jpg\" \/>\n\t<meta property=\"og:image:width\" content=\"2560\" \/>\n\t<meta property=\"og:image:height\" content=\"2560\" \/>\n\t<meta property=\"og:image:type\" content=\"image\/jpeg\" \/>\n<meta name=\"twitter:card\" content=\"summary_large_image\" \/>\n<meta name=\"twitter:label1\" content=\"Est. reading time\" \/>\n\t<meta name=\"twitter:data1\" content=\"1 min\u016bte\" \/>\n<script type=\"application\/ld+json\" class=\"yoast-schema-graph\">{\"@context\":\"https:\\\/\\\/schema.org\",\"@graph\":[{\"@type\":\"WebPage\",\"@id\":\"https:\\\/\\\/kidsplay.lt\\\/produktas\\\/woopie-3-viename-serso-cornhole-hopscotch-uzmetimo-rinkinys\\\/\",\"url\":\"https:\\\/\\\/kidsplay.lt\\\/produktas\\\/woopie-3-viename-serso-cornhole-hopscotch-uzmetimo-rinkinys\\\/\",\"name\":\"WOOPIE 3 viename \u201eSerso Cornhole Hopscotch\u201c u\u017emetimo rinkinys\",\"isPartOf\":{\"@id\":\"https:\\\/\\\/kidsplay.lt\\\/#website\"},\"primaryImageOfPage\":{\"@id\":\"https:\\\/\\\/kidsplay.lt\\\/produktas\\\/woopie-3-viename-serso-cornhole-hopscotch-uzmetimo-rinkinys\\\/#primaryimage\"},\"image\":{\"@id\":\"https:\\\/\\\/kidsplay.lt\\\/produktas\\\/woopie-3-viename-serso-cornhole-hopscotch-uzmetimo-rinkinys\\\/#primaryimage\"},\"thumbnailUrl\":\"https:\\\/\\\/kidsplay.lt\\\/wp-content\\\/uploads\\\/2025\\\/09\\\/WOOPIE-3-viename-\u201eSerso-Cornhole-Hopscotch-uzmetimo-rinkinys.jpg\",\"datePublished\":\"2026-02-26T07:32:04+00:00\",\"dateModified\":\"2026-04-07T07:47:31+00:00\",\"description\":\"WOOPIE 3 viename \u201eSerso Cornhole Hopscotch\u201c u\u017emetimo rinkinys - KidsPlay. Did\u017eiausias vaik\u0173 \u017eaisl\u0173 pasirinkimas.\",\"breadcrumb\":{\"@id\":\"https:\\\/\\\/kidsplay.lt\\\/produktas\\\/woopie-3-viename-serso-cornhole-hopscotch-uzmetimo-rinkinys\\\/#breadcrumb\"},\"inLanguage\":\"lv-LV\",\"potentialAction\":[{\"@type\":\"ReadAction\",\"target\":[\"https:\\\/\\\/kidsplay.lt\\\/produktas\\\/woopie-3-viename-serso-cornhole-hopscotch-uzmetimo-rinkinys\\\/\"]}]},{\"@type\":\"ImageObject\",\"inLanguage\":\"lv-LV\",\"@id\":\"https:\\\/\\\/kidsplay.lt\\\/produktas\\\/woopie-3-viename-serso-cornhole-hopscotch-uzmetimo-rinkinys\\\/#primaryimage\",\"url\":\"https:\\\/\\\/kidsplay.lt\\\/wp-content\\\/uploads\\\/2025\\\/09\\\/WOOPIE-3-viename-\u201eSerso-Cornhole-Hopscotch-uzmetimo-rinkinys.jpg\",\"contentUrl\":\"https:\\\/\\\/kidsplay.lt\\\/wp-content\\\/uploads\\\/2025\\\/09\\\/WOOPIE-3-viename-\u201eSerso-Cornhole-Hopscotch-uzmetimo-rinkinys.jpg\",\"width\":2560,\"height\":2560,\"caption\":\"WOOPIE 3 viename \u201eSerso Cornhole Hopscotch\u201c u\u017emetimo rinkinys\"},{\"@type\":\"BreadcrumbList\",\"@id\":\"https:\\\/\\\/kidsplay.lt\\\/produktas\\\/woopie-3-viename-serso-cornhole-hopscotch-uzmetimo-rinkinys\\\/#breadcrumb\",\"itemListElement\":[{\"@type\":\"ListItem\",\"position\":1,\"name\":\"Pagrindinis\",\"item\":\"https:\\\/\\\/kidsplay.lt\\\/\"},{\"@type\":\"ListItem\",\"position\":2,\"name\":\"Parduotuv\u0117\",\"item\":\"https:\\\/\\\/kidsplay.lt\\\/parduotuve\\\/\"},{\"@type\":\"ListItem\",\"position\":3,\"name\":\"WOOPIE 3 viename \u201eSerso Cornhole Hopscotch\u201c u\u017emetimo rinkinys\"}]},{\"@type\":\"WebSite\",\"@id\":\"https:\\\/\\\/kidsplay.lt\\\/#website\",\"url\":\"https:\\\/\\\/kidsplay.lt\\\/\",\"name\":\"Kidsplay.lt\",\"description\":\"\u012evairios prek\u0117s vaikams\",\"publisher\":{\"@id\":\"https:\\\/\\\/kidsplay.lt\\\/#organization\"},\"alternateName\":\"Kidsplay\",\"potentialAction\":[{\"@type\":\"SearchAction\",\"target\":{\"@type\":\"EntryPoint\",\"urlTemplate\":\"https:\\\/\\\/kidsplay.lt\\\/?s={search_term_string}\"},\"query-input\":{\"@type\":\"PropertyValueSpecification\",\"valueRequired\":true,\"valueName\":\"search_term_string\"}}],\"inLanguage\":\"lv-LV\"},{\"@type\":\"Organization\",\"@id\":\"https:\\\/\\\/kidsplay.lt\\\/#organization\",\"name\":\"KidsPlay\",\"url\":\"https:\\\/\\\/kidsplay.lt\\\/\",\"logo\":{\"@type\":\"ImageObject\",\"inLanguage\":\"lv-LV\",\"@id\":\"https:\\\/\\\/kidsplay.lt\\\/#\\\/schema\\\/logo\\\/image\\\/\",\"url\":\"https:\\\/\\\/kidsplay.lt\\\/wp-content\\\/uploads\\\/2023\\\/07\\\/kidsplay-logo.png\",\"contentUrl\":\"https:\\\/\\\/kidsplay.lt\\\/wp-content\\\/uploads\\\/2023\\\/07\\\/kidsplay-logo.png\",\"width\":451,\"height\":98,\"caption\":\"KidsPlay\"},\"image\":{\"@id\":\"https:\\\/\\\/kidsplay.lt\\\/#\\\/schema\\\/logo\\\/image\\\/\"},\"sameAs\":[\"https:\\\/\\\/www.facebook.com\\\/www.kidsplay.lt\"]}]}<\/script>\n<!-- \/ Yoast SEO plugin. -->","yoast_head_json":{"title":"WOOPIE 3 vien\u0101 Serso Cornhole Hopscotch me\u0161anas komplekts","description":"WOOPIE 3 viename \u201eSerso Cornhole Hopscotch\u201c u\u017emetimo rinkinys - KidsPlay. Did\u017eiausias vaik\u0173 \u017eaisl\u0173 pasirinkimas.","robots":{"index":"index","follow":"follow","max-snippet":"max-snippet:-1","max-image-preview":"max-image-preview:large","max-video-preview":"max-video-preview:-1"},"canonical":"https:\/\/kidsplay.lt\/lv\/products\/woopie-3-viename-serso-cornhole-hopscotch-uzmetimo-rinkinys\/","og_locale":"lv_LV","og_type":"article","og_title":"WOOPIE 3 viename \u201eSerso Cornhole Hopscotch\u201c u\u017emetimo rinkinys","og_description":"WOOPIE 3 viename \u201eSerso Cornhole Hopscotch\u201c u\u017emetimo rinkinys - KidsPlay. Did\u017eiausias vaik\u0173 \u017eaisl\u0173 pasirinkimas.","og_url":"https:\/\/kidsplay.lt\/lv\/products\/woopie-3-viename-serso-cornhole-hopscotch-uzmetimo-rinkinys\/","og_site_name":"KidsPlay","article_publisher":"https:\/\/www.facebook.com\/www.kidsplay.lt","article_modified_time":"2026-04-07T07:47:31+00:00","og_image":[{"width":2560,"height":2560,"url":"https:\/\/kidsplay.lt\/wp-content\/uploads\/2025\/09\/WOOPIE-3-viename-\u201eSerso-Cornhole-Hopscotch-uzmetimo-rinkinys.jpg","type":"image\/jpeg"}],"twitter_card":"summary_large_image","twitter_misc":{"Est. reading time":"1 min\u016bte"},"schema":{"@context":"https:\/\/schema.org","@graph":[{"@type":"WebPage","@id":"https:\/\/kidsplay.lt\/produktas\/woopie-3-viename-serso-cornhole-hopscotch-uzmetimo-rinkinys\/","url":"https:\/\/kidsplay.lt\/produktas\/woopie-3-viename-serso-cornhole-hopscotch-uzmetimo-rinkinys\/","name":"WOOPIE 3 vien\u0101 Serso Cornhole Hopscotch me\u0161anas komplekts","isPartOf":{"@id":"https:\/\/kidsplay.lt\/#website"},"primaryImageOfPage":{"@id":"https:\/\/kidsplay.lt\/produktas\/woopie-3-viename-serso-cornhole-hopscotch-uzmetimo-rinkinys\/#primaryimage"},"image":{"@id":"https:\/\/kidsplay.lt\/produktas\/woopie-3-viename-serso-cornhole-hopscotch-uzmetimo-rinkinys\/#primaryimage"},"thumbnailUrl":"https:\/\/kidsplay.lt\/wp-content\/uploads\/2025\/09\/WOOPIE-3-viename-\u201eSerso-Cornhole-Hopscotch-uzmetimo-rinkinys.jpg","datePublished":"2026-02-26T07:32:04+00:00","dateModified":"2026-04-07T07:47:31+00:00","description":"WOOPIE 3 viename \u201eSerso Cornhole Hopscotch\u201c u\u017emetimo rinkinys - KidsPlay. Did\u017eiausias vaik\u0173 \u017eaisl\u0173 pasirinkimas.","breadcrumb":{"@id":"https:\/\/kidsplay.lt\/produktas\/woopie-3-viename-serso-cornhole-hopscotch-uzmetimo-rinkinys\/#breadcrumb"},"inLanguage":"lv-LV","potentialAction":[{"@type":"ReadAction","target":["https:\/\/kidsplay.lt\/produktas\/woopie-3-viename-serso-cornhole-hopscotch-uzmetimo-rinkinys\/"]}]},{"@type":"ImageObject","inLanguage":"lv-LV","@id":"https:\/\/kidsplay.lt\/produktas\/woopie-3-viename-serso-cornhole-hopscotch-uzmetimo-rinkinys\/#primaryimage","url":"https:\/\/kidsplay.lt\/wp-content\/uploads\/2025\/09\/WOOPIE-3-viename-\u201eSerso-Cornhole-Hopscotch-uzmetimo-rinkinys.jpg","contentUrl":"https:\/\/kidsplay.lt\/wp-content\/uploads\/2025\/09\/WOOPIE-3-viename-\u201eSerso-Cornhole-Hopscotch-uzmetimo-rinkinys.jpg","width":2560,"height":2560,"caption":"WOOPIE 3 viename \u201eSerso Cornhole Hopscotch\u201c u\u017emetimo rinkinys"},{"@type":"BreadcrumbList","@id":"https:\/\/kidsplay.lt\/produktas\/woopie-3-viename-serso-cornhole-hopscotch-uzmetimo-rinkinys\/#breadcrumb","itemListElement":[{"@type":"ListItem","position":1,"name":"Pagrindinis","item":"https:\/\/kidsplay.lt\/"},{"@type":"ListItem","position":2,"name":"Parduotuv\u0117","item":"https:\/\/kidsplay.lt\/parduotuve\/"},{"@type":"ListItem","position":3,"name":"WOOPIE 3 viename \u201eSerso Cornhole Hopscotch\u201c u\u017emetimo rinkinys"}]},{"@type":"WebSite","@id":"https:\/\/kidsplay.lt\/#website","url":"https:\/\/kidsplay.lt\/","name":"B\u0113rnu sp\u0113les.lv","description":"\u012evairios prek\u0117s vaikams","publisher":{"@id":"https:\/\/kidsplay.lt\/#organization"},"alternateName":"Kidsplay","potentialAction":[{"@type":"SearchAction","target":{"@type":"EntryPoint","urlTemplate":"https:\/\/kidsplay.lt\/?s={search_term_string}"},"query-input":{"@type":"PropertyValueSpecification","valueRequired":true,"valueName":"search_term_string"}}],"inLanguage":"lv-LV"},{"@type":"Organization","@id":"https:\/\/kidsplay.lt\/#organization","name":"B\u0113rnu sp\u0113le","url":"https:\/\/kidsplay.lt\/","logo":{"@type":"ImageObject","inLanguage":"lv-LV","@id":"https:\/\/kidsplay.lt\/#\/schema\/logo\/image\/","url":"https:\/\/kidsplay.lt\/wp-content\/uploads\/2023\/07\/kidsplay-logo.png","contentUrl":"https:\/\/kidsplay.lt\/wp-content\/uploads\/2023\/07\/kidsplay-logo.png","width":451,"height":98,"caption":"KidsPlay"},"image":{"@id":"https:\/\/kidsplay.lt\/#\/schema\/logo\/image\/"},"sameAs":["https:\/\/www.facebook.com\/www.kidsplay.lt"]}]}},"_links":{"self":[{"href":"https:\/\/kidsplay.lt\/lv\/wp-json\/wp\/v2\/product\/89848","targetHints":{"allow":["GET"]}}],"collection":[{"href":"https:\/\/kidsplay.lt\/lv\/wp-json\/wp\/v2\/product"}],"about":[{"href":"https:\/\/kidsplay.lt\/lv\/wp-json\/wp\/v2\/types\/product"}],"version-history":[{"count":1,"href":"https:\/\/kidsplay.lt\/lv\/wp-json\/wp\/v2\/product\/89848\/revisions"}],"predecessor-version":[{"id":89849,"href":"https:\/\/kidsplay.lt\/lv\/wp-json\/wp\/v2\/product\/89848\/revisions\/89849"}],"wp:featuredmedia":[{"embeddable":true,"href":"https:\/\/kidsplay.lt\/lv\/wp-json\/wp\/v2\/media\/67364"}],"wp:attachment":[{"href":"https:\/\/kidsplay.lt\/lv\/wp-json\/wp\/v2\/media?parent=89848"}],"wp:term":[{"taxonomy":"product_brand","embeddable":true,"href":"https:\/\/kidsplay.lt\/lv\/wp-json\/wp\/v2\/product_brand?post=89848"},{"taxonomy":"product_cat","embeddable":true,"href":"https:\/\/kidsplay.lt\/lv\/wp-json\/wp\/v2\/product_cat?post=89848"},{"taxonomy":"product_tag","embeddable":true,"href":"https:\/\/kidsplay.lt\/lv\/wp-json\/wp\/v2\/product_tag?post=89848"}],"curies":[{"name":"wp","href":"https:\/\/api.w.org\/{rel}","templated":true}]}}