{"id":89852,"date":"2026-02-26T09:32:10","date_gmt":"2026-02-26T07:32:10","guid":{"rendered":"https:\/\/kidsplay.lt\/produktas\/woopie-arkadinis-zaidimas-serso-fun-metymo-ratas-3\/"},"modified":"2026-04-07T10:47:36","modified_gmt":"2026-04-07T07:47:36","slug":"woopie-arkadinis-zaidimas-serso-fun-metymo-ratas-3","status":"publish","type":"product","link":"https:\/\/kidsplay.lt\/lv\/products\/woopie-arkadinis-zaidimas-serso-fun-metymo-ratas-3\/","title":{"rendered":"WOOPIE arkadinis \u017eaidimas SERSO FUN m\u0117tymo ratas 3+"},"content":{"rendered":"<p>\u201e WOOPIE\u00a0\u201c\u00a0\u017eaidimas\u00a0\u201eSERSO FUN THROWING CIRCLE\u201c\u00a0yra \u012fdomus ir dinami\u0161kas\u00a0arkadinis \u017eaidimas\u00a0, kuris sudomins vis\u0105 \u0161eim\u0105. Puikiai tinka\u00a0praleisti\u00a0laik\u0105\u00a0kartu\u00a0lauke ar namuose.\u00a0Tai nuostabus \u017eaislas, kuris derina fizin\u012f aktyvum\u0105 su pramogomis ir\u00a0mokymusi\u00a0. Toks \u017eaidimas kaip \u201eSerso\u201c yra puikus b\u016bdas lavinti vaiko \u012fg\u016bd\u017eius ir \u012ftraukti vis\u0105 \u0161eim\u0105 \u012f sveik\u0105 konkurencij\u0105.<\/p>\n<p>Rakstur\u012bgs:<\/p>\n<p> \t&#8211;\u00a0Am\u017eius:\u00a0nuo 3 met\u0173.<br \/>\n \t&#8211;\u00a0\u017daid\u0117j\u0173 skai\u010dius:\u00a0Galimyb\u0117 \u017eaisti vienam arba grup\u0117je.<br \/>\n \t&#8211;\u00a0Pramogos tiek viduje, tiek lauke:\u00a0\u00a0puikiai tinka bet kokiai veiklai<br \/>\n \t&#8211;\u00a0Rinkinio sud\u0117tis:\u00a05 m\u0117tymo \u017eiedai, 5 skirting\u0173 spalv\u0173 kuoliukai<\/p>\n<p>Pagrindiniai privalumai:<\/p>\n<p>&#8211;\u00a0Vikrumo lavinimas:\u00a0M\u0117tydami ir taikydamiesi \u012f kuolus, vaikai ir suaugusieji\u00a0lavina savo motorinius \u012fg\u016bd\u017eius\u00a0.<\/p>\n<p>&#8211;\u00a0Naudojimo paprastumas:\u00a0\u017eaidimas lengvai surenkamas ir i\u0161ardomas, tod\u0117l smagus ir be nereikaling\u0173 komplikacij\u0173.<\/p>\n<p>&#8211;\u00a0Universalumas:\u00a0neribotas \u017eaid\u0117j\u0173 skai\u010dius leid\u017eia \u017eaisti visiems, nepriklausomai nuo am\u017eiaus.<\/p>\n<p>&#8211;\u00a0Edukacin\u0117 nauda:\u00a0lavina\u00a0rank\u0173 ir aki\u0173 koordinacij\u0105, tikslum\u0105, susikaupim\u0105\u00a0ir\u00a0refleksus\u00a0.<\/p>","protected":false},"excerpt":{"rendered":"<p>\u201e WOOPIE\u00a0\u201c\u00a0\u017eaidimas\u00a0\u201eSERSO FUN THROWING CIRCLE\u201c\u00a0yra \u012fdomus ir dinami\u0161kas\u00a0arkadinis \u017eaidimas\u00a0, kuris sudomins vis\u0105 \u0161eim\u0105. Puikiai tinka\u00a0praleisti\u00a0laik\u0105\u00a0kartu\u00a0lauke ar namuose.\u00a0Tai nuostabus \u017eaislas, kuris<\/p>","protected":false},"featured_media":67369,"template":"","meta":{"_acf_changed":false,"_glsr_average":0,"_glsr_ranking":0,"_glsr_reviews":0},"product_brand":[],"product_cat":[388,229],"product_tag":[],"class_list":{"0":"post-89852","1":"product","2":"type-product","3":"status-publish","4":"has-post-thumbnail","6":"product_cat-edukaciniai-lavinamieji-zaislai","7":"product_cat-zaislai-vaikams","8":"\"style=\"background-color: #2ecc711c;\"","10":"first","11":"instock","12":"purchasable","13":"product-type-simple"},"acf":[],"yoast_head":"<!-- This site is optimized with the Yoast SEO plugin v27.3 - https:\/\/yoast.com\/product\/yoast-seo-wordpress\/ -->\n<title>WOOPIE arkadinis \u017eaidimas SERSO FUN m\u0117tymo ratas 3+<\/title>\n<meta name=\"description\" content=\"WOOPIE arkadinis \u017eaidimas SERSO FUN m\u0117tymo ratas 3+ - KidsPlay. Did\u017eiausias vaik\u0173 \u017eaisl\u0173 pasirinkimas.\" \/>\n<meta name=\"robots\" content=\"index, follow, max-snippet:-1, max-image-preview:large, max-video-preview:-1\" \/>\n<link rel=\"canonical\" href=\"https:\/\/kidsplay.lt\/lv\/products\/woopie-arkadinis-zaidimas-serso-fun-metymo-ratas-3\/\" \/>\n<meta property=\"og:locale\" content=\"lv_LV\" \/>\n<meta property=\"og:type\" content=\"article\" \/>\n<meta property=\"og:title\" content=\"WOOPIE arkadinis \u017eaidimas SERSO FUN m\u0117tymo ratas 3+\" \/>\n<meta property=\"og:description\" content=\"WOOPIE arkadinis \u017eaidimas SERSO FUN m\u0117tymo ratas 3+ - KidsPlay. Did\u017eiausias vaik\u0173 \u017eaisl\u0173 pasirinkimas.\" \/>\n<meta property=\"og:url\" content=\"https:\/\/kidsplay.lt\/lv\/products\/woopie-arkadinis-zaidimas-serso-fun-metymo-ratas-3\/\" \/>\n<meta property=\"og:site_name\" content=\"KidsPlay\" \/>\n<meta property=\"article:publisher\" content=\"https:\/\/www.facebook.com\/www.kidsplay.lt\" \/>\n<meta property=\"article:modified_time\" content=\"2026-04-07T07:47:36+00:00\" \/>\n<meta property=\"og:image\" content=\"https:\/\/kidsplay.lt\/wp-content\/uploads\/2025\/09\/WOOPIE-arkadinis-zaidimas-SERSO-FUN-metymo-ratas-3.jpg\" \/>\n\t<meta property=\"og:image:width\" content=\"2560\" \/>\n\t<meta property=\"og:image:height\" content=\"2560\" \/>\n\t<meta property=\"og:image:type\" content=\"image\/jpeg\" \/>\n<meta name=\"twitter:card\" content=\"summary_large_image\" \/>\n<meta name=\"twitter:label1\" content=\"Est. reading time\" \/>\n\t<meta name=\"twitter:data1\" content=\"1 min\u016bte\" \/>\n<script type=\"application\/ld+json\" class=\"yoast-schema-graph\">{\"@context\":\"https:\\\/\\\/schema.org\",\"@graph\":[{\"@type\":\"WebPage\",\"@id\":\"https:\\\/\\\/kidsplay.lt\\\/produktas\\\/woopie-arkadinis-zaidimas-serso-fun-metymo-ratas-3\\\/\",\"url\":\"https:\\\/\\\/kidsplay.lt\\\/produktas\\\/woopie-arkadinis-zaidimas-serso-fun-metymo-ratas-3\\\/\",\"name\":\"WOOPIE arkadinis \u017eaidimas SERSO FUN m\u0117tymo ratas 3+\",\"isPartOf\":{\"@id\":\"https:\\\/\\\/kidsplay.lt\\\/#website\"},\"primaryImageOfPage\":{\"@id\":\"https:\\\/\\\/kidsplay.lt\\\/produktas\\\/woopie-arkadinis-zaidimas-serso-fun-metymo-ratas-3\\\/#primaryimage\"},\"image\":{\"@id\":\"https:\\\/\\\/kidsplay.lt\\\/produktas\\\/woopie-arkadinis-zaidimas-serso-fun-metymo-ratas-3\\\/#primaryimage\"},\"thumbnailUrl\":\"https:\\\/\\\/kidsplay.lt\\\/wp-content\\\/uploads\\\/2025\\\/09\\\/WOOPIE-arkadinis-zaidimas-SERSO-FUN-metymo-ratas-3.jpg\",\"datePublished\":\"2026-02-26T07:32:10+00:00\",\"dateModified\":\"2026-04-07T07:47:36+00:00\",\"description\":\"WOOPIE arkadinis \u017eaidimas SERSO FUN m\u0117tymo ratas 3+ - KidsPlay. Did\u017eiausias vaik\u0173 \u017eaisl\u0173 pasirinkimas.\",\"breadcrumb\":{\"@id\":\"https:\\\/\\\/kidsplay.lt\\\/produktas\\\/woopie-arkadinis-zaidimas-serso-fun-metymo-ratas-3\\\/#breadcrumb\"},\"inLanguage\":\"lv-LV\",\"potentialAction\":[{\"@type\":\"ReadAction\",\"target\":[\"https:\\\/\\\/kidsplay.lt\\\/produktas\\\/woopie-arkadinis-zaidimas-serso-fun-metymo-ratas-3\\\/\"]}]},{\"@type\":\"ImageObject\",\"inLanguage\":\"lv-LV\",\"@id\":\"https:\\\/\\\/kidsplay.lt\\\/produktas\\\/woopie-arkadinis-zaidimas-serso-fun-metymo-ratas-3\\\/#primaryimage\",\"url\":\"https:\\\/\\\/kidsplay.lt\\\/wp-content\\\/uploads\\\/2025\\\/09\\\/WOOPIE-arkadinis-zaidimas-SERSO-FUN-metymo-ratas-3.jpg\",\"contentUrl\":\"https:\\\/\\\/kidsplay.lt\\\/wp-content\\\/uploads\\\/2025\\\/09\\\/WOOPIE-arkadinis-zaidimas-SERSO-FUN-metymo-ratas-3.jpg\",\"width\":2560,\"height\":2560,\"caption\":\"WOOPIE arkadinis \u017eaidimas SERSO FUN m\u0117tymo ratas 3+\"},{\"@type\":\"BreadcrumbList\",\"@id\":\"https:\\\/\\\/kidsplay.lt\\\/produktas\\\/woopie-arkadinis-zaidimas-serso-fun-metymo-ratas-3\\\/#breadcrumb\",\"itemListElement\":[{\"@type\":\"ListItem\",\"position\":1,\"name\":\"Pagrindinis\",\"item\":\"https:\\\/\\\/kidsplay.lt\\\/\"},{\"@type\":\"ListItem\",\"position\":2,\"name\":\"Parduotuv\u0117\",\"item\":\"https:\\\/\\\/kidsplay.lt\\\/parduotuve\\\/\"},{\"@type\":\"ListItem\",\"position\":3,\"name\":\"WOOPIE arkadinis \u017eaidimas SERSO FUN m\u0117tymo ratas 3+\"}]},{\"@type\":\"WebSite\",\"@id\":\"https:\\\/\\\/kidsplay.lt\\\/#website\",\"url\":\"https:\\\/\\\/kidsplay.lt\\\/\",\"name\":\"Kidsplay.lt\",\"description\":\"\u012evairios prek\u0117s vaikams\",\"publisher\":{\"@id\":\"https:\\\/\\\/kidsplay.lt\\\/#organization\"},\"alternateName\":\"Kidsplay\",\"potentialAction\":[{\"@type\":\"SearchAction\",\"target\":{\"@type\":\"EntryPoint\",\"urlTemplate\":\"https:\\\/\\\/kidsplay.lt\\\/?s={search_term_string}\"},\"query-input\":{\"@type\":\"PropertyValueSpecification\",\"valueRequired\":true,\"valueName\":\"search_term_string\"}}],\"inLanguage\":\"lv-LV\"},{\"@type\":\"Organization\",\"@id\":\"https:\\\/\\\/kidsplay.lt\\\/#organization\",\"name\":\"KidsPlay\",\"url\":\"https:\\\/\\\/kidsplay.lt\\\/\",\"logo\":{\"@type\":\"ImageObject\",\"inLanguage\":\"lv-LV\",\"@id\":\"https:\\\/\\\/kidsplay.lt\\\/#\\\/schema\\\/logo\\\/image\\\/\",\"url\":\"https:\\\/\\\/kidsplay.lt\\\/wp-content\\\/uploads\\\/2023\\\/07\\\/kidsplay-logo.png\",\"contentUrl\":\"https:\\\/\\\/kidsplay.lt\\\/wp-content\\\/uploads\\\/2023\\\/07\\\/kidsplay-logo.png\",\"width\":451,\"height\":98,\"caption\":\"KidsPlay\"},\"image\":{\"@id\":\"https:\\\/\\\/kidsplay.lt\\\/#\\\/schema\\\/logo\\\/image\\\/\"},\"sameAs\":[\"https:\\\/\\\/www.facebook.com\\\/www.kidsplay.lt\"]}]}<\/script>\n<!-- \/ Yoast SEO plugin. -->","yoast_head_json":{"title":"WOOPIE arkadinis \u017eaidimas SERSO FUN m\u0117tymo ratas 3+","description":"WOOPIE arkadinis \u017eaidimas SERSO FUN m\u0117tymo ratas 3+ - KidsPlay. Did\u017eiausias vaik\u0173 \u017eaisl\u0173 pasirinkimas.","robots":{"index":"index","follow":"follow","max-snippet":"max-snippet:-1","max-image-preview":"max-image-preview:large","max-video-preview":"max-video-preview:-1"},"canonical":"https:\/\/kidsplay.lt\/lv\/products\/woopie-arkadinis-zaidimas-serso-fun-metymo-ratas-3\/","og_locale":"lv_LV","og_type":"article","og_title":"WOOPIE arkadinis \u017eaidimas SERSO FUN m\u0117tymo ratas 3+","og_description":"WOOPIE arkadinis \u017eaidimas SERSO FUN m\u0117tymo ratas 3+ - KidsPlay. Did\u017eiausias vaik\u0173 \u017eaisl\u0173 pasirinkimas.","og_url":"https:\/\/kidsplay.lt\/lv\/products\/woopie-arkadinis-zaidimas-serso-fun-metymo-ratas-3\/","og_site_name":"KidsPlay","article_publisher":"https:\/\/www.facebook.com\/www.kidsplay.lt","article_modified_time":"2026-04-07T07:47:36+00:00","og_image":[{"width":2560,"height":2560,"url":"https:\/\/kidsplay.lt\/wp-content\/uploads\/2025\/09\/WOOPIE-arkadinis-zaidimas-SERSO-FUN-metymo-ratas-3.jpg","type":"image\/jpeg"}],"twitter_card":"summary_large_image","twitter_misc":{"Est. reading time":"1 min\u016bte"},"schema":{"@context":"https:\/\/schema.org","@graph":[{"@type":"WebPage","@id":"https:\/\/kidsplay.lt\/produktas\/woopie-arkadinis-zaidimas-serso-fun-metymo-ratas-3\/","url":"https:\/\/kidsplay.lt\/produktas\/woopie-arkadinis-zaidimas-serso-fun-metymo-ratas-3\/","name":"WOOPIE arkadinis \u017eaidimas SERSO FUN m\u0117tymo ratas 3+","isPartOf":{"@id":"https:\/\/kidsplay.lt\/#website"},"primaryImageOfPage":{"@id":"https:\/\/kidsplay.lt\/produktas\/woopie-arkadinis-zaidimas-serso-fun-metymo-ratas-3\/#primaryimage"},"image":{"@id":"https:\/\/kidsplay.lt\/produktas\/woopie-arkadinis-zaidimas-serso-fun-metymo-ratas-3\/#primaryimage"},"thumbnailUrl":"https:\/\/kidsplay.lt\/wp-content\/uploads\/2025\/09\/WOOPIE-arkadinis-zaidimas-SERSO-FUN-metymo-ratas-3.jpg","datePublished":"2026-02-26T07:32:10+00:00","dateModified":"2026-04-07T07:47:36+00:00","description":"WOOPIE arkadinis \u017eaidimas SERSO FUN m\u0117tymo ratas 3+ - KidsPlay. Did\u017eiausias vaik\u0173 \u017eaisl\u0173 pasirinkimas.","breadcrumb":{"@id":"https:\/\/kidsplay.lt\/produktas\/woopie-arkadinis-zaidimas-serso-fun-metymo-ratas-3\/#breadcrumb"},"inLanguage":"lv-LV","potentialAction":[{"@type":"ReadAction","target":["https:\/\/kidsplay.lt\/produktas\/woopie-arkadinis-zaidimas-serso-fun-metymo-ratas-3\/"]}]},{"@type":"ImageObject","inLanguage":"lv-LV","@id":"https:\/\/kidsplay.lt\/produktas\/woopie-arkadinis-zaidimas-serso-fun-metymo-ratas-3\/#primaryimage","url":"https:\/\/kidsplay.lt\/wp-content\/uploads\/2025\/09\/WOOPIE-arkadinis-zaidimas-SERSO-FUN-metymo-ratas-3.jpg","contentUrl":"https:\/\/kidsplay.lt\/wp-content\/uploads\/2025\/09\/WOOPIE-arkadinis-zaidimas-SERSO-FUN-metymo-ratas-3.jpg","width":2560,"height":2560,"caption":"WOOPIE arkadinis \u017eaidimas SERSO FUN m\u0117tymo ratas 3+"},{"@type":"BreadcrumbList","@id":"https:\/\/kidsplay.lt\/produktas\/woopie-arkadinis-zaidimas-serso-fun-metymo-ratas-3\/#breadcrumb","itemListElement":[{"@type":"ListItem","position":1,"name":"Pagrindinis","item":"https:\/\/kidsplay.lt\/"},{"@type":"ListItem","position":2,"name":"Parduotuv\u0117","item":"https:\/\/kidsplay.lt\/parduotuve\/"},{"@type":"ListItem","position":3,"name":"WOOPIE arkadinis \u017eaidimas SERSO FUN m\u0117tymo ratas 3+"}]},{"@type":"WebSite","@id":"https:\/\/kidsplay.lt\/#website","url":"https:\/\/kidsplay.lt\/","name":"B\u0113rnu sp\u0113les.lv","description":"\u012evairios prek\u0117s vaikams","publisher":{"@id":"https:\/\/kidsplay.lt\/#organization"},"alternateName":"Kidsplay","potentialAction":[{"@type":"SearchAction","target":{"@type":"EntryPoint","urlTemplate":"https:\/\/kidsplay.lt\/?s={search_term_string}"},"query-input":{"@type":"PropertyValueSpecification","valueRequired":true,"valueName":"search_term_string"}}],"inLanguage":"lv-LV"},{"@type":"Organization","@id":"https:\/\/kidsplay.lt\/#organization","name":"B\u0113rnu sp\u0113le","url":"https:\/\/kidsplay.lt\/","logo":{"@type":"ImageObject","inLanguage":"lv-LV","@id":"https:\/\/kidsplay.lt\/#\/schema\/logo\/image\/","url":"https:\/\/kidsplay.lt\/wp-content\/uploads\/2023\/07\/kidsplay-logo.png","contentUrl":"https:\/\/kidsplay.lt\/wp-content\/uploads\/2023\/07\/kidsplay-logo.png","width":451,"height":98,"caption":"KidsPlay"},"image":{"@id":"https:\/\/kidsplay.lt\/#\/schema\/logo\/image\/"},"sameAs":["https:\/\/www.facebook.com\/www.kidsplay.lt"]}]}},"_links":{"self":[{"href":"https:\/\/kidsplay.lt\/lv\/wp-json\/wp\/v2\/product\/89852","targetHints":{"allow":["GET"]}}],"collection":[{"href":"https:\/\/kidsplay.lt\/lv\/wp-json\/wp\/v2\/product"}],"about":[{"href":"https:\/\/kidsplay.lt\/lv\/wp-json\/wp\/v2\/types\/product"}],"version-history":[{"count":1,"href":"https:\/\/kidsplay.lt\/lv\/wp-json\/wp\/v2\/product\/89852\/revisions"}],"predecessor-version":[{"id":89853,"href":"https:\/\/kidsplay.lt\/lv\/wp-json\/wp\/v2\/product\/89852\/revisions\/89853"}],"wp:featuredmedia":[{"embeddable":true,"href":"https:\/\/kidsplay.lt\/lv\/wp-json\/wp\/v2\/media\/67369"}],"wp:attachment":[{"href":"https:\/\/kidsplay.lt\/lv\/wp-json\/wp\/v2\/media?parent=89852"}],"wp:term":[{"taxonomy":"product_brand","embeddable":true,"href":"https:\/\/kidsplay.lt\/lv\/wp-json\/wp\/v2\/product_brand?post=89852"},{"taxonomy":"product_cat","embeddable":true,"href":"https:\/\/kidsplay.lt\/lv\/wp-json\/wp\/v2\/product_cat?post=89852"},{"taxonomy":"product_tag","embeddable":true,"href":"https:\/\/kidsplay.lt\/lv\/wp-json\/wp\/v2\/product_tag?post=89852"}],"curies":[{"name":"wp","href":"https:\/\/api.w.org\/{rel}","templated":true}]}}