{"id":89858,"date":"2026-02-26T09:32:19","date_gmt":"2026-02-26T07:32:19","guid":{"rendered":"https:\/\/kidsplay.lt\/produktas\/2in1-krepsinio-rinkinys-futbolo-vartai-kamuoliai-ir-pompa\/"},"modified":"2026-04-13T15:09:36","modified_gmt":"2026-04-13T12:09:36","slug":"2in1-krepsinio-rinkinys-futbolo-vartai-kamuoliai-ir-pompa","status":"publish","type":"product","link":"https:\/\/kidsplay.lt\/lv\/products\/2in1-krepsinio-rinkinys-futbolo-vartai-kamuoliai-ir-pompa\/","title":{"rendered":"2in1 krep\u0161inio rinkinys Futbolo vartai + kamuoliai ir pompa"},"content":{"rendered":"<p>Woopie\u00a0rinkinys 2in1\u00a0yra auk\u0161tos kokyb\u0117s rinkinys, kuriame dera\u00a0dvi\u00a0disciplinos \u2013 futbolas ir krep\u0161inis.\u00a0Sporto rinkinys vaikams yra puikus b\u016bdas paskatinti vaikus b\u016bti fizi\u0161kai aktyviems.\u00a0Surinkimas lengvas\u00a0, o\u00a0konstrukcija stabili\u00a0. Gamyboje naudojamos med\u017eiagos yra draugi\u0161kos vaikams. Krep\u0161inio kamuoliuko auk\u0161tis yra 125 cm, tod\u0117l tai idealus sprendimas patiems ma\u017eiausiems \u017eaid\u0117jams.\u00a0Rinkin\u012f galima naudoti tiek viduje, tiek lauke\u00a0, tod\u0117l j\u016bs\u0173 vaikas gal\u0117s m\u0117gautis veikla nepriklausomai nuo oro s\u0105lyg\u0173.<\/p>\n<p>Raksturojums:<\/p>\n<p> \t&#8211; \u017daislas nuo 3 met\u0173<br \/>\n \t&#8211; Pilnas sporto komplektas: krep\u0161inis + futbolo vartai + kamuolys<br \/>\n \t&#8211; Lengvas surinkimas<br \/>\n \t&#8211;\u00a0Patvari konstrukcija puikiai tinka \u017eaidimams viduje arba lauke<br \/>\n \t&#8211; \u017demas\u00a0triuk\u0161mo\u00a0lygis<br \/>\n \t&#8211; Skatinu\/mobilizuoju vaikus sportuoti<br \/>\n \t&#8211; Vaiko\u00a0stambiosios motorikos\u00a0ugdymas<\/p>","protected":false},"excerpt":{"rendered":"<p>Woopie\u00a0rinkinys 2in1\u00a0yra auk\u0161tos kokyb\u0117s rinkinys, kuriame dera\u00a0dvi\u00a0disciplinos \u2013 futbolas ir krep\u0161inis.\u00a0Sporto rinkinys vaikams yra puikus b\u016bdas paskatinti vaikus b\u016bti fizi\u0161kai<\/p>","protected":false},"featured_media":56568,"template":"","meta":{"_acf_changed":false,"_glsr_average":0,"_glsr_ranking":0,"_glsr_reviews":0},"product_brand":[],"product_cat":[233,430],"product_tag":[],"class_list":{"0":"post-89858","1":"product","2":"type-product","3":"status-publish","4":"has-post-thumbnail","6":"product_cat-lauko-pramogos","7":"product_cat-zaidimai-ir-linksmybes","8":"\"style=\"background-color: #2ecc711c;\"","10":"first","11":"instock","12":"purchasable","13":"product-type-simple"},"acf":[],"yoast_head":"<!-- This site is optimized with the Yoast SEO plugin v27.3 - https:\/\/yoast.com\/product\/yoast-seo-wordpress\/ -->\n<title>2in1 krep\u0161inio rinkinys Futbolo vartai + kamuoliai ir pompa<\/title>\n<meta name=\"description\" content=\"2in1 krep\u0161inio rinkinys Futbolo vartai + kamuoliai ir pompa - KidsPlay. Did\u017eiausias vaik\u0173 \u017eaisl\u0173 pasirinkimas.\" \/>\n<meta name=\"robots\" content=\"index, follow, max-snippet:-1, max-image-preview:large, max-video-preview:-1\" \/>\n<link rel=\"canonical\" href=\"https:\/\/kidsplay.lt\/lv\/products\/2in1-krepsinio-rinkinys-futbolo-vartai-kamuoliai-ir-pompa\/\" \/>\n<meta property=\"og:locale\" content=\"lv_LV\" \/>\n<meta property=\"og:type\" content=\"article\" \/>\n<meta property=\"og:title\" content=\"2in1 krep\u0161inio rinkinys Futbolo vartai + kamuoliai ir pompa\" \/>\n<meta property=\"og:description\" content=\"2in1 krep\u0161inio rinkinys Futbolo vartai + kamuoliai ir pompa - KidsPlay. Did\u017eiausias vaik\u0173 \u017eaisl\u0173 pasirinkimas.\" \/>\n<meta property=\"og:url\" content=\"https:\/\/kidsplay.lt\/lv\/products\/2in1-krepsinio-rinkinys-futbolo-vartai-kamuoliai-ir-pompa\/\" \/>\n<meta property=\"og:site_name\" content=\"KidsPlay\" \/>\n<meta property=\"article:publisher\" content=\"https:\/\/www.facebook.com\/www.kidsplay.lt\" \/>\n<meta property=\"article:modified_time\" content=\"2026-04-13T12:09:36+00:00\" \/>\n<meta property=\"og:image\" content=\"https:\/\/kidsplay.lt\/wp-content\/uploads\/2024\/09\/2in1-krepsinio-rinkinys-Futbolo-vartai-kamuoliai-ir-pompa.jpg\" \/>\n\t<meta property=\"og:image:width\" content=\"1000\" \/>\n\t<meta property=\"og:image:height\" content=\"1000\" \/>\n\t<meta property=\"og:image:type\" content=\"image\/jpeg\" \/>\n<meta name=\"twitter:card\" content=\"summary_large_image\" \/>\n<meta name=\"twitter:label1\" content=\"Est. reading time\" \/>\n\t<meta name=\"twitter:data1\" content=\"1 min\u016bte\" \/>\n<script type=\"application\/ld+json\" class=\"yoast-schema-graph\">{\"@context\":\"https:\\\/\\\/schema.org\",\"@graph\":[{\"@type\":\"WebPage\",\"@id\":\"https:\\\/\\\/kidsplay.lt\\\/produktas\\\/2in1-krepsinio-rinkinys-futbolo-vartai-kamuoliai-ir-pompa\\\/\",\"url\":\"https:\\\/\\\/kidsplay.lt\\\/produktas\\\/2in1-krepsinio-rinkinys-futbolo-vartai-kamuoliai-ir-pompa\\\/\",\"name\":\"2in1 krep\u0161inio rinkinys Futbolo vartai + kamuoliai ir pompa\",\"isPartOf\":{\"@id\":\"https:\\\/\\\/kidsplay.lt\\\/#website\"},\"primaryImageOfPage\":{\"@id\":\"https:\\\/\\\/kidsplay.lt\\\/produktas\\\/2in1-krepsinio-rinkinys-futbolo-vartai-kamuoliai-ir-pompa\\\/#primaryimage\"},\"image\":{\"@id\":\"https:\\\/\\\/kidsplay.lt\\\/produktas\\\/2in1-krepsinio-rinkinys-futbolo-vartai-kamuoliai-ir-pompa\\\/#primaryimage\"},\"thumbnailUrl\":\"https:\\\/\\\/kidsplay.lt\\\/wp-content\\\/uploads\\\/2024\\\/09\\\/2in1-krepsinio-rinkinys-Futbolo-vartai-kamuoliai-ir-pompa.jpg\",\"datePublished\":\"2026-02-26T07:32:19+00:00\",\"dateModified\":\"2026-04-13T12:09:36+00:00\",\"description\":\"2in1 krep\u0161inio rinkinys Futbolo vartai + kamuoliai ir pompa - KidsPlay. Did\u017eiausias vaik\u0173 \u017eaisl\u0173 pasirinkimas.\",\"breadcrumb\":{\"@id\":\"https:\\\/\\\/kidsplay.lt\\\/produktas\\\/2in1-krepsinio-rinkinys-futbolo-vartai-kamuoliai-ir-pompa\\\/#breadcrumb\"},\"inLanguage\":\"lv-LV\",\"potentialAction\":[{\"@type\":\"ReadAction\",\"target\":[\"https:\\\/\\\/kidsplay.lt\\\/produktas\\\/2in1-krepsinio-rinkinys-futbolo-vartai-kamuoliai-ir-pompa\\\/\"]}]},{\"@type\":\"ImageObject\",\"inLanguage\":\"lv-LV\",\"@id\":\"https:\\\/\\\/kidsplay.lt\\\/produktas\\\/2in1-krepsinio-rinkinys-futbolo-vartai-kamuoliai-ir-pompa\\\/#primaryimage\",\"url\":\"https:\\\/\\\/kidsplay.lt\\\/wp-content\\\/uploads\\\/2024\\\/09\\\/2in1-krepsinio-rinkinys-Futbolo-vartai-kamuoliai-ir-pompa.jpg\",\"contentUrl\":\"https:\\\/\\\/kidsplay.lt\\\/wp-content\\\/uploads\\\/2024\\\/09\\\/2in1-krepsinio-rinkinys-Futbolo-vartai-kamuoliai-ir-pompa.jpg\",\"width\":1000,\"height\":1000,\"caption\":\"2in1 krep\u0161inio rinkinys Futbolo vartai + kamuoliai ir pompa\"},{\"@type\":\"BreadcrumbList\",\"@id\":\"https:\\\/\\\/kidsplay.lt\\\/produktas\\\/2in1-krepsinio-rinkinys-futbolo-vartai-kamuoliai-ir-pompa\\\/#breadcrumb\",\"itemListElement\":[{\"@type\":\"ListItem\",\"position\":1,\"name\":\"Pagrindinis\",\"item\":\"https:\\\/\\\/kidsplay.lt\\\/\"},{\"@type\":\"ListItem\",\"position\":2,\"name\":\"Parduotuv\u0117\",\"item\":\"https:\\\/\\\/kidsplay.lt\\\/parduotuve\\\/\"},{\"@type\":\"ListItem\",\"position\":3,\"name\":\"2in1 krep\u0161inio rinkinys Futbolo vartai + kamuoliai ir pompa\"}]},{\"@type\":\"WebSite\",\"@id\":\"https:\\\/\\\/kidsplay.lt\\\/#website\",\"url\":\"https:\\\/\\\/kidsplay.lt\\\/\",\"name\":\"Kidsplay.lt\",\"description\":\"\u012evairios prek\u0117s vaikams\",\"publisher\":{\"@id\":\"https:\\\/\\\/kidsplay.lt\\\/#organization\"},\"alternateName\":\"Kidsplay\",\"potentialAction\":[{\"@type\":\"SearchAction\",\"target\":{\"@type\":\"EntryPoint\",\"urlTemplate\":\"https:\\\/\\\/kidsplay.lt\\\/?s={search_term_string}\"},\"query-input\":{\"@type\":\"PropertyValueSpecification\",\"valueRequired\":true,\"valueName\":\"search_term_string\"}}],\"inLanguage\":\"lv-LV\"},{\"@type\":\"Organization\",\"@id\":\"https:\\\/\\\/kidsplay.lt\\\/#organization\",\"name\":\"KidsPlay\",\"url\":\"https:\\\/\\\/kidsplay.lt\\\/\",\"logo\":{\"@type\":\"ImageObject\",\"inLanguage\":\"lv-LV\",\"@id\":\"https:\\\/\\\/kidsplay.lt\\\/#\\\/schema\\\/logo\\\/image\\\/\",\"url\":\"https:\\\/\\\/kidsplay.lt\\\/wp-content\\\/uploads\\\/2023\\\/07\\\/kidsplay-logo.png\",\"contentUrl\":\"https:\\\/\\\/kidsplay.lt\\\/wp-content\\\/uploads\\\/2023\\\/07\\\/kidsplay-logo.png\",\"width\":451,\"height\":98,\"caption\":\"KidsPlay\"},\"image\":{\"@id\":\"https:\\\/\\\/kidsplay.lt\\\/#\\\/schema\\\/logo\\\/image\\\/\"},\"sameAs\":[\"https:\\\/\\\/www.facebook.com\\\/www.kidsplay.lt\"]}]}<\/script>\n<!-- \/ Yoast SEO plugin. -->","yoast_head_json":{"title":"2in1 krep\u0161inio rinkinys Futbolo vartai + kamuoliai ir pompa","description":"2in1 krep\u0161inio rinkinys Futbolo vartai + kamuoliai ir pompa - KidsPlay. Did\u017eiausias vaik\u0173 \u017eaisl\u0173 pasirinkimas.","robots":{"index":"index","follow":"follow","max-snippet":"max-snippet:-1","max-image-preview":"max-image-preview:large","max-video-preview":"max-video-preview:-1"},"canonical":"https:\/\/kidsplay.lt\/lv\/products\/2in1-krepsinio-rinkinys-futbolo-vartai-kamuoliai-ir-pompa\/","og_locale":"lv_LV","og_type":"article","og_title":"2in1 krep\u0161inio rinkinys Futbolo vartai + kamuoliai ir pompa","og_description":"2in1 krep\u0161inio rinkinys Futbolo vartai + kamuoliai ir pompa - KidsPlay. Did\u017eiausias vaik\u0173 \u017eaisl\u0173 pasirinkimas.","og_url":"https:\/\/kidsplay.lt\/lv\/products\/2in1-krepsinio-rinkinys-futbolo-vartai-kamuoliai-ir-pompa\/","og_site_name":"KidsPlay","article_publisher":"https:\/\/www.facebook.com\/www.kidsplay.lt","article_modified_time":"2026-04-13T12:09:36+00:00","og_image":[{"width":1000,"height":1000,"url":"https:\/\/kidsplay.lt\/wp-content\/uploads\/2024\/09\/2in1-krepsinio-rinkinys-Futbolo-vartai-kamuoliai-ir-pompa.jpg","type":"image\/jpeg"}],"twitter_card":"summary_large_image","twitter_misc":{"Est. reading time":"1 min\u016bte"},"schema":{"@context":"https:\/\/schema.org","@graph":[{"@type":"WebPage","@id":"https:\/\/kidsplay.lt\/produktas\/2in1-krepsinio-rinkinys-futbolo-vartai-kamuoliai-ir-pompa\/","url":"https:\/\/kidsplay.lt\/produktas\/2in1-krepsinio-rinkinys-futbolo-vartai-kamuoliai-ir-pompa\/","name":"2in1 krep\u0161inio rinkinys Futbolo vartai + kamuoliai ir pompa","isPartOf":{"@id":"https:\/\/kidsplay.lt\/#website"},"primaryImageOfPage":{"@id":"https:\/\/kidsplay.lt\/produktas\/2in1-krepsinio-rinkinys-futbolo-vartai-kamuoliai-ir-pompa\/#primaryimage"},"image":{"@id":"https:\/\/kidsplay.lt\/produktas\/2in1-krepsinio-rinkinys-futbolo-vartai-kamuoliai-ir-pompa\/#primaryimage"},"thumbnailUrl":"https:\/\/kidsplay.lt\/wp-content\/uploads\/2024\/09\/2in1-krepsinio-rinkinys-Futbolo-vartai-kamuoliai-ir-pompa.jpg","datePublished":"2026-02-26T07:32:19+00:00","dateModified":"2026-04-13T12:09:36+00:00","description":"2in1 krep\u0161inio rinkinys Futbolo vartai + kamuoliai ir pompa - KidsPlay. Did\u017eiausias vaik\u0173 \u017eaisl\u0173 pasirinkimas.","breadcrumb":{"@id":"https:\/\/kidsplay.lt\/produktas\/2in1-krepsinio-rinkinys-futbolo-vartai-kamuoliai-ir-pompa\/#breadcrumb"},"inLanguage":"lv-LV","potentialAction":[{"@type":"ReadAction","target":["https:\/\/kidsplay.lt\/produktas\/2in1-krepsinio-rinkinys-futbolo-vartai-kamuoliai-ir-pompa\/"]}]},{"@type":"ImageObject","inLanguage":"lv-LV","@id":"https:\/\/kidsplay.lt\/produktas\/2in1-krepsinio-rinkinys-futbolo-vartai-kamuoliai-ir-pompa\/#primaryimage","url":"https:\/\/kidsplay.lt\/wp-content\/uploads\/2024\/09\/2in1-krepsinio-rinkinys-Futbolo-vartai-kamuoliai-ir-pompa.jpg","contentUrl":"https:\/\/kidsplay.lt\/wp-content\/uploads\/2024\/09\/2in1-krepsinio-rinkinys-Futbolo-vartai-kamuoliai-ir-pompa.jpg","width":1000,"height":1000,"caption":"2in1 krep\u0161inio rinkinys Futbolo vartai + kamuoliai ir pompa"},{"@type":"BreadcrumbList","@id":"https:\/\/kidsplay.lt\/produktas\/2in1-krepsinio-rinkinys-futbolo-vartai-kamuoliai-ir-pompa\/#breadcrumb","itemListElement":[{"@type":"ListItem","position":1,"name":"Pagrindinis","item":"https:\/\/kidsplay.lt\/"},{"@type":"ListItem","position":2,"name":"Parduotuv\u0117","item":"https:\/\/kidsplay.lt\/parduotuve\/"},{"@type":"ListItem","position":3,"name":"2in1 krep\u0161inio rinkinys Futbolo vartai + kamuoliai ir pompa"}]},{"@type":"WebSite","@id":"https:\/\/kidsplay.lt\/#website","url":"https:\/\/kidsplay.lt\/","name":"B\u0113rnu sp\u0113les.lv","description":"\u012evairios prek\u0117s vaikams","publisher":{"@id":"https:\/\/kidsplay.lt\/#organization"},"alternateName":"Kidsplay","potentialAction":[{"@type":"SearchAction","target":{"@type":"EntryPoint","urlTemplate":"https:\/\/kidsplay.lt\/?s={search_term_string}"},"query-input":{"@type":"PropertyValueSpecification","valueRequired":true,"valueName":"search_term_string"}}],"inLanguage":"lv-LV"},{"@type":"Organization","@id":"https:\/\/kidsplay.lt\/#organization","name":"B\u0113rnu sp\u0113le","url":"https:\/\/kidsplay.lt\/","logo":{"@type":"ImageObject","inLanguage":"lv-LV","@id":"https:\/\/kidsplay.lt\/#\/schema\/logo\/image\/","url":"https:\/\/kidsplay.lt\/wp-content\/uploads\/2023\/07\/kidsplay-logo.png","contentUrl":"https:\/\/kidsplay.lt\/wp-content\/uploads\/2023\/07\/kidsplay-logo.png","width":451,"height":98,"caption":"KidsPlay"},"image":{"@id":"https:\/\/kidsplay.lt\/#\/schema\/logo\/image\/"},"sameAs":["https:\/\/www.facebook.com\/www.kidsplay.lt"]}]}},"_links":{"self":[{"href":"https:\/\/kidsplay.lt\/lv\/wp-json\/wp\/v2\/product\/89858","targetHints":{"allow":["GET"]}}],"collection":[{"href":"https:\/\/kidsplay.lt\/lv\/wp-json\/wp\/v2\/product"}],"about":[{"href":"https:\/\/kidsplay.lt\/lv\/wp-json\/wp\/v2\/types\/product"}],"version-history":[{"count":1,"href":"https:\/\/kidsplay.lt\/lv\/wp-json\/wp\/v2\/product\/89858\/revisions"}],"predecessor-version":[{"id":89859,"href":"https:\/\/kidsplay.lt\/lv\/wp-json\/wp\/v2\/product\/89858\/revisions\/89859"}],"wp:featuredmedia":[{"embeddable":true,"href":"https:\/\/kidsplay.lt\/lv\/wp-json\/wp\/v2\/media\/56568"}],"wp:attachment":[{"href":"https:\/\/kidsplay.lt\/lv\/wp-json\/wp\/v2\/media?parent=89858"}],"wp:term":[{"taxonomy":"product_brand","embeddable":true,"href":"https:\/\/kidsplay.lt\/lv\/wp-json\/wp\/v2\/product_brand?post=89858"},{"taxonomy":"product_cat","embeddable":true,"href":"https:\/\/kidsplay.lt\/lv\/wp-json\/wp\/v2\/product_cat?post=89858"},{"taxonomy":"product_tag","embeddable":true,"href":"https:\/\/kidsplay.lt\/lv\/wp-json\/wp\/v2\/product_tag?post=89858"}],"curies":[{"name":"wp","href":"https:\/\/api.w.org\/{rel}","templated":true}]}}