{"id":89864,"date":"2026-02-26T09:32:27","date_gmt":"2026-02-26T07:32:27","guid":{"rendered":"https:\/\/kidsplay.lt\/produktas\/didelis-iskylu-stalas-vaikams\/"},"modified":"2026-04-13T15:09:42","modified_gmt":"2026-04-13T12:09:42","slug":"didelis-iskylu-stalas-vaikams","status":"publish","type":"product","link":"https:\/\/kidsplay.lt\/lv\/products\/didelis-iskylu-stalas-vaikams\/","title":{"rendered":"Didelis i\u0161kyl\u0173 \u200b\u200b\u200b\u200bstalas vaikams"},"content":{"rendered":"<p>Didelis \u017ealias pikniko stalas,\u00a0sukurtas gerbiamo \u017eaisl\u0173 gamintojo Little\u00a0\u00a0Tikes.\u00a0\u00a0\u00a0Vientisas i\u0161kyl\u0173 \u200b\u200b\u200b\u200bstalas skirtas naudoti tiek namuose, tiek sode. Puikiai tinka visoms u\u017eduotims ir linksmyb\u0117ms. Tai puiki vieta atsipalaiduoti ar pavalgyti lauke.<\/p>\n<p>Raksturojums:<\/p>\n<p> \tsuapvalinti kra\u0161tai\u00a0u\u017etikrins J\u016bs\u0173 vaiko saugum\u0105 \u017eaid\u017eiant,<br \/>\n \tgaminys pagamintas i\u0161\u00a0auk\u0161tos kokyb\u0117s med\u017eiagos,\u00a0atsparios oro s\u0105lygoms,<br \/>\n \tlengva palaikyti \u0161var\u0105,<br \/>\n \tstalas skirtas\u00a06 vaikams,<br \/>\n \tdid\u017eiausias vieno vaiko svoris: 36 kg.<\/p>\n<p>Little Tikes\u00a0gaminiai\u00a0\u00a0\u00a0\u017einomi ir m\u0117gstami visuose \u017eemynuose, daugelyje nam\u0173 tarp begal\u0117s besi\u0161ypsan\u010di\u0173 vaik\u0173 ir patenkint\u0173 t\u0117v\u0173.\u00a0\u00a0Little Tikes\u00a0\u00a0gamina gaminius, kurie garantuoja visus b\u016btinus saugos standartus. Atsi\u017evelgiant \u012f gamini\u0173 ilgaam\u017ei\u0161kum\u0105, \u017eaislai suprojektuoti ir pagaminti naudojant tinkamiausi\u0105 technologij\u0105, tai yra \u201erotomolding\u201c, garantuojant\u012f puik\u0173 malonum\u0105 ilgus metus.<\/p>","protected":false},"excerpt":{"rendered":"<p>Didelis \u017ealias pikniko stalas,\u00a0sukurtas gerbiamo \u017eaisl\u0173 gamintojo Little\u00a0\u00a0Tikes.\u00a0\u00a0\u00a0Vientisas i\u0161kyl\u0173 \u200b\u200b\u200b\u200bstalas skirtas naudoti tiek namuose, tiek sode. Puikiai tinka visoms u\u017eduotims<\/p>","protected":false},"featured_media":56585,"template":"","meta":{"_acf_changed":false,"_glsr_average":0,"_glsr_ranking":0,"_glsr_reviews":0},"product_brand":[],"product_cat":[233,234],"product_tag":[],"class_list":{"0":"post-89864","1":"product","2":"type-product","3":"status-publish","4":"has-post-thumbnail","6":"product_cat-lauko-pramogos","7":"product_cat-vaikiski-nameliai","8":"\"style=\"background-color: #2ecc711c;\"","10":"first","11":"instock","12":"purchasable","13":"product-type-simple"},"acf":[],"yoast_head":"<!-- This site is optimized with the Yoast SEO plugin v27.3 - https:\/\/yoast.com\/product\/yoast-seo-wordpress\/ -->\n<title>Didelis i\u0161kyl\u0173 \u200b\u200b\u200b\u200bstalas vaikams<\/title>\n<meta name=\"description\" content=\"Didelis i\u0161kyl\u0173 \u200b\u200b\u200b\u200bstalas vaikams - KidsPlay. Did\u017eiausias vaik\u0173 \u017eaisl\u0173 pasirinkimas.\" \/>\n<meta name=\"robots\" content=\"index, follow, max-snippet:-1, max-image-preview:large, max-video-preview:-1\" \/>\n<link rel=\"canonical\" href=\"https:\/\/kidsplay.lt\/lv\/products\/didelis-iskylu-stalas-vaikams\/\" \/>\n<meta property=\"og:locale\" content=\"lv_LV\" \/>\n<meta property=\"og:type\" content=\"article\" \/>\n<meta property=\"og:title\" content=\"Didelis i\u0161kyl\u0173 \u200b\u200b\u200b\u200bstalas vaikams\" \/>\n<meta property=\"og:description\" content=\"Didelis i\u0161kyl\u0173 \u200b\u200b\u200b\u200bstalas vaikams - KidsPlay. Did\u017eiausias vaik\u0173 \u017eaisl\u0173 pasirinkimas.\" \/>\n<meta property=\"og:url\" content=\"https:\/\/kidsplay.lt\/lv\/products\/didelis-iskylu-stalas-vaikams\/\" \/>\n<meta property=\"og:site_name\" content=\"KidsPlay\" \/>\n<meta property=\"article:publisher\" content=\"https:\/\/www.facebook.com\/www.kidsplay.lt\" \/>\n<meta property=\"article:modified_time\" content=\"2026-04-13T12:09:42+00:00\" \/>\n<meta property=\"og:image\" content=\"https:\/\/kidsplay.lt\/wp-content\/uploads\/2024\/09\/Didelis-iskylu-\u200b\u200b\u200b\u200bstalas-vaikams.jpg\" \/>\n\t<meta property=\"og:image:width\" content=\"600\" \/>\n\t<meta property=\"og:image:height\" content=\"600\" \/>\n\t<meta property=\"og:image:type\" content=\"image\/jpeg\" \/>\n<meta name=\"twitter:card\" content=\"summary_large_image\" \/>\n<meta name=\"twitter:label1\" content=\"Est. reading time\" \/>\n\t<meta name=\"twitter:data1\" content=\"1 min\u016bte\" \/>\n<script type=\"application\/ld+json\" class=\"yoast-schema-graph\">{\"@context\":\"https:\\\/\\\/schema.org\",\"@graph\":[{\"@type\":\"WebPage\",\"@id\":\"https:\\\/\\\/kidsplay.lt\\\/produktas\\\/didelis-iskylu-stalas-vaikams\\\/\",\"url\":\"https:\\\/\\\/kidsplay.lt\\\/produktas\\\/didelis-iskylu-stalas-vaikams\\\/\",\"name\":\"Didelis i\u0161kyl\u0173 \u200b\u200b\u200b\u200bstalas vaikams\",\"isPartOf\":{\"@id\":\"https:\\\/\\\/kidsplay.lt\\\/#website\"},\"primaryImageOfPage\":{\"@id\":\"https:\\\/\\\/kidsplay.lt\\\/produktas\\\/didelis-iskylu-stalas-vaikams\\\/#primaryimage\"},\"image\":{\"@id\":\"https:\\\/\\\/kidsplay.lt\\\/produktas\\\/didelis-iskylu-stalas-vaikams\\\/#primaryimage\"},\"thumbnailUrl\":\"https:\\\/\\\/kidsplay.lt\\\/wp-content\\\/uploads\\\/2024\\\/09\\\/Didelis-iskylu-\u200b\u200b\u200b\u200bstalas-vaikams.jpg\",\"datePublished\":\"2026-02-26T07:32:27+00:00\",\"dateModified\":\"2026-04-13T12:09:42+00:00\",\"description\":\"Didelis i\u0161kyl\u0173 \u200b\u200b\u200b\u200bstalas vaikams - KidsPlay. Did\u017eiausias vaik\u0173 \u017eaisl\u0173 pasirinkimas.\",\"breadcrumb\":{\"@id\":\"https:\\\/\\\/kidsplay.lt\\\/produktas\\\/didelis-iskylu-stalas-vaikams\\\/#breadcrumb\"},\"inLanguage\":\"lv-LV\",\"potentialAction\":[{\"@type\":\"ReadAction\",\"target\":[\"https:\\\/\\\/kidsplay.lt\\\/produktas\\\/didelis-iskylu-stalas-vaikams\\\/\"]}]},{\"@type\":\"ImageObject\",\"inLanguage\":\"lv-LV\",\"@id\":\"https:\\\/\\\/kidsplay.lt\\\/produktas\\\/didelis-iskylu-stalas-vaikams\\\/#primaryimage\",\"url\":\"https:\\\/\\\/kidsplay.lt\\\/wp-content\\\/uploads\\\/2024\\\/09\\\/Didelis-iskylu-\u200b\u200b\u200b\u200bstalas-vaikams.jpg\",\"contentUrl\":\"https:\\\/\\\/kidsplay.lt\\\/wp-content\\\/uploads\\\/2024\\\/09\\\/Didelis-iskylu-\u200b\u200b\u200b\u200bstalas-vaikams.jpg\",\"width\":600,\"height\":600,\"caption\":\"Didelis i\u0161kyl\u0173 \u200b\u200b\u200b\u200bstalas vaikams\"},{\"@type\":\"BreadcrumbList\",\"@id\":\"https:\\\/\\\/kidsplay.lt\\\/produktas\\\/didelis-iskylu-stalas-vaikams\\\/#breadcrumb\",\"itemListElement\":[{\"@type\":\"ListItem\",\"position\":1,\"name\":\"Pagrindinis\",\"item\":\"https:\\\/\\\/kidsplay.lt\\\/\"},{\"@type\":\"ListItem\",\"position\":2,\"name\":\"Parduotuv\u0117\",\"item\":\"https:\\\/\\\/kidsplay.lt\\\/parduotuve\\\/\"},{\"@type\":\"ListItem\",\"position\":3,\"name\":\"Didelis i\u0161kyl\u0173 \u200b\u200b\u200b\u200bstalas vaikams\"}]},{\"@type\":\"WebSite\",\"@id\":\"https:\\\/\\\/kidsplay.lt\\\/#website\",\"url\":\"https:\\\/\\\/kidsplay.lt\\\/\",\"name\":\"Kidsplay.lt\",\"description\":\"\u012evairios prek\u0117s vaikams\",\"publisher\":{\"@id\":\"https:\\\/\\\/kidsplay.lt\\\/#organization\"},\"alternateName\":\"Kidsplay\",\"potentialAction\":[{\"@type\":\"SearchAction\",\"target\":{\"@type\":\"EntryPoint\",\"urlTemplate\":\"https:\\\/\\\/kidsplay.lt\\\/?s={search_term_string}\"},\"query-input\":{\"@type\":\"PropertyValueSpecification\",\"valueRequired\":true,\"valueName\":\"search_term_string\"}}],\"inLanguage\":\"lv-LV\"},{\"@type\":\"Organization\",\"@id\":\"https:\\\/\\\/kidsplay.lt\\\/#organization\",\"name\":\"KidsPlay\",\"url\":\"https:\\\/\\\/kidsplay.lt\\\/\",\"logo\":{\"@type\":\"ImageObject\",\"inLanguage\":\"lv-LV\",\"@id\":\"https:\\\/\\\/kidsplay.lt\\\/#\\\/schema\\\/logo\\\/image\\\/\",\"url\":\"https:\\\/\\\/kidsplay.lt\\\/wp-content\\\/uploads\\\/2023\\\/07\\\/kidsplay-logo.png\",\"contentUrl\":\"https:\\\/\\\/kidsplay.lt\\\/wp-content\\\/uploads\\\/2023\\\/07\\\/kidsplay-logo.png\",\"width\":451,\"height\":98,\"caption\":\"KidsPlay\"},\"image\":{\"@id\":\"https:\\\/\\\/kidsplay.lt\\\/#\\\/schema\\\/logo\\\/image\\\/\"},\"sameAs\":[\"https:\\\/\\\/www.facebook.com\\\/www.kidsplay.lt\"]}]}<\/script>\n<!-- \/ Yoast SEO plugin. -->","yoast_head_json":{"title":"Didelis i\u0161kyl\u0173 \u200b\u200b\u200b\u200bstalas vaikams","description":"Didelis i\u0161kyl\u0173 \u200b\u200b\u200b\u200bstalas vaikams - KidsPlay. Did\u017eiausias vaik\u0173 \u017eaisl\u0173 pasirinkimas.","robots":{"index":"index","follow":"follow","max-snippet":"max-snippet:-1","max-image-preview":"max-image-preview:large","max-video-preview":"max-video-preview:-1"},"canonical":"https:\/\/kidsplay.lt\/lv\/products\/didelis-iskylu-stalas-vaikams\/","og_locale":"lv_LV","og_type":"article","og_title":"Didelis i\u0161kyl\u0173 \u200b\u200b\u200b\u200bstalas vaikams","og_description":"Didelis i\u0161kyl\u0173 \u200b\u200b\u200b\u200bstalas vaikams - KidsPlay. Did\u017eiausias vaik\u0173 \u017eaisl\u0173 pasirinkimas.","og_url":"https:\/\/kidsplay.lt\/lv\/products\/didelis-iskylu-stalas-vaikams\/","og_site_name":"KidsPlay","article_publisher":"https:\/\/www.facebook.com\/www.kidsplay.lt","article_modified_time":"2026-04-13T12:09:42+00:00","og_image":[{"width":600,"height":600,"url":"https:\/\/kidsplay.lt\/wp-content\/uploads\/2024\/09\/Didelis-iskylu-\u200b\u200b\u200b\u200bstalas-vaikams.jpg","type":"image\/jpeg"}],"twitter_card":"summary_large_image","twitter_misc":{"Est. reading time":"1 min\u016bte"},"schema":{"@context":"https:\/\/schema.org","@graph":[{"@type":"WebPage","@id":"https:\/\/kidsplay.lt\/produktas\/didelis-iskylu-stalas-vaikams\/","url":"https:\/\/kidsplay.lt\/produktas\/didelis-iskylu-stalas-vaikams\/","name":"Didelis i\u0161kyl\u0173 \u200b\u200b\u200b\u200bstalas vaikams","isPartOf":{"@id":"https:\/\/kidsplay.lt\/#website"},"primaryImageOfPage":{"@id":"https:\/\/kidsplay.lt\/produktas\/didelis-iskylu-stalas-vaikams\/#primaryimage"},"image":{"@id":"https:\/\/kidsplay.lt\/produktas\/didelis-iskylu-stalas-vaikams\/#primaryimage"},"thumbnailUrl":"https:\/\/kidsplay.lt\/wp-content\/uploads\/2024\/09\/Didelis-iskylu-\u200b\u200b\u200b\u200bstalas-vaikams.jpg","datePublished":"2026-02-26T07:32:27+00:00","dateModified":"2026-04-13T12:09:42+00:00","description":"Didelis i\u0161kyl\u0173 \u200b\u200b\u200b\u200bstalas vaikams - KidsPlay. Did\u017eiausias vaik\u0173 \u017eaisl\u0173 pasirinkimas.","breadcrumb":{"@id":"https:\/\/kidsplay.lt\/produktas\/didelis-iskylu-stalas-vaikams\/#breadcrumb"},"inLanguage":"lv-LV","potentialAction":[{"@type":"ReadAction","target":["https:\/\/kidsplay.lt\/produktas\/didelis-iskylu-stalas-vaikams\/"]}]},{"@type":"ImageObject","inLanguage":"lv-LV","@id":"https:\/\/kidsplay.lt\/produktas\/didelis-iskylu-stalas-vaikams\/#primaryimage","url":"https:\/\/kidsplay.lt\/wp-content\/uploads\/2024\/09\/Didelis-iskylu-\u200b\u200b\u200b\u200bstalas-vaikams.jpg","contentUrl":"https:\/\/kidsplay.lt\/wp-content\/uploads\/2024\/09\/Didelis-iskylu-\u200b\u200b\u200b\u200bstalas-vaikams.jpg","width":600,"height":600,"caption":"Didelis i\u0161kyl\u0173 \u200b\u200b\u200b\u200bstalas vaikams"},{"@type":"BreadcrumbList","@id":"https:\/\/kidsplay.lt\/produktas\/didelis-iskylu-stalas-vaikams\/#breadcrumb","itemListElement":[{"@type":"ListItem","position":1,"name":"Pagrindinis","item":"https:\/\/kidsplay.lt\/"},{"@type":"ListItem","position":2,"name":"Parduotuv\u0117","item":"https:\/\/kidsplay.lt\/parduotuve\/"},{"@type":"ListItem","position":3,"name":"Didelis i\u0161kyl\u0173 \u200b\u200b\u200b\u200bstalas vaikams"}]},{"@type":"WebSite","@id":"https:\/\/kidsplay.lt\/#website","url":"https:\/\/kidsplay.lt\/","name":"B\u0113rnu sp\u0113les.lv","description":"\u012evairios prek\u0117s vaikams","publisher":{"@id":"https:\/\/kidsplay.lt\/#organization"},"alternateName":"Kidsplay","potentialAction":[{"@type":"SearchAction","target":{"@type":"EntryPoint","urlTemplate":"https:\/\/kidsplay.lt\/?s={search_term_string}"},"query-input":{"@type":"PropertyValueSpecification","valueRequired":true,"valueName":"search_term_string"}}],"inLanguage":"lv-LV"},{"@type":"Organization","@id":"https:\/\/kidsplay.lt\/#organization","name":"B\u0113rnu sp\u0113le","url":"https:\/\/kidsplay.lt\/","logo":{"@type":"ImageObject","inLanguage":"lv-LV","@id":"https:\/\/kidsplay.lt\/#\/schema\/logo\/image\/","url":"https:\/\/kidsplay.lt\/wp-content\/uploads\/2023\/07\/kidsplay-logo.png","contentUrl":"https:\/\/kidsplay.lt\/wp-content\/uploads\/2023\/07\/kidsplay-logo.png","width":451,"height":98,"caption":"KidsPlay"},"image":{"@id":"https:\/\/kidsplay.lt\/#\/schema\/logo\/image\/"},"sameAs":["https:\/\/www.facebook.com\/www.kidsplay.lt"]}]}},"_links":{"self":[{"href":"https:\/\/kidsplay.lt\/lv\/wp-json\/wp\/v2\/product\/89864","targetHints":{"allow":["GET"]}}],"collection":[{"href":"https:\/\/kidsplay.lt\/lv\/wp-json\/wp\/v2\/product"}],"about":[{"href":"https:\/\/kidsplay.lt\/lv\/wp-json\/wp\/v2\/types\/product"}],"version-history":[{"count":1,"href":"https:\/\/kidsplay.lt\/lv\/wp-json\/wp\/v2\/product\/89864\/revisions"}],"predecessor-version":[{"id":89865,"href":"https:\/\/kidsplay.lt\/lv\/wp-json\/wp\/v2\/product\/89864\/revisions\/89865"}],"wp:featuredmedia":[{"embeddable":true,"href":"https:\/\/kidsplay.lt\/lv\/wp-json\/wp\/v2\/media\/56585"}],"wp:attachment":[{"href":"https:\/\/kidsplay.lt\/lv\/wp-json\/wp\/v2\/media?parent=89864"}],"wp:term":[{"taxonomy":"product_brand","embeddable":true,"href":"https:\/\/kidsplay.lt\/lv\/wp-json\/wp\/v2\/product_brand?post=89864"},{"taxonomy":"product_cat","embeddable":true,"href":"https:\/\/kidsplay.lt\/lv\/wp-json\/wp\/v2\/product_cat?post=89864"},{"taxonomy":"product_tag","embeddable":true,"href":"https:\/\/kidsplay.lt\/lv\/wp-json\/wp\/v2\/product_tag?post=89864"}],"curies":[{"name":"wp","href":"https:\/\/api.w.org\/{rel}","templated":true}]}}