{"id":89866,"date":"2026-02-26T09:32:29","date_gmt":"2026-02-26T07:32:29","guid":{"rendered":"https:\/\/kidsplay.lt\/produktas\/vandens-ciuozykla-190-cm\/"},"modified":"2026-03-23T08:58:48","modified_gmt":"2026-03-23T06:58:48","slug":"vandens-ciuozykla-190-cm","status":"publish","type":"product","link":"https:\/\/kidsplay.lt\/lv\/products\/vandens-ciuozykla-190-cm\/","title":{"rendered":"Vandens \u010diuo\u017eykla 190 cm"},"content":{"rendered":"<p>Ispanijos prek\u0117s \u017eenklo Feber laisvalaikio \u010diuo\u017eykla\u00a0vaikams nuo 3 met\u0173.\u00a0Saugum\u0105 u\u017etikrins\u00a0190 cm ilgio \u010diuo\u017eykla\u00a0, patogios\u00a0kop\u0117\u010dios su ranken\u0117l\u0117mis\u00a0vaikui \u012flipti\u00a0. Prie \u010diuo\u017eyklos galima prijungti sodo \u017earn\u0105, o\u00a0kar\u0161tomis dienomis puikiai tinka\u00a0vandens \u017eaidim\u0173 aik\u0161tel\u0117\u00a0. Gaminys pagamintas i\u0161 patvaraus ir atsparaus plastiko, padengto\u00a0ANTI-UV danga\u00a0, apsaugan\u010dia nuo i\u0161blukimo.<\/p>\n<p>Raksturojums:<\/p>\n<p> \t&#8211; \u010ciuo\u017eykla yra su\u00a0190 cm ilgio \u010diuo\u017eykla\u00a0,<br \/>\n \t&#8211;\u00a0Prie \u010diuo\u017eyklos galima prijungti sodo \u017earn\u0105\u00a0,<br \/>\n \t&#8211;\u00a0Auk\u0161tos \u0161onin\u0117s sienel\u0117s\u00a0ir\u00a0u\u017eapvalinti kra\u0161tai\u00a0leid\u017eia patogiai ir saugiai \u017eaisti,<br \/>\n \t&#8211; Taip pat yra modernios formos laipteliai,\u00a0\u012fmontuotos rankenos\u00a0, specialiai\u00a0profiliuotas atlo\u0161as\u00a0ir platus,\u00a0stabilus pagrindas\u00a0,<br \/>\n \t&#8211; Plastikas padengtas\u00a0UV danga\u00a0, kuri ilg\u0105 laik\u0105 i\u0161laikys spalvos kokyb\u0119,<br \/>\n \t&#8211; maksimali apkrova\u00a0iki 30 kg.<\/p>","protected":false},"excerpt":{"rendered":"<p>Ispanijos prek\u0117s \u017eenklo Feber laisvalaikio \u010diuo\u017eykla\u00a0vaikams nuo 3 met\u0173.\u00a0Saugum\u0105 u\u017etikrins\u00a0190 cm ilgio \u010diuo\u017eykla\u00a0, patogios\u00a0kop\u0117\u010dios su ranken\u0117l\u0117mis\u00a0vaikui \u012flipti\u00a0. Prie \u010diuo\u017eyklos galima<\/p>","protected":false},"featured_media":56604,"template":"","meta":{"_acf_changed":false,"_glsr_average":0,"_glsr_ranking":0,"_glsr_reviews":0},"product_brand":[],"product_cat":[432,233],"product_tag":[],"class_list":{"0":"post-89866","1":"product","2":"type-product","3":"status-publish","4":"has-post-thumbnail","6":"product_cat-ciuozyklos","7":"product_cat-lauko-pramogos","8":"\"style=\"background-color: #2ecc711c;\"","10":"first","11":"outofstock","12":"purchasable","13":"product-type-simple"},"acf":[],"yoast_head":"<!-- This site is optimized with the Yoast SEO plugin v27.4 - https:\/\/yoast.com\/product\/yoast-seo-wordpress\/ -->\n<title>Vandens \u010diuo\u017eykla 190 cm<\/title>\n<meta name=\"description\" content=\"Vandens \u010diuo\u017eykla 190 cm - KidsPlay. Did\u017eiausias vaik\u0173 \u017eaisl\u0173 pasirinkimas.\" \/>\n<meta name=\"robots\" content=\"index, follow, max-snippet:-1, max-image-preview:large, max-video-preview:-1\" \/>\n<link rel=\"canonical\" href=\"https:\/\/kidsplay.lt\/lv\/products\/vandens-ciuozykla-190-cm\/\" \/>\n<meta property=\"og:locale\" content=\"lv_LV\" \/>\n<meta property=\"og:type\" content=\"article\" \/>\n<meta property=\"og:title\" content=\"Vandens \u010diuo\u017eykla 190 cm\" \/>\n<meta property=\"og:description\" content=\"Vandens \u010diuo\u017eykla 190 cm - KidsPlay. Did\u017eiausias vaik\u0173 \u017eaisl\u0173 pasirinkimas.\" \/>\n<meta property=\"og:url\" content=\"https:\/\/kidsplay.lt\/lv\/products\/vandens-ciuozykla-190-cm\/\" \/>\n<meta property=\"og:site_name\" content=\"KidsPlay\" \/>\n<meta property=\"article:publisher\" content=\"https:\/\/www.facebook.com\/www.kidsplay.lt\" \/>\n<meta property=\"article:modified_time\" content=\"2026-03-23T06:58:48+00:00\" \/>\n<meta property=\"og:image\" content=\"https:\/\/kidsplay.lt\/wp-content\/uploads\/2024\/09\/Vandens-ciuozykla-190-cm.jpg\" \/>\n\t<meta property=\"og:image:width\" content=\"1000\" \/>\n\t<meta property=\"og:image:height\" content=\"1000\" \/>\n\t<meta property=\"og:image:type\" content=\"image\/jpeg\" \/>\n<meta name=\"twitter:card\" content=\"summary_large_image\" \/>\n<meta name=\"twitter:label1\" content=\"Est. reading time\" \/>\n\t<meta name=\"twitter:data1\" content=\"1 min\u016bte\" \/>\n<script type=\"application\/ld+json\" class=\"yoast-schema-graph\">{\"@context\":\"https:\\\/\\\/schema.org\",\"@graph\":[{\"@type\":\"WebPage\",\"@id\":\"https:\\\/\\\/kidsplay.lt\\\/produktas\\\/vandens-ciuozykla-190-cm\\\/\",\"url\":\"https:\\\/\\\/kidsplay.lt\\\/produktas\\\/vandens-ciuozykla-190-cm\\\/\",\"name\":\"Vandens \u010diuo\u017eykla 190 cm\",\"isPartOf\":{\"@id\":\"https:\\\/\\\/kidsplay.lt\\\/#website\"},\"primaryImageOfPage\":{\"@id\":\"https:\\\/\\\/kidsplay.lt\\\/produktas\\\/vandens-ciuozykla-190-cm\\\/#primaryimage\"},\"image\":{\"@id\":\"https:\\\/\\\/kidsplay.lt\\\/produktas\\\/vandens-ciuozykla-190-cm\\\/#primaryimage\"},\"thumbnailUrl\":\"https:\\\/\\\/kidsplay.lt\\\/wp-content\\\/uploads\\\/2024\\\/09\\\/Vandens-ciuozykla-190-cm.jpg\",\"datePublished\":\"2026-02-26T07:32:29+00:00\",\"dateModified\":\"2026-03-23T06:58:48+00:00\",\"description\":\"Vandens \u010diuo\u017eykla 190 cm - KidsPlay. Did\u017eiausias vaik\u0173 \u017eaisl\u0173 pasirinkimas.\",\"breadcrumb\":{\"@id\":\"https:\\\/\\\/kidsplay.lt\\\/produktas\\\/vandens-ciuozykla-190-cm\\\/#breadcrumb\"},\"inLanguage\":\"lv-LV\",\"potentialAction\":[{\"@type\":\"ReadAction\",\"target\":[\"https:\\\/\\\/kidsplay.lt\\\/produktas\\\/vandens-ciuozykla-190-cm\\\/\"]}]},{\"@type\":\"ImageObject\",\"inLanguage\":\"lv-LV\",\"@id\":\"https:\\\/\\\/kidsplay.lt\\\/produktas\\\/vandens-ciuozykla-190-cm\\\/#primaryimage\",\"url\":\"https:\\\/\\\/kidsplay.lt\\\/wp-content\\\/uploads\\\/2024\\\/09\\\/Vandens-ciuozykla-190-cm.jpg\",\"contentUrl\":\"https:\\\/\\\/kidsplay.lt\\\/wp-content\\\/uploads\\\/2024\\\/09\\\/Vandens-ciuozykla-190-cm.jpg\",\"width\":1000,\"height\":1000,\"caption\":\"Vandens \u010diuo\u017eykla 190 cm\"},{\"@type\":\"BreadcrumbList\",\"@id\":\"https:\\\/\\\/kidsplay.lt\\\/produktas\\\/vandens-ciuozykla-190-cm\\\/#breadcrumb\",\"itemListElement\":[{\"@type\":\"ListItem\",\"position\":1,\"name\":\"Pagrindinis\",\"item\":\"https:\\\/\\\/kidsplay.lt\\\/\"},{\"@type\":\"ListItem\",\"position\":2,\"name\":\"Parduotuv\u0117\",\"item\":\"https:\\\/\\\/kidsplay.lt\\\/parduotuve\\\/\"},{\"@type\":\"ListItem\",\"position\":3,\"name\":\"Vandens \u010diuo\u017eykla 190 cm\"}]},{\"@type\":\"WebSite\",\"@id\":\"https:\\\/\\\/kidsplay.lt\\\/#website\",\"url\":\"https:\\\/\\\/kidsplay.lt\\\/\",\"name\":\"Kidsplay.lt\",\"description\":\"\u012evairios prek\u0117s vaikams\",\"publisher\":{\"@id\":\"https:\\\/\\\/kidsplay.lt\\\/#organization\"},\"alternateName\":\"Kidsplay\",\"potentialAction\":[{\"@type\":\"SearchAction\",\"target\":{\"@type\":\"EntryPoint\",\"urlTemplate\":\"https:\\\/\\\/kidsplay.lt\\\/?s={search_term_string}\"},\"query-input\":{\"@type\":\"PropertyValueSpecification\",\"valueRequired\":true,\"valueName\":\"search_term_string\"}}],\"inLanguage\":\"lv-LV\"},{\"@type\":\"Organization\",\"@id\":\"https:\\\/\\\/kidsplay.lt\\\/#organization\",\"name\":\"KidsPlay\",\"url\":\"https:\\\/\\\/kidsplay.lt\\\/\",\"logo\":{\"@type\":\"ImageObject\",\"inLanguage\":\"lv-LV\",\"@id\":\"https:\\\/\\\/kidsplay.lt\\\/#\\\/schema\\\/logo\\\/image\\\/\",\"url\":\"https:\\\/\\\/kidsplay.lt\\\/wp-content\\\/uploads\\\/2023\\\/07\\\/kidsplay-logo.png\",\"contentUrl\":\"https:\\\/\\\/kidsplay.lt\\\/wp-content\\\/uploads\\\/2023\\\/07\\\/kidsplay-logo.png\",\"width\":451,\"height\":98,\"caption\":\"KidsPlay\"},\"image\":{\"@id\":\"https:\\\/\\\/kidsplay.lt\\\/#\\\/schema\\\/logo\\\/image\\\/\"},\"sameAs\":[\"https:\\\/\\\/www.facebook.com\\\/www.kidsplay.lt\"]}]}<\/script>\n<!-- \/ Yoast SEO plugin. -->","yoast_head_json":{"title":"Vandens \u010diuo\u017eykla 190 cm","description":"Vandens \u010diuo\u017eykla 190 cm - KidsPlay. Did\u017eiausias vaik\u0173 \u017eaisl\u0173 pasirinkimas.","robots":{"index":"index","follow":"follow","max-snippet":"max-snippet:-1","max-image-preview":"max-image-preview:large","max-video-preview":"max-video-preview:-1"},"canonical":"https:\/\/kidsplay.lt\/lv\/products\/vandens-ciuozykla-190-cm\/","og_locale":"lv_LV","og_type":"article","og_title":"Vandens \u010diuo\u017eykla 190 cm","og_description":"Vandens \u010diuo\u017eykla 190 cm - KidsPlay. Did\u017eiausias vaik\u0173 \u017eaisl\u0173 pasirinkimas.","og_url":"https:\/\/kidsplay.lt\/lv\/products\/vandens-ciuozykla-190-cm\/","og_site_name":"KidsPlay","article_publisher":"https:\/\/www.facebook.com\/www.kidsplay.lt","article_modified_time":"2026-03-23T06:58:48+00:00","og_image":[{"width":1000,"height":1000,"url":"https:\/\/kidsplay.lt\/wp-content\/uploads\/2024\/09\/Vandens-ciuozykla-190-cm.jpg","type":"image\/jpeg"}],"twitter_card":"summary_large_image","twitter_misc":{"Est. reading time":"1 min\u016bte"},"schema":{"@context":"https:\/\/schema.org","@graph":[{"@type":"WebPage","@id":"https:\/\/kidsplay.lt\/produktas\/vandens-ciuozykla-190-cm\/","url":"https:\/\/kidsplay.lt\/produktas\/vandens-ciuozykla-190-cm\/","name":"Vandens \u010diuo\u017eykla 190 cm","isPartOf":{"@id":"https:\/\/kidsplay.lt\/#website"},"primaryImageOfPage":{"@id":"https:\/\/kidsplay.lt\/produktas\/vandens-ciuozykla-190-cm\/#primaryimage"},"image":{"@id":"https:\/\/kidsplay.lt\/produktas\/vandens-ciuozykla-190-cm\/#primaryimage"},"thumbnailUrl":"https:\/\/kidsplay.lt\/wp-content\/uploads\/2024\/09\/Vandens-ciuozykla-190-cm.jpg","datePublished":"2026-02-26T07:32:29+00:00","dateModified":"2026-03-23T06:58:48+00:00","description":"Vandens \u010diuo\u017eykla 190 cm - KidsPlay. Did\u017eiausias vaik\u0173 \u017eaisl\u0173 pasirinkimas.","breadcrumb":{"@id":"https:\/\/kidsplay.lt\/produktas\/vandens-ciuozykla-190-cm\/#breadcrumb"},"inLanguage":"lv-LV","potentialAction":[{"@type":"ReadAction","target":["https:\/\/kidsplay.lt\/produktas\/vandens-ciuozykla-190-cm\/"]}]},{"@type":"ImageObject","inLanguage":"lv-LV","@id":"https:\/\/kidsplay.lt\/produktas\/vandens-ciuozykla-190-cm\/#primaryimage","url":"https:\/\/kidsplay.lt\/wp-content\/uploads\/2024\/09\/Vandens-ciuozykla-190-cm.jpg","contentUrl":"https:\/\/kidsplay.lt\/wp-content\/uploads\/2024\/09\/Vandens-ciuozykla-190-cm.jpg","width":1000,"height":1000,"caption":"Vandens \u010diuo\u017eykla 190 cm"},{"@type":"BreadcrumbList","@id":"https:\/\/kidsplay.lt\/produktas\/vandens-ciuozykla-190-cm\/#breadcrumb","itemListElement":[{"@type":"ListItem","position":1,"name":"Pagrindinis","item":"https:\/\/kidsplay.lt\/"},{"@type":"ListItem","position":2,"name":"Parduotuv\u0117","item":"https:\/\/kidsplay.lt\/parduotuve\/"},{"@type":"ListItem","position":3,"name":"Vandens \u010diuo\u017eykla 190 cm"}]},{"@type":"WebSite","@id":"https:\/\/kidsplay.lt\/#website","url":"https:\/\/kidsplay.lt\/","name":"B\u0113rnu sp\u0113les.lv","description":"\u012evairios prek\u0117s vaikams","publisher":{"@id":"https:\/\/kidsplay.lt\/#organization"},"alternateName":"Kidsplay","potentialAction":[{"@type":"SearchAction","target":{"@type":"EntryPoint","urlTemplate":"https:\/\/kidsplay.lt\/?s={search_term_string}"},"query-input":{"@type":"PropertyValueSpecification","valueRequired":true,"valueName":"search_term_string"}}],"inLanguage":"lv-LV"},{"@type":"Organization","@id":"https:\/\/kidsplay.lt\/#organization","name":"B\u0113rnu sp\u0113le","url":"https:\/\/kidsplay.lt\/","logo":{"@type":"ImageObject","inLanguage":"lv-LV","@id":"https:\/\/kidsplay.lt\/#\/schema\/logo\/image\/","url":"https:\/\/kidsplay.lt\/wp-content\/uploads\/2023\/07\/kidsplay-logo.png","contentUrl":"https:\/\/kidsplay.lt\/wp-content\/uploads\/2023\/07\/kidsplay-logo.png","width":451,"height":98,"caption":"KidsPlay"},"image":{"@id":"https:\/\/kidsplay.lt\/#\/schema\/logo\/image\/"},"sameAs":["https:\/\/www.facebook.com\/www.kidsplay.lt"]}]}},"_links":{"self":[{"href":"https:\/\/kidsplay.lt\/lv\/wp-json\/wp\/v2\/product\/89866","targetHints":{"allow":["GET"]}}],"collection":[{"href":"https:\/\/kidsplay.lt\/lv\/wp-json\/wp\/v2\/product"}],"about":[{"href":"https:\/\/kidsplay.lt\/lv\/wp-json\/wp\/v2\/types\/product"}],"version-history":[{"count":1,"href":"https:\/\/kidsplay.lt\/lv\/wp-json\/wp\/v2\/product\/89866\/revisions"}],"predecessor-version":[{"id":89867,"href":"https:\/\/kidsplay.lt\/lv\/wp-json\/wp\/v2\/product\/89866\/revisions\/89867"}],"wp:featuredmedia":[{"embeddable":true,"href":"https:\/\/kidsplay.lt\/lv\/wp-json\/wp\/v2\/media\/56604"}],"wp:attachment":[{"href":"https:\/\/kidsplay.lt\/lv\/wp-json\/wp\/v2\/media?parent=89866"}],"wp:term":[{"taxonomy":"product_brand","embeddable":true,"href":"https:\/\/kidsplay.lt\/lv\/wp-json\/wp\/v2\/product_brand?post=89866"},{"taxonomy":"product_cat","embeddable":true,"href":"https:\/\/kidsplay.lt\/lv\/wp-json\/wp\/v2\/product_cat?post=89866"},{"taxonomy":"product_tag","embeddable":true,"href":"https:\/\/kidsplay.lt\/lv\/wp-json\/wp\/v2\/product_tag?post=89866"}],"curies":[{"name":"wp","href":"https:\/\/api.w.org\/{rel}","templated":true}]}}